{"id":111583,"date":"2018-07-23T16:07:25","date_gmt":"2018-07-23T16:07:25","guid":{"rendered":"https:\/\/iha-race.com\/producto\/saco-torvol-freestyle\/"},"modified":"2026-03-23T18:02:53","modified_gmt":"2026-03-23T17:02:53","slug":"torvol-quad-pitstop-bag","status":"publish","type":"product","link":"https:\/\/iha-race.com\/pt-pt\/produto\/torvol-quad-pitstop-bag\/","title":{"rendered":"Saco Torvol Freestyle"},"content":{"rendered":"<h2><strong>O saco de zang\u00e3o mais vers\u00e1til do mercado.<\/strong><\/h2>\n<p>  O saco Torvol Freestyle \u00e9 um saco FPV cheio de funcionalidades. Trata-se de uma <strong>configura\u00e7\u00e3o de<\/strong> produto <strong>3<\/strong> em <strong>1<\/strong>. Por conseguinte, as fundas quadcopter <strong>mais vers\u00e1teis<\/strong> do mercado. Pronto a rasgar! Adapta-se ao transmissor, ferramentas, acess\u00f3rios, LiPo e pe\u00e7as sobressalentes no interior <b>. <\/b> Usa os \u00f3culos de prote\u00e7\u00e3o e um quadriciclo <b>no exterior <\/b>, utilizando a correia Quad. <b>Ou <\/b>instala o transmissor, ferramentas, acess\u00f3rios, LiPo e pe\u00e7as sobresselentes <b>no interior. <\/b><br \/>\n\u00d3culos de prote\u00e7\u00e3o e 2 quadriciclos <b>no exterior <\/b>utilizando a correia Quad adicional (vendida em separado). <b>Ou <\/b>instala o quadriciclo, as ferramentas, os acess\u00f3rios, a LiPo e as pe\u00e7as sobresselentes no interior <b>. <\/b>  Vidros e transmissor <b>no exterior <\/b>utilizando a caixa do transmissor adicional (vendido separadamente). O desenho \u00fanico cria um saco vers\u00e1til com muitas caracter\u00edsticas adicionais. O inteligente fecho Torvol oferece um acesso r\u00e1pido e louco ao seu equipamento. E quando totalmente aberta, cria a \u00e1rea de trabalho Torvol PITSTOP para repara\u00e7\u00f5es r\u00e1pidas. A bolsa protectora do LiPo no exterior protege o LiPo de danos e facilita a r\u00e1pida substitui\u00e7\u00e3o da bateria. A correia de funda \u00e9 convertida numa correia de voo utilizando os clipes do transmissor fornecidos.  <\/p>\n<h3 class=\"elementor-headline elementor-headline-animation-type-slide-down\" style=\"text-align: center;\"><\/h3>\n<p><iframe title=\"Torvol Freestyle Bag\" width=\"1200\" height=\"675\" src=\"https:\/\/www.youtube.com\/embed\/qMMI0KUeOl8?feature=oembed\" frameborder=\"0\" allow=\"accelerometer; autoplay; clipboard-write; encrypted-media; gyroscope; picture-in-picture; web-share\" referrerpolicy=\"strict-origin-when-cross-origin\" allowfullscreen><\/iframe><br \/>\n &nbsp;<\/p>\n","protected":false},"excerpt":{"rendered":"<p>O saco de zang\u00e3o mais vers\u00e1til do mercado. O saco Torvol Freestyle \u00e9 um saco FPV cheio de funcionalidades. Trata-se de uma configura\u00e7\u00e3o de produto 3 em 1. Por conseguinte,<\/p>\n","protected":false},"featured_media":84036,"comment_status":"open","ping_status":"closed","template":"","meta":{"_joinchat":[]},"pwb-brand":[],"product_cat":[1083,1249,1166],"product_tag":[],"class_list":{"0":"post-111583","1":"product","2":"type-product","3":"status-publish","4":"has-post-thumbnail","6":"product_cat-acessorios","7":"product_cat-emissoras","8":"product_cat-mochilas-fpv","10":"first","11":"instock","12":"sale","13":"featured","14":"taxable","15":"shipping-taxable","16":"purchasable","17":"product-type-simple"},"barcode":null,"atum_controlled":true,"out_stock_date":null,"out_stock_threshold":null,"inheritable":false,"stock_on_hold":0,"sold_today":0,"sales_last_days":0,"out_stock_days":0,"lost_sales":0,"update_date":"2026-04-25T20:28:29","atum_locations":[],"atum_stock_status":"instock","restock_status":false,"low_stock_amount":0,"sales_update_date":"2026-04-25T20:28:29","calc_backorders":null,"yoast_head":"<!-- This site is optimized with the Yoast SEO plugin v27.3 - https:\/\/yoast.com\/product\/yoast-seo-wordpress\/ -->\n<title>Saco Torvol Freestyle - Iha Race<\/title>\n<meta name=\"robots\" content=\"index, follow, max-snippet:-1, max-image-preview:large, max-video-preview:-1\" \/>\n<link rel=\"canonical\" href=\"https:\/\/iha-race.com\/pt-pt\/produto\/torvol-quad-pitstop-bag\/\" \/>\n<meta property=\"og:locale\" content=\"pt_PT\" \/>\n<meta property=\"og:type\" content=\"article\" \/>\n<meta property=\"og:title\" content=\"Saco Torvol Freestyle - Iha Race\" \/>\n<meta property=\"og:description\" content=\"O saco de zang\u00e3o mais vers\u00e1til do mercado. O saco Torvol Freestyle \u00e9 um saco FPV cheio de funcionalidades. Trata-se de uma configura\u00e7\u00e3o de produto 3 em 1. Por conseguinte,\" \/>\n<meta property=\"og:url\" content=\"https:\/\/iha-race.com\/pt-pt\/produto\/torvol-quad-pitstop-bag\/\" \/>\n<meta property=\"og:site_name\" content=\"Iha Race\" \/>\n<meta property=\"article:modified_time\" content=\"2026-03-23T17:02:53+00:00\" \/>\n<meta property=\"og:image\" content=\"https:\/\/iha-race.com\/wp-content\/uploads\/2018\/07\/FREESTYLE-BAG1.jpg\" \/>\n\t<meta property=\"og:image:width\" content=\"2160\" \/>\n\t<meta property=\"og:image:height\" content=\"2160\" \/>\n\t<meta property=\"og:image:type\" content=\"image\/jpeg\" \/>\n<meta name=\"twitter:card\" content=\"summary_large_image\" \/>\n<meta name=\"twitter:label1\" content=\"Tempo estimado de leitura\" \/>\n\t<meta name=\"twitter:data1\" content=\"1 minuto\" \/>\n<script type=\"application\/ld+json\" class=\"yoast-schema-graph\">{\"@context\":\"https:\\\/\\\/schema.org\",\"@graph\":[{\"@type\":\"WebPage\",\"@id\":\"https:\\\/\\\/iha-race.com\\\/pt-pt\\\/produto\\\/torvol-quad-pitstop-bag\\\/\",\"url\":\"https:\\\/\\\/iha-race.com\\\/pt-pt\\\/produto\\\/torvol-quad-pitstop-bag\\\/\",\"name\":\"Saco Torvol Freestyle - Iha Race\",\"isPartOf\":{\"@id\":\"https:\\\/\\\/iha-race.com\\\/pt-pt\\\/#website\"},\"primaryImageOfPage\":{\"@id\":\"https:\\\/\\\/iha-race.com\\\/pt-pt\\\/produto\\\/torvol-quad-pitstop-bag\\\/#primaryimage\"},\"image\":{\"@id\":\"https:\\\/\\\/iha-race.com\\\/pt-pt\\\/produto\\\/torvol-quad-pitstop-bag\\\/#primaryimage\"},\"thumbnailUrl\":\"https:\\\/\\\/iha-race.com\\\/wp-content\\\/uploads\\\/2018\\\/07\\\/FREESTYLE-BAG1.jpg\",\"datePublished\":\"2018-07-23T16:07:25+00:00\",\"dateModified\":\"2026-03-23T17:02:53+00:00\",\"breadcrumb\":{\"@id\":\"https:\\\/\\\/iha-race.com\\\/pt-pt\\\/produto\\\/torvol-quad-pitstop-bag\\\/#breadcrumb\"},\"inLanguage\":\"pt-PT\",\"potentialAction\":[{\"@type\":\"ReadAction\",\"target\":[\"https:\\\/\\\/iha-race.com\\\/pt-pt\\\/produto\\\/torvol-quad-pitstop-bag\\\/\"]}]},{\"@type\":\"ImageObject\",\"inLanguage\":\"pt-PT\",\"@id\":\"https:\\\/\\\/iha-race.com\\\/pt-pt\\\/produto\\\/torvol-quad-pitstop-bag\\\/#primaryimage\",\"url\":\"https:\\\/\\\/iha-race.com\\\/wp-content\\\/uploads\\\/2018\\\/07\\\/FREESTYLE-BAG1.jpg\",\"contentUrl\":\"https:\\\/\\\/iha-race.com\\\/wp-content\\\/uploads\\\/2018\\\/07\\\/FREESTYLE-BAG1.jpg\",\"width\":2160,\"height\":2160,\"caption\":\"Saco Torvol Freestyle\"},{\"@type\":\"BreadcrumbList\",\"@id\":\"https:\\\/\\\/iha-race.com\\\/pt-pt\\\/produto\\\/torvol-quad-pitstop-bag\\\/#breadcrumb\",\"itemListElement\":[{\"@type\":\"ListItem\",\"position\":1,\"name\":\"Portada\",\"item\":\"https:\\\/\\\/iha-race.com\\\/pt-pt\\\/\"},{\"@type\":\"ListItem\",\"position\":2,\"name\":\"Shop\",\"item\":\"https:\\\/\\\/iha-race.com\\\/pt-pt\\\/shop\\\/\"},{\"@type\":\"ListItem\",\"position\":3,\"name\":\"Saco Torvol Freestyle\"}]},{\"@type\":\"WebSite\",\"@id\":\"https:\\\/\\\/iha-race.com\\\/pt-pt\\\/#website\",\"url\":\"https:\\\/\\\/iha-race.com\\\/pt-pt\\\/\",\"name\":\"Iha Race\",\"description\":\"Comprar drones de carreras FPV env\u00edos en un d\u00eda desde Espa\u00f1a\",\"publisher\":{\"@id\":\"https:\\\/\\\/iha-race.com\\\/pt-pt\\\/#organization\"},\"potentialAction\":[{\"@type\":\"SearchAction\",\"target\":{\"@type\":\"EntryPoint\",\"urlTemplate\":\"https:\\\/\\\/iha-race.com\\\/pt-pt\\\/?s={search_term_string}\"},\"query-input\":{\"@type\":\"PropertyValueSpecification\",\"valueRequired\":true,\"valueName\":\"search_term_string\"}}],\"inLanguage\":\"pt-PT\"},{\"@type\":\"Organization\",\"@id\":\"https:\\\/\\\/iha-race.com\\\/pt-pt\\\/#organization\",\"name\":\"Iha Race\",\"url\":\"https:\\\/\\\/iha-race.com\\\/pt-pt\\\/\",\"logo\":{\"@type\":\"ImageObject\",\"inLanguage\":\"pt-PT\",\"@id\":\"https:\\\/\\\/iha-race.com\\\/pt-pt\\\/#\\\/schema\\\/logo\\\/image\\\/\",\"url\":\"https:\\\/\\\/iha-race.com\\\/wp-content\\\/uploads\\\/2018\\\/07\\\/iha-race-drones-de-carreras-tienda-comprar-drones.png\",\"contentUrl\":\"https:\\\/\\\/iha-race.com\\\/wp-content\\\/uploads\\\/2018\\\/07\\\/iha-race-drones-de-carreras-tienda-comprar-drones.png\",\"width\":300,\"height\":100,\"caption\":\"Iha Race\"},\"image\":{\"@id\":\"https:\\\/\\\/iha-race.com\\\/pt-pt\\\/#\\\/schema\\\/logo\\\/image\\\/\"}}]}<\/script>\n<!-- \/ Yoast SEO plugin. -->","yoast_head_json":{"title":"Saco Torvol Freestyle - Iha Race","robots":{"index":"index","follow":"follow","max-snippet":"max-snippet:-1","max-image-preview":"max-image-preview:large","max-video-preview":"max-video-preview:-1"},"canonical":"https:\/\/iha-race.com\/pt-pt\/produto\/torvol-quad-pitstop-bag\/","og_locale":"pt_PT","og_type":"article","og_title":"Saco Torvol Freestyle - Iha Race","og_description":"O saco de zang\u00e3o mais vers\u00e1til do mercado. O saco Torvol Freestyle \u00e9 um saco FPV cheio de funcionalidades. Trata-se de uma configura\u00e7\u00e3o de produto 3 em 1. Por conseguinte,","og_url":"https:\/\/iha-race.com\/pt-pt\/produto\/torvol-quad-pitstop-bag\/","og_site_name":"Iha Race","article_modified_time":"2026-03-23T17:02:53+00:00","og_image":[{"width":2160,"height":2160,"url":"https:\/\/iha-race.com\/wp-content\/uploads\/2018\/07\/FREESTYLE-BAG1.jpg","type":"image\/jpeg"}],"twitter_card":"summary_large_image","twitter_misc":{"Tempo estimado de leitura":"1 minuto"},"schema":{"@context":"https:\/\/schema.org","@graph":[{"@type":"WebPage","@id":"https:\/\/iha-race.com\/pt-pt\/produto\/torvol-quad-pitstop-bag\/","url":"https:\/\/iha-race.com\/pt-pt\/produto\/torvol-quad-pitstop-bag\/","name":"Saco Torvol Freestyle - Iha Race","isPartOf":{"@id":"https:\/\/iha-race.com\/pt-pt\/#website"},"primaryImageOfPage":{"@id":"https:\/\/iha-race.com\/pt-pt\/produto\/torvol-quad-pitstop-bag\/#primaryimage"},"image":{"@id":"https:\/\/iha-race.com\/pt-pt\/produto\/torvol-quad-pitstop-bag\/#primaryimage"},"thumbnailUrl":"https:\/\/iha-race.com\/wp-content\/uploads\/2018\/07\/FREESTYLE-BAG1.jpg","datePublished":"2018-07-23T16:07:25+00:00","dateModified":"2026-03-23T17:02:53+00:00","breadcrumb":{"@id":"https:\/\/iha-race.com\/pt-pt\/produto\/torvol-quad-pitstop-bag\/#breadcrumb"},"inLanguage":"pt-PT","potentialAction":[{"@type":"ReadAction","target":["https:\/\/iha-race.com\/pt-pt\/produto\/torvol-quad-pitstop-bag\/"]}]},{"@type":"ImageObject","inLanguage":"pt-PT","@id":"https:\/\/iha-race.com\/pt-pt\/produto\/torvol-quad-pitstop-bag\/#primaryimage","url":"https:\/\/iha-race.com\/wp-content\/uploads\/2018\/07\/FREESTYLE-BAG1.jpg","contentUrl":"https:\/\/iha-race.com\/wp-content\/uploads\/2018\/07\/FREESTYLE-BAG1.jpg","width":2160,"height":2160,"caption":"Saco Torvol Freestyle"},{"@type":"BreadcrumbList","@id":"https:\/\/iha-race.com\/pt-pt\/produto\/torvol-quad-pitstop-bag\/#breadcrumb","itemListElement":[{"@type":"ListItem","position":1,"name":"Portada","item":"https:\/\/iha-race.com\/pt-pt\/"},{"@type":"ListItem","position":2,"name":"Shop","item":"https:\/\/iha-race.com\/pt-pt\/shop\/"},{"@type":"ListItem","position":3,"name":"Saco Torvol Freestyle"}]},{"@type":"WebSite","@id":"https:\/\/iha-race.com\/pt-pt\/#website","url":"https:\/\/iha-race.com\/pt-pt\/","name":"Iha Race","description":"Comprar drones de carreras FPV env\u00edos en un d\u00eda desde Espa\u00f1a","publisher":{"@id":"https:\/\/iha-race.com\/pt-pt\/#organization"},"potentialAction":[{"@type":"SearchAction","target":{"@type":"EntryPoint","urlTemplate":"https:\/\/iha-race.com\/pt-pt\/?s={search_term_string}"},"query-input":{"@type":"PropertyValueSpecification","valueRequired":true,"valueName":"search_term_string"}}],"inLanguage":"pt-PT"},{"@type":"Organization","@id":"https:\/\/iha-race.com\/pt-pt\/#organization","name":"Iha Race","url":"https:\/\/iha-race.com\/pt-pt\/","logo":{"@type":"ImageObject","inLanguage":"pt-PT","@id":"https:\/\/iha-race.com\/pt-pt\/#\/schema\/logo\/image\/","url":"https:\/\/iha-race.com\/wp-content\/uploads\/2018\/07\/iha-race-drones-de-carreras-tienda-comprar-drones.png","contentUrl":"https:\/\/iha-race.com\/wp-content\/uploads\/2018\/07\/iha-race-drones-de-carreras-tienda-comprar-drones.png","width":300,"height":100,"caption":"Iha Race"},"image":{"@id":"https:\/\/iha-race.com\/pt-pt\/#\/schema\/logo\/image\/"}}]}},"jetpack_sharing_enabled":true,"brands":[],"_links":{"self":[{"href":"https:\/\/iha-race.com\/pt-pt\/wp-json\/wp\/v2\/product\/111583","targetHints":{"allow":["GET"]}}],"collection":[{"href":"https:\/\/iha-race.com\/pt-pt\/wp-json\/wp\/v2\/product"}],"about":[{"href":"https:\/\/iha-race.com\/pt-pt\/wp-json\/wp\/v2\/types\/product"}],"replies":[{"embeddable":true,"href":"https:\/\/iha-race.com\/pt-pt\/wp-json\/wp\/v2\/comments?post=111583"}],"version-history":[{"count":3,"href":"https:\/\/iha-race.com\/pt-pt\/wp-json\/wp\/v2\/product\/111583\/revisions"}],"predecessor-version":[{"id":250559,"href":"https:\/\/iha-race.com\/pt-pt\/wp-json\/wp\/v2\/product\/111583\/revisions\/250559"}],"wp:featuredmedia":[{"embeddable":true,"href":"https:\/\/iha-race.com\/pt-pt\/wp-json\/wp\/v2\/media\/84036"}],"wp:attachment":[{"href":"https:\/\/iha-race.com\/pt-pt\/wp-json\/wp\/v2\/media?parent=111583"}],"wp:term":[{"taxonomy":"pwb-brand","embeddable":true,"href":"https:\/\/iha-race.com\/pt-pt\/wp-json\/wp\/v2\/pwb-brand?post=111583"},{"taxonomy":"product_cat","embeddable":true,"href":"https:\/\/iha-race.com\/pt-pt\/wp-json\/wp\/v2\/product_cat?post=111583"},{"taxonomy":"product_tag","embeddable":true,"href":"https:\/\/iha-race.com\/pt-pt\/wp-json\/wp\/v2\/product_tag?post=111583"}],"curies":[{"name":"wp","href":"https:\/\/api.w.org\/{rel}","templated":true}]}}