{"id":111550,"date":"2018-07-23T16:32:19","date_gmt":"2018-07-23T16:32:19","guid":{"rendered":"https:\/\/iha-race.com\/producto\/gopro-sessao-de-montagem\/"},"modified":"2026-03-21T19:45:53","modified_gmt":"2026-03-21T18:45:53","slug":"gopro-session-support","status":"publish","type":"product","link":"https:\/\/iha-race.com\/pt-pt\/produto\/gopro-session-support\/","title":{"rendered":"GoPro Sess\u00e3o de montagem"},"content":{"rendered":"<h2>GoPro Sess\u00e3o de montagem<\/h2>\n<div>Com esta montagem personalizada GoPro drone para a sua Sess\u00e3o Gopro 4 ou Sess\u00e3o 5 pode gravar os seus v\u00eddeos praticamente sem vibra\u00e7\u00f5es gra\u00e7as ao seu material flex\u00edvel TPU.<\/div>\n<div><\/div>\n<div>Desfrute do n\u00edvel certo de protec\u00e7\u00e3o sem comprometer o peso ou a vis\u00e3o do seu gopro, pois mesmo com os modos SuperView os lados do gopro protector n\u00e3o s\u00e3o vis\u00edveis.<\/div>\n<div>Gra\u00e7as ao seu desenho simples, obtemos uma montagem \/ protector Gopro Session que pode instalar em qualquer zang\u00e3o simplesmente adicionando algumas flanges. A C\u00e2mara Gopro encaixa perfeitamente e ap\u00f3s muitos testes, descobrimos que est\u00e1 protegida e n\u00e3o voa para fora dos lados.<\/div>\n<div><\/div>\n<div>Al\u00e9m disso, como \u00e9 fixado com flanges, em caso de pancadas duras, as flanges podem partir-se e salvar o nosso gopro de uma pancada r\u00edgida e directa.<\/div>\n<div>\n<div><br class=\"inbox-inbox-Apple-interchange-newline\"><strong>Caracter\u00edsticas:<\/strong><\/div>\n<div>\n<ul>\n<li>Material: TPU<\/li>\n<li>Tipo de fabrico: impress\u00e3o em 3D<\/li>\n<\/ul>\n<\/div>\n<\/div>\n<div id=\"stylebot\" style=\"top: 0; height: 100%; position: fixed; z-index: 100000000; line-height: 20px;\"><\/div>\n<div id=\"stylebot\" style=\"top: 0; height: 100%; position: fixed; z-index: 100000000; line-height: 20px;\"><\/div>\n","protected":false},"excerpt":{"rendered":"<p>&nbsp;<\/p>\n<div id=\"stylebot\" style=\"top: 0; height: 100%; position: fixed; z-index: 100000000; line-height: 20px;\"><\/div>\n<div id=\"stylebot\" style=\"top: 0; height: 100%; position: fixed; z-index: 100000000; line-height: 20px;\"><\/div>\n","protected":false},"featured_media":93015,"comment_status":"open","ping_status":"closed","template":"","meta":{"_joinchat":[]},"pwb-brand":[],"product_cat":[1083,1168,1460,1458,1427],"product_tag":[],"class_list":{"0":"post-111550","1":"product","2":"type-product","3":"status-publish","4":"has-post-thumbnail","6":"product_cat-acessorios","7":"product_cat-camaras-fpv","8":"product_cat-fpv-pt-pt","9":"product_cat-fpv-drones","10":"product_cat-pecas-3d","12":"first","13":"instock","14":"taxable","15":"shipping-taxable","16":"purchasable","17":"product-type-variable"},"barcode":null,"atum_controlled":true,"out_stock_date":null,"out_stock_threshold":null,"inheritable":true,"stock_on_hold":0,"sold_today":1,"sales_last_days":1,"out_stock_days":0,"lost_sales":0,"update_date":"2026-04-08T10:17:18","atum_locations":[],"atum_stock_status":"instock","restock_status":false,"low_stock_amount":"","sales_update_date":"2026-04-08T10:17:18","calc_backorders":null,"yoast_head":"<!-- This site is optimized with the Yoast SEO plugin v27.3 - https:\/\/yoast.com\/product\/yoast-seo-wordpress\/ -->\n<title>GoPro Sess\u00e3o de montagem - Iha Race<\/title>\n<meta name=\"robots\" content=\"index, follow, max-snippet:-1, max-image-preview:large, max-video-preview:-1\" \/>\n<link rel=\"canonical\" href=\"https:\/\/iha-race.com\/pt-pt\/produto\/gopro-session-support\/\" \/>\n<meta property=\"og:locale\" content=\"pt_PT\" \/>\n<meta property=\"og:type\" content=\"article\" \/>\n<meta property=\"og:title\" content=\"GoPro Sess\u00e3o de montagem - Iha Race\" \/>\n<meta property=\"og:description\" content=\"&nbsp;\" \/>\n<meta property=\"og:url\" content=\"https:\/\/iha-race.com\/pt-pt\/produto\/gopro-session-support\/\" \/>\n<meta property=\"og:site_name\" content=\"Iha Race\" \/>\n<meta property=\"article:modified_time\" content=\"2026-03-21T18:45:53+00:00\" \/>\n<meta property=\"og:image\" content=\"https:\/\/iha-race.com\/wp-content\/uploads\/2018\/07\/comprar-soporte-go-pro-3d-dron-carrera-fpv-mas-barato-1.jpg\" \/>\n\t<meta property=\"og:image:width\" content=\"2222\" \/>\n\t<meta property=\"og:image:height\" content=\"2222\" \/>\n\t<meta property=\"og:image:type\" content=\"image\/jpeg\" \/>\n<meta name=\"twitter:card\" content=\"summary_large_image\" \/>\n<meta name=\"twitter:label1\" content=\"Tempo estimado de leitura\" \/>\n\t<meta name=\"twitter:data1\" content=\"1 minuto\" \/>\n<script type=\"application\/ld+json\" class=\"yoast-schema-graph\">{\"@context\":\"https:\\\/\\\/schema.org\",\"@graph\":[{\"@type\":\"WebPage\",\"@id\":\"https:\\\/\\\/iha-race.com\\\/pt-pt\\\/produto\\\/gopro-session-support\\\/\",\"url\":\"https:\\\/\\\/iha-race.com\\\/pt-pt\\\/produto\\\/gopro-session-support\\\/\",\"name\":\"GoPro Sess\u00e3o de montagem - Iha Race\",\"isPartOf\":{\"@id\":\"https:\\\/\\\/iha-race.com\\\/pt-pt\\\/#website\"},\"primaryImageOfPage\":{\"@id\":\"https:\\\/\\\/iha-race.com\\\/pt-pt\\\/produto\\\/gopro-session-support\\\/#primaryimage\"},\"image\":{\"@id\":\"https:\\\/\\\/iha-race.com\\\/pt-pt\\\/produto\\\/gopro-session-support\\\/#primaryimage\"},\"thumbnailUrl\":\"https:\\\/\\\/iha-race.com\\\/wp-content\\\/uploads\\\/2018\\\/07\\\/comprar-soporte-go-pro-3d-dron-carrera-fpv-mas-barato-1.jpg\",\"datePublished\":\"2018-07-23T16:32:19+00:00\",\"dateModified\":\"2026-03-21T18:45:53+00:00\",\"breadcrumb\":{\"@id\":\"https:\\\/\\\/iha-race.com\\\/pt-pt\\\/produto\\\/gopro-session-support\\\/#breadcrumb\"},\"inLanguage\":\"pt-PT\",\"potentialAction\":[{\"@type\":\"ReadAction\",\"target\":[\"https:\\\/\\\/iha-race.com\\\/pt-pt\\\/produto\\\/gopro-session-support\\\/\"]}]},{\"@type\":\"ImageObject\",\"inLanguage\":\"pt-PT\",\"@id\":\"https:\\\/\\\/iha-race.com\\\/pt-pt\\\/produto\\\/gopro-session-support\\\/#primaryimage\",\"url\":\"https:\\\/\\\/iha-race.com\\\/wp-content\\\/uploads\\\/2018\\\/07\\\/comprar-soporte-go-pro-3d-dron-carrera-fpv-mas-barato-1.jpg\",\"contentUrl\":\"https:\\\/\\\/iha-race.com\\\/wp-content\\\/uploads\\\/2018\\\/07\\\/comprar-soporte-go-pro-3d-dron-carrera-fpv-mas-barato-1.jpg\",\"width\":2222,\"height\":2222,\"caption\":\"go pro apoio melhor pre\u00e7o\"},{\"@type\":\"BreadcrumbList\",\"@id\":\"https:\\\/\\\/iha-race.com\\\/pt-pt\\\/produto\\\/gopro-session-support\\\/#breadcrumb\",\"itemListElement\":[{\"@type\":\"ListItem\",\"position\":1,\"name\":\"Portada\",\"item\":\"https:\\\/\\\/iha-race.com\\\/pt-pt\\\/elementor-499\\\/\"},{\"@type\":\"ListItem\",\"position\":2,\"name\":\"Shop\",\"item\":\"https:\\\/\\\/iha-race.com\\\/pt-pt\\\/shop\\\/\"},{\"@type\":\"ListItem\",\"position\":3,\"name\":\"GoPro Sess\u00e3o de montagem\"}]},{\"@type\":\"WebSite\",\"@id\":\"https:\\\/\\\/iha-race.com\\\/pt-pt\\\/#website\",\"url\":\"https:\\\/\\\/iha-race.com\\\/pt-pt\\\/\",\"name\":\"Iha Race\",\"description\":\"Comprar drones de carreras FPV env\u00edos en un d\u00eda desde Espa\u00f1a\",\"publisher\":{\"@id\":\"https:\\\/\\\/iha-race.com\\\/pt-pt\\\/#organization\"},\"potentialAction\":[{\"@type\":\"SearchAction\",\"target\":{\"@type\":\"EntryPoint\",\"urlTemplate\":\"https:\\\/\\\/iha-race.com\\\/pt-pt\\\/?s={search_term_string}\"},\"query-input\":{\"@type\":\"PropertyValueSpecification\",\"valueRequired\":true,\"valueName\":\"search_term_string\"}}],\"inLanguage\":\"pt-PT\"},{\"@type\":\"Organization\",\"@id\":\"https:\\\/\\\/iha-race.com\\\/pt-pt\\\/#organization\",\"name\":\"Iha Race\",\"url\":\"https:\\\/\\\/iha-race.com\\\/pt-pt\\\/\",\"logo\":{\"@type\":\"ImageObject\",\"inLanguage\":\"pt-PT\",\"@id\":\"https:\\\/\\\/iha-race.com\\\/pt-pt\\\/#\\\/schema\\\/logo\\\/image\\\/\",\"url\":\"https:\\\/\\\/iha-race.com\\\/wp-content\\\/uploads\\\/2018\\\/07\\\/iha-race-drones-de-carreras-tienda-comprar-drones.png\",\"contentUrl\":\"https:\\\/\\\/iha-race.com\\\/wp-content\\\/uploads\\\/2018\\\/07\\\/iha-race-drones-de-carreras-tienda-comprar-drones.png\",\"width\":300,\"height\":100,\"caption\":\"Iha Race\"},\"image\":{\"@id\":\"https:\\\/\\\/iha-race.com\\\/pt-pt\\\/#\\\/schema\\\/logo\\\/image\\\/\"}}]}<\/script>\n<!-- \/ Yoast SEO plugin. -->","yoast_head_json":{"title":"GoPro Sess\u00e3o de montagem - Iha Race","robots":{"index":"index","follow":"follow","max-snippet":"max-snippet:-1","max-image-preview":"max-image-preview:large","max-video-preview":"max-video-preview:-1"},"canonical":"https:\/\/iha-race.com\/pt-pt\/produto\/gopro-session-support\/","og_locale":"pt_PT","og_type":"article","og_title":"GoPro Sess\u00e3o de montagem - Iha Race","og_description":"&nbsp;","og_url":"https:\/\/iha-race.com\/pt-pt\/produto\/gopro-session-support\/","og_site_name":"Iha Race","article_modified_time":"2026-03-21T18:45:53+00:00","og_image":[{"width":2222,"height":2222,"url":"https:\/\/iha-race.com\/wp-content\/uploads\/2018\/07\/comprar-soporte-go-pro-3d-dron-carrera-fpv-mas-barato-1.jpg","type":"image\/jpeg"}],"twitter_card":"summary_large_image","twitter_misc":{"Tempo estimado de leitura":"1 minuto"},"schema":{"@context":"https:\/\/schema.org","@graph":[{"@type":"WebPage","@id":"https:\/\/iha-race.com\/pt-pt\/produto\/gopro-session-support\/","url":"https:\/\/iha-race.com\/pt-pt\/produto\/gopro-session-support\/","name":"GoPro Sess\u00e3o de montagem - Iha Race","isPartOf":{"@id":"https:\/\/iha-race.com\/pt-pt\/#website"},"primaryImageOfPage":{"@id":"https:\/\/iha-race.com\/pt-pt\/produto\/gopro-session-support\/#primaryimage"},"image":{"@id":"https:\/\/iha-race.com\/pt-pt\/produto\/gopro-session-support\/#primaryimage"},"thumbnailUrl":"https:\/\/iha-race.com\/wp-content\/uploads\/2018\/07\/comprar-soporte-go-pro-3d-dron-carrera-fpv-mas-barato-1.jpg","datePublished":"2018-07-23T16:32:19+00:00","dateModified":"2026-03-21T18:45:53+00:00","breadcrumb":{"@id":"https:\/\/iha-race.com\/pt-pt\/produto\/gopro-session-support\/#breadcrumb"},"inLanguage":"pt-PT","potentialAction":[{"@type":"ReadAction","target":["https:\/\/iha-race.com\/pt-pt\/produto\/gopro-session-support\/"]}]},{"@type":"ImageObject","inLanguage":"pt-PT","@id":"https:\/\/iha-race.com\/pt-pt\/produto\/gopro-session-support\/#primaryimage","url":"https:\/\/iha-race.com\/wp-content\/uploads\/2018\/07\/comprar-soporte-go-pro-3d-dron-carrera-fpv-mas-barato-1.jpg","contentUrl":"https:\/\/iha-race.com\/wp-content\/uploads\/2018\/07\/comprar-soporte-go-pro-3d-dron-carrera-fpv-mas-barato-1.jpg","width":2222,"height":2222,"caption":"go pro apoio melhor pre\u00e7o"},{"@type":"BreadcrumbList","@id":"https:\/\/iha-race.com\/pt-pt\/produto\/gopro-session-support\/#breadcrumb","itemListElement":[{"@type":"ListItem","position":1,"name":"Portada","item":"https:\/\/iha-race.com\/pt-pt\/elementor-499\/"},{"@type":"ListItem","position":2,"name":"Shop","item":"https:\/\/iha-race.com\/pt-pt\/shop\/"},{"@type":"ListItem","position":3,"name":"GoPro Sess\u00e3o de montagem"}]},{"@type":"WebSite","@id":"https:\/\/iha-race.com\/pt-pt\/#website","url":"https:\/\/iha-race.com\/pt-pt\/","name":"Iha Race","description":"Comprar drones de carreras FPV env\u00edos en un d\u00eda desde Espa\u00f1a","publisher":{"@id":"https:\/\/iha-race.com\/pt-pt\/#organization"},"potentialAction":[{"@type":"SearchAction","target":{"@type":"EntryPoint","urlTemplate":"https:\/\/iha-race.com\/pt-pt\/?s={search_term_string}"},"query-input":{"@type":"PropertyValueSpecification","valueRequired":true,"valueName":"search_term_string"}}],"inLanguage":"pt-PT"},{"@type":"Organization","@id":"https:\/\/iha-race.com\/pt-pt\/#organization","name":"Iha Race","url":"https:\/\/iha-race.com\/pt-pt\/","logo":{"@type":"ImageObject","inLanguage":"pt-PT","@id":"https:\/\/iha-race.com\/pt-pt\/#\/schema\/logo\/image\/","url":"https:\/\/iha-race.com\/wp-content\/uploads\/2018\/07\/iha-race-drones-de-carreras-tienda-comprar-drones.png","contentUrl":"https:\/\/iha-race.com\/wp-content\/uploads\/2018\/07\/iha-race-drones-de-carreras-tienda-comprar-drones.png","width":300,"height":100,"caption":"Iha Race"},"image":{"@id":"https:\/\/iha-race.com\/pt-pt\/#\/schema\/logo\/image\/"}}]}},"jetpack_sharing_enabled":true,"brands":[],"_links":{"self":[{"href":"https:\/\/iha-race.com\/pt-pt\/wp-json\/wp\/v2\/product\/111550","targetHints":{"allow":["GET"]}}],"collection":[{"href":"https:\/\/iha-race.com\/pt-pt\/wp-json\/wp\/v2\/product"}],"about":[{"href":"https:\/\/iha-race.com\/pt-pt\/wp-json\/wp\/v2\/types\/product"}],"replies":[{"embeddable":true,"href":"https:\/\/iha-race.com\/pt-pt\/wp-json\/wp\/v2\/comments?post=111550"}],"version-history":[{"count":1,"href":"https:\/\/iha-race.com\/pt-pt\/wp-json\/wp\/v2\/product\/111550\/revisions"}],"predecessor-version":[{"id":250564,"href":"https:\/\/iha-race.com\/pt-pt\/wp-json\/wp\/v2\/product\/111550\/revisions\/250564"}],"wp:featuredmedia":[{"embeddable":true,"href":"https:\/\/iha-race.com\/pt-pt\/wp-json\/wp\/v2\/media\/93015"}],"wp:attachment":[{"href":"https:\/\/iha-race.com\/pt-pt\/wp-json\/wp\/v2\/media?parent=111550"}],"wp:term":[{"taxonomy":"pwb-brand","embeddable":true,"href":"https:\/\/iha-race.com\/pt-pt\/wp-json\/wp\/v2\/pwb-brand?post=111550"},{"taxonomy":"product_cat","embeddable":true,"href":"https:\/\/iha-race.com\/pt-pt\/wp-json\/wp\/v2\/product_cat?post=111550"},{"taxonomy":"product_tag","embeddable":true,"href":"https:\/\/iha-race.com\/pt-pt\/wp-json\/wp\/v2\/product_tag?post=111550"}],"curies":[{"name":"wp","href":"https:\/\/api.w.org\/{rel}","templated":true}]}}