{"id":111384,"date":"2018-07-16T15:40:33","date_gmt":"2018-07-16T13:40:33","guid":{"rendered":"https:\/\/iha-race.com\/producto\/painel-controlador-de-alimentacao-matek-led-e-5-em-1-pbd-v3-recuperador\/"},"modified":"2024-09-02T14:01:50","modified_gmt":"2024-09-02T12:01:50","slug":"matek-led-y-5en1-pbd-v3-powered-controller-card-recuperator","status":"publish","type":"product","link":"https:\/\/iha-race.com\/pt-pt\/produto\/matek-led-y-5en1-pbd-v3-powered-controller-card-recuperator\/","title":{"rendered":"Painel Controlador de Alimenta\u00e7\u00e3o Matek LED e 5 em 1 PBD V3 + Recuperador"},"content":{"rendered":"<h3>Painel Controlador de Alimenta\u00e7\u00e3o Matek LED e 5 em 1 PBD V3 + Recuperador<\/h3>\n<p>  As PDBs est\u00e3o a tornar-se cada vez mais inteligentes &#8211; o LED 5 em 1 e o hub de energia V3 AP da Matek n\u00e3o s\u00e3o exce\u00e7\u00e3o. Com os BECs 5V 3A e 12V 500mA, um condutor 5V, localizador de modelos perdidos e alarme LED de baixa tens\u00e3o &#8211; o novo AP V3 \u00e9 actualmente composto por 2oz de cobre para uma maior capacidade de transporte de corrente. Ao executar um LiPo 4-6S, o BEC pode emitir 12V para c\u00e2maras de alimenta\u00e7\u00e3o e transmissores de v\u00eddeo. O controlador de luz LED 5V incorporado pode ser activado atrav\u00e9s de tr\u00eas modos de intermit\u00eancia (intermit\u00eancia constante, lenta ou r\u00e1pida). O sinal sonoro da placa pode ser ativado atrav\u00e9s de um interrutor no transmissor para atuar como um localizador de modelos perdidos no caso de uma aterragem inesperada e tamb\u00e9m pode atuar como um alarme de baixa voltagem para te alertar que \u00e9 altura de mudar as pilhas &#8211; os LEDs tamb\u00e9m piscam para te lembrar.  &nbsp;<\/p>\n","protected":false},"excerpt":{"rendered":"<p>Painel Controlador de Alimenta\u00e7\u00e3o Matek LED e 5 em 1 PBD V3 + Recuperador As PDBs est\u00e3o a tornar-se cada vez mais inteligentes &#8211; o LED 5 em 1 e<\/p>\n","protected":false},"featured_media":94200,"comment_status":"open","ping_status":"closed","template":"","meta":{"_joinchat":[]},"pwb-brand":[],"product_cat":[1118,2467],"product_tag":[],"class_list":{"0":"post-111384","1":"product","2":"type-product","3":"status-publish","4":"has-post-thumbnail","6":"product_cat-fpv-electronica-e-acessorios","7":"product_cat-pdb-pt-pt","9":"first","10":"instock","11":"taxable","12":"shipping-taxable","13":"purchasable","14":"product-type-simple"},"barcode":null,"atum_controlled":true,"out_stock_date":null,"out_stock_threshold":null,"inheritable":false,"stock_on_hold":0,"sold_today":0,"sales_last_days":0,"out_stock_days":0,"lost_sales":0,"update_date":"2026-04-16T08:17:08","atum_locations":[],"atum_stock_status":"instock","restock_status":false,"low_stock_amount":"","sales_update_date":"2026-04-16T08:17:08","calc_backorders":null,"yoast_head":"<!-- This site is optimized with the Yoast SEO plugin v27.3 - https:\/\/yoast.com\/product\/yoast-seo-wordpress\/ -->\n<title>Painel Controlador de Alimenta\u00e7\u00e3o Matek LED e 5 em 1 PBD V3 + Recuperador - Iha Race<\/title>\n<meta name=\"robots\" content=\"index, follow, max-snippet:-1, max-image-preview:large, max-video-preview:-1\" \/>\n<link rel=\"canonical\" href=\"https:\/\/iha-race.com\/pt-pt\/produto\/matek-led-y-5en1-pbd-v3-powered-controller-card-recuperator\/\" \/>\n<meta property=\"og:locale\" content=\"pt_PT\" \/>\n<meta property=\"og:type\" content=\"article\" \/>\n<meta property=\"og:title\" content=\"Painel Controlador de Alimenta\u00e7\u00e3o Matek LED e 5 em 1 PBD V3 + Recuperador - Iha Race\" \/>\n<meta property=\"og:description\" content=\"Painel Controlador de Alimenta\u00e7\u00e3o Matek LED e 5 em 1 PBD V3 + Recuperador As PDBs est\u00e3o a tornar-se cada vez mais inteligentes &#8211; o LED 5 em 1 e\" \/>\n<meta property=\"og:url\" content=\"https:\/\/iha-race.com\/pt-pt\/produto\/matek-led-y-5en1-pbd-v3-powered-controller-card-recuperator\/\" \/>\n<meta property=\"og:site_name\" content=\"Iha Race\" \/>\n<meta property=\"article:modified_time\" content=\"2024-09-02T12:01:50+00:00\" \/>\n<meta property=\"og:image\" content=\"https:\/\/iha-race.com\/wp-content\/uploads\/2018\/07\/matek-led-5en1-pbd-v3-alimentacion-la-tarjeta-controladora-bec-5v-1.jpg\" \/>\n\t<meta property=\"og:image:width\" content=\"800\" \/>\n\t<meta property=\"og:image:height\" content=\"800\" \/>\n\t<meta property=\"og:image:type\" content=\"image\/jpeg\" \/>\n<meta name=\"twitter:card\" content=\"summary_large_image\" \/>\n<meta name=\"twitter:label1\" content=\"Tempo estimado de leitura\" \/>\n\t<meta name=\"twitter:data1\" content=\"1 minuto\" \/>\n<script type=\"application\/ld+json\" class=\"yoast-schema-graph\">{\"@context\":\"https:\\\/\\\/schema.org\",\"@graph\":[{\"@type\":\"WebPage\",\"@id\":\"https:\\\/\\\/iha-race.com\\\/pt-pt\\\/produto\\\/matek-led-y-5en1-pbd-v3-powered-controller-card-recuperator\\\/\",\"url\":\"https:\\\/\\\/iha-race.com\\\/pt-pt\\\/produto\\\/matek-led-y-5en1-pbd-v3-powered-controller-card-recuperator\\\/\",\"name\":\"Painel Controlador de Alimenta\u00e7\u00e3o Matek LED e 5 em 1 PBD V3 + Recuperador - Iha Race\",\"isPartOf\":{\"@id\":\"https:\\\/\\\/iha-race.com\\\/pt-pt\\\/#website\"},\"primaryImageOfPage\":{\"@id\":\"https:\\\/\\\/iha-race.com\\\/pt-pt\\\/produto\\\/matek-led-y-5en1-pbd-v3-powered-controller-card-recuperator\\\/#primaryimage\"},\"image\":{\"@id\":\"https:\\\/\\\/iha-race.com\\\/pt-pt\\\/produto\\\/matek-led-y-5en1-pbd-v3-powered-controller-card-recuperator\\\/#primaryimage\"},\"thumbnailUrl\":\"https:\\\/\\\/iha-race.com\\\/wp-content\\\/uploads\\\/2018\\\/07\\\/matek-led-5en1-pbd-v3-alimentacion-la-tarjeta-controladora-bec-5v-1.jpg\",\"datePublished\":\"2018-07-16T13:40:33+00:00\",\"dateModified\":\"2024-09-02T12:01:50+00:00\",\"breadcrumb\":{\"@id\":\"https:\\\/\\\/iha-race.com\\\/pt-pt\\\/produto\\\/matek-led-y-5en1-pbd-v3-powered-controller-card-recuperator\\\/#breadcrumb\"},\"inLanguage\":\"pt-PT\",\"potentialAction\":[{\"@type\":\"ReadAction\",\"target\":[\"https:\\\/\\\/iha-race.com\\\/pt-pt\\\/produto\\\/matek-led-y-5en1-pbd-v3-powered-controller-card-recuperator\\\/\"]}]},{\"@type\":\"ImageObject\",\"inLanguage\":\"pt-PT\",\"@id\":\"https:\\\/\\\/iha-race.com\\\/pt-pt\\\/produto\\\/matek-led-y-5en1-pbd-v3-powered-controller-card-recuperator\\\/#primaryimage\",\"url\":\"https:\\\/\\\/iha-race.com\\\/wp-content\\\/uploads\\\/2018\\\/07\\\/matek-led-5en1-pbd-v3-alimentacion-la-tarjeta-controladora-bec-5v-1.jpg\",\"contentUrl\":\"https:\\\/\\\/iha-race.com\\\/wp-content\\\/uploads\\\/2018\\\/07\\\/matek-led-5en1-pbd-v3-alimentacion-la-tarjeta-controladora-bec-5v-1.jpg\",\"width\":800,\"height\":800,\"caption\":\"mate-led-5en1-pbd-v3-powersupply-the-controller-card-bec-5v\"},{\"@type\":\"BreadcrumbList\",\"@id\":\"https:\\\/\\\/iha-race.com\\\/pt-pt\\\/produto\\\/matek-led-y-5en1-pbd-v3-powered-controller-card-recuperator\\\/#breadcrumb\",\"itemListElement\":[{\"@type\":\"ListItem\",\"position\":1,\"name\":\"Portada\",\"item\":\"https:\\\/\\\/iha-race.com\\\/pt-pt\\\/elementor-499\\\/\"},{\"@type\":\"ListItem\",\"position\":2,\"name\":\"Shop\",\"item\":\"https:\\\/\\\/iha-race.com\\\/pt-pt\\\/shop\\\/\"},{\"@type\":\"ListItem\",\"position\":3,\"name\":\"Painel Controlador de Alimenta\u00e7\u00e3o Matek LED e 5 em 1 PBD V3 + Recuperador\"}]},{\"@type\":\"WebSite\",\"@id\":\"https:\\\/\\\/iha-race.com\\\/pt-pt\\\/#website\",\"url\":\"https:\\\/\\\/iha-race.com\\\/pt-pt\\\/\",\"name\":\"Iha Race\",\"description\":\"Comprar drones de carreras FPV env\u00edos en un d\u00eda desde Espa\u00f1a\",\"publisher\":{\"@id\":\"https:\\\/\\\/iha-race.com\\\/pt-pt\\\/#organization\"},\"potentialAction\":[{\"@type\":\"SearchAction\",\"target\":{\"@type\":\"EntryPoint\",\"urlTemplate\":\"https:\\\/\\\/iha-race.com\\\/pt-pt\\\/?s={search_term_string}\"},\"query-input\":{\"@type\":\"PropertyValueSpecification\",\"valueRequired\":true,\"valueName\":\"search_term_string\"}}],\"inLanguage\":\"pt-PT\"},{\"@type\":\"Organization\",\"@id\":\"https:\\\/\\\/iha-race.com\\\/pt-pt\\\/#organization\",\"name\":\"Iha Race\",\"url\":\"https:\\\/\\\/iha-race.com\\\/pt-pt\\\/\",\"logo\":{\"@type\":\"ImageObject\",\"inLanguage\":\"pt-PT\",\"@id\":\"https:\\\/\\\/iha-race.com\\\/pt-pt\\\/#\\\/schema\\\/logo\\\/image\\\/\",\"url\":\"https:\\\/\\\/iha-race.com\\\/wp-content\\\/uploads\\\/2018\\\/07\\\/iha-race-drones-de-carreras-tienda-comprar-drones.png\",\"contentUrl\":\"https:\\\/\\\/iha-race.com\\\/wp-content\\\/uploads\\\/2018\\\/07\\\/iha-race-drones-de-carreras-tienda-comprar-drones.png\",\"width\":300,\"height\":100,\"caption\":\"Iha Race\"},\"image\":{\"@id\":\"https:\\\/\\\/iha-race.com\\\/pt-pt\\\/#\\\/schema\\\/logo\\\/image\\\/\"}}]}<\/script>\n<!-- \/ Yoast SEO plugin. -->","yoast_head_json":{"title":"Painel Controlador de Alimenta\u00e7\u00e3o Matek LED e 5 em 1 PBD V3 + Recuperador - Iha Race","robots":{"index":"index","follow":"follow","max-snippet":"max-snippet:-1","max-image-preview":"max-image-preview:large","max-video-preview":"max-video-preview:-1"},"canonical":"https:\/\/iha-race.com\/pt-pt\/produto\/matek-led-y-5en1-pbd-v3-powered-controller-card-recuperator\/","og_locale":"pt_PT","og_type":"article","og_title":"Painel Controlador de Alimenta\u00e7\u00e3o Matek LED e 5 em 1 PBD V3 + Recuperador - Iha Race","og_description":"Painel Controlador de Alimenta\u00e7\u00e3o Matek LED e 5 em 1 PBD V3 + Recuperador As PDBs est\u00e3o a tornar-se cada vez mais inteligentes &#8211; o LED 5 em 1 e","og_url":"https:\/\/iha-race.com\/pt-pt\/produto\/matek-led-y-5en1-pbd-v3-powered-controller-card-recuperator\/","og_site_name":"Iha Race","article_modified_time":"2024-09-02T12:01:50+00:00","og_image":[{"width":800,"height":800,"url":"https:\/\/iha-race.com\/wp-content\/uploads\/2018\/07\/matek-led-5en1-pbd-v3-alimentacion-la-tarjeta-controladora-bec-5v-1.jpg","type":"image\/jpeg"}],"twitter_card":"summary_large_image","twitter_misc":{"Tempo estimado de leitura":"1 minuto"},"schema":{"@context":"https:\/\/schema.org","@graph":[{"@type":"WebPage","@id":"https:\/\/iha-race.com\/pt-pt\/produto\/matek-led-y-5en1-pbd-v3-powered-controller-card-recuperator\/","url":"https:\/\/iha-race.com\/pt-pt\/produto\/matek-led-y-5en1-pbd-v3-powered-controller-card-recuperator\/","name":"Painel Controlador de Alimenta\u00e7\u00e3o Matek LED e 5 em 1 PBD V3 + Recuperador - Iha Race","isPartOf":{"@id":"https:\/\/iha-race.com\/pt-pt\/#website"},"primaryImageOfPage":{"@id":"https:\/\/iha-race.com\/pt-pt\/produto\/matek-led-y-5en1-pbd-v3-powered-controller-card-recuperator\/#primaryimage"},"image":{"@id":"https:\/\/iha-race.com\/pt-pt\/produto\/matek-led-y-5en1-pbd-v3-powered-controller-card-recuperator\/#primaryimage"},"thumbnailUrl":"https:\/\/iha-race.com\/wp-content\/uploads\/2018\/07\/matek-led-5en1-pbd-v3-alimentacion-la-tarjeta-controladora-bec-5v-1.jpg","datePublished":"2018-07-16T13:40:33+00:00","dateModified":"2024-09-02T12:01:50+00:00","breadcrumb":{"@id":"https:\/\/iha-race.com\/pt-pt\/produto\/matek-led-y-5en1-pbd-v3-powered-controller-card-recuperator\/#breadcrumb"},"inLanguage":"pt-PT","potentialAction":[{"@type":"ReadAction","target":["https:\/\/iha-race.com\/pt-pt\/produto\/matek-led-y-5en1-pbd-v3-powered-controller-card-recuperator\/"]}]},{"@type":"ImageObject","inLanguage":"pt-PT","@id":"https:\/\/iha-race.com\/pt-pt\/produto\/matek-led-y-5en1-pbd-v3-powered-controller-card-recuperator\/#primaryimage","url":"https:\/\/iha-race.com\/wp-content\/uploads\/2018\/07\/matek-led-5en1-pbd-v3-alimentacion-la-tarjeta-controladora-bec-5v-1.jpg","contentUrl":"https:\/\/iha-race.com\/wp-content\/uploads\/2018\/07\/matek-led-5en1-pbd-v3-alimentacion-la-tarjeta-controladora-bec-5v-1.jpg","width":800,"height":800,"caption":"mate-led-5en1-pbd-v3-powersupply-the-controller-card-bec-5v"},{"@type":"BreadcrumbList","@id":"https:\/\/iha-race.com\/pt-pt\/produto\/matek-led-y-5en1-pbd-v3-powered-controller-card-recuperator\/#breadcrumb","itemListElement":[{"@type":"ListItem","position":1,"name":"Portada","item":"https:\/\/iha-race.com\/pt-pt\/elementor-499\/"},{"@type":"ListItem","position":2,"name":"Shop","item":"https:\/\/iha-race.com\/pt-pt\/shop\/"},{"@type":"ListItem","position":3,"name":"Painel Controlador de Alimenta\u00e7\u00e3o Matek LED e 5 em 1 PBD V3 + Recuperador"}]},{"@type":"WebSite","@id":"https:\/\/iha-race.com\/pt-pt\/#website","url":"https:\/\/iha-race.com\/pt-pt\/","name":"Iha Race","description":"Comprar drones de carreras FPV env\u00edos en un d\u00eda desde Espa\u00f1a","publisher":{"@id":"https:\/\/iha-race.com\/pt-pt\/#organization"},"potentialAction":[{"@type":"SearchAction","target":{"@type":"EntryPoint","urlTemplate":"https:\/\/iha-race.com\/pt-pt\/?s={search_term_string}"},"query-input":{"@type":"PropertyValueSpecification","valueRequired":true,"valueName":"search_term_string"}}],"inLanguage":"pt-PT"},{"@type":"Organization","@id":"https:\/\/iha-race.com\/pt-pt\/#organization","name":"Iha Race","url":"https:\/\/iha-race.com\/pt-pt\/","logo":{"@type":"ImageObject","inLanguage":"pt-PT","@id":"https:\/\/iha-race.com\/pt-pt\/#\/schema\/logo\/image\/","url":"https:\/\/iha-race.com\/wp-content\/uploads\/2018\/07\/iha-race-drones-de-carreras-tienda-comprar-drones.png","contentUrl":"https:\/\/iha-race.com\/wp-content\/uploads\/2018\/07\/iha-race-drones-de-carreras-tienda-comprar-drones.png","width":300,"height":100,"caption":"Iha Race"},"image":{"@id":"https:\/\/iha-race.com\/pt-pt\/#\/schema\/logo\/image\/"}}]}},"brands":[],"_links":{"self":[{"href":"https:\/\/iha-race.com\/pt-pt\/wp-json\/wp\/v2\/product\/111384","targetHints":{"allow":["GET"]}}],"collection":[{"href":"https:\/\/iha-race.com\/pt-pt\/wp-json\/wp\/v2\/product"}],"about":[{"href":"https:\/\/iha-race.com\/pt-pt\/wp-json\/wp\/v2\/types\/product"}],"replies":[{"embeddable":true,"href":"https:\/\/iha-race.com\/pt-pt\/wp-json\/wp\/v2\/comments?post=111384"}],"version-history":[{"count":2,"href":"https:\/\/iha-race.com\/pt-pt\/wp-json\/wp\/v2\/product\/111384\/revisions"}],"predecessor-version":[{"id":250829,"href":"https:\/\/iha-race.com\/pt-pt\/wp-json\/wp\/v2\/product\/111384\/revisions\/250829"}],"wp:featuredmedia":[{"embeddable":true,"href":"https:\/\/iha-race.com\/pt-pt\/wp-json\/wp\/v2\/media\/94200"}],"wp:attachment":[{"href":"https:\/\/iha-race.com\/pt-pt\/wp-json\/wp\/v2\/media?parent=111384"}],"wp:term":[{"taxonomy":"pwb-brand","embeddable":true,"href":"https:\/\/iha-race.com\/pt-pt\/wp-json\/wp\/v2\/pwb-brand?post=111384"},{"taxonomy":"product_cat","embeddable":true,"href":"https:\/\/iha-race.com\/pt-pt\/wp-json\/wp\/v2\/product_cat?post=111384"},{"taxonomy":"product_tag","embeddable":true,"href":"https:\/\/iha-race.com\/pt-pt\/wp-json\/wp\/v2\/product_tag?post=111384"}],"curies":[{"name":"wp","href":"https:\/\/api.w.org\/{rel}","templated":true}]}}