{"id":111356,"date":"2018-07-16T13:09:19","date_gmt":"2018-07-16T13:09:19","guid":{"rendered":"https:\/\/iha-race.com\/producto\/ozyx-osd-tl-300c\/"},"modified":"2024-09-02T14:01:47","modified_gmt":"2024-09-02T12:01:47","slug":"ozyx-osd-tl-300c-2","status":"publish","type":"product","link":"https:\/\/iha-race.com\/pt-pt\/produto\/ozyx-osd-tl-300c-2\/","title":{"rendered":"OZYX-OSD TL 300C"},"content":{"rendered":"<h3 class=\"product_title entry-title\">OZYX-OSD TL 300C<\/h3>\n<div class=\"clear\">A aeronave ZYX-OSD em v\u00f4o pode ser informa\u00e7\u00e3o b\u00e1sica de v\u00f4o, como altitude, velocidade, \u00e2ngulo de pairar, press\u00e3o da bateria, aeronave e modo de controle da dist\u00e2ncia do ponto de retorno, o status de prote\u00e7\u00e3o do fugitivo, sobreposto \u00e0 informa\u00e7\u00e3o de v\u00eddeo, certifica-se de aproveitar o v\u00f4o para trazer toda a divers\u00e3o.<\/div>\n<div class=\"clear\">ZYX-OSD tamb\u00e9m tem capacidades de registo de dados, os dados de voo s\u00e3o armazenados no cart\u00e3o MINI-SD, permitindo a an\u00e1lise de dados, a caixa negra desempenha um papel num momento cr\u00edtico.<\/div>\n<div class=\"clear\">Por favor, utilizar primeiro, para garantir que o mini-SD seja formatado em FAT32,<\/div>\n<div class=\"clear\">ZYX-OSD tem entrada de v\u00eddeo bidireccional, a fonte de entrada de v\u00eddeo pode ser comutada por controlo remoto, o padr\u00e3o de v\u00eddeo PAL E NTSC pode ser identificado automaticamente.<\/div>\n<div class=\"clear\">Aten\u00e7\u00e3o: ZYX-OSD deve ser utilizado em combina\u00e7\u00e3o com o sistema de controlo de voo ZYX-M.<\/div>\n<div><\/div>\n<div><strong>Especifica\u00e7\u00e3o:<\/strong><\/div>\n<div><\/div>\n<div>\n<ul>\n<li class=\"clear\">Tens\u00e3o e corrente de entrada: 12V (80mA) para alimenta\u00e7\u00e3o de dispositivos externos n\u00e3o \u00e9 o caso em<\/li>\n<li class=\"clear\">Tens\u00e3o e corrente de sa\u00edda: 12 V (1,5 a) e 5 V (2,0A )<\/li>\n<li class=\"clear\">Tamanho: 53 mm * 36 mm * 10 mm<\/li>\n<li class=\"clear\">Peso: 18 g<\/li>\n<li class=\"clear\">Formato de v\u00eddeo: PAL \/ NTSC (reconhecimento autom\u00e1tico)<\/li>\n<\/ul>\n<\/div>\n<p>&nbsp;<\/p>\n","protected":false},"excerpt":{"rendered":"<p>OZYX-OSD TL 300C A aeronave ZYX-OSD em v\u00f4o pode ser informa\u00e7\u00e3o b\u00e1sica de v\u00f4o, como altitude, velocidade, \u00e2ngulo de pairar, press\u00e3o da bateria, aeronave e modo de controle da dist\u00e2ncia<\/p>\n","protected":false},"featured_media":96411,"comment_status":"open","ping_status":"closed","template":"","meta":{"_joinchat":[]},"pwb-brand":[],"product_cat":[1153],"product_tag":[],"class_list":{"0":"post-111356","1":"product","2":"type-product","3":"status-publish","4":"has-post-thumbnail","6":"product_cat-outlet-pt-pt","8":"first","9":"instock","10":"taxable","11":"shipping-taxable","12":"purchasable","13":"product-type-simple"},"barcode":null,"atum_controlled":true,"out_stock_date":null,"out_stock_threshold":null,"inheritable":false,"stock_on_hold":0,"sold_today":0,"sales_last_days":0,"out_stock_days":0,"lost_sales":0,"update_date":"2026-04-18T22:18:19","atum_locations":[],"atum_stock_status":"instock","restock_status":false,"low_stock_amount":"","sales_update_date":"2026-04-18T22:18:19","calc_backorders":null,"yoast_head":"<!-- This site is optimized with the Yoast SEO plugin v27.3 - https:\/\/yoast.com\/product\/yoast-seo-wordpress\/ -->\n<title>OZYX-OSD TL 300C - Iha Race<\/title>\n<meta name=\"robots\" content=\"index, follow, max-snippet:-1, max-image-preview:large, max-video-preview:-1\" \/>\n<link rel=\"canonical\" href=\"https:\/\/iha-race.com\/pt-pt\/produto\/ozyx-osd-tl-300c-2\/\" \/>\n<meta property=\"og:locale\" content=\"pt_PT\" \/>\n<meta property=\"og:type\" content=\"article\" \/>\n<meta property=\"og:title\" content=\"OZYX-OSD TL 300C - Iha Race\" \/>\n<meta property=\"og:description\" content=\"OZYX-OSD TL 300C A aeronave ZYX-OSD em v\u00f4o pode ser informa\u00e7\u00e3o b\u00e1sica de v\u00f4o, como altitude, velocidade, \u00e2ngulo de pairar, press\u00e3o da bateria, aeronave e modo de controle da dist\u00e2ncia\" \/>\n<meta property=\"og:url\" content=\"https:\/\/iha-race.com\/pt-pt\/produto\/ozyx-osd-tl-300c-2\/\" \/>\n<meta property=\"og:site_name\" content=\"Iha Race\" \/>\n<meta property=\"article:modified_time\" content=\"2024-09-02T12:01:47+00:00\" \/>\n<meta property=\"og:image\" content=\"https:\/\/iha-race.com\/wp-content\/uploads\/2018\/07\/ozyx-osd-tl300c-1.jpg\" \/>\n\t<meta property=\"og:image:width\" content=\"800\" \/>\n\t<meta property=\"og:image:height\" content=\"800\" \/>\n\t<meta property=\"og:image:type\" content=\"image\/jpeg\" \/>\n<meta name=\"twitter:card\" content=\"summary_large_image\" \/>\n<meta name=\"twitter:label1\" content=\"Tempo estimado de leitura\" \/>\n\t<meta name=\"twitter:data1\" content=\"1 minuto\" \/>\n<script type=\"application\/ld+json\" class=\"yoast-schema-graph\">{\"@context\":\"https:\\\/\\\/schema.org\",\"@graph\":[{\"@type\":\"WebPage\",\"@id\":\"https:\\\/\\\/iha-race.com\\\/pt-pt\\\/produto\\\/ozyx-osd-tl-300c-2\\\/\",\"url\":\"https:\\\/\\\/iha-race.com\\\/pt-pt\\\/produto\\\/ozyx-osd-tl-300c-2\\\/\",\"name\":\"OZYX-OSD TL 300C - Iha Race\",\"isPartOf\":{\"@id\":\"https:\\\/\\\/iha-race.com\\\/pt-pt\\\/#website\"},\"primaryImageOfPage\":{\"@id\":\"https:\\\/\\\/iha-race.com\\\/pt-pt\\\/produto\\\/ozyx-osd-tl-300c-2\\\/#primaryimage\"},\"image\":{\"@id\":\"https:\\\/\\\/iha-race.com\\\/pt-pt\\\/produto\\\/ozyx-osd-tl-300c-2\\\/#primaryimage\"},\"thumbnailUrl\":\"https:\\\/\\\/iha-race.com\\\/wp-content\\\/uploads\\\/2018\\\/07\\\/ozyx-osd-tl300c-1.jpg\",\"datePublished\":\"2018-07-16T13:09:19+00:00\",\"dateModified\":\"2024-09-02T12:01:47+00:00\",\"breadcrumb\":{\"@id\":\"https:\\\/\\\/iha-race.com\\\/pt-pt\\\/produto\\\/ozyx-osd-tl-300c-2\\\/#breadcrumb\"},\"inLanguage\":\"pt-PT\",\"potentialAction\":[{\"@type\":\"ReadAction\",\"target\":[\"https:\\\/\\\/iha-race.com\\\/pt-pt\\\/produto\\\/ozyx-osd-tl-300c-2\\\/\"]}]},{\"@type\":\"ImageObject\",\"inLanguage\":\"pt-PT\",\"@id\":\"https:\\\/\\\/iha-race.com\\\/pt-pt\\\/produto\\\/ozyx-osd-tl-300c-2\\\/#primaryimage\",\"url\":\"https:\\\/\\\/iha-race.com\\\/wp-content\\\/uploads\\\/2018\\\/07\\\/ozyx-osd-tl300c-1.jpg\",\"contentUrl\":\"https:\\\/\\\/iha-race.com\\\/wp-content\\\/uploads\\\/2018\\\/07\\\/ozyx-osd-tl300c-1.jpg\",\"width\":800,\"height\":800,\"caption\":\"ozyx-osd-tl300c\"},{\"@type\":\"BreadcrumbList\",\"@id\":\"https:\\\/\\\/iha-race.com\\\/pt-pt\\\/produto\\\/ozyx-osd-tl-300c-2\\\/#breadcrumb\",\"itemListElement\":[{\"@type\":\"ListItem\",\"position\":1,\"name\":\"Portada\",\"item\":\"https:\\\/\\\/iha-race.com\\\/pt-pt\\\/elementor-499\\\/\"},{\"@type\":\"ListItem\",\"position\":2,\"name\":\"Shop\",\"item\":\"https:\\\/\\\/iha-race.com\\\/pt-pt\\\/shop\\\/\"},{\"@type\":\"ListItem\",\"position\":3,\"name\":\"OZYX-OSD TL 300C\"}]},{\"@type\":\"WebSite\",\"@id\":\"https:\\\/\\\/iha-race.com\\\/pt-pt\\\/#website\",\"url\":\"https:\\\/\\\/iha-race.com\\\/pt-pt\\\/\",\"name\":\"Iha Race\",\"description\":\"Comprar drones de carreras FPV env\u00edos en un d\u00eda desde Espa\u00f1a\",\"publisher\":{\"@id\":\"https:\\\/\\\/iha-race.com\\\/pt-pt\\\/#organization\"},\"potentialAction\":[{\"@type\":\"SearchAction\",\"target\":{\"@type\":\"EntryPoint\",\"urlTemplate\":\"https:\\\/\\\/iha-race.com\\\/pt-pt\\\/?s={search_term_string}\"},\"query-input\":{\"@type\":\"PropertyValueSpecification\",\"valueRequired\":true,\"valueName\":\"search_term_string\"}}],\"inLanguage\":\"pt-PT\"},{\"@type\":\"Organization\",\"@id\":\"https:\\\/\\\/iha-race.com\\\/pt-pt\\\/#organization\",\"name\":\"Iha Race\",\"url\":\"https:\\\/\\\/iha-race.com\\\/pt-pt\\\/\",\"logo\":{\"@type\":\"ImageObject\",\"inLanguage\":\"pt-PT\",\"@id\":\"https:\\\/\\\/iha-race.com\\\/pt-pt\\\/#\\\/schema\\\/logo\\\/image\\\/\",\"url\":\"https:\\\/\\\/iha-race.com\\\/wp-content\\\/uploads\\\/2018\\\/07\\\/iha-race-drones-de-carreras-tienda-comprar-drones.png\",\"contentUrl\":\"https:\\\/\\\/iha-race.com\\\/wp-content\\\/uploads\\\/2018\\\/07\\\/iha-race-drones-de-carreras-tienda-comprar-drones.png\",\"width\":300,\"height\":100,\"caption\":\"Iha Race\"},\"image\":{\"@id\":\"https:\\\/\\\/iha-race.com\\\/pt-pt\\\/#\\\/schema\\\/logo\\\/image\\\/\"}}]}<\/script>\n<!-- \/ Yoast SEO plugin. -->","yoast_head_json":{"title":"OZYX-OSD TL 300C - Iha Race","robots":{"index":"index","follow":"follow","max-snippet":"max-snippet:-1","max-image-preview":"max-image-preview:large","max-video-preview":"max-video-preview:-1"},"canonical":"https:\/\/iha-race.com\/pt-pt\/produto\/ozyx-osd-tl-300c-2\/","og_locale":"pt_PT","og_type":"article","og_title":"OZYX-OSD TL 300C - Iha Race","og_description":"OZYX-OSD TL 300C A aeronave ZYX-OSD em v\u00f4o pode ser informa\u00e7\u00e3o b\u00e1sica de v\u00f4o, como altitude, velocidade, \u00e2ngulo de pairar, press\u00e3o da bateria, aeronave e modo de controle da dist\u00e2ncia","og_url":"https:\/\/iha-race.com\/pt-pt\/produto\/ozyx-osd-tl-300c-2\/","og_site_name":"Iha Race","article_modified_time":"2024-09-02T12:01:47+00:00","og_image":[{"width":800,"height":800,"url":"https:\/\/iha-race.com\/wp-content\/uploads\/2018\/07\/ozyx-osd-tl300c-1.jpg","type":"image\/jpeg"}],"twitter_card":"summary_large_image","twitter_misc":{"Tempo estimado de leitura":"1 minuto"},"schema":{"@context":"https:\/\/schema.org","@graph":[{"@type":"WebPage","@id":"https:\/\/iha-race.com\/pt-pt\/produto\/ozyx-osd-tl-300c-2\/","url":"https:\/\/iha-race.com\/pt-pt\/produto\/ozyx-osd-tl-300c-2\/","name":"OZYX-OSD TL 300C - Iha Race","isPartOf":{"@id":"https:\/\/iha-race.com\/pt-pt\/#website"},"primaryImageOfPage":{"@id":"https:\/\/iha-race.com\/pt-pt\/produto\/ozyx-osd-tl-300c-2\/#primaryimage"},"image":{"@id":"https:\/\/iha-race.com\/pt-pt\/produto\/ozyx-osd-tl-300c-2\/#primaryimage"},"thumbnailUrl":"https:\/\/iha-race.com\/wp-content\/uploads\/2018\/07\/ozyx-osd-tl300c-1.jpg","datePublished":"2018-07-16T13:09:19+00:00","dateModified":"2024-09-02T12:01:47+00:00","breadcrumb":{"@id":"https:\/\/iha-race.com\/pt-pt\/produto\/ozyx-osd-tl-300c-2\/#breadcrumb"},"inLanguage":"pt-PT","potentialAction":[{"@type":"ReadAction","target":["https:\/\/iha-race.com\/pt-pt\/produto\/ozyx-osd-tl-300c-2\/"]}]},{"@type":"ImageObject","inLanguage":"pt-PT","@id":"https:\/\/iha-race.com\/pt-pt\/produto\/ozyx-osd-tl-300c-2\/#primaryimage","url":"https:\/\/iha-race.com\/wp-content\/uploads\/2018\/07\/ozyx-osd-tl300c-1.jpg","contentUrl":"https:\/\/iha-race.com\/wp-content\/uploads\/2018\/07\/ozyx-osd-tl300c-1.jpg","width":800,"height":800,"caption":"ozyx-osd-tl300c"},{"@type":"BreadcrumbList","@id":"https:\/\/iha-race.com\/pt-pt\/produto\/ozyx-osd-tl-300c-2\/#breadcrumb","itemListElement":[{"@type":"ListItem","position":1,"name":"Portada","item":"https:\/\/iha-race.com\/pt-pt\/elementor-499\/"},{"@type":"ListItem","position":2,"name":"Shop","item":"https:\/\/iha-race.com\/pt-pt\/shop\/"},{"@type":"ListItem","position":3,"name":"OZYX-OSD TL 300C"}]},{"@type":"WebSite","@id":"https:\/\/iha-race.com\/pt-pt\/#website","url":"https:\/\/iha-race.com\/pt-pt\/","name":"Iha Race","description":"Comprar drones de carreras FPV env\u00edos en un d\u00eda desde Espa\u00f1a","publisher":{"@id":"https:\/\/iha-race.com\/pt-pt\/#organization"},"potentialAction":[{"@type":"SearchAction","target":{"@type":"EntryPoint","urlTemplate":"https:\/\/iha-race.com\/pt-pt\/?s={search_term_string}"},"query-input":{"@type":"PropertyValueSpecification","valueRequired":true,"valueName":"search_term_string"}}],"inLanguage":"pt-PT"},{"@type":"Organization","@id":"https:\/\/iha-race.com\/pt-pt\/#organization","name":"Iha Race","url":"https:\/\/iha-race.com\/pt-pt\/","logo":{"@type":"ImageObject","inLanguage":"pt-PT","@id":"https:\/\/iha-race.com\/pt-pt\/#\/schema\/logo\/image\/","url":"https:\/\/iha-race.com\/wp-content\/uploads\/2018\/07\/iha-race-drones-de-carreras-tienda-comprar-drones.png","contentUrl":"https:\/\/iha-race.com\/wp-content\/uploads\/2018\/07\/iha-race-drones-de-carreras-tienda-comprar-drones.png","width":300,"height":100,"caption":"Iha Race"},"image":{"@id":"https:\/\/iha-race.com\/pt-pt\/#\/schema\/logo\/image\/"}}]}},"jetpack_sharing_enabled":true,"brands":[],"_links":{"self":[{"href":"https:\/\/iha-race.com\/pt-pt\/wp-json\/wp\/v2\/product\/111356","targetHints":{"allow":["GET"]}}],"collection":[{"href":"https:\/\/iha-race.com\/pt-pt\/wp-json\/wp\/v2\/product"}],"about":[{"href":"https:\/\/iha-race.com\/pt-pt\/wp-json\/wp\/v2\/types\/product"}],"replies":[{"embeddable":true,"href":"https:\/\/iha-race.com\/pt-pt\/wp-json\/wp\/v2\/comments?post=111356"}],"version-history":[{"count":1,"href":"https:\/\/iha-race.com\/pt-pt\/wp-json\/wp\/v2\/product\/111356\/revisions"}],"predecessor-version":[{"id":250825,"href":"https:\/\/iha-race.com\/pt-pt\/wp-json\/wp\/v2\/product\/111356\/revisions\/250825"}],"wp:featuredmedia":[{"embeddable":true,"href":"https:\/\/iha-race.com\/pt-pt\/wp-json\/wp\/v2\/media\/96411"}],"wp:attachment":[{"href":"https:\/\/iha-race.com\/pt-pt\/wp-json\/wp\/v2\/media?parent=111356"}],"wp:term":[{"taxonomy":"pwb-brand","embeddable":true,"href":"https:\/\/iha-race.com\/pt-pt\/wp-json\/wp\/v2\/pwb-brand?post=111356"},{"taxonomy":"product_cat","embeddable":true,"href":"https:\/\/iha-race.com\/pt-pt\/wp-json\/wp\/v2\/product_cat?post=111356"},{"taxonomy":"product_tag","embeddable":true,"href":"https:\/\/iha-race.com\/pt-pt\/wp-json\/wp\/v2\/product_tag?post=111356"}],"curies":[{"name":"wp","href":"https:\/\/api.w.org\/{rel}","templated":true}]}}