{"id":111347,"date":"2018-07-16T12:38:34","date_gmt":"2018-07-16T10:38:34","guid":{"rendered":"https:\/\/iha-race.com\/producto\/cabo-servo-foxeer-para-as-camaras-arrow-mini-e-micro\/"},"modified":"2024-09-02T14:02:07","modified_gmt":"2024-09-02T12:02:07","slug":"cable-de-servo-foxeer-cabo-por-camera-arrow-mini-and-micro","status":"publish","type":"product","link":"https:\/\/iha-race.com\/pt-pt\/produto\/cable-de-servo-foxeer-cabo-por-camera-arrow-mini-and-micro\/","title":{"rendered":"Cabo servo Foxeer para as c\u00e2maras Arrow Mini e Micro"},"content":{"rendered":"<h3>Cabo servo Foxeer para as c\u00e2maras Arrow Mini e Micro<\/h3>\n","protected":false},"excerpt":{"rendered":"<p>Cabo servo Foxeer para as c\u00e2maras Arrow Mini e Micro<\/p>\n","protected":false},"featured_media":94024,"comment_status":"open","ping_status":"closed","template":"","meta":{"_joinchat":[]},"pwb-brand":[],"product_cat":[1168,1208],"product_tag":[],"class_list":{"0":"post-111347","1":"product","2":"type-product","3":"status-publish","4":"has-post-thumbnail","6":"product_cat-camaras-fpv","7":"product_cat-pecas-sobresselentes-para-camaras","9":"first","10":"instock","11":"taxable","12":"shipping-taxable","13":"purchasable","14":"product-type-simple"},"barcode":null,"atum_controlled":true,"out_stock_date":null,"out_stock_threshold":null,"inheritable":false,"stock_on_hold":0,"sold_today":0,"sales_last_days":0,"out_stock_days":0,"lost_sales":0,"update_date":"2026-04-16T08:17:40","atum_locations":[],"atum_stock_status":"instock","restock_status":false,"low_stock_amount":"","sales_update_date":"2026-04-16T08:17:40","calc_backorders":null,"yoast_head":"<!-- This site is optimized with the Yoast SEO plugin v27.3 - https:\/\/yoast.com\/product\/yoast-seo-wordpress\/ -->\n<title>Cabo servo Foxeer para as c\u00e2maras Arrow Mini e Micro - Iha Race<\/title>\n<meta name=\"robots\" content=\"index, follow, max-snippet:-1, max-image-preview:large, max-video-preview:-1\" \/>\n<link rel=\"canonical\" href=\"https:\/\/iha-race.com\/pt-pt\/produto\/cable-de-servo-foxeer-cabo-por-camera-arrow-mini-and-micro\/\" \/>\n<meta property=\"og:locale\" content=\"pt_PT\" \/>\n<meta property=\"og:type\" content=\"article\" \/>\n<meta property=\"og:title\" content=\"Cabo servo Foxeer para as c\u00e2maras Arrow Mini e Micro - Iha Race\" \/>\n<meta property=\"og:description\" content=\"Cabo servo Foxeer para as c\u00e2maras Arrow Mini e Micro\" \/>\n<meta property=\"og:url\" content=\"https:\/\/iha-race.com\/pt-pt\/produto\/cable-de-servo-foxeer-cabo-por-camera-arrow-mini-and-micro\/\" \/>\n<meta property=\"og:site_name\" content=\"Iha Race\" \/>\n<meta property=\"article:modified_time\" content=\"2024-09-02T12:02:07+00:00\" \/>\n<meta property=\"og:image\" content=\"https:\/\/iha-race.com\/wp-content\/uploads\/2018\/07\/cable-de-servo-foxeer-para-camara-arrow-mini-y-micro-1.jpg\" \/>\n\t<meta property=\"og:image:width\" content=\"800\" \/>\n\t<meta property=\"og:image:height\" content=\"800\" \/>\n\t<meta property=\"og:image:type\" content=\"image\/jpeg\" \/>\n<meta name=\"twitter:card\" content=\"summary_large_image\" \/>\n<script type=\"application\/ld+json\" class=\"yoast-schema-graph\">{\"@context\":\"https:\\\/\\\/schema.org\",\"@graph\":[{\"@type\":\"WebPage\",\"@id\":\"https:\\\/\\\/iha-race.com\\\/pt-pt\\\/produto\\\/cable-de-servo-foxeer-cabo-por-camera-arrow-mini-and-micro\\\/\",\"url\":\"https:\\\/\\\/iha-race.com\\\/pt-pt\\\/produto\\\/cable-de-servo-foxeer-cabo-por-camera-arrow-mini-and-micro\\\/\",\"name\":\"Cabo servo Foxeer para as c\u00e2maras Arrow Mini e Micro - Iha Race\",\"isPartOf\":{\"@id\":\"https:\\\/\\\/iha-race.com\\\/pt-pt\\\/#website\"},\"primaryImageOfPage\":{\"@id\":\"https:\\\/\\\/iha-race.com\\\/pt-pt\\\/produto\\\/cable-de-servo-foxeer-cabo-por-camera-arrow-mini-and-micro\\\/#primaryimage\"},\"image\":{\"@id\":\"https:\\\/\\\/iha-race.com\\\/pt-pt\\\/produto\\\/cable-de-servo-foxeer-cabo-por-camera-arrow-mini-and-micro\\\/#primaryimage\"},\"thumbnailUrl\":\"https:\\\/\\\/iha-race.com\\\/wp-content\\\/uploads\\\/2018\\\/07\\\/cable-de-servo-foxeer-para-camara-arrow-mini-y-micro-1.jpg\",\"datePublished\":\"2018-07-16T10:38:34+00:00\",\"dateModified\":\"2024-09-02T12:02:07+00:00\",\"breadcrumb\":{\"@id\":\"https:\\\/\\\/iha-race.com\\\/pt-pt\\\/produto\\\/cable-de-servo-foxeer-cabo-por-camera-arrow-mini-and-micro\\\/#breadcrumb\"},\"inLanguage\":\"pt-PT\",\"potentialAction\":[{\"@type\":\"ReadAction\",\"target\":[\"https:\\\/\\\/iha-race.com\\\/pt-pt\\\/produto\\\/cable-de-servo-foxeer-cabo-por-camera-arrow-mini-and-micro\\\/\"]}]},{\"@type\":\"ImageObject\",\"inLanguage\":\"pt-PT\",\"@id\":\"https:\\\/\\\/iha-race.com\\\/pt-pt\\\/produto\\\/cable-de-servo-foxeer-cabo-por-camera-arrow-mini-and-micro\\\/#primaryimage\",\"url\":\"https:\\\/\\\/iha-race.com\\\/wp-content\\\/uploads\\\/2018\\\/07\\\/cable-de-servo-foxeer-para-camara-arrow-mini-y-micro-1.jpg\",\"contentUrl\":\"https:\\\/\\\/iha-race.com\\\/wp-content\\\/uploads\\\/2018\\\/07\\\/cable-de-servo-foxeer-para-camara-arrow-mini-y-micro-1.jpg\",\"width\":800,\"height\":800,\"caption\":\"cable-de-servo-foxeer-cabo por-camera-arrow-mini-and-micro\"},{\"@type\":\"BreadcrumbList\",\"@id\":\"https:\\\/\\\/iha-race.com\\\/pt-pt\\\/produto\\\/cable-de-servo-foxeer-cabo-por-camera-arrow-mini-and-micro\\\/#breadcrumb\",\"itemListElement\":[{\"@type\":\"ListItem\",\"position\":1,\"name\":\"Portada\",\"item\":\"https:\\\/\\\/iha-race.com\\\/pt-pt\\\/elementor-499\\\/\"},{\"@type\":\"ListItem\",\"position\":2,\"name\":\"Shop\",\"item\":\"https:\\\/\\\/iha-race.com\\\/pt-pt\\\/shop\\\/\"},{\"@type\":\"ListItem\",\"position\":3,\"name\":\"Cabo servo Foxeer para as c\u00e2maras Arrow Mini e Micro\"}]},{\"@type\":\"WebSite\",\"@id\":\"https:\\\/\\\/iha-race.com\\\/pt-pt\\\/#website\",\"url\":\"https:\\\/\\\/iha-race.com\\\/pt-pt\\\/\",\"name\":\"Iha Race\",\"description\":\"Comprar drones de carreras FPV env\u00edos en un d\u00eda desde Espa\u00f1a\",\"publisher\":{\"@id\":\"https:\\\/\\\/iha-race.com\\\/pt-pt\\\/#organization\"},\"potentialAction\":[{\"@type\":\"SearchAction\",\"target\":{\"@type\":\"EntryPoint\",\"urlTemplate\":\"https:\\\/\\\/iha-race.com\\\/pt-pt\\\/?s={search_term_string}\"},\"query-input\":{\"@type\":\"PropertyValueSpecification\",\"valueRequired\":true,\"valueName\":\"search_term_string\"}}],\"inLanguage\":\"pt-PT\"},{\"@type\":\"Organization\",\"@id\":\"https:\\\/\\\/iha-race.com\\\/pt-pt\\\/#organization\",\"name\":\"Iha Race\",\"url\":\"https:\\\/\\\/iha-race.com\\\/pt-pt\\\/\",\"logo\":{\"@type\":\"ImageObject\",\"inLanguage\":\"pt-PT\",\"@id\":\"https:\\\/\\\/iha-race.com\\\/pt-pt\\\/#\\\/schema\\\/logo\\\/image\\\/\",\"url\":\"https:\\\/\\\/iha-race.com\\\/wp-content\\\/uploads\\\/2018\\\/07\\\/iha-race-drones-de-carreras-tienda-comprar-drones.png\",\"contentUrl\":\"https:\\\/\\\/iha-race.com\\\/wp-content\\\/uploads\\\/2018\\\/07\\\/iha-race-drones-de-carreras-tienda-comprar-drones.png\",\"width\":300,\"height\":100,\"caption\":\"Iha Race\"},\"image\":{\"@id\":\"https:\\\/\\\/iha-race.com\\\/pt-pt\\\/#\\\/schema\\\/logo\\\/image\\\/\"}}]}<\/script>\n<!-- \/ Yoast SEO plugin. -->","yoast_head_json":{"title":"Cabo servo Foxeer para as c\u00e2maras Arrow Mini e Micro - Iha Race","robots":{"index":"index","follow":"follow","max-snippet":"max-snippet:-1","max-image-preview":"max-image-preview:large","max-video-preview":"max-video-preview:-1"},"canonical":"https:\/\/iha-race.com\/pt-pt\/produto\/cable-de-servo-foxeer-cabo-por-camera-arrow-mini-and-micro\/","og_locale":"pt_PT","og_type":"article","og_title":"Cabo servo Foxeer para as c\u00e2maras Arrow Mini e Micro - Iha Race","og_description":"Cabo servo Foxeer para as c\u00e2maras Arrow Mini e Micro","og_url":"https:\/\/iha-race.com\/pt-pt\/produto\/cable-de-servo-foxeer-cabo-por-camera-arrow-mini-and-micro\/","og_site_name":"Iha Race","article_modified_time":"2024-09-02T12:02:07+00:00","og_image":[{"width":800,"height":800,"url":"https:\/\/iha-race.com\/wp-content\/uploads\/2018\/07\/cable-de-servo-foxeer-para-camara-arrow-mini-y-micro-1.jpg","type":"image\/jpeg"}],"twitter_card":"summary_large_image","schema":{"@context":"https:\/\/schema.org","@graph":[{"@type":"WebPage","@id":"https:\/\/iha-race.com\/pt-pt\/produto\/cable-de-servo-foxeer-cabo-por-camera-arrow-mini-and-micro\/","url":"https:\/\/iha-race.com\/pt-pt\/produto\/cable-de-servo-foxeer-cabo-por-camera-arrow-mini-and-micro\/","name":"Cabo servo Foxeer para as c\u00e2maras Arrow Mini e Micro - Iha Race","isPartOf":{"@id":"https:\/\/iha-race.com\/pt-pt\/#website"},"primaryImageOfPage":{"@id":"https:\/\/iha-race.com\/pt-pt\/produto\/cable-de-servo-foxeer-cabo-por-camera-arrow-mini-and-micro\/#primaryimage"},"image":{"@id":"https:\/\/iha-race.com\/pt-pt\/produto\/cable-de-servo-foxeer-cabo-por-camera-arrow-mini-and-micro\/#primaryimage"},"thumbnailUrl":"https:\/\/iha-race.com\/wp-content\/uploads\/2018\/07\/cable-de-servo-foxeer-para-camara-arrow-mini-y-micro-1.jpg","datePublished":"2018-07-16T10:38:34+00:00","dateModified":"2024-09-02T12:02:07+00:00","breadcrumb":{"@id":"https:\/\/iha-race.com\/pt-pt\/produto\/cable-de-servo-foxeer-cabo-por-camera-arrow-mini-and-micro\/#breadcrumb"},"inLanguage":"pt-PT","potentialAction":[{"@type":"ReadAction","target":["https:\/\/iha-race.com\/pt-pt\/produto\/cable-de-servo-foxeer-cabo-por-camera-arrow-mini-and-micro\/"]}]},{"@type":"ImageObject","inLanguage":"pt-PT","@id":"https:\/\/iha-race.com\/pt-pt\/produto\/cable-de-servo-foxeer-cabo-por-camera-arrow-mini-and-micro\/#primaryimage","url":"https:\/\/iha-race.com\/wp-content\/uploads\/2018\/07\/cable-de-servo-foxeer-para-camara-arrow-mini-y-micro-1.jpg","contentUrl":"https:\/\/iha-race.com\/wp-content\/uploads\/2018\/07\/cable-de-servo-foxeer-para-camara-arrow-mini-y-micro-1.jpg","width":800,"height":800,"caption":"cable-de-servo-foxeer-cabo por-camera-arrow-mini-and-micro"},{"@type":"BreadcrumbList","@id":"https:\/\/iha-race.com\/pt-pt\/produto\/cable-de-servo-foxeer-cabo-por-camera-arrow-mini-and-micro\/#breadcrumb","itemListElement":[{"@type":"ListItem","position":1,"name":"Portada","item":"https:\/\/iha-race.com\/pt-pt\/elementor-499\/"},{"@type":"ListItem","position":2,"name":"Shop","item":"https:\/\/iha-race.com\/pt-pt\/shop\/"},{"@type":"ListItem","position":3,"name":"Cabo servo Foxeer para as c\u00e2maras Arrow Mini e Micro"}]},{"@type":"WebSite","@id":"https:\/\/iha-race.com\/pt-pt\/#website","url":"https:\/\/iha-race.com\/pt-pt\/","name":"Iha Race","description":"Comprar drones de carreras FPV env\u00edos en un d\u00eda desde Espa\u00f1a","publisher":{"@id":"https:\/\/iha-race.com\/pt-pt\/#organization"},"potentialAction":[{"@type":"SearchAction","target":{"@type":"EntryPoint","urlTemplate":"https:\/\/iha-race.com\/pt-pt\/?s={search_term_string}"},"query-input":{"@type":"PropertyValueSpecification","valueRequired":true,"valueName":"search_term_string"}}],"inLanguage":"pt-PT"},{"@type":"Organization","@id":"https:\/\/iha-race.com\/pt-pt\/#organization","name":"Iha Race","url":"https:\/\/iha-race.com\/pt-pt\/","logo":{"@type":"ImageObject","inLanguage":"pt-PT","@id":"https:\/\/iha-race.com\/pt-pt\/#\/schema\/logo\/image\/","url":"https:\/\/iha-race.com\/wp-content\/uploads\/2018\/07\/iha-race-drones-de-carreras-tienda-comprar-drones.png","contentUrl":"https:\/\/iha-race.com\/wp-content\/uploads\/2018\/07\/iha-race-drones-de-carreras-tienda-comprar-drones.png","width":300,"height":100,"caption":"Iha Race"},"image":{"@id":"https:\/\/iha-race.com\/pt-pt\/#\/schema\/logo\/image\/"}}]}},"brands":[],"_links":{"self":[{"href":"https:\/\/iha-race.com\/pt-pt\/wp-json\/wp\/v2\/product\/111347","targetHints":{"allow":["GET"]}}],"collection":[{"href":"https:\/\/iha-race.com\/pt-pt\/wp-json\/wp\/v2\/product"}],"about":[{"href":"https:\/\/iha-race.com\/pt-pt\/wp-json\/wp\/v2\/types\/product"}],"replies":[{"embeddable":true,"href":"https:\/\/iha-race.com\/pt-pt\/wp-json\/wp\/v2\/comments?post=111347"}],"version-history":[{"count":1,"href":"https:\/\/iha-race.com\/pt-pt\/wp-json\/wp\/v2\/product\/111347\/revisions"}],"predecessor-version":[{"id":116631,"href":"https:\/\/iha-race.com\/pt-pt\/wp-json\/wp\/v2\/product\/111347\/revisions\/116631"}],"wp:featuredmedia":[{"embeddable":true,"href":"https:\/\/iha-race.com\/pt-pt\/wp-json\/wp\/v2\/media\/94024"}],"wp:attachment":[{"href":"https:\/\/iha-race.com\/pt-pt\/wp-json\/wp\/v2\/media?parent=111347"}],"wp:term":[{"taxonomy":"pwb-brand","embeddable":true,"href":"https:\/\/iha-race.com\/pt-pt\/wp-json\/wp\/v2\/pwb-brand?post=111347"},{"taxonomy":"product_cat","embeddable":true,"href":"https:\/\/iha-race.com\/pt-pt\/wp-json\/wp\/v2\/product_cat?post=111347"},{"taxonomy":"product_tag","embeddable":true,"href":"https:\/\/iha-race.com\/pt-pt\/wp-json\/wp\/v2\/product_tag?post=111347"}],"curies":[{"name":"wp","href":"https:\/\/api.w.org\/{rel}","templated":true}]}}