{"id":111151,"date":"2018-07-23T07:20:00","date_gmt":"2018-07-23T05:20:00","guid":{"rendered":"https:\/\/iha-race.com\/producto\/emax-es3302-servo-metal-analogico-4-8-6v\/"},"modified":"2024-08-29T16:43:06","modified_gmt":"2024-08-29T14:43:06","slug":"servo-emax-es3302-metal-analogico-4-8-6v","status":"publish","type":"product","link":"https:\/\/iha-race.com\/pt-pt\/produto\/servo-emax-es3302-metal-analogico-4-8-6v\/","title":{"rendered":"Emax ES3302 Servo Metal-Anal\u00f3gico 4.8-6V"},"content":{"rendered":"<h2>Emax ES3302 Servo Metal-Anal\u00f3gico 4.8-6V<\/h2>\n<p><a href=\"https:\/\/iha-race.com\/wp-content\/uploads\/2018\/02\/EMX-SV-0301-DES-1.jpg\"><img fetchpriority=\"high\" decoding=\"async\" class=\" wp-image-6318\" src=\"https:\/\/iha-race.com\/wp-content\/uploads\/2018\/02\/EMX-SV-0301-DES-1.jpg\" alt=\"Emax ES3302 Servo Metal-Anal\u00f3gico 4.8-6V\" width=\"467\" height=\"773\"><\/a><\/p>\n<h3><\/h3>\n<h3 class=\"elementor-headline elementor-headline-animation-type-slide-down\" style=\"text-align: center;\"><span class=\"elementor-headline-plain-text elementor-headline-text-wrapper\">Toda a informa\u00e7\u00e3o de que precisas para<\/span> <span class=\"elementor-headline-dynamic-wrapper elementor-headline-text-wrapper\"><span class=\"elementor-headline-dynamic-text elementor-headline-text-inactive\">ligares-te, <\/span><span class=\"elementor-headline-dynamic-text elementor-headline-text-inactive\">configurar, <\/span><span class=\"elementor-headline-dynamic-text elementor-headline-text-active\">ajustar e <\/span><span class=\"elementor-headline-dynamic-text elementor-headline-text-inactive\">voar<\/span><\/span> <span class=\"elementor-headline-plain-text elementor-headline-text-wrapper\">A tua asa de r\u00e1dio-controlo pode ser encontrada em <a href=\"https:\/\/www.rcwings.es\/\" target=\"_blank\" rel=\"noopener noreferrer\"><img decoding=\"async\" class=\"aligncenter wp-image-7087 size-full\" src=\"https:\/\/iha-race.com\/wp-content\/uploads\/2018\/07\/rcwings.png\" alt=\"RCWings\" width=\"30%\" srcset=\"https:\/\/iha-race.com\/wp-content\/uploads\/2018\/07\/rcwings.png 986w, https:\/\/iha-race.com\/wp-content\/uploads\/2018\/07\/rcwings-597x132.png 597w, https:\/\/iha-race.com\/wp-content\/uploads\/2018\/07\/rcwings-300x66.png 300w, https:\/\/iha-race.com\/wp-content\/uploads\/2018\/07\/rcwings-764x169.png 764w, https:\/\/iha-race.com\/wp-content\/uploads\/2018\/07\/rcwings-1024x226.png 1024w, https:\/\/iha-race.com\/wp-content\/uploads\/2018\/07\/rcwings-788x174.png 788w\" sizes=\"(max-width: 986px) 100vw, 986px\" \/><\/a><\/span> <\/h3>\n<p>&nbsp;<\/p>\n","protected":false},"excerpt":{"rendered":"<p>Emax ES3302 Servo Metal-Anal\u00f3gico 4.8-6V Toda a informa\u00e7\u00e3o de que precisas para ligares-te, configurar, ajustar e voar A tua asa de r\u00e1dio-controlo pode ser encontrada em &nbsp;<\/p>\n","protected":false},"featured_media":94178,"comment_status":"open","ping_status":"closed","template":"","meta":{"_joinchat":[]},"pwb-brand":[],"product_cat":[1118,1060],"product_tag":[],"class_list":{"0":"post-111151","1":"product","2":"type-product","3":"status-publish","4":"has-post-thumbnail","6":"product_cat-fpv-electronica-e-acessorios","7":"product_cat-sem-categoria","9":"first","10":"outofstock","11":"taxable","12":"shipping-taxable","13":"purchasable","14":"product-type-simple"},"barcode":null,"atum_controlled":true,"out_stock_date":"2025-02-11 18:53:00","out_stock_threshold":null,"inheritable":false,"stock_on_hold":0,"sold_today":0,"sales_last_days":3,"out_stock_days":0,"lost_sales":0,"update_date":"2026-04-08T16:31:37","atum_locations":[],"atum_stock_status":"outofstock","restock_status":false,"low_stock_amount":0,"sales_update_date":"2025-02-12T14:49:42","calc_backorders":null,"yoast_head":"<!-- This site is optimized with the Yoast SEO plugin v27.3 - https:\/\/yoast.com\/product\/yoast-seo-wordpress\/ -->\n<title>Emax ES3302 Servo Metal-Anal\u00f3gico 4.8-6V - Iha Race<\/title>\n<meta name=\"robots\" content=\"index, follow, max-snippet:-1, max-image-preview:large, max-video-preview:-1\" \/>\n<link rel=\"canonical\" href=\"https:\/\/iha-race.com\/pt-pt\/produto\/servo-emax-es3302-metal-analogico-4-8-6v\/\" \/>\n<meta property=\"og:locale\" content=\"pt_PT\" \/>\n<meta property=\"og:type\" content=\"article\" \/>\n<meta property=\"og:title\" content=\"Emax ES3302 Servo Metal-Anal\u00f3gico 4.8-6V - Iha Race\" \/>\n<meta property=\"og:description\" content=\"Emax ES3302 Servo Metal-Anal\u00f3gico 4.8-6V Toda a informa\u00e7\u00e3o de que precisas para ligares-te, configurar, ajustar e voar A tua asa de r\u00e1dio-controlo pode ser encontrada em &nbsp;\" \/>\n<meta property=\"og:url\" content=\"https:\/\/iha-race.com\/pt-pt\/produto\/servo-emax-es3302-metal-analogico-4-8-6v\/\" \/>\n<meta property=\"og:site_name\" content=\"Iha Race\" \/>\n<meta property=\"article:modified_time\" content=\"2024-08-29T14:43:06+00:00\" \/>\n<meta property=\"og:image\" content=\"https:\/\/iha-race.com\/wp-content\/uploads\/2018\/07\/servo-emax-es3302-metal-analogico-4-8-6v-comprar-barato-1.jpg\" \/>\n\t<meta property=\"og:image:width\" content=\"800\" \/>\n\t<meta property=\"og:image:height\" content=\"800\" \/>\n\t<meta property=\"og:image:type\" content=\"image\/jpeg\" \/>\n<meta name=\"twitter:card\" content=\"summary_large_image\" \/>\n<script type=\"application\/ld+json\" class=\"yoast-schema-graph\">{\"@context\":\"https:\\\/\\\/schema.org\",\"@graph\":[{\"@type\":\"WebPage\",\"@id\":\"https:\\\/\\\/iha-race.com\\\/pt-pt\\\/produto\\\/servo-emax-es3302-metal-analogico-4-8-6v\\\/\",\"url\":\"https:\\\/\\\/iha-race.com\\\/pt-pt\\\/produto\\\/servo-emax-es3302-metal-analogico-4-8-6v\\\/\",\"name\":\"Emax ES3302 Servo Metal-Anal\u00f3gico 4.8-6V - Iha Race\",\"isPartOf\":{\"@id\":\"https:\\\/\\\/iha-race.com\\\/pt-pt\\\/#website\"},\"primaryImageOfPage\":{\"@id\":\"https:\\\/\\\/iha-race.com\\\/pt-pt\\\/produto\\\/servo-emax-es3302-metal-analogico-4-8-6v\\\/#primaryimage\"},\"image\":{\"@id\":\"https:\\\/\\\/iha-race.com\\\/pt-pt\\\/produto\\\/servo-emax-es3302-metal-analogico-4-8-6v\\\/#primaryimage\"},\"thumbnailUrl\":\"https:\\\/\\\/iha-race.com\\\/wp-content\\\/uploads\\\/2018\\\/07\\\/servo-emax-es3302-metal-analogico-4-8-6v-comprar-barato-1.jpg\",\"datePublished\":\"2018-07-23T05:20:00+00:00\",\"dateModified\":\"2024-08-29T14:43:06+00:00\",\"breadcrumb\":{\"@id\":\"https:\\\/\\\/iha-race.com\\\/pt-pt\\\/produto\\\/servo-emax-es3302-metal-analogico-4-8-6v\\\/#breadcrumb\"},\"inLanguage\":\"pt-PT\",\"potentialAction\":[{\"@type\":\"ReadAction\",\"target\":[\"https:\\\/\\\/iha-race.com\\\/pt-pt\\\/produto\\\/servo-emax-es3302-metal-analogico-4-8-6v\\\/\"]}]},{\"@type\":\"ImageObject\",\"inLanguage\":\"pt-PT\",\"@id\":\"https:\\\/\\\/iha-race.com\\\/pt-pt\\\/produto\\\/servo-emax-es3302-metal-analogico-4-8-6v\\\/#primaryimage\",\"url\":\"https:\\\/\\\/iha-race.com\\\/wp-content\\\/uploads\\\/2018\\\/07\\\/servo-emax-es3302-metal-analogico-4-8-6v-comprar-barato-1.jpg\",\"contentUrl\":\"https:\\\/\\\/iha-race.com\\\/wp-content\\\/uploads\\\/2018\\\/07\\\/servo-emax-es3302-metal-analogico-4-8-6v-comprar-barato-1.jpg\",\"width\":800,\"height\":800,\"caption\":\"servo-emax-es3302-metal-analogico-4-8-6v-comprar-barato\"},{\"@type\":\"BreadcrumbList\",\"@id\":\"https:\\\/\\\/iha-race.com\\\/pt-pt\\\/produto\\\/servo-emax-es3302-metal-analogico-4-8-6v\\\/#breadcrumb\",\"itemListElement\":[{\"@type\":\"ListItem\",\"position\":1,\"name\":\"Portada\",\"item\":\"https:\\\/\\\/iha-race.com\\\/pt-pt\\\/elementor-499\\\/\"},{\"@type\":\"ListItem\",\"position\":2,\"name\":\"Shop\",\"item\":\"https:\\\/\\\/iha-race.com\\\/pt-pt\\\/shop\\\/\"},{\"@type\":\"ListItem\",\"position\":3,\"name\":\"Emax ES3302 Servo Metal-Anal\u00f3gico 4.8-6V\"}]},{\"@type\":\"WebSite\",\"@id\":\"https:\\\/\\\/iha-race.com\\\/pt-pt\\\/#website\",\"url\":\"https:\\\/\\\/iha-race.com\\\/pt-pt\\\/\",\"name\":\"Iha Race\",\"description\":\"Comprar drones de carreras FPV env\u00edos en un d\u00eda desde Espa\u00f1a\",\"publisher\":{\"@id\":\"https:\\\/\\\/iha-race.com\\\/pt-pt\\\/#organization\"},\"potentialAction\":[{\"@type\":\"SearchAction\",\"target\":{\"@type\":\"EntryPoint\",\"urlTemplate\":\"https:\\\/\\\/iha-race.com\\\/pt-pt\\\/?s={search_term_string}\"},\"query-input\":{\"@type\":\"PropertyValueSpecification\",\"valueRequired\":true,\"valueName\":\"search_term_string\"}}],\"inLanguage\":\"pt-PT\"},{\"@type\":\"Organization\",\"@id\":\"https:\\\/\\\/iha-race.com\\\/pt-pt\\\/#organization\",\"name\":\"Iha Race\",\"url\":\"https:\\\/\\\/iha-race.com\\\/pt-pt\\\/\",\"logo\":{\"@type\":\"ImageObject\",\"inLanguage\":\"pt-PT\",\"@id\":\"https:\\\/\\\/iha-race.com\\\/pt-pt\\\/#\\\/schema\\\/logo\\\/image\\\/\",\"url\":\"https:\\\/\\\/iha-race.com\\\/wp-content\\\/uploads\\\/2018\\\/07\\\/iha-race-drones-de-carreras-tienda-comprar-drones.png\",\"contentUrl\":\"https:\\\/\\\/iha-race.com\\\/wp-content\\\/uploads\\\/2018\\\/07\\\/iha-race-drones-de-carreras-tienda-comprar-drones.png\",\"width\":300,\"height\":100,\"caption\":\"Iha Race\"},\"image\":{\"@id\":\"https:\\\/\\\/iha-race.com\\\/pt-pt\\\/#\\\/schema\\\/logo\\\/image\\\/\"}}]}<\/script>\n<!-- \/ Yoast SEO plugin. -->","yoast_head_json":{"title":"Emax ES3302 Servo Metal-Anal\u00f3gico 4.8-6V - Iha Race","robots":{"index":"index","follow":"follow","max-snippet":"max-snippet:-1","max-image-preview":"max-image-preview:large","max-video-preview":"max-video-preview:-1"},"canonical":"https:\/\/iha-race.com\/pt-pt\/produto\/servo-emax-es3302-metal-analogico-4-8-6v\/","og_locale":"pt_PT","og_type":"article","og_title":"Emax ES3302 Servo Metal-Anal\u00f3gico 4.8-6V - Iha Race","og_description":"Emax ES3302 Servo Metal-Anal\u00f3gico 4.8-6V Toda a informa\u00e7\u00e3o de que precisas para ligares-te, configurar, ajustar e voar A tua asa de r\u00e1dio-controlo pode ser encontrada em &nbsp;","og_url":"https:\/\/iha-race.com\/pt-pt\/produto\/servo-emax-es3302-metal-analogico-4-8-6v\/","og_site_name":"Iha Race","article_modified_time":"2024-08-29T14:43:06+00:00","og_image":[{"width":800,"height":800,"url":"https:\/\/iha-race.com\/wp-content\/uploads\/2018\/07\/servo-emax-es3302-metal-analogico-4-8-6v-comprar-barato-1.jpg","type":"image\/jpeg"}],"twitter_card":"summary_large_image","schema":{"@context":"https:\/\/schema.org","@graph":[{"@type":"WebPage","@id":"https:\/\/iha-race.com\/pt-pt\/produto\/servo-emax-es3302-metal-analogico-4-8-6v\/","url":"https:\/\/iha-race.com\/pt-pt\/produto\/servo-emax-es3302-metal-analogico-4-8-6v\/","name":"Emax ES3302 Servo Metal-Anal\u00f3gico 4.8-6V - Iha Race","isPartOf":{"@id":"https:\/\/iha-race.com\/pt-pt\/#website"},"primaryImageOfPage":{"@id":"https:\/\/iha-race.com\/pt-pt\/produto\/servo-emax-es3302-metal-analogico-4-8-6v\/#primaryimage"},"image":{"@id":"https:\/\/iha-race.com\/pt-pt\/produto\/servo-emax-es3302-metal-analogico-4-8-6v\/#primaryimage"},"thumbnailUrl":"https:\/\/iha-race.com\/wp-content\/uploads\/2018\/07\/servo-emax-es3302-metal-analogico-4-8-6v-comprar-barato-1.jpg","datePublished":"2018-07-23T05:20:00+00:00","dateModified":"2024-08-29T14:43:06+00:00","breadcrumb":{"@id":"https:\/\/iha-race.com\/pt-pt\/produto\/servo-emax-es3302-metal-analogico-4-8-6v\/#breadcrumb"},"inLanguage":"pt-PT","potentialAction":[{"@type":"ReadAction","target":["https:\/\/iha-race.com\/pt-pt\/produto\/servo-emax-es3302-metal-analogico-4-8-6v\/"]}]},{"@type":"ImageObject","inLanguage":"pt-PT","@id":"https:\/\/iha-race.com\/pt-pt\/produto\/servo-emax-es3302-metal-analogico-4-8-6v\/#primaryimage","url":"https:\/\/iha-race.com\/wp-content\/uploads\/2018\/07\/servo-emax-es3302-metal-analogico-4-8-6v-comprar-barato-1.jpg","contentUrl":"https:\/\/iha-race.com\/wp-content\/uploads\/2018\/07\/servo-emax-es3302-metal-analogico-4-8-6v-comprar-barato-1.jpg","width":800,"height":800,"caption":"servo-emax-es3302-metal-analogico-4-8-6v-comprar-barato"},{"@type":"BreadcrumbList","@id":"https:\/\/iha-race.com\/pt-pt\/produto\/servo-emax-es3302-metal-analogico-4-8-6v\/#breadcrumb","itemListElement":[{"@type":"ListItem","position":1,"name":"Portada","item":"https:\/\/iha-race.com\/pt-pt\/elementor-499\/"},{"@type":"ListItem","position":2,"name":"Shop","item":"https:\/\/iha-race.com\/pt-pt\/shop\/"},{"@type":"ListItem","position":3,"name":"Emax ES3302 Servo Metal-Anal\u00f3gico 4.8-6V"}]},{"@type":"WebSite","@id":"https:\/\/iha-race.com\/pt-pt\/#website","url":"https:\/\/iha-race.com\/pt-pt\/","name":"Iha Race","description":"Comprar drones de carreras FPV env\u00edos en un d\u00eda desde Espa\u00f1a","publisher":{"@id":"https:\/\/iha-race.com\/pt-pt\/#organization"},"potentialAction":[{"@type":"SearchAction","target":{"@type":"EntryPoint","urlTemplate":"https:\/\/iha-race.com\/pt-pt\/?s={search_term_string}"},"query-input":{"@type":"PropertyValueSpecification","valueRequired":true,"valueName":"search_term_string"}}],"inLanguage":"pt-PT"},{"@type":"Organization","@id":"https:\/\/iha-race.com\/pt-pt\/#organization","name":"Iha Race","url":"https:\/\/iha-race.com\/pt-pt\/","logo":{"@type":"ImageObject","inLanguage":"pt-PT","@id":"https:\/\/iha-race.com\/pt-pt\/#\/schema\/logo\/image\/","url":"https:\/\/iha-race.com\/wp-content\/uploads\/2018\/07\/iha-race-drones-de-carreras-tienda-comprar-drones.png","contentUrl":"https:\/\/iha-race.com\/wp-content\/uploads\/2018\/07\/iha-race-drones-de-carreras-tienda-comprar-drones.png","width":300,"height":100,"caption":"Iha Race"},"image":{"@id":"https:\/\/iha-race.com\/pt-pt\/#\/schema\/logo\/image\/"}}]}},"brands":[],"_links":{"self":[{"href":"https:\/\/iha-race.com\/pt-pt\/wp-json\/wp\/v2\/product\/111151","targetHints":{"allow":["GET"]}}],"collection":[{"href":"https:\/\/iha-race.com\/pt-pt\/wp-json\/wp\/v2\/product"}],"about":[{"href":"https:\/\/iha-race.com\/pt-pt\/wp-json\/wp\/v2\/types\/product"}],"replies":[{"embeddable":true,"href":"https:\/\/iha-race.com\/pt-pt\/wp-json\/wp\/v2\/comments?post=111151"}],"version-history":[{"count":2,"href":"https:\/\/iha-race.com\/pt-pt\/wp-json\/wp\/v2\/product\/111151\/revisions"}],"predecessor-version":[{"id":250601,"href":"https:\/\/iha-race.com\/pt-pt\/wp-json\/wp\/v2\/product\/111151\/revisions\/250601"}],"wp:featuredmedia":[{"embeddable":true,"href":"https:\/\/iha-race.com\/pt-pt\/wp-json\/wp\/v2\/media\/94178"}],"wp:attachment":[{"href":"https:\/\/iha-race.com\/pt-pt\/wp-json\/wp\/v2\/media?parent=111151"}],"wp:term":[{"taxonomy":"pwb-brand","embeddable":true,"href":"https:\/\/iha-race.com\/pt-pt\/wp-json\/wp\/v2\/pwb-brand?post=111151"},{"taxonomy":"product_cat","embeddable":true,"href":"https:\/\/iha-race.com\/pt-pt\/wp-json\/wp\/v2\/product_cat?post=111151"},{"taxonomy":"product_tag","embeddable":true,"href":"https:\/\/iha-race.com\/pt-pt\/wp-json\/wp\/v2\/product_tag?post=111151"}],"curies":[{"name":"wp","href":"https:\/\/api.w.org\/{rel}","templated":true}]}}