{"id":111141,"date":"2018-07-20T07:19:26","date_gmt":"2018-07-20T05:19:26","guid":{"rendered":"https:\/\/iha-race.com\/producto\/porcas-autoblocantes-m5-de-aluminio-varias-cores-fio-direito-4-pecas\/"},"modified":"2026-04-19T09:57:19","modified_gmt":"2026-04-19T07:57:19","slug":"auto-travamento-m5-aluminio-variantes-cores-e-direito-4-partes","status":"publish","type":"product","link":"https:\/\/iha-race.com\/pt-pt\/produto\/auto-travamento-m5-aluminio-variantes-cores-e-direito-4-partes\/","title":{"rendered":"Porcas autoblocantes M5 de alum\u00ednio, v\u00e1rias cores, fio direito (4 pe\u00e7as)"},"content":{"rendered":"<h2>Porcas autoblocantes M5 de alum\u00ednio, v\u00e1rias cores, fio direito (4 pe\u00e7as)<\/h2>\n<ul>\n<li>Porcas de alum\u00ednio autoblocantes em v\u00e1rias cores.<\/li>\n<li>M\u00e9trico 5 mm com inser\u00e7\u00f5es de nylon.<\/li>\n<\/ul>\n<h3>Caracter\u00edsticas:<\/h3>\n<ul>\n<li>Especialmente para motores FPV.<\/li>\n<li>Garantimos leveza, acabamento de qualidade e seguran\u00e7a para o nosso Drone.<\/li>\n<\/ul>\n<p>  \u00c9 importante utilizar parafusos de seguran\u00e7a para evitar acidentes. O desaperto de uma h\u00e9lice pode levar a um acidente com consequ\u00eancias imprevis\u00edveis. Poupar na seguran\u00e7a n\u00e3o te leva a lado nenhum.  &nbsp;<\/p>\n","protected":false},"excerpt":{"rendered":"<p>Porcas autoblocantes M5 de alum\u00ednio, v\u00e1rias cores, fio direito (4 pe\u00e7as) Porcas de alum\u00ednio autoblocantes em v\u00e1rias cores. M\u00e9trico 5 mm com inser\u00e7\u00f5es de nylon. Caracter\u00edsticas: Especialmente para motores FPV.<\/p>\n","protected":false},"featured_media":94158,"comment_status":"open","ping_status":"closed","template":"","meta":{"_joinchat":[]},"pwb-brand":[3586],"product_cat":[1083,1289,1304,1296],"product_tag":[],"class_list":{"0":"post-111141","1":"product","2":"type-product","3":"status-publish","4":"has-post-thumbnail","6":"pwb-brand-iha-race","7":"product_cat-acessorios","8":"product_cat-motores-fpv","9":"product_cat-pecas-sobressalentes-para-motores","10":"product_cat--parafusos","12":"first","13":"instock","14":"taxable","15":"shipping-taxable","16":"purchasable","17":"product-type-variable"},"barcode":null,"atum_controlled":true,"out_stock_date":null,"out_stock_threshold":null,"inheritable":true,"stock_on_hold":1,"sold_today":1,"sales_last_days":1,"out_stock_days":0,"lost_sales":0,"update_date":"2026-04-19T07:57:23","atum_locations":[],"atum_stock_status":"instock","restock_status":false,"low_stock_amount":"","sales_update_date":"2026-04-18T23:29:50","calc_backorders":null,"yoast_head":"<!-- This site is optimized with the Yoast SEO plugin v27.3 - https:\/\/yoast.com\/product\/yoast-seo-wordpress\/ -->\n<title>Porcas autoblocantes M5 de alum\u00ednio, v\u00e1rias cores, fio direito (4 pe\u00e7as) - Iha Race<\/title>\n<meta name=\"robots\" content=\"noindex, follow\" \/>\n<meta property=\"og:locale\" content=\"pt_PT\" \/>\n<meta property=\"og:type\" content=\"article\" \/>\n<meta property=\"og:title\" content=\"Porcas autoblocantes M5 de alum\u00ednio, v\u00e1rias cores, fio direito (4 pe\u00e7as) - Iha Race\" \/>\n<meta property=\"og:description\" content=\"Porcas autoblocantes M5 de alum\u00ednio, v\u00e1rias cores, fio direito (4 pe\u00e7as) Porcas de alum\u00ednio autoblocantes em v\u00e1rias cores. M\u00e9trico 5 mm com inser\u00e7\u00f5es de nylon. Caracter\u00edsticas: Especialmente para motores FPV.\" \/>\n<meta property=\"og:url\" content=\"https:\/\/iha-race.com\/pt-pt\/produto\/auto-travamento-m5-aluminio-variantes-cores-e-direito-4-partes\/\" \/>\n<meta property=\"og:site_name\" content=\"Iha Race\" \/>\n<meta property=\"article:modified_time\" content=\"2026-04-19T07:57:19+00:00\" \/>\n<meta property=\"og:image\" content=\"https:\/\/iha-race.com\/wp-content\/uploads\/2018\/07\/tuercas-autoblocantes-insercion-nylon-con-arandela-varios-colores-M3-M5.jpg\" \/>\n\t<meta property=\"og:image:width\" content=\"800\" \/>\n\t<meta property=\"og:image:height\" content=\"800\" \/>\n\t<meta property=\"og:image:type\" content=\"image\/jpeg\" \/>\n<meta name=\"twitter:card\" content=\"summary_large_image\" \/>\n<script type=\"application\/ld+json\" class=\"yoast-schema-graph\">{\"@context\":\"https:\\\/\\\/schema.org\",\"@graph\":[{\"@type\":\"WebPage\",\"@id\":\"https:\\\/\\\/iha-race.com\\\/pt-pt\\\/produto\\\/auto-travamento-m5-aluminio-variantes-cores-e-direito-4-partes\\\/\",\"url\":\"https:\\\/\\\/iha-race.com\\\/pt-pt\\\/produto\\\/auto-travamento-m5-aluminio-variantes-cores-e-direito-4-partes\\\/\",\"name\":\"Porcas autoblocantes M5 de alum\u00ednio, v\u00e1rias cores, fio direito (4 pe\u00e7as) - Iha Race\",\"isPartOf\":{\"@id\":\"https:\\\/\\\/iha-race.com\\\/pt-pt\\\/#website\"},\"primaryImageOfPage\":{\"@id\":\"https:\\\/\\\/iha-race.com\\\/pt-pt\\\/produto\\\/auto-travamento-m5-aluminio-variantes-cores-e-direito-4-partes\\\/#primaryimage\"},\"image\":{\"@id\":\"https:\\\/\\\/iha-race.com\\\/pt-pt\\\/produto\\\/auto-travamento-m5-aluminio-variantes-cores-e-direito-4-partes\\\/#primaryimage\"},\"thumbnailUrl\":\"https:\\\/\\\/iha-race.com\\\/wp-content\\\/uploads\\\/2018\\\/07\\\/tuercas-autoblocantes-insercion-nylon-con-arandela-varios-colores-M3-M5.jpg\",\"datePublished\":\"2018-07-20T05:19:26+00:00\",\"dateModified\":\"2026-04-19T07:57:19+00:00\",\"breadcrumb\":{\"@id\":\"https:\\\/\\\/iha-race.com\\\/pt-pt\\\/produto\\\/auto-travamento-m5-aluminio-variantes-cores-e-direito-4-partes\\\/#breadcrumb\"},\"inLanguage\":\"pt-PT\",\"potentialAction\":[{\"@type\":\"ReadAction\",\"target\":[\"https:\\\/\\\/iha-race.com\\\/pt-pt\\\/produto\\\/auto-travamento-m5-aluminio-variantes-cores-e-direito-4-partes\\\/\"]}]},{\"@type\":\"ImageObject\",\"inLanguage\":\"pt-PT\",\"@id\":\"https:\\\/\\\/iha-race.com\\\/pt-pt\\\/produto\\\/auto-travamento-m5-aluminio-variantes-cores-e-direito-4-partes\\\/#primaryimage\",\"url\":\"https:\\\/\\\/iha-race.com\\\/wp-content\\\/uploads\\\/2018\\\/07\\\/tuercas-autoblocantes-insercion-nylon-con-arandela-varios-colores-M3-M5.jpg\",\"contentUrl\":\"https:\\\/\\\/iha-race.com\\\/wp-content\\\/uploads\\\/2018\\\/07\\\/tuercas-autoblocantes-insercion-nylon-con-arandela-varios-colores-M3-M5.jpg\",\"width\":800,\"height\":800,\"caption\":\"auto-travamento-nozes-nozes-nozes-inser\u00e7\u00e3o-com-lavadores-variantes-cores-M3-M5\"},{\"@type\":\"BreadcrumbList\",\"@id\":\"https:\\\/\\\/iha-race.com\\\/pt-pt\\\/produto\\\/auto-travamento-m5-aluminio-variantes-cores-e-direito-4-partes\\\/#breadcrumb\",\"itemListElement\":[{\"@type\":\"ListItem\",\"position\":1,\"name\":\"Portada\",\"item\":\"https:\\\/\\\/iha-race.com\\\/pt-pt\\\/elementor-499\\\/\"},{\"@type\":\"ListItem\",\"position\":2,\"name\":\"Shop\",\"item\":\"https:\\\/\\\/iha-race.com\\\/pt-pt\\\/shop\\\/\"},{\"@type\":\"ListItem\",\"position\":3,\"name\":\"Porcas autoblocantes M5 de alum\u00ednio, v\u00e1rias cores, fio direito (4 pe\u00e7as)\"}]},{\"@type\":\"WebSite\",\"@id\":\"https:\\\/\\\/iha-race.com\\\/pt-pt\\\/#website\",\"url\":\"https:\\\/\\\/iha-race.com\\\/pt-pt\\\/\",\"name\":\"Iha Race\",\"description\":\"Comprar drones de carreras FPV env\u00edos en un d\u00eda desde Espa\u00f1a\",\"publisher\":{\"@id\":\"https:\\\/\\\/iha-race.com\\\/pt-pt\\\/#organization\"},\"potentialAction\":[{\"@type\":\"SearchAction\",\"target\":{\"@type\":\"EntryPoint\",\"urlTemplate\":\"https:\\\/\\\/iha-race.com\\\/pt-pt\\\/?s={search_term_string}\"},\"query-input\":{\"@type\":\"PropertyValueSpecification\",\"valueRequired\":true,\"valueName\":\"search_term_string\"}}],\"inLanguage\":\"pt-PT\"},{\"@type\":\"Organization\",\"@id\":\"https:\\\/\\\/iha-race.com\\\/pt-pt\\\/#organization\",\"name\":\"Iha Race\",\"url\":\"https:\\\/\\\/iha-race.com\\\/pt-pt\\\/\",\"logo\":{\"@type\":\"ImageObject\",\"inLanguage\":\"pt-PT\",\"@id\":\"https:\\\/\\\/iha-race.com\\\/pt-pt\\\/#\\\/schema\\\/logo\\\/image\\\/\",\"url\":\"https:\\\/\\\/iha-race.com\\\/wp-content\\\/uploads\\\/2018\\\/07\\\/iha-race-drones-de-carreras-tienda-comprar-drones.png\",\"contentUrl\":\"https:\\\/\\\/iha-race.com\\\/wp-content\\\/uploads\\\/2018\\\/07\\\/iha-race-drones-de-carreras-tienda-comprar-drones.png\",\"width\":300,\"height\":100,\"caption\":\"Iha Race\"},\"image\":{\"@id\":\"https:\\\/\\\/iha-race.com\\\/pt-pt\\\/#\\\/schema\\\/logo\\\/image\\\/\"}}]}<\/script>\n<!-- \/ Yoast SEO plugin. -->","yoast_head_json":{"title":"Porcas autoblocantes M5 de alum\u00ednio, v\u00e1rias cores, fio direito (4 pe\u00e7as) - Iha Race","robots":{"index":"noindex","follow":"follow"},"og_locale":"pt_PT","og_type":"article","og_title":"Porcas autoblocantes M5 de alum\u00ednio, v\u00e1rias cores, fio direito (4 pe\u00e7as) - Iha Race","og_description":"Porcas autoblocantes M5 de alum\u00ednio, v\u00e1rias cores, fio direito (4 pe\u00e7as) Porcas de alum\u00ednio autoblocantes em v\u00e1rias cores. M\u00e9trico 5 mm com inser\u00e7\u00f5es de nylon. Caracter\u00edsticas: Especialmente para motores FPV.","og_url":"https:\/\/iha-race.com\/pt-pt\/produto\/auto-travamento-m5-aluminio-variantes-cores-e-direito-4-partes\/","og_site_name":"Iha Race","article_modified_time":"2026-04-19T07:57:19+00:00","og_image":[{"width":800,"height":800,"url":"https:\/\/iha-race.com\/wp-content\/uploads\/2018\/07\/tuercas-autoblocantes-insercion-nylon-con-arandela-varios-colores-M3-M5.jpg","type":"image\/jpeg"}],"twitter_card":"summary_large_image","schema":{"@context":"https:\/\/schema.org","@graph":[{"@type":"WebPage","@id":"https:\/\/iha-race.com\/pt-pt\/produto\/auto-travamento-m5-aluminio-variantes-cores-e-direito-4-partes\/","url":"https:\/\/iha-race.com\/pt-pt\/produto\/auto-travamento-m5-aluminio-variantes-cores-e-direito-4-partes\/","name":"Porcas autoblocantes M5 de alum\u00ednio, v\u00e1rias cores, fio direito (4 pe\u00e7as) - Iha Race","isPartOf":{"@id":"https:\/\/iha-race.com\/pt-pt\/#website"},"primaryImageOfPage":{"@id":"https:\/\/iha-race.com\/pt-pt\/produto\/auto-travamento-m5-aluminio-variantes-cores-e-direito-4-partes\/#primaryimage"},"image":{"@id":"https:\/\/iha-race.com\/pt-pt\/produto\/auto-travamento-m5-aluminio-variantes-cores-e-direito-4-partes\/#primaryimage"},"thumbnailUrl":"https:\/\/iha-race.com\/wp-content\/uploads\/2018\/07\/tuercas-autoblocantes-insercion-nylon-con-arandela-varios-colores-M3-M5.jpg","datePublished":"2018-07-20T05:19:26+00:00","dateModified":"2026-04-19T07:57:19+00:00","breadcrumb":{"@id":"https:\/\/iha-race.com\/pt-pt\/produto\/auto-travamento-m5-aluminio-variantes-cores-e-direito-4-partes\/#breadcrumb"},"inLanguage":"pt-PT","potentialAction":[{"@type":"ReadAction","target":["https:\/\/iha-race.com\/pt-pt\/produto\/auto-travamento-m5-aluminio-variantes-cores-e-direito-4-partes\/"]}]},{"@type":"ImageObject","inLanguage":"pt-PT","@id":"https:\/\/iha-race.com\/pt-pt\/produto\/auto-travamento-m5-aluminio-variantes-cores-e-direito-4-partes\/#primaryimage","url":"https:\/\/iha-race.com\/wp-content\/uploads\/2018\/07\/tuercas-autoblocantes-insercion-nylon-con-arandela-varios-colores-M3-M5.jpg","contentUrl":"https:\/\/iha-race.com\/wp-content\/uploads\/2018\/07\/tuercas-autoblocantes-insercion-nylon-con-arandela-varios-colores-M3-M5.jpg","width":800,"height":800,"caption":"auto-travamento-nozes-nozes-nozes-inser\u00e7\u00e3o-com-lavadores-variantes-cores-M3-M5"},{"@type":"BreadcrumbList","@id":"https:\/\/iha-race.com\/pt-pt\/produto\/auto-travamento-m5-aluminio-variantes-cores-e-direito-4-partes\/#breadcrumb","itemListElement":[{"@type":"ListItem","position":1,"name":"Portada","item":"https:\/\/iha-race.com\/pt-pt\/elementor-499\/"},{"@type":"ListItem","position":2,"name":"Shop","item":"https:\/\/iha-race.com\/pt-pt\/shop\/"},{"@type":"ListItem","position":3,"name":"Porcas autoblocantes M5 de alum\u00ednio, v\u00e1rias cores, fio direito (4 pe\u00e7as)"}]},{"@type":"WebSite","@id":"https:\/\/iha-race.com\/pt-pt\/#website","url":"https:\/\/iha-race.com\/pt-pt\/","name":"Iha Race","description":"Comprar drones de carreras FPV env\u00edos en un d\u00eda desde Espa\u00f1a","publisher":{"@id":"https:\/\/iha-race.com\/pt-pt\/#organization"},"potentialAction":[{"@type":"SearchAction","target":{"@type":"EntryPoint","urlTemplate":"https:\/\/iha-race.com\/pt-pt\/?s={search_term_string}"},"query-input":{"@type":"PropertyValueSpecification","valueRequired":true,"valueName":"search_term_string"}}],"inLanguage":"pt-PT"},{"@type":"Organization","@id":"https:\/\/iha-race.com\/pt-pt\/#organization","name":"Iha Race","url":"https:\/\/iha-race.com\/pt-pt\/","logo":{"@type":"ImageObject","inLanguage":"pt-PT","@id":"https:\/\/iha-race.com\/pt-pt\/#\/schema\/logo\/image\/","url":"https:\/\/iha-race.com\/wp-content\/uploads\/2018\/07\/iha-race-drones-de-carreras-tienda-comprar-drones.png","contentUrl":"https:\/\/iha-race.com\/wp-content\/uploads\/2018\/07\/iha-race-drones-de-carreras-tienda-comprar-drones.png","width":300,"height":100,"caption":"Iha Race"},"image":{"@id":"https:\/\/iha-race.com\/pt-pt\/#\/schema\/logo\/image\/"}}]}},"jetpack_sharing_enabled":true,"brands":[{"id":3586,"name":"IHA Race","slug":"iha-race"}],"_links":{"self":[{"href":"https:\/\/iha-race.com\/pt-pt\/wp-json\/wp\/v2\/product\/111141","targetHints":{"allow":["GET"]}}],"collection":[{"href":"https:\/\/iha-race.com\/pt-pt\/wp-json\/wp\/v2\/product"}],"about":[{"href":"https:\/\/iha-race.com\/pt-pt\/wp-json\/wp\/v2\/types\/product"}],"replies":[{"embeddable":true,"href":"https:\/\/iha-race.com\/pt-pt\/wp-json\/wp\/v2\/comments?post=111141"}],"version-history":[{"count":2,"href":"https:\/\/iha-race.com\/pt-pt\/wp-json\/wp\/v2\/product\/111141\/revisions"}],"predecessor-version":[{"id":250622,"href":"https:\/\/iha-race.com\/pt-pt\/wp-json\/wp\/v2\/product\/111141\/revisions\/250622"}],"wp:featuredmedia":[{"embeddable":true,"href":"https:\/\/iha-race.com\/pt-pt\/wp-json\/wp\/v2\/media\/94158"}],"wp:attachment":[{"href":"https:\/\/iha-race.com\/pt-pt\/wp-json\/wp\/v2\/media?parent=111141"}],"wp:term":[{"taxonomy":"pwb-brand","embeddable":true,"href":"https:\/\/iha-race.com\/pt-pt\/wp-json\/wp\/v2\/pwb-brand?post=111141"},{"taxonomy":"product_cat","embeddable":true,"href":"https:\/\/iha-race.com\/pt-pt\/wp-json\/wp\/v2\/product_cat?post=111141"},{"taxonomy":"product_tag","embeddable":true,"href":"https:\/\/iha-race.com\/pt-pt\/wp-json\/wp\/v2\/product_tag?post=111141"}],"curies":[{"name":"wp","href":"https:\/\/api.w.org\/{rel}","templated":true}]}}