{"id":111140,"date":"2018-07-23T06:26:46","date_gmt":"2018-07-23T06:26:46","guid":{"rendered":"https:\/\/iha-race.com\/producto\/hq-helice-de-8-9-10-cw-ccw\/"},"modified":"2024-08-29T16:43:39","modified_gmt":"2024-08-29T14:43:39","slug":"helice-hq-slow-flyer-8-9-10-cw-ccw","status":"publish","type":"product","link":"https:\/\/iha-race.com\/pt-pt\/produto\/helice-hq-slow-flyer-8-9-10-cw-ccw\/","title":{"rendered":"HQ H\u00e9lice de 8&#8243; 9&#8243; 10&#8243; (CW\/CCW)"},"content":{"rendered":"<h3>HQ H\u00e9lice de 8&#8243; 9&#8243; 10&#8243; (CW\/CCW)<\/h3>\n<p>  Concebido e fabricado pela HQ Prop para utiliza\u00e7\u00e3o em motores de baixa e m\u00e9dia rota\u00e7\u00e3o para drones, avi\u00f5es e asas voadoras.  <\/p>\n<h2>8\u2033 Caracter\u00edsticas:<\/h2>\n<ul>\n<li>Di\u00e2metro da h\u00e9lice: 8 polegadas<\/li>\n<li>Etapa: 4.5<\/li>\n<li>L\u00e2minas: 2<\/li>\n<li>Material: fibra de carbono<\/li>\n<li>An\u00e9is adaptadores: 6\/5\/4\/3<\/li>\n<\/ul>\n<h2>9\u2033Features:<\/h2>\n<ul>\n<li>Di\u00e2metro da h\u00e9lice: 9 polegadas<\/li>\n<li>Etapa: 4.5<\/li>\n<li>L\u00e2minas: 2<\/li>\n<li>Material: fibra de carbono<\/li>\n<li>An\u00e9is adaptadores: 6\/5\/4\/3<\/li>\n<\/ul>\n<h2>10\u2033 Caracter\u00edsticas:<\/h2>\n<ul>\n<li>Di\u00e2metro da h\u00e9lice: 10 polegadas<\/li>\n<li>Etapa: 4.5<\/li>\n<li>L\u00e2minas: 2<\/li>\n<li>Material: fibra de carbono<\/li>\n<li>An\u00e9is adaptadores: 6\/5\/4\/3<\/li>\n<\/ul>\n<h2>O pacote inclui:<\/h2>\n<ul>\n<li>2 x h\u00e9lice HQ Slow Flyer 8&#8243; 9&#8243; 10&#8243; (CW ou CCW) cor preta<\/li>\n<\/ul>\n<p>&nbsp;<\/p>\n","protected":false},"excerpt":{"rendered":"<p>HQ H\u00e9lice de 8&#8243; 9&#8243; 10&#8243; (CW\/CCW) Concebido e fabricado pela HQ Prop para utiliza\u00e7\u00e3o em motores de baixa e m\u00e9dia rota\u00e7\u00e3o para drones, avi\u00f5es e asas voadoras. 8\u2033 Caracter\u00edsticas:<\/p>\n","protected":false},"featured_media":93181,"comment_status":"open","ping_status":"closed","template":"","meta":{"_joinchat":[]},"pwb-brand":[],"product_cat":[56,132,49,131],"product_tag":[],"class_list":{"0":"post-111140","1":"product","2":"type-product","3":"status-publish","4":"has-post-thumbnail","6":"product_cat-8-9-10-11-12","7":"product_cat-bipalas","8":"product_cat-helices-para-drones","9":"product_cat-palas","11":"first","12":"instock","13":"taxable","14":"shipping-taxable","15":"purchasable","16":"product-type-variable"},"barcode":null,"atum_controlled":true,"out_stock_date":null,"out_stock_threshold":null,"inheritable":true,"stock_on_hold":0,"sold_today":0,"sales_last_days":0,"out_stock_days":0,"lost_sales":0,"update_date":"2026-04-18T23:35:01","atum_locations":[],"atum_stock_status":"instock","restock_status":false,"low_stock_amount":"","sales_update_date":"2026-04-18T23:35:01","calc_backorders":null,"yoast_head":"<!-- This site is optimized with the Yoast SEO plugin v27.3 - https:\/\/yoast.com\/product\/yoast-seo-wordpress\/ -->\n<title>HQ H\u00e9lice de 8&quot; 9&quot; 10&quot; (CW\/CCW) - Iha Race<\/title>\n<meta name=\"robots\" content=\"index, follow, max-snippet:-1, max-image-preview:large, max-video-preview:-1\" \/>\n<link rel=\"canonical\" href=\"https:\/\/iha-race.com\/pt-pt\/produto\/helice-hq-slow-flyer-8-9-10-cw-ccw\/\" \/>\n<meta property=\"og:locale\" content=\"pt_PT\" \/>\n<meta property=\"og:type\" content=\"article\" \/>\n<meta property=\"og:title\" content=\"HQ H\u00e9lice de 8&quot; 9&quot; 10&quot; (CW\/CCW) - Iha Race\" \/>\n<meta property=\"og:description\" content=\"HQ H\u00e9lice de 8&#8243; 9&#8243; 10&#8243; (CW\/CCW) Concebido e fabricado pela HQ Prop para utiliza\u00e7\u00e3o em motores de baixa e m\u00e9dia rota\u00e7\u00e3o para drones, avi\u00f5es e asas voadoras. 8\u2033 Caracter\u00edsticas:\" \/>\n<meta property=\"og:url\" content=\"https:\/\/iha-race.com\/pt-pt\/produto\/helice-hq-slow-flyer-8-9-10-cw-ccw\/\" \/>\n<meta property=\"og:site_name\" content=\"Iha Race\" \/>\n<meta property=\"article:modified_time\" content=\"2024-08-29T14:43:39+00:00\" \/>\n<meta property=\"og:image\" content=\"https:\/\/iha-race.com\/wp-content\/uploads\/2018\/07\/helice-hq-slow-flyer-arrastre-empuje-8-9-10-comprar-1.jpg\" \/>\n\t<meta property=\"og:image:width\" content=\"800\" \/>\n\t<meta property=\"og:image:height\" content=\"800\" \/>\n\t<meta property=\"og:image:type\" content=\"image\/jpeg\" \/>\n<meta name=\"twitter:card\" content=\"summary_large_image\" \/>\n<script type=\"application\/ld+json\" class=\"yoast-schema-graph\">{\"@context\":\"https:\\\/\\\/schema.org\",\"@graph\":[{\"@type\":\"WebPage\",\"@id\":\"https:\\\/\\\/iha-race.com\\\/pt-pt\\\/produto\\\/helice-hq-slow-flyer-8-9-10-cw-ccw\\\/\",\"url\":\"https:\\\/\\\/iha-race.com\\\/pt-pt\\\/produto\\\/helice-hq-slow-flyer-8-9-10-cw-ccw\\\/\",\"name\":\"HQ H\u00e9lice de 8\\\" 9\\\" 10\\\" (CW\\\/CCW) - Iha Race\",\"isPartOf\":{\"@id\":\"https:\\\/\\\/iha-race.com\\\/pt-pt\\\/#website\"},\"primaryImageOfPage\":{\"@id\":\"https:\\\/\\\/iha-race.com\\\/pt-pt\\\/produto\\\/helice-hq-slow-flyer-8-9-10-cw-ccw\\\/#primaryimage\"},\"image\":{\"@id\":\"https:\\\/\\\/iha-race.com\\\/pt-pt\\\/produto\\\/helice-hq-slow-flyer-8-9-10-cw-ccw\\\/#primaryimage\"},\"thumbnailUrl\":\"https:\\\/\\\/iha-race.com\\\/wp-content\\\/uploads\\\/2018\\\/07\\\/helice-hq-slow-flyer-arrastre-empuje-8-9-10-comprar-1.jpg\",\"datePublished\":\"2018-07-23T06:26:46+00:00\",\"dateModified\":\"2024-08-29T14:43:39+00:00\",\"breadcrumb\":{\"@id\":\"https:\\\/\\\/iha-race.com\\\/pt-pt\\\/produto\\\/helice-hq-slow-flyer-8-9-10-cw-ccw\\\/#breadcrumb\"},\"inLanguage\":\"pt-PT\",\"potentialAction\":[{\"@type\":\"ReadAction\",\"target\":[\"https:\\\/\\\/iha-race.com\\\/pt-pt\\\/produto\\\/helice-hq-slow-flyer-8-9-10-cw-ccw\\\/\"]}]},{\"@type\":\"ImageObject\",\"inLanguage\":\"pt-PT\",\"@id\":\"https:\\\/\\\/iha-race.com\\\/pt-pt\\\/produto\\\/helice-hq-slow-flyer-8-9-10-cw-ccw\\\/#primaryimage\",\"url\":\"https:\\\/\\\/iha-race.com\\\/wp-content\\\/uploads\\\/2018\\\/07\\\/helice-hq-slow-flyer-arrastre-empuje-8-9-10-comprar-1.jpg\",\"contentUrl\":\"https:\\\/\\\/iha-race.com\\\/wp-content\\\/uploads\\\/2018\\\/07\\\/helice-hq-slow-flyer-arrastre-empuje-8-9-10-comprar-1.jpg\",\"width\":800,\"height\":800,\"caption\":\"helic\u00f3ptero-hq-slow-flyer-drag-push-8-9-10-compra\"},{\"@type\":\"BreadcrumbList\",\"@id\":\"https:\\\/\\\/iha-race.com\\\/pt-pt\\\/produto\\\/helice-hq-slow-flyer-8-9-10-cw-ccw\\\/#breadcrumb\",\"itemListElement\":[{\"@type\":\"ListItem\",\"position\":1,\"name\":\"Portada\",\"item\":\"https:\\\/\\\/iha-race.com\\\/pt-pt\\\/elementor-499\\\/\"},{\"@type\":\"ListItem\",\"position\":2,\"name\":\"Shop\",\"item\":\"https:\\\/\\\/iha-race.com\\\/pt-pt\\\/shop\\\/\"},{\"@type\":\"ListItem\",\"position\":3,\"name\":\"HQ H\u00e9lice de 8&#8243; 9&#8243; 10&#8243; (CW\\\/CCW)\"}]},{\"@type\":\"WebSite\",\"@id\":\"https:\\\/\\\/iha-race.com\\\/pt-pt\\\/#website\",\"url\":\"https:\\\/\\\/iha-race.com\\\/pt-pt\\\/\",\"name\":\"Iha Race\",\"description\":\"Comprar drones de carreras FPV env\u00edos en un d\u00eda desde Espa\u00f1a\",\"publisher\":{\"@id\":\"https:\\\/\\\/iha-race.com\\\/pt-pt\\\/#organization\"},\"potentialAction\":[{\"@type\":\"SearchAction\",\"target\":{\"@type\":\"EntryPoint\",\"urlTemplate\":\"https:\\\/\\\/iha-race.com\\\/pt-pt\\\/?s={search_term_string}\"},\"query-input\":{\"@type\":\"PropertyValueSpecification\",\"valueRequired\":true,\"valueName\":\"search_term_string\"}}],\"inLanguage\":\"pt-PT\"},{\"@type\":\"Organization\",\"@id\":\"https:\\\/\\\/iha-race.com\\\/pt-pt\\\/#organization\",\"name\":\"Iha Race\",\"url\":\"https:\\\/\\\/iha-race.com\\\/pt-pt\\\/\",\"logo\":{\"@type\":\"ImageObject\",\"inLanguage\":\"pt-PT\",\"@id\":\"https:\\\/\\\/iha-race.com\\\/pt-pt\\\/#\\\/schema\\\/logo\\\/image\\\/\",\"url\":\"https:\\\/\\\/iha-race.com\\\/wp-content\\\/uploads\\\/2018\\\/07\\\/iha-race-drones-de-carreras-tienda-comprar-drones.png\",\"contentUrl\":\"https:\\\/\\\/iha-race.com\\\/wp-content\\\/uploads\\\/2018\\\/07\\\/iha-race-drones-de-carreras-tienda-comprar-drones.png\",\"width\":300,\"height\":100,\"caption\":\"Iha Race\"},\"image\":{\"@id\":\"https:\\\/\\\/iha-race.com\\\/pt-pt\\\/#\\\/schema\\\/logo\\\/image\\\/\"}}]}<\/script>\n<!-- \/ Yoast SEO plugin. -->","yoast_head_json":{"title":"HQ H\u00e9lice de 8\" 9\" 10\" (CW\/CCW) - Iha Race","robots":{"index":"index","follow":"follow","max-snippet":"max-snippet:-1","max-image-preview":"max-image-preview:large","max-video-preview":"max-video-preview:-1"},"canonical":"https:\/\/iha-race.com\/pt-pt\/produto\/helice-hq-slow-flyer-8-9-10-cw-ccw\/","og_locale":"pt_PT","og_type":"article","og_title":"HQ H\u00e9lice de 8\" 9\" 10\" (CW\/CCW) - Iha Race","og_description":"HQ H\u00e9lice de 8&#8243; 9&#8243; 10&#8243; (CW\/CCW) Concebido e fabricado pela HQ Prop para utiliza\u00e7\u00e3o em motores de baixa e m\u00e9dia rota\u00e7\u00e3o para drones, avi\u00f5es e asas voadoras. 8\u2033 Caracter\u00edsticas:","og_url":"https:\/\/iha-race.com\/pt-pt\/produto\/helice-hq-slow-flyer-8-9-10-cw-ccw\/","og_site_name":"Iha Race","article_modified_time":"2024-08-29T14:43:39+00:00","og_image":[{"width":800,"height":800,"url":"https:\/\/iha-race.com\/wp-content\/uploads\/2018\/07\/helice-hq-slow-flyer-arrastre-empuje-8-9-10-comprar-1.jpg","type":"image\/jpeg"}],"twitter_card":"summary_large_image","schema":{"@context":"https:\/\/schema.org","@graph":[{"@type":"WebPage","@id":"https:\/\/iha-race.com\/pt-pt\/produto\/helice-hq-slow-flyer-8-9-10-cw-ccw\/","url":"https:\/\/iha-race.com\/pt-pt\/produto\/helice-hq-slow-flyer-8-9-10-cw-ccw\/","name":"HQ H\u00e9lice de 8\" 9\" 10\" (CW\/CCW) - Iha Race","isPartOf":{"@id":"https:\/\/iha-race.com\/pt-pt\/#website"},"primaryImageOfPage":{"@id":"https:\/\/iha-race.com\/pt-pt\/produto\/helice-hq-slow-flyer-8-9-10-cw-ccw\/#primaryimage"},"image":{"@id":"https:\/\/iha-race.com\/pt-pt\/produto\/helice-hq-slow-flyer-8-9-10-cw-ccw\/#primaryimage"},"thumbnailUrl":"https:\/\/iha-race.com\/wp-content\/uploads\/2018\/07\/helice-hq-slow-flyer-arrastre-empuje-8-9-10-comprar-1.jpg","datePublished":"2018-07-23T06:26:46+00:00","dateModified":"2024-08-29T14:43:39+00:00","breadcrumb":{"@id":"https:\/\/iha-race.com\/pt-pt\/produto\/helice-hq-slow-flyer-8-9-10-cw-ccw\/#breadcrumb"},"inLanguage":"pt-PT","potentialAction":[{"@type":"ReadAction","target":["https:\/\/iha-race.com\/pt-pt\/produto\/helice-hq-slow-flyer-8-9-10-cw-ccw\/"]}]},{"@type":"ImageObject","inLanguage":"pt-PT","@id":"https:\/\/iha-race.com\/pt-pt\/produto\/helice-hq-slow-flyer-8-9-10-cw-ccw\/#primaryimage","url":"https:\/\/iha-race.com\/wp-content\/uploads\/2018\/07\/helice-hq-slow-flyer-arrastre-empuje-8-9-10-comprar-1.jpg","contentUrl":"https:\/\/iha-race.com\/wp-content\/uploads\/2018\/07\/helice-hq-slow-flyer-arrastre-empuje-8-9-10-comprar-1.jpg","width":800,"height":800,"caption":"helic\u00f3ptero-hq-slow-flyer-drag-push-8-9-10-compra"},{"@type":"BreadcrumbList","@id":"https:\/\/iha-race.com\/pt-pt\/produto\/helice-hq-slow-flyer-8-9-10-cw-ccw\/#breadcrumb","itemListElement":[{"@type":"ListItem","position":1,"name":"Portada","item":"https:\/\/iha-race.com\/pt-pt\/elementor-499\/"},{"@type":"ListItem","position":2,"name":"Shop","item":"https:\/\/iha-race.com\/pt-pt\/shop\/"},{"@type":"ListItem","position":3,"name":"HQ H\u00e9lice de 8&#8243; 9&#8243; 10&#8243; (CW\/CCW)"}]},{"@type":"WebSite","@id":"https:\/\/iha-race.com\/pt-pt\/#website","url":"https:\/\/iha-race.com\/pt-pt\/","name":"Iha Race","description":"Comprar drones de carreras FPV env\u00edos en un d\u00eda desde Espa\u00f1a","publisher":{"@id":"https:\/\/iha-race.com\/pt-pt\/#organization"},"potentialAction":[{"@type":"SearchAction","target":{"@type":"EntryPoint","urlTemplate":"https:\/\/iha-race.com\/pt-pt\/?s={search_term_string}"},"query-input":{"@type":"PropertyValueSpecification","valueRequired":true,"valueName":"search_term_string"}}],"inLanguage":"pt-PT"},{"@type":"Organization","@id":"https:\/\/iha-race.com\/pt-pt\/#organization","name":"Iha Race","url":"https:\/\/iha-race.com\/pt-pt\/","logo":{"@type":"ImageObject","inLanguage":"pt-PT","@id":"https:\/\/iha-race.com\/pt-pt\/#\/schema\/logo\/image\/","url":"https:\/\/iha-race.com\/wp-content\/uploads\/2018\/07\/iha-race-drones-de-carreras-tienda-comprar-drones.png","contentUrl":"https:\/\/iha-race.com\/wp-content\/uploads\/2018\/07\/iha-race-drones-de-carreras-tienda-comprar-drones.png","width":300,"height":100,"caption":"Iha Race"},"image":{"@id":"https:\/\/iha-race.com\/pt-pt\/#\/schema\/logo\/image\/"}}]}},"jetpack_sharing_enabled":true,"brands":[],"_links":{"self":[{"href":"https:\/\/iha-race.com\/pt-pt\/wp-json\/wp\/v2\/product\/111140","targetHints":{"allow":["GET"]}}],"collection":[{"href":"https:\/\/iha-race.com\/pt-pt\/wp-json\/wp\/v2\/product"}],"about":[{"href":"https:\/\/iha-race.com\/pt-pt\/wp-json\/wp\/v2\/types\/product"}],"replies":[{"embeddable":true,"href":"https:\/\/iha-race.com\/pt-pt\/wp-json\/wp\/v2\/comments?post=111140"}],"version-history":[{"count":2,"href":"https:\/\/iha-race.com\/pt-pt\/wp-json\/wp\/v2\/product\/111140\/revisions"}],"predecessor-version":[{"id":250609,"href":"https:\/\/iha-race.com\/pt-pt\/wp-json\/wp\/v2\/product\/111140\/revisions\/250609"}],"wp:featuredmedia":[{"embeddable":true,"href":"https:\/\/iha-race.com\/pt-pt\/wp-json\/wp\/v2\/media\/93181"}],"wp:attachment":[{"href":"https:\/\/iha-race.com\/pt-pt\/wp-json\/wp\/v2\/media?parent=111140"}],"wp:term":[{"taxonomy":"pwb-brand","embeddable":true,"href":"https:\/\/iha-race.com\/pt-pt\/wp-json\/wp\/v2\/pwb-brand?post=111140"},{"taxonomy":"product_cat","embeddable":true,"href":"https:\/\/iha-race.com\/pt-pt\/wp-json\/wp\/v2\/product_cat?post=111140"},{"taxonomy":"product_tag","embeddable":true,"href":"https:\/\/iha-race.com\/pt-pt\/wp-json\/wp\/v2\/product_tag?post=111140"}],"curies":[{"name":"wp","href":"https:\/\/api.w.org\/{rel}","templated":true}]}}