{"id":111073,"date":"2021-02-18T18:33:35","date_gmt":"2021-02-18T17:33:35","guid":{"rendered":"https:\/\/iha-race.com\/producto\/antena-tbs-triumph-rhcp-sma-rp-sma-2-pcs\/"},"modified":"2024-08-29T12:34:14","modified_gmt":"2024-08-29T10:34:14","slug":"antena-tbs-triumph-rhcp-sma-rp-rp-rp-sma-2-unidades","status":"publish","type":"product","link":"https:\/\/iha-race.com\/pt-pt\/produto\/antena-tbs-triumph-rhcp-sma-rp-rp-rp-sma-2-unidades\/","title":{"rendered":"Antena TBS TRIUMPH RHCP (SMA\/RP-SMA) (2 pcs.)"},"content":{"rendered":"<h2>TBS Triumph RHCP Antenas (SMA\/RP-SMA) &#8211; (2 pe\u00e7as)<\/h2>\n<p>  A revolu\u00e7\u00e3o da tecnologia circular de 5,8 GHz. Afinado \u00e0 m\u00e3o para o m\u00e1ximo ru\u00eddo e rejei\u00e7\u00e3o de reflexos. Verdadeira circularidade e grande alcance. Concebida por ningu\u00e9m menos que a IBCrazy Enquanto outras antenas se baseiam em designs copiados, a TBS Triumph d\u00e1 um passo gigante na tecnologia de antenas de 5,8 GHz. A Video Aerial Systems LLC (IBcrazy) e a Team-BlackSheep juntaram-se para reinventar o aspecto e o desempenho da moderna antena polarizada circular 5.8. Na nossa busca do sinal de v\u00eddeo mais limpo e do melhor alcance poss\u00edvel, aventuremo-nos a ir muito al\u00e9m dos l\u00f3bulos dobrados tradicionais dos desenhos de Cloverleaf e investimos muito tempo e esfor\u00e7o em encontrar os melhores desenhos de antena conhecidos pelo homem e em modific\u00e1-los especificamente para uso FPV. Ap\u00f3s uma extensa concep\u00e7\u00e3o e testes, concentr\u00e1mo-nos em assegurar que o Triunfo era suficientemente duro para resistir at\u00e9 aos abusos mais duros. Ap\u00f3s muitos voos de teste e muito feedback dos nossos pilotos, decidimos utilizar um cabo semi-r\u00edgido de alta resist\u00eancia com bainha dupla e conectores estanhados. Para prote\u00e7\u00e3o, cri\u00e1mos um inv\u00f3lucro soldado por ultra-sons preenchido com espuma especial para proteger a antena da entrada de \u00e1rvores ou outros objectos.  <\/p>\n<h2>Caracter\u00edsticas:<\/h2>\n<ul>\n<li>Fabricado e testado de acordo com os mais elevados padr\u00f5es.<\/li>\n<li>Melhor alcance na classe e qualidade do sinal<\/li>\n<li>Extra compacto e leve<\/li>\n<li>Cobertura de espuma infusa e soldada por ultra-sons para m\u00e1xima protec\u00e7\u00e3o contra choques<\/li>\n<li>Cabo semi-r\u00edgido de duplo revestimento para alta resist\u00eancia ao impacto<\/li>\n<\/ul>\n<h2>Especifica\u00e7\u00f5es:<\/h2>\n<ul>\n<li><strong>Gama de frequ\u00eancias:<\/strong> 5500-6000MHz<\/li>\n<li><strong>Ganho:<\/strong> 1,26 dB<\/li>\n<li><strong>Rela\u00e7\u00e3o axial:<\/strong> 0,74<\/li>\n<li><strong>Cabo:<\/strong> RG402 (servi\u00e7o pesado)<\/li>\n<li><strong>Peso: <\/strong> 11,5 g<\/li>\n<li><strong>Altura:<\/strong> 85 mm, 3,3 polegadas<\/li>\n<li><strong>Conector:<\/strong> SMA\/RP-SMA<\/li>\n<\/ul>\n<h2>O pacote inclui:<\/h2>\n<ul>\n<li>2 x Antenas TBS Triumph RHCP (SMA ou RP-SMA)<\/li>\n<\/ul>\n<h3 class=\"h1\">Downloads:<\/h3>\n<ul>\n<li><a href=\"https:\/\/www.team-blacksheep.com\/tbs-triumph-manual.pdf\" target=\"_blank\" rel=\"noopener\">Manual do Triunfo TBS<\/a><\/li>\n<\/ul>\n<p>&nbsp;<\/p>\n<p><a href=\"https:\/\/www.youtube.com\/watch?v=z7QVjayje4o\">V\u00cdDEO<\/a> 1 <a href=\"https:\/\/www.youtube.com\/watch?v=Ps3mVcyQGOM\">V\u00cdDEO 2V\u00cdDEO<\/a><a href=\"https:\/\/www.youtube.com\/watch?v=vkkBfHb7kBY\">3<\/a><\/p>\n<p>&nbsp;<\/p>\n","protected":false},"excerpt":{"rendered":"<p>TBS Triumph RHCP Antenas (SMA\/RP-SMA) &#8211; (2 pe\u00e7as) A revolu\u00e7\u00e3o da tecnologia circular de 5,8 GHz. Afinado \u00e0 m\u00e3o para o m\u00e1ximo ru\u00eddo e rejei\u00e7\u00e3o de reflexos. Verdadeira circularidade e<\/p>\n","protected":false},"featured_media":97991,"comment_status":"open","ping_status":"closed","template":"","meta":{"_joinchat":[]},"pwb-brand":[],"product_cat":[1198],"product_tag":[],"class_list":{"0":"post-111073","1":"product","2":"type-product","3":"status-publish","4":"has-post-thumbnail","6":"product_cat-antenas-fpv","8":"first","9":"instock","10":"taxable","11":"shipping-taxable","12":"purchasable","13":"product-type-variable"},"barcode":null,"atum_controlled":true,"out_stock_date":null,"out_stock_threshold":null,"inheritable":true,"stock_on_hold":0,"sold_today":0,"sales_last_days":0,"out_stock_days":0,"lost_sales":0,"update_date":"2026-04-16T07:36:05","atum_locations":[],"atum_stock_status":"instock","restock_status":false,"low_stock_amount":"","sales_update_date":"2026-04-16T07:36:05","calc_backorders":null,"yoast_head":"<!-- This site is optimized with the Yoast SEO plugin v27.3 - https:\/\/yoast.com\/product\/yoast-seo-wordpress\/ -->\n<title>Antena TBS TRIUMPH RHCP (SMA\/RP-SMA) (2 pcs.) - Iha Race<\/title>\n<meta name=\"robots\" content=\"index, follow, max-snippet:-1, max-image-preview:large, max-video-preview:-1\" \/>\n<link rel=\"canonical\" href=\"https:\/\/iha-race.com\/pt-pt\/produto\/antena-tbs-triumph-rhcp-sma-rp-rp-rp-sma-2-unidades\/\" \/>\n<meta property=\"og:locale\" content=\"pt_PT\" \/>\n<meta property=\"og:type\" content=\"article\" \/>\n<meta property=\"og:title\" content=\"Antena TBS TRIUMPH RHCP (SMA\/RP-SMA) (2 pcs.) - Iha Race\" \/>\n<meta property=\"og:description\" content=\"TBS Triumph RHCP Antenas (SMA\/RP-SMA) &#8211; (2 pe\u00e7as) A revolu\u00e7\u00e3o da tecnologia circular de 5,8 GHz. Afinado \u00e0 m\u00e3o para o m\u00e1ximo ru\u00eddo e rejei\u00e7\u00e3o de reflexos. Verdadeira circularidade e\" \/>\n<meta property=\"og:url\" content=\"https:\/\/iha-race.com\/pt-pt\/produto\/antena-tbs-triumph-rhcp-sma-rp-rp-rp-sma-2-unidades\/\" \/>\n<meta property=\"og:site_name\" content=\"Iha Race\" \/>\n<meta property=\"article:modified_time\" content=\"2024-08-29T10:34:14+00:00\" \/>\n<meta property=\"og:image\" content=\"https:\/\/iha-race.com\/wp-content\/uploads\/2018\/07\/Antena-TBS-TRIUMPH-RHCP-SMA-RP-SMA-2-Unidades-fpv.jpg\" \/>\n\t<meta property=\"og:image:width\" content=\"1000\" \/>\n\t<meta property=\"og:image:height\" content=\"1000\" \/>\n\t<meta property=\"og:image:type\" content=\"image\/jpeg\" \/>\n<meta name=\"twitter:card\" content=\"summary_large_image\" \/>\n<meta name=\"twitter:label1\" content=\"Tempo estimado de leitura\" \/>\n\t<meta name=\"twitter:data1\" content=\"2 minutos\" \/>\n<script type=\"application\/ld+json\" class=\"yoast-schema-graph\">{\"@context\":\"https:\\\/\\\/schema.org\",\"@graph\":[{\"@type\":\"WebPage\",\"@id\":\"https:\\\/\\\/iha-race.com\\\/pt-pt\\\/produto\\\/antena-tbs-triumph-rhcp-sma-rp-rp-rp-sma-2-unidades\\\/\",\"url\":\"https:\\\/\\\/iha-race.com\\\/pt-pt\\\/produto\\\/antena-tbs-triumph-rhcp-sma-rp-rp-rp-sma-2-unidades\\\/\",\"name\":\"Antena TBS TRIUMPH RHCP (SMA\\\/RP-SMA) (2 pcs.) - Iha Race\",\"isPartOf\":{\"@id\":\"https:\\\/\\\/iha-race.com\\\/pt-pt\\\/#website\"},\"primaryImageOfPage\":{\"@id\":\"https:\\\/\\\/iha-race.com\\\/pt-pt\\\/produto\\\/antena-tbs-triumph-rhcp-sma-rp-rp-rp-sma-2-unidades\\\/#primaryimage\"},\"image\":{\"@id\":\"https:\\\/\\\/iha-race.com\\\/pt-pt\\\/produto\\\/antena-tbs-triumph-rhcp-sma-rp-rp-rp-sma-2-unidades\\\/#primaryimage\"},\"thumbnailUrl\":\"https:\\\/\\\/iha-race.com\\\/wp-content\\\/uploads\\\/2018\\\/07\\\/Antena-TBS-TRIUMPH-RHCP-SMA-RP-SMA-2-Unidades-fpv.jpg\",\"datePublished\":\"2021-02-18T17:33:35+00:00\",\"dateModified\":\"2024-08-29T10:34:14+00:00\",\"breadcrumb\":{\"@id\":\"https:\\\/\\\/iha-race.com\\\/pt-pt\\\/produto\\\/antena-tbs-triumph-rhcp-sma-rp-rp-rp-sma-2-unidades\\\/#breadcrumb\"},\"inLanguage\":\"pt-PT\",\"potentialAction\":[{\"@type\":\"ReadAction\",\"target\":[\"https:\\\/\\\/iha-race.com\\\/pt-pt\\\/produto\\\/antena-tbs-triumph-rhcp-sma-rp-rp-rp-sma-2-unidades\\\/\"]}]},{\"@type\":\"ImageObject\",\"inLanguage\":\"pt-PT\",\"@id\":\"https:\\\/\\\/iha-race.com\\\/pt-pt\\\/produto\\\/antena-tbs-triumph-rhcp-sma-rp-rp-rp-sma-2-unidades\\\/#primaryimage\",\"url\":\"https:\\\/\\\/iha-race.com\\\/wp-content\\\/uploads\\\/2018\\\/07\\\/Antena-TBS-TRIUMPH-RHCP-SMA-RP-SMA-2-Unidades-fpv.jpg\",\"contentUrl\":\"https:\\\/\\\/iha-race.com\\\/wp-content\\\/uploads\\\/2018\\\/07\\\/Antena-TBS-TRIUMPH-RHCP-SMA-RP-SMA-2-Unidades-fpv.jpg\",\"width\":1000,\"height\":1000,\"caption\":\"comprar a antena mais barata TBS TRIUMPH RHCP Antena (SMA-RP-SMA) (2 Unidades) fpv\"},{\"@type\":\"BreadcrumbList\",\"@id\":\"https:\\\/\\\/iha-race.com\\\/pt-pt\\\/produto\\\/antena-tbs-triumph-rhcp-sma-rp-rp-rp-sma-2-unidades\\\/#breadcrumb\",\"itemListElement\":[{\"@type\":\"ListItem\",\"position\":1,\"name\":\"Portada\",\"item\":\"https:\\\/\\\/iha-race.com\\\/pt-pt\\\/elementor-499\\\/\"},{\"@type\":\"ListItem\",\"position\":2,\"name\":\"Shop\",\"item\":\"https:\\\/\\\/iha-race.com\\\/pt-pt\\\/shop\\\/\"},{\"@type\":\"ListItem\",\"position\":3,\"name\":\"Antena TBS TRIUMPH RHCP (SMA\\\/RP-SMA) (2 pcs.)\"}]},{\"@type\":\"WebSite\",\"@id\":\"https:\\\/\\\/iha-race.com\\\/pt-pt\\\/#website\",\"url\":\"https:\\\/\\\/iha-race.com\\\/pt-pt\\\/\",\"name\":\"Iha Race\",\"description\":\"Comprar drones de carreras FPV env\u00edos en un d\u00eda desde Espa\u00f1a\",\"publisher\":{\"@id\":\"https:\\\/\\\/iha-race.com\\\/pt-pt\\\/#organization\"},\"potentialAction\":[{\"@type\":\"SearchAction\",\"target\":{\"@type\":\"EntryPoint\",\"urlTemplate\":\"https:\\\/\\\/iha-race.com\\\/pt-pt\\\/?s={search_term_string}\"},\"query-input\":{\"@type\":\"PropertyValueSpecification\",\"valueRequired\":true,\"valueName\":\"search_term_string\"}}],\"inLanguage\":\"pt-PT\"},{\"@type\":\"Organization\",\"@id\":\"https:\\\/\\\/iha-race.com\\\/pt-pt\\\/#organization\",\"name\":\"Iha Race\",\"url\":\"https:\\\/\\\/iha-race.com\\\/pt-pt\\\/\",\"logo\":{\"@type\":\"ImageObject\",\"inLanguage\":\"pt-PT\",\"@id\":\"https:\\\/\\\/iha-race.com\\\/pt-pt\\\/#\\\/schema\\\/logo\\\/image\\\/\",\"url\":\"https:\\\/\\\/iha-race.com\\\/wp-content\\\/uploads\\\/2018\\\/07\\\/iha-race-drones-de-carreras-tienda-comprar-drones.png\",\"contentUrl\":\"https:\\\/\\\/iha-race.com\\\/wp-content\\\/uploads\\\/2018\\\/07\\\/iha-race-drones-de-carreras-tienda-comprar-drones.png\",\"width\":300,\"height\":100,\"caption\":\"Iha Race\"},\"image\":{\"@id\":\"https:\\\/\\\/iha-race.com\\\/pt-pt\\\/#\\\/schema\\\/logo\\\/image\\\/\"}}]}<\/script>\n<!-- \/ Yoast SEO plugin. -->","yoast_head_json":{"title":"Antena TBS TRIUMPH RHCP (SMA\/RP-SMA) (2 pcs.) - Iha Race","robots":{"index":"index","follow":"follow","max-snippet":"max-snippet:-1","max-image-preview":"max-image-preview:large","max-video-preview":"max-video-preview:-1"},"canonical":"https:\/\/iha-race.com\/pt-pt\/produto\/antena-tbs-triumph-rhcp-sma-rp-rp-rp-sma-2-unidades\/","og_locale":"pt_PT","og_type":"article","og_title":"Antena TBS TRIUMPH RHCP (SMA\/RP-SMA) (2 pcs.) - Iha Race","og_description":"TBS Triumph RHCP Antenas (SMA\/RP-SMA) &#8211; (2 pe\u00e7as) A revolu\u00e7\u00e3o da tecnologia circular de 5,8 GHz. Afinado \u00e0 m\u00e3o para o m\u00e1ximo ru\u00eddo e rejei\u00e7\u00e3o de reflexos. Verdadeira circularidade e","og_url":"https:\/\/iha-race.com\/pt-pt\/produto\/antena-tbs-triumph-rhcp-sma-rp-rp-rp-sma-2-unidades\/","og_site_name":"Iha Race","article_modified_time":"2024-08-29T10:34:14+00:00","og_image":[{"width":1000,"height":1000,"url":"https:\/\/iha-race.com\/wp-content\/uploads\/2018\/07\/Antena-TBS-TRIUMPH-RHCP-SMA-RP-SMA-2-Unidades-fpv.jpg","type":"image\/jpeg"}],"twitter_card":"summary_large_image","twitter_misc":{"Tempo estimado de leitura":"2 minutos"},"schema":{"@context":"https:\/\/schema.org","@graph":[{"@type":"WebPage","@id":"https:\/\/iha-race.com\/pt-pt\/produto\/antena-tbs-triumph-rhcp-sma-rp-rp-rp-sma-2-unidades\/","url":"https:\/\/iha-race.com\/pt-pt\/produto\/antena-tbs-triumph-rhcp-sma-rp-rp-rp-sma-2-unidades\/","name":"Antena TBS TRIUMPH RHCP (SMA\/RP-SMA) (2 pcs.) - Iha Race","isPartOf":{"@id":"https:\/\/iha-race.com\/pt-pt\/#website"},"primaryImageOfPage":{"@id":"https:\/\/iha-race.com\/pt-pt\/produto\/antena-tbs-triumph-rhcp-sma-rp-rp-rp-sma-2-unidades\/#primaryimage"},"image":{"@id":"https:\/\/iha-race.com\/pt-pt\/produto\/antena-tbs-triumph-rhcp-sma-rp-rp-rp-sma-2-unidades\/#primaryimage"},"thumbnailUrl":"https:\/\/iha-race.com\/wp-content\/uploads\/2018\/07\/Antena-TBS-TRIUMPH-RHCP-SMA-RP-SMA-2-Unidades-fpv.jpg","datePublished":"2021-02-18T17:33:35+00:00","dateModified":"2024-08-29T10:34:14+00:00","breadcrumb":{"@id":"https:\/\/iha-race.com\/pt-pt\/produto\/antena-tbs-triumph-rhcp-sma-rp-rp-rp-sma-2-unidades\/#breadcrumb"},"inLanguage":"pt-PT","potentialAction":[{"@type":"ReadAction","target":["https:\/\/iha-race.com\/pt-pt\/produto\/antena-tbs-triumph-rhcp-sma-rp-rp-rp-sma-2-unidades\/"]}]},{"@type":"ImageObject","inLanguage":"pt-PT","@id":"https:\/\/iha-race.com\/pt-pt\/produto\/antena-tbs-triumph-rhcp-sma-rp-rp-rp-sma-2-unidades\/#primaryimage","url":"https:\/\/iha-race.com\/wp-content\/uploads\/2018\/07\/Antena-TBS-TRIUMPH-RHCP-SMA-RP-SMA-2-Unidades-fpv.jpg","contentUrl":"https:\/\/iha-race.com\/wp-content\/uploads\/2018\/07\/Antena-TBS-TRIUMPH-RHCP-SMA-RP-SMA-2-Unidades-fpv.jpg","width":1000,"height":1000,"caption":"comprar a antena mais barata TBS TRIUMPH RHCP Antena (SMA-RP-SMA) (2 Unidades) fpv"},{"@type":"BreadcrumbList","@id":"https:\/\/iha-race.com\/pt-pt\/produto\/antena-tbs-triumph-rhcp-sma-rp-rp-rp-sma-2-unidades\/#breadcrumb","itemListElement":[{"@type":"ListItem","position":1,"name":"Portada","item":"https:\/\/iha-race.com\/pt-pt\/elementor-499\/"},{"@type":"ListItem","position":2,"name":"Shop","item":"https:\/\/iha-race.com\/pt-pt\/shop\/"},{"@type":"ListItem","position":3,"name":"Antena TBS TRIUMPH RHCP (SMA\/RP-SMA) (2 pcs.)"}]},{"@type":"WebSite","@id":"https:\/\/iha-race.com\/pt-pt\/#website","url":"https:\/\/iha-race.com\/pt-pt\/","name":"Iha Race","description":"Comprar drones de carreras FPV env\u00edos en un d\u00eda desde Espa\u00f1a","publisher":{"@id":"https:\/\/iha-race.com\/pt-pt\/#organization"},"potentialAction":[{"@type":"SearchAction","target":{"@type":"EntryPoint","urlTemplate":"https:\/\/iha-race.com\/pt-pt\/?s={search_term_string}"},"query-input":{"@type":"PropertyValueSpecification","valueRequired":true,"valueName":"search_term_string"}}],"inLanguage":"pt-PT"},{"@type":"Organization","@id":"https:\/\/iha-race.com\/pt-pt\/#organization","name":"Iha Race","url":"https:\/\/iha-race.com\/pt-pt\/","logo":{"@type":"ImageObject","inLanguage":"pt-PT","@id":"https:\/\/iha-race.com\/pt-pt\/#\/schema\/logo\/image\/","url":"https:\/\/iha-race.com\/wp-content\/uploads\/2018\/07\/iha-race-drones-de-carreras-tienda-comprar-drones.png","contentUrl":"https:\/\/iha-race.com\/wp-content\/uploads\/2018\/07\/iha-race-drones-de-carreras-tienda-comprar-drones.png","width":300,"height":100,"caption":"Iha Race"},"image":{"@id":"https:\/\/iha-race.com\/pt-pt\/#\/schema\/logo\/image\/"}}]}},"brands":[],"_links":{"self":[{"href":"https:\/\/iha-race.com\/pt-pt\/wp-json\/wp\/v2\/product\/111073","targetHints":{"allow":["GET"]}}],"collection":[{"href":"https:\/\/iha-race.com\/pt-pt\/wp-json\/wp\/v2\/product"}],"about":[{"href":"https:\/\/iha-race.com\/pt-pt\/wp-json\/wp\/v2\/types\/product"}],"replies":[{"embeddable":true,"href":"https:\/\/iha-race.com\/pt-pt\/wp-json\/wp\/v2\/comments?post=111073"}],"version-history":[{"count":2,"href":"https:\/\/iha-race.com\/pt-pt\/wp-json\/wp\/v2\/product\/111073\/revisions"}],"predecessor-version":[{"id":249658,"href":"https:\/\/iha-race.com\/pt-pt\/wp-json\/wp\/v2\/product\/111073\/revisions\/249658"}],"wp:featuredmedia":[{"embeddable":true,"href":"https:\/\/iha-race.com\/pt-pt\/wp-json\/wp\/v2\/media\/97991"}],"wp:attachment":[{"href":"https:\/\/iha-race.com\/pt-pt\/wp-json\/wp\/v2\/media?parent=111073"}],"wp:term":[{"taxonomy":"pwb-brand","embeddable":true,"href":"https:\/\/iha-race.com\/pt-pt\/wp-json\/wp\/v2\/pwb-brand?post=111073"},{"taxonomy":"product_cat","embeddable":true,"href":"https:\/\/iha-race.com\/pt-pt\/wp-json\/wp\/v2\/product_cat?post=111073"},{"taxonomy":"product_tag","embeddable":true,"href":"https:\/\/iha-race.com\/pt-pt\/wp-json\/wp\/v2\/product_tag?post=111073"}],"curies":[{"name":"wp","href":"https:\/\/api.w.org\/{rel}","templated":true}]}}