{"id":111056,"date":"2018-07-14T22:58:13","date_gmt":"2018-07-14T22:58:13","guid":{"rendered":"https:\/\/iha-race.com\/producto\/runcam-2-1-2-3-2-5-mm-lente-rc21-23-25-fpv-curta\/"},"modified":"2024-08-29T17:03:05","modified_gmt":"2024-08-29T15:03:05","slug":"lente-runcam-2-1-2-3-mm-rc23-fpv-short","status":"publish","type":"product","link":"https:\/\/iha-race.com\/pt-pt\/produto\/lente-runcam-2-1-2-3-mm-rc23-fpv-short\/","title":{"rendered":"RunCam 2.1 \/ 2.3 \/ 2.5 mm lente RC21-23-25 FPV Curta"},"content":{"rendered":"<h2>RunCam 2.1 \/ 2.3 \/ 2.5 mm FPV Lente curta<\/h2>\n<h3>Para Swift 1, Swift 2 e Swift Mini PZ0420 SKY<\/h3>\n<p><strong>Especifica\u00e7\u00e3o:<\/strong><\/p>\n<ul>\n<li>Dist\u00e2ncia focal (mm): 2,3<\/li>\n<li>FOV Horizontal: 115\u00b0 FOV Horizontal: 115\u00b0 FOV Horizontal: 115\u00b0 FOV Horizontal: 115<\/li>\n<li>FOV Vertical: 85 \u00b0 FOV Vertical: 85 \u00b0 FOV Vertical: 85 \u00b0 FOV Vertical: 85<\/li>\n<li>FOV: 165 \u00b0 \/ 150 \u00b0 \/ 130 \u00b0<\/li>\n<li>Peso: 4,0 g<\/li>\n<li>Abertura (F): 2.0<\/li>\n<li>Montar: 12 * 0,5<\/li>\n<li>Formato (polegadas): 1\/3<\/li>\n<li>MOD (m): 0,1<\/li>\n<\/ul>\n","protected":false},"excerpt":{"rendered":"<p>RunCam 2.1 \/ 2.3 \/ 2.5 mm FPV Lente curta Para Swift 1, Swift 2 e Swift Mini PZ0420 SKY Especifica\u00e7\u00e3o: Dist\u00e2ncia focal (mm): 2,3 FOV Horizontal: 115\u00b0 FOV Horizontal:<\/p>\n","protected":false},"featured_media":94000,"comment_status":"open","ping_status":"closed","template":"","meta":{"_joinchat":[]},"pwb-brand":[],"product_cat":[1168,1177],"product_tag":[],"class_list":{"0":"post-111056","1":"product","2":"type-product","3":"status-publish","4":"has-post-thumbnail","6":"product_cat-camaras-fpv","7":"product_cat-lentes-pt-pt","9":"first","10":"instock","11":"taxable","12":"shipping-taxable","13":"purchasable","14":"product-type-variable"},"barcode":null,"atum_controlled":true,"out_stock_date":null,"out_stock_threshold":null,"inheritable":true,"stock_on_hold":0,"sold_today":0,"sales_last_days":0,"out_stock_days":0,"lost_sales":0,"update_date":"2026-03-21T10:55:20","atum_locations":[],"atum_stock_status":"instock","restock_status":false,"low_stock_amount":"","sales_update_date":"2026-03-21T10:55:20","calc_backorders":null,"yoast_head":"<!-- This site is optimized with the Yoast SEO plugin v27.3 - https:\/\/yoast.com\/product\/yoast-seo-wordpress\/ -->\n<title>RunCam 2.1 \/ 2.3 \/ 2.5 mm lente RC21-23-25 FPV Curta - Iha Race<\/title>\n<meta name=\"robots\" content=\"index, follow, max-snippet:-1, max-image-preview:large, max-video-preview:-1\" \/>\n<link rel=\"canonical\" href=\"https:\/\/iha-race.com\/pt-pt\/produto\/lente-runcam-2-1-2-3-mm-rc23-fpv-short\/\" \/>\n<meta property=\"og:locale\" content=\"pt_PT\" \/>\n<meta property=\"og:type\" content=\"article\" \/>\n<meta property=\"og:title\" content=\"RunCam 2.1 \/ 2.3 \/ 2.5 mm lente RC21-23-25 FPV Curta - Iha Race\" \/>\n<meta property=\"og:description\" content=\"RunCam 2.1 \/ 2.3 \/ 2.5 mm FPV Lente curta Para Swift 1, Swift 2 e Swift Mini PZ0420 SKY Especifica\u00e7\u00e3o: Dist\u00e2ncia focal (mm): 2,3 FOV Horizontal: 115\u00b0 FOV Horizontal:\" \/>\n<meta property=\"og:url\" content=\"https:\/\/iha-race.com\/pt-pt\/produto\/lente-runcam-2-1-2-3-mm-rc23-fpv-short\/\" \/>\n<meta property=\"og:site_name\" content=\"Iha Race\" \/>\n<meta property=\"article:modified_time\" content=\"2024-08-29T15:03:05+00:00\" \/>\n<meta property=\"og:image\" content=\"https:\/\/iha-race.com\/wp-content\/uploads\/2018\/07\/lente-runcam-2-1-2-3-mm-rc23-fpv-short-1.jpg\" \/>\n\t<meta property=\"og:image:width\" content=\"800\" \/>\n\t<meta property=\"og:image:height\" content=\"800\" \/>\n\t<meta property=\"og:image:type\" content=\"image\/jpeg\" \/>\n<meta name=\"twitter:card\" content=\"summary_large_image\" \/>\n<script type=\"application\/ld+json\" class=\"yoast-schema-graph\">{\"@context\":\"https:\\\/\\\/schema.org\",\"@graph\":[{\"@type\":\"WebPage\",\"@id\":\"https:\\\/\\\/iha-race.com\\\/pt-pt\\\/produto\\\/lente-runcam-2-1-2-3-mm-rc23-fpv-short\\\/\",\"url\":\"https:\\\/\\\/iha-race.com\\\/pt-pt\\\/produto\\\/lente-runcam-2-1-2-3-mm-rc23-fpv-short\\\/\",\"name\":\"RunCam 2.1 \\\/ 2.3 \\\/ 2.5 mm lente RC21-23-25 FPV Curta - Iha Race\",\"isPartOf\":{\"@id\":\"https:\\\/\\\/iha-race.com\\\/pt-pt\\\/#website\"},\"primaryImageOfPage\":{\"@id\":\"https:\\\/\\\/iha-race.com\\\/pt-pt\\\/produto\\\/lente-runcam-2-1-2-3-mm-rc23-fpv-short\\\/#primaryimage\"},\"image\":{\"@id\":\"https:\\\/\\\/iha-race.com\\\/pt-pt\\\/produto\\\/lente-runcam-2-1-2-3-mm-rc23-fpv-short\\\/#primaryimage\"},\"thumbnailUrl\":\"https:\\\/\\\/iha-race.com\\\/wp-content\\\/uploads\\\/2018\\\/07\\\/lente-runcam-2-1-2-3-mm-rc23-fpv-short-1.jpg\",\"datePublished\":\"2018-07-14T22:58:13+00:00\",\"dateModified\":\"2024-08-29T15:03:05+00:00\",\"breadcrumb\":{\"@id\":\"https:\\\/\\\/iha-race.com\\\/pt-pt\\\/produto\\\/lente-runcam-2-1-2-3-mm-rc23-fpv-short\\\/#breadcrumb\"},\"inLanguage\":\"pt-PT\",\"potentialAction\":[{\"@type\":\"ReadAction\",\"target\":[\"https:\\\/\\\/iha-race.com\\\/pt-pt\\\/produto\\\/lente-runcam-2-1-2-3-mm-rc23-fpv-short\\\/\"]}]},{\"@type\":\"ImageObject\",\"inLanguage\":\"pt-PT\",\"@id\":\"https:\\\/\\\/iha-race.com\\\/pt-pt\\\/produto\\\/lente-runcam-2-1-2-3-mm-rc23-fpv-short\\\/#primaryimage\",\"url\":\"https:\\\/\\\/iha-race.com\\\/wp-content\\\/uploads\\\/2018\\\/07\\\/lente-runcam-2-1-2-3-mm-rc23-fpv-short-1.jpg\",\"contentUrl\":\"https:\\\/\\\/iha-race.com\\\/wp-content\\\/uploads\\\/2018\\\/07\\\/lente-runcam-2-1-2-3-mm-rc23-fpv-short-1.jpg\",\"width\":800,\"height\":800,\"caption\":\"lente-runcam-2-1-2-3-mm-rc23-fpv-short\"},{\"@type\":\"BreadcrumbList\",\"@id\":\"https:\\\/\\\/iha-race.com\\\/pt-pt\\\/produto\\\/lente-runcam-2-1-2-3-mm-rc23-fpv-short\\\/#breadcrumb\",\"itemListElement\":[{\"@type\":\"ListItem\",\"position\":1,\"name\":\"Portada\",\"item\":\"https:\\\/\\\/iha-race.com\\\/pt-pt\\\/elementor-499\\\/\"},{\"@type\":\"ListItem\",\"position\":2,\"name\":\"Shop\",\"item\":\"https:\\\/\\\/iha-race.com\\\/pt-pt\\\/shop\\\/\"},{\"@type\":\"ListItem\",\"position\":3,\"name\":\"RunCam 2.1 \\\/ 2.3 \\\/ 2.5 mm lente RC21-23-25 FPV Curta\"}]},{\"@type\":\"WebSite\",\"@id\":\"https:\\\/\\\/iha-race.com\\\/pt-pt\\\/#website\",\"url\":\"https:\\\/\\\/iha-race.com\\\/pt-pt\\\/\",\"name\":\"Iha Race\",\"description\":\"Comprar drones de carreras FPV env\u00edos en un d\u00eda desde Espa\u00f1a\",\"publisher\":{\"@id\":\"https:\\\/\\\/iha-race.com\\\/pt-pt\\\/#organization\"},\"potentialAction\":[{\"@type\":\"SearchAction\",\"target\":{\"@type\":\"EntryPoint\",\"urlTemplate\":\"https:\\\/\\\/iha-race.com\\\/pt-pt\\\/?s={search_term_string}\"},\"query-input\":{\"@type\":\"PropertyValueSpecification\",\"valueRequired\":true,\"valueName\":\"search_term_string\"}}],\"inLanguage\":\"pt-PT\"},{\"@type\":\"Organization\",\"@id\":\"https:\\\/\\\/iha-race.com\\\/pt-pt\\\/#organization\",\"name\":\"Iha Race\",\"url\":\"https:\\\/\\\/iha-race.com\\\/pt-pt\\\/\",\"logo\":{\"@type\":\"ImageObject\",\"inLanguage\":\"pt-PT\",\"@id\":\"https:\\\/\\\/iha-race.com\\\/pt-pt\\\/#\\\/schema\\\/logo\\\/image\\\/\",\"url\":\"https:\\\/\\\/iha-race.com\\\/wp-content\\\/uploads\\\/2018\\\/07\\\/iha-race-drones-de-carreras-tienda-comprar-drones.png\",\"contentUrl\":\"https:\\\/\\\/iha-race.com\\\/wp-content\\\/uploads\\\/2018\\\/07\\\/iha-race-drones-de-carreras-tienda-comprar-drones.png\",\"width\":300,\"height\":100,\"caption\":\"Iha Race\"},\"image\":{\"@id\":\"https:\\\/\\\/iha-race.com\\\/pt-pt\\\/#\\\/schema\\\/logo\\\/image\\\/\"}}]}<\/script>\n<!-- \/ Yoast SEO plugin. -->","yoast_head_json":{"title":"RunCam 2.1 \/ 2.3 \/ 2.5 mm lente RC21-23-25 FPV Curta - Iha Race","robots":{"index":"index","follow":"follow","max-snippet":"max-snippet:-1","max-image-preview":"max-image-preview:large","max-video-preview":"max-video-preview:-1"},"canonical":"https:\/\/iha-race.com\/pt-pt\/produto\/lente-runcam-2-1-2-3-mm-rc23-fpv-short\/","og_locale":"pt_PT","og_type":"article","og_title":"RunCam 2.1 \/ 2.3 \/ 2.5 mm lente RC21-23-25 FPV Curta - Iha Race","og_description":"RunCam 2.1 \/ 2.3 \/ 2.5 mm FPV Lente curta Para Swift 1, Swift 2 e Swift Mini PZ0420 SKY Especifica\u00e7\u00e3o: Dist\u00e2ncia focal (mm): 2,3 FOV Horizontal: 115\u00b0 FOV Horizontal:","og_url":"https:\/\/iha-race.com\/pt-pt\/produto\/lente-runcam-2-1-2-3-mm-rc23-fpv-short\/","og_site_name":"Iha Race","article_modified_time":"2024-08-29T15:03:05+00:00","og_image":[{"width":800,"height":800,"url":"https:\/\/iha-race.com\/wp-content\/uploads\/2018\/07\/lente-runcam-2-1-2-3-mm-rc23-fpv-short-1.jpg","type":"image\/jpeg"}],"twitter_card":"summary_large_image","schema":{"@context":"https:\/\/schema.org","@graph":[{"@type":"WebPage","@id":"https:\/\/iha-race.com\/pt-pt\/produto\/lente-runcam-2-1-2-3-mm-rc23-fpv-short\/","url":"https:\/\/iha-race.com\/pt-pt\/produto\/lente-runcam-2-1-2-3-mm-rc23-fpv-short\/","name":"RunCam 2.1 \/ 2.3 \/ 2.5 mm lente RC21-23-25 FPV Curta - Iha Race","isPartOf":{"@id":"https:\/\/iha-race.com\/pt-pt\/#website"},"primaryImageOfPage":{"@id":"https:\/\/iha-race.com\/pt-pt\/produto\/lente-runcam-2-1-2-3-mm-rc23-fpv-short\/#primaryimage"},"image":{"@id":"https:\/\/iha-race.com\/pt-pt\/produto\/lente-runcam-2-1-2-3-mm-rc23-fpv-short\/#primaryimage"},"thumbnailUrl":"https:\/\/iha-race.com\/wp-content\/uploads\/2018\/07\/lente-runcam-2-1-2-3-mm-rc23-fpv-short-1.jpg","datePublished":"2018-07-14T22:58:13+00:00","dateModified":"2024-08-29T15:03:05+00:00","breadcrumb":{"@id":"https:\/\/iha-race.com\/pt-pt\/produto\/lente-runcam-2-1-2-3-mm-rc23-fpv-short\/#breadcrumb"},"inLanguage":"pt-PT","potentialAction":[{"@type":"ReadAction","target":["https:\/\/iha-race.com\/pt-pt\/produto\/lente-runcam-2-1-2-3-mm-rc23-fpv-short\/"]}]},{"@type":"ImageObject","inLanguage":"pt-PT","@id":"https:\/\/iha-race.com\/pt-pt\/produto\/lente-runcam-2-1-2-3-mm-rc23-fpv-short\/#primaryimage","url":"https:\/\/iha-race.com\/wp-content\/uploads\/2018\/07\/lente-runcam-2-1-2-3-mm-rc23-fpv-short-1.jpg","contentUrl":"https:\/\/iha-race.com\/wp-content\/uploads\/2018\/07\/lente-runcam-2-1-2-3-mm-rc23-fpv-short-1.jpg","width":800,"height":800,"caption":"lente-runcam-2-1-2-3-mm-rc23-fpv-short"},{"@type":"BreadcrumbList","@id":"https:\/\/iha-race.com\/pt-pt\/produto\/lente-runcam-2-1-2-3-mm-rc23-fpv-short\/#breadcrumb","itemListElement":[{"@type":"ListItem","position":1,"name":"Portada","item":"https:\/\/iha-race.com\/pt-pt\/elementor-499\/"},{"@type":"ListItem","position":2,"name":"Shop","item":"https:\/\/iha-race.com\/pt-pt\/shop\/"},{"@type":"ListItem","position":3,"name":"RunCam 2.1 \/ 2.3 \/ 2.5 mm lente RC21-23-25 FPV Curta"}]},{"@type":"WebSite","@id":"https:\/\/iha-race.com\/pt-pt\/#website","url":"https:\/\/iha-race.com\/pt-pt\/","name":"Iha Race","description":"Comprar drones de carreras FPV env\u00edos en un d\u00eda desde Espa\u00f1a","publisher":{"@id":"https:\/\/iha-race.com\/pt-pt\/#organization"},"potentialAction":[{"@type":"SearchAction","target":{"@type":"EntryPoint","urlTemplate":"https:\/\/iha-race.com\/pt-pt\/?s={search_term_string}"},"query-input":{"@type":"PropertyValueSpecification","valueRequired":true,"valueName":"search_term_string"}}],"inLanguage":"pt-PT"},{"@type":"Organization","@id":"https:\/\/iha-race.com\/pt-pt\/#organization","name":"Iha Race","url":"https:\/\/iha-race.com\/pt-pt\/","logo":{"@type":"ImageObject","inLanguage":"pt-PT","@id":"https:\/\/iha-race.com\/pt-pt\/#\/schema\/logo\/image\/","url":"https:\/\/iha-race.com\/wp-content\/uploads\/2018\/07\/iha-race-drones-de-carreras-tienda-comprar-drones.png","contentUrl":"https:\/\/iha-race.com\/wp-content\/uploads\/2018\/07\/iha-race-drones-de-carreras-tienda-comprar-drones.png","width":300,"height":100,"caption":"Iha Race"},"image":{"@id":"https:\/\/iha-race.com\/pt-pt\/#\/schema\/logo\/image\/"}}]}},"jetpack_sharing_enabled":true,"brands":[],"_links":{"self":[{"href":"https:\/\/iha-race.com\/pt-pt\/wp-json\/wp\/v2\/product\/111056","targetHints":{"allow":["GET"]}}],"collection":[{"href":"https:\/\/iha-race.com\/pt-pt\/wp-json\/wp\/v2\/product"}],"about":[{"href":"https:\/\/iha-race.com\/pt-pt\/wp-json\/wp\/v2\/types\/product"}],"replies":[{"embeddable":true,"href":"https:\/\/iha-race.com\/pt-pt\/wp-json\/wp\/v2\/comments?post=111056"}],"version-history":[{"count":1,"href":"https:\/\/iha-race.com\/pt-pt\/wp-json\/wp\/v2\/product\/111056\/revisions"}],"predecessor-version":[{"id":231677,"href":"https:\/\/iha-race.com\/pt-pt\/wp-json\/wp\/v2\/product\/111056\/revisions\/231677"}],"wp:featuredmedia":[{"embeddable":true,"href":"https:\/\/iha-race.com\/pt-pt\/wp-json\/wp\/v2\/media\/94000"}],"wp:attachment":[{"href":"https:\/\/iha-race.com\/pt-pt\/wp-json\/wp\/v2\/media?parent=111056"}],"wp:term":[{"taxonomy":"pwb-brand","embeddable":true,"href":"https:\/\/iha-race.com\/pt-pt\/wp-json\/wp\/v2\/pwb-brand?post=111056"},{"taxonomy":"product_cat","embeddable":true,"href":"https:\/\/iha-race.com\/pt-pt\/wp-json\/wp\/v2\/product_cat?post=111056"},{"taxonomy":"product_tag","embeddable":true,"href":"https:\/\/iha-race.com\/pt-pt\/wp-json\/wp\/v2\/product_tag?post=111056"}],"curies":[{"name":"wp","href":"https:\/\/api.w.org\/{rel}","templated":true}]}}