{"id":110990,"date":"2018-07-14T19:39:27","date_gmt":"2018-07-14T17:39:27","guid":{"rendered":"https:\/\/iha-race.com\/producto\/%e2%9a%a1video-transmissor-tbs-unify-pro-v3-5g8tx-25800mw\/"},"modified":"2026-03-23T15:02:06","modified_gmt":"2026-03-23T14:02:06","slug":"video-transmisor-tbs-unify-pro-v3-5g8tx-25800mw","status":"publish","type":"product","link":"https:\/\/iha-race.com\/pt-pt\/produto\/video-transmisor-tbs-unify-pro-v3-5g8tx-25800mw\/","title":{"rendered":"\u26a1Video Transmissor TBS UNIFY PRO V3 5G8(TX 25~800MW)"},"content":{"rendered":"<h2><strong>Transmissor de V\u00eddeo TBS UNIFY PRO V3 5G8(TX 25~800MW) RP-SMA ou SMA<\/strong><\/h2>\n<p><strong>H\u00e1 dois tipos \u00e0 escolha:<\/strong><\/p>\n<ul>\n<li>RP-SMA<\/li>\n<li>SMA<\/li>\n<\/ul>\n<p>  O transmissor de v\u00eddeo mais pequeno e mais potente (800mW!) que o mundo j\u00e1 viu. Est\u00e1 pronto para correr com PitMode, n\u00edveis de pot\u00eancia super limpos e sem interfer\u00eancias, e conectividade com controladores de voo e outros meios de comuta\u00e7\u00e3o r\u00e1pida de canais. Funciona com uma fonte de alimenta\u00e7\u00e3o filtrada de 5V, pelo que \u00e9 perfeito quando ligado a um TBS CORE PRO ou TBS PowerCube (*) ! Aceita melhor a tens\u00e3o de pico de 6,5 Vmax. em V2 a 13Vmax. em V3!  <\/p>\n<h2>Novo em V3:<\/h2>\n<ul>\n<li>Melhor aceita\u00e7\u00e3o da tens\u00e3o de pico a partir de 6,5Vmax. em V2 a 13Vmax. em V3<\/li>\n<\/ul>\n<h2><strong>TBS Unify PRO 5G8 Especifica\u00e7\u00f5es:<\/strong><\/h2>\n<ul>\n<li>Tens\u00e3o de funcionamento: 4.5 &#8211; 5.5V<\/li>\n<li>Corrente de alimenta\u00e7\u00e3o: 600 mA<\/li>\n<li>Temperatura de funcionamento: Observar o fluxo normal do ar.<\/li>\n<li>Frequ\u00eancia portadora de \u00e1udio: 6,5 MHz<\/li>\n<li>Imped\u00e2ncia de entrada de v\u00eddeo: 75 Ohm<\/li>\n<li>Peso: 5 g (com SMA, sem antena)<\/li>\n<li>Conector de antena: conector f\u00eamea SMA com furos para montagem de parafusos<\/li>\n<li>Formato de v\u00eddeo: NTSC \/ PAL<\/li>\n<li>Pot\u00eancia de sa\u00edda: 13dBm (25mW), 23dBm (200mW), 27dBm (500mW), 29dBm (800mW *)<\/li>\n<\/ul>\n<h3><strong>Detalhes ao comprar VTX Unify PRO 800mW:<\/strong><\/h3>\n<ul>\n<li>O mais pequeno e mais leve transmissor de v\u00eddeo do mercado<\/li>\n<li>At\u00e9 800 mW de pot\u00eancia de sa\u00edda<\/li>\n<li>Transmiss\u00e3o ultra-limpa (at\u00e9 16 pilotos de cada vez!)<\/li>\n<li>PitMode: ligue o seu quad durante uma corrida<\/li>\n<li>F\u00e1cil mudan\u00e7a de canais OSD, FC e RC, com menu de bot\u00f5es de c\u00f3pia de seguran\u00e7a<\/li>\n<li>O robusto amplificador RF permite-lhe ligar sem antena durante horas!<\/li>\n<li>Arranque limpo e comuta\u00e7\u00e3o de v\u00eddeo<\/li>\n<li>Certificado CE<\/li>\n<\/ul>\n<h4><strong>PITMODE &#8211; FEITO PARA COMPETIR<\/strong><\/h4>\n<p>  N\u00e3o h\u00e1 interfer\u00eancias mesmo quando est\u00e1s ligado, agora \u00e9 poss\u00edvel! Se alguma vez reparou um quad durante uma corrida, conhecer\u00e1 as frustra\u00e7\u00f5es de n\u00e3o ser capaz de ligar e testar o seu sistema. Com PitMode, vamos reduzir a pot\u00eancia de sa\u00edda ao m\u00ednimo (bem abaixo de um d\u00edgito mW) e passar para frequ\u00eancias n\u00e3o utilizadas pelos organizadores da prova, para que possa ligar o seu quad e ainda ver a imagem! Tens alguns metros de alcance para testar o teu quadriciclo antes de o colocares na grelha de sa\u00edda e, em combina\u00e7\u00e3o com o CleanSwitch, podes lig\u00e1-lo assim que o teu canal estiver dispon\u00edvel sem interromper nenhum dos canais activos.  <\/p>\n<h4><strong>SMARTAUDIO V2 &#8211; CONTROLO TOTAL<\/strong><\/h4>\n<p>  A tecnologia SmartAudio fornece controlo UART e I2C para todo o teu transmissor de v\u00eddeo. Par\u00e2metros como a pot\u00eancia de sa\u00edda, bandas, canais e frequ\u00eancia podem ser livremente controlados. Isto permite o controlo remoto de canais directamente a partir de um dispositivo inteligente (TBS Crossfire, bluetooth externo ou m\u00f3dulo wifi necess\u00e1rio), do seu r\u00e1dio (TBS Crossfire com TBS Tango ou OpenTX necess\u00e1rio controlo remoto compat\u00edvel), ou do OSD (por exemplo, TBS CORE PRO). Com todas estas op\u00e7\u00f5es dispon\u00edveis, dever\u00e1 encontrar algo que se adapte \u00e0s suas necessidades. Juntamente com o CleanSwitch, o c\u00e9u \u00e9 o limite&#8230; saltar entre canais sem interferir no ar para outros pilotos, criar frequ\u00eancias de reserva\/emerg\u00eancia, ajustes globais de pot\u00eancia VTx por organizadores de provas ou outros sistemas inteligentes destinados a racionalizar e melhorar a gest\u00e3o de provas. uma possibilidade!  <\/p>\n<h4><strong>CLEANSWITCH &#8211; AMIGO DO BAIRRO<\/strong><\/h4>\n<p>  O CleanSwitch \u00e9 uma tecnologia desenvolvida pela TBS que garante que o teu transmissor de v\u00eddeo est\u00e1 livre de interfer\u00eancias ao ligar ou ao mudar de canal. Todos os transmissores de v\u00eddeo actuais deslizam por toda a banda enquanto est\u00e3o ligados, resultando frequentemente em cintila\u00e7\u00e3o e forte interfer\u00eancia para qualquer pessoa no ar, independentemente do canal de v\u00eddeo escolhido. O TBS CleanSwitch permitir-lhe-\u00e1 ligar e mudar de canal enquanto os seus amigos est\u00e3o no ar, sem interfer\u00eancia externa. O CleanSwitch \u00e9 adequado para corridas e para pilotos &#8230; \u00e9 assim que gostamos na TBS \ud83d\ude42  <\/p>\n<h4><strong>N\u00c3O! UM DIPSWITCHES<\/strong><\/h4>\n<p>  Embora aprender bin\u00e1rio fosse um jogo mental divertido, na pr\u00e1tica, um transmissor de v\u00eddeo com um bot\u00e3o ou controlado por OSD \u00e9 muito mais f\u00e1cil de operar. J\u00e1 l\u00e1 vai o tempo das placas de transmiss\u00e3o de v\u00eddeo, de pisar os canais das pessoas por engano ou de uma incompatibilidade entre as frequ\u00eancias dos seus \u00f3culos e do transmissor de v\u00eddeo.  <\/p>\n<h3><strong>Ao comprar VTX TBS UNIFY PRO V3 5G8 VTX inclui:<\/strong><\/h3>\n<ul>\n<li>TBS UNIFY 5G8 transmissor de v\u00eddeo<\/li>\n<li>Cabo colector de v\u00eddeo de 5V<\/li>\n<li><a href=\"http:\/\/www.team-blacksheep.com\/tbs-unify-pro-5g8-manual.pdf\">TBS UNIFY Pro Manual<\/a><\/li>\n<\/ul>\n","protected":false},"excerpt":{"rendered":"<p>Um transmissor de v\u00eddeo apenas para corredores. 5 g de peso, 25 &#8211; 800 mW de pot\u00eancia de sa\u00edda (ajust\u00e1vel pelo utilizador). Reduzir o peso e voar longe nunca foi t\u00e3o f\u00e1cil e t\u00e3o acess\u00edvel. Conector de antena: ficha f\u00eamea SMA.<\/p>\n","protected":false},"featured_media":92090,"comment_status":"open","ping_status":"closed","template":"","meta":{"_joinchat":[]},"pwb-brand":[],"product_cat":[1229],"product_tag":[1400],"class_list":{"0":"post-110990","1":"product","2":"type-product","3":"status-publish","4":"has-post-thumbnail","6":"product_cat-vtx-vrx-pt-pt","7":"product_tag-masvendido-pt-pt","9":"first","10":"outofstock","11":"taxable","12":"shipping-taxable","13":"purchasable","14":"product-type-variable"},"barcode":null,"atum_controlled":true,"out_stock_date":null,"out_stock_threshold":null,"inheritable":true,"stock_on_hold":0,"sold_today":1,"sales_last_days":3,"out_stock_days":0,"lost_sales":0,"update_date":"2026-04-16T08:25:28","atum_locations":[],"atum_stock_status":"instock","restock_status":false,"low_stock_amount":"","sales_update_date":"2026-04-16T08:25:28","calc_backorders":null,"yoast_head":"<!-- This site is optimized with the Yoast SEO plugin v27.3 - https:\/\/yoast.com\/product\/yoast-seo-wordpress\/ -->\n<title>\u25b7 V\u00eddeo Transmitter\u3010 TBS UNIFY PRO V3 5G8 \u3011 VTX - Comprar em Iha Race<\/title>\n<meta name=\"description\" content=\"Descubra o melhor VTX\u261d\u3010 TBS UNIFY PRO\u3011With download PDF manual para consultar em qualquer altura, veja o que os outros cavaleiros est\u00e3o a dizer!\" \/>\n<meta name=\"robots\" content=\"index, follow, max-snippet:-1, max-image-preview:large, max-video-preview:-1\" \/>\n<link rel=\"canonical\" href=\"https:\/\/iha-race.com\/pt-pt\/produto\/video-transmisor-tbs-unify-pro-v3-5g8tx-25800mw\/\" \/>\n<meta property=\"og:locale\" content=\"pt_PT\" \/>\n<meta property=\"og:type\" content=\"article\" \/>\n<meta property=\"og:title\" content=\"\u25b7 V\u00eddeo Transmitter\u3010 TBS UNIFY PRO V3 5G8 \u3011 VTX - Comprar em Iha Race\" \/>\n<meta property=\"og:description\" content=\"Descubra o melhor VTX\u261d\u3010 TBS UNIFY PRO\u3011With download PDF manual para consultar em qualquer altura, veja o que os outros cavaleiros est\u00e3o a dizer!\" \/>\n<meta property=\"og:url\" content=\"https:\/\/iha-race.com\/pt-pt\/produto\/video-transmisor-tbs-unify-pro-v3-5g8tx-25800mw\/\" \/>\n<meta property=\"og:site_name\" content=\"Iha Race\" \/>\n<meta property=\"article:modified_time\" content=\"2026-03-23T14:02:06+00:00\" \/>\n<meta property=\"og:image\" content=\"https:\/\/iha-race.com\/wp-content\/uploads\/2018\/07\/TBS-UNIFY-PRO-5G8-V3-RP-SMA-1.jpg\" \/>\n\t<meta property=\"og:image:width\" content=\"800\" \/>\n\t<meta property=\"og:image:height\" content=\"800\" \/>\n\t<meta property=\"og:image:type\" content=\"image\/jpeg\" \/>\n<meta name=\"twitter:card\" content=\"summary_large_image\" \/>\n<meta name=\"twitter:label1\" content=\"Tempo estimado de leitura\" \/>\n\t<meta name=\"twitter:data1\" content=\"4 minutos\" \/>\n<script type=\"application\/ld+json\" class=\"yoast-schema-graph\">{\"@context\":\"https:\\\/\\\/schema.org\",\"@graph\":[{\"@type\":\"WebPage\",\"@id\":\"https:\\\/\\\/iha-race.com\\\/pt-pt\\\/produto\\\/video-transmisor-tbs-unify-pro-v3-5g8tx-25800mw\\\/\",\"url\":\"https:\\\/\\\/iha-race.com\\\/pt-pt\\\/produto\\\/video-transmisor-tbs-unify-pro-v3-5g8tx-25800mw\\\/\",\"name\":\"\u25b7 V\u00eddeo Transmitter\u3010 TBS UNIFY PRO V3 5G8 \u3011 VTX - Comprar em Iha Race\",\"isPartOf\":{\"@id\":\"https:\\\/\\\/iha-race.com\\\/pt-pt\\\/#website\"},\"primaryImageOfPage\":{\"@id\":\"https:\\\/\\\/iha-race.com\\\/pt-pt\\\/produto\\\/video-transmisor-tbs-unify-pro-v3-5g8tx-25800mw\\\/#primaryimage\"},\"image\":{\"@id\":\"https:\\\/\\\/iha-race.com\\\/pt-pt\\\/produto\\\/video-transmisor-tbs-unify-pro-v3-5g8tx-25800mw\\\/#primaryimage\"},\"thumbnailUrl\":\"https:\\\/\\\/iha-race.com\\\/wp-content\\\/uploads\\\/2018\\\/07\\\/TBS-UNIFY-PRO-5G8-V3-RP-SMA-1.jpg\",\"datePublished\":\"2018-07-14T17:39:27+00:00\",\"dateModified\":\"2026-03-23T14:02:06+00:00\",\"description\":\"Descubra o melhor VTX\u261d\u3010 TBS UNIFY PRO\u3011With download PDF manual para consultar em qualquer altura, veja o que os outros cavaleiros est\u00e3o a dizer!\",\"breadcrumb\":{\"@id\":\"https:\\\/\\\/iha-race.com\\\/pt-pt\\\/produto\\\/video-transmisor-tbs-unify-pro-v3-5g8tx-25800mw\\\/#breadcrumb\"},\"inLanguage\":\"pt-PT\",\"potentialAction\":[{\"@type\":\"ReadAction\",\"target\":[\"https:\\\/\\\/iha-race.com\\\/pt-pt\\\/produto\\\/video-transmisor-tbs-unify-pro-v3-5g8tx-25800mw\\\/\"]}]},{\"@type\":\"ImageObject\",\"inLanguage\":\"pt-PT\",\"@id\":\"https:\\\/\\\/iha-race.com\\\/pt-pt\\\/produto\\\/video-transmisor-tbs-unify-pro-v3-5g8tx-25800mw\\\/#primaryimage\",\"url\":\"https:\\\/\\\/iha-race.com\\\/wp-content\\\/uploads\\\/2018\\\/07\\\/TBS-UNIFY-PRO-5G8-V3-RP-SMA-1.jpg\",\"contentUrl\":\"https:\\\/\\\/iha-race.com\\\/wp-content\\\/uploads\\\/2018\\\/07\\\/TBS-UNIFY-PRO-5G8-V3-RP-SMA-1.jpg\",\"width\":800,\"height\":800,\"caption\":\"comprar TBS-UNIFY-PRO-5G8-V3-RP-SMA mais barato\"},{\"@type\":\"BreadcrumbList\",\"@id\":\"https:\\\/\\\/iha-race.com\\\/pt-pt\\\/produto\\\/video-transmisor-tbs-unify-pro-v3-5g8tx-25800mw\\\/#breadcrumb\",\"itemListElement\":[{\"@type\":\"ListItem\",\"position\":1,\"name\":\"Portada\",\"item\":\"https:\\\/\\\/iha-race.com\\\/pt-pt\\\/elementor-499\\\/\"},{\"@type\":\"ListItem\",\"position\":2,\"name\":\"Shop\",\"item\":\"https:\\\/\\\/iha-race.com\\\/pt-pt\\\/shop\\\/\"},{\"@type\":\"ListItem\",\"position\":3,\"name\":\"\u26a1Video Transmissor TBS UNIFY PRO V3 5G8(TX 25~800MW)\"}]},{\"@type\":\"WebSite\",\"@id\":\"https:\\\/\\\/iha-race.com\\\/pt-pt\\\/#website\",\"url\":\"https:\\\/\\\/iha-race.com\\\/pt-pt\\\/\",\"name\":\"Iha Race\",\"description\":\"Comprar drones de carreras FPV env\u00edos en un d\u00eda desde Espa\u00f1a\",\"publisher\":{\"@id\":\"https:\\\/\\\/iha-race.com\\\/pt-pt\\\/#organization\"},\"potentialAction\":[{\"@type\":\"SearchAction\",\"target\":{\"@type\":\"EntryPoint\",\"urlTemplate\":\"https:\\\/\\\/iha-race.com\\\/pt-pt\\\/?s={search_term_string}\"},\"query-input\":{\"@type\":\"PropertyValueSpecification\",\"valueRequired\":true,\"valueName\":\"search_term_string\"}}],\"inLanguage\":\"pt-PT\"},{\"@type\":\"Organization\",\"@id\":\"https:\\\/\\\/iha-race.com\\\/pt-pt\\\/#organization\",\"name\":\"Iha Race\",\"url\":\"https:\\\/\\\/iha-race.com\\\/pt-pt\\\/\",\"logo\":{\"@type\":\"ImageObject\",\"inLanguage\":\"pt-PT\",\"@id\":\"https:\\\/\\\/iha-race.com\\\/pt-pt\\\/#\\\/schema\\\/logo\\\/image\\\/\",\"url\":\"https:\\\/\\\/iha-race.com\\\/wp-content\\\/uploads\\\/2018\\\/07\\\/iha-race-drones-de-carreras-tienda-comprar-drones.png\",\"contentUrl\":\"https:\\\/\\\/iha-race.com\\\/wp-content\\\/uploads\\\/2018\\\/07\\\/iha-race-drones-de-carreras-tienda-comprar-drones.png\",\"width\":300,\"height\":100,\"caption\":\"Iha Race\"},\"image\":{\"@id\":\"https:\\\/\\\/iha-race.com\\\/pt-pt\\\/#\\\/schema\\\/logo\\\/image\\\/\"}}]}<\/script>\n<!-- \/ Yoast SEO plugin. -->","yoast_head_json":{"title":"\u25b7 V\u00eddeo Transmitter\u3010 TBS UNIFY PRO V3 5G8 \u3011 VTX - Comprar em Iha Race","description":"Descubra o melhor VTX\u261d\u3010 TBS UNIFY PRO\u3011With download PDF manual para consultar em qualquer altura, veja o que os outros cavaleiros est\u00e3o a dizer!","robots":{"index":"index","follow":"follow","max-snippet":"max-snippet:-1","max-image-preview":"max-image-preview:large","max-video-preview":"max-video-preview:-1"},"canonical":"https:\/\/iha-race.com\/pt-pt\/produto\/video-transmisor-tbs-unify-pro-v3-5g8tx-25800mw\/","og_locale":"pt_PT","og_type":"article","og_title":"\u25b7 V\u00eddeo Transmitter\u3010 TBS UNIFY PRO V3 5G8 \u3011 VTX - Comprar em Iha Race","og_description":"Descubra o melhor VTX\u261d\u3010 TBS UNIFY PRO\u3011With download PDF manual para consultar em qualquer altura, veja o que os outros cavaleiros est\u00e3o a dizer!","og_url":"https:\/\/iha-race.com\/pt-pt\/produto\/video-transmisor-tbs-unify-pro-v3-5g8tx-25800mw\/","og_site_name":"Iha Race","article_modified_time":"2026-03-23T14:02:06+00:00","og_image":[{"width":800,"height":800,"url":"https:\/\/iha-race.com\/wp-content\/uploads\/2018\/07\/TBS-UNIFY-PRO-5G8-V3-RP-SMA-1.jpg","type":"image\/jpeg"}],"twitter_card":"summary_large_image","twitter_misc":{"Tempo estimado de leitura":"4 minutos"},"schema":{"@context":"https:\/\/schema.org","@graph":[{"@type":"WebPage","@id":"https:\/\/iha-race.com\/pt-pt\/produto\/video-transmisor-tbs-unify-pro-v3-5g8tx-25800mw\/","url":"https:\/\/iha-race.com\/pt-pt\/produto\/video-transmisor-tbs-unify-pro-v3-5g8tx-25800mw\/","name":"\u25b7 V\u00eddeo Transmitter\u3010 TBS UNIFY PRO V3 5G8 \u3011 VTX - Comprar em Iha Race","isPartOf":{"@id":"https:\/\/iha-race.com\/pt-pt\/#website"},"primaryImageOfPage":{"@id":"https:\/\/iha-race.com\/pt-pt\/produto\/video-transmisor-tbs-unify-pro-v3-5g8tx-25800mw\/#primaryimage"},"image":{"@id":"https:\/\/iha-race.com\/pt-pt\/produto\/video-transmisor-tbs-unify-pro-v3-5g8tx-25800mw\/#primaryimage"},"thumbnailUrl":"https:\/\/iha-race.com\/wp-content\/uploads\/2018\/07\/TBS-UNIFY-PRO-5G8-V3-RP-SMA-1.jpg","datePublished":"2018-07-14T17:39:27+00:00","dateModified":"2026-03-23T14:02:06+00:00","description":"Descubra o melhor VTX\u261d\u3010 TBS UNIFY PRO\u3011With download PDF manual para consultar em qualquer altura, veja o que os outros cavaleiros est\u00e3o a dizer!","breadcrumb":{"@id":"https:\/\/iha-race.com\/pt-pt\/produto\/video-transmisor-tbs-unify-pro-v3-5g8tx-25800mw\/#breadcrumb"},"inLanguage":"pt-PT","potentialAction":[{"@type":"ReadAction","target":["https:\/\/iha-race.com\/pt-pt\/produto\/video-transmisor-tbs-unify-pro-v3-5g8tx-25800mw\/"]}]},{"@type":"ImageObject","inLanguage":"pt-PT","@id":"https:\/\/iha-race.com\/pt-pt\/produto\/video-transmisor-tbs-unify-pro-v3-5g8tx-25800mw\/#primaryimage","url":"https:\/\/iha-race.com\/wp-content\/uploads\/2018\/07\/TBS-UNIFY-PRO-5G8-V3-RP-SMA-1.jpg","contentUrl":"https:\/\/iha-race.com\/wp-content\/uploads\/2018\/07\/TBS-UNIFY-PRO-5G8-V3-RP-SMA-1.jpg","width":800,"height":800,"caption":"comprar TBS-UNIFY-PRO-5G8-V3-RP-SMA mais barato"},{"@type":"BreadcrumbList","@id":"https:\/\/iha-race.com\/pt-pt\/produto\/video-transmisor-tbs-unify-pro-v3-5g8tx-25800mw\/#breadcrumb","itemListElement":[{"@type":"ListItem","position":1,"name":"Portada","item":"https:\/\/iha-race.com\/pt-pt\/elementor-499\/"},{"@type":"ListItem","position":2,"name":"Shop","item":"https:\/\/iha-race.com\/pt-pt\/shop\/"},{"@type":"ListItem","position":3,"name":"\u26a1Video Transmissor TBS UNIFY PRO V3 5G8(TX 25~800MW)"}]},{"@type":"WebSite","@id":"https:\/\/iha-race.com\/pt-pt\/#website","url":"https:\/\/iha-race.com\/pt-pt\/","name":"Iha Race","description":"Comprar drones de carreras FPV env\u00edos en un d\u00eda desde Espa\u00f1a","publisher":{"@id":"https:\/\/iha-race.com\/pt-pt\/#organization"},"potentialAction":[{"@type":"SearchAction","target":{"@type":"EntryPoint","urlTemplate":"https:\/\/iha-race.com\/pt-pt\/?s={search_term_string}"},"query-input":{"@type":"PropertyValueSpecification","valueRequired":true,"valueName":"search_term_string"}}],"inLanguage":"pt-PT"},{"@type":"Organization","@id":"https:\/\/iha-race.com\/pt-pt\/#organization","name":"Iha Race","url":"https:\/\/iha-race.com\/pt-pt\/","logo":{"@type":"ImageObject","inLanguage":"pt-PT","@id":"https:\/\/iha-race.com\/pt-pt\/#\/schema\/logo\/image\/","url":"https:\/\/iha-race.com\/wp-content\/uploads\/2018\/07\/iha-race-drones-de-carreras-tienda-comprar-drones.png","contentUrl":"https:\/\/iha-race.com\/wp-content\/uploads\/2018\/07\/iha-race-drones-de-carreras-tienda-comprar-drones.png","width":300,"height":100,"caption":"Iha Race"},"image":{"@id":"https:\/\/iha-race.com\/pt-pt\/#\/schema\/logo\/image\/"}}]}},"jetpack_sharing_enabled":true,"brands":[],"_links":{"self":[{"href":"https:\/\/iha-race.com\/pt-pt\/wp-json\/wp\/v2\/product\/110990","targetHints":{"allow":["GET"]}}],"collection":[{"href":"https:\/\/iha-race.com\/pt-pt\/wp-json\/wp\/v2\/product"}],"about":[{"href":"https:\/\/iha-race.com\/pt-pt\/wp-json\/wp\/v2\/types\/product"}],"replies":[{"embeddable":true,"href":"https:\/\/iha-race.com\/pt-pt\/wp-json\/wp\/v2\/comments?post=110990"}],"version-history":[{"count":2,"href":"https:\/\/iha-race.com\/pt-pt\/wp-json\/wp\/v2\/product\/110990\/revisions"}],"predecessor-version":[{"id":250643,"href":"https:\/\/iha-race.com\/pt-pt\/wp-json\/wp\/v2\/product\/110990\/revisions\/250643"}],"wp:featuredmedia":[{"embeddable":true,"href":"https:\/\/iha-race.com\/pt-pt\/wp-json\/wp\/v2\/media\/92090"}],"wp:attachment":[{"href":"https:\/\/iha-race.com\/pt-pt\/wp-json\/wp\/v2\/media?parent=110990"}],"wp:term":[{"taxonomy":"pwb-brand","embeddable":true,"href":"https:\/\/iha-race.com\/pt-pt\/wp-json\/wp\/v2\/pwb-brand?post=110990"},{"taxonomy":"product_cat","embeddable":true,"href":"https:\/\/iha-race.com\/pt-pt\/wp-json\/wp\/v2\/product_cat?post=110990"},{"taxonomy":"product_tag","embeddable":true,"href":"https:\/\/iha-race.com\/pt-pt\/wp-json\/wp\/v2\/product_tag?post=110990"}],"curies":[{"name":"wp","href":"https:\/\/api.w.org\/{rel}","templated":true}]}}