{"id":110985,"date":"2018-07-14T17:54:00","date_gmt":"2018-07-14T15:54:00","guid":{"rendered":"https:\/\/iha-race.com\/producto\/iha-race-one-x5-v2-lamina-de-200mm-5\/"},"modified":"2026-03-21T19:53:48","modified_gmt":"2026-03-21T18:53:48","slug":"iha-race-one-x5-marco-fibra-de-carbono-de-200mm-pala-de-5","status":"publish","type":"product","link":"https:\/\/iha-race.com\/pt-pt\/produto\/iha-race-one-x5-marco-fibra-de-carbono-de-200mm-pala-de-5\/","title":{"rendered":"IHA-Race ONE x5 v2 L\u00e2mina de 200mm 5"},"content":{"rendered":"<h2>IHA-Race ONE x5 v2 L\u00e2mina de 200mm 5<\/h2>\n<p>  A <strong>IHA-Race ONE X5<\/strong> <strong>v2<\/strong> \u00e9 um quadro de fibra de carbono de alta qualidade. Foi concebido para um desempenho m\u00e1ximo em qualquer altura. \u00c9 ideal para a alta competi\u00e7\u00e3o e para a aprendizagem, pois oferece muita versatilidade para ser capaz de o adaptar aos seus gostos de voo ou \u00e0s condi\u00e7\u00f5es do circuito. Esta nova vers\u00e3o V2 oferece novas carater\u00edsticas importantes em termos de robustez e resist\u00eancia ao choque:  <\/p>\n<ul>\n<li>Acomoda armas de 5mm (vendidas separadamente, podem ser encontradas na nossa sec\u00e7\u00e3o de pe\u00e7as sobressalentes ONE X5)<\/li>\n<li>Placa inferior de 4mm.<\/li>\n<li>Parafusos de alta resist\u00eancia UNBRACO para fixa\u00e7\u00e3o de bra\u00e7os.<\/li>\n<\/ul>\n<p>  Tamb\u00e9m rebaix\u00e1mos todos os orif\u00edcios dos parafusos para obter uma placa inferior completamente limpa que se adapta \u00e0 tua bateria sem o risco de perfura\u00e7\u00e3o.  <\/p>\n<h2>Caracter\u00edsticas do<strong> IHA ONE X5<\/strong>:<\/h2>\n<ul>\n<li>Extremamente vers\u00e1til<\/li>\n<li>Peso 76,1 gr.<\/li>\n<li>Pode ser equipado com todos os tipos de motores de p\u00e1s de 5&#8243;.<\/li>\n<li>Adapta-se \u00e0s suas necessidades e ao seu estilo de montar, sem vibra\u00e7\u00f5es e sem um mau gesto.<\/li>\n<\/ul>\n<h2><b>Quando se compra o Pacote IHA ONE X5 completo, este est\u00e1 inclu\u00eddo:<\/b><\/h2>\n<ul>\n<li>1 moldura IHA ONE x5 com bra\u00e7os de 4 mm.<\/li>\n<li>2 x colunas de alum\u00ednio de 25 mm * 2 x colunas de alum\u00ednio de 25 mm * 2 x colunas de alum\u00ednio de 25 mm * 2 x colunas de alum\u00ednio de 25 mm<\/li>\n<li>2 colunas em alum\u00ednio 30 mm * 2 colunas em alum\u00ednio 30 mm * 2 colunas em alum\u00ednio 30 mm * 2 colunas em alum\u00ednio 30 mm<\/li>\n<li>6 porcas autoblocantes de alum\u00ednio M3 * 6 porcas autoblocantes de alum\u00ednio M3<\/li>\n<li>9 pe\u00e7as impressas em 3D *<\/li>\n<li>1 Saco com 8 parafusos M3x16 de cabe\u00e7a plana.<\/li>\n<li>1 Saco com 2 parafusos de cabe\u00e7a plana M3x10.<\/li>\n<li>1 Saco com 4 parafusos de a\u00e7o inoxid\u00e1vel M3x6.<\/li>\n<li>1 correia de alta qualidade para segurar a bateria.<\/li>\n<\/ul>\n<h4>Nota: Os componentes marcados com * estar\u00e3o na cor escolhida no momento da compra. Pode escolher entre: Verde, Preto, Vermelho, Azul ou Lil\u00e1s.<\/h4>\n<p>  Se gostas de <strong>modificar e personalizar<\/strong> o teu drone ou se precisas de substituir qualquer componente do teu <strong>IHA ONE X5<\/strong>, podes faz\u00ea-lo utilizando as pe\u00e7as sobressalentes que vendemos separadamente e que foram fabricadas especificamente para ele.  <\/p>\n<h4>Pe\u00e7as sobressalentes:<\/h4>\n<ul>\n<li>Bra\u00e7os 5 mm (conjunto de 2)<\/li>\n<li>Bra\u00e7os de 4 mm (conjunto de 2 unid.)<\/li>\n<li>Placa de cima<\/li>\n<li>Placa inferior<\/li>\n<li>Parafusos UNBRACO M3x16<\/li>\n<li>Parafusos M3x10<\/li>\n<li>Conjunto de pe\u00e7as 3D<\/li>\n<li>Colunas e porcas de alum\u00ednio<\/li>\n<\/ul>\n","protected":false},"excerpt":{"rendered":"<p>IHA-Race ONE x5 v2 L\u00e2mina de 200mm 5 A IHA-Race ONE X5 v2 \u00e9 um quadro de fibra de carbono de alta qualidade. Foi concebido para um desempenho m\u00e1ximo em<\/p>\n","protected":false},"featured_media":97262,"comment_status":"open","ping_status":"closed","template":"","meta":{"_joinchat":[]},"pwb-brand":[3586],"product_cat":[1458,3671],"product_tag":[],"class_list":{"0":"post-110985","1":"product","2":"type-product","3":"status-publish","4":"has-post-thumbnail","6":"pwb-brand-iha-race","7":"product_cat-fpv-drones","8":"product_cat-molduras","10":"first","11":"instock","12":"taxable","13":"shipping-taxable","14":"purchasable","15":"product-type-variable"},"barcode":null,"atum_controlled":true,"out_stock_date":null,"out_stock_threshold":null,"inheritable":true,"stock_on_hold":0,"sold_today":0,"sales_last_days":0,"out_stock_days":0,"lost_sales":0,"update_date":"2026-03-21T18:46:51","atum_locations":[],"atum_stock_status":"instock","restock_status":false,"low_stock_amount":"","sales_update_date":"2026-03-21T18:46:51","calc_backorders":null,"yoast_head":"<!-- This site is optimized with the Yoast SEO plugin v27.3 - https:\/\/yoast.com\/product\/yoast-seo-wordpress\/ -->\n<title>IHA-Race ONE x5 v2 L\u00e2mina de 200mm 5 - Iha Race<\/title>\n<meta name=\"robots\" content=\"index, follow, max-snippet:-1, max-image-preview:large, max-video-preview:-1\" \/>\n<link rel=\"canonical\" href=\"https:\/\/iha-race.com\/pt-pt\/produto\/iha-race-one-x5-marco-fibra-de-carbono-de-200mm-pala-de-5\/\" \/>\n<meta property=\"og:locale\" content=\"pt_PT\" \/>\n<meta property=\"og:type\" content=\"article\" \/>\n<meta property=\"og:title\" content=\"IHA-Race ONE x5 v2 L\u00e2mina de 200mm 5 - Iha Race\" \/>\n<meta property=\"og:description\" content=\"IHA-Race ONE x5 v2 L\u00e2mina de 200mm 5 A IHA-Race ONE X5 v2 \u00e9 um quadro de fibra de carbono de alta qualidade. Foi concebido para um desempenho m\u00e1ximo em\" \/>\n<meta property=\"og:url\" content=\"https:\/\/iha-race.com\/pt-pt\/produto\/iha-race-one-x5-marco-fibra-de-carbono-de-200mm-pala-de-5\/\" \/>\n<meta property=\"og:site_name\" content=\"Iha Race\" \/>\n<meta property=\"article:modified_time\" content=\"2026-03-21T18:53:48+00:00\" \/>\n<meta property=\"og:image\" content=\"https:\/\/iha-race.com\/wp-content\/uploads\/2018\/07\/one-5-v2-1.jpg\" \/>\n\t<meta property=\"og:image:width\" content=\"2000\" \/>\n\t<meta property=\"og:image:height\" content=\"2000\" \/>\n\t<meta property=\"og:image:type\" content=\"image\/jpeg\" \/>\n<meta name=\"twitter:card\" content=\"summary_large_image\" \/>\n<meta name=\"twitter:label1\" content=\"Tempo estimado de leitura\" \/>\n\t<meta name=\"twitter:data1\" content=\"2 minutos\" \/>\n<script type=\"application\/ld+json\" class=\"yoast-schema-graph\">{\"@context\":\"https:\\\/\\\/schema.org\",\"@graph\":[{\"@type\":\"WebPage\",\"@id\":\"https:\\\/\\\/iha-race.com\\\/pt-pt\\\/produto\\\/iha-race-one-x5-marco-fibra-de-carbono-de-200mm-pala-de-5\\\/\",\"url\":\"https:\\\/\\\/iha-race.com\\\/pt-pt\\\/produto\\\/iha-race-one-x5-marco-fibra-de-carbono-de-200mm-pala-de-5\\\/\",\"name\":\"IHA-Race ONE x5 v2 L\u00e2mina de 200mm 5 - Iha Race\",\"isPartOf\":{\"@id\":\"https:\\\/\\\/iha-race.com\\\/pt-pt\\\/#website\"},\"primaryImageOfPage\":{\"@id\":\"https:\\\/\\\/iha-race.com\\\/pt-pt\\\/produto\\\/iha-race-one-x5-marco-fibra-de-carbono-de-200mm-pala-de-5\\\/#primaryimage\"},\"image\":{\"@id\":\"https:\\\/\\\/iha-race.com\\\/pt-pt\\\/produto\\\/iha-race-one-x5-marco-fibra-de-carbono-de-200mm-pala-de-5\\\/#primaryimage\"},\"thumbnailUrl\":\"https:\\\/\\\/iha-race.com\\\/wp-content\\\/uploads\\\/2018\\\/07\\\/one-5-v2-1.jpg\",\"datePublished\":\"2018-07-14T15:54:00+00:00\",\"dateModified\":\"2026-03-21T18:53:48+00:00\",\"breadcrumb\":{\"@id\":\"https:\\\/\\\/iha-race.com\\\/pt-pt\\\/produto\\\/iha-race-one-x5-marco-fibra-de-carbono-de-200mm-pala-de-5\\\/#breadcrumb\"},\"inLanguage\":\"pt-PT\",\"potentialAction\":[{\"@type\":\"ReadAction\",\"target\":[\"https:\\\/\\\/iha-race.com\\\/pt-pt\\\/produto\\\/iha-race-one-x5-marco-fibra-de-carbono-de-200mm-pala-de-5\\\/\"]}]},{\"@type\":\"ImageObject\",\"inLanguage\":\"pt-PT\",\"@id\":\"https:\\\/\\\/iha-race.com\\\/pt-pt\\\/produto\\\/iha-race-one-x5-marco-fibra-de-carbono-de-200mm-pala-de-5\\\/#primaryimage\",\"url\":\"https:\\\/\\\/iha-race.com\\\/wp-content\\\/uploads\\\/2018\\\/07\\\/one-5-v2-1.jpg\",\"contentUrl\":\"https:\\\/\\\/iha-race.com\\\/wp-content\\\/uploads\\\/2018\\\/07\\\/one-5-v2-1.jpg\",\"width\":2000,\"height\":2000,\"caption\":\"comprar moldura mais barata melhor qualidade\"},{\"@type\":\"BreadcrumbList\",\"@id\":\"https:\\\/\\\/iha-race.com\\\/pt-pt\\\/produto\\\/iha-race-one-x5-marco-fibra-de-carbono-de-200mm-pala-de-5\\\/#breadcrumb\",\"itemListElement\":[{\"@type\":\"ListItem\",\"position\":1,\"name\":\"Portada\",\"item\":\"https:\\\/\\\/iha-race.com\\\/pt-pt\\\/elementor-499\\\/\"},{\"@type\":\"ListItem\",\"position\":2,\"name\":\"Shop\",\"item\":\"https:\\\/\\\/iha-race.com\\\/pt-pt\\\/shop\\\/\"},{\"@type\":\"ListItem\",\"position\":3,\"name\":\"IHA-Race ONE x5 v2 L\u00e2mina de 200mm 5\"}]},{\"@type\":\"WebSite\",\"@id\":\"https:\\\/\\\/iha-race.com\\\/pt-pt\\\/#website\",\"url\":\"https:\\\/\\\/iha-race.com\\\/pt-pt\\\/\",\"name\":\"Iha Race\",\"description\":\"Comprar drones de carreras FPV env\u00edos en un d\u00eda desde Espa\u00f1a\",\"publisher\":{\"@id\":\"https:\\\/\\\/iha-race.com\\\/pt-pt\\\/#organization\"},\"potentialAction\":[{\"@type\":\"SearchAction\",\"target\":{\"@type\":\"EntryPoint\",\"urlTemplate\":\"https:\\\/\\\/iha-race.com\\\/pt-pt\\\/?s={search_term_string}\"},\"query-input\":{\"@type\":\"PropertyValueSpecification\",\"valueRequired\":true,\"valueName\":\"search_term_string\"}}],\"inLanguage\":\"pt-PT\"},{\"@type\":\"Organization\",\"@id\":\"https:\\\/\\\/iha-race.com\\\/pt-pt\\\/#organization\",\"name\":\"Iha Race\",\"url\":\"https:\\\/\\\/iha-race.com\\\/pt-pt\\\/\",\"logo\":{\"@type\":\"ImageObject\",\"inLanguage\":\"pt-PT\",\"@id\":\"https:\\\/\\\/iha-race.com\\\/pt-pt\\\/#\\\/schema\\\/logo\\\/image\\\/\",\"url\":\"https:\\\/\\\/iha-race.com\\\/wp-content\\\/uploads\\\/2018\\\/07\\\/iha-race-drones-de-carreras-tienda-comprar-drones.png\",\"contentUrl\":\"https:\\\/\\\/iha-race.com\\\/wp-content\\\/uploads\\\/2018\\\/07\\\/iha-race-drones-de-carreras-tienda-comprar-drones.png\",\"width\":300,\"height\":100,\"caption\":\"Iha Race\"},\"image\":{\"@id\":\"https:\\\/\\\/iha-race.com\\\/pt-pt\\\/#\\\/schema\\\/logo\\\/image\\\/\"}}]}<\/script>\n<!-- \/ Yoast SEO plugin. -->","yoast_head_json":{"title":"IHA-Race ONE x5 v2 L\u00e2mina de 200mm 5 - Iha Race","robots":{"index":"index","follow":"follow","max-snippet":"max-snippet:-1","max-image-preview":"max-image-preview:large","max-video-preview":"max-video-preview:-1"},"canonical":"https:\/\/iha-race.com\/pt-pt\/produto\/iha-race-one-x5-marco-fibra-de-carbono-de-200mm-pala-de-5\/","og_locale":"pt_PT","og_type":"article","og_title":"IHA-Race ONE x5 v2 L\u00e2mina de 200mm 5 - Iha Race","og_description":"IHA-Race ONE x5 v2 L\u00e2mina de 200mm 5 A IHA-Race ONE X5 v2 \u00e9 um quadro de fibra de carbono de alta qualidade. Foi concebido para um desempenho m\u00e1ximo em","og_url":"https:\/\/iha-race.com\/pt-pt\/produto\/iha-race-one-x5-marco-fibra-de-carbono-de-200mm-pala-de-5\/","og_site_name":"Iha Race","article_modified_time":"2026-03-21T18:53:48+00:00","og_image":[{"width":2000,"height":2000,"url":"https:\/\/iha-race.com\/wp-content\/uploads\/2018\/07\/one-5-v2-1.jpg","type":"image\/jpeg"}],"twitter_card":"summary_large_image","twitter_misc":{"Tempo estimado de leitura":"2 minutos"},"schema":{"@context":"https:\/\/schema.org","@graph":[{"@type":"WebPage","@id":"https:\/\/iha-race.com\/pt-pt\/produto\/iha-race-one-x5-marco-fibra-de-carbono-de-200mm-pala-de-5\/","url":"https:\/\/iha-race.com\/pt-pt\/produto\/iha-race-one-x5-marco-fibra-de-carbono-de-200mm-pala-de-5\/","name":"IHA-Race ONE x5 v2 L\u00e2mina de 200mm 5 - Iha Race","isPartOf":{"@id":"https:\/\/iha-race.com\/pt-pt\/#website"},"primaryImageOfPage":{"@id":"https:\/\/iha-race.com\/pt-pt\/produto\/iha-race-one-x5-marco-fibra-de-carbono-de-200mm-pala-de-5\/#primaryimage"},"image":{"@id":"https:\/\/iha-race.com\/pt-pt\/produto\/iha-race-one-x5-marco-fibra-de-carbono-de-200mm-pala-de-5\/#primaryimage"},"thumbnailUrl":"https:\/\/iha-race.com\/wp-content\/uploads\/2018\/07\/one-5-v2-1.jpg","datePublished":"2018-07-14T15:54:00+00:00","dateModified":"2026-03-21T18:53:48+00:00","breadcrumb":{"@id":"https:\/\/iha-race.com\/pt-pt\/produto\/iha-race-one-x5-marco-fibra-de-carbono-de-200mm-pala-de-5\/#breadcrumb"},"inLanguage":"pt-PT","potentialAction":[{"@type":"ReadAction","target":["https:\/\/iha-race.com\/pt-pt\/produto\/iha-race-one-x5-marco-fibra-de-carbono-de-200mm-pala-de-5\/"]}]},{"@type":"ImageObject","inLanguage":"pt-PT","@id":"https:\/\/iha-race.com\/pt-pt\/produto\/iha-race-one-x5-marco-fibra-de-carbono-de-200mm-pala-de-5\/#primaryimage","url":"https:\/\/iha-race.com\/wp-content\/uploads\/2018\/07\/one-5-v2-1.jpg","contentUrl":"https:\/\/iha-race.com\/wp-content\/uploads\/2018\/07\/one-5-v2-1.jpg","width":2000,"height":2000,"caption":"comprar moldura mais barata melhor qualidade"},{"@type":"BreadcrumbList","@id":"https:\/\/iha-race.com\/pt-pt\/produto\/iha-race-one-x5-marco-fibra-de-carbono-de-200mm-pala-de-5\/#breadcrumb","itemListElement":[{"@type":"ListItem","position":1,"name":"Portada","item":"https:\/\/iha-race.com\/pt-pt\/elementor-499\/"},{"@type":"ListItem","position":2,"name":"Shop","item":"https:\/\/iha-race.com\/pt-pt\/shop\/"},{"@type":"ListItem","position":3,"name":"IHA-Race ONE x5 v2 L\u00e2mina de 200mm 5"}]},{"@type":"WebSite","@id":"https:\/\/iha-race.com\/pt-pt\/#website","url":"https:\/\/iha-race.com\/pt-pt\/","name":"Iha Race","description":"Comprar drones de carreras FPV env\u00edos en un d\u00eda desde Espa\u00f1a","publisher":{"@id":"https:\/\/iha-race.com\/pt-pt\/#organization"},"potentialAction":[{"@type":"SearchAction","target":{"@type":"EntryPoint","urlTemplate":"https:\/\/iha-race.com\/pt-pt\/?s={search_term_string}"},"query-input":{"@type":"PropertyValueSpecification","valueRequired":true,"valueName":"search_term_string"}}],"inLanguage":"pt-PT"},{"@type":"Organization","@id":"https:\/\/iha-race.com\/pt-pt\/#organization","name":"Iha Race","url":"https:\/\/iha-race.com\/pt-pt\/","logo":{"@type":"ImageObject","inLanguage":"pt-PT","@id":"https:\/\/iha-race.com\/pt-pt\/#\/schema\/logo\/image\/","url":"https:\/\/iha-race.com\/wp-content\/uploads\/2018\/07\/iha-race-drones-de-carreras-tienda-comprar-drones.png","contentUrl":"https:\/\/iha-race.com\/wp-content\/uploads\/2018\/07\/iha-race-drones-de-carreras-tienda-comprar-drones.png","width":300,"height":100,"caption":"Iha Race"},"image":{"@id":"https:\/\/iha-race.com\/pt-pt\/#\/schema\/logo\/image\/"}}]}},"jetpack_sharing_enabled":true,"brands":[{"id":3586,"name":"IHA Race","slug":"iha-race"}],"_links":{"self":[{"href":"https:\/\/iha-race.com\/pt-pt\/wp-json\/wp\/v2\/product\/110985","targetHints":{"allow":["GET"]}}],"collection":[{"href":"https:\/\/iha-race.com\/pt-pt\/wp-json\/wp\/v2\/product"}],"about":[{"href":"https:\/\/iha-race.com\/pt-pt\/wp-json\/wp\/v2\/types\/product"}],"replies":[{"embeddable":true,"href":"https:\/\/iha-race.com\/pt-pt\/wp-json\/wp\/v2\/comments?post=110985"}],"version-history":[{"count":2,"href":"https:\/\/iha-race.com\/pt-pt\/wp-json\/wp\/v2\/product\/110985\/revisions"}],"predecessor-version":[{"id":250630,"href":"https:\/\/iha-race.com\/pt-pt\/wp-json\/wp\/v2\/product\/110985\/revisions\/250630"}],"wp:featuredmedia":[{"embeddable":true,"href":"https:\/\/iha-race.com\/pt-pt\/wp-json\/wp\/v2\/media\/97262"}],"wp:attachment":[{"href":"https:\/\/iha-race.com\/pt-pt\/wp-json\/wp\/v2\/media?parent=110985"}],"wp:term":[{"taxonomy":"pwb-brand","embeddable":true,"href":"https:\/\/iha-race.com\/pt-pt\/wp-json\/wp\/v2\/pwb-brand?post=110985"},{"taxonomy":"product_cat","embeddable":true,"href":"https:\/\/iha-race.com\/pt-pt\/wp-json\/wp\/v2\/product_cat?post=110985"},{"taxonomy":"product_tag","embeddable":true,"href":"https:\/\/iha-race.com\/pt-pt\/wp-json\/wp\/v2\/product_tag?post=110985"}],"curies":[{"name":"wp","href":"https:\/\/api.w.org\/{rel}","templated":true}]}}