{"id":110967,"date":"2018-07-14T17:38:12","date_gmt":"2018-07-14T15:38:12","guid":{"rendered":"https:\/\/iha-race.com\/producto\/geprc-gep-ax5-airbus-215mm-airframe-kit-com-pdb\/"},"modified":"2024-09-02T14:02:39","modified_gmt":"2024-09-02T12:02:39","slug":"geprc-gep-ax5-airbus-215mm-kit-of-structure-with-pdb","status":"publish","type":"product","link":"https:\/\/iha-race.com\/pt-pt\/produto\/geprc-gep-ax5-airbus-215mm-kit-of-structure-with-pdb\/","title":{"rendered":"GEPRC GEP-AX5 Airbus 215mm Airframe Kit com PDB"},"content":{"rendered":"<h3>GEPRC GEP-AX5 Airbus 215mm Airframe Kit com PDB &#8211; Drones de competi\u00e7\u00e3o e FreeStyle.<\/h3>\n<p>  GEP-AX5, &#8220;AirBus&#8221;. 5 polegadas (215mm). GEPRC concebido para fixar 4 bra\u00e7os com um &#8220;X&#8221; CNC de alum\u00ednio, f\u00e1cil de remover e instalar, e o alum\u00ednio CNC \u00e9 o melhor para refor\u00e7ar as arma\u00e7\u00f5es do &#8220;X&#8221;. Existe um PDB (5V 3A output, 12V 500mA output) e XT60, reduz o tempo de instala\u00e7\u00e3o. Vale a pena mencionar que as luzes traseiras integram 6 luzes LED brilhantes e a campainha. As luzes traseiras LED apoiam o controlo FC (Betaflight \/ CleanFlight) da cor e estado das luzes. A maior caracter\u00edstica est\u00e1 no nariz desta moldura, utiliza uma pe\u00e7a TPU impressa em 3D e a montagem da c\u00e2mara concebida inclinando o \u00e2ngulo de 35 graus. Reduz muito a resist\u00eancia ao vento.  <strong>Especifica\u00e7\u00e3o:<\/strong><\/p>\n<ul>\n<li>Nome: GEP-AX5<\/li>\n<li>Peso: 116g (AX5),<\/li>\n<\/ul>\n","protected":false},"excerpt":{"rendered":"<p>GEPRC GEP-AX5 Airbus 215mm Airframe Kit com PDB &#8211; Drones de competi\u00e7\u00e3o e FreeStyle. GEP-AX5, &#8220;AirBus&#8221;. 5 polegadas (215mm). GEPRC concebido para fixar 4 bra\u00e7os com um &#8220;X&#8221; CNC de<\/p>\n","protected":false},"featured_media":92761,"comment_status":"open","ping_status":"closed","template":"","meta":{"_joinchat":[]},"pwb-brand":[],"product_cat":[1153],"product_tag":[],"class_list":{"0":"post-110967","1":"product","2":"type-product","3":"status-publish","4":"has-post-thumbnail","6":"product_cat-outlet-pt-pt","8":"first","9":"instock","10":"taxable","11":"shipping-taxable","12":"purchasable","13":"product-type-simple"},"barcode":null,"atum_controlled":true,"out_stock_date":null,"out_stock_threshold":null,"inheritable":false,"stock_on_hold":0,"sold_today":0,"sales_last_days":0,"out_stock_days":0,"lost_sales":0,"update_date":"2026-04-16T08:17:46","atum_locations":[],"atum_stock_status":"instock","restock_status":false,"low_stock_amount":"","sales_update_date":"2026-04-16T08:17:46","calc_backorders":null,"yoast_head":"<!-- This site is optimized with the Yoast SEO plugin v27.3 - https:\/\/yoast.com\/product\/yoast-seo-wordpress\/ -->\n<title>GEPRC GEP-AX5 Airbus 215mm Airframe Kit com PDB - Iha Race<\/title>\n<meta name=\"robots\" content=\"index, follow, max-snippet:-1, max-image-preview:large, max-video-preview:-1\" \/>\n<link rel=\"canonical\" href=\"https:\/\/iha-race.com\/pt-pt\/produto\/geprc-gep-ax5-airbus-215mm-kit-of-structure-with-pdb\/\" \/>\n<meta property=\"og:locale\" content=\"pt_PT\" \/>\n<meta property=\"og:type\" content=\"article\" \/>\n<meta property=\"og:title\" content=\"GEPRC GEP-AX5 Airbus 215mm Airframe Kit com PDB - Iha Race\" \/>\n<meta property=\"og:description\" content=\"GEPRC GEP-AX5 Airbus 215mm Airframe Kit com PDB &#8211; Drones de competi\u00e7\u00e3o e FreeStyle. GEP-AX5, &#8220;AirBus&#8221;. 5 polegadas (215mm). GEPRC concebido para fixar 4 bra\u00e7os com um &#8220;X&#8221; CNC de\" \/>\n<meta property=\"og:url\" content=\"https:\/\/iha-race.com\/pt-pt\/produto\/geprc-gep-ax5-airbus-215mm-kit-of-structure-with-pdb\/\" \/>\n<meta property=\"og:site_name\" content=\"Iha Race\" \/>\n<meta property=\"article:modified_time\" content=\"2024-09-02T12:02:39+00:00\" \/>\n<meta property=\"og:image\" content=\"https:\/\/iha-race.com\/wp-content\/uploads\/2018\/07\/geprc-gep-ax5-airbus-215mm-kit-estructura-pdb-comprar-barato-en-espan\u0303a-tienda-online-fpv-1.jpg\" \/>\n\t<meta property=\"og:image:width\" content=\"800\" \/>\n\t<meta property=\"og:image:height\" content=\"800\" \/>\n\t<meta property=\"og:image:type\" content=\"image\/jpeg\" \/>\n<meta name=\"twitter:card\" content=\"summary_large_image\" \/>\n<meta name=\"twitter:label1\" content=\"Tempo estimado de leitura\" \/>\n\t<meta name=\"twitter:data1\" content=\"1 minuto\" \/>\n<script type=\"application\/ld+json\" class=\"yoast-schema-graph\">{\"@context\":\"https:\\\/\\\/schema.org\",\"@graph\":[{\"@type\":\"WebPage\",\"@id\":\"https:\\\/\\\/iha-race.com\\\/pt-pt\\\/produto\\\/geprc-gep-ax5-airbus-215mm-kit-of-structure-with-pdb\\\/\",\"url\":\"https:\\\/\\\/iha-race.com\\\/pt-pt\\\/produto\\\/geprc-gep-ax5-airbus-215mm-kit-of-structure-with-pdb\\\/\",\"name\":\"GEPRC GEP-AX5 Airbus 215mm Airframe Kit com PDB - Iha Race\",\"isPartOf\":{\"@id\":\"https:\\\/\\\/iha-race.com\\\/pt-pt\\\/#website\"},\"primaryImageOfPage\":{\"@id\":\"https:\\\/\\\/iha-race.com\\\/pt-pt\\\/produto\\\/geprc-gep-ax5-airbus-215mm-kit-of-structure-with-pdb\\\/#primaryimage\"},\"image\":{\"@id\":\"https:\\\/\\\/iha-race.com\\\/pt-pt\\\/produto\\\/geprc-gep-ax5-airbus-215mm-kit-of-structure-with-pdb\\\/#primaryimage\"},\"thumbnailUrl\":\"https:\\\/\\\/iha-race.com\\\/wp-content\\\/uploads\\\/2018\\\/07\\\/geprc-gep-ax5-airbus-215mm-kit-estructura-pdb-comprar-barato-en-espan\u0303a-tienda-online-fpv-1.jpg\",\"datePublished\":\"2018-07-14T15:38:12+00:00\",\"dateModified\":\"2024-09-02T12:02:39+00:00\",\"breadcrumb\":{\"@id\":\"https:\\\/\\\/iha-race.com\\\/pt-pt\\\/produto\\\/geprc-gep-ax5-airbus-215mm-kit-of-structure-with-pdb\\\/#breadcrumb\"},\"inLanguage\":\"pt-PT\",\"potentialAction\":[{\"@type\":\"ReadAction\",\"target\":[\"https:\\\/\\\/iha-race.com\\\/pt-pt\\\/produto\\\/geprc-gep-ax5-airbus-215mm-kit-of-structure-with-pdb\\\/\"]}]},{\"@type\":\"ImageObject\",\"inLanguage\":\"pt-PT\",\"@id\":\"https:\\\/\\\/iha-race.com\\\/pt-pt\\\/produto\\\/geprc-gep-ax5-airbus-215mm-kit-of-structure-with-pdb\\\/#primaryimage\",\"url\":\"https:\\\/\\\/iha-race.com\\\/wp-content\\\/uploads\\\/2018\\\/07\\\/geprc-gep-ax5-airbus-215mm-kit-estructura-pdb-comprar-barato-en-espan\u0303a-tienda-online-fpv-1.jpg\",\"contentUrl\":\"https:\\\/\\\/iha-race.com\\\/wp-content\\\/uploads\\\/2018\\\/07\\\/geprc-gep-ax5-airbus-215mm-kit-estructura-pdb-comprar-barato-en-espan\u0303a-tienda-online-fpv-1.jpg\",\"width\":800,\"height\":800,\"caption\":\"geprc-gep-ax5-airbus-215mm-kit-structure-pdb oferece drone race\"},{\"@type\":\"BreadcrumbList\",\"@id\":\"https:\\\/\\\/iha-race.com\\\/pt-pt\\\/produto\\\/geprc-gep-ax5-airbus-215mm-kit-of-structure-with-pdb\\\/#breadcrumb\",\"itemListElement\":[{\"@type\":\"ListItem\",\"position\":1,\"name\":\"Portada\",\"item\":\"https:\\\/\\\/iha-race.com\\\/pt-pt\\\/\"},{\"@type\":\"ListItem\",\"position\":2,\"name\":\"Shop\",\"item\":\"https:\\\/\\\/iha-race.com\\\/pt-pt\\\/shop\\\/\"},{\"@type\":\"ListItem\",\"position\":3,\"name\":\"GEPRC GEP-AX5 Airbus 215mm Airframe Kit com PDB\"}]},{\"@type\":\"WebSite\",\"@id\":\"https:\\\/\\\/iha-race.com\\\/pt-pt\\\/#website\",\"url\":\"https:\\\/\\\/iha-race.com\\\/pt-pt\\\/\",\"name\":\"Iha Race\",\"description\":\"Comprar drones de carreras FPV env\u00edos en un d\u00eda desde Espa\u00f1a\",\"publisher\":{\"@id\":\"https:\\\/\\\/iha-race.com\\\/pt-pt\\\/#organization\"},\"potentialAction\":[{\"@type\":\"SearchAction\",\"target\":{\"@type\":\"EntryPoint\",\"urlTemplate\":\"https:\\\/\\\/iha-race.com\\\/pt-pt\\\/?s={search_term_string}\"},\"query-input\":{\"@type\":\"PropertyValueSpecification\",\"valueRequired\":true,\"valueName\":\"search_term_string\"}}],\"inLanguage\":\"pt-PT\"},{\"@type\":\"Organization\",\"@id\":\"https:\\\/\\\/iha-race.com\\\/pt-pt\\\/#organization\",\"name\":\"Iha Race\",\"url\":\"https:\\\/\\\/iha-race.com\\\/pt-pt\\\/\",\"logo\":{\"@type\":\"ImageObject\",\"inLanguage\":\"pt-PT\",\"@id\":\"https:\\\/\\\/iha-race.com\\\/pt-pt\\\/#\\\/schema\\\/logo\\\/image\\\/\",\"url\":\"https:\\\/\\\/iha-race.com\\\/wp-content\\\/uploads\\\/2018\\\/07\\\/iha-race-drones-de-carreras-tienda-comprar-drones.png\",\"contentUrl\":\"https:\\\/\\\/iha-race.com\\\/wp-content\\\/uploads\\\/2018\\\/07\\\/iha-race-drones-de-carreras-tienda-comprar-drones.png\",\"width\":300,\"height\":100,\"caption\":\"Iha Race\"},\"image\":{\"@id\":\"https:\\\/\\\/iha-race.com\\\/pt-pt\\\/#\\\/schema\\\/logo\\\/image\\\/\"}}]}<\/script>\n<!-- \/ Yoast SEO plugin. -->","yoast_head_json":{"title":"GEPRC GEP-AX5 Airbus 215mm Airframe Kit com PDB - Iha Race","robots":{"index":"index","follow":"follow","max-snippet":"max-snippet:-1","max-image-preview":"max-image-preview:large","max-video-preview":"max-video-preview:-1"},"canonical":"https:\/\/iha-race.com\/pt-pt\/produto\/geprc-gep-ax5-airbus-215mm-kit-of-structure-with-pdb\/","og_locale":"pt_PT","og_type":"article","og_title":"GEPRC GEP-AX5 Airbus 215mm Airframe Kit com PDB - Iha Race","og_description":"GEPRC GEP-AX5 Airbus 215mm Airframe Kit com PDB &#8211; Drones de competi\u00e7\u00e3o e FreeStyle. GEP-AX5, &#8220;AirBus&#8221;. 5 polegadas (215mm). GEPRC concebido para fixar 4 bra\u00e7os com um &#8220;X&#8221; CNC de","og_url":"https:\/\/iha-race.com\/pt-pt\/produto\/geprc-gep-ax5-airbus-215mm-kit-of-structure-with-pdb\/","og_site_name":"Iha Race","article_modified_time":"2024-09-02T12:02:39+00:00","og_image":[{"width":800,"height":800,"url":"https:\/\/iha-race.com\/wp-content\/uploads\/2018\/07\/geprc-gep-ax5-airbus-215mm-kit-estructura-pdb-comprar-barato-en-espan\u0303a-tienda-online-fpv-1.jpg","type":"image\/jpeg"}],"twitter_card":"summary_large_image","twitter_misc":{"Tempo estimado de leitura":"1 minuto"},"schema":{"@context":"https:\/\/schema.org","@graph":[{"@type":"WebPage","@id":"https:\/\/iha-race.com\/pt-pt\/produto\/geprc-gep-ax5-airbus-215mm-kit-of-structure-with-pdb\/","url":"https:\/\/iha-race.com\/pt-pt\/produto\/geprc-gep-ax5-airbus-215mm-kit-of-structure-with-pdb\/","name":"GEPRC GEP-AX5 Airbus 215mm Airframe Kit com PDB - Iha Race","isPartOf":{"@id":"https:\/\/iha-race.com\/pt-pt\/#website"},"primaryImageOfPage":{"@id":"https:\/\/iha-race.com\/pt-pt\/produto\/geprc-gep-ax5-airbus-215mm-kit-of-structure-with-pdb\/#primaryimage"},"image":{"@id":"https:\/\/iha-race.com\/pt-pt\/produto\/geprc-gep-ax5-airbus-215mm-kit-of-structure-with-pdb\/#primaryimage"},"thumbnailUrl":"https:\/\/iha-race.com\/wp-content\/uploads\/2018\/07\/geprc-gep-ax5-airbus-215mm-kit-estructura-pdb-comprar-barato-en-espan\u0303a-tienda-online-fpv-1.jpg","datePublished":"2018-07-14T15:38:12+00:00","dateModified":"2024-09-02T12:02:39+00:00","breadcrumb":{"@id":"https:\/\/iha-race.com\/pt-pt\/produto\/geprc-gep-ax5-airbus-215mm-kit-of-structure-with-pdb\/#breadcrumb"},"inLanguage":"pt-PT","potentialAction":[{"@type":"ReadAction","target":["https:\/\/iha-race.com\/pt-pt\/produto\/geprc-gep-ax5-airbus-215mm-kit-of-structure-with-pdb\/"]}]},{"@type":"ImageObject","inLanguage":"pt-PT","@id":"https:\/\/iha-race.com\/pt-pt\/produto\/geprc-gep-ax5-airbus-215mm-kit-of-structure-with-pdb\/#primaryimage","url":"https:\/\/iha-race.com\/wp-content\/uploads\/2018\/07\/geprc-gep-ax5-airbus-215mm-kit-estructura-pdb-comprar-barato-en-espan\u0303a-tienda-online-fpv-1.jpg","contentUrl":"https:\/\/iha-race.com\/wp-content\/uploads\/2018\/07\/geprc-gep-ax5-airbus-215mm-kit-estructura-pdb-comprar-barato-en-espan\u0303a-tienda-online-fpv-1.jpg","width":800,"height":800,"caption":"geprc-gep-ax5-airbus-215mm-kit-structure-pdb oferece drone race"},{"@type":"BreadcrumbList","@id":"https:\/\/iha-race.com\/pt-pt\/produto\/geprc-gep-ax5-airbus-215mm-kit-of-structure-with-pdb\/#breadcrumb","itemListElement":[{"@type":"ListItem","position":1,"name":"Portada","item":"https:\/\/iha-race.com\/pt-pt\/"},{"@type":"ListItem","position":2,"name":"Shop","item":"https:\/\/iha-race.com\/pt-pt\/shop\/"},{"@type":"ListItem","position":3,"name":"GEPRC GEP-AX5 Airbus 215mm Airframe Kit com PDB"}]},{"@type":"WebSite","@id":"https:\/\/iha-race.com\/pt-pt\/#website","url":"https:\/\/iha-race.com\/pt-pt\/","name":"Iha Race","description":"Comprar drones de carreras FPV env\u00edos en un d\u00eda desde Espa\u00f1a","publisher":{"@id":"https:\/\/iha-race.com\/pt-pt\/#organization"},"potentialAction":[{"@type":"SearchAction","target":{"@type":"EntryPoint","urlTemplate":"https:\/\/iha-race.com\/pt-pt\/?s={search_term_string}"},"query-input":{"@type":"PropertyValueSpecification","valueRequired":true,"valueName":"search_term_string"}}],"inLanguage":"pt-PT"},{"@type":"Organization","@id":"https:\/\/iha-race.com\/pt-pt\/#organization","name":"Iha Race","url":"https:\/\/iha-race.com\/pt-pt\/","logo":{"@type":"ImageObject","inLanguage":"pt-PT","@id":"https:\/\/iha-race.com\/pt-pt\/#\/schema\/logo\/image\/","url":"https:\/\/iha-race.com\/wp-content\/uploads\/2018\/07\/iha-race-drones-de-carreras-tienda-comprar-drones.png","contentUrl":"https:\/\/iha-race.com\/wp-content\/uploads\/2018\/07\/iha-race-drones-de-carreras-tienda-comprar-drones.png","width":300,"height":100,"caption":"Iha Race"},"image":{"@id":"https:\/\/iha-race.com\/pt-pt\/#\/schema\/logo\/image\/"}}]}},"jetpack_sharing_enabled":true,"brands":[],"_links":{"self":[{"href":"https:\/\/iha-race.com\/pt-pt\/wp-json\/wp\/v2\/product\/110967","targetHints":{"allow":["GET"]}}],"collection":[{"href":"https:\/\/iha-race.com\/pt-pt\/wp-json\/wp\/v2\/product"}],"about":[{"href":"https:\/\/iha-race.com\/pt-pt\/wp-json\/wp\/v2\/types\/product"}],"replies":[{"embeddable":true,"href":"https:\/\/iha-race.com\/pt-pt\/wp-json\/wp\/v2\/comments?post=110967"}],"version-history":[{"count":1,"href":"https:\/\/iha-race.com\/pt-pt\/wp-json\/wp\/v2\/product\/110967\/revisions"}],"predecessor-version":[{"id":250855,"href":"https:\/\/iha-race.com\/pt-pt\/wp-json\/wp\/v2\/product\/110967\/revisions\/250855"}],"wp:featuredmedia":[{"embeddable":true,"href":"https:\/\/iha-race.com\/pt-pt\/wp-json\/wp\/v2\/media\/92761"}],"wp:attachment":[{"href":"https:\/\/iha-race.com\/pt-pt\/wp-json\/wp\/v2\/media?parent=110967"}],"wp:term":[{"taxonomy":"pwb-brand","embeddable":true,"href":"https:\/\/iha-race.com\/pt-pt\/wp-json\/wp\/v2\/pwb-brand?post=110967"},{"taxonomy":"product_cat","embeddable":true,"href":"https:\/\/iha-race.com\/pt-pt\/wp-json\/wp\/v2\/product_cat?post=110967"},{"taxonomy":"product_tag","embeddable":true,"href":"https:\/\/iha-race.com\/pt-pt\/wp-json\/wp\/v2\/product_tag?post=110967"}],"curies":[{"name":"wp","href":"https:\/\/api.w.org\/{rel}","templated":true}]}}