{"id":110859,"date":"2018-07-14T17:34:29","date_gmt":"2018-07-14T15:34:29","guid":{"rendered":"https:\/\/iha-race.com\/producto\/transtec-zoro-race-220mm-fibra-de-carbono-3k-4mm-fpv-racing-frame\/"},"modified":"2024-08-14T10:56:48","modified_gmt":"2024-08-14T08:56:48","slug":"transtec-zoro-race-220mm-carbono-fibra-3k-4mm-fpv-racing-estrutura","status":"publish","type":"product","link":"https:\/\/iha-race.com\/pt-pt\/produto\/transtec-zoro-race-220mm-carbono-fibra-3k-4mm-fpv-racing-estrutura\/","title":{"rendered":"TransTEC ZORO Race 220mm Fibra de carbono 3K 4mm FPV Racing Frame"},"content":{"rendered":"<h3>TransTEC ZORO Race 220mm Fibra de carbono 3K 4mm FPV Racing Frame<\/h3>\n<p><strong>Especifica\u00e7\u00e3o:<\/strong><\/p>\n<ul>\n<li>Marca: TransTEC<\/li>\n<li>Nome do artigo: ZORO Race \/ Lite FPV Racing Frame<\/li>\n<li>Tamanho da moldura: 220mm<\/li>\n<li>Placa inferior: 4mm 3K de fibra de carbono<\/li>\n<li>Concha superior: Liga de alum\u00ednio para avia\u00e7\u00e3o<\/li>\n<li>Parafusos: classe de parafuso 12.9<\/li>\n<li>Peso: 80g<\/li>\n<\/ul>\n<p><strong>Pe\u00e7as recomendadas: (N\u00e3o inclu\u00eddas)<\/strong><\/p>\n<ul>\n<li>Controlador de fluxo: F4 \/ F7<\/li>\n<li>Motor: DYS Storm &#8211; Fogo; F40 pro ou similar<\/li>\n<li>ESC: 30A<\/li>\n<li>H\u00e9lice: Dalprop 5040v2 &#8211; Dalprop 5045<\/li>\n<li>Bateria: 4S 1300 &#8211; 1800 mAh<\/li>\n<\/ul>\n<p><strong>Inclu\u00eddo no pacote:<\/strong> 1 X-Frame Kit<\/p>\n","protected":false},"excerpt":{"rendered":"<p>TransTEC ZORO Race 220mm Fibra de carbono 3K 4mm FPV Racing Frame Especifica\u00e7\u00e3o: Marca: TransTEC Nome do artigo: ZORO Race \/ Lite FPV Racing Frame Tamanho da moldura: 220mm Placa<\/p>\n","protected":false},"featured_media":92745,"comment_status":"open","ping_status":"closed","template":"","meta":{"_joinchat":[]},"pwb-brand":[],"product_cat":[1153],"product_tag":[],"class_list":{"0":"post-110859","1":"product","2":"type-product","3":"status-publish","4":"has-post-thumbnail","6":"product_cat-outlet-pt-pt","8":"first","9":"instock","10":"sale","11":"taxable","12":"shipping-taxable","13":"purchasable","14":"product-type-simple"},"barcode":null,"atum_controlled":true,"out_stock_date":null,"out_stock_threshold":null,"inheritable":false,"stock_on_hold":0,"sold_today":0,"sales_last_days":0,"out_stock_days":0,"lost_sales":0,"update_date":"2026-04-27T23:50:47","atum_locations":[],"atum_stock_status":"instock","restock_status":false,"low_stock_amount":"","sales_update_date":"2026-04-27T19:44:23","calc_backorders":null,"yoast_head":"<!-- This site is optimized with the Yoast SEO plugin v27.3 - https:\/\/yoast.com\/product\/yoast-seo-wordpress\/ -->\n<title>TransTEC ZORO Race 220mm Fibra de carbono 3K 4mm FPV Racing Frame - Iha Race<\/title>\n<meta name=\"robots\" content=\"index, follow, max-snippet:-1, max-image-preview:large, max-video-preview:-1\" \/>\n<link rel=\"canonical\" href=\"https:\/\/iha-race.com\/pt-pt\/produto\/transtec-zoro-race-220mm-carbono-fibra-3k-4mm-fpv-racing-estrutura\/\" \/>\n<meta property=\"og:locale\" content=\"pt_PT\" \/>\n<meta property=\"og:type\" content=\"article\" \/>\n<meta property=\"og:title\" content=\"TransTEC ZORO Race 220mm Fibra de carbono 3K 4mm FPV Racing Frame - Iha Race\" \/>\n<meta property=\"og:description\" content=\"TransTEC ZORO Race 220mm Fibra de carbono 3K 4mm FPV Racing Frame Especifica\u00e7\u00e3o: Marca: TransTEC Nome do artigo: ZORO Race \/ Lite FPV Racing Frame Tamanho da moldura: 220mm Placa\" \/>\n<meta property=\"og:url\" content=\"https:\/\/iha-race.com\/pt-pt\/produto\/transtec-zoro-race-220mm-carbono-fibra-3k-4mm-fpv-racing-estrutura\/\" \/>\n<meta property=\"og:site_name\" content=\"Iha Race\" \/>\n<meta property=\"article:modified_time\" content=\"2024-08-14T08:56:48+00:00\" \/>\n<meta property=\"og:image\" content=\"https:\/\/iha-race.com\/wp-content\/uploads\/2018\/07\/transtec-zoro-race-220mm-fibra-carbono-3k-4mm-fpv-racing-frame-comprar-drones-de-carreras-baratos-online-1.jpg\" \/>\n\t<meta property=\"og:image:width\" content=\"800\" \/>\n\t<meta property=\"og:image:height\" content=\"800\" \/>\n\t<meta property=\"og:image:type\" content=\"image\/jpeg\" \/>\n<meta name=\"twitter:card\" content=\"summary_large_image\" \/>\n<script type=\"application\/ld+json\" class=\"yoast-schema-graph\">{\"@context\":\"https:\\\/\\\/schema.org\",\"@graph\":[{\"@type\":\"WebPage\",\"@id\":\"https:\\\/\\\/iha-race.com\\\/pt-pt\\\/produto\\\/transtec-zoro-race-220mm-carbono-fibra-3k-4mm-fpv-racing-estrutura\\\/\",\"url\":\"https:\\\/\\\/iha-race.com\\\/pt-pt\\\/produto\\\/transtec-zoro-race-220mm-carbono-fibra-3k-4mm-fpv-racing-estrutura\\\/\",\"name\":\"TransTEC ZORO Race 220mm Fibra de carbono 3K 4mm FPV Racing Frame - Iha Race\",\"isPartOf\":{\"@id\":\"https:\\\/\\\/iha-race.com\\\/pt-pt\\\/#website\"},\"primaryImageOfPage\":{\"@id\":\"https:\\\/\\\/iha-race.com\\\/pt-pt\\\/produto\\\/transtec-zoro-race-220mm-carbono-fibra-3k-4mm-fpv-racing-estrutura\\\/#primaryimage\"},\"image\":{\"@id\":\"https:\\\/\\\/iha-race.com\\\/pt-pt\\\/produto\\\/transtec-zoro-race-220mm-carbono-fibra-3k-4mm-fpv-racing-estrutura\\\/#primaryimage\"},\"thumbnailUrl\":\"https:\\\/\\\/iha-race.com\\\/wp-content\\\/uploads\\\/2018\\\/07\\\/transtec-zoro-race-220mm-fibra-carbono-3k-4mm-fpv-racing-frame-comprar-drones-de-carreras-baratos-online-1.jpg\",\"datePublished\":\"2018-07-14T15:34:29+00:00\",\"dateModified\":\"2024-08-14T08:56:48+00:00\",\"breadcrumb\":{\"@id\":\"https:\\\/\\\/iha-race.com\\\/pt-pt\\\/produto\\\/transtec-zoro-race-220mm-carbono-fibra-3k-4mm-fpv-racing-estrutura\\\/#breadcrumb\"},\"inLanguage\":\"pt-PT\",\"potentialAction\":[{\"@type\":\"ReadAction\",\"target\":[\"https:\\\/\\\/iha-race.com\\\/pt-pt\\\/produto\\\/transtec-zoro-race-220mm-carbono-fibra-3k-4mm-fpv-racing-estrutura\\\/\"]}]},{\"@type\":\"ImageObject\",\"inLanguage\":\"pt-PT\",\"@id\":\"https:\\\/\\\/iha-race.com\\\/pt-pt\\\/produto\\\/transtec-zoro-race-220mm-carbono-fibra-3k-4mm-fpv-racing-estrutura\\\/#primaryimage\",\"url\":\"https:\\\/\\\/iha-race.com\\\/wp-content\\\/uploads\\\/2018\\\/07\\\/transtec-zoro-race-220mm-fibra-carbono-3k-4mm-fpv-racing-frame-comprar-drones-de-carreras-baratos-online-1.jpg\",\"contentUrl\":\"https:\\\/\\\/iha-race.com\\\/wp-content\\\/uploads\\\/2018\\\/07\\\/transtec-zoro-race-220mm-fibra-carbono-3k-4mm-fpv-racing-frame-comprar-drones-de-carreras-baratos-online-1.jpg\",\"width\":800,\"height\":800},{\"@type\":\"BreadcrumbList\",\"@id\":\"https:\\\/\\\/iha-race.com\\\/pt-pt\\\/produto\\\/transtec-zoro-race-220mm-carbono-fibra-3k-4mm-fpv-racing-estrutura\\\/#breadcrumb\",\"itemListElement\":[{\"@type\":\"ListItem\",\"position\":1,\"name\":\"Portada\",\"item\":\"https:\\\/\\\/iha-race.com\\\/pt-pt\\\/elementor-499\\\/\"},{\"@type\":\"ListItem\",\"position\":2,\"name\":\"Shop\",\"item\":\"https:\\\/\\\/iha-race.com\\\/pt-pt\\\/shop\\\/\"},{\"@type\":\"ListItem\",\"position\":3,\"name\":\"TransTEC ZORO Race 220mm Fibra de carbono 3K 4mm FPV Racing Frame\"}]},{\"@type\":\"WebSite\",\"@id\":\"https:\\\/\\\/iha-race.com\\\/pt-pt\\\/#website\",\"url\":\"https:\\\/\\\/iha-race.com\\\/pt-pt\\\/\",\"name\":\"Iha Race\",\"description\":\"Comprar drones de carreras FPV env\u00edos en un d\u00eda desde Espa\u00f1a\",\"publisher\":{\"@id\":\"https:\\\/\\\/iha-race.com\\\/pt-pt\\\/#organization\"},\"potentialAction\":[{\"@type\":\"SearchAction\",\"target\":{\"@type\":\"EntryPoint\",\"urlTemplate\":\"https:\\\/\\\/iha-race.com\\\/pt-pt\\\/?s={search_term_string}\"},\"query-input\":{\"@type\":\"PropertyValueSpecification\",\"valueRequired\":true,\"valueName\":\"search_term_string\"}}],\"inLanguage\":\"pt-PT\"},{\"@type\":\"Organization\",\"@id\":\"https:\\\/\\\/iha-race.com\\\/pt-pt\\\/#organization\",\"name\":\"Iha Race\",\"url\":\"https:\\\/\\\/iha-race.com\\\/pt-pt\\\/\",\"logo\":{\"@type\":\"ImageObject\",\"inLanguage\":\"pt-PT\",\"@id\":\"https:\\\/\\\/iha-race.com\\\/pt-pt\\\/#\\\/schema\\\/logo\\\/image\\\/\",\"url\":\"https:\\\/\\\/iha-race.com\\\/wp-content\\\/uploads\\\/2018\\\/07\\\/iha-race-drones-de-carreras-tienda-comprar-drones.png\",\"contentUrl\":\"https:\\\/\\\/iha-race.com\\\/wp-content\\\/uploads\\\/2018\\\/07\\\/iha-race-drones-de-carreras-tienda-comprar-drones.png\",\"width\":300,\"height\":100,\"caption\":\"Iha Race\"},\"image\":{\"@id\":\"https:\\\/\\\/iha-race.com\\\/pt-pt\\\/#\\\/schema\\\/logo\\\/image\\\/\"}}]}<\/script>\n<!-- \/ Yoast SEO plugin. -->","yoast_head_json":{"title":"TransTEC ZORO Race 220mm Fibra de carbono 3K 4mm FPV Racing Frame - Iha Race","robots":{"index":"index","follow":"follow","max-snippet":"max-snippet:-1","max-image-preview":"max-image-preview:large","max-video-preview":"max-video-preview:-1"},"canonical":"https:\/\/iha-race.com\/pt-pt\/produto\/transtec-zoro-race-220mm-carbono-fibra-3k-4mm-fpv-racing-estrutura\/","og_locale":"pt_PT","og_type":"article","og_title":"TransTEC ZORO Race 220mm Fibra de carbono 3K 4mm FPV Racing Frame - Iha Race","og_description":"TransTEC ZORO Race 220mm Fibra de carbono 3K 4mm FPV Racing Frame Especifica\u00e7\u00e3o: Marca: TransTEC Nome do artigo: ZORO Race \/ Lite FPV Racing Frame Tamanho da moldura: 220mm Placa","og_url":"https:\/\/iha-race.com\/pt-pt\/produto\/transtec-zoro-race-220mm-carbono-fibra-3k-4mm-fpv-racing-estrutura\/","og_site_name":"Iha Race","article_modified_time":"2024-08-14T08:56:48+00:00","og_image":[{"width":800,"height":800,"url":"https:\/\/iha-race.com\/wp-content\/uploads\/2018\/07\/transtec-zoro-race-220mm-fibra-carbono-3k-4mm-fpv-racing-frame-comprar-drones-de-carreras-baratos-online-1.jpg","type":"image\/jpeg"}],"twitter_card":"summary_large_image","schema":{"@context":"https:\/\/schema.org","@graph":[{"@type":"WebPage","@id":"https:\/\/iha-race.com\/pt-pt\/produto\/transtec-zoro-race-220mm-carbono-fibra-3k-4mm-fpv-racing-estrutura\/","url":"https:\/\/iha-race.com\/pt-pt\/produto\/transtec-zoro-race-220mm-carbono-fibra-3k-4mm-fpv-racing-estrutura\/","name":"TransTEC ZORO Race 220mm Fibra de carbono 3K 4mm FPV Racing Frame - Iha Race","isPartOf":{"@id":"https:\/\/iha-race.com\/pt-pt\/#website"},"primaryImageOfPage":{"@id":"https:\/\/iha-race.com\/pt-pt\/produto\/transtec-zoro-race-220mm-carbono-fibra-3k-4mm-fpv-racing-estrutura\/#primaryimage"},"image":{"@id":"https:\/\/iha-race.com\/pt-pt\/produto\/transtec-zoro-race-220mm-carbono-fibra-3k-4mm-fpv-racing-estrutura\/#primaryimage"},"thumbnailUrl":"https:\/\/iha-race.com\/wp-content\/uploads\/2018\/07\/transtec-zoro-race-220mm-fibra-carbono-3k-4mm-fpv-racing-frame-comprar-drones-de-carreras-baratos-online-1.jpg","datePublished":"2018-07-14T15:34:29+00:00","dateModified":"2024-08-14T08:56:48+00:00","breadcrumb":{"@id":"https:\/\/iha-race.com\/pt-pt\/produto\/transtec-zoro-race-220mm-carbono-fibra-3k-4mm-fpv-racing-estrutura\/#breadcrumb"},"inLanguage":"pt-PT","potentialAction":[{"@type":"ReadAction","target":["https:\/\/iha-race.com\/pt-pt\/produto\/transtec-zoro-race-220mm-carbono-fibra-3k-4mm-fpv-racing-estrutura\/"]}]},{"@type":"ImageObject","inLanguage":"pt-PT","@id":"https:\/\/iha-race.com\/pt-pt\/produto\/transtec-zoro-race-220mm-carbono-fibra-3k-4mm-fpv-racing-estrutura\/#primaryimage","url":"https:\/\/iha-race.com\/wp-content\/uploads\/2018\/07\/transtec-zoro-race-220mm-fibra-carbono-3k-4mm-fpv-racing-frame-comprar-drones-de-carreras-baratos-online-1.jpg","contentUrl":"https:\/\/iha-race.com\/wp-content\/uploads\/2018\/07\/transtec-zoro-race-220mm-fibra-carbono-3k-4mm-fpv-racing-frame-comprar-drones-de-carreras-baratos-online-1.jpg","width":800,"height":800},{"@type":"BreadcrumbList","@id":"https:\/\/iha-race.com\/pt-pt\/produto\/transtec-zoro-race-220mm-carbono-fibra-3k-4mm-fpv-racing-estrutura\/#breadcrumb","itemListElement":[{"@type":"ListItem","position":1,"name":"Portada","item":"https:\/\/iha-race.com\/pt-pt\/elementor-499\/"},{"@type":"ListItem","position":2,"name":"Shop","item":"https:\/\/iha-race.com\/pt-pt\/shop\/"},{"@type":"ListItem","position":3,"name":"TransTEC ZORO Race 220mm Fibra de carbono 3K 4mm FPV Racing Frame"}]},{"@type":"WebSite","@id":"https:\/\/iha-race.com\/pt-pt\/#website","url":"https:\/\/iha-race.com\/pt-pt\/","name":"Iha Race","description":"Comprar drones de carreras FPV env\u00edos en un d\u00eda desde Espa\u00f1a","publisher":{"@id":"https:\/\/iha-race.com\/pt-pt\/#organization"},"potentialAction":[{"@type":"SearchAction","target":{"@type":"EntryPoint","urlTemplate":"https:\/\/iha-race.com\/pt-pt\/?s={search_term_string}"},"query-input":{"@type":"PropertyValueSpecification","valueRequired":true,"valueName":"search_term_string"}}],"inLanguage":"pt-PT"},{"@type":"Organization","@id":"https:\/\/iha-race.com\/pt-pt\/#organization","name":"Iha Race","url":"https:\/\/iha-race.com\/pt-pt\/","logo":{"@type":"ImageObject","inLanguage":"pt-PT","@id":"https:\/\/iha-race.com\/pt-pt\/#\/schema\/logo\/image\/","url":"https:\/\/iha-race.com\/wp-content\/uploads\/2018\/07\/iha-race-drones-de-carreras-tienda-comprar-drones.png","contentUrl":"https:\/\/iha-race.com\/wp-content\/uploads\/2018\/07\/iha-race-drones-de-carreras-tienda-comprar-drones.png","width":300,"height":100,"caption":"Iha Race"},"image":{"@id":"https:\/\/iha-race.com\/pt-pt\/#\/schema\/logo\/image\/"}}]}},"jetpack_sharing_enabled":true,"brands":[],"_links":{"self":[{"href":"https:\/\/iha-race.com\/pt-pt\/wp-json\/wp\/v2\/product\/110859","targetHints":{"allow":["GET"]}}],"collection":[{"href":"https:\/\/iha-race.com\/pt-pt\/wp-json\/wp\/v2\/product"}],"about":[{"href":"https:\/\/iha-race.com\/pt-pt\/wp-json\/wp\/v2\/types\/product"}],"replies":[{"embeddable":true,"href":"https:\/\/iha-race.com\/pt-pt\/wp-json\/wp\/v2\/comments?post=110859"}],"version-history":[{"count":2,"href":"https:\/\/iha-race.com\/pt-pt\/wp-json\/wp\/v2\/product\/110859\/revisions"}],"predecessor-version":[{"id":248057,"href":"https:\/\/iha-race.com\/pt-pt\/wp-json\/wp\/v2\/product\/110859\/revisions\/248057"}],"wp:featuredmedia":[{"embeddable":true,"href":"https:\/\/iha-race.com\/pt-pt\/wp-json\/wp\/v2\/media\/92745"}],"wp:attachment":[{"href":"https:\/\/iha-race.com\/pt-pt\/wp-json\/wp\/v2\/media?parent=110859"}],"wp:term":[{"taxonomy":"pwb-brand","embeddable":true,"href":"https:\/\/iha-race.com\/pt-pt\/wp-json\/wp\/v2\/pwb-brand?post=110859"},{"taxonomy":"product_cat","embeddable":true,"href":"https:\/\/iha-race.com\/pt-pt\/wp-json\/wp\/v2\/product_cat?post=110859"},{"taxonomy":"product_tag","embeddable":true,"href":"https:\/\/iha-race.com\/pt-pt\/wp-json\/wp\/v2\/product_tag?post=110859"}],"curies":[{"name":"wp","href":"https:\/\/api.w.org\/{rel}","templated":true}]}}