{"id":110818,"date":"2018-07-14T16:01:18","date_gmt":"2018-07-14T14:01:18","guid":{"rendered":"https:\/\/iha-race.com\/producto\/xt30-a-40-mm-cabo-de-carregamento-de-ficha-de-banana\/"},"modified":"2026-03-30T22:53:30","modified_gmt":"2026-03-30T20:53:30","slug":"cable-de-carga-xt30-a-conector-banana-de-4-0-mm","status":"publish","type":"product","link":"https:\/\/iha-race.com\/pt-pt\/produto\/cable-de-carga-xt30-a-conector-banana-de-4-0-mm\/","title":{"rendered":"XT30 a 4,0 mm cabo de carregamento de ficha de banana"},"content":{"rendered":"<h2>XT30 a 4,0 mm cabo de carregamento de ficha de banana<\/h2>\n<p>  O cabo de carregamento pronto a utilizar, soldado e isolado por retra\u00e7\u00e3o, est\u00e1 equipado com fichas banana de 4,0 mm, adequadas para carregadores com tomadas de 4,0 mm na sa\u00edda de carregamento. Tanto as fichas de banana como o conector XT30 para ligar a bateria s\u00e3o feitos de lat\u00e3o dourado. O revestimento de ouro aumenta a condutividade e a resist\u00eancia \u00e0 corros\u00e3o. A caixa do sistema XT30 \u00e9 feita de nylon resistente ao impacto. Os cabos com cerca de <strong>30 cm de comprimento<\/strong> s\u00e3o constitu\u00eddos por fios de cobre de <strong>16 AWG<\/strong> ou 1 mm\u00b2 de di\u00e2metro, revestidos com silicone flex\u00edvel e resistente \u00e0 temperatura.  <\/p>\n<h3>O pacote inclui:<\/h3>\n<ul>\n<li>1 x XT30 a 4.0mm cabo de carregamento de ficha de banana<\/li>\n<\/ul>\n","protected":false},"excerpt":{"rendered":"<p>XT30 a 4,0 mm cabo de carregamento de ficha de banana O cabo de carregamento pronto a utilizar, soldado e isolado por retra\u00e7\u00e3o, est\u00e1 equipado com fichas banana de 4,0<\/p>\n","protected":false},"featured_media":94815,"comment_status":"open","ping_status":"closed","template":"","meta":{"_joinchat":[]},"pwb-brand":[3903],"product_cat":[1083,1069,1150,1068,1088],"product_tag":[],"class_list":{"0":"post-110818","1":"product","2":"type-product","3":"status-publish","4":"has-post-thumbnail","6":"pwb-brand-yukimodell","7":"product_cat-acessorios","8":"product_cat-acessorios-de-bateria","9":"product_cat-cabos","10":"product_cat-carregadores","11":"product_cat-conectores-pt-pt","13":"first","14":"instock","15":"taxable","16":"shipping-taxable","17":"purchasable","18":"product-type-simple"},"barcode":null,"atum_controlled":true,"out_stock_date":null,"out_stock_threshold":null,"inheritable":false,"stock_on_hold":0,"sold_today":0,"sales_last_days":0,"out_stock_days":0,"lost_sales":0,"update_date":"2026-04-18T09:55:48","atum_locations":[],"atum_stock_status":"instock","restock_status":false,"low_stock_amount":5,"sales_update_date":"2026-04-18T09:55:48","calc_backorders":null,"yoast_head":"<!-- This site is optimized with the Yoast SEO plugin v27.3 - https:\/\/yoast.com\/product\/yoast-seo-wordpress\/ -->\n<title>XT30 a 4,0 mm cabo de carregamento de ficha de banana - Iha Race<\/title>\n<meta name=\"robots\" content=\"noindex, follow\" \/>\n<meta property=\"og:locale\" content=\"pt_PT\" \/>\n<meta property=\"og:type\" content=\"article\" \/>\n<meta property=\"og:title\" content=\"XT30 a 4,0 mm cabo de carregamento de ficha de banana - Iha Race\" \/>\n<meta property=\"og:description\" content=\"XT30 a 4,0 mm cabo de carregamento de ficha de banana O cabo de carregamento pronto a utilizar, soldado e isolado por retra\u00e7\u00e3o, est\u00e1 equipado com fichas banana de 4,0\" \/>\n<meta property=\"og:url\" content=\"https:\/\/iha-race.com\/pt-pt\/produto\/cable-de-carga-xt30-a-conector-banana-de-4-0-mm\/\" \/>\n<meta property=\"og:site_name\" content=\"Iha Race\" \/>\n<meta property=\"article:modified_time\" content=\"2026-03-30T20:53:30+00:00\" \/>\n<meta property=\"og:image\" content=\"https:\/\/iha-race.com\/wp-content\/uploads\/2018\/07\/Cable-de-carga-XT30-conector-banana-de-4.0-mm-30cm-1.jpg\" \/>\n\t<meta property=\"og:image:width\" content=\"800\" \/>\n\t<meta property=\"og:image:height\" content=\"800\" \/>\n\t<meta property=\"og:image:type\" content=\"image\/jpeg\" \/>\n<meta name=\"twitter:card\" content=\"summary_large_image\" \/>\n<meta name=\"twitter:label1\" content=\"Tempo estimado de leitura\" \/>\n\t<meta name=\"twitter:data1\" content=\"1 minuto\" \/>\n<script type=\"application\/ld+json\" class=\"yoast-schema-graph\">{\"@context\":\"https:\\\/\\\/schema.org\",\"@graph\":[{\"@type\":\"WebPage\",\"@id\":\"https:\\\/\\\/iha-race.com\\\/pt-pt\\\/produto\\\/cable-de-carga-xt30-a-conector-banana-de-4-0-mm\\\/\",\"url\":\"https:\\\/\\\/iha-race.com\\\/pt-pt\\\/produto\\\/cable-de-carga-xt30-a-conector-banana-de-4-0-mm\\\/\",\"name\":\"XT30 a 4,0 mm cabo de carregamento de ficha de banana - Iha Race\",\"isPartOf\":{\"@id\":\"https:\\\/\\\/iha-race.com\\\/pt-pt\\\/#website\"},\"primaryImageOfPage\":{\"@id\":\"https:\\\/\\\/iha-race.com\\\/pt-pt\\\/produto\\\/cable-de-carga-xt30-a-conector-banana-de-4-0-mm\\\/#primaryimage\"},\"image\":{\"@id\":\"https:\\\/\\\/iha-race.com\\\/pt-pt\\\/produto\\\/cable-de-carga-xt30-a-conector-banana-de-4-0-mm\\\/#primaryimage\"},\"thumbnailUrl\":\"https:\\\/\\\/iha-race.com\\\/wp-content\\\/uploads\\\/2018\\\/07\\\/Cable-de-carga-XT30-conector-banana-de-4.0-mm-30cm-1.jpg\",\"datePublished\":\"2018-07-14T14:01:18+00:00\",\"dateModified\":\"2026-03-30T20:53:30+00:00\",\"breadcrumb\":{\"@id\":\"https:\\\/\\\/iha-race.com\\\/pt-pt\\\/produto\\\/cable-de-carga-xt30-a-conector-banana-de-4-0-mm\\\/#breadcrumb\"},\"inLanguage\":\"pt-PT\",\"potentialAction\":[{\"@type\":\"ReadAction\",\"target\":[\"https:\\\/\\\/iha-race.com\\\/pt-pt\\\/produto\\\/cable-de-carga-xt30-a-conector-banana-de-4-0-mm\\\/\"]}]},{\"@type\":\"ImageObject\",\"inLanguage\":\"pt-PT\",\"@id\":\"https:\\\/\\\/iha-race.com\\\/pt-pt\\\/produto\\\/cable-de-carga-xt30-a-conector-banana-de-4-0-mm\\\/#primaryimage\",\"url\":\"https:\\\/\\\/iha-race.com\\\/wp-content\\\/uploads\\\/2018\\\/07\\\/Cable-de-carga-XT30-conector-banana-de-4.0-mm-30cm-1.jpg\",\"contentUrl\":\"https:\\\/\\\/iha-race.com\\\/wp-content\\\/uploads\\\/2018\\\/07\\\/Cable-de-carga-XT30-conector-banana-de-4.0-mm-30cm-1.jpg\",\"width\":800,\"height\":800,\"caption\":\"Cable-de-carga-XT30-conector-banana-de-4.0-mm-30cm\"},{\"@type\":\"BreadcrumbList\",\"@id\":\"https:\\\/\\\/iha-race.com\\\/pt-pt\\\/produto\\\/cable-de-carga-xt30-a-conector-banana-de-4-0-mm\\\/#breadcrumb\",\"itemListElement\":[{\"@type\":\"ListItem\",\"position\":1,\"name\":\"Portada\",\"item\":\"https:\\\/\\\/iha-race.com\\\/pt-pt\\\/elementor-499\\\/\"},{\"@type\":\"ListItem\",\"position\":2,\"name\":\"Shop\",\"item\":\"https:\\\/\\\/iha-race.com\\\/pt-pt\\\/shop\\\/\"},{\"@type\":\"ListItem\",\"position\":3,\"name\":\"XT30 a 4,0 mm cabo de carregamento de ficha de banana\"}]},{\"@type\":\"WebSite\",\"@id\":\"https:\\\/\\\/iha-race.com\\\/pt-pt\\\/#website\",\"url\":\"https:\\\/\\\/iha-race.com\\\/pt-pt\\\/\",\"name\":\"Iha Race\",\"description\":\"Comprar drones de carreras FPV env\u00edos en un d\u00eda desde Espa\u00f1a\",\"publisher\":{\"@id\":\"https:\\\/\\\/iha-race.com\\\/pt-pt\\\/#organization\"},\"potentialAction\":[{\"@type\":\"SearchAction\",\"target\":{\"@type\":\"EntryPoint\",\"urlTemplate\":\"https:\\\/\\\/iha-race.com\\\/pt-pt\\\/?s={search_term_string}\"},\"query-input\":{\"@type\":\"PropertyValueSpecification\",\"valueRequired\":true,\"valueName\":\"search_term_string\"}}],\"inLanguage\":\"pt-PT\"},{\"@type\":\"Organization\",\"@id\":\"https:\\\/\\\/iha-race.com\\\/pt-pt\\\/#organization\",\"name\":\"Iha Race\",\"url\":\"https:\\\/\\\/iha-race.com\\\/pt-pt\\\/\",\"logo\":{\"@type\":\"ImageObject\",\"inLanguage\":\"pt-PT\",\"@id\":\"https:\\\/\\\/iha-race.com\\\/pt-pt\\\/#\\\/schema\\\/logo\\\/image\\\/\",\"url\":\"https:\\\/\\\/iha-race.com\\\/wp-content\\\/uploads\\\/2018\\\/07\\\/iha-race-drones-de-carreras-tienda-comprar-drones.png\",\"contentUrl\":\"https:\\\/\\\/iha-race.com\\\/wp-content\\\/uploads\\\/2018\\\/07\\\/iha-race-drones-de-carreras-tienda-comprar-drones.png\",\"width\":300,\"height\":100,\"caption\":\"Iha Race\"},\"image\":{\"@id\":\"https:\\\/\\\/iha-race.com\\\/pt-pt\\\/#\\\/schema\\\/logo\\\/image\\\/\"}}]}<\/script>\n<!-- \/ Yoast SEO plugin. -->","yoast_head_json":{"title":"XT30 a 4,0 mm cabo de carregamento de ficha de banana - Iha Race","robots":{"index":"noindex","follow":"follow"},"og_locale":"pt_PT","og_type":"article","og_title":"XT30 a 4,0 mm cabo de carregamento de ficha de banana - Iha Race","og_description":"XT30 a 4,0 mm cabo de carregamento de ficha de banana O cabo de carregamento pronto a utilizar, soldado e isolado por retra\u00e7\u00e3o, est\u00e1 equipado com fichas banana de 4,0","og_url":"https:\/\/iha-race.com\/pt-pt\/produto\/cable-de-carga-xt30-a-conector-banana-de-4-0-mm\/","og_site_name":"Iha Race","article_modified_time":"2026-03-30T20:53:30+00:00","og_image":[{"width":800,"height":800,"url":"https:\/\/iha-race.com\/wp-content\/uploads\/2018\/07\/Cable-de-carga-XT30-conector-banana-de-4.0-mm-30cm-1.jpg","type":"image\/jpeg"}],"twitter_card":"summary_large_image","twitter_misc":{"Tempo estimado de leitura":"1 minuto"},"schema":{"@context":"https:\/\/schema.org","@graph":[{"@type":"WebPage","@id":"https:\/\/iha-race.com\/pt-pt\/produto\/cable-de-carga-xt30-a-conector-banana-de-4-0-mm\/","url":"https:\/\/iha-race.com\/pt-pt\/produto\/cable-de-carga-xt30-a-conector-banana-de-4-0-mm\/","name":"XT30 a 4,0 mm cabo de carregamento de ficha de banana - Iha Race","isPartOf":{"@id":"https:\/\/iha-race.com\/pt-pt\/#website"},"primaryImageOfPage":{"@id":"https:\/\/iha-race.com\/pt-pt\/produto\/cable-de-carga-xt30-a-conector-banana-de-4-0-mm\/#primaryimage"},"image":{"@id":"https:\/\/iha-race.com\/pt-pt\/produto\/cable-de-carga-xt30-a-conector-banana-de-4-0-mm\/#primaryimage"},"thumbnailUrl":"https:\/\/iha-race.com\/wp-content\/uploads\/2018\/07\/Cable-de-carga-XT30-conector-banana-de-4.0-mm-30cm-1.jpg","datePublished":"2018-07-14T14:01:18+00:00","dateModified":"2026-03-30T20:53:30+00:00","breadcrumb":{"@id":"https:\/\/iha-race.com\/pt-pt\/produto\/cable-de-carga-xt30-a-conector-banana-de-4-0-mm\/#breadcrumb"},"inLanguage":"pt-PT","potentialAction":[{"@type":"ReadAction","target":["https:\/\/iha-race.com\/pt-pt\/produto\/cable-de-carga-xt30-a-conector-banana-de-4-0-mm\/"]}]},{"@type":"ImageObject","inLanguage":"pt-PT","@id":"https:\/\/iha-race.com\/pt-pt\/produto\/cable-de-carga-xt30-a-conector-banana-de-4-0-mm\/#primaryimage","url":"https:\/\/iha-race.com\/wp-content\/uploads\/2018\/07\/Cable-de-carga-XT30-conector-banana-de-4.0-mm-30cm-1.jpg","contentUrl":"https:\/\/iha-race.com\/wp-content\/uploads\/2018\/07\/Cable-de-carga-XT30-conector-banana-de-4.0-mm-30cm-1.jpg","width":800,"height":800,"caption":"Cable-de-carga-XT30-conector-banana-de-4.0-mm-30cm"},{"@type":"BreadcrumbList","@id":"https:\/\/iha-race.com\/pt-pt\/produto\/cable-de-carga-xt30-a-conector-banana-de-4-0-mm\/#breadcrumb","itemListElement":[{"@type":"ListItem","position":1,"name":"Portada","item":"https:\/\/iha-race.com\/pt-pt\/elementor-499\/"},{"@type":"ListItem","position":2,"name":"Shop","item":"https:\/\/iha-race.com\/pt-pt\/shop\/"},{"@type":"ListItem","position":3,"name":"XT30 a 4,0 mm cabo de carregamento de ficha de banana"}]},{"@type":"WebSite","@id":"https:\/\/iha-race.com\/pt-pt\/#website","url":"https:\/\/iha-race.com\/pt-pt\/","name":"Iha Race","description":"Comprar drones de carreras FPV env\u00edos en un d\u00eda desde Espa\u00f1a","publisher":{"@id":"https:\/\/iha-race.com\/pt-pt\/#organization"},"potentialAction":[{"@type":"SearchAction","target":{"@type":"EntryPoint","urlTemplate":"https:\/\/iha-race.com\/pt-pt\/?s={search_term_string}"},"query-input":{"@type":"PropertyValueSpecification","valueRequired":true,"valueName":"search_term_string"}}],"inLanguage":"pt-PT"},{"@type":"Organization","@id":"https:\/\/iha-race.com\/pt-pt\/#organization","name":"Iha Race","url":"https:\/\/iha-race.com\/pt-pt\/","logo":{"@type":"ImageObject","inLanguage":"pt-PT","@id":"https:\/\/iha-race.com\/pt-pt\/#\/schema\/logo\/image\/","url":"https:\/\/iha-race.com\/wp-content\/uploads\/2018\/07\/iha-race-drones-de-carreras-tienda-comprar-drones.png","contentUrl":"https:\/\/iha-race.com\/wp-content\/uploads\/2018\/07\/iha-race-drones-de-carreras-tienda-comprar-drones.png","width":300,"height":100,"caption":"Iha Race"},"image":{"@id":"https:\/\/iha-race.com\/pt-pt\/#\/schema\/logo\/image\/"}}]}},"jetpack_sharing_enabled":true,"brands":[{"id":3903,"name":"Yukimodell","slug":"yukimodell"}],"_links":{"self":[{"href":"https:\/\/iha-race.com\/pt-pt\/wp-json\/wp\/v2\/product\/110818","targetHints":{"allow":["GET"]}}],"collection":[{"href":"https:\/\/iha-race.com\/pt-pt\/wp-json\/wp\/v2\/product"}],"about":[{"href":"https:\/\/iha-race.com\/pt-pt\/wp-json\/wp\/v2\/types\/product"}],"replies":[{"embeddable":true,"href":"https:\/\/iha-race.com\/pt-pt\/wp-json\/wp\/v2\/comments?post=110818"}],"version-history":[{"count":2,"href":"https:\/\/iha-race.com\/pt-pt\/wp-json\/wp\/v2\/product\/110818\/revisions"}],"predecessor-version":[{"id":250876,"href":"https:\/\/iha-race.com\/pt-pt\/wp-json\/wp\/v2\/product\/110818\/revisions\/250876"}],"wp:featuredmedia":[{"embeddable":true,"href":"https:\/\/iha-race.com\/pt-pt\/wp-json\/wp\/v2\/media\/94815"}],"wp:attachment":[{"href":"https:\/\/iha-race.com\/pt-pt\/wp-json\/wp\/v2\/media?parent=110818"}],"wp:term":[{"taxonomy":"pwb-brand","embeddable":true,"href":"https:\/\/iha-race.com\/pt-pt\/wp-json\/wp\/v2\/pwb-brand?post=110818"},{"taxonomy":"product_cat","embeddable":true,"href":"https:\/\/iha-race.com\/pt-pt\/wp-json\/wp\/v2\/product_cat?post=110818"},{"taxonomy":"product_tag","embeddable":true,"href":"https:\/\/iha-race.com\/pt-pt\/wp-json\/wp\/v2\/product_tag?post=110818"}],"curies":[{"name":"wp","href":"https:\/\/api.w.org\/{rel}","templated":true}]}}