{"id":110776,"date":"2018-07-13T16:09:14","date_gmt":"2018-07-13T14:09:14","guid":{"rendered":"https:\/\/iha-race.com\/producto\/tattu-450mah-11-1v-75c-3s1p-bateria-tattu-com-conector-xt30\/"},"modified":"2025-02-05T21:08:29","modified_gmt":"2025-02-05T20:08:29","slug":"bateria-tattu-450mah-11-1v-75c-3s1p-con-conector-xt30","status":"publish","type":"product","link":"https:\/\/iha-race.com\/pt-pt\/produto\/bateria-tattu-450mah-11-1v-75c-3s1p-con-conector-xt30\/","title":{"rendered":"Tattu 450mAh 11.1V 75C 3S1P Bateria Tattu com conector XT30"},"content":{"rendered":"<h3>Tattu 450mAh 11.1V 75C 3S1P Bateria Tattu com conector XT30<\/h3>\n<p>  Todos os LiPos da Tattu s\u00e3o embalados com materiais resistentes \u00e0 vibra\u00e7\u00e3o e ao fogo, a nossa caixa de baterias de luxo garante que recebes a tua bateria em perfeitas condi\u00e7\u00f5es. Um procedimento autom\u00e1tico e o sistema inform\u00e1tico de c\u00e9lula de bateria correspondente ao processo assegura a estabilidade e a qualidade das baterias. A s\u00e9rie original Gens Ace, TATTU \u00e9 especializada no mercado de UAV e UAS, pela sua qualidade industrial (uma vez que Gens Ace est\u00e1 baseada na \u00e1rea de Hobby), o seu lema &#8220;menos \u00e9 mais&#8221;, &#8220;mais&#8221; significa mais tempo de voo, mais prazer, e mais satisfa\u00e7\u00e3o, e &#8220;menos&#8221; significa menos peso, desenho simples. Tattu desenvolve sempre os seus produtos de acordo com estas duas direc\u00e7\u00f5es, o que lhe confere uma bateria de alta qualidade. Uma not\u00e1vel tecnologia de empilhamento permite capacidades de c\u00e9lula \u00fanica de 450mAh Alto desempenho de descarga e alta densidade energ\u00e9tica. As mat\u00e9rias-primas de pol\u00edmero de l\u00edtio do Jap\u00e3o e da Coreia fornecem \u00e0s baterias Tattu uma energia de alta qualidade.  <\/p>\n<h2>Especifica\u00e7\u00f5es:<\/h2>\n<ul>\n<li>Tipo de produto: pack de pilhas lipo<\/li>\n<li>Capacidade: 450mAh<\/li>\n<li>Voltagem: 11.1V<\/li>\n<li>Descarga m\u00e1xima cont\u00ednua: 75C (33.75A)<\/li>\n<li>Descarga m\u00e1xima de ruptura: 150C (67.5A)<\/li>\n<li>Peso: 42g<\/li>\n<li>Dimens\u00f5es: 45 * 24 * 21mm<\/li>\n<li>Ficha de equil\u00edbrio: JST-XHR<\/li>\n<li>Ficha de descarga: XT-30<\/li>\n<li>Taxa de recarga: 1-3C Recomendado, 5C M\u00e1ximo<\/li>\n<\/ul>\n","protected":false},"excerpt":{"rendered":"<p>Tattu 450mAh 11.1V 75C 3S1P Bateria Tattu com conector XT30 Todos os LiPos da Tattu s\u00e3o embalados com materiais resistentes \u00e0 vibra\u00e7\u00e3o e ao fogo, a nossa caixa de baterias<\/p>\n","protected":false},"featured_media":94260,"comment_status":"open","ping_status":"closed","template":"","meta":{"_joinchat":[]},"pwb-brand":[],"product_cat":[1062,1113],"product_tag":[],"class_list":{"0":"post-110776","1":"product","2":"type-product","3":"status-publish","4":"has-post-thumbnail","6":"product_cat-baterias-fpv","7":"product_cat-s3-pt-pt","9":"first","10":"instock","11":"taxable","12":"shipping-taxable","13":"purchasable","14":"product-type-variable"},"barcode":null,"atum_controlled":true,"out_stock_date":null,"out_stock_threshold":null,"inheritable":true,"stock_on_hold":0,"sold_today":2,"sales_last_days":2,"out_stock_days":1176,"lost_sales":0,"update_date":"2026-04-27T19:47:02","atum_locations":[],"atum_stock_status":"instock","restock_status":true,"low_stock_amount":"","sales_update_date":"2026-04-27T19:47:02","calc_backorders":null,"yoast_head":"<!-- This site is optimized with the Yoast SEO plugin v27.3 - https:\/\/yoast.com\/product\/yoast-seo-wordpress\/ -->\n<title>Tattu 450mAh 11.1V 75C 3S1P Bateria Tattu com conector XT30 - Iha Race<\/title>\n<meta name=\"robots\" content=\"index, follow, max-snippet:-1, max-image-preview:large, max-video-preview:-1\" \/>\n<link rel=\"canonical\" href=\"https:\/\/iha-race.com\/pt-pt\/produto\/bateria-tattu-450mah-11-1v-75c-3s1p-con-conector-xt30\/\" \/>\n<meta property=\"og:locale\" content=\"pt_PT\" \/>\n<meta property=\"og:type\" content=\"article\" \/>\n<meta property=\"og:title\" content=\"Tattu 450mAh 11.1V 75C 3S1P Bateria Tattu com conector XT30 - Iha Race\" \/>\n<meta property=\"og:description\" content=\"Tattu 450mAh 11.1V 75C 3S1P Bateria Tattu com conector XT30 Todos os LiPos da Tattu s\u00e3o embalados com materiais resistentes \u00e0 vibra\u00e7\u00e3o e ao fogo, a nossa caixa de baterias\" \/>\n<meta property=\"og:url\" content=\"https:\/\/iha-race.com\/pt-pt\/produto\/bateria-tattu-450mah-11-1v-75c-3s1p-con-conector-xt30\/\" \/>\n<meta property=\"og:site_name\" content=\"Iha Race\" \/>\n<meta property=\"article:modified_time\" content=\"2025-02-05T20:08:29+00:00\" \/>\n<meta property=\"og:image\" content=\"https:\/\/iha-race.com\/wp-content\/uploads\/2018\/07\/tattu-450mah-11-1v-75c-3s1p-bateria-lipo-xt30-1.jpg\" \/>\n\t<meta property=\"og:image:width\" content=\"800\" \/>\n\t<meta property=\"og:image:height\" content=\"800\" \/>\n\t<meta property=\"og:image:type\" content=\"image\/jpeg\" \/>\n<meta name=\"twitter:card\" content=\"summary_large_image\" \/>\n<meta name=\"twitter:label1\" content=\"Tempo estimado de leitura\" \/>\n\t<meta name=\"twitter:data1\" content=\"1 minuto\" \/>\n<script type=\"application\/ld+json\" class=\"yoast-schema-graph\">{\"@context\":\"https:\\\/\\\/schema.org\",\"@graph\":[{\"@type\":\"WebPage\",\"@id\":\"https:\\\/\\\/iha-race.com\\\/pt-pt\\\/produto\\\/bateria-tattu-450mah-11-1v-75c-3s1p-con-conector-xt30\\\/\",\"url\":\"https:\\\/\\\/iha-race.com\\\/pt-pt\\\/produto\\\/bateria-tattu-450mah-11-1v-75c-3s1p-con-conector-xt30\\\/\",\"name\":\"Tattu 450mAh 11.1V 75C 3S1P Bateria Tattu com conector XT30 - Iha Race\",\"isPartOf\":{\"@id\":\"https:\\\/\\\/iha-race.com\\\/pt-pt\\\/#website\"},\"primaryImageOfPage\":{\"@id\":\"https:\\\/\\\/iha-race.com\\\/pt-pt\\\/produto\\\/bateria-tattu-450mah-11-1v-75c-3s1p-con-conector-xt30\\\/#primaryimage\"},\"image\":{\"@id\":\"https:\\\/\\\/iha-race.com\\\/pt-pt\\\/produto\\\/bateria-tattu-450mah-11-1v-75c-3s1p-con-conector-xt30\\\/#primaryimage\"},\"thumbnailUrl\":\"https:\\\/\\\/iha-race.com\\\/wp-content\\\/uploads\\\/2018\\\/07\\\/tattu-450mah-11-1v-75c-3s1p-bateria-lipo-xt30-1.jpg\",\"datePublished\":\"2018-07-13T14:09:14+00:00\",\"dateModified\":\"2025-02-05T20:08:29+00:00\",\"breadcrumb\":{\"@id\":\"https:\\\/\\\/iha-race.com\\\/pt-pt\\\/produto\\\/bateria-tattu-450mah-11-1v-75c-3s1p-con-conector-xt30\\\/#breadcrumb\"},\"inLanguage\":\"pt-PT\",\"potentialAction\":[{\"@type\":\"ReadAction\",\"target\":[\"https:\\\/\\\/iha-race.com\\\/pt-pt\\\/produto\\\/bateria-tattu-450mah-11-1v-75c-3s1p-con-conector-xt30\\\/\"]}]},{\"@type\":\"ImageObject\",\"inLanguage\":\"pt-PT\",\"@id\":\"https:\\\/\\\/iha-race.com\\\/pt-pt\\\/produto\\\/bateria-tattu-450mah-11-1v-75c-3s1p-con-conector-xt30\\\/#primaryimage\",\"url\":\"https:\\\/\\\/iha-race.com\\\/wp-content\\\/uploads\\\/2018\\\/07\\\/tattu-450mah-11-1v-75c-3s1p-bateria-lipo-xt30-1.jpg\",\"contentUrl\":\"https:\\\/\\\/iha-race.com\\\/wp-content\\\/uploads\\\/2018\\\/07\\\/tattu-450mah-11-1v-75c-3s1p-bateria-lipo-xt30-1.jpg\",\"width\":800,\"height\":800,\"caption\":\"tattu-450mah-11-1v-75c-3s1p-bateria-lipo-xt30\"},{\"@type\":\"BreadcrumbList\",\"@id\":\"https:\\\/\\\/iha-race.com\\\/pt-pt\\\/produto\\\/bateria-tattu-450mah-11-1v-75c-3s1p-con-conector-xt30\\\/#breadcrumb\",\"itemListElement\":[{\"@type\":\"ListItem\",\"position\":1,\"name\":\"Portada\",\"item\":\"https:\\\/\\\/iha-race.com\\\/pt-pt\\\/elementor-499\\\/\"},{\"@type\":\"ListItem\",\"position\":2,\"name\":\"Shop\",\"item\":\"https:\\\/\\\/iha-race.com\\\/pt-pt\\\/shop\\\/\"},{\"@type\":\"ListItem\",\"position\":3,\"name\":\"Tattu 450mAh 11.1V 75C 3S1P Bateria Tattu com conector XT30\"}]},{\"@type\":\"WebSite\",\"@id\":\"https:\\\/\\\/iha-race.com\\\/pt-pt\\\/#website\",\"url\":\"https:\\\/\\\/iha-race.com\\\/pt-pt\\\/\",\"name\":\"Iha Race\",\"description\":\"Comprar drones de carreras FPV env\u00edos en un d\u00eda desde Espa\u00f1a\",\"publisher\":{\"@id\":\"https:\\\/\\\/iha-race.com\\\/pt-pt\\\/#organization\"},\"potentialAction\":[{\"@type\":\"SearchAction\",\"target\":{\"@type\":\"EntryPoint\",\"urlTemplate\":\"https:\\\/\\\/iha-race.com\\\/pt-pt\\\/?s={search_term_string}\"},\"query-input\":{\"@type\":\"PropertyValueSpecification\",\"valueRequired\":true,\"valueName\":\"search_term_string\"}}],\"inLanguage\":\"pt-PT\"},{\"@type\":\"Organization\",\"@id\":\"https:\\\/\\\/iha-race.com\\\/pt-pt\\\/#organization\",\"name\":\"Iha Race\",\"url\":\"https:\\\/\\\/iha-race.com\\\/pt-pt\\\/\",\"logo\":{\"@type\":\"ImageObject\",\"inLanguage\":\"pt-PT\",\"@id\":\"https:\\\/\\\/iha-race.com\\\/pt-pt\\\/#\\\/schema\\\/logo\\\/image\\\/\",\"url\":\"https:\\\/\\\/iha-race.com\\\/wp-content\\\/uploads\\\/2018\\\/07\\\/iha-race-drones-de-carreras-tienda-comprar-drones.png\",\"contentUrl\":\"https:\\\/\\\/iha-race.com\\\/wp-content\\\/uploads\\\/2018\\\/07\\\/iha-race-drones-de-carreras-tienda-comprar-drones.png\",\"width\":300,\"height\":100,\"caption\":\"Iha Race\"},\"image\":{\"@id\":\"https:\\\/\\\/iha-race.com\\\/pt-pt\\\/#\\\/schema\\\/logo\\\/image\\\/\"}}]}<\/script>\n<!-- \/ Yoast SEO plugin. -->","yoast_head_json":{"title":"Tattu 450mAh 11.1V 75C 3S1P Bateria Tattu com conector XT30 - Iha Race","robots":{"index":"index","follow":"follow","max-snippet":"max-snippet:-1","max-image-preview":"max-image-preview:large","max-video-preview":"max-video-preview:-1"},"canonical":"https:\/\/iha-race.com\/pt-pt\/produto\/bateria-tattu-450mah-11-1v-75c-3s1p-con-conector-xt30\/","og_locale":"pt_PT","og_type":"article","og_title":"Tattu 450mAh 11.1V 75C 3S1P Bateria Tattu com conector XT30 - Iha Race","og_description":"Tattu 450mAh 11.1V 75C 3S1P Bateria Tattu com conector XT30 Todos os LiPos da Tattu s\u00e3o embalados com materiais resistentes \u00e0 vibra\u00e7\u00e3o e ao fogo, a nossa caixa de baterias","og_url":"https:\/\/iha-race.com\/pt-pt\/produto\/bateria-tattu-450mah-11-1v-75c-3s1p-con-conector-xt30\/","og_site_name":"Iha Race","article_modified_time":"2025-02-05T20:08:29+00:00","og_image":[{"width":800,"height":800,"url":"https:\/\/iha-race.com\/wp-content\/uploads\/2018\/07\/tattu-450mah-11-1v-75c-3s1p-bateria-lipo-xt30-1.jpg","type":"image\/jpeg"}],"twitter_card":"summary_large_image","twitter_misc":{"Tempo estimado de leitura":"1 minuto"},"schema":{"@context":"https:\/\/schema.org","@graph":[{"@type":"WebPage","@id":"https:\/\/iha-race.com\/pt-pt\/produto\/bateria-tattu-450mah-11-1v-75c-3s1p-con-conector-xt30\/","url":"https:\/\/iha-race.com\/pt-pt\/produto\/bateria-tattu-450mah-11-1v-75c-3s1p-con-conector-xt30\/","name":"Tattu 450mAh 11.1V 75C 3S1P Bateria Tattu com conector XT30 - Iha Race","isPartOf":{"@id":"https:\/\/iha-race.com\/pt-pt\/#website"},"primaryImageOfPage":{"@id":"https:\/\/iha-race.com\/pt-pt\/produto\/bateria-tattu-450mah-11-1v-75c-3s1p-con-conector-xt30\/#primaryimage"},"image":{"@id":"https:\/\/iha-race.com\/pt-pt\/produto\/bateria-tattu-450mah-11-1v-75c-3s1p-con-conector-xt30\/#primaryimage"},"thumbnailUrl":"https:\/\/iha-race.com\/wp-content\/uploads\/2018\/07\/tattu-450mah-11-1v-75c-3s1p-bateria-lipo-xt30-1.jpg","datePublished":"2018-07-13T14:09:14+00:00","dateModified":"2025-02-05T20:08:29+00:00","breadcrumb":{"@id":"https:\/\/iha-race.com\/pt-pt\/produto\/bateria-tattu-450mah-11-1v-75c-3s1p-con-conector-xt30\/#breadcrumb"},"inLanguage":"pt-PT","potentialAction":[{"@type":"ReadAction","target":["https:\/\/iha-race.com\/pt-pt\/produto\/bateria-tattu-450mah-11-1v-75c-3s1p-con-conector-xt30\/"]}]},{"@type":"ImageObject","inLanguage":"pt-PT","@id":"https:\/\/iha-race.com\/pt-pt\/produto\/bateria-tattu-450mah-11-1v-75c-3s1p-con-conector-xt30\/#primaryimage","url":"https:\/\/iha-race.com\/wp-content\/uploads\/2018\/07\/tattu-450mah-11-1v-75c-3s1p-bateria-lipo-xt30-1.jpg","contentUrl":"https:\/\/iha-race.com\/wp-content\/uploads\/2018\/07\/tattu-450mah-11-1v-75c-3s1p-bateria-lipo-xt30-1.jpg","width":800,"height":800,"caption":"tattu-450mah-11-1v-75c-3s1p-bateria-lipo-xt30"},{"@type":"BreadcrumbList","@id":"https:\/\/iha-race.com\/pt-pt\/produto\/bateria-tattu-450mah-11-1v-75c-3s1p-con-conector-xt30\/#breadcrumb","itemListElement":[{"@type":"ListItem","position":1,"name":"Portada","item":"https:\/\/iha-race.com\/pt-pt\/elementor-499\/"},{"@type":"ListItem","position":2,"name":"Shop","item":"https:\/\/iha-race.com\/pt-pt\/shop\/"},{"@type":"ListItem","position":3,"name":"Tattu 450mAh 11.1V 75C 3S1P Bateria Tattu com conector XT30"}]},{"@type":"WebSite","@id":"https:\/\/iha-race.com\/pt-pt\/#website","url":"https:\/\/iha-race.com\/pt-pt\/","name":"Iha Race","description":"Comprar drones de carreras FPV env\u00edos en un d\u00eda desde Espa\u00f1a","publisher":{"@id":"https:\/\/iha-race.com\/pt-pt\/#organization"},"potentialAction":[{"@type":"SearchAction","target":{"@type":"EntryPoint","urlTemplate":"https:\/\/iha-race.com\/pt-pt\/?s={search_term_string}"},"query-input":{"@type":"PropertyValueSpecification","valueRequired":true,"valueName":"search_term_string"}}],"inLanguage":"pt-PT"},{"@type":"Organization","@id":"https:\/\/iha-race.com\/pt-pt\/#organization","name":"Iha Race","url":"https:\/\/iha-race.com\/pt-pt\/","logo":{"@type":"ImageObject","inLanguage":"pt-PT","@id":"https:\/\/iha-race.com\/pt-pt\/#\/schema\/logo\/image\/","url":"https:\/\/iha-race.com\/wp-content\/uploads\/2018\/07\/iha-race-drones-de-carreras-tienda-comprar-drones.png","contentUrl":"https:\/\/iha-race.com\/wp-content\/uploads\/2018\/07\/iha-race-drones-de-carreras-tienda-comprar-drones.png","width":300,"height":100,"caption":"Iha Race"},"image":{"@id":"https:\/\/iha-race.com\/pt-pt\/#\/schema\/logo\/image\/"}}]}},"jetpack_sharing_enabled":true,"brands":[],"_links":{"self":[{"href":"https:\/\/iha-race.com\/pt-pt\/wp-json\/wp\/v2\/product\/110776","targetHints":{"allow":["GET"]}}],"collection":[{"href":"https:\/\/iha-race.com\/pt-pt\/wp-json\/wp\/v2\/product"}],"about":[{"href":"https:\/\/iha-race.com\/pt-pt\/wp-json\/wp\/v2\/types\/product"}],"replies":[{"embeddable":true,"href":"https:\/\/iha-race.com\/pt-pt\/wp-json\/wp\/v2\/comments?post=110776"}],"version-history":[{"count":2,"href":"https:\/\/iha-race.com\/pt-pt\/wp-json\/wp\/v2\/product\/110776\/revisions"}],"predecessor-version":[{"id":248014,"href":"https:\/\/iha-race.com\/pt-pt\/wp-json\/wp\/v2\/product\/110776\/revisions\/248014"}],"wp:featuredmedia":[{"embeddable":true,"href":"https:\/\/iha-race.com\/pt-pt\/wp-json\/wp\/v2\/media\/94260"}],"wp:attachment":[{"href":"https:\/\/iha-race.com\/pt-pt\/wp-json\/wp\/v2\/media?parent=110776"}],"wp:term":[{"taxonomy":"pwb-brand","embeddable":true,"href":"https:\/\/iha-race.com\/pt-pt\/wp-json\/wp\/v2\/pwb-brand?post=110776"},{"taxonomy":"product_cat","embeddable":true,"href":"https:\/\/iha-race.com\/pt-pt\/wp-json\/wp\/v2\/product_cat?post=110776"},{"taxonomy":"product_tag","embeddable":true,"href":"https:\/\/iha-race.com\/pt-pt\/wp-json\/wp\/v2\/product_tag?post=110776"}],"curies":[{"name":"wp","href":"https:\/\/api.w.org\/{rel}","templated":true}]}}