{"id":110775,"date":"2018-07-13T15:01:23","date_gmt":"2018-07-13T13:01:23","guid":{"rendered":"https:\/\/iha-race.com\/producto\/brainergy-lipo-2s1p-7-4v-600mah-45c-bateria-jst-bec\/"},"modified":"2026-03-22T18:27:19","modified_gmt":"2026-03-22T17:27:19","slug":"bateria-lipo-kryptonium-2s-450-mah-30c-3-3wh-jst-2","status":"publish","type":"product","link":"https:\/\/iha-race.com\/pt-pt\/produto\/bateria-lipo-kryptonium-2s-450-mah-30c-3-3wh-jst-2\/","title":{"rendered":"BRAINERGY LiPo 2s1p 7.4V 600mAh 45C Bateria JST BEC"},"content":{"rendered":"<h2><span data-sheets-value=\"{\"1\":2,\"2\":\"Bater\u00eda LiPo BRAINERGY 2s1p 7.4V 600mAh 45C JST BEC\"}\" data-sheets-userformat=\"{\"2\":15299,\"3\":{\"1\":0},\"4\":{\"1\":2,\"2\":16777215},\"9\":0,\"10\":2,\"11\":4,\"12\":0,\"14\":{\"1\":2,\"2\":5395026},\"15\":\"Montserrat, sans-serif\",\"16\":10}\">BRAINERGY LiPo 2s1p 7.4V 600mAh 45C Bateria JST BEC<\/span><\/h2>\n<p>  Devido a uma elevada taxa de descarga constante de at\u00e9 45C, ao desvio de c\u00e9lula dificilmente mensur\u00e1vel e \u00e0 sua resist\u00eancia interna particularmente baixa, esta bateria recarreg\u00e1vel de pol\u00edmero de l\u00edtio (bateria LiPo) \u00e9 particularmente adequada para combina\u00e7\u00f5es de controladores de motor sem escovas (brushless) que funcionam com correntes elevadas.  <\/p>\n<h2>Caracter\u00edsticas:<\/h2>\n<div class=\"container \">\n<nav class=\"tab-navigation\">\n<div id=\"tab-content-product-tabs\" class=\"tab-content\">\n<div id=\"tab-description\" class=\"tab-pane fade show active\" role=\"tabpanel\" aria-labelledby=\"tab-link-description\">\n<div class=\"product-attributes\">\n<table class=\"table table-sm table-striped table-bordered-outline\">\n<tbody>\n<tr>\n<td class=\"h6\">Ordenado por configura\u00e7\u00e3o:<\/td>\n<td class=\"attr-characteristic\">2s1p<\/td>\n<\/tr>\n<tr>\n<td class=\"h6\">Ordenados por tens\u00e3o nominal:<\/td>\n<td class=\"attr-characteristic\">7,4 V<\/td>\n<\/tr>\n<tr>\n<td class=\"h6\">Ordenado por tipo de conetor:<\/td>\n<td class=\"attr-characteristic\">JST BECJST<a class=\"badge badge-primary\" href=\"https:\/\/yuki-model.de\/steckverbinder-jst-xh\">XH<\/a><\/td>\n<\/tr>\n<tr class=\"attr-custom\">\n<td class=\"h6\">Capacidade nominal:<\/td>\n<td class=\"attr-value\">600mAh<\/td>\n<\/tr>\n<tr class=\"attr-custom\">\n<td class=\"h6\">Dimens\u00f5es:<\/td>\n<td class=\"attr-value\">55x30x12mm<\/td>\n<\/tr>\n<tr class=\"attr-custom\">\n<td class=\"h6\">Taxa de descarga (permanente):<\/td>\n<td class=\"attr-value\">45C (27A)<\/td>\n<\/tr>\n<tr class=\"attr-custom\">\n<td class=\"h6\">Peso:<\/td>\n<td class=\"attr-value\">40g<\/td>\n<\/tr>\n<tr class=\"attr-custom\">\n<td class=\"h6\">Cabo de liga\u00e7\u00e3o:<\/td>\n<td class=\"attr-value\">silicone<\/td>\n<\/tr>\n<tr class=\"attr-custom\">\n<td class=\"h6\">cabo de equil\u00edbrio:<\/td>\n<td class=\"attr-value\">silicone<\/td>\n<\/tr>\n<tr class=\"attr-custom\">\n<td class=\"h6\">Tens\u00e3o de carga final:<\/td>\n<td class=\"attr-value\">4,2V\/c\u00e9lula<\/td>\n<\/tr>\n<\/tbody>\n<\/table>\n<\/div>\n<\/div>\n<\/div>\n<\/nav>\n<\/div>\n","protected":false},"excerpt":{"rendered":"<p>BRAINERGY LiPo 2s1p 7.4V 600mAh 45C Bateria JST BEC Devido a uma elevada taxa de descarga constante de at\u00e9 45C, ao desvio de c\u00e9lula dificilmente mensur\u00e1vel e \u00e0 sua resist\u00eancia<\/p>\n","protected":false},"featured_media":257081,"comment_status":"open","ping_status":"closed","template":"","meta":{"_joinchat":[]},"pwb-brand":[],"product_cat":[1062,1063],"product_tag":[],"class_list":{"0":"post-110775","1":"product","2":"type-product","3":"status-publish","4":"has-post-thumbnail","6":"product_cat-baterias-fpv","7":"product_cat-s2-pt-pt","9":"first","10":"outofstock","11":"taxable","12":"shipping-taxable","13":"purchasable","14":"product-type-simple"},"barcode":null,"atum_controlled":true,"out_stock_date":"2026-03-31 13:32:44","out_stock_threshold":null,"inheritable":false,"stock_on_hold":0,"sold_today":3,"sales_last_days":3,"out_stock_days":0,"lost_sales":0,"update_date":"2026-03-31T14:10:15","atum_locations":[],"atum_stock_status":"outofstock","restock_status":false,"low_stock_amount":0,"sales_update_date":"2026-03-31T14:10:15","calc_backorders":null,"yoast_head":"<!-- This site is optimized with the Yoast SEO plugin v27.3 - https:\/\/yoast.com\/product\/yoast-seo-wordpress\/ -->\n<title>BRAINERGY LiPo 2s1p 7.4V 600mAh 45C Bateria JST BEC - Iha Race<\/title>\n<meta name=\"robots\" content=\"index, follow, max-snippet:-1, max-image-preview:large, max-video-preview:-1\" \/>\n<link rel=\"canonical\" href=\"https:\/\/iha-race.com\/pt-pt\/produto\/bateria-lipo-kryptonium-2s-450-mah-30c-3-3wh-jst-2\/\" \/>\n<meta property=\"og:locale\" content=\"pt_PT\" \/>\n<meta property=\"og:type\" content=\"article\" \/>\n<meta property=\"og:title\" content=\"BRAINERGY LiPo 2s1p 7.4V 600mAh 45C Bateria JST BEC - Iha Race\" \/>\n<meta property=\"og:description\" content=\"BRAINERGY LiPo 2s1p 7.4V 600mAh 45C Bateria JST BEC Devido a uma elevada taxa de descarga constante de at\u00e9 45C, ao desvio de c\u00e9lula dificilmente mensur\u00e1vel e \u00e0 sua resist\u00eancia\" \/>\n<meta property=\"og:url\" content=\"https:\/\/iha-race.com\/pt-pt\/produto\/bateria-lipo-kryptonium-2s-450-mah-30c-3-3wh-jst-2\/\" \/>\n<meta property=\"og:site_name\" content=\"Iha Race\" \/>\n<meta property=\"article:modified_time\" content=\"2026-03-22T17:27:19+00:00\" \/>\n<meta property=\"og:image\" content=\"https:\/\/iha-race.com\/wp-content\/uploads\/2018\/07\/brainergy-lipo-akku-2s1p-7-4v-600mah-45c-jst-bec.webp\" \/>\n\t<meta property=\"og:image:width\" content=\"1600\" \/>\n\t<meta property=\"og:image:height\" content=\"1067\" \/>\n\t<meta property=\"og:image:type\" content=\"image\/webp\" \/>\n<meta name=\"twitter:card\" content=\"summary_large_image\" \/>\n<meta name=\"twitter:label1\" content=\"Tempo estimado de leitura\" \/>\n\t<meta name=\"twitter:data1\" content=\"1 minuto\" \/>\n<script type=\"application\/ld+json\" class=\"yoast-schema-graph\">{\"@context\":\"https:\\\/\\\/schema.org\",\"@graph\":[{\"@type\":\"WebPage\",\"@id\":\"https:\\\/\\\/iha-race.com\\\/pt-pt\\\/produto\\\/bateria-lipo-kryptonium-2s-450-mah-30c-3-3wh-jst-2\\\/\",\"url\":\"https:\\\/\\\/iha-race.com\\\/pt-pt\\\/produto\\\/bateria-lipo-kryptonium-2s-450-mah-30c-3-3wh-jst-2\\\/\",\"name\":\"BRAINERGY LiPo 2s1p 7.4V 600mAh 45C Bateria JST BEC - Iha Race\",\"isPartOf\":{\"@id\":\"https:\\\/\\\/iha-race.com\\\/pt-pt\\\/#website\"},\"primaryImageOfPage\":{\"@id\":\"https:\\\/\\\/iha-race.com\\\/pt-pt\\\/produto\\\/bateria-lipo-kryptonium-2s-450-mah-30c-3-3wh-jst-2\\\/#primaryimage\"},\"image\":{\"@id\":\"https:\\\/\\\/iha-race.com\\\/pt-pt\\\/produto\\\/bateria-lipo-kryptonium-2s-450-mah-30c-3-3wh-jst-2\\\/#primaryimage\"},\"thumbnailUrl\":\"https:\\\/\\\/iha-race.com\\\/wp-content\\\/uploads\\\/2018\\\/07\\\/LiPo-2s1p-7-4V-450mAh-30C-KRYPTONIUM-kompatibel-mit-JST-BEC-801300_b_0.jpeg\",\"datePublished\":\"2018-07-13T13:01:23+00:00\",\"dateModified\":\"2026-03-22T17:27:19+00:00\",\"breadcrumb\":{\"@id\":\"https:\\\/\\\/iha-race.com\\\/pt-pt\\\/produto\\\/bateria-lipo-kryptonium-2s-450-mah-30c-3-3wh-jst-2\\\/#breadcrumb\"},\"inLanguage\":\"pt-PT\",\"potentialAction\":[{\"@type\":\"ReadAction\",\"target\":[\"https:\\\/\\\/iha-race.com\\\/pt-pt\\\/produto\\\/bateria-lipo-kryptonium-2s-450-mah-30c-3-3wh-jst-2\\\/\"]}]},{\"@type\":\"ImageObject\",\"inLanguage\":\"pt-PT\",\"@id\":\"https:\\\/\\\/iha-race.com\\\/pt-pt\\\/produto\\\/bateria-lipo-kryptonium-2s-450-mah-30c-3-3wh-jst-2\\\/#primaryimage\",\"url\":\"https:\\\/\\\/iha-race.com\\\/wp-content\\\/uploads\\\/2018\\\/07\\\/LiPo-2s1p-7-4V-450mAh-30C-KRYPTONIUM-kompatibel-mit-JST-BEC-801300_b_0.jpeg\",\"contentUrl\":\"https:\\\/\\\/iha-race.com\\\/wp-content\\\/uploads\\\/2018\\\/07\\\/LiPo-2s1p-7-4V-450mAh-30C-KRYPTONIUM-kompatibel-mit-JST-BEC-801300_b_0.jpeg\",\"width\":800,\"height\":600,\"caption\":\"Comprar LiPo Kryptonium 450mAH 2S 30C XT60 801300 Yuki\"},{\"@type\":\"BreadcrumbList\",\"@id\":\"https:\\\/\\\/iha-race.com\\\/pt-pt\\\/produto\\\/bateria-lipo-kryptonium-2s-450-mah-30c-3-3wh-jst-2\\\/#breadcrumb\",\"itemListElement\":[{\"@type\":\"ListItem\",\"position\":1,\"name\":\"Portada\",\"item\":\"https:\\\/\\\/iha-race.com\\\/pt-pt\\\/elementor-499\\\/\"},{\"@type\":\"ListItem\",\"position\":2,\"name\":\"Shop\",\"item\":\"https:\\\/\\\/iha-race.com\\\/pt-pt\\\/shop\\\/\"},{\"@type\":\"ListItem\",\"position\":3,\"name\":\"BRAINERGY LiPo 2s1p 7.4V 600mAh 45C Bateria JST BEC\"}]},{\"@type\":\"WebSite\",\"@id\":\"https:\\\/\\\/iha-race.com\\\/pt-pt\\\/#website\",\"url\":\"https:\\\/\\\/iha-race.com\\\/pt-pt\\\/\",\"name\":\"Iha Race\",\"description\":\"Comprar drones de carreras FPV env\u00edos en un d\u00eda desde Espa\u00f1a\",\"publisher\":{\"@id\":\"https:\\\/\\\/iha-race.com\\\/pt-pt\\\/#organization\"},\"potentialAction\":[{\"@type\":\"SearchAction\",\"target\":{\"@type\":\"EntryPoint\",\"urlTemplate\":\"https:\\\/\\\/iha-race.com\\\/pt-pt\\\/?s={search_term_string}\"},\"query-input\":{\"@type\":\"PropertyValueSpecification\",\"valueRequired\":true,\"valueName\":\"search_term_string\"}}],\"inLanguage\":\"pt-PT\"},{\"@type\":\"Organization\",\"@id\":\"https:\\\/\\\/iha-race.com\\\/pt-pt\\\/#organization\",\"name\":\"Iha Race\",\"url\":\"https:\\\/\\\/iha-race.com\\\/pt-pt\\\/\",\"logo\":{\"@type\":\"ImageObject\",\"inLanguage\":\"pt-PT\",\"@id\":\"https:\\\/\\\/iha-race.com\\\/pt-pt\\\/#\\\/schema\\\/logo\\\/image\\\/\",\"url\":\"https:\\\/\\\/iha-race.com\\\/wp-content\\\/uploads\\\/2018\\\/07\\\/iha-race-drones-de-carreras-tienda-comprar-drones.png\",\"contentUrl\":\"https:\\\/\\\/iha-race.com\\\/wp-content\\\/uploads\\\/2018\\\/07\\\/iha-race-drones-de-carreras-tienda-comprar-drones.png\",\"width\":300,\"height\":100,\"caption\":\"Iha Race\"},\"image\":{\"@id\":\"https:\\\/\\\/iha-race.com\\\/pt-pt\\\/#\\\/schema\\\/logo\\\/image\\\/\"}}]}<\/script>\n<!-- \/ Yoast SEO plugin. -->","yoast_head_json":{"title":"BRAINERGY LiPo 2s1p 7.4V 600mAh 45C Bateria JST BEC - Iha Race","robots":{"index":"index","follow":"follow","max-snippet":"max-snippet:-1","max-image-preview":"max-image-preview:large","max-video-preview":"max-video-preview:-1"},"canonical":"https:\/\/iha-race.com\/pt-pt\/produto\/bateria-lipo-kryptonium-2s-450-mah-30c-3-3wh-jst-2\/","og_locale":"pt_PT","og_type":"article","og_title":"BRAINERGY LiPo 2s1p 7.4V 600mAh 45C Bateria JST BEC - Iha Race","og_description":"BRAINERGY LiPo 2s1p 7.4V 600mAh 45C Bateria JST BEC Devido a uma elevada taxa de descarga constante de at\u00e9 45C, ao desvio de c\u00e9lula dificilmente mensur\u00e1vel e \u00e0 sua resist\u00eancia","og_url":"https:\/\/iha-race.com\/pt-pt\/produto\/bateria-lipo-kryptonium-2s-450-mah-30c-3-3wh-jst-2\/","og_site_name":"Iha Race","article_modified_time":"2026-03-22T17:27:19+00:00","og_image":[{"width":1600,"height":1067,"url":"https:\/\/iha-race.com\/wp-content\/uploads\/2018\/07\/brainergy-lipo-akku-2s1p-7-4v-600mah-45c-jst-bec.webp","type":"image\/webp"}],"twitter_card":"summary_large_image","twitter_misc":{"Tempo estimado de leitura":"1 minuto"},"schema":{"@context":"https:\/\/schema.org","@graph":[{"@type":"WebPage","@id":"https:\/\/iha-race.com\/pt-pt\/produto\/bateria-lipo-kryptonium-2s-450-mah-30c-3-3wh-jst-2\/","url":"https:\/\/iha-race.com\/pt-pt\/produto\/bateria-lipo-kryptonium-2s-450-mah-30c-3-3wh-jst-2\/","name":"BRAINERGY LiPo 2s1p 7.4V 600mAh 45C Bateria JST BEC - Iha Race","isPartOf":{"@id":"https:\/\/iha-race.com\/pt-pt\/#website"},"primaryImageOfPage":{"@id":"https:\/\/iha-race.com\/pt-pt\/produto\/bateria-lipo-kryptonium-2s-450-mah-30c-3-3wh-jst-2\/#primaryimage"},"image":{"@id":"https:\/\/iha-race.com\/pt-pt\/produto\/bateria-lipo-kryptonium-2s-450-mah-30c-3-3wh-jst-2\/#primaryimage"},"thumbnailUrl":"https:\/\/iha-race.com\/wp-content\/uploads\/2018\/07\/LiPo-2s1p-7-4V-450mAh-30C-KRYPTONIUM-kompatibel-mit-JST-BEC-801300_b_0.jpeg","datePublished":"2018-07-13T13:01:23+00:00","dateModified":"2026-03-22T17:27:19+00:00","breadcrumb":{"@id":"https:\/\/iha-race.com\/pt-pt\/produto\/bateria-lipo-kryptonium-2s-450-mah-30c-3-3wh-jst-2\/#breadcrumb"},"inLanguage":"pt-PT","potentialAction":[{"@type":"ReadAction","target":["https:\/\/iha-race.com\/pt-pt\/produto\/bateria-lipo-kryptonium-2s-450-mah-30c-3-3wh-jst-2\/"]}]},{"@type":"ImageObject","inLanguage":"pt-PT","@id":"https:\/\/iha-race.com\/pt-pt\/produto\/bateria-lipo-kryptonium-2s-450-mah-30c-3-3wh-jst-2\/#primaryimage","url":"https:\/\/iha-race.com\/wp-content\/uploads\/2018\/07\/LiPo-2s1p-7-4V-450mAh-30C-KRYPTONIUM-kompatibel-mit-JST-BEC-801300_b_0.jpeg","contentUrl":"https:\/\/iha-race.com\/wp-content\/uploads\/2018\/07\/LiPo-2s1p-7-4V-450mAh-30C-KRYPTONIUM-kompatibel-mit-JST-BEC-801300_b_0.jpeg","width":800,"height":600,"caption":"Comprar LiPo Kryptonium 450mAH 2S 30C XT60 801300 Yuki"},{"@type":"BreadcrumbList","@id":"https:\/\/iha-race.com\/pt-pt\/produto\/bateria-lipo-kryptonium-2s-450-mah-30c-3-3wh-jst-2\/#breadcrumb","itemListElement":[{"@type":"ListItem","position":1,"name":"Portada","item":"https:\/\/iha-race.com\/pt-pt\/elementor-499\/"},{"@type":"ListItem","position":2,"name":"Shop","item":"https:\/\/iha-race.com\/pt-pt\/shop\/"},{"@type":"ListItem","position":3,"name":"BRAINERGY LiPo 2s1p 7.4V 600mAh 45C Bateria JST BEC"}]},{"@type":"WebSite","@id":"https:\/\/iha-race.com\/pt-pt\/#website","url":"https:\/\/iha-race.com\/pt-pt\/","name":"Iha Race","description":"Comprar drones de carreras FPV env\u00edos en un d\u00eda desde Espa\u00f1a","publisher":{"@id":"https:\/\/iha-race.com\/pt-pt\/#organization"},"potentialAction":[{"@type":"SearchAction","target":{"@type":"EntryPoint","urlTemplate":"https:\/\/iha-race.com\/pt-pt\/?s={search_term_string}"},"query-input":{"@type":"PropertyValueSpecification","valueRequired":true,"valueName":"search_term_string"}}],"inLanguage":"pt-PT"},{"@type":"Organization","@id":"https:\/\/iha-race.com\/pt-pt\/#organization","name":"Iha Race","url":"https:\/\/iha-race.com\/pt-pt\/","logo":{"@type":"ImageObject","inLanguage":"pt-PT","@id":"https:\/\/iha-race.com\/pt-pt\/#\/schema\/logo\/image\/","url":"https:\/\/iha-race.com\/wp-content\/uploads\/2018\/07\/iha-race-drones-de-carreras-tienda-comprar-drones.png","contentUrl":"https:\/\/iha-race.com\/wp-content\/uploads\/2018\/07\/iha-race-drones-de-carreras-tienda-comprar-drones.png","width":300,"height":100,"caption":"Iha Race"},"image":{"@id":"https:\/\/iha-race.com\/pt-pt\/#\/schema\/logo\/image\/"}}]}},"brands":[],"_links":{"self":[{"href":"https:\/\/iha-race.com\/pt-pt\/wp-json\/wp\/v2\/product\/110775","targetHints":{"allow":["GET"]}}],"collection":[{"href":"https:\/\/iha-race.com\/pt-pt\/wp-json\/wp\/v2\/product"}],"about":[{"href":"https:\/\/iha-race.com\/pt-pt\/wp-json\/wp\/v2\/types\/product"}],"replies":[{"embeddable":true,"href":"https:\/\/iha-race.com\/pt-pt\/wp-json\/wp\/v2\/comments?post=110775"}],"version-history":[{"count":1,"href":"https:\/\/iha-race.com\/pt-pt\/wp-json\/wp\/v2\/product\/110775\/revisions"}],"predecessor-version":[{"id":250906,"href":"https:\/\/iha-race.com\/pt-pt\/wp-json\/wp\/v2\/product\/110775\/revisions\/250906"}],"wp:featuredmedia":[{"embeddable":true,"href":"https:\/\/iha-race.com\/pt-pt\/wp-json\/wp\/v2\/media\/257081"}],"wp:attachment":[{"href":"https:\/\/iha-race.com\/pt-pt\/wp-json\/wp\/v2\/media?parent=110775"}],"wp:term":[{"taxonomy":"pwb-brand","embeddable":true,"href":"https:\/\/iha-race.com\/pt-pt\/wp-json\/wp\/v2\/pwb-brand?post=110775"},{"taxonomy":"product_cat","embeddable":true,"href":"https:\/\/iha-race.com\/pt-pt\/wp-json\/wp\/v2\/product_cat?post=110775"},{"taxonomy":"product_tag","embeddable":true,"href":"https:\/\/iha-race.com\/pt-pt\/wp-json\/wp\/v2\/product_tag?post=110775"}],"curies":[{"name":"wp","href":"https:\/\/api.w.org\/{rel}","templated":true}]}}