{"id":110760,"date":"2018-07-13T15:15:17","date_gmt":"2018-07-13T13:15:17","guid":{"rendered":"https:\/\/iha-race.com\/producto\/bateria-tattu-2s-2500-mah-10c-com-conector-dc-para-oculos-fatshark\/"},"modified":"2026-03-13T01:39:59","modified_gmt":"2026-03-13T00:39:59","slug":"bateria-tattu-2s-2500-mah-10c-bateria-com-dc-conector-para-os-oculos-de-partilha-de-gordura","status":"publish","type":"product","link":"https:\/\/iha-race.com\/pt-pt\/produto\/bateria-tattu-2s-2500-mah-10c-bateria-com-dc-conector-para-os-oculos-de-partilha-de-gordura\/","title":{"rendered":"Bateria Tattu 2S 2500 mAh 10C com conector DC para \u00f3culos Fatshark"},"content":{"rendered":"<h3>Bateria Tattu 2S 2500 mAh 10C com conector DC para \u00f3culos Fatshark<\/h3>\n<p>Tattu 2500mAh 2S1P 7.4v Bateria Lipo com conector DC 3.5mm \u00e9 especialmente concebida para \u00f3culos de protec\u00e7\u00e3o Fatshark e SkyZone. Tem um peso leve e \u00e9 muito dur\u00e1vel.<\/p>\n<h2>Especifica\u00e7\u00f5es:<\/h2>\n<ul>\n<li>Peso: 106gr<\/li>\n<li>Marca: Tattu<\/li>\n<li>Capacidade: 2500mAh<\/li>\n<li>Taxa de descarga: 10C<\/li>\n<li>Corrente m\u00e1xima cont\u00ednua (A): 25A<\/li>\n<li>Intensidade m\u00e1xima A: 37,5<\/li>\n<li>Taxa m\u00e1xima de descarga instant\u00e2nea (C): 15C<\/li>\n<li>N.\u00ba C\u00e9lulas em paralelo (P): 1<\/li>\n<li>Voltagem: 2S (7.4V)<\/li>\n<li>Comprimento (mm): 72<\/li>\n<li>Largura (mm): 38<\/li>\n<li>Espessura(mm): 19<\/li>\n<li>Tipo de conector: DC 3,5mm<\/li>\n<li>Conector com equil\u00edbrio de carga: JST-XH<\/li>\n<\/ul>\n<h2>O pacote inclui:<\/h2>\n<ul>\n<li>1 x Bateria Tattu 2S 2500 mAh 10C com conector DC para \u00f3culos Fatshark<\/li>\n<\/ul>\n<p>&nbsp;<\/p>\n","protected":false},"excerpt":{"rendered":"<p>Bateria Tattu 2S 2500 mAh 10C com conector DC para \u00f3culos Fatshark Tattu 2500mAh 2S1P 7.4v Bateria Lipo com conector DC 3.5mm \u00e9 especialmente concebida para \u00f3culos de protec\u00e7\u00e3o Fatshark<\/p>\n","protected":false},"featured_media":94228,"comment_status":"open","ping_status":"closed","template":"","meta":{"_joinchat":[]},"pwb-brand":[],"product_cat":[1062,1063],"product_tag":[],"class_list":{"0":"post-110760","1":"product","2":"type-product","3":"status-publish","4":"has-post-thumbnail","6":"product_cat-baterias-fpv","7":"product_cat-s2-pt-pt","9":"first","10":"outofstock","11":"taxable","12":"shipping-taxable","13":"purchasable","14":"product-type-simple"},"barcode":null,"atum_controlled":true,"out_stock_date":"2026-03-13 01:39:59","out_stock_threshold":null,"inheritable":false,"stock_on_hold":0,"sold_today":0,"sales_last_days":0,"out_stock_days":45,"lost_sales":153,"update_date":"2026-04-27T19:47:02","atum_locations":[],"atum_stock_status":"outofstock","restock_status":false,"low_stock_amount":0,"sales_update_date":"2026-04-27T19:47:02","calc_backorders":null,"yoast_head":"<!-- This site is optimized with the Yoast SEO plugin v27.3 - https:\/\/yoast.com\/product\/yoast-seo-wordpress\/ -->\n<title>Bateria Tattu 2S 2500 mAh 10C com conector DC para \u00f3culos Fatshark - Iha Race<\/title>\n<meta name=\"robots\" content=\"index, follow, max-snippet:-1, max-image-preview:large, max-video-preview:-1\" \/>\n<link rel=\"canonical\" href=\"https:\/\/iha-race.com\/pt-pt\/produto\/bateria-tattu-2s-2500-mah-10c-bateria-com-dc-conector-para-os-oculos-de-partilha-de-gordura\/\" \/>\n<meta property=\"og:locale\" content=\"pt_PT\" \/>\n<meta property=\"og:type\" content=\"article\" \/>\n<meta property=\"og:title\" content=\"Bateria Tattu 2S 2500 mAh 10C com conector DC para \u00f3culos Fatshark - Iha Race\" \/>\n<meta property=\"og:description\" content=\"Bateria Tattu 2S 2500 mAh 10C com conector DC para \u00f3culos Fatshark Tattu 2500mAh 2S1P 7.4v Bateria Lipo com conector DC 3.5mm \u00e9 especialmente concebida para \u00f3culos de protec\u00e7\u00e3o Fatshark\" \/>\n<meta property=\"og:url\" content=\"https:\/\/iha-race.com\/pt-pt\/produto\/bateria-tattu-2s-2500-mah-10c-bateria-com-dc-conector-para-os-oculos-de-partilha-de-gordura\/\" \/>\n<meta property=\"og:site_name\" content=\"Iha Race\" \/>\n<meta property=\"article:modified_time\" content=\"2026-03-13T00:39:59+00:00\" \/>\n<meta property=\"og:image\" content=\"https:\/\/iha-race.com\/wp-content\/uploads\/2018\/07\/bateria-tattu-2s-2500-mah-10c-conector-dc-gafas-fatshark-1.jpg\" \/>\n\t<meta property=\"og:image:width\" content=\"800\" \/>\n\t<meta property=\"og:image:height\" content=\"800\" \/>\n\t<meta property=\"og:image:type\" content=\"image\/jpeg\" \/>\n<meta name=\"twitter:card\" content=\"summary_large_image\" \/>\n<meta name=\"twitter:label1\" content=\"Tempo estimado de leitura\" \/>\n\t<meta name=\"twitter:data1\" content=\"1 minuto\" \/>\n<script type=\"application\/ld+json\" class=\"yoast-schema-graph\">{\"@context\":\"https:\\\/\\\/schema.org\",\"@graph\":[{\"@type\":\"WebPage\",\"@id\":\"https:\\\/\\\/iha-race.com\\\/pt-pt\\\/produto\\\/bateria-tattu-2s-2500-mah-10c-bateria-com-dc-conector-para-os-oculos-de-partilha-de-gordura\\\/\",\"url\":\"https:\\\/\\\/iha-race.com\\\/pt-pt\\\/produto\\\/bateria-tattu-2s-2500-mah-10c-bateria-com-dc-conector-para-os-oculos-de-partilha-de-gordura\\\/\",\"name\":\"Bateria Tattu 2S 2500 mAh 10C com conector DC para \u00f3culos Fatshark - Iha Race\",\"isPartOf\":{\"@id\":\"https:\\\/\\\/iha-race.com\\\/pt-pt\\\/#website\"},\"primaryImageOfPage\":{\"@id\":\"https:\\\/\\\/iha-race.com\\\/pt-pt\\\/produto\\\/bateria-tattu-2s-2500-mah-10c-bateria-com-dc-conector-para-os-oculos-de-partilha-de-gordura\\\/#primaryimage\"},\"image\":{\"@id\":\"https:\\\/\\\/iha-race.com\\\/pt-pt\\\/produto\\\/bateria-tattu-2s-2500-mah-10c-bateria-com-dc-conector-para-os-oculos-de-partilha-de-gordura\\\/#primaryimage\"},\"thumbnailUrl\":\"https:\\\/\\\/iha-race.com\\\/wp-content\\\/uploads\\\/2018\\\/07\\\/bateria-tattu-2s-2500-mah-10c-conector-dc-gafas-fatshark-1.jpg\",\"datePublished\":\"2018-07-13T13:15:17+00:00\",\"dateModified\":\"2026-03-13T00:39:59+00:00\",\"breadcrumb\":{\"@id\":\"https:\\\/\\\/iha-race.com\\\/pt-pt\\\/produto\\\/bateria-tattu-2s-2500-mah-10c-bateria-com-dc-conector-para-os-oculos-de-partilha-de-gordura\\\/#breadcrumb\"},\"inLanguage\":\"pt-PT\",\"potentialAction\":[{\"@type\":\"ReadAction\",\"target\":[\"https:\\\/\\\/iha-race.com\\\/pt-pt\\\/produto\\\/bateria-tattu-2s-2500-mah-10c-bateria-com-dc-conector-para-os-oculos-de-partilha-de-gordura\\\/\"]}]},{\"@type\":\"ImageObject\",\"inLanguage\":\"pt-PT\",\"@id\":\"https:\\\/\\\/iha-race.com\\\/pt-pt\\\/produto\\\/bateria-tattu-2s-2500-mah-10c-bateria-com-dc-conector-para-os-oculos-de-partilha-de-gordura\\\/#primaryimage\",\"url\":\"https:\\\/\\\/iha-race.com\\\/wp-content\\\/uploads\\\/2018\\\/07\\\/bateria-tattu-2s-2500-mah-10c-conector-dc-gafas-fatshark-1.jpg\",\"contentUrl\":\"https:\\\/\\\/iha-race.com\\\/wp-content\\\/uploads\\\/2018\\\/07\\\/bateria-tattu-2s-2500-mah-10c-conector-dc-gafas-fatshark-1.jpg\",\"width\":800,\"height\":800,\"caption\":\"tattu-2s-2500-mah-10c-battery-dc-connector-dc-glasses-fatshark\"},{\"@type\":\"BreadcrumbList\",\"@id\":\"https:\\\/\\\/iha-race.com\\\/pt-pt\\\/produto\\\/bateria-tattu-2s-2500-mah-10c-bateria-com-dc-conector-para-os-oculos-de-partilha-de-gordura\\\/#breadcrumb\",\"itemListElement\":[{\"@type\":\"ListItem\",\"position\":1,\"name\":\"Portada\",\"item\":\"https:\\\/\\\/iha-race.com\\\/pt-pt\\\/elementor-499\\\/\"},{\"@type\":\"ListItem\",\"position\":2,\"name\":\"Shop\",\"item\":\"https:\\\/\\\/iha-race.com\\\/pt-pt\\\/shop\\\/\"},{\"@type\":\"ListItem\",\"position\":3,\"name\":\"Bateria Tattu 2S 2500 mAh 10C com conector DC para \u00f3culos Fatshark\"}]},{\"@type\":\"WebSite\",\"@id\":\"https:\\\/\\\/iha-race.com\\\/pt-pt\\\/#website\",\"url\":\"https:\\\/\\\/iha-race.com\\\/pt-pt\\\/\",\"name\":\"Iha Race\",\"description\":\"Comprar drones de carreras FPV env\u00edos en un d\u00eda desde Espa\u00f1a\",\"publisher\":{\"@id\":\"https:\\\/\\\/iha-race.com\\\/pt-pt\\\/#organization\"},\"potentialAction\":[{\"@type\":\"SearchAction\",\"target\":{\"@type\":\"EntryPoint\",\"urlTemplate\":\"https:\\\/\\\/iha-race.com\\\/pt-pt\\\/?s={search_term_string}\"},\"query-input\":{\"@type\":\"PropertyValueSpecification\",\"valueRequired\":true,\"valueName\":\"search_term_string\"}}],\"inLanguage\":\"pt-PT\"},{\"@type\":\"Organization\",\"@id\":\"https:\\\/\\\/iha-race.com\\\/pt-pt\\\/#organization\",\"name\":\"Iha Race\",\"url\":\"https:\\\/\\\/iha-race.com\\\/pt-pt\\\/\",\"logo\":{\"@type\":\"ImageObject\",\"inLanguage\":\"pt-PT\",\"@id\":\"https:\\\/\\\/iha-race.com\\\/pt-pt\\\/#\\\/schema\\\/logo\\\/image\\\/\",\"url\":\"https:\\\/\\\/iha-race.com\\\/wp-content\\\/uploads\\\/2018\\\/07\\\/iha-race-drones-de-carreras-tienda-comprar-drones.png\",\"contentUrl\":\"https:\\\/\\\/iha-race.com\\\/wp-content\\\/uploads\\\/2018\\\/07\\\/iha-race-drones-de-carreras-tienda-comprar-drones.png\",\"width\":300,\"height\":100,\"caption\":\"Iha Race\"},\"image\":{\"@id\":\"https:\\\/\\\/iha-race.com\\\/pt-pt\\\/#\\\/schema\\\/logo\\\/image\\\/\"}}]}<\/script>\n<!-- \/ Yoast SEO plugin. -->","yoast_head_json":{"title":"Bateria Tattu 2S 2500 mAh 10C com conector DC para \u00f3culos Fatshark - Iha Race","robots":{"index":"index","follow":"follow","max-snippet":"max-snippet:-1","max-image-preview":"max-image-preview:large","max-video-preview":"max-video-preview:-1"},"canonical":"https:\/\/iha-race.com\/pt-pt\/produto\/bateria-tattu-2s-2500-mah-10c-bateria-com-dc-conector-para-os-oculos-de-partilha-de-gordura\/","og_locale":"pt_PT","og_type":"article","og_title":"Bateria Tattu 2S 2500 mAh 10C com conector DC para \u00f3culos Fatshark - Iha Race","og_description":"Bateria Tattu 2S 2500 mAh 10C com conector DC para \u00f3culos Fatshark Tattu 2500mAh 2S1P 7.4v Bateria Lipo com conector DC 3.5mm \u00e9 especialmente concebida para \u00f3culos de protec\u00e7\u00e3o Fatshark","og_url":"https:\/\/iha-race.com\/pt-pt\/produto\/bateria-tattu-2s-2500-mah-10c-bateria-com-dc-conector-para-os-oculos-de-partilha-de-gordura\/","og_site_name":"Iha Race","article_modified_time":"2026-03-13T00:39:59+00:00","og_image":[{"width":800,"height":800,"url":"https:\/\/iha-race.com\/wp-content\/uploads\/2018\/07\/bateria-tattu-2s-2500-mah-10c-conector-dc-gafas-fatshark-1.jpg","type":"image\/jpeg"}],"twitter_card":"summary_large_image","twitter_misc":{"Tempo estimado de leitura":"1 minuto"},"schema":{"@context":"https:\/\/schema.org","@graph":[{"@type":"WebPage","@id":"https:\/\/iha-race.com\/pt-pt\/produto\/bateria-tattu-2s-2500-mah-10c-bateria-com-dc-conector-para-os-oculos-de-partilha-de-gordura\/","url":"https:\/\/iha-race.com\/pt-pt\/produto\/bateria-tattu-2s-2500-mah-10c-bateria-com-dc-conector-para-os-oculos-de-partilha-de-gordura\/","name":"Bateria Tattu 2S 2500 mAh 10C com conector DC para \u00f3culos Fatshark - Iha Race","isPartOf":{"@id":"https:\/\/iha-race.com\/pt-pt\/#website"},"primaryImageOfPage":{"@id":"https:\/\/iha-race.com\/pt-pt\/produto\/bateria-tattu-2s-2500-mah-10c-bateria-com-dc-conector-para-os-oculos-de-partilha-de-gordura\/#primaryimage"},"image":{"@id":"https:\/\/iha-race.com\/pt-pt\/produto\/bateria-tattu-2s-2500-mah-10c-bateria-com-dc-conector-para-os-oculos-de-partilha-de-gordura\/#primaryimage"},"thumbnailUrl":"https:\/\/iha-race.com\/wp-content\/uploads\/2018\/07\/bateria-tattu-2s-2500-mah-10c-conector-dc-gafas-fatshark-1.jpg","datePublished":"2018-07-13T13:15:17+00:00","dateModified":"2026-03-13T00:39:59+00:00","breadcrumb":{"@id":"https:\/\/iha-race.com\/pt-pt\/produto\/bateria-tattu-2s-2500-mah-10c-bateria-com-dc-conector-para-os-oculos-de-partilha-de-gordura\/#breadcrumb"},"inLanguage":"pt-PT","potentialAction":[{"@type":"ReadAction","target":["https:\/\/iha-race.com\/pt-pt\/produto\/bateria-tattu-2s-2500-mah-10c-bateria-com-dc-conector-para-os-oculos-de-partilha-de-gordura\/"]}]},{"@type":"ImageObject","inLanguage":"pt-PT","@id":"https:\/\/iha-race.com\/pt-pt\/produto\/bateria-tattu-2s-2500-mah-10c-bateria-com-dc-conector-para-os-oculos-de-partilha-de-gordura\/#primaryimage","url":"https:\/\/iha-race.com\/wp-content\/uploads\/2018\/07\/bateria-tattu-2s-2500-mah-10c-conector-dc-gafas-fatshark-1.jpg","contentUrl":"https:\/\/iha-race.com\/wp-content\/uploads\/2018\/07\/bateria-tattu-2s-2500-mah-10c-conector-dc-gafas-fatshark-1.jpg","width":800,"height":800,"caption":"tattu-2s-2500-mah-10c-battery-dc-connector-dc-glasses-fatshark"},{"@type":"BreadcrumbList","@id":"https:\/\/iha-race.com\/pt-pt\/produto\/bateria-tattu-2s-2500-mah-10c-bateria-com-dc-conector-para-os-oculos-de-partilha-de-gordura\/#breadcrumb","itemListElement":[{"@type":"ListItem","position":1,"name":"Portada","item":"https:\/\/iha-race.com\/pt-pt\/elementor-499\/"},{"@type":"ListItem","position":2,"name":"Shop","item":"https:\/\/iha-race.com\/pt-pt\/shop\/"},{"@type":"ListItem","position":3,"name":"Bateria Tattu 2S 2500 mAh 10C com conector DC para \u00f3culos Fatshark"}]},{"@type":"WebSite","@id":"https:\/\/iha-race.com\/pt-pt\/#website","url":"https:\/\/iha-race.com\/pt-pt\/","name":"Iha Race","description":"Comprar drones de carreras FPV env\u00edos en un d\u00eda desde Espa\u00f1a","publisher":{"@id":"https:\/\/iha-race.com\/pt-pt\/#organization"},"potentialAction":[{"@type":"SearchAction","target":{"@type":"EntryPoint","urlTemplate":"https:\/\/iha-race.com\/pt-pt\/?s={search_term_string}"},"query-input":{"@type":"PropertyValueSpecification","valueRequired":true,"valueName":"search_term_string"}}],"inLanguage":"pt-PT"},{"@type":"Organization","@id":"https:\/\/iha-race.com\/pt-pt\/#organization","name":"Iha Race","url":"https:\/\/iha-race.com\/pt-pt\/","logo":{"@type":"ImageObject","inLanguage":"pt-PT","@id":"https:\/\/iha-race.com\/pt-pt\/#\/schema\/logo\/image\/","url":"https:\/\/iha-race.com\/wp-content\/uploads\/2018\/07\/iha-race-drones-de-carreras-tienda-comprar-drones.png","contentUrl":"https:\/\/iha-race.com\/wp-content\/uploads\/2018\/07\/iha-race-drones-de-carreras-tienda-comprar-drones.png","width":300,"height":100,"caption":"Iha Race"},"image":{"@id":"https:\/\/iha-race.com\/pt-pt\/#\/schema\/logo\/image\/"}}]}},"jetpack_sharing_enabled":true,"brands":[],"_links":{"self":[{"href":"https:\/\/iha-race.com\/pt-pt\/wp-json\/wp\/v2\/product\/110760","targetHints":{"allow":["GET"]}}],"collection":[{"href":"https:\/\/iha-race.com\/pt-pt\/wp-json\/wp\/v2\/product"}],"about":[{"href":"https:\/\/iha-race.com\/pt-pt\/wp-json\/wp\/v2\/types\/product"}],"replies":[{"embeddable":true,"href":"https:\/\/iha-race.com\/pt-pt\/wp-json\/wp\/v2\/comments?post=110760"}],"version-history":[{"count":1,"href":"https:\/\/iha-race.com\/pt-pt\/wp-json\/wp\/v2\/product\/110760\/revisions"}],"predecessor-version":[{"id":117759,"href":"https:\/\/iha-race.com\/pt-pt\/wp-json\/wp\/v2\/product\/110760\/revisions\/117759"}],"wp:featuredmedia":[{"embeddable":true,"href":"https:\/\/iha-race.com\/pt-pt\/wp-json\/wp\/v2\/media\/94228"}],"wp:attachment":[{"href":"https:\/\/iha-race.com\/pt-pt\/wp-json\/wp\/v2\/media?parent=110760"}],"wp:term":[{"taxonomy":"pwb-brand","embeddable":true,"href":"https:\/\/iha-race.com\/pt-pt\/wp-json\/wp\/v2\/pwb-brand?post=110760"},{"taxonomy":"product_cat","embeddable":true,"href":"https:\/\/iha-race.com\/pt-pt\/wp-json\/wp\/v2\/product_cat?post=110760"},{"taxonomy":"product_tag","embeddable":true,"href":"https:\/\/iha-race.com\/pt-pt\/wp-json\/wp\/v2\/product_tag?post=110760"}],"curies":[{"name":"wp","href":"https:\/\/api.w.org\/{rel}","templated":true}]}}