{"id":110726,"date":"2020-02-04T09:04:27","date_gmt":"2020-02-04T08:04:27","guid":{"rendered":"https:\/\/iha-race.com\/formas-de-pagamento\/"},"modified":"2022-08-05T12:27:00","modified_gmt":"2022-08-05T10:27:00","slug":"formas-de-pagamento","status":"publish","type":"page","link":"https:\/\/iha-race.com\/pt-pt\/formas-de-pagamento\/","title":{"rendered":"Formas de pagamento"},"content":{"rendered":"\n<p>Ao fazer a encomenda, o cliente \u00e9 livre de escolher pagar as compras feitas no IHASL por:<\/p>\n\n<ul class=\"wp-block-list\"><li><strong>Cart\u00e3o de cr\u00e9dito<\/strong> (gratuito)<\/li><li><strong>Conta Paypal<\/strong>. (Custo adicional de 2,5% da compra)<\/li><li><strong>Transfer\u00eancia banc\u00e1ria<\/strong>. (Sem custos adicionais)<\/li><li><strong>Contra-reembolso.  <\/strong>Apenas Espanha e Portugal (custo m\u00ednimo de 3 euros e de 100 euros a 3% at\u00e9 um m\u00e1ximo de 55 euros) este custo \u00e9 aplicado pela empresa de gest\u00e3o da recolha e o IHASL n\u00e3o obt\u00e9m qualquer benef\u00edcio para ele.<\/li><li>Fracione o seu pagamento com a SeQuraFractionate o seu pagamento em 3, 6 ou 12 presta\u00e7\u00f5es mensais. Imediata, sem papel e com apenas um custo fixo por presta\u00e7\u00e3o.<strong>Como \u00e9 que funciona?<\/strong>Tamb\u00e9m pode pagar a sua encomenda na totalidade em qualquer altura, sem custos adicionais.<strong>Quanto custa este servi\u00e7o?<\/strong><em>O custo do servi\u00e7o \u00e9 de 3 euros a 27 euros por presta\u00e7\u00e3o, dependendo do montante da encomenda. N\u00e3o h\u00e1 juros e n\u00e3o h\u00e1 pagamentos adicionais.<\/em><a href=\"https:\/\/www.sequra.es\/preguntas-frecuentes.html\" target=\"_blank\" rel=\"noreferrer noopener\">Tenho mais perguntas<\/a><ol><li>Escolha as presta\u00e7\u00f5es de pagamento da SeQura quando fizer a sua encomenda e pague apenas a primeira presta\u00e7\u00e3o.<\/li><li>Receba a sua encomenda.<\/li><li>Todos os outros pagamentos ser\u00e3o automaticamente debitados no seu cart\u00e3o.<\/li><\/ol><\/li><li>Receber primeiro, pagar depois Como \u00e9 que<strong>funciona?<\/strong><strong>Sem custos adicionais.<\/strong><a href=\"https:\/\/www.sequra.es\/preguntas-frecuentes.html\" target=\"_blank\" rel=\"noreferrer noopener\">Tenho mais perguntas<\/a><ol><li>Escolha esta op\u00e7\u00e3o ao fazer a sua encomenda, n\u00e3o \u00e9 necess\u00e1rio nenhum cart\u00e3o.<\/li><li><strong>Levantem-no e verifiquem a vossa compra.<\/strong><\/li><li>Tem at\u00e9 7 dias ap\u00f3s o envio para pagar.<\/li><\/ol><\/li><\/ul>\n","protected":false},"excerpt":{"rendered":"<p>Ao fazer a encomenda, o cliente \u00e9 livre de escolher pagar as compras feitas no IHASL por: Cart\u00e3o de cr\u00e9dito (gratuito) Conta Paypal. (Custo adicional de 2,5% da compra) Transfer\u00eancia<\/p>\n","protected":false},"author":1,"featured_media":0,"parent":0,"menu_order":0,"comment_status":"closed","ping_status":"closed","template":"","meta":{"_joinchat":[],"footnotes":""},"class_list":["post-110726","page","type-page","status-publish","hentry"],"yoast_head":"<!-- This site is optimized with the Yoast SEO plugin v27.3 - https:\/\/yoast.com\/product\/yoast-seo-wordpress\/ -->\n<title>Formas de pagamento - Iha Race<\/title>\n<meta name=\"robots\" content=\"noindex, follow\" \/>\n<meta property=\"og:locale\" content=\"pt_PT\" \/>\n<meta property=\"og:type\" content=\"article\" \/>\n<meta property=\"og:title\" content=\"Formas de pagamento - Iha Race\" \/>\n<meta property=\"og:description\" content=\"Ao fazer a encomenda, o cliente \u00e9 livre de escolher pagar as compras feitas no IHASL por: Cart\u00e3o de cr\u00e9dito (gratuito) Conta Paypal. (Custo adicional de 2,5% da compra) Transfer\u00eancia\" \/>\n<meta property=\"og:url\" content=\"https:\/\/iha-race.com\/pt-pt\/formas-de-pagamento\/\" \/>\n<meta property=\"og:site_name\" content=\"Iha Race\" \/>\n<meta property=\"article:modified_time\" content=\"2022-08-05T10:27:00+00:00\" \/>\n<meta name=\"twitter:card\" content=\"summary_large_image\" \/>\n<meta name=\"twitter:label1\" content=\"Tempo estimado de leitura\" \/>\n\t<meta name=\"twitter:data1\" content=\"1 minuto\" \/>\n<script type=\"application\/ld+json\" class=\"yoast-schema-graph\">{\"@context\":\"https:\\\/\\\/schema.org\",\"@graph\":[{\"@type\":\"WebPage\",\"@id\":\"https:\\\/\\\/iha-race.com\\\/pt-pt\\\/formas-de-pagamento\\\/\",\"url\":\"https:\\\/\\\/iha-race.com\\\/pt-pt\\\/formas-de-pagamento\\\/\",\"name\":\"Formas de pagamento - Iha Race\",\"isPartOf\":{\"@id\":\"https:\\\/\\\/iha-race.com\\\/pt-pt\\\/#website\"},\"datePublished\":\"2020-02-04T08:04:27+00:00\",\"dateModified\":\"2022-08-05T10:27:00+00:00\",\"breadcrumb\":{\"@id\":\"https:\\\/\\\/iha-race.com\\\/pt-pt\\\/formas-de-pagamento\\\/#breadcrumb\"},\"inLanguage\":\"pt-PT\",\"potentialAction\":[{\"@type\":\"ReadAction\",\"target\":[\"https:\\\/\\\/iha-race.com\\\/pt-pt\\\/formas-de-pagamento\\\/\"]}]},{\"@type\":\"BreadcrumbList\",\"@id\":\"https:\\\/\\\/iha-race.com\\\/pt-pt\\\/formas-de-pagamento\\\/#breadcrumb\",\"itemListElement\":[{\"@type\":\"ListItem\",\"position\":1,\"name\":\"Portada\",\"item\":\"https:\\\/\\\/iha-race.com\\\/pt-pt\\\/elementor-499\\\/\"},{\"@type\":\"ListItem\",\"position\":2,\"name\":\"Formas de pagamento\"}]},{\"@type\":\"WebSite\",\"@id\":\"https:\\\/\\\/iha-race.com\\\/pt-pt\\\/#website\",\"url\":\"https:\\\/\\\/iha-race.com\\\/pt-pt\\\/\",\"name\":\"Iha Race\",\"description\":\"Comprar drones de carreras FPV env\u00edos en un d\u00eda desde Espa\u00f1a\",\"publisher\":{\"@id\":\"https:\\\/\\\/iha-race.com\\\/pt-pt\\\/#organization\"},\"potentialAction\":[{\"@type\":\"SearchAction\",\"target\":{\"@type\":\"EntryPoint\",\"urlTemplate\":\"https:\\\/\\\/iha-race.com\\\/pt-pt\\\/?s={search_term_string}\"},\"query-input\":{\"@type\":\"PropertyValueSpecification\",\"valueRequired\":true,\"valueName\":\"search_term_string\"}}],\"inLanguage\":\"pt-PT\"},{\"@type\":\"Organization\",\"@id\":\"https:\\\/\\\/iha-race.com\\\/pt-pt\\\/#organization\",\"name\":\"Iha Race\",\"url\":\"https:\\\/\\\/iha-race.com\\\/pt-pt\\\/\",\"logo\":{\"@type\":\"ImageObject\",\"inLanguage\":\"pt-PT\",\"@id\":\"https:\\\/\\\/iha-race.com\\\/pt-pt\\\/#\\\/schema\\\/logo\\\/image\\\/\",\"url\":\"https:\\\/\\\/iha-race.com\\\/wp-content\\\/uploads\\\/2018\\\/07\\\/iha-race-drones-de-carreras-tienda-comprar-drones.png\",\"contentUrl\":\"https:\\\/\\\/iha-race.com\\\/wp-content\\\/uploads\\\/2018\\\/07\\\/iha-race-drones-de-carreras-tienda-comprar-drones.png\",\"width\":300,\"height\":100,\"caption\":\"Iha Race\"},\"image\":{\"@id\":\"https:\\\/\\\/iha-race.com\\\/pt-pt\\\/#\\\/schema\\\/logo\\\/image\\\/\"}}]}<\/script>\n<!-- \/ Yoast SEO plugin. -->","yoast_head_json":{"title":"Formas de pagamento - Iha Race","robots":{"index":"noindex","follow":"follow"},"og_locale":"pt_PT","og_type":"article","og_title":"Formas de pagamento - Iha Race","og_description":"Ao fazer a encomenda, o cliente \u00e9 livre de escolher pagar as compras feitas no IHASL por: Cart\u00e3o de cr\u00e9dito (gratuito) Conta Paypal. (Custo adicional de 2,5% da compra) Transfer\u00eancia","og_url":"https:\/\/iha-race.com\/pt-pt\/formas-de-pagamento\/","og_site_name":"Iha Race","article_modified_time":"2022-08-05T10:27:00+00:00","twitter_card":"summary_large_image","twitter_misc":{"Tempo estimado de leitura":"1 minuto"},"schema":{"@context":"https:\/\/schema.org","@graph":[{"@type":"WebPage","@id":"https:\/\/iha-race.com\/pt-pt\/formas-de-pagamento\/","url":"https:\/\/iha-race.com\/pt-pt\/formas-de-pagamento\/","name":"Formas de pagamento - Iha Race","isPartOf":{"@id":"https:\/\/iha-race.com\/pt-pt\/#website"},"datePublished":"2020-02-04T08:04:27+00:00","dateModified":"2022-08-05T10:27:00+00:00","breadcrumb":{"@id":"https:\/\/iha-race.com\/pt-pt\/formas-de-pagamento\/#breadcrumb"},"inLanguage":"pt-PT","potentialAction":[{"@type":"ReadAction","target":["https:\/\/iha-race.com\/pt-pt\/formas-de-pagamento\/"]}]},{"@type":"BreadcrumbList","@id":"https:\/\/iha-race.com\/pt-pt\/formas-de-pagamento\/#breadcrumb","itemListElement":[{"@type":"ListItem","position":1,"name":"Portada","item":"https:\/\/iha-race.com\/pt-pt\/elementor-499\/"},{"@type":"ListItem","position":2,"name":"Formas de pagamento"}]},{"@type":"WebSite","@id":"https:\/\/iha-race.com\/pt-pt\/#website","url":"https:\/\/iha-race.com\/pt-pt\/","name":"Iha Race","description":"Comprar drones de carreras FPV env\u00edos en un d\u00eda desde Espa\u00f1a","publisher":{"@id":"https:\/\/iha-race.com\/pt-pt\/#organization"},"potentialAction":[{"@type":"SearchAction","target":{"@type":"EntryPoint","urlTemplate":"https:\/\/iha-race.com\/pt-pt\/?s={search_term_string}"},"query-input":{"@type":"PropertyValueSpecification","valueRequired":true,"valueName":"search_term_string"}}],"inLanguage":"pt-PT"},{"@type":"Organization","@id":"https:\/\/iha-race.com\/pt-pt\/#organization","name":"Iha Race","url":"https:\/\/iha-race.com\/pt-pt\/","logo":{"@type":"ImageObject","inLanguage":"pt-PT","@id":"https:\/\/iha-race.com\/pt-pt\/#\/schema\/logo\/image\/","url":"https:\/\/iha-race.com\/wp-content\/uploads\/2018\/07\/iha-race-drones-de-carreras-tienda-comprar-drones.png","contentUrl":"https:\/\/iha-race.com\/wp-content\/uploads\/2018\/07\/iha-race-drones-de-carreras-tienda-comprar-drones.png","width":300,"height":100,"caption":"Iha Race"},"image":{"@id":"https:\/\/iha-race.com\/pt-pt\/#\/schema\/logo\/image\/"}}]}},"_links":{"self":[{"href":"https:\/\/iha-race.com\/pt-pt\/wp-json\/wp\/v2\/pages\/110726","targetHints":{"allow":["GET"]}}],"collection":[{"href":"https:\/\/iha-race.com\/pt-pt\/wp-json\/wp\/v2\/pages"}],"about":[{"href":"https:\/\/iha-race.com\/pt-pt\/wp-json\/wp\/v2\/types\/page"}],"author":[{"embeddable":true,"href":"https:\/\/iha-race.com\/pt-pt\/wp-json\/wp\/v2\/users\/1"}],"replies":[{"embeddable":true,"href":"https:\/\/iha-race.com\/pt-pt\/wp-json\/wp\/v2\/comments?post=110726"}],"version-history":[{"count":1,"href":"https:\/\/iha-race.com\/pt-pt\/wp-json\/wp\/v2\/pages\/110726\/revisions"}],"predecessor-version":[{"id":110728,"href":"https:\/\/iha-race.com\/pt-pt\/wp-json\/wp\/v2\/pages\/110726\/revisions\/110728"}],"wp:attachment":[{"href":"https:\/\/iha-race.com\/pt-pt\/wp-json\/wp\/v2\/media?parent=110726"}],"curies":[{"name":"wp","href":"https:\/\/api.w.org\/{rel}","templated":true}]}}