{"id":110724,"date":"2020-01-31T17:25:08","date_gmt":"2020-01-31T16:25:08","guid":{"rendered":"https:\/\/iha-race.com\/reembolsos-e-devolucoes\/"},"modified":"2022-08-05T12:27:00","modified_gmt":"2022-08-05T10:27:00","slug":"reembolsos-e-devolucoes","status":"publish","type":"page","link":"https:\/\/iha-race.com\/pt-pt\/reembolsos-e-devolucoes\/","title":{"rendered":"Reembolsos e devolu\u00e7\u00f5es"},"content":{"rendered":"\n<h2 class=\"wp-block-heading\">Devolu\u00e7\u00e3o de mercadorias:<\/h2>\n\n<p>A nossa pol\u00edtica, em conformidade com os regulamentos em vigor, \u00e9 conceder-lhe o direito de devolver qualquer artigo adquirido \u00e0 IHA, SL no prazo de 15<strong> dias<\/strong> a partir da data da sua recep\u00e7\u00e3o. N\u00e3o ter\u00e1 de fornecer qualquer explica\u00e7\u00e3o, qualquer artigo, adquirido na IHA, SL, devolvido na sua embalagem original, selado e em perfeito estado ser\u00e1 aceite sem mais delongas.<\/p>\n\n<p>Num prazo m\u00e1ximo de 10 <strong>dias<\/strong> a contar da recep\u00e7\u00e3o da devolu\u00e7\u00e3o, a IHA, SL compromete-se a reembols\u00e1-lo.<\/p>\n\n<p><strong>Antes de devolver a mercadoria<\/strong>, ter\u00e1 de <strong>informar o IHASL<\/strong><\/p>\n\n<p>Se o motivo da devolu\u00e7\u00e3o for que o artigo devolvido n\u00e3o corresponde ao que foi pedido na encomenda, o IHASL suportar\u00e1 os custos da devolu\u00e7\u00e3o e da reexpedi\u00e7\u00e3o. De acordo com o artigo 107.1 LGDCU, se o motivo da devolu\u00e7\u00e3o for que a encomenda n\u00e3o o satisfaz, reembolsaremos o montante da mercadoria sem custos de envio.<strong>. O custo da entrega de devolu\u00e7\u00e3o \u00e9 suportado pelo consumidor.<\/strong>.<\/p>\n\n<h2 class=\"wp-block-heading\">Cancelamento da encomenda:<\/h2>\n\n<p>Se o cancelamento da encomenda chegar antes da expedi\u00e7\u00e3o da mercadoria, o cliente n\u00e3o incorrer\u00e1 em quaisquer custos.<\/p>\n\n<p><strong>Garantias dos produtos:<\/strong><\/p>\n\n<p>A IHA, SL garante os produtos vendidos sob a sua marca IHA-Race contra defeitos de fabrico durante um per\u00edodo de 2 anos a partir da data de compra, as restantes marcas assumem esta mesma garantia mas geridas pelo seu servi\u00e7o t\u00e9cnico, caso alguma delas n\u00e3o a assuma, a IHA, SL encarregar-se-\u00e1 da mesma. Ap\u00f3s seis meses a partir da data da compra, ser\u00e1 necess\u00e1rio que o consumidor prove que o defeito de conformidade existia desde o momento da compra.<\/p>\n\n<p>Os custos gerados por motivos de garantia, ser\u00e3o suportados pela IHA, SL, embora o cliente devolva o produto da forma que mais lhe interessa, uma vez que o servi\u00e7o t\u00e9cnico da IHA, SL admita que o produto est\u00e1 em conformidade com a garantia IHA, SL tratar\u00e1 dos custos incorridos.<\/p>\n\n<p>O Cliente deve ter em conta, ao comunicar um produto defeituoso, que para o correcto funcionamento dos produtos \u00e9 indispens\u00e1vel conhec\u00ea-los perfeitamente e t\u00ea-los montado correctamente, tudo de acordo com as suas instru\u00e7\u00f5es. Se tiver alguma quest\u00e3o, por favor contacte a IHA, SL.<\/p>\n\n<p><strong>Em particular, deve notar-se que quaisquer pancadas ou choques recebidos pelo produto como resultado da sua utiliza\u00e7\u00e3o pretendida podem causar problemas internos resultando no mau funcionamento do produto.<\/strong><\/p>\n\n<p>O Cliente deve verificar, antes de proceder \u00e0 montagem, se as diferentes pe\u00e7as que comp\u00f5em o produto est\u00e3o em perfeito estado e, se n\u00e3o for esse o caso, contactar a IHA, SL o mais rapidamente poss\u00edvel para proceder \u00e0 resolu\u00e7\u00e3o do problema.<\/p>\n\n<p><strong>A garantia n\u00e3o cobre:<\/strong><\/p>\n\n<ul class=\"wp-block-list\"><li><strong>Danos causados por mau uso ou acidente, bem como desgaste normal.<\/strong><\/li><li><strong>Defeitos relacionados com a vontade de exceder as limita\u00e7\u00f5es dadas pelas especifica\u00e7\u00f5es do produto.<\/strong><\/li><li><strong>M\u00e1 soldadura e\/ou soldadura incorrecta, em placas electr\u00f3nicas e\/ou circuitos integrados e\/ou qualquer outro componente que necessite de ser soldado <\/strong>(recomenda-se a utiliza\u00e7\u00e3o de <a href=\"https:\/\/iha-race.com\/producto\/pinzas-de-cocodrilo-para-electronica-5piezas\/\" target=\"_blank\" rel=\"noreferrer noopener\">fios de clipes de jacar\u00e9<\/a> para verificar o sistema antes da montagem final e definitiva).<\/li><\/ul>\n\n<p>Procedimento para a repara\u00e7\u00e3o ou substitui\u00e7\u00e3o de um produto sob garantia:<\/p>\n\n<ul class=\"wp-block-list\"><li>Em rela\u00e7\u00e3o a incidentes devidos a danos causados pelo transporte: o Cliente deve verificar o estado da embalagem recebida e, se for detectada qualquer anomalia na mesma, indic\u00e1-lo na nota de entrega fornecida pela ag\u00eancia de transporte ou esta\u00e7\u00e3o dos correios antes de a assinar. Esta etapa \u00e9 essencial para poder fazer uma reclama\u00e7\u00e3o de seguro em caso de danos de transporte. Se tal n\u00e3o acontecer, o Cliente renunciar\u00e1 a todas as reclama\u00e7\u00f5es a este respeito. O Cliente dever\u00e1 informar a IHA, SL de qualquer contratempo deste tipo, a fim de tomar as medidas adequadas junto da ag\u00eancia de transporte, bem como proceder \u00e0 substitui\u00e7\u00e3o do produto danificado ou das pe\u00e7as individuais envolvidas, quando tal for poss\u00edvel.<\/li><li>Se, ao receber a encomenda, o Cliente verificar que o que recebeu n\u00e3o corresponde ao que comprou, ou se faltar algum produto ou pe\u00e7a, deve informar-nos o mais rapidamente poss\u00edvel, e sempre no prazo de 2 dias \u00fateis, juntamente com o n\u00famero da encomenda. A IHA, SL proceder\u00e1 \u00e0 resolu\u00e7\u00e3o do problema sem custos para o cliente.<\/li><li>Se ao receber a encomenda o Cliente verificar que qualquer produto n\u00e3o funciona, ap\u00f3s ter verificado que sabe como funciona, montagem, ajustes, etc., deve notificar a IHA, SL no prazo de 14 dias. O IHASL aceitar\u00e1 o produto de volta. Uma vez realizados os controlos pertinentes, a IHA, SL substitu\u00ed-lo-\u00e1 por um novo, ou proceder\u00e1 ao reembolso do montante, incluindo os custos de envio, no caso de o mesmo produto n\u00e3o estar dispon\u00edvel.<\/li><li>Se, ap\u00f3s 14 dias, surgir uma falha relacionada com um defeito de fabrico, o Cliente deve contactar a IHA, SL para obter instru\u00e7\u00f5es sobre como proceder. Neste caso, os custos de transporte devem ser suportados pelo cliente.<\/li><\/ul>\n\n<p>Em qualquer dos casos acima referidos, se ap\u00f3s as verifica\u00e7\u00f5es correspondentes se verificar que o produto n\u00e3o cont\u00e9m defeitos cobertos pelos casos descritos, o produto ser\u00e1 devolvido ao cliente, que suportar\u00e1 o custo da devolu\u00e7\u00e3o do produto mais os custos incorridos pelo servi\u00e7o t\u00e9cnico.<\/p>\n\n<p><strong>Exclus\u00f5es da garantia.<\/strong><\/p>\n\n<p>As baterias LiPo s\u00f3 s\u00e3o garantidas para o primeiro dia de utiliza\u00e7\u00e3o a partir da data de recep\u00e7\u00e3o do produto, uma vez que \u00e9 um produto que, devido \u00e0 sua arquitectura e tipo de utiliza\u00e7\u00e3o, pode ser danificado a qualquer momento. IHA, SL n\u00e3o \u00e9 respons\u00e1vel por danos causados pela utiliza\u00e7\u00e3o de baterias LiPo adquiridas ao IHASL.<\/p>\n\n<p>Recomenda\u00e7\u00f5es para a utiliza\u00e7\u00e3o de baterias LiPo:<\/p>\n\n<ul class=\"wp-block-list\"><li>As baterias nunca devem ser descarregadas abaixo de 3 volts por c\u00e9lula, uma vez que isso as tornar\u00e1 inutiliz\u00e1veis.<\/li><li>Armazenar e carregar em contentores resistentes ao fogo.<\/li><li>Utilizar sempre carregadores espec\u00edficos para baterias LiPo com fun\u00e7\u00e3o de equil\u00edbrio autom\u00e1tico.<\/li><li>N\u00e3o reutilizar baterias se estas tiverem recebido um choque e coloc\u00e1-las num recipiente \u00e0 prova de fogo, pois podem rebentar em chamas.<\/li><li>Nunca deixar baterias a carregar sem a presen\u00e7a de uma pessoa.<\/li><\/ul>\n\n<h2 class=\"wp-block-heading\"><strong>Transporte mar\u00edtimo:<\/strong><\/h2>\n\n<ol class=\"wp-block-list\"><li>Os produtos comprados ser\u00e3o entregues \u00e0 pessoa e endere\u00e7o indicados na encomenda.<\/li><li>Por defeito, as facturas ser\u00e3o enviadas para o endere\u00e7o de correio electr\u00f3nico indicado pelo cliente aquando do registo no IHASL.<\/li><li>Aos s\u00e1bados, domingos e feriados n\u00e3o haver\u00e1 entregas ou entregas.<\/li><li>No entanto, o atraso n\u00e3o implica o cancelamento da encomenda ou indemniza\u00e7\u00e3o.<\/li><li>Uma encomenda \u00e9 considerada entregue quando o transportador entrega a(s) encomenda(s) ao cliente e o cliente assina o documento de recibo de entrega. \u00c9 da responsabilidade do cliente verificar o estado da mercadoria no momento da recep\u00e7\u00e3o e indicar quaisquer anomalias na nota de entrega.<\/li><li>Para entregas fora de Espanha, por favor contacte-nos.<\/li><\/ol>\n\n<p><strong>Por favor n\u00e3o hesite em contactar-nos se tiver alguma d\u00favida.<\/strong><\/p>\n\n<p><strong>Aeronaves Industriais &amp; Hobby Aircraft, S.L.<\/strong><\/p>\n","protected":false},"excerpt":{"rendered":"<p>Devolu\u00e7\u00e3o de mercadorias: A nossa pol\u00edtica, em conformidade com os regulamentos em vigor, \u00e9 conceder-lhe o direito de devolver qualquer artigo adquirido \u00e0 IHA, SL no prazo de 15 dias<\/p>\n","protected":false},"author":1,"featured_media":0,"parent":0,"menu_order":0,"comment_status":"closed","ping_status":"closed","template":"","meta":{"_joinchat":[],"footnotes":""},"class_list":["post-110724","page","type-page","status-publish","hentry"],"yoast_head":"<!-- This site is optimized with the Yoast SEO plugin v27.3 - https:\/\/yoast.com\/product\/yoast-seo-wordpress\/ -->\n<title>Reembolsos e devolu\u00e7\u00f5es - Iha Race<\/title>\n<meta name=\"robots\" content=\"noindex, follow\" \/>\n<meta property=\"og:locale\" content=\"pt_PT\" \/>\n<meta property=\"og:type\" content=\"article\" \/>\n<meta property=\"og:title\" content=\"Reembolsos e devolu\u00e7\u00f5es - Iha Race\" \/>\n<meta property=\"og:description\" content=\"Devolu\u00e7\u00e3o de mercadorias: A nossa pol\u00edtica, em conformidade com os regulamentos em vigor, \u00e9 conceder-lhe o direito de devolver qualquer artigo adquirido \u00e0 IHA, SL no prazo de 15 dias\" \/>\n<meta property=\"og:url\" content=\"https:\/\/iha-race.com\/pt-pt\/reembolsos-e-devolucoes\/\" \/>\n<meta property=\"og:site_name\" content=\"Iha Race\" \/>\n<meta property=\"article:modified_time\" content=\"2022-08-05T10:27:00+00:00\" \/>\n<meta name=\"twitter:card\" content=\"summary_large_image\" \/>\n<meta name=\"twitter:label1\" content=\"Tempo estimado de leitura\" \/>\n\t<meta name=\"twitter:data1\" content=\"6 minutos\" \/>\n<script type=\"application\/ld+json\" class=\"yoast-schema-graph\">{\"@context\":\"https:\\\/\\\/schema.org\",\"@graph\":[{\"@type\":\"WebPage\",\"@id\":\"https:\\\/\\\/iha-race.com\\\/pt-pt\\\/reembolsos-e-devolucoes\\\/\",\"url\":\"https:\\\/\\\/iha-race.com\\\/pt-pt\\\/reembolsos-e-devolucoes\\\/\",\"name\":\"Reembolsos e devolu\u00e7\u00f5es - Iha Race\",\"isPartOf\":{\"@id\":\"https:\\\/\\\/iha-race.com\\\/pt-pt\\\/#website\"},\"datePublished\":\"2020-01-31T16:25:08+00:00\",\"dateModified\":\"2022-08-05T10:27:00+00:00\",\"breadcrumb\":{\"@id\":\"https:\\\/\\\/iha-race.com\\\/pt-pt\\\/reembolsos-e-devolucoes\\\/#breadcrumb\"},\"inLanguage\":\"pt-PT\",\"potentialAction\":[{\"@type\":\"ReadAction\",\"target\":[\"https:\\\/\\\/iha-race.com\\\/pt-pt\\\/reembolsos-e-devolucoes\\\/\"]}]},{\"@type\":\"BreadcrumbList\",\"@id\":\"https:\\\/\\\/iha-race.com\\\/pt-pt\\\/reembolsos-e-devolucoes\\\/#breadcrumb\",\"itemListElement\":[{\"@type\":\"ListItem\",\"position\":1,\"name\":\"Portada\",\"item\":\"https:\\\/\\\/iha-race.com\\\/pt-pt\\\/elementor-499\\\/\"},{\"@type\":\"ListItem\",\"position\":2,\"name\":\"Reembolsos e devolu\u00e7\u00f5es\"}]},{\"@type\":\"WebSite\",\"@id\":\"https:\\\/\\\/iha-race.com\\\/pt-pt\\\/#website\",\"url\":\"https:\\\/\\\/iha-race.com\\\/pt-pt\\\/\",\"name\":\"Iha Race\",\"description\":\"Comprar drones de carreras FPV env\u00edos en un d\u00eda desde Espa\u00f1a\",\"publisher\":{\"@id\":\"https:\\\/\\\/iha-race.com\\\/pt-pt\\\/#organization\"},\"potentialAction\":[{\"@type\":\"SearchAction\",\"target\":{\"@type\":\"EntryPoint\",\"urlTemplate\":\"https:\\\/\\\/iha-race.com\\\/pt-pt\\\/?s={search_term_string}\"},\"query-input\":{\"@type\":\"PropertyValueSpecification\",\"valueRequired\":true,\"valueName\":\"search_term_string\"}}],\"inLanguage\":\"pt-PT\"},{\"@type\":\"Organization\",\"@id\":\"https:\\\/\\\/iha-race.com\\\/pt-pt\\\/#organization\",\"name\":\"Iha Race\",\"url\":\"https:\\\/\\\/iha-race.com\\\/pt-pt\\\/\",\"logo\":{\"@type\":\"ImageObject\",\"inLanguage\":\"pt-PT\",\"@id\":\"https:\\\/\\\/iha-race.com\\\/pt-pt\\\/#\\\/schema\\\/logo\\\/image\\\/\",\"url\":\"https:\\\/\\\/iha-race.com\\\/wp-content\\\/uploads\\\/2018\\\/07\\\/iha-race-drones-de-carreras-tienda-comprar-drones.png\",\"contentUrl\":\"https:\\\/\\\/iha-race.com\\\/wp-content\\\/uploads\\\/2018\\\/07\\\/iha-race-drones-de-carreras-tienda-comprar-drones.png\",\"width\":300,\"height\":100,\"caption\":\"Iha Race\"},\"image\":{\"@id\":\"https:\\\/\\\/iha-race.com\\\/pt-pt\\\/#\\\/schema\\\/logo\\\/image\\\/\"}}]}<\/script>\n<!-- \/ Yoast SEO plugin. -->","yoast_head_json":{"title":"Reembolsos e devolu\u00e7\u00f5es - Iha Race","robots":{"index":"noindex","follow":"follow"},"og_locale":"pt_PT","og_type":"article","og_title":"Reembolsos e devolu\u00e7\u00f5es - Iha Race","og_description":"Devolu\u00e7\u00e3o de mercadorias: A nossa pol\u00edtica, em conformidade com os regulamentos em vigor, \u00e9 conceder-lhe o direito de devolver qualquer artigo adquirido \u00e0 IHA, SL no prazo de 15 dias","og_url":"https:\/\/iha-race.com\/pt-pt\/reembolsos-e-devolucoes\/","og_site_name":"Iha Race","article_modified_time":"2022-08-05T10:27:00+00:00","twitter_card":"summary_large_image","twitter_misc":{"Tempo estimado de leitura":"6 minutos"},"schema":{"@context":"https:\/\/schema.org","@graph":[{"@type":"WebPage","@id":"https:\/\/iha-race.com\/pt-pt\/reembolsos-e-devolucoes\/","url":"https:\/\/iha-race.com\/pt-pt\/reembolsos-e-devolucoes\/","name":"Reembolsos e devolu\u00e7\u00f5es - Iha Race","isPartOf":{"@id":"https:\/\/iha-race.com\/pt-pt\/#website"},"datePublished":"2020-01-31T16:25:08+00:00","dateModified":"2022-08-05T10:27:00+00:00","breadcrumb":{"@id":"https:\/\/iha-race.com\/pt-pt\/reembolsos-e-devolucoes\/#breadcrumb"},"inLanguage":"pt-PT","potentialAction":[{"@type":"ReadAction","target":["https:\/\/iha-race.com\/pt-pt\/reembolsos-e-devolucoes\/"]}]},{"@type":"BreadcrumbList","@id":"https:\/\/iha-race.com\/pt-pt\/reembolsos-e-devolucoes\/#breadcrumb","itemListElement":[{"@type":"ListItem","position":1,"name":"Portada","item":"https:\/\/iha-race.com\/pt-pt\/elementor-499\/"},{"@type":"ListItem","position":2,"name":"Reembolsos e devolu\u00e7\u00f5es"}]},{"@type":"WebSite","@id":"https:\/\/iha-race.com\/pt-pt\/#website","url":"https:\/\/iha-race.com\/pt-pt\/","name":"Iha Race","description":"Comprar drones de carreras FPV env\u00edos en un d\u00eda desde Espa\u00f1a","publisher":{"@id":"https:\/\/iha-race.com\/pt-pt\/#organization"},"potentialAction":[{"@type":"SearchAction","target":{"@type":"EntryPoint","urlTemplate":"https:\/\/iha-race.com\/pt-pt\/?s={search_term_string}"},"query-input":{"@type":"PropertyValueSpecification","valueRequired":true,"valueName":"search_term_string"}}],"inLanguage":"pt-PT"},{"@type":"Organization","@id":"https:\/\/iha-race.com\/pt-pt\/#organization","name":"Iha Race","url":"https:\/\/iha-race.com\/pt-pt\/","logo":{"@type":"ImageObject","inLanguage":"pt-PT","@id":"https:\/\/iha-race.com\/pt-pt\/#\/schema\/logo\/image\/","url":"https:\/\/iha-race.com\/wp-content\/uploads\/2018\/07\/iha-race-drones-de-carreras-tienda-comprar-drones.png","contentUrl":"https:\/\/iha-race.com\/wp-content\/uploads\/2018\/07\/iha-race-drones-de-carreras-tienda-comprar-drones.png","width":300,"height":100,"caption":"Iha Race"},"image":{"@id":"https:\/\/iha-race.com\/pt-pt\/#\/schema\/logo\/image\/"}}]}},"_links":{"self":[{"href":"https:\/\/iha-race.com\/pt-pt\/wp-json\/wp\/v2\/pages\/110724","targetHints":{"allow":["GET"]}}],"collection":[{"href":"https:\/\/iha-race.com\/pt-pt\/wp-json\/wp\/v2\/pages"}],"about":[{"href":"https:\/\/iha-race.com\/pt-pt\/wp-json\/wp\/v2\/types\/page"}],"author":[{"embeddable":true,"href":"https:\/\/iha-race.com\/pt-pt\/wp-json\/wp\/v2\/users\/1"}],"replies":[{"embeddable":true,"href":"https:\/\/iha-race.com\/pt-pt\/wp-json\/wp\/v2\/comments?post=110724"}],"version-history":[{"count":1,"href":"https:\/\/iha-race.com\/pt-pt\/wp-json\/wp\/v2\/pages\/110724\/revisions"}],"predecessor-version":[{"id":110729,"href":"https:\/\/iha-race.com\/pt-pt\/wp-json\/wp\/v2\/pages\/110724\/revisions\/110729"}],"wp:attachment":[{"href":"https:\/\/iha-race.com\/pt-pt\/wp-json\/wp\/v2\/media?parent=110724"}],"curies":[{"name":"wp","href":"https:\/\/api.w.org\/{rel}","templated":true}]}}