{"id":110707,"date":"2018-07-16T10:20:48","date_gmt":"2018-07-16T08:20:48","guid":{"rendered":"https:\/\/iha-race.com\/aviso-legal-e-politica-de-privacidade\/"},"modified":"2018-07-16T10:20:48","modified_gmt":"2018-07-16T08:20:48","slug":"aviso-legal-e-politica-de-privacidade","status":"publish","type":"page","link":"https:\/\/iha-race.com\/pt-pt\/aviso-legal-e-politica-de-privacidade\/","title":{"rendered":"Aviso Legal e Pol\u00edtica de Privacidade"},"content":{"rendered":"<p style=\"text-align: justify;\">1. <strong>DADOS IDENTIFICATIVOS:<\/strong> Em cumprimento do dever de informa\u00e7\u00e3o previsto no artigo 10\u00ba da Lei 34\/2002, de 11 de Julho, sobre Servi\u00e7os da Sociedade da Informa\u00e7\u00e3o, e do registo comercial de M\u00farcia, <strong>p\u00e1gina MU-89921, Volume 3179, Folio 20 <\/strong>. Os seguintes dados s\u00e3o reflectidos abaixo:<\/p>\n<ul>\n<li><b>Identidade do Respons\u00e1vel:<\/b> Salvador Rivera<\/li>\n<li><b>Nome comercial:<\/b> Industrial &amp; Hobby Aircraft, S.L.<\/li>\n<li><b>NIF\/CIF:<\/b> B73924789<\/li>\n<li><strong>N\u00famero de telefone de contacto:<\/strong> +34 676 757 149<\/li>\n<li><strong>Hor\u00e1rio de atendimento ao cliente:<\/strong> 9:00 \u00e0s 19:00 horas M-F<\/li>\n<li><b>Endere\u00e7o:<\/b> Camino de Guadalupe, 44, 30.107 Guadalupe (Murcia)<\/li>\n<li><b>E-mail:<\/b> info@iha-race.com<\/li>\n<li><b>Actividade: Ecommerce <\/b><\/li>\n<\/ul>\n<p style=\"text-align: justify;\">2.<strong> USU\u00c1RIOS:<\/strong> O acesso e\/ou utiliza\u00e7\u00e3o deste portal da Industrial &amp; Hobby Aircraft, S.L. criadora do website atribui a condi\u00e7\u00e3o de USU\u00c1RIO, que aceita, a partir desse acesso e\/ou utiliza\u00e7\u00e3o, as Condi\u00e7\u00f5es Gerais de Utiliza\u00e7\u00e3o aqui reflectidas. Os Termos e Condi\u00e7\u00f5es acima mencionados aplicar-se-\u00e3o independentemente dos Termos e Condi\u00e7\u00f5es Gerais de Neg\u00f3cios que possam ser obrigat\u00f3rios.<\/p>\n<p style=\"text-align: justify;\">3. <strong>UTILIZA\u00c7\u00c3O DO PORTAL:<\/strong> indicar dom\u00ednio d\u00e1 acesso a uma multiplicidade de informa\u00e7\u00f5es, servi\u00e7os, programas ou dados (doravante &#8220;conte\u00fado&#8221;) na Internet pertencentes \u00e0 Industrial &amp; Hobby Aircraft, S.L. criadora do website ou aos seus licenciadores a que o USU\u00c1RIO pode ter acesso. O USU\u00c1RIO assume a responsabilidade pela utiliza\u00e7\u00e3o do portal. Esta responsabilidade estende-se a qualquer registo que possa ser necess\u00e1rio para aceder a determinados servi\u00e7os ou conte\u00fados. O USU\u00c1RIO ser\u00e1 respons\u00e1vel por fornecer informa\u00e7\u00f5es verdadeiras e l\u00edcitas aquando do registo. Como consequ\u00eancia deste registo, o USU\u00c1RIO poder\u00e1 receber uma palavra-passe pela qual ser\u00e1 respons\u00e1vel, comprometendo-se a utiliz\u00e1-la de forma diligente e confidencial. O USU\u00c1RIO compromete-se a fazer um uso adequado dos conte\u00fados e servi\u00e7os (tais como servi\u00e7os de chat, f\u00f3runs de discuss\u00e3o ou grupos de not\u00edcias) que a Industrial &amp; Hobby Aircraft, S.L., criadora do website, oferece atrav\u00e9s do seu portal e, a t\u00edtulo de exemplo mas n\u00e3o limitado a, n\u00e3o os utilizar para (i) Envolver-se em actividades ilegais, ilegais ou contr\u00e1rias \u00e0 boa f\u00e9 e \u00e0 ordem p\u00fablica; (ii) divulgar conte\u00fados ou propaganda de natureza racista, xen\u00f3foba, pornogr\u00e1fico-illegal, antiterrorista ou de direitos humanos; (iii) causar danos aos sistemas f\u00edsicos e l\u00f3gicos da Industrial &amp; Hobby Aircraft, S.L., criadora do website, seus fornecedores ou terceiros, introduzir ou disseminar v\u00edrus inform\u00e1ticos ou quaisquer outros sistemas f\u00edsicos ou l\u00f3gicos que possam causar os danos acima mencionados; (iv) tentar aceder e, quando apropriado, utilizar as contas de correio electr\u00f3nico de outros utilizadores e modificar ou adulterar as suas mensagens. Industrial &amp; Hobby Aircraft, S.L. do website reserva-se o direito de retirar todos os coment\u00e1rios e contribui\u00e7\u00f5es que violem o respeito pela dignidade da pessoa, que sejam discriminat\u00f3rios, xen\u00f3fobos, racistas, pornogr\u00e1ficos, que violem a juventude ou inf\u00e2ncia, a ordem p\u00fablica ou a seguran\u00e7a ou que, na sua opini\u00e3o, n\u00e3o sejam apropriados para publica\u00e7\u00e3o. Em qualquer caso, a Industrial &amp; Hobby Aircraft, S.L. criadora do website n\u00e3o ser\u00e1 respons\u00e1vel pelas opini\u00f5es expressas pelos utilizadores atrav\u00e9s de f\u00f3runs, chats, ou outras ferramentas de participa\u00e7\u00e3o.<\/p>\n<p style=\"text-align: justify;\">4. <strong>PROTEC\u00c7\u00c3O DE DADOS:<\/strong>  A Industrial &amp; Hobby Aircraft, S.L., criadora do website, cumpre as directrizes da Lei Org\u00e2nica 15\/1999 de 13 de Dezembro sobre a Protec\u00e7\u00e3o de Dados Pessoais, o Decreto Real 1720\/2007 de 21 de Dezembro que aprova o Regulamento de desenvolvimento da Lei Org\u00e2nica e outros regulamentos em vigor a todo o momento, e assegura a correcta utiliza\u00e7\u00e3o e tratamento dos dados pessoais do utilizador. Para tal, juntamente com cada formul\u00e1rio de recolha de dados pessoais, nos servi\u00e7os que o utilizador possa solicitar \u00e0 Industrial &amp; Hobby Aircraft, S.L., criadora do website, o utilizador ser\u00e1 informado da exist\u00eancia e aceita\u00e7\u00e3o das condi\u00e7\u00f5es espec\u00edficas para o tratamento dos seus dados em cada caso, informando-o da responsabilidade do ficheiro criado, do endere\u00e7o do respons\u00e1vel, da possibilidade de exercer os seus direitos de acesso, rectifica\u00e7\u00e3o, cancelamento ou oposi\u00e7\u00e3o, da finalidade do tratamento e da comunica\u00e7\u00e3o dos dados a terceiros, se for caso disso. Da mesma forma, a Industrial &amp; Hobby Aircraft, S.L., criadora do website, informa que cumpre a Lei 34\/2002 de 11 de Julho, sobre Servi\u00e7os da Sociedade da Informa\u00e7\u00e3o e Com\u00e9rcio Electr\u00f3nico e solicitar\u00e1 o seu consentimento para o processamento do seu e-mail para fins comerciais em qualquer altura.<\/p>\n<p style=\"text-align: justify;\"><strong>5. PROPRIEDADE INTELECTUAL E INDUSTRIAL:<\/strong>  Industrial &amp; Hobby Aircraft, S.L., criador do pr\u00f3prio website ou como cession\u00e1rio, det\u00e9m todos os direitos de propriedade intelectual e industrial do seu website, bem como os elementos nele contidos (incluindo, mas n\u00e3o se limitando a, imagens, som, \u00e1udio, v\u00eddeo, software ou textos; marcas registadas ou log\u00f3tipos, combina\u00e7\u00f5es de cores, estrutura e design, selec\u00e7\u00e3o de materiais utilizados, programas inform\u00e1ticos necess\u00e1rios para o seu funcionamento, acesso e utiliza\u00e7\u00e3o, etc.), propriedade da Industrial &amp; Hobby Aircraft, S.L. ou dos seus licenciadores.), propriedade da Industrial &amp; Hobby Aircraft, S.L., criadora do website ou dos seus licenciadores. Todos os direitos reservados. Em virtude do disposto nos artigos 8 e 32.1, segundo par\u00e1grafo, da Lei de Propriedade Intelectual, \u00e9 expressamente proibida a reprodu\u00e7\u00e3o, distribui\u00e7\u00e3o e comunica\u00e7\u00e3o p\u00fablica, incluindo a disponibiliza\u00e7\u00e3o, total ou parcial do conte\u00fado deste website, para fins comerciais, em qualquer meio e por quaisquer meios t\u00e9cnicos, sem autoriza\u00e7\u00e3o da Industrial &amp; Hobby Aircraft, S.L., criadora do website. O USER compromete-se a respeitar os direitos de Propriedade Intelectual e Industrial detidos pela Industrial &amp; Hobby Aircraft, S.L., criadora do website. Pode visualizar os elementos do portal e at\u00e9 imprimi-los, copi\u00e1-los e armazen\u00e1-los no disco r\u00edgido do seu computador ou em qualquer outro suporte f\u00edsico, desde que seja \u00fanica e exclusivamente para seu uso pessoal e privado. O USU\u00c1RIO deve abster-se de apagar, alterar, iludir ou manipular qualquer dispositivo de protec\u00e7\u00e3o ou sistema de seguran\u00e7a instalado nas p\u00e1ginas da Industrial &amp; Hobby Aircraft, S.L. criadora do website.<\/p>\n<p style=\"text-align: justify;\"><strong>6. RESPONSABILIDADE:<\/strong> Industrial &amp; Hobby Aircraft, S.L. criador do website. n\u00e3o ser\u00e1 respons\u00e1vel, em nenhuma circunst\u00e2ncia, por danos de qualquer tipo que possam ser causados por, mas n\u00e3o limitados a: erros ou omiss\u00f5es no conte\u00fado, falta de disponibilidade do portal ou transmiss\u00e3o de v\u00edrus ou programas maliciosos ou prejudiciais no conte\u00fado, apesar de ter adoptado todas as medidas tecnol\u00f3gicas necess\u00e1rias para o evitar.<\/p>\n<p style=\"text-align: justify;\"><strong>7. MODIFICA\u00c7\u00d5ES:<\/strong>  A Industrial &amp; Hobby Aircraft, S.L., criadora do website, reserva-se o direito de fazer altera\u00e7\u00f5es n\u00e3o anunciadas que considere apropriadas no seu website, podendo alterar, apagar ou acrescentar conte\u00fados e servi\u00e7os fornecidos atrav\u00e9s da mesma forma como s\u00e3o apresentados ou localizados no seu website.<\/p>\n<p style=\"text-align: justify;\"><strong>8. LINKS:<\/strong> Caso o nome de dom\u00ednio contenha liga\u00e7\u00f5es ou hiperliga\u00e7\u00f5es para outros sites da Internet, a Industrial &amp; Hobby Aircraft, S.L. criadora do site n\u00e3o exercer\u00e1 qualquer controlo sobre tais sites e conte\u00fados. Em nenhuma circunst\u00e2ncia a Industrial &amp; Hobby Aircraft, S.L., criadora do website, assumir\u00e1 qualquer responsabilidade pelo conte\u00fado de qualquer link pertencente a um website de terceiros, nem garantir\u00e1 a disponibilidade t\u00e9cnica, qualidade, fiabilidade, exactid\u00e3o, abrang\u00eancia, veracidade, validade e constitucionalidade de qualquer material ou informa\u00e7\u00e3o contida em qualquer um destes hyperlinks ou outros websites da Internet. Do mesmo modo, a inclus\u00e3o destas liga\u00e7\u00f5es externas n\u00e3o implica qualquer tipo de associa\u00e7\u00e3o, fus\u00e3o ou participa\u00e7\u00e3o com as entidades ligadas.<\/p>\n<p style=\"text-align: justify;\"><strong>9. DIREITO DE EXCLUS\u00c3O:<\/strong>  A Industrial &amp; Hobby Aircraft, S.L., criadora do website, reserva-se o direito de negar ou retirar o acesso ao portal e\/ou aos servi\u00e7os oferecidos sem aviso pr\u00e9vio, a seu pedido ou a pedido de terceiros, aos utilizadores que n\u00e3o cumpram as presentes Condi\u00e7\u00f5es Gerais de Utiliza\u00e7\u00e3o.<\/p>\n<p style=\"text-align: justify;\"><strong>GERAL:<\/strong> Industrial &amp; Hobby Aircraft, S.L., criador do website, perseguir\u00e1 a viola\u00e7\u00e3o destas condi\u00e7\u00f5es, bem como qualquer utiliza\u00e7\u00e3o indevida do seu portal exercendo todas as ac\u00e7\u00f5es civis e criminais que lhe possam corresponder por lei.<\/p>\n<p style=\"text-align: justify;\"><strong>11.MODIFICA\u00c7\u00c3O DAS PRESENTES CONDI\u00c7\u00d5ES E DURA\u00c7\u00c3O:<\/strong> Industrial &amp; Hobby Aircraft, S.L. criador do website pode modificar em qualquer altura as condi\u00e7\u00f5es aqui determinadas, sendo devidamente publicadas tal como aqui aparecem. A validade destas condi\u00e7\u00f5es depender\u00e1 da sua exposi\u00e7\u00e3o e permanecer\u00e1 em vigor at\u00e9 que sejam modificadas por outras condi\u00e7\u00f5es devidamente publicadas.<\/p>\n<p style=\"text-align: justify;\"><strong>12. LEI APLIC\u00c1VEL E JURISDI\u00c7\u00c3O:<\/strong> A rela\u00e7\u00e3o entre a Industrial &amp; Hobby Aircraft, S.L. criadora do website e o USU\u00c1RIO ser\u00e1 regida pela legisla\u00e7\u00e3o espanhola em vigor e qualquer disputa ser\u00e1 submetida aos Tribunais e Tribunais da cidade de M\u00farcia.<\/p>\n<p><strong>13. CUSTO DE ENVIO:<\/strong> Para envios para a pen\u00ednsula, Ilhas Baleares, Andorra e Portugal de mais de 100 euros \u00e9 gratuito, para encomendas de menos de 100 euros o custo \u00e9 de 5,90 euros, para envios para as Ilhas Can\u00e1rias \u00e9 favor consultar.<\/p>\n","protected":false},"excerpt":{"rendered":"<p>1. DADOS IDENTIFICATIVOS: Em cumprimento do dever de informa\u00e7\u00e3o previsto no artigo 10\u00ba da Lei 34\/2002, de 11 de Julho, sobre Servi\u00e7os da Sociedade da Informa\u00e7\u00e3o, e do registo comercial<\/p>\n","protected":false},"author":1,"featured_media":0,"parent":0,"menu_order":0,"comment_status":"closed","ping_status":"closed","template":"","meta":{"_joinchat":[],"footnotes":""},"class_list":["post-110707","page","type-page","status-publish","hentry"],"yoast_head":"<!-- This site is optimized with the Yoast SEO plugin v27.3 - https:\/\/yoast.com\/product\/yoast-seo-wordpress\/ -->\n<title>Aviso Legal e Pol\u00edtica de Privacidade - Iha Race<\/title>\n<meta name=\"robots\" content=\"noindex, follow\" \/>\n<meta property=\"og:locale\" content=\"pt_PT\" \/>\n<meta property=\"og:type\" content=\"article\" \/>\n<meta property=\"og:title\" content=\"Aviso Legal e Pol\u00edtica de Privacidade - Iha Race\" \/>\n<meta property=\"og:description\" content=\"1. DADOS IDENTIFICATIVOS: Em cumprimento do dever de informa\u00e7\u00e3o previsto no artigo 10\u00ba da Lei 34\/2002, de 11 de Julho, sobre Servi\u00e7os da Sociedade da Informa\u00e7\u00e3o, e do registo comercial\" \/>\n<meta property=\"og:url\" content=\"https:\/\/iha-race.com\/pt-pt\/aviso-legal-e-politica-de-privacidade\/\" \/>\n<meta property=\"og:site_name\" content=\"Iha Race\" \/>\n<meta name=\"twitter:card\" content=\"summary_large_image\" \/>\n<meta name=\"twitter:label1\" content=\"Tempo estimado de leitura\" \/>\n\t<meta name=\"twitter:data1\" content=\"8 minutos\" \/>\n<script type=\"application\/ld+json\" class=\"yoast-schema-graph\">{\"@context\":\"https:\\\/\\\/schema.org\",\"@graph\":[{\"@type\":\"WebPage\",\"@id\":\"https:\\\/\\\/iha-race.com\\\/pt-pt\\\/aviso-legal-e-politica-de-privacidade\\\/\",\"url\":\"https:\\\/\\\/iha-race.com\\\/pt-pt\\\/aviso-legal-e-politica-de-privacidade\\\/\",\"name\":\"Aviso Legal e Pol\u00edtica de Privacidade - Iha Race\",\"isPartOf\":{\"@id\":\"https:\\\/\\\/iha-race.com\\\/pt-pt\\\/#website\"},\"datePublished\":\"2018-07-16T08:20:48+00:00\",\"breadcrumb\":{\"@id\":\"https:\\\/\\\/iha-race.com\\\/pt-pt\\\/aviso-legal-e-politica-de-privacidade\\\/#breadcrumb\"},\"inLanguage\":\"pt-PT\",\"potentialAction\":[{\"@type\":\"ReadAction\",\"target\":[\"https:\\\/\\\/iha-race.com\\\/pt-pt\\\/aviso-legal-e-politica-de-privacidade\\\/\"]}]},{\"@type\":\"BreadcrumbList\",\"@id\":\"https:\\\/\\\/iha-race.com\\\/pt-pt\\\/aviso-legal-e-politica-de-privacidade\\\/#breadcrumb\",\"itemListElement\":[{\"@type\":\"ListItem\",\"position\":1,\"name\":\"Portada\",\"item\":\"https:\\\/\\\/iha-race.com\\\/pt-pt\\\/elementor-499\\\/\"},{\"@type\":\"ListItem\",\"position\":2,\"name\":\"Aviso Legal e Pol\u00edtica de Privacidade\"}]},{\"@type\":\"WebSite\",\"@id\":\"https:\\\/\\\/iha-race.com\\\/pt-pt\\\/#website\",\"url\":\"https:\\\/\\\/iha-race.com\\\/pt-pt\\\/\",\"name\":\"Iha Race\",\"description\":\"Comprar drones de carreras FPV env\u00edos en un d\u00eda desde Espa\u00f1a\",\"publisher\":{\"@id\":\"https:\\\/\\\/iha-race.com\\\/pt-pt\\\/#organization\"},\"potentialAction\":[{\"@type\":\"SearchAction\",\"target\":{\"@type\":\"EntryPoint\",\"urlTemplate\":\"https:\\\/\\\/iha-race.com\\\/pt-pt\\\/?s={search_term_string}\"},\"query-input\":{\"@type\":\"PropertyValueSpecification\",\"valueRequired\":true,\"valueName\":\"search_term_string\"}}],\"inLanguage\":\"pt-PT\"},{\"@type\":\"Organization\",\"@id\":\"https:\\\/\\\/iha-race.com\\\/pt-pt\\\/#organization\",\"name\":\"Iha Race\",\"url\":\"https:\\\/\\\/iha-race.com\\\/pt-pt\\\/\",\"logo\":{\"@type\":\"ImageObject\",\"inLanguage\":\"pt-PT\",\"@id\":\"https:\\\/\\\/iha-race.com\\\/pt-pt\\\/#\\\/schema\\\/logo\\\/image\\\/\",\"url\":\"https:\\\/\\\/iha-race.com\\\/wp-content\\\/uploads\\\/2018\\\/07\\\/iha-race-drones-de-carreras-tienda-comprar-drones.png\",\"contentUrl\":\"https:\\\/\\\/iha-race.com\\\/wp-content\\\/uploads\\\/2018\\\/07\\\/iha-race-drones-de-carreras-tienda-comprar-drones.png\",\"width\":300,\"height\":100,\"caption\":\"Iha Race\"},\"image\":{\"@id\":\"https:\\\/\\\/iha-race.com\\\/pt-pt\\\/#\\\/schema\\\/logo\\\/image\\\/\"}}]}<\/script>\n<!-- \/ Yoast SEO plugin. -->","yoast_head_json":{"title":"Aviso Legal e Pol\u00edtica de Privacidade - Iha Race","robots":{"index":"noindex","follow":"follow"},"og_locale":"pt_PT","og_type":"article","og_title":"Aviso Legal e Pol\u00edtica de Privacidade - Iha Race","og_description":"1. DADOS IDENTIFICATIVOS: Em cumprimento do dever de informa\u00e7\u00e3o previsto no artigo 10\u00ba da Lei 34\/2002, de 11 de Julho, sobre Servi\u00e7os da Sociedade da Informa\u00e7\u00e3o, e do registo comercial","og_url":"https:\/\/iha-race.com\/pt-pt\/aviso-legal-e-politica-de-privacidade\/","og_site_name":"Iha Race","twitter_card":"summary_large_image","twitter_misc":{"Tempo estimado de leitura":"8 minutos"},"schema":{"@context":"https:\/\/schema.org","@graph":[{"@type":"WebPage","@id":"https:\/\/iha-race.com\/pt-pt\/aviso-legal-e-politica-de-privacidade\/","url":"https:\/\/iha-race.com\/pt-pt\/aviso-legal-e-politica-de-privacidade\/","name":"Aviso Legal e Pol\u00edtica de Privacidade - Iha Race","isPartOf":{"@id":"https:\/\/iha-race.com\/pt-pt\/#website"},"datePublished":"2018-07-16T08:20:48+00:00","breadcrumb":{"@id":"https:\/\/iha-race.com\/pt-pt\/aviso-legal-e-politica-de-privacidade\/#breadcrumb"},"inLanguage":"pt-PT","potentialAction":[{"@type":"ReadAction","target":["https:\/\/iha-race.com\/pt-pt\/aviso-legal-e-politica-de-privacidade\/"]}]},{"@type":"BreadcrumbList","@id":"https:\/\/iha-race.com\/pt-pt\/aviso-legal-e-politica-de-privacidade\/#breadcrumb","itemListElement":[{"@type":"ListItem","position":1,"name":"Portada","item":"https:\/\/iha-race.com\/pt-pt\/elementor-499\/"},{"@type":"ListItem","position":2,"name":"Aviso Legal e Pol\u00edtica de Privacidade"}]},{"@type":"WebSite","@id":"https:\/\/iha-race.com\/pt-pt\/#website","url":"https:\/\/iha-race.com\/pt-pt\/","name":"Iha Race","description":"Comprar drones de carreras FPV env\u00edos en un d\u00eda desde Espa\u00f1a","publisher":{"@id":"https:\/\/iha-race.com\/pt-pt\/#organization"},"potentialAction":[{"@type":"SearchAction","target":{"@type":"EntryPoint","urlTemplate":"https:\/\/iha-race.com\/pt-pt\/?s={search_term_string}"},"query-input":{"@type":"PropertyValueSpecification","valueRequired":true,"valueName":"search_term_string"}}],"inLanguage":"pt-PT"},{"@type":"Organization","@id":"https:\/\/iha-race.com\/pt-pt\/#organization","name":"Iha Race","url":"https:\/\/iha-race.com\/pt-pt\/","logo":{"@type":"ImageObject","inLanguage":"pt-PT","@id":"https:\/\/iha-race.com\/pt-pt\/#\/schema\/logo\/image\/","url":"https:\/\/iha-race.com\/wp-content\/uploads\/2018\/07\/iha-race-drones-de-carreras-tienda-comprar-drones.png","contentUrl":"https:\/\/iha-race.com\/wp-content\/uploads\/2018\/07\/iha-race-drones-de-carreras-tienda-comprar-drones.png","width":300,"height":100,"caption":"Iha Race"},"image":{"@id":"https:\/\/iha-race.com\/pt-pt\/#\/schema\/logo\/image\/"}}]}},"jetpack_sharing_enabled":true,"_links":{"self":[{"href":"https:\/\/iha-race.com\/pt-pt\/wp-json\/wp\/v2\/pages\/110707","targetHints":{"allow":["GET"]}}],"collection":[{"href":"https:\/\/iha-race.com\/pt-pt\/wp-json\/wp\/v2\/pages"}],"about":[{"href":"https:\/\/iha-race.com\/pt-pt\/wp-json\/wp\/v2\/types\/page"}],"author":[{"embeddable":true,"href":"https:\/\/iha-race.com\/pt-pt\/wp-json\/wp\/v2\/users\/1"}],"replies":[{"embeddable":true,"href":"https:\/\/iha-race.com\/pt-pt\/wp-json\/wp\/v2\/comments?post=110707"}],"version-history":[{"count":0,"href":"https:\/\/iha-race.com\/pt-pt\/wp-json\/wp\/v2\/pages\/110707\/revisions"}],"wp:attachment":[{"href":"https:\/\/iha-race.com\/pt-pt\/wp-json\/wp\/v2\/media?parent=110707"}],"curies":[{"name":"wp","href":"https:\/\/api.w.org\/{rel}","templated":true}]}}