{"id":110690,"date":"2018-08-23T09:53:56","date_gmt":"2018-08-23T07:53:56","guid":{"rendered":"https:\/\/iha-race.com\/sistema-de-pontos-iha-race\/"},"modified":"2022-08-05T12:26:44","modified_gmt":"2022-08-05T10:26:44","slug":"sistema-de-pontos-iha-race","status":"publish","type":"page","link":"https:\/\/iha-race.com\/pt-pt\/sistema-de-pontos-iha-race\/","title":{"rendered":"Sistema de pontos Iha Race"},"content":{"rendered":"\n<p>A partir da nossa nova vers\u00e3o da loja online a 25 de Julho de 2018, os clientes registados receber\u00e3o pontos de desconto por tais compras. <strong>Cada euro comprado ser\u00e1 convertido em 1 ponto<\/strong>.<\/p>\n\n<p>Pode verificar os pontos no seu perfil ou no seu carrinho de compras se comprou a partir dessa data. Se n\u00e3o estiver <a href=\"https:\/\/iha-race.com\/mi-cuenta\/\">registado<\/a>, n\u00e3o conseguir\u00e1 obter os pontos.<\/p>\n\n<p>Para al\u00e9m da compra de produtos, pode ganhar pontos desta forma:<\/p>\n\n<ul class=\"wp-block-list\"><li>Por deixar um <strong>coment\u00e1rio sobre um produto<\/strong>, receber\u00e1<strong> <em>50 pontos<\/em><\/strong> para cada um, se anexar fotografias da sua encomenda quando a abre ou um v\u00eddeo, receber\u00e1 mais pontos. N\u00e3o podemos contar as revis\u00f5es do Google, mas agradecemos \ud83d\ude42<\/li><li>Para <strong>se registar no website<\/strong>, receber\u00e1 <strong>\n  <em>50 pontos<\/em>\n<\/strong> resgat\u00e1vel na sua <strong>primeira encomenda<\/strong>.<\/li><li> <strong>Por cada \u00a3400 que gastar*<\/strong> no total das suas compras, receber\u00e1<strong>\n  <em> 100 pontos<\/em>\n<\/strong>.<\/li><li>Para o <strong>cumprimento de 10 encomendas<\/strong>, um suplemento de <strong>\n  <em>100 pontos.<\/em>\n<\/strong><\/li><\/ul>\n\n<p>Pode demorar at\u00e9 24 horas para que os pontos para as classifica\u00e7\u00f5es apare\u00e7am na sua conta.<\/p>\n\n<p>*As valoriza\u00e7\u00f5es para compras mais elevadas podem variar no futuro devido a promo\u00e7\u00f5es.<\/p>\n\n<p>Se tiver alguma d\u00favida, por favor contacte <a href=\"https:\/\/iha-race.com\/pt-pt\/servico-e-contacto-com-o-cliente\/\">o suporte<\/a>.<\/p>\n","protected":false},"excerpt":{"rendered":"<p>A partir da nossa nova vers\u00e3o da loja online a 25 de Julho de 2018, os clientes registados receber\u00e3o pontos de desconto por tais compras. Cada euro comprado ser\u00e1 convertido<\/p>\n","protected":false},"author":1,"featured_media":0,"parent":0,"menu_order":0,"comment_status":"closed","ping_status":"closed","template":"","meta":{"_joinchat":[],"footnotes":""},"class_list":["post-110690","page","type-page","status-publish","hentry"],"yoast_head":"<!-- This site is optimized with the Yoast SEO plugin v27.3 - https:\/\/yoast.com\/product\/yoast-seo-wordpress\/ -->\n<title>Sistema de pontos Iha Race<\/title>\n<meta name=\"description\" content=\"Para aceder ao nosso sistema de pontos, \u00e9 necess\u00e1rio estar registado no s\u00edtio web. A partir da\u00ed, pode ganhar pontos para poupar nas suas pr\u00f3ximas compras.\" \/>\n<meta name=\"robots\" content=\"noindex, follow\" \/>\n<meta property=\"og:locale\" content=\"pt_PT\" \/>\n<meta property=\"og:type\" content=\"article\" \/>\n<meta property=\"og:title\" content=\"Sistema de pontos Iha Race\" \/>\n<meta property=\"og:description\" content=\"Para aceder ao nosso sistema de pontos, \u00e9 necess\u00e1rio estar registado no s\u00edtio web. A partir da\u00ed, pode ganhar pontos para poupar nas suas pr\u00f3ximas compras.\" \/>\n<meta property=\"og:url\" content=\"https:\/\/iha-race.com\/pt-pt\/sistema-de-pontos-iha-race\/\" \/>\n<meta property=\"og:site_name\" content=\"Iha Race\" \/>\n<meta property=\"article:modified_time\" content=\"2022-08-05T10:26:44+00:00\" \/>\n<meta name=\"twitter:card\" content=\"summary_large_image\" \/>\n<meta name=\"twitter:label1\" content=\"Tempo estimado de leitura\" \/>\n\t<meta name=\"twitter:data1\" content=\"1 minuto\" \/>\n<script type=\"application\/ld+json\" class=\"yoast-schema-graph\">{\"@context\":\"https:\\\/\\\/schema.org\",\"@graph\":[{\"@type\":\"WebPage\",\"@id\":\"https:\\\/\\\/iha-race.com\\\/pt-pt\\\/sistema-de-pontos-iha-race\\\/\",\"url\":\"https:\\\/\\\/iha-race.com\\\/pt-pt\\\/sistema-de-pontos-iha-race\\\/\",\"name\":\"Sistema de pontos Iha Race\",\"isPartOf\":{\"@id\":\"https:\\\/\\\/iha-race.com\\\/pt-pt\\\/#website\"},\"datePublished\":\"2018-08-23T07:53:56+00:00\",\"dateModified\":\"2022-08-05T10:26:44+00:00\",\"description\":\"Para aceder ao nosso sistema de pontos, \u00e9 necess\u00e1rio estar registado no s\u00edtio web. A partir da\u00ed, pode ganhar pontos para poupar nas suas pr\u00f3ximas compras.\",\"breadcrumb\":{\"@id\":\"https:\\\/\\\/iha-race.com\\\/pt-pt\\\/sistema-de-pontos-iha-race\\\/#breadcrumb\"},\"inLanguage\":\"pt-PT\",\"potentialAction\":[{\"@type\":\"ReadAction\",\"target\":[\"https:\\\/\\\/iha-race.com\\\/pt-pt\\\/sistema-de-pontos-iha-race\\\/\"]}]},{\"@type\":\"BreadcrumbList\",\"@id\":\"https:\\\/\\\/iha-race.com\\\/pt-pt\\\/sistema-de-pontos-iha-race\\\/#breadcrumb\",\"itemListElement\":[{\"@type\":\"ListItem\",\"position\":1,\"name\":\"Portada\",\"item\":\"https:\\\/\\\/iha-race.com\\\/pt-pt\\\/elementor-499\\\/\"},{\"@type\":\"ListItem\",\"position\":2,\"name\":\"Sistema de pontos Iha Race\"}]},{\"@type\":\"WebSite\",\"@id\":\"https:\\\/\\\/iha-race.com\\\/pt-pt\\\/#website\",\"url\":\"https:\\\/\\\/iha-race.com\\\/pt-pt\\\/\",\"name\":\"Iha Race\",\"description\":\"Comprar drones de carreras FPV env\u00edos en un d\u00eda desde Espa\u00f1a\",\"publisher\":{\"@id\":\"https:\\\/\\\/iha-race.com\\\/pt-pt\\\/#organization\"},\"potentialAction\":[{\"@type\":\"SearchAction\",\"target\":{\"@type\":\"EntryPoint\",\"urlTemplate\":\"https:\\\/\\\/iha-race.com\\\/pt-pt\\\/?s={search_term_string}\"},\"query-input\":{\"@type\":\"PropertyValueSpecification\",\"valueRequired\":true,\"valueName\":\"search_term_string\"}}],\"inLanguage\":\"pt-PT\"},{\"@type\":\"Organization\",\"@id\":\"https:\\\/\\\/iha-race.com\\\/pt-pt\\\/#organization\",\"name\":\"Iha Race\",\"url\":\"https:\\\/\\\/iha-race.com\\\/pt-pt\\\/\",\"logo\":{\"@type\":\"ImageObject\",\"inLanguage\":\"pt-PT\",\"@id\":\"https:\\\/\\\/iha-race.com\\\/pt-pt\\\/#\\\/schema\\\/logo\\\/image\\\/\",\"url\":\"https:\\\/\\\/iha-race.com\\\/wp-content\\\/uploads\\\/2018\\\/07\\\/iha-race-drones-de-carreras-tienda-comprar-drones.png\",\"contentUrl\":\"https:\\\/\\\/iha-race.com\\\/wp-content\\\/uploads\\\/2018\\\/07\\\/iha-race-drones-de-carreras-tienda-comprar-drones.png\",\"width\":300,\"height\":100,\"caption\":\"Iha Race\"},\"image\":{\"@id\":\"https:\\\/\\\/iha-race.com\\\/pt-pt\\\/#\\\/schema\\\/logo\\\/image\\\/\"}}]}<\/script>\n<!-- \/ Yoast SEO plugin. -->","yoast_head_json":{"title":"Sistema de pontos Iha Race","description":"Para aceder ao nosso sistema de pontos, \u00e9 necess\u00e1rio estar registado no s\u00edtio web. A partir da\u00ed, pode ganhar pontos para poupar nas suas pr\u00f3ximas compras.","robots":{"index":"noindex","follow":"follow"},"og_locale":"pt_PT","og_type":"article","og_title":"Sistema de pontos Iha Race","og_description":"Para aceder ao nosso sistema de pontos, \u00e9 necess\u00e1rio estar registado no s\u00edtio web. A partir da\u00ed, pode ganhar pontos para poupar nas suas pr\u00f3ximas compras.","og_url":"https:\/\/iha-race.com\/pt-pt\/sistema-de-pontos-iha-race\/","og_site_name":"Iha Race","article_modified_time":"2022-08-05T10:26:44+00:00","twitter_card":"summary_large_image","twitter_misc":{"Tempo estimado de leitura":"1 minuto"},"schema":{"@context":"https:\/\/schema.org","@graph":[{"@type":"WebPage","@id":"https:\/\/iha-race.com\/pt-pt\/sistema-de-pontos-iha-race\/","url":"https:\/\/iha-race.com\/pt-pt\/sistema-de-pontos-iha-race\/","name":"Sistema de pontos Iha Race","isPartOf":{"@id":"https:\/\/iha-race.com\/pt-pt\/#website"},"datePublished":"2018-08-23T07:53:56+00:00","dateModified":"2022-08-05T10:26:44+00:00","description":"Para aceder ao nosso sistema de pontos, \u00e9 necess\u00e1rio estar registado no s\u00edtio web. A partir da\u00ed, pode ganhar pontos para poupar nas suas pr\u00f3ximas compras.","breadcrumb":{"@id":"https:\/\/iha-race.com\/pt-pt\/sistema-de-pontos-iha-race\/#breadcrumb"},"inLanguage":"pt-PT","potentialAction":[{"@type":"ReadAction","target":["https:\/\/iha-race.com\/pt-pt\/sistema-de-pontos-iha-race\/"]}]},{"@type":"BreadcrumbList","@id":"https:\/\/iha-race.com\/pt-pt\/sistema-de-pontos-iha-race\/#breadcrumb","itemListElement":[{"@type":"ListItem","position":1,"name":"Portada","item":"https:\/\/iha-race.com\/pt-pt\/elementor-499\/"},{"@type":"ListItem","position":2,"name":"Sistema de pontos Iha Race"}]},{"@type":"WebSite","@id":"https:\/\/iha-race.com\/pt-pt\/#website","url":"https:\/\/iha-race.com\/pt-pt\/","name":"Iha Race","description":"Comprar drones de carreras FPV env\u00edos en un d\u00eda desde Espa\u00f1a","publisher":{"@id":"https:\/\/iha-race.com\/pt-pt\/#organization"},"potentialAction":[{"@type":"SearchAction","target":{"@type":"EntryPoint","urlTemplate":"https:\/\/iha-race.com\/pt-pt\/?s={search_term_string}"},"query-input":{"@type":"PropertyValueSpecification","valueRequired":true,"valueName":"search_term_string"}}],"inLanguage":"pt-PT"},{"@type":"Organization","@id":"https:\/\/iha-race.com\/pt-pt\/#organization","name":"Iha Race","url":"https:\/\/iha-race.com\/pt-pt\/","logo":{"@type":"ImageObject","inLanguage":"pt-PT","@id":"https:\/\/iha-race.com\/pt-pt\/#\/schema\/logo\/image\/","url":"https:\/\/iha-race.com\/wp-content\/uploads\/2018\/07\/iha-race-drones-de-carreras-tienda-comprar-drones.png","contentUrl":"https:\/\/iha-race.com\/wp-content\/uploads\/2018\/07\/iha-race-drones-de-carreras-tienda-comprar-drones.png","width":300,"height":100,"caption":"Iha Race"},"image":{"@id":"https:\/\/iha-race.com\/pt-pt\/#\/schema\/logo\/image\/"}}]}},"jetpack_sharing_enabled":true,"_links":{"self":[{"href":"https:\/\/iha-race.com\/pt-pt\/wp-json\/wp\/v2\/pages\/110690","targetHints":{"allow":["GET"]}}],"collection":[{"href":"https:\/\/iha-race.com\/pt-pt\/wp-json\/wp\/v2\/pages"}],"about":[{"href":"https:\/\/iha-race.com\/pt-pt\/wp-json\/wp\/v2\/types\/page"}],"author":[{"embeddable":true,"href":"https:\/\/iha-race.com\/pt-pt\/wp-json\/wp\/v2\/users\/1"}],"replies":[{"embeddable":true,"href":"https:\/\/iha-race.com\/pt-pt\/wp-json\/wp\/v2\/comments?post=110690"}],"version-history":[{"count":1,"href":"https:\/\/iha-race.com\/pt-pt\/wp-json\/wp\/v2\/pages\/110690\/revisions"}],"predecessor-version":[{"id":110694,"href":"https:\/\/iha-race.com\/pt-pt\/wp-json\/wp\/v2\/pages\/110690\/revisions\/110694"}],"wp:attachment":[{"href":"https:\/\/iha-race.com\/pt-pt\/wp-json\/wp\/v2\/media?parent=110690"}],"curies":[{"name":"wp","href":"https:\/\/api.w.org\/{rel}","templated":true}]}}