{"id":110675,"date":"2018-07-16T10:23:11","date_gmt":"2018-07-16T08:23:11","guid":{"rendered":"https:\/\/iha-race.com\/servico-e-contacto-com-o-cliente\/"},"modified":"2022-08-05T12:26:36","modified_gmt":"2022-08-05T10:26:36","slug":"servico-e-contacto-com-o-cliente","status":"publish","type":"page","link":"https:\/\/iha-race.com\/pt-pt\/servico-e-contacto-com-o-cliente\/","title":{"rendered":"Servi\u00e7o e contacto com o cliente"},"content":{"rendered":"\n<div class=\"wp-block-columns is-layout-flex wp-container-core-columns-is-layout-9d6595d7 wp-block-columns-is-layout-flex\">\n<div class=\"wp-block-column is-layout-flow wp-block-column-is-layout-flow\">\n<div class=\"contact-form-info\">\n<div class=\"media\">\n<div class=\"media-object\">\n<h2 class=\"media-heading\"><i class=\"fa fa-map-marker fa-map-signs fa-lg\"><\/i>  Endere\u00e7o de contacto<\/h2>\n<p>Estrada para Guadalupe<br\/>30107 Guadalupe (Murcia) &#8211; Espanha<br\/>N\u00famero de telefone: <a href=\"tel:+34676757149\">+34 676757149<\/a><br\/><a href=\"tel:+34676757149\">ligue-nos agora<\/a> ou <a href=\"https:\/\/api.whatsapp.com\/send?phone=34676757149\">envie-nos o que for preciso<\/a><br\/>E-mail: info@iha-race.com<\/p>\n<\/div>\n<\/div>\n<\/div>\n<\/div>\n\n\n\n<div class=\"wp-block-column is-layout-flow wp-block-column-is-layout-flow\">\n<div class=\"contact-form-form\">\n<div class=\"media\">\n<div class=\"media-object\">\n<h2 class=\"media-heading\"><i class=\"fa fa-comment-o fa-flip-horizontal\"><\/i>  Apoio de contacto<\/h2>\n<p>Preencha o seguinte formul\u00e1rio e entraremos em contacto consigo o mais rapidamente poss\u00edvel.<\/p>\n<\/div>\n<\/div>\n<\/div>\n\n\n\n<div class=\"wpcf7 no-js\" id=\"wpcf7-f543-o1\" lang=\"es-ES\" dir=\"ltr\" data-wpcf7-id=\"543\">\n<div class=\"screen-reader-response\"><p role=\"status\" aria-live=\"polite\" aria-atomic=\"true\"><\/p> <ul><\/ul><\/div>\n<form action=\"\/pt-pt\/wp-json\/wp\/v2\/pages\/110675#wpcf7-f543-o1\" method=\"post\" class=\"wpcf7-form init\" aria-label=\"Formulario de contacto\" novalidate=\"novalidate\" data-status=\"init\">\n<fieldset class=\"hidden-fields-container\"><input type=\"hidden\" name=\"_wpcf7\" value=\"543\" \/><input type=\"hidden\" name=\"_wpcf7_version\" value=\"6.1.5\" \/><input type=\"hidden\" name=\"_wpcf7_locale\" value=\"es_ES\" \/><input type=\"hidden\" name=\"_wpcf7_unit_tag\" value=\"wpcf7-f543-o1\" \/><input type=\"hidden\" name=\"_wpcf7_container_post\" value=\"0\" \/><input type=\"hidden\" name=\"_wpcf7_posted_data_hash\" value=\"\" \/>\n<\/fieldset>\n<p><label> Tu nombre (requerido)<br \/>\n<span class=\"wpcf7-form-control-wrap\" data-name=\"your-name\"><input size=\"40\" maxlength=\"400\" class=\"wpcf7-form-control wpcf7-text wpcf7-validates-as-required\" aria-required=\"true\" aria-invalid=\"false\" value=\"\" type=\"text\" name=\"your-name\" \/><\/span> <\/label>\n<\/p>\n<p><label> Tu correo electr\u00f3nico (requerido)<br \/>\n<span class=\"wpcf7-form-control-wrap\" data-name=\"your-email\"><input size=\"40\" maxlength=\"400\" class=\"wpcf7-form-control wpcf7-email wpcf7-validates-as-required wpcf7-text wpcf7-validates-as-email\" aria-required=\"true\" aria-invalid=\"false\" value=\"\" type=\"email\" name=\"your-email\" \/><\/span> <\/label>\n<\/p>\n<p><label> Asunto<br \/>\n<span class=\"wpcf7-form-control-wrap\" data-name=\"your-subject\"><input size=\"40\" maxlength=\"400\" class=\"wpcf7-form-control wpcf7-text\" aria-invalid=\"false\" value=\"\" type=\"text\" name=\"your-subject\" \/><\/span> <\/label>\n<\/p>\n<p><label> Tu mensaje<br \/>\n<span class=\"wpcf7-form-control-wrap\" data-name=\"your-message\"><textarea cols=\"40\" rows=\"10\" maxlength=\"2000\" class=\"wpcf7-form-control wpcf7-textarea\" aria-invalid=\"false\" name=\"your-message\"><\/textarea><\/span> <\/label><br \/>\n<span class=\"wpcf7-form-control-wrap\" data-name=\"Privacidad\"><span class=\"wpcf7-form-control wpcf7-acceptance\"><span class=\"wpcf7-list-item\"><label><input type=\"checkbox\" name=\"Privacidad\" value=\"1\" aria-invalid=\"false\" \/><span class=\"wpcf7-list-item-label\">He le\u00eddo y acepto la <a \"nofollow\" href=\"https:\/\/iha-race.com\/aviso-legal\/\">Pol\u00edtica de Privacidad<\/a>.<\/span><\/label><\/span><\/span><\/span><br \/>\nEn Iha Race trataremos tus datos para tramitar tu consulta y contactar contigo. Puedes revocar el consentimiento y ejercer tus derechos de acceso, rectificaci\u00f3n, cancelaci\u00f3n, oposici\u00f3n, limitaci\u00f3n del tratamiento, portabilidad y supresi\u00f3n escribi\u00e9ndonos a\u00a0info@iha-race.com. M\u00e1s informaci\u00f3n en la\u00a0<a \"nofollow\" href=\"https:\/\/iha-race.com\/aviso-legal\/\">Pol\u00edtica de Privacidad<\/a>.\n<\/p>\n<p><input class=\"wpcf7-form-control wpcf7-submit has-spinner\" type=\"submit\" value=\"Enviar\" \/>\n<\/p><div class=\"wpcf7-response-output\" aria-hidden=\"true\"><\/div>\n<\/form>\n<\/div>\n\n<\/div>\n<\/div>\n","protected":false},"excerpt":{"rendered":"<p>Endere\u00e7o de contacto Estrada para Guadalupe30107 Guadalupe (Murcia) &#8211; EspanhaN\u00famero de telefone: +34 676757149ligue-nos agora ou envie-nos o que for precisoE-mail: info@iha-race.com Apoio de contacto Preencha o seguinte formul\u00e1rio e<\/p>\n","protected":false},"author":1,"featured_media":0,"parent":0,"menu_order":0,"comment_status":"closed","ping_status":"closed","template":"","meta":{"_joinchat":[],"footnotes":""},"class_list":["post-110675","page","type-page","status-publish","hentry"],"yoast_head":"<!-- This site is optimized with the Yoast SEO plugin v27.3 - https:\/\/yoast.com\/product\/yoast-seo-wordpress\/ -->\n<title>Servi\u00e7o e contacto com o cliente - Iha Race<\/title>\n<meta name=\"robots\" content=\"noindex, follow\" \/>\n<meta property=\"og:locale\" content=\"pt_PT\" \/>\n<meta property=\"og:type\" content=\"article\" \/>\n<meta property=\"og:title\" content=\"Servi\u00e7o e contacto com o cliente - Iha Race\" \/>\n<meta property=\"og:description\" content=\"Endere\u00e7o de contacto Estrada para Guadalupe30107 Guadalupe (Murcia) &#8211; EspanhaN\u00famero de telefone: +34 676757149ligue-nos agora ou envie-nos o que for precisoE-mail: info@iha-race.com Apoio de contacto Preencha o seguinte formul\u00e1rio e\" \/>\n<meta property=\"og:url\" content=\"https:\/\/iha-race.com\/pt-pt\/servico-e-contacto-com-o-cliente\/\" \/>\n<meta property=\"og:site_name\" content=\"Iha Race\" \/>\n<meta property=\"article:modified_time\" content=\"2022-08-05T10:26:36+00:00\" \/>\n<meta name=\"twitter:card\" content=\"summary_large_image\" \/>\n<script type=\"application\/ld+json\" class=\"yoast-schema-graph\">{\"@context\":\"https:\\\/\\\/schema.org\",\"@graph\":[{\"@type\":\"WebPage\",\"@id\":\"https:\\\/\\\/iha-race.com\\\/pt-pt\\\/servico-e-contacto-com-o-cliente\\\/\",\"url\":\"https:\\\/\\\/iha-race.com\\\/pt-pt\\\/servico-e-contacto-com-o-cliente\\\/\",\"name\":\"Servi\u00e7o e contacto com o cliente - Iha Race\",\"isPartOf\":{\"@id\":\"https:\\\/\\\/iha-race.com\\\/pt-pt\\\/#website\"},\"datePublished\":\"2018-07-16T08:23:11+00:00\",\"dateModified\":\"2022-08-05T10:26:36+00:00\",\"breadcrumb\":{\"@id\":\"https:\\\/\\\/iha-race.com\\\/pt-pt\\\/servico-e-contacto-com-o-cliente\\\/#breadcrumb\"},\"inLanguage\":\"pt-PT\",\"potentialAction\":[{\"@type\":\"ReadAction\",\"target\":[\"https:\\\/\\\/iha-race.com\\\/pt-pt\\\/servico-e-contacto-com-o-cliente\\\/\"]}]},{\"@type\":\"BreadcrumbList\",\"@id\":\"https:\\\/\\\/iha-race.com\\\/pt-pt\\\/servico-e-contacto-com-o-cliente\\\/#breadcrumb\",\"itemListElement\":[{\"@type\":\"ListItem\",\"position\":1,\"name\":\"Portada\",\"item\":\"https:\\\/\\\/iha-race.com\\\/pt-pt\\\/elementor-499\\\/\"},{\"@type\":\"ListItem\",\"position\":2,\"name\":\"Servi\u00e7o e contacto com o cliente\"}]},{\"@type\":\"WebSite\",\"@id\":\"https:\\\/\\\/iha-race.com\\\/pt-pt\\\/#website\",\"url\":\"https:\\\/\\\/iha-race.com\\\/pt-pt\\\/\",\"name\":\"Iha Race\",\"description\":\"Comprar drones de carreras FPV env\u00edos en un d\u00eda desde Espa\u00f1a\",\"publisher\":{\"@id\":\"https:\\\/\\\/iha-race.com\\\/pt-pt\\\/#organization\"},\"potentialAction\":[{\"@type\":\"SearchAction\",\"target\":{\"@type\":\"EntryPoint\",\"urlTemplate\":\"https:\\\/\\\/iha-race.com\\\/pt-pt\\\/?s={search_term_string}\"},\"query-input\":{\"@type\":\"PropertyValueSpecification\",\"valueRequired\":true,\"valueName\":\"search_term_string\"}}],\"inLanguage\":\"pt-PT\"},{\"@type\":\"Organization\",\"@id\":\"https:\\\/\\\/iha-race.com\\\/pt-pt\\\/#organization\",\"name\":\"Iha Race\",\"url\":\"https:\\\/\\\/iha-race.com\\\/pt-pt\\\/\",\"logo\":{\"@type\":\"ImageObject\",\"inLanguage\":\"pt-PT\",\"@id\":\"https:\\\/\\\/iha-race.com\\\/pt-pt\\\/#\\\/schema\\\/logo\\\/image\\\/\",\"url\":\"https:\\\/\\\/iha-race.com\\\/wp-content\\\/uploads\\\/2018\\\/07\\\/iha-race-drones-de-carreras-tienda-comprar-drones.png\",\"contentUrl\":\"https:\\\/\\\/iha-race.com\\\/wp-content\\\/uploads\\\/2018\\\/07\\\/iha-race-drones-de-carreras-tienda-comprar-drones.png\",\"width\":300,\"height\":100,\"caption\":\"Iha Race\"},\"image\":{\"@id\":\"https:\\\/\\\/iha-race.com\\\/pt-pt\\\/#\\\/schema\\\/logo\\\/image\\\/\"}}]}<\/script>\n<!-- \/ Yoast SEO plugin. -->","yoast_head_json":{"title":"Servi\u00e7o e contacto com o cliente - Iha Race","robots":{"index":"noindex","follow":"follow"},"og_locale":"pt_PT","og_type":"article","og_title":"Servi\u00e7o e contacto com o cliente - Iha Race","og_description":"Endere\u00e7o de contacto Estrada para Guadalupe30107 Guadalupe (Murcia) &#8211; EspanhaN\u00famero de telefone: +34 676757149ligue-nos agora ou envie-nos o que for precisoE-mail: info@iha-race.com Apoio de contacto Preencha o seguinte formul\u00e1rio e","og_url":"https:\/\/iha-race.com\/pt-pt\/servico-e-contacto-com-o-cliente\/","og_site_name":"Iha Race","article_modified_time":"2022-08-05T10:26:36+00:00","twitter_card":"summary_large_image","schema":{"@context":"https:\/\/schema.org","@graph":[{"@type":"WebPage","@id":"https:\/\/iha-race.com\/pt-pt\/servico-e-contacto-com-o-cliente\/","url":"https:\/\/iha-race.com\/pt-pt\/servico-e-contacto-com-o-cliente\/","name":"Servi\u00e7o e contacto com o cliente - Iha Race","isPartOf":{"@id":"https:\/\/iha-race.com\/pt-pt\/#website"},"datePublished":"2018-07-16T08:23:11+00:00","dateModified":"2022-08-05T10:26:36+00:00","breadcrumb":{"@id":"https:\/\/iha-race.com\/pt-pt\/servico-e-contacto-com-o-cliente\/#breadcrumb"},"inLanguage":"pt-PT","potentialAction":[{"@type":"ReadAction","target":["https:\/\/iha-race.com\/pt-pt\/servico-e-contacto-com-o-cliente\/"]}]},{"@type":"BreadcrumbList","@id":"https:\/\/iha-race.com\/pt-pt\/servico-e-contacto-com-o-cliente\/#breadcrumb","itemListElement":[{"@type":"ListItem","position":1,"name":"Portada","item":"https:\/\/iha-race.com\/pt-pt\/elementor-499\/"},{"@type":"ListItem","position":2,"name":"Servi\u00e7o e contacto com o cliente"}]},{"@type":"WebSite","@id":"https:\/\/iha-race.com\/pt-pt\/#website","url":"https:\/\/iha-race.com\/pt-pt\/","name":"Iha Race","description":"Comprar drones de carreras FPV env\u00edos en un d\u00eda desde Espa\u00f1a","publisher":{"@id":"https:\/\/iha-race.com\/pt-pt\/#organization"},"potentialAction":[{"@type":"SearchAction","target":{"@type":"EntryPoint","urlTemplate":"https:\/\/iha-race.com\/pt-pt\/?s={search_term_string}"},"query-input":{"@type":"PropertyValueSpecification","valueRequired":true,"valueName":"search_term_string"}}],"inLanguage":"pt-PT"},{"@type":"Organization","@id":"https:\/\/iha-race.com\/pt-pt\/#organization","name":"Iha Race","url":"https:\/\/iha-race.com\/pt-pt\/","logo":{"@type":"ImageObject","inLanguage":"pt-PT","@id":"https:\/\/iha-race.com\/pt-pt\/#\/schema\/logo\/image\/","url":"https:\/\/iha-race.com\/wp-content\/uploads\/2018\/07\/iha-race-drones-de-carreras-tienda-comprar-drones.png","contentUrl":"https:\/\/iha-race.com\/wp-content\/uploads\/2018\/07\/iha-race-drones-de-carreras-tienda-comprar-drones.png","width":300,"height":100,"caption":"Iha Race"},"image":{"@id":"https:\/\/iha-race.com\/pt-pt\/#\/schema\/logo\/image\/"}}]}},"_links":{"self":[{"href":"https:\/\/iha-race.com\/pt-pt\/wp-json\/wp\/v2\/pages\/110675","targetHints":{"allow":["GET"]}}],"collection":[{"href":"https:\/\/iha-race.com\/pt-pt\/wp-json\/wp\/v2\/pages"}],"about":[{"href":"https:\/\/iha-race.com\/pt-pt\/wp-json\/wp\/v2\/types\/page"}],"author":[{"embeddable":true,"href":"https:\/\/iha-race.com\/pt-pt\/wp-json\/wp\/v2\/users\/1"}],"replies":[{"embeddable":true,"href":"https:\/\/iha-race.com\/pt-pt\/wp-json\/wp\/v2\/comments?post=110675"}],"version-history":[{"count":1,"href":"https:\/\/iha-race.com\/pt-pt\/wp-json\/wp\/v2\/pages\/110675\/revisions"}],"predecessor-version":[{"id":110677,"href":"https:\/\/iha-race.com\/pt-pt\/wp-json\/wp\/v2\/pages\/110675\/revisions\/110677"}],"wp:attachment":[{"href":"https:\/\/iha-race.com\/pt-pt\/wp-json\/wp\/v2\/media?parent=110675"}],"curies":[{"name":"wp","href":"https:\/\/api.w.org\/{rel}","templated":true}]}}