{"id":252974,"date":"2025-01-13T11:23:36","date_gmt":"2025-01-13T10:23:36","guid":{"rendered":"https:\/\/iha-race.com\/producto\/dji-o4-air-unit-pro\/"},"modified":"2025-01-13T11:23:36","modified_gmt":"2025-01-13T10:23:36","slug":"dji-o4-air-unit-pro","status":"publish","type":"product","link":"https:\/\/iha-race.com\/it\/prodotto\/dji-o4-air-unit-pro\/","title":{"rendered":"DJI O4 Air Unit Pro"},"content":{"rendered":"<h2>DJI O4 Air Unit Pro<\/h2>\n<div class=\"style__body___hRZQQ layout-top-bottom section-container\">\n<div class=\"style__content-container___5Yesm\">\n<div>\n<div>\n<div class=\"product-detail-temp-specs\">\n<div class=\"temp-specs-table\">\n<div class=\"temp-specs-tbody\">\n<div class=\"temp-specs-tr\">\n<div class=\"temp-specs-td name\">Descrizione generale<\/div>\n<div class=\"temp-specs-td value\">\n<p><strong>Nuove altezze di trasmissione, maggiore libert\u00e0 di volo<\/strong><\/p>\n<p>La serie DJI O4 Air Unit \u00e8 dotata del sistema di trasmissione video DJI O4, che ti permette di ottenere una latenza bassissima per un controllo pi\u00f9 agile. Se abbinato al design a doppia antenna della DJI O4 Air Unit Pro, la distanza massima di trasmissione pu\u00f2 raggiungere i 15 chilometri. [Questo sistema \u00e8 in grado di selezionare automaticamente la frequenza pi\u00f9 stabile. Sia che tu stia sorvolando fiumi e montagne o che ti stia muovendo in ambienti chiusi, sarai in grado di eseguire azioni con sicurezza e precisione.  <\/p>\n<p><strong>Nitido e fluido, e visivamente sorprendente.<\/strong><\/p>\n<p>La serie di unit\u00e0 DJI O4 Air \u00e8 in grado di registrare video a 4K\/60 fps. Il sistema di trasmissione video utilizza la codifica video H.265, che lo rende compatibile con la trasmissione ad alta frequenza di fotogrammi a 1080p\/100fps per immagini chiare e fluide in tempo reale. Indipendentemente dalla velocit\u00e0 del tuo volo, il display della videocamera terr\u00e0 il passo.  <\/p>\n<p><strong>Nuova modalit\u00e0 carriera: velocit\u00e0 senza freni; divertimento senza limiti<\/strong><\/p>\n<p>La serie DJI O4 Air Unit introduce una nuova modalit\u00e0 di gara, <sup>[2]<\/sup> con una latenza di trasmissione video di soli 15 millisecondi. <sup>[3]<\/sup> Supporta fino a otto velivoli in gara contemporaneamente, <sup>[4] <\/sup>per un&#8217;emozionante corsa ad alta velocit\u00e0 nei cieli.<\/p>\n<p><strong>Acquisizione immagini migliorata: capolavori cinematografici a portata di mano<\/strong><\/p>\n<p>La DJI O4 Air Unit vanta un sensore di immagine da 1\/2 pollice in grado di registrare video a 4K\/60 fps. La DJI O4 Air Unit Pro si spinge ancora pi\u00f9 in l\u00e0 con il suo sensore di immagine da 1\/1,3 pollici, in grado di riprendere video a 4K\/120 fps. Non \u00e8 necessaria una action camera esterna per ottenere riprese ultra-grandangolari e ad alta definizione. Creare immagini spettacolari non \u00e8 mai stato cos\u00ec facile.   <\/p>\n<p><strong>Anche in piena luce, crea con sicurezza<\/strong><\/p>\n<p>Il modulo fotocamera DJI O4 Air Unit Pro pu\u00f2 essere utilizzato con il set di filtri ND DJI Avata 2 (ND8\/16\/32). <sup>[5] <\/sup>Anche in condizioni di forte illuminazione, garantisce un&#8217;esposizione bilanciata e colori fedeli. Questo ti permette di controllare in modo flessibile la luce catturata e la velocit\u00e0 dell&#8217;otturatore, in modo da ottenere facilmente una sfocatura naturale del movimento e rendere le tue immagini pi\u00f9 dinamiche e d&#8217;impatto. <\/p>\n<p><strong>Compatibile con la modalit\u00e0 Canvas: Il tuo volo, la tua strada<\/strong><\/p>\n<p>Hai il pieno controllo di ci\u00f2 che viene visualizzato sullo schermo. La serie DJI O4 Air Unit supporta la modalit\u00e0 Canvas e la configurazione Betaflight OSD. Puoi personalizzare i dati in tempo reale e il layout visualizzato sullo schermo del tuo visore per rendere i dati di volo pi\u00f9 chiari a colpo d&#8217;occhio e per migliorare la precisione del controllo.  <\/p>\n<p><strong>Design leggero e adattamento senza sforzo<\/strong><\/p>\n<p>La serie DJI O4 Air Unit \u00e8 caratterizzata da un design leggero e portatile con una grande compatibilit\u00e0. In particolare, l&#8217;unit\u00e0 DJI O4 Air pu\u00f2 ospitare telai di droni di dimensioni pari o inferiori a 2 pollici, consentendo un montaggio flessibile per adattarsi a varie situazioni di volo creativo. Prova il brivido del volo e cattura immagini di alta qualit\u00e0 con facilit\u00e0.  <\/p>\n<\/div>\n<\/div>\n<div class=\"temp-specs-tr\">\n<div class=\"temp-specs-td name\">Contenuto della confezione<\/div>\n<p><strong>DJI O4 Air Unit Pro<\/strong><\/p>\n<p>Modulo fotocamera DJI O4 Air Unit Pro \u00d7 1 Modulo trasmettitore DJI O4 Air Unit Pro \u00d7 1 Antenna DJI O4 Air Unit Pro \u00d7 2 Cavo DJI O4 Air Unit Pro 3-in-1 \u00d7 1 Antenna DJI O4 Air Unit Pro \u00d7 2 Cavo DJI O4 Air Unit Pro 3-in-1 \u00d7 1<\/p>\n<div class=\"temp-specs-td value\">\n<p><strong>Piano di adattamento 1<\/strong><\/p>\n<p>Occhiali DJI 3<\/p>\n<p>Occhiali DJI N3<\/p>\n<p>Telecomando FPV DJI 3<\/p>\n<p><strong>Piano di adattamento 2<\/strong><\/p>\n<p>Occhiali DJI 2<\/p>\n<p>Occhiali DJI Integra<\/p>\n<p>Telecomando FPV DJI 2<\/p>\n<\/div>\n<\/div>\n<\/div>\n<\/div>\n<\/div>\n<\/div>\n<\/div>\n<\/div>\n<\/div>\n<div class=\"section-container\"><\/div>\n<div>\n<div>\n<p>1. Secondo la normativa FCC, in un ambiente esterno aperto e privo di interferenze, la portata massima di trasmissione video della DJI O4 Air Unit Pro \u00e8 di 15 km. Per l&#8217;Unit\u00e0 Aerea DJI O4 \u00e8 di 10 km. 2. Per attivare la modalit\u00e0 Race, sono necessari i DJI Goggles 3 o Goggles N3. In questa modalit\u00e0, le specifiche di registrazione video predefinite sono 1080p\/100 fps e la modalit\u00e0 del canale di trasmissione video passa a manuale, offrendo opzioni di larghezza di banda di 20 MHz o 40 MHz. La selezione del canale supportata in modalit\u00e0 gara pu\u00f2 variare a seconda delle normative dei diversi paesi e regioni. 3. La DJI O4 Air Unit offre una latenza di trasmissione video minima di 20 ms, mentre la DJI O4 Air Unit Pro raggiunge una latenza minima di 15 ms. Queste misurazioni sono state raccolte con i DJI Goggles 3 in modalit\u00e0 gara. 4. Le normative variano a seconda del paese e della regione e le prestazioni effettive possono variare. <\/p>\n<\/div>\n<\/div>\n","protected":false},"excerpt":{"rendered":"<p>DJI O4 Air Unit Pro Descrizione generale Nuove altezze di trasmissione, maggiore libert\u00e0 di volo La serie DJI O4 Air Unit \u00e8 dotata del sistema di trasmissione video DJI O4,<\/p>\n","protected":false},"featured_media":252959,"comment_status":"open","ping_status":"closed","template":"","meta":{"_joinchat":[]},"pwb-brand":[3567],"product_cat":[3329,3345,3341,2054],"product_tag":[],"class_list":{"0":"post-252974","1":"product","2":"type-product","3":"status-publish","4":"has-post-thumbnail","6":"pwb-brand-dji","7":"product_cat-dji-it","8":"product_cat-dji-it-2","9":"product_cat-dji-fpv-it","10":"product_cat-sistemi-digitali","12":"first","13":"outofstock","14":"taxable","15":"shipping-taxable","16":"purchasable","17":"product-type-simple"},"barcode":null,"atum_controlled":true,"out_stock_date":null,"out_stock_threshold":null,"inheritable":false,"stock_on_hold":0,"sold_today":0,"sales_last_days":0,"out_stock_days":0,"lost_sales":0,"update_date":"2026-04-16T06:31:19","atum_locations":[],"atum_stock_status":"outofstock","restock_status":false,"low_stock_amount":"","sales_update_date":"2026-04-16T06:31:19","calc_backorders":null,"yoast_head":"<!-- This site is optimized with the Yoast SEO plugin v27.3 - https:\/\/yoast.com\/product\/yoast-seo-wordpress\/ -->\n<title>DJI O4 Air Unit Pro - Iha Race<\/title>\n<meta name=\"robots\" content=\"index, follow, max-snippet:-1, max-image-preview:large, max-video-preview:-1\" \/>\n<link rel=\"canonical\" href=\"https:\/\/iha-race.com\/it\/prodotto\/dji-o4-air-unit-pro\/\" \/>\n<meta property=\"og:locale\" content=\"it_IT\" \/>\n<meta property=\"og:type\" content=\"article\" \/>\n<meta property=\"og:title\" content=\"DJI O4 Air Unit Pro - Iha Race\" \/>\n<meta property=\"og:description\" content=\"DJI O4 Air Unit Pro Descrizione generale Nuove altezze di trasmissione, maggiore libert\u00e0 di volo La serie DJI O4 Air Unit \u00e8 dotata del sistema di trasmissione video DJI O4,\" \/>\n<meta property=\"og:url\" content=\"https:\/\/iha-race.com\/it\/prodotto\/dji-o4-air-unit-pro\/\" \/>\n<meta property=\"og:site_name\" content=\"Iha Race\" \/>\n<meta property=\"og:image\" content=\"https:\/\/iha-race.com\/wp-content\/uploads\/2025\/01\/DJI-O4-Air-Unit-Pro.jpg\" \/>\n\t<meta property=\"og:image:width\" content=\"1100\" \/>\n\t<meta property=\"og:image:height\" content=\"1422\" \/>\n\t<meta property=\"og:image:type\" content=\"image\/jpeg\" \/>\n<meta name=\"twitter:card\" content=\"summary_large_image\" \/>\n<meta name=\"twitter:label1\" content=\"Tempo di lettura stimato\" \/>\n\t<meta name=\"twitter:data1\" content=\"4 minuti\" \/>\n<script type=\"application\/ld+json\" class=\"yoast-schema-graph\">{\"@context\":\"https:\\\/\\\/schema.org\",\"@graph\":[{\"@type\":\"WebPage\",\"@id\":\"https:\\\/\\\/iha-race.com\\\/it\\\/prodotto\\\/dji-o4-air-unit-pro\\\/\",\"url\":\"https:\\\/\\\/iha-race.com\\\/it\\\/prodotto\\\/dji-o4-air-unit-pro\\\/\",\"name\":\"DJI O4 Air Unit Pro - Iha Race\",\"isPartOf\":{\"@id\":\"https:\\\/\\\/iha-race.com\\\/it\\\/#website\"},\"primaryImageOfPage\":{\"@id\":\"https:\\\/\\\/iha-race.com\\\/it\\\/prodotto\\\/dji-o4-air-unit-pro\\\/#primaryimage\"},\"image\":{\"@id\":\"https:\\\/\\\/iha-race.com\\\/it\\\/prodotto\\\/dji-o4-air-unit-pro\\\/#primaryimage\"},\"thumbnailUrl\":\"https:\\\/\\\/iha-race.com\\\/wp-content\\\/uploads\\\/2025\\\/01\\\/DJI-O4-Air-Unit-Pro.jpg\",\"datePublished\":\"2025-01-13T10:23:36+00:00\",\"breadcrumb\":{\"@id\":\"https:\\\/\\\/iha-race.com\\\/it\\\/prodotto\\\/dji-o4-air-unit-pro\\\/#breadcrumb\"},\"inLanguage\":\"it-IT\",\"potentialAction\":[{\"@type\":\"ReadAction\",\"target\":[\"https:\\\/\\\/iha-race.com\\\/it\\\/prodotto\\\/dji-o4-air-unit-pro\\\/\"]}]},{\"@type\":\"ImageObject\",\"inLanguage\":\"it-IT\",\"@id\":\"https:\\\/\\\/iha-race.com\\\/it\\\/prodotto\\\/dji-o4-air-unit-pro\\\/#primaryimage\",\"url\":\"https:\\\/\\\/iha-race.com\\\/wp-content\\\/uploads\\\/2025\\\/01\\\/DJI-O4-Air-Unit-Pro.jpg\",\"contentUrl\":\"https:\\\/\\\/iha-race.com\\\/wp-content\\\/uploads\\\/2025\\\/01\\\/DJI-O4-Air-Unit-Pro.jpg\",\"width\":1100,\"height\":1422,\"caption\":\"Comprar DJI O4 Air Unit Pro\"},{\"@type\":\"BreadcrumbList\",\"@id\":\"https:\\\/\\\/iha-race.com\\\/it\\\/prodotto\\\/dji-o4-air-unit-pro\\\/#breadcrumb\",\"itemListElement\":[{\"@type\":\"ListItem\",\"position\":1,\"name\":\"Portada\",\"item\":\"https:\\\/\\\/iha-race.com\\\/it\\\/\"},{\"@type\":\"ListItem\",\"position\":2,\"name\":\"Negozio\",\"item\":\"https:\\\/\\\/iha-race.com\\\/it\\\/negozio\\\/\"},{\"@type\":\"ListItem\",\"position\":3,\"name\":\"DJI O4 Air Unit Pro\"}]},{\"@type\":\"WebSite\",\"@id\":\"https:\\\/\\\/iha-race.com\\\/it\\\/#website\",\"url\":\"https:\\\/\\\/iha-race.com\\\/it\\\/\",\"name\":\"Iha Race\",\"description\":\"Comprar drones de carreras FPV env\u00edos en un d\u00eda desde Espa\u00f1a\",\"publisher\":{\"@id\":\"https:\\\/\\\/iha-race.com\\\/it\\\/#organization\"},\"potentialAction\":[{\"@type\":\"SearchAction\",\"target\":{\"@type\":\"EntryPoint\",\"urlTemplate\":\"https:\\\/\\\/iha-race.com\\\/it\\\/?s={search_term_string}\"},\"query-input\":{\"@type\":\"PropertyValueSpecification\",\"valueRequired\":true,\"valueName\":\"search_term_string\"}}],\"inLanguage\":\"it-IT\"},{\"@type\":\"Organization\",\"@id\":\"https:\\\/\\\/iha-race.com\\\/it\\\/#organization\",\"name\":\"Iha Race\",\"url\":\"https:\\\/\\\/iha-race.com\\\/it\\\/\",\"logo\":{\"@type\":\"ImageObject\",\"inLanguage\":\"it-IT\",\"@id\":\"https:\\\/\\\/iha-race.com\\\/it\\\/#\\\/schema\\\/logo\\\/image\\\/\",\"url\":\"https:\\\/\\\/iha-race.com\\\/wp-content\\\/uploads\\\/2018\\\/07\\\/iha-race-drones-de-carreras-tienda-comprar-drones.png\",\"contentUrl\":\"https:\\\/\\\/iha-race.com\\\/wp-content\\\/uploads\\\/2018\\\/07\\\/iha-race-drones-de-carreras-tienda-comprar-drones.png\",\"width\":300,\"height\":100,\"caption\":\"Iha Race\"},\"image\":{\"@id\":\"https:\\\/\\\/iha-race.com\\\/it\\\/#\\\/schema\\\/logo\\\/image\\\/\"}}]}<\/script>\n<!-- \/ Yoast SEO plugin. -->","yoast_head_json":{"title":"DJI O4 Air Unit Pro - Iha Race","robots":{"index":"index","follow":"follow","max-snippet":"max-snippet:-1","max-image-preview":"max-image-preview:large","max-video-preview":"max-video-preview:-1"},"canonical":"https:\/\/iha-race.com\/it\/prodotto\/dji-o4-air-unit-pro\/","og_locale":"it_IT","og_type":"article","og_title":"DJI O4 Air Unit Pro - Iha Race","og_description":"DJI O4 Air Unit Pro Descrizione generale Nuove altezze di trasmissione, maggiore libert\u00e0 di volo La serie DJI O4 Air Unit \u00e8 dotata del sistema di trasmissione video DJI O4,","og_url":"https:\/\/iha-race.com\/it\/prodotto\/dji-o4-air-unit-pro\/","og_site_name":"Iha Race","og_image":[{"width":1100,"height":1422,"url":"https:\/\/iha-race.com\/wp-content\/uploads\/2025\/01\/DJI-O4-Air-Unit-Pro.jpg","type":"image\/jpeg"}],"twitter_card":"summary_large_image","twitter_misc":{"Tempo di lettura stimato":"4 minuti"},"schema":{"@context":"https:\/\/schema.org","@graph":[{"@type":"WebPage","@id":"https:\/\/iha-race.com\/it\/prodotto\/dji-o4-air-unit-pro\/","url":"https:\/\/iha-race.com\/it\/prodotto\/dji-o4-air-unit-pro\/","name":"DJI O4 Air Unit Pro - Iha Race","isPartOf":{"@id":"https:\/\/iha-race.com\/it\/#website"},"primaryImageOfPage":{"@id":"https:\/\/iha-race.com\/it\/prodotto\/dji-o4-air-unit-pro\/#primaryimage"},"image":{"@id":"https:\/\/iha-race.com\/it\/prodotto\/dji-o4-air-unit-pro\/#primaryimage"},"thumbnailUrl":"https:\/\/iha-race.com\/wp-content\/uploads\/2025\/01\/DJI-O4-Air-Unit-Pro.jpg","datePublished":"2025-01-13T10:23:36+00:00","breadcrumb":{"@id":"https:\/\/iha-race.com\/it\/prodotto\/dji-o4-air-unit-pro\/#breadcrumb"},"inLanguage":"it-IT","potentialAction":[{"@type":"ReadAction","target":["https:\/\/iha-race.com\/it\/prodotto\/dji-o4-air-unit-pro\/"]}]},{"@type":"ImageObject","inLanguage":"it-IT","@id":"https:\/\/iha-race.com\/it\/prodotto\/dji-o4-air-unit-pro\/#primaryimage","url":"https:\/\/iha-race.com\/wp-content\/uploads\/2025\/01\/DJI-O4-Air-Unit-Pro.jpg","contentUrl":"https:\/\/iha-race.com\/wp-content\/uploads\/2025\/01\/DJI-O4-Air-Unit-Pro.jpg","width":1100,"height":1422,"caption":"Comprar DJI O4 Air Unit Pro"},{"@type":"BreadcrumbList","@id":"https:\/\/iha-race.com\/it\/prodotto\/dji-o4-air-unit-pro\/#breadcrumb","itemListElement":[{"@type":"ListItem","position":1,"name":"Portada","item":"https:\/\/iha-race.com\/it\/"},{"@type":"ListItem","position":2,"name":"Negozio","item":"https:\/\/iha-race.com\/it\/negozio\/"},{"@type":"ListItem","position":3,"name":"DJI O4 Air Unit Pro"}]},{"@type":"WebSite","@id":"https:\/\/iha-race.com\/it\/#website","url":"https:\/\/iha-race.com\/it\/","name":"Iha Race","description":"Comprar drones de carreras FPV env\u00edos en un d\u00eda desde Espa\u00f1a","publisher":{"@id":"https:\/\/iha-race.com\/it\/#organization"},"potentialAction":[{"@type":"SearchAction","target":{"@type":"EntryPoint","urlTemplate":"https:\/\/iha-race.com\/it\/?s={search_term_string}"},"query-input":{"@type":"PropertyValueSpecification","valueRequired":true,"valueName":"search_term_string"}}],"inLanguage":"it-IT"},{"@type":"Organization","@id":"https:\/\/iha-race.com\/it\/#organization","name":"Iha Race","url":"https:\/\/iha-race.com\/it\/","logo":{"@type":"ImageObject","inLanguage":"it-IT","@id":"https:\/\/iha-race.com\/it\/#\/schema\/logo\/image\/","url":"https:\/\/iha-race.com\/wp-content\/uploads\/2018\/07\/iha-race-drones-de-carreras-tienda-comprar-drones.png","contentUrl":"https:\/\/iha-race.com\/wp-content\/uploads\/2018\/07\/iha-race-drones-de-carreras-tienda-comprar-drones.png","width":300,"height":100,"caption":"Iha Race"},"image":{"@id":"https:\/\/iha-race.com\/it\/#\/schema\/logo\/image\/"}}]}},"brands":[{"id":3567,"name":"DJI","slug":"dji"}],"_links":{"self":[{"href":"https:\/\/iha-race.com\/it\/wp-json\/wp\/v2\/product\/252974","targetHints":{"allow":["GET"]}}],"collection":[{"href":"https:\/\/iha-race.com\/it\/wp-json\/wp\/v2\/product"}],"about":[{"href":"https:\/\/iha-race.com\/it\/wp-json\/wp\/v2\/types\/product"}],"replies":[{"embeddable":true,"href":"https:\/\/iha-race.com\/it\/wp-json\/wp\/v2\/comments?post=252974"}],"version-history":[{"count":0,"href":"https:\/\/iha-race.com\/it\/wp-json\/wp\/v2\/product\/252974\/revisions"}],"wp:featuredmedia":[{"embeddable":true,"href":"https:\/\/iha-race.com\/it\/wp-json\/wp\/v2\/media\/252959"}],"wp:attachment":[{"href":"https:\/\/iha-race.com\/it\/wp-json\/wp\/v2\/media?parent=252974"}],"wp:term":[{"taxonomy":"pwb-brand","embeddable":true,"href":"https:\/\/iha-race.com\/it\/wp-json\/wp\/v2\/pwb-brand?post=252974"},{"taxonomy":"product_cat","embeddable":true,"href":"https:\/\/iha-race.com\/it\/wp-json\/wp\/v2\/product_cat?post=252974"},{"taxonomy":"product_tag","embeddable":true,"href":"https:\/\/iha-race.com\/it\/wp-json\/wp\/v2\/product_tag?post=252974"}],"curies":[{"name":"wp","href":"https:\/\/api.w.org\/{rel}","templated":true}]}}