{"id":252693,"date":"2024-12-20T12:06:42","date_gmt":"2024-12-20T11:06:42","guid":{"rendered":"https:\/\/iha-race.com\/producto\/motore-xing-e-3314-cinelifter\/"},"modified":"2024-12-26T11:26:48","modified_gmt":"2024-12-26T10:26:48","slug":"motore-xing-e-3314-cinelifter","status":"publish","type":"product","link":"https:\/\/iha-race.com\/it\/prodotto\/motore-xing-e-3314-cinelifter\/","title":{"rendered":"Motore XING-E 3314 Cinelifter"},"content":{"rendered":"<h2>Motore XING-E 3314 Cinelifter<\/h2>\n<p>&nbsp;<\/p>\n<div class=\"about\">\n<div class=\"about__wrapper no-js-hidden\">\n<div class=\"about__accordion-item\">\n<div class=\"about__accordion-description\">\n<p>I nostri motori NextGen della serie XING sono diventati popolari dopo il lancio iniziale nel 2018 e sono diventati il nuovo standard del mercato. \u00c8 stata la forma curva o l&#8217;anello interno che protegge il cuscinetto, oppure i cuscinetti NSK di qualit\u00e0 superiore combinati con un albero in lega di titanio di qualit\u00e0 superiore? Siamo stati copiati e paragonati per tutti questi anni, ma ora \u00e8 giunto il momento di stabilire di nuovo un nuovo standard!<\/p>\n<p>&nbsp;<\/p>\n<h3>Bilancio<\/h3>\n<p>Modello: Motore XING-E 3314<\/p>\n<p>KV: 900 kV<\/p>\n<p>Peso (cavo incluso): 120 g<\/p>\n<p>Dimensioni: \u03c638,6 x 29,8 mm<\/p>\n<p>Resistenza interfase: 48,1 m\u03a9<\/p>\n<p>Tensione di ingresso: 24 V<\/p>\n<p>Corrente massima: 58,48 A<\/p>\n<p>Potenza massima: 1366,1 W<\/p>\n<p>Fori di montaggio: 19*19 \u03c63 mm<\/p>\n<p>Diametro dell&#8217;albero: 5 mm<\/p>\n<p>Specifiche del rotore: Campana a segmenti<\/p>\n<p>Lunghezza della sporgenza dell&#8217;albero: 15 mm\/17 mm<\/p>\n<p>Cavo: 400 mm\/16 AWG<\/p>\n<p>Magnete: N52H curvo<\/p>\n<p>Configurazione: 12N14P<\/p>\n<p>Specifiche del cuscinetto: \u03c611*\u03c65*5<\/p>\n<p>Avvolgimento: Avvolgimento in rame a filo singolo<\/p>\n<p>&nbsp;<\/p>\n<h3>Elenco degli imballaggi<\/h3>\n<p>1 Motore brushless XING-E 3314 da 900 KV<\/p>\n<p>4 viti M3*10<\/p>\n<p>1 dado flangiato M5<\/p>\n<\/div>\n<\/div>\n<\/div>\n<\/div>\n<div class=\"promo-banner promo-banner--expanded\">\n<div class=\"promo-banner__wrapper\"><\/div>\n<\/div>\n","protected":false},"excerpt":{"rendered":"<p>Motore XING-E 3314 Cinelifter &nbsp; I nostri motori NextGen della serie XING sono diventati popolari dopo il lancio iniziale nel 2018 e sono diventati il nuovo standard del mercato. \u00c8<\/p>\n","protected":false},"featured_media":252685,"comment_status":"open","ping_status":"closed","template":"","meta":{"_joinchat":[]},"pwb-brand":[],"product_cat":[1242,2478],"product_tag":[],"class_list":{"0":"post-252693","1":"product","2":"type-product","3":"status-publish","4":"has-post-thumbnail","6":"product_cat-motori-fpv","7":"product_cat-senza-spazzole-con-albero","9":"first","10":"instock","11":"taxable","12":"shipping-taxable","13":"purchasable","14":"product-type-simple"},"barcode":null,"atum_controlled":true,"out_stock_date":null,"out_stock_threshold":null,"inheritable":false,"stock_on_hold":0,"sold_today":0,"sales_last_days":0,"out_stock_days":0,"lost_sales":0,"update_date":"2026-04-16T06:28:52","atum_locations":[],"atum_stock_status":"instock","restock_status":false,"low_stock_amount":"","sales_update_date":"2026-04-16T06:28:52","calc_backorders":null,"yoast_head":"<!-- This site is optimized with the Yoast SEO plugin v27.3 - https:\/\/yoast.com\/product\/yoast-seo-wordpress\/ -->\n<title>Motore XING-E 3314 Cinelifter - Iha Race<\/title>\n<meta name=\"robots\" content=\"index, follow, max-snippet:-1, max-image-preview:large, max-video-preview:-1\" \/>\n<link rel=\"canonical\" href=\"https:\/\/iha-race.com\/it\/prodotto\/motore-xing-e-3314-cinelifter\/\" \/>\n<meta property=\"og:locale\" content=\"it_IT\" \/>\n<meta property=\"og:type\" content=\"article\" \/>\n<meta property=\"og:title\" content=\"Motore XING-E 3314 Cinelifter - Iha Race\" \/>\n<meta property=\"og:description\" content=\"Motore XING-E 3314 Cinelifter &nbsp; I nostri motori NextGen della serie XING sono diventati popolari dopo il lancio iniziale nel 2018 e sono diventati il nuovo standard del mercato. \u00c8\" \/>\n<meta property=\"og:url\" content=\"https:\/\/iha-race.com\/it\/prodotto\/motore-xing-e-3314-cinelifter\/\" \/>\n<meta property=\"og:site_name\" content=\"Iha Race\" \/>\n<meta property=\"article:modified_time\" content=\"2024-12-26T10:26:48+00:00\" \/>\n<meta property=\"og:image\" content=\"https:\/\/iha-race.com\/wp-content\/uploads\/2024\/12\/Motor-cinelifter-XING-E-3314.webp\" \/>\n\t<meta property=\"og:image:width\" content=\"800\" \/>\n\t<meta property=\"og:image:height\" content=\"800\" \/>\n\t<meta property=\"og:image:type\" content=\"image\/webp\" \/>\n<meta name=\"twitter:card\" content=\"summary_large_image\" \/>\n<meta name=\"twitter:label1\" content=\"Tempo di lettura stimato\" \/>\n\t<meta name=\"twitter:data1\" content=\"1 minuto\" \/>\n<script type=\"application\/ld+json\" class=\"yoast-schema-graph\">{\"@context\":\"https:\\\/\\\/schema.org\",\"@graph\":[{\"@type\":\"WebPage\",\"@id\":\"https:\\\/\\\/iha-race.com\\\/it\\\/prodotto\\\/motore-xing-e-3314-cinelifter\\\/\",\"url\":\"https:\\\/\\\/iha-race.com\\\/it\\\/prodotto\\\/motore-xing-e-3314-cinelifter\\\/\",\"name\":\"Motore XING-E 3314 Cinelifter - Iha Race\",\"isPartOf\":{\"@id\":\"https:\\\/\\\/iha-race.com\\\/it\\\/#website\"},\"primaryImageOfPage\":{\"@id\":\"https:\\\/\\\/iha-race.com\\\/it\\\/prodotto\\\/motore-xing-e-3314-cinelifter\\\/#primaryimage\"},\"image\":{\"@id\":\"https:\\\/\\\/iha-race.com\\\/it\\\/prodotto\\\/motore-xing-e-3314-cinelifter\\\/#primaryimage\"},\"thumbnailUrl\":\"https:\\\/\\\/iha-race.com\\\/wp-content\\\/uploads\\\/2024\\\/12\\\/Motor-cinelifter-XING-E-3314.webp\",\"datePublished\":\"2024-12-20T11:06:42+00:00\",\"dateModified\":\"2024-12-26T10:26:48+00:00\",\"breadcrumb\":{\"@id\":\"https:\\\/\\\/iha-race.com\\\/it\\\/prodotto\\\/motore-xing-e-3314-cinelifter\\\/#breadcrumb\"},\"inLanguage\":\"it-IT\",\"potentialAction\":[{\"@type\":\"ReadAction\",\"target\":[\"https:\\\/\\\/iha-race.com\\\/it\\\/prodotto\\\/motore-xing-e-3314-cinelifter\\\/\"]}]},{\"@type\":\"ImageObject\",\"inLanguage\":\"it-IT\",\"@id\":\"https:\\\/\\\/iha-race.com\\\/it\\\/prodotto\\\/motore-xing-e-3314-cinelifter\\\/#primaryimage\",\"url\":\"https:\\\/\\\/iha-race.com\\\/wp-content\\\/uploads\\\/2024\\\/12\\\/Motor-cinelifter-XING-E-3314.webp\",\"contentUrl\":\"https:\\\/\\\/iha-race.com\\\/wp-content\\\/uploads\\\/2024\\\/12\\\/Motor-cinelifter-XING-E-3314.webp\",\"width\":800,\"height\":800,\"caption\":\"Comprar Motor cinelifter XING-E 3314\"},{\"@type\":\"BreadcrumbList\",\"@id\":\"https:\\\/\\\/iha-race.com\\\/it\\\/prodotto\\\/motore-xing-e-3314-cinelifter\\\/#breadcrumb\",\"itemListElement\":[{\"@type\":\"ListItem\",\"position\":1,\"name\":\"Portada\",\"item\":\"https:\\\/\\\/iha-race.com\\\/it\\\/\"},{\"@type\":\"ListItem\",\"position\":2,\"name\":\"Negozio\",\"item\":\"https:\\\/\\\/iha-race.com\\\/it\\\/negozio\\\/\"},{\"@type\":\"ListItem\",\"position\":3,\"name\":\"Motore XING-E 3314 Cinelifter\"}]},{\"@type\":\"WebSite\",\"@id\":\"https:\\\/\\\/iha-race.com\\\/it\\\/#website\",\"url\":\"https:\\\/\\\/iha-race.com\\\/it\\\/\",\"name\":\"Iha Race\",\"description\":\"Comprar drones de carreras FPV env\u00edos en un d\u00eda desde Espa\u00f1a\",\"publisher\":{\"@id\":\"https:\\\/\\\/iha-race.com\\\/it\\\/#organization\"},\"potentialAction\":[{\"@type\":\"SearchAction\",\"target\":{\"@type\":\"EntryPoint\",\"urlTemplate\":\"https:\\\/\\\/iha-race.com\\\/it\\\/?s={search_term_string}\"},\"query-input\":{\"@type\":\"PropertyValueSpecification\",\"valueRequired\":true,\"valueName\":\"search_term_string\"}}],\"inLanguage\":\"it-IT\"},{\"@type\":\"Organization\",\"@id\":\"https:\\\/\\\/iha-race.com\\\/it\\\/#organization\",\"name\":\"Iha Race\",\"url\":\"https:\\\/\\\/iha-race.com\\\/it\\\/\",\"logo\":{\"@type\":\"ImageObject\",\"inLanguage\":\"it-IT\",\"@id\":\"https:\\\/\\\/iha-race.com\\\/it\\\/#\\\/schema\\\/logo\\\/image\\\/\",\"url\":\"https:\\\/\\\/iha-race.com\\\/wp-content\\\/uploads\\\/2018\\\/07\\\/iha-race-drones-de-carreras-tienda-comprar-drones.png\",\"contentUrl\":\"https:\\\/\\\/iha-race.com\\\/wp-content\\\/uploads\\\/2018\\\/07\\\/iha-race-drones-de-carreras-tienda-comprar-drones.png\",\"width\":300,\"height\":100,\"caption\":\"Iha Race\"},\"image\":{\"@id\":\"https:\\\/\\\/iha-race.com\\\/it\\\/#\\\/schema\\\/logo\\\/image\\\/\"}}]}<\/script>\n<!-- \/ Yoast SEO plugin. -->","yoast_head_json":{"title":"Motore XING-E 3314 Cinelifter - Iha Race","robots":{"index":"index","follow":"follow","max-snippet":"max-snippet:-1","max-image-preview":"max-image-preview:large","max-video-preview":"max-video-preview:-1"},"canonical":"https:\/\/iha-race.com\/it\/prodotto\/motore-xing-e-3314-cinelifter\/","og_locale":"it_IT","og_type":"article","og_title":"Motore XING-E 3314 Cinelifter - Iha Race","og_description":"Motore XING-E 3314 Cinelifter &nbsp; I nostri motori NextGen della serie XING sono diventati popolari dopo il lancio iniziale nel 2018 e sono diventati il nuovo standard del mercato. \u00c8","og_url":"https:\/\/iha-race.com\/it\/prodotto\/motore-xing-e-3314-cinelifter\/","og_site_name":"Iha Race","article_modified_time":"2024-12-26T10:26:48+00:00","og_image":[{"width":800,"height":800,"url":"https:\/\/iha-race.com\/wp-content\/uploads\/2024\/12\/Motor-cinelifter-XING-E-3314.webp","type":"image\/webp"}],"twitter_card":"summary_large_image","twitter_misc":{"Tempo di lettura stimato":"1 minuto"},"schema":{"@context":"https:\/\/schema.org","@graph":[{"@type":"WebPage","@id":"https:\/\/iha-race.com\/it\/prodotto\/motore-xing-e-3314-cinelifter\/","url":"https:\/\/iha-race.com\/it\/prodotto\/motore-xing-e-3314-cinelifter\/","name":"Motore XING-E 3314 Cinelifter - Iha Race","isPartOf":{"@id":"https:\/\/iha-race.com\/it\/#website"},"primaryImageOfPage":{"@id":"https:\/\/iha-race.com\/it\/prodotto\/motore-xing-e-3314-cinelifter\/#primaryimage"},"image":{"@id":"https:\/\/iha-race.com\/it\/prodotto\/motore-xing-e-3314-cinelifter\/#primaryimage"},"thumbnailUrl":"https:\/\/iha-race.com\/wp-content\/uploads\/2024\/12\/Motor-cinelifter-XING-E-3314.webp","datePublished":"2024-12-20T11:06:42+00:00","dateModified":"2024-12-26T10:26:48+00:00","breadcrumb":{"@id":"https:\/\/iha-race.com\/it\/prodotto\/motore-xing-e-3314-cinelifter\/#breadcrumb"},"inLanguage":"it-IT","potentialAction":[{"@type":"ReadAction","target":["https:\/\/iha-race.com\/it\/prodotto\/motore-xing-e-3314-cinelifter\/"]}]},{"@type":"ImageObject","inLanguage":"it-IT","@id":"https:\/\/iha-race.com\/it\/prodotto\/motore-xing-e-3314-cinelifter\/#primaryimage","url":"https:\/\/iha-race.com\/wp-content\/uploads\/2024\/12\/Motor-cinelifter-XING-E-3314.webp","contentUrl":"https:\/\/iha-race.com\/wp-content\/uploads\/2024\/12\/Motor-cinelifter-XING-E-3314.webp","width":800,"height":800,"caption":"Comprar Motor cinelifter XING-E 3314"},{"@type":"BreadcrumbList","@id":"https:\/\/iha-race.com\/it\/prodotto\/motore-xing-e-3314-cinelifter\/#breadcrumb","itemListElement":[{"@type":"ListItem","position":1,"name":"Portada","item":"https:\/\/iha-race.com\/it\/"},{"@type":"ListItem","position":2,"name":"Negozio","item":"https:\/\/iha-race.com\/it\/negozio\/"},{"@type":"ListItem","position":3,"name":"Motore XING-E 3314 Cinelifter"}]},{"@type":"WebSite","@id":"https:\/\/iha-race.com\/it\/#website","url":"https:\/\/iha-race.com\/it\/","name":"Iha Race","description":"Comprar drones de carreras FPV env\u00edos en un d\u00eda desde Espa\u00f1a","publisher":{"@id":"https:\/\/iha-race.com\/it\/#organization"},"potentialAction":[{"@type":"SearchAction","target":{"@type":"EntryPoint","urlTemplate":"https:\/\/iha-race.com\/it\/?s={search_term_string}"},"query-input":{"@type":"PropertyValueSpecification","valueRequired":true,"valueName":"search_term_string"}}],"inLanguage":"it-IT"},{"@type":"Organization","@id":"https:\/\/iha-race.com\/it\/#organization","name":"Iha Race","url":"https:\/\/iha-race.com\/it\/","logo":{"@type":"ImageObject","inLanguage":"it-IT","@id":"https:\/\/iha-race.com\/it\/#\/schema\/logo\/image\/","url":"https:\/\/iha-race.com\/wp-content\/uploads\/2018\/07\/iha-race-drones-de-carreras-tienda-comprar-drones.png","contentUrl":"https:\/\/iha-race.com\/wp-content\/uploads\/2018\/07\/iha-race-drones-de-carreras-tienda-comprar-drones.png","width":300,"height":100,"caption":"Iha Race"},"image":{"@id":"https:\/\/iha-race.com\/it\/#\/schema\/logo\/image\/"}}]}},"brands":[],"_links":{"self":[{"href":"https:\/\/iha-race.com\/it\/wp-json\/wp\/v2\/product\/252693","targetHints":{"allow":["GET"]}}],"collection":[{"href":"https:\/\/iha-race.com\/it\/wp-json\/wp\/v2\/product"}],"about":[{"href":"https:\/\/iha-race.com\/it\/wp-json\/wp\/v2\/types\/product"}],"replies":[{"embeddable":true,"href":"https:\/\/iha-race.com\/it\/wp-json\/wp\/v2\/comments?post=252693"}],"version-history":[{"count":1,"href":"https:\/\/iha-race.com\/it\/wp-json\/wp\/v2\/product\/252693\/revisions"}],"predecessor-version":[{"id":252773,"href":"https:\/\/iha-race.com\/it\/wp-json\/wp\/v2\/product\/252693\/revisions\/252773"}],"wp:featuredmedia":[{"embeddable":true,"href":"https:\/\/iha-race.com\/it\/wp-json\/wp\/v2\/media\/252685"}],"wp:attachment":[{"href":"https:\/\/iha-race.com\/it\/wp-json\/wp\/v2\/media?parent=252693"}],"wp:term":[{"taxonomy":"pwb-brand","embeddable":true,"href":"https:\/\/iha-race.com\/it\/wp-json\/wp\/v2\/pwb-brand?post=252693"},{"taxonomy":"product_cat","embeddable":true,"href":"https:\/\/iha-race.com\/it\/wp-json\/wp\/v2\/product_cat?post=252693"},{"taxonomy":"product_tag","embeddable":true,"href":"https:\/\/iha-race.com\/it\/wp-json\/wp\/v2\/product_tag?post=252693"}],"curies":[{"name":"wp","href":"https:\/\/api.w.org\/{rel}","templated":true}]}}