{"id":252454,"date":"2024-12-08T16:48:58","date_gmt":"2024-12-08T15:48:58","guid":{"rendered":"https:\/\/iha-race.com\/producto\/connettori-betafpv-bt3-0-maschio5-femmina5\/"},"modified":"2024-12-08T16:48:58","modified_gmt":"2024-12-08T15:48:58","slug":"connettori-betafpv-bt3-0-maschio5-femmina5","status":"publish","type":"product","link":"https:\/\/iha-race.com\/it\/prodotto\/connettori-betafpv-bt3-0-maschio5-femmina5\/","title":{"rendered":"Connettori BetaFPV BT3.0 (maschio*5+ femmina*5)"},"content":{"rendered":"<h2>Connettori BetaFPV BT3.0 (maschio*5+ femmina*5)<\/h2>\n<p><span>I connettori BT3.0 sono progettati per le batterie 2S, con 3 pin metallici che permettono di bilanciare la potenza durante la carica senza un connettore bilanciatore aggiuntivo. Semplificano il montaggio della batteria 2S e pesano solo 1,28 grammi, rendendoli pi\u00f9 piccoli e leggeri rispetto ai connettori normalmente presenti sul mercato. Per i piloti di quad 2S,    <\/span><span>inoltre <\/span><span>rappresenta un&#8217;opzione pi\u00f9 conveniente per la batteria 2S, oltre che la migliore per sottrarre qualche grammo al quad. <\/span> <\/p>\n<p><img decoding=\"async\" src=\"https:\/\/cdn.shopifycdn.net\/s\/files\/1\/1778\/6615\/files\/74b96dbb2d19db9758ba306fc55ad040_a1276d97-2097-48b7-9221-5cc9e5976755_1024x1024.jpg?v=1690877384\" alt=\"Serie BT3.0 per il drone Whoop 2S\"><\/p>\n<h2><span>Punto di forza<\/span><\/h2>\n<ul>\n<li><span>Un&#8217;opzione innovativa per la batteria per droni Whoop 2S, progettata appositamente per i droni Whoop 2S.<\/span><\/li>\n<li><span>I connettori BT3.0 offrono una convenienza senza pari, combinando le funzionalit\u00e0 di carica e scarica del cavo di alimentazione in un unico connettore, <\/span>eliminando la necessit\u00e0 di acquistare un costoso caricabatterie.<\/li>\n<li><span>I connettori BT3.0 sono pi\u00f9 piccoli e leggeri, con un peso totale di soli 1,28 g per i connettori maschio e femmina, rispetto ai connettori normali.<\/span><\/li>\n<li><span>I connettori BT3.0 hanno una corrente di scarica nominale di 12 A e una corrente istantanea fino a 20 A, soddisfacendo i requisiti di scarica delle batterie 2S.<\/span><\/li>\n<\/ul>\n<h2><span>Bilancio<\/span><\/h2>\n<ul>\n<li><span>Connettore maschio BT3.0: 0,6 g\/unit\u00e0, 11,2 x 9,2 x 6,1 mm<\/span><\/li>\n<li><span>Presa BT3.0: 0,68 g\/unit\u00e0, 10,1 x 9,1 x 5,4 mm<\/span><\/li>\n<li><span>Connettore BT3.0 maschio + femmina: 1,28 g\/unit\u00e0<\/span><\/li>\n<li><span>Cavo adattatore BT3.0 XH2.54: 1,84 g\/unit\u00e0, 35 mm<\/span><\/li>\n<li><span>Cavo flessibile BT3.0 2S Whoop: 1,39 g\/unit\u00e0, 30 mm<\/span><\/li>\n<li><span>Forza di inserimento: 3-22 N<\/span><\/li>\n<li><span>Colore: Bianco\/Nero<\/span><\/li>\n<li><span>Materiale metallico: rame placcato oro<\/span><\/li>\n<li><span>Materiale plastico: PA9T<\/span><\/li>\n<li><span>Durata della spina: 1000 volte<\/span><\/li>\n<li><span>Corrente nominale: 12 A<\/span><\/li>\n<li><span>Corrente istantanea: 20A<\/span><\/li>\n<\/ul>\n<div class=\"table-wrapper\">\n<table width=\"100%\">\n<tbody>\n<tr>\n<td style=\"width: 25.9152%;\"><\/td>\n<td style=\"width: 18.0848%;\"><span>BT3.0<\/span><\/td>\n<td style=\"width: 21%;\"><span>BT2.0<\/span><\/td>\n<td style=\"width: 22%;\"><span>XT30<\/span><\/td>\n<\/tr>\n<tr>\n<td style=\"width: 25.9152%;\">Corrente nominale<\/td>\n<td style=\"width: 18.0848%;\"><span>12A<\/span><\/td>\n<td style=\"width: 21%;\"><span>9A<\/span><\/td>\n<td style=\"width: 22%;\"><span>15A<\/span><\/td>\n<\/tr>\n<tr>\n<td style=\"width: 25.9152%;\"><span>Corrente istantanea<\/span><\/td>\n<td style=\"width: 18.0848%;\"><span>20A<\/span><\/td>\n<td style=\"width: 21%;\"><span>15A<\/span><\/td>\n<td style=\"width: 22%;\"><span>30A<\/span><\/td>\n<\/tr>\n<tr>\n<td style=\"width: 25.9152%;\"><span>Peso<\/span><\/td>\n<td style=\"width: 18.0848%;\"><span>1,28 g<\/span><\/td>\n<td style=\"width: 21%;\"><span>0,6 g<\/span><\/td>\n<td style=\"width: 22%;\"><span>1,8 g<\/span><\/td>\n<\/tr>\n<tr>\n<td style=\"width: 25.9152%;\"><span>Dimensioni<\/span><\/td>\n<td style=\"width: 18.0848%;\"><span>10,1 x 9,1 x 5,4 mm<\/span><\/td>\n<td style=\"width: 21%;\"><span>8,5 x 6,0 x 4,2 mm<\/span><\/td>\n<td style=\"width: 22%;\"><span>12,4 x 10,2 x 5,2 mm<\/span><\/td>\n<\/tr>\n<\/tbody>\n<\/table>\n<\/div>\n<p><span>Il diagramma dei connettori maschio e <\/span>femmina <span>\u00e8 mostrato di seguito <\/span>.<\/p>\n<div style=\"text-align: start;\"><img decoding=\"async\" style=\"margin-bottom: 16px; float: none;\" src=\"https:\/\/cdn.shopifycdn.net\/s\/files\/1\/1778\/6615\/files\/b73e49bb92147555b31709204931b254_da260b56-d0c4-4b60-a2cd-b183964e146a_600x600.jpg?v=1689842426\"><\/div>\n<h2><span>Connettori BT3.0<\/span><\/h2>\n<p><span>I connettori BT3.0 sono terminali a 3 pin, due pin metallici con diametro di 1,3 mm sono utilizzati per la scarica della batteria, mentre due pin metallici con diametro di 1,3 mm e un pin metallico con diametro di 1,0 mm sono combinati in un connettore a 3 pin come caricatore bilanciato per caricare la batteria. Il  <\/span>I connettori <span> BT3.0 hanno dei segni di polarit\u00e0 sulla coppa <\/span>di saldatura <span>. <\/span> <span>  ma non supportano le connessioni inverse. A   <\/span>saldatura  <span>  cavi, assicurati di prestare attenzione alle direzioni positive e negative. Il design   <\/span>Il connettore<span> impedisce i collegamenti inversi, quindi non forzarlo nella direzione opposta per evitare il rischio di cortocircuito.<\/span><\/p>\n<p><img decoding=\"async\" src=\"https:\/\/cdn.shopifycdn.net\/s\/files\/1\/1778\/6615\/files\/f9b5057474449316ba727df113d0c507_702cdfef-4087-4fba-adc7-d790a7b502c1_480x480.jpg?v=1689841718\" alt=\"\"><\/p>\n<h2><span>Cavo di collegamento flessibile BT3.0 2S<\/span><\/h2>\n<p><span>Questo cavo di alimentazione con connettore BT3.0 \u00e8 stato progettato appositamente per il drone Whoop 2S. Il connettore maschio e il cavo di alimentazione hanno un angolo di 90 gradi, per cui \u00e8 facile da collegare e scollegare. La forza di inserimento e di estrazione \u00e8 compresa tra 3 e 22 N, il che facilita l&#8217;uso quotidiano. Si adatta a FC 2S e quadcopter 2S.   <\/span><img decoding=\"async\" src=\"https:\/\/cdn.shopifycdn.net\/s\/files\/1\/1778\/6615\/files\/2_9a197786-e23e-414b-9b98-f1c14d8053ed_480x480.jpg?v=1689841791\" alt=\"\"><\/p>\n<p><span>Quando risaldi la scheda, presta attenzione al metodo di collegamento. Il cavo flessibile BT3.0 \u00e8 composto da un filo blu e da un filo bianco. Il filo blu \u00e8 il polo positivo (+) e il filo bianco \u00e8 il polo negativo (-).    <\/span><\/p>\n<p><img decoding=\"async\" src=\"https:\/\/cdn.shopifycdn.net\/s\/files\/1\/1778\/6615\/files\/963b358cba72931fce97d51962e3c105_1024x1024.jpg?v=1689841058\" alt=\"\"><\/p>\n<h2><span>Cavo adattatore BT3.0-XH2.54<\/span><\/h2>\n<p><span>Il connettore BT3.0 pu\u00f2 fungere da porta di ricarica a bilanciamento 2S e pu\u00f2 essere utilizzato con un caricatore a bilanciamento 2S convenzionale per caricare la batteria tramite un cavo adattatore BT3.0 maschio-maschio, offrendo ai clienti una maggiore flessibilit\u00e0 nella scelta del metodo di ricarica.<\/span><\/p>\n<p><img decoding=\"async\" src=\"https:\/\/cdn.shopifycdn.net\/s\/files\/1\/1778\/6615\/files\/390e4917d4bb1e163211caffa87ed1bc_2e461d03-fcb3-4767-baa7-1dd9492e234b_480x480.jpg?v=1691058900\" alt=\"Cavo adattatore BT3.0-XH2.54\"><\/p>\n<div><\/div>\n<h2><span>Accessori serie BT3.0<\/span><\/h2>\n<p><span>Gli accessori della serie BT3.0 di BETAFPV rappresentano una linea di prodotti progettati esclusivamente per i droni Whoop 2S e comprendono tre categorie di articoli, i connettori, la batteria e il caricabatterie, che formano un insieme integrato di accessori in grado di lavorare in perfetta armonia. I connettori BT3.0 eliminano la necessit\u00e0 di utilizzare connettori di bilanciamento, semplificando la batteria BT3.0 450mAh 2S (2 pezzi) e consentendo una maggiore praticit\u00e0 e un aumento delle prestazioni dei droni 2S. Se utilizzati insieme al caricabatterie per batterie 2S, \u00e8 possibile ottenere una ricarica pi\u00f9 efficiente e stabile.  <\/span><\/p>\n<div style=\"text-align: left;\"><img decoding=\"async\" style=\"margin-bottom: 16px; float: none;\" src=\"https:\/\/cdn.shopifycdn.net\/s\/files\/1\/1778\/6615\/files\/d11071e3e22df0f10fe36afc311a694c_1024x1024.jpg?v=1690877425\" alt=\"Serie BT3.0 per il drone Whoop 2S\"><\/div>\n<p><span>Ti consigliamo vivamente di combinare i seguenti prodotti per potenziare il tuo drone Whoop 2S con una serie di accessori efficienti e facili da usare:<\/span><\/p>\n<ul>\n<li><a href=\"https:\/\/betafpv.com\/products\/bt3-0-connectors\"><span>Connettori BT3.0<\/span><\/a><\/li>\n<li><a href=\"https:\/\/betafpv.com\/products\/bt3-0-450mah-2s-battery-2pcs\"><span data-type=\"text\">Batteria BT3.0 450 mAh 2S (2 pezzi)<\/span><\/a><\/li>\n<li><a href=\"https:\/\/betafpv.com\/products\/2s-battery-charger-and-voltage-tester\"><span>Caricabatterie e tester di tensione per batterie 2S<\/span><\/a><\/li>\n<\/ul>\n<h2><span>Pacchetto<\/span><\/h2>\n<ul>\n<li><span>Articolo: Connettori BT3.0 maschio\/femmina (10 pezzi)<\/span><\/li>\n<li><span>10 * Connettore BT3.0 maschio\/femmina<\/span><\/li>\n<li><span>1 * 70 * 100 sacchetto statico<\/span><\/li>\n<\/ul>\n<p>&nbsp;<\/p>\n<ul>\n<li><span>Articolo: Connettori BT3.0 <\/span>(10 pezzi)<\/li>\n<li><span>5 * Connettore maschio BT3.0<\/span><\/li>\n<li><span>5 * Connettore femmina BT3.0<\/span><\/li>\n<li><span>1 * 70 * 100 sacchetto statico<\/span><\/li>\n<\/ul>\n<p>&nbsp;<\/p>\n<ul>\n<li><span>Articolo: Cavo adattatore BT3.0-XH2.54 <\/span>(5 pezzi)<\/li>\n<li><span>5 * Cavo adattatore BT3.0-XH2.54<\/span><\/li>\n<li><span>1 * 70 * 100 sacchetto statico<\/span><\/li>\n<\/ul>\n<p>&nbsp;<\/p>\n<ul>\n<li><span>Articolo: Cavo flessibile BT3.0 2S Whoop <\/span>(5 pezzi)<\/li>\n<li><span>5 * Cavo flessibile BT3.0 2S<\/span><\/li>\n<li><span>1 * 70 * 100 sacchetto statico<\/span><\/li>\n<\/ul>\n<div style=\"text-align: left;\"><img decoding=\"async\" style=\"margin-bottom: 16px; float: none;\" src=\"https:\/\/cdn.shopifycdn.net\/s\/files\/1\/1778\/6615\/files\/3f89305fb1dabad87b9b93324e3c25cd_aeb961e8-9033-4f05-bcc5-de958b6da9de_480x480.jpg?v=1688539806\" alt=\"Connettori maschi BETAFPV BT3.0 (10 pezzi)\"><\/div>\n","protected":false},"excerpt":{"rendered":"<p>Connettori BetaFPV BT3.0 (maschio*5+ femmina*5) I connettori BT3.0 sono progettati per le batterie 2S, con 3 pin metallici che permettono di bilanciare la potenza durante la carica senza un connettore<\/p>\n","protected":false},"featured_media":252357,"comment_status":"open","ping_status":"closed","template":"","meta":{"_joinchat":[]},"pwb-brand":[],"product_cat":[1137],"product_tag":[],"class_list":{"0":"post-252454","1":"product","2":"type-product","3":"status-publish","4":"has-post-thumbnail","6":"product_cat-connettori","8":"first","9":"instock","10":"taxable","11":"shipping-taxable","12":"purchasable","13":"product-type-simple"},"barcode":null,"atum_controlled":true,"out_stock_date":null,"out_stock_threshold":null,"inheritable":false,"stock_on_hold":0,"sold_today":0,"sales_last_days":0,"out_stock_days":0,"lost_sales":0,"update_date":"2026-04-25T01:01:42","atum_locations":[],"atum_stock_status":"instock","restock_status":false,"low_stock_amount":"","sales_update_date":"2026-04-25T01:01:42","calc_backorders":null,"yoast_head":"<!-- This site is optimized with the Yoast SEO plugin v27.3 - https:\/\/yoast.com\/product\/yoast-seo-wordpress\/ -->\n<title>Connettori BetaFPV BT3.0 (maschio*5+ femmina*5) - Iha Race<\/title>\n<meta name=\"robots\" content=\"index, follow, max-snippet:-1, max-image-preview:large, max-video-preview:-1\" \/>\n<link rel=\"canonical\" href=\"https:\/\/iha-race.com\/it\/prodotto\/connettori-betafpv-bt3-0-maschio5-femmina5\/\" \/>\n<meta property=\"og:locale\" content=\"it_IT\" \/>\n<meta property=\"og:type\" content=\"article\" \/>\n<meta property=\"og:title\" content=\"Connettori BetaFPV BT3.0 (maschio*5+ femmina*5) - Iha Race\" \/>\n<meta property=\"og:description\" content=\"Connettori BetaFPV BT3.0 (maschio*5+ femmina*5) I connettori BT3.0 sono progettati per le batterie 2S, con 3 pin metallici che permettono di bilanciare la potenza durante la carica senza un connettore\" \/>\n<meta property=\"og:url\" content=\"https:\/\/iha-race.com\/it\/prodotto\/connettori-betafpv-bt3-0-maschio5-femmina5\/\" \/>\n<meta property=\"og:site_name\" content=\"Iha Race\" \/>\n<meta property=\"og:image\" content=\"https:\/\/iha-race.com\/wp-content\/uploads\/2024\/12\/BT3.0-Connectors-macho5-hembra5-.webp\" \/>\n\t<meta property=\"og:image:width\" content=\"540\" \/>\n\t<meta property=\"og:image:height\" content=\"540\" \/>\n\t<meta property=\"og:image:type\" content=\"image\/webp\" \/>\n<meta name=\"twitter:card\" content=\"summary_large_image\" \/>\n<meta name=\"twitter:label1\" content=\"Tempo di lettura stimato\" \/>\n\t<meta name=\"twitter:data1\" content=\"4 minuti\" \/>\n<script type=\"application\/ld+json\" class=\"yoast-schema-graph\">{\"@context\":\"https:\\\/\\\/schema.org\",\"@graph\":[{\"@type\":\"WebPage\",\"@id\":\"https:\\\/\\\/iha-race.com\\\/it\\\/prodotto\\\/connettori-betafpv-bt3-0-maschio5-femmina5\\\/\",\"url\":\"https:\\\/\\\/iha-race.com\\\/it\\\/prodotto\\\/connettori-betafpv-bt3-0-maschio5-femmina5\\\/\",\"name\":\"Connettori BetaFPV BT3.0 (maschio*5+ femmina*5) - Iha Race\",\"isPartOf\":{\"@id\":\"https:\\\/\\\/iha-race.com\\\/it\\\/#website\"},\"primaryImageOfPage\":{\"@id\":\"https:\\\/\\\/iha-race.com\\\/it\\\/prodotto\\\/connettori-betafpv-bt3-0-maschio5-femmina5\\\/#primaryimage\"},\"image\":{\"@id\":\"https:\\\/\\\/iha-race.com\\\/it\\\/prodotto\\\/connettori-betafpv-bt3-0-maschio5-femmina5\\\/#primaryimage\"},\"thumbnailUrl\":\"https:\\\/\\\/iha-race.com\\\/wp-content\\\/uploads\\\/2024\\\/12\\\/BT3.0-Connectors-macho5-hembra5-.webp\",\"datePublished\":\"2024-12-08T15:48:58+00:00\",\"breadcrumb\":{\"@id\":\"https:\\\/\\\/iha-race.com\\\/it\\\/prodotto\\\/connettori-betafpv-bt3-0-maschio5-femmina5\\\/#breadcrumb\"},\"inLanguage\":\"it-IT\",\"potentialAction\":[{\"@type\":\"ReadAction\",\"target\":[\"https:\\\/\\\/iha-race.com\\\/it\\\/prodotto\\\/connettori-betafpv-bt3-0-maschio5-femmina5\\\/\"]}]},{\"@type\":\"ImageObject\",\"inLanguage\":\"it-IT\",\"@id\":\"https:\\\/\\\/iha-race.com\\\/it\\\/prodotto\\\/connettori-betafpv-bt3-0-maschio5-femmina5\\\/#primaryimage\",\"url\":\"https:\\\/\\\/iha-race.com\\\/wp-content\\\/uploads\\\/2024\\\/12\\\/BT3.0-Connectors-macho5-hembra5-.webp\",\"contentUrl\":\"https:\\\/\\\/iha-race.com\\\/wp-content\\\/uploads\\\/2024\\\/12\\\/BT3.0-Connectors-macho5-hembra5-.webp\",\"width\":540,\"height\":540,\"caption\":\"Comprar BetaFPV Conectores BT3.0 (macho*5+ hembra*5 )\"},{\"@type\":\"BreadcrumbList\",\"@id\":\"https:\\\/\\\/iha-race.com\\\/it\\\/prodotto\\\/connettori-betafpv-bt3-0-maschio5-femmina5\\\/#breadcrumb\",\"itemListElement\":[{\"@type\":\"ListItem\",\"position\":1,\"name\":\"Portada\",\"item\":\"https:\\\/\\\/iha-race.com\\\/it\\\/\"},{\"@type\":\"ListItem\",\"position\":2,\"name\":\"Negozio\",\"item\":\"https:\\\/\\\/iha-race.com\\\/it\\\/negozio\\\/\"},{\"@type\":\"ListItem\",\"position\":3,\"name\":\"Connettori BetaFPV BT3.0 (maschio*5+ femmina*5)\"}]},{\"@type\":\"WebSite\",\"@id\":\"https:\\\/\\\/iha-race.com\\\/it\\\/#website\",\"url\":\"https:\\\/\\\/iha-race.com\\\/it\\\/\",\"name\":\"Iha Race\",\"description\":\"Comprar drones de carreras FPV env\u00edos en un d\u00eda desde Espa\u00f1a\",\"publisher\":{\"@id\":\"https:\\\/\\\/iha-race.com\\\/it\\\/#organization\"},\"potentialAction\":[{\"@type\":\"SearchAction\",\"target\":{\"@type\":\"EntryPoint\",\"urlTemplate\":\"https:\\\/\\\/iha-race.com\\\/it\\\/?s={search_term_string}\"},\"query-input\":{\"@type\":\"PropertyValueSpecification\",\"valueRequired\":true,\"valueName\":\"search_term_string\"}}],\"inLanguage\":\"it-IT\"},{\"@type\":\"Organization\",\"@id\":\"https:\\\/\\\/iha-race.com\\\/it\\\/#organization\",\"name\":\"Iha Race\",\"url\":\"https:\\\/\\\/iha-race.com\\\/it\\\/\",\"logo\":{\"@type\":\"ImageObject\",\"inLanguage\":\"it-IT\",\"@id\":\"https:\\\/\\\/iha-race.com\\\/it\\\/#\\\/schema\\\/logo\\\/image\\\/\",\"url\":\"https:\\\/\\\/iha-race.com\\\/wp-content\\\/uploads\\\/2018\\\/07\\\/iha-race-drones-de-carreras-tienda-comprar-drones.png\",\"contentUrl\":\"https:\\\/\\\/iha-race.com\\\/wp-content\\\/uploads\\\/2018\\\/07\\\/iha-race-drones-de-carreras-tienda-comprar-drones.png\",\"width\":300,\"height\":100,\"caption\":\"Iha Race\"},\"image\":{\"@id\":\"https:\\\/\\\/iha-race.com\\\/it\\\/#\\\/schema\\\/logo\\\/image\\\/\"}}]}<\/script>\n<!-- \/ Yoast SEO plugin. -->","yoast_head_json":{"title":"Connettori BetaFPV BT3.0 (maschio*5+ femmina*5) - Iha Race","robots":{"index":"index","follow":"follow","max-snippet":"max-snippet:-1","max-image-preview":"max-image-preview:large","max-video-preview":"max-video-preview:-1"},"canonical":"https:\/\/iha-race.com\/it\/prodotto\/connettori-betafpv-bt3-0-maschio5-femmina5\/","og_locale":"it_IT","og_type":"article","og_title":"Connettori BetaFPV BT3.0 (maschio*5+ femmina*5) - Iha Race","og_description":"Connettori BetaFPV BT3.0 (maschio*5+ femmina*5) I connettori BT3.0 sono progettati per le batterie 2S, con 3 pin metallici che permettono di bilanciare la potenza durante la carica senza un connettore","og_url":"https:\/\/iha-race.com\/it\/prodotto\/connettori-betafpv-bt3-0-maschio5-femmina5\/","og_site_name":"Iha Race","og_image":[{"width":540,"height":540,"url":"https:\/\/iha-race.com\/wp-content\/uploads\/2024\/12\/BT3.0-Connectors-macho5-hembra5-.webp","type":"image\/webp"}],"twitter_card":"summary_large_image","twitter_misc":{"Tempo di lettura stimato":"4 minuti"},"schema":{"@context":"https:\/\/schema.org","@graph":[{"@type":"WebPage","@id":"https:\/\/iha-race.com\/it\/prodotto\/connettori-betafpv-bt3-0-maschio5-femmina5\/","url":"https:\/\/iha-race.com\/it\/prodotto\/connettori-betafpv-bt3-0-maschio5-femmina5\/","name":"Connettori BetaFPV BT3.0 (maschio*5+ femmina*5) - Iha Race","isPartOf":{"@id":"https:\/\/iha-race.com\/it\/#website"},"primaryImageOfPage":{"@id":"https:\/\/iha-race.com\/it\/prodotto\/connettori-betafpv-bt3-0-maschio5-femmina5\/#primaryimage"},"image":{"@id":"https:\/\/iha-race.com\/it\/prodotto\/connettori-betafpv-bt3-0-maschio5-femmina5\/#primaryimage"},"thumbnailUrl":"https:\/\/iha-race.com\/wp-content\/uploads\/2024\/12\/BT3.0-Connectors-macho5-hembra5-.webp","datePublished":"2024-12-08T15:48:58+00:00","breadcrumb":{"@id":"https:\/\/iha-race.com\/it\/prodotto\/connettori-betafpv-bt3-0-maschio5-femmina5\/#breadcrumb"},"inLanguage":"it-IT","potentialAction":[{"@type":"ReadAction","target":["https:\/\/iha-race.com\/it\/prodotto\/connettori-betafpv-bt3-0-maschio5-femmina5\/"]}]},{"@type":"ImageObject","inLanguage":"it-IT","@id":"https:\/\/iha-race.com\/it\/prodotto\/connettori-betafpv-bt3-0-maschio5-femmina5\/#primaryimage","url":"https:\/\/iha-race.com\/wp-content\/uploads\/2024\/12\/BT3.0-Connectors-macho5-hembra5-.webp","contentUrl":"https:\/\/iha-race.com\/wp-content\/uploads\/2024\/12\/BT3.0-Connectors-macho5-hembra5-.webp","width":540,"height":540,"caption":"Comprar BetaFPV Conectores BT3.0 (macho*5+ hembra*5 )"},{"@type":"BreadcrumbList","@id":"https:\/\/iha-race.com\/it\/prodotto\/connettori-betafpv-bt3-0-maschio5-femmina5\/#breadcrumb","itemListElement":[{"@type":"ListItem","position":1,"name":"Portada","item":"https:\/\/iha-race.com\/it\/"},{"@type":"ListItem","position":2,"name":"Negozio","item":"https:\/\/iha-race.com\/it\/negozio\/"},{"@type":"ListItem","position":3,"name":"Connettori BetaFPV BT3.0 (maschio*5+ femmina*5)"}]},{"@type":"WebSite","@id":"https:\/\/iha-race.com\/it\/#website","url":"https:\/\/iha-race.com\/it\/","name":"Iha Race","description":"Comprar drones de carreras FPV env\u00edos en un d\u00eda desde Espa\u00f1a","publisher":{"@id":"https:\/\/iha-race.com\/it\/#organization"},"potentialAction":[{"@type":"SearchAction","target":{"@type":"EntryPoint","urlTemplate":"https:\/\/iha-race.com\/it\/?s={search_term_string}"},"query-input":{"@type":"PropertyValueSpecification","valueRequired":true,"valueName":"search_term_string"}}],"inLanguage":"it-IT"},{"@type":"Organization","@id":"https:\/\/iha-race.com\/it\/#organization","name":"Iha Race","url":"https:\/\/iha-race.com\/it\/","logo":{"@type":"ImageObject","inLanguage":"it-IT","@id":"https:\/\/iha-race.com\/it\/#\/schema\/logo\/image\/","url":"https:\/\/iha-race.com\/wp-content\/uploads\/2018\/07\/iha-race-drones-de-carreras-tienda-comprar-drones.png","contentUrl":"https:\/\/iha-race.com\/wp-content\/uploads\/2018\/07\/iha-race-drones-de-carreras-tienda-comprar-drones.png","width":300,"height":100,"caption":"Iha Race"},"image":{"@id":"https:\/\/iha-race.com\/it\/#\/schema\/logo\/image\/"}}]}},"brands":[],"_links":{"self":[{"href":"https:\/\/iha-race.com\/it\/wp-json\/wp\/v2\/product\/252454","targetHints":{"allow":["GET"]}}],"collection":[{"href":"https:\/\/iha-race.com\/it\/wp-json\/wp\/v2\/product"}],"about":[{"href":"https:\/\/iha-race.com\/it\/wp-json\/wp\/v2\/types\/product"}],"replies":[{"embeddable":true,"href":"https:\/\/iha-race.com\/it\/wp-json\/wp\/v2\/comments?post=252454"}],"version-history":[{"count":0,"href":"https:\/\/iha-race.com\/it\/wp-json\/wp\/v2\/product\/252454\/revisions"}],"wp:featuredmedia":[{"embeddable":true,"href":"https:\/\/iha-race.com\/it\/wp-json\/wp\/v2\/media\/252357"}],"wp:attachment":[{"href":"https:\/\/iha-race.com\/it\/wp-json\/wp\/v2\/media?parent=252454"}],"wp:term":[{"taxonomy":"pwb-brand","embeddable":true,"href":"https:\/\/iha-race.com\/it\/wp-json\/wp\/v2\/pwb-brand?post=252454"},{"taxonomy":"product_cat","embeddable":true,"href":"https:\/\/iha-race.com\/it\/wp-json\/wp\/v2\/product_cat?post=252454"},{"taxonomy":"product_tag","embeddable":true,"href":"https:\/\/iha-race.com\/it\/wp-json\/wp\/v2\/product_tag?post=252454"}],"curies":[{"name":"wp","href":"https:\/\/api.w.org\/{rel}","templated":true}]}}