{"id":252051,"date":"2024-11-20T10:59:40","date_gmt":"2024-11-20T09:59:40","guid":{"rendered":"https:\/\/iha-race.com\/producto\/controllore-di-volo-speedybee-f405-aio-40a-bluejay-255-x-255-3-6s\/"},"modified":"2024-11-20T10:59:40","modified_gmt":"2024-11-20T09:59:40","slug":"controllore-di-volo-speedybee-f405-aio-40a-bluejay-255-x-255-3-6s","status":"publish","type":"product","link":"https:\/\/iha-race.com\/it\/prodotto\/controllore-di-volo-speedybee-f405-aio-40a-bluejay-255-x-255-3-6s\/","title":{"rendered":"Controllore di volo SpeedyBee F405 AIO 40A Bluejay 25,5 x 25,5 3-6S"},"content":{"rendered":"<h2 class=\"productView-title\"><span>Controllore di volo SpeedyBee F405 AIO 40A Bluejay 25,5 x 25,5 3-6S<\/span><\/h2>\n<div class=\"tongyong1\">\n<div class=\"section section1\"><img decoding=\"async\" title=\"SpeedyBee F405-AIO-40A\" src=\"https:\/\/store-fhxxhuiq8q.mybigcommerce.com\/product_images\/img_speedybee_f405_aio_40a\/F405-AIO-5-EN_01.jpg\" alt=\"SpeedyBee F405-AIO-40A\"><\/div>\n<div class=\"section section2\">\n<div class=\"position-absolute\"><\/div>\n<p><img decoding=\"async\" title=\"SpeedyBee F405-AIO-40A\" src=\"https:\/\/store-fhxxhuiq8q.mybigcommerce.com\/product_images\/img_speedybee_f405_aio_40a\/F405-AIO-5-EN_02.jpg\" alt=\"SpeedyBee F405-AIO-40A\"><\/div>\n<div class=\"section section2\">\n<div class=\"position-absolute\"><\/div>\n<p><img decoding=\"async\" title=\"SpeedyBee F405-AIO-40A\" src=\"https:\/\/store-fhxxhuiq8q.mybigcommerce.com\/product_images\/img_speedybee_f405_aio_40a\/F405-AIO-5-EN_03.jpg\" alt=\"SpeedyBee F405-AIO-40A\"><\/div>\n<div class=\"section section2\"><img decoding=\"async\" title=\"SpeedyBee F405-AIO-40A\" src=\"https:\/\/store-fhxxhuiq8q.mybigcommerce.com\/product_images\/img_speedybee_f405_aio_40a\/F405-AIO-5-EN_04.jpg\" alt=\"SpeedyBee F405-AIO-40A\"><\/div>\n<div class=\"section section2\"><img decoding=\"async\" title=\"SpeedyBee F405-AIO-40A\" src=\"https:\/\/store-fhxxhuiq8q.mybigcommerce.com\/product_images\/img_speedybee_f405_aio_40a\/F405-AIO-5-EN_06.jpg\" alt=\"SpeedyBee F405-AIO-40A\"><\/div>\n<div class=\"section section2\"><img decoding=\"async\" title=\"SpeedyBee F405-AIO-40A\" src=\"https:\/\/store-fhxxhuiq8q.mybigcommerce.com\/product_images\/img_speedybee_f405_aio_40a\/F405-AIO-5-EN_05.jpg\" alt=\"SpeedyBee F405-AIO-40A\"><\/div>\n<div class=\"section section3\"><img decoding=\"async\" title=\"SpeedyBee F405-AIO-40A\" src=\"https:\/\/store-fhxxhuiq8q.mybigcommerce.com\/product_images\/img_speedybee_f405_aio_40a\/F405-AIO-5-EN_07.jpg\" alt=\"SpeedyBee F405-AIO-40A\"><\/div>\n<div class=\"section section3\"><img decoding=\"async\" title=\"SpeedyBee F405-AIO-40A\" src=\"https:\/\/store-fhxxhuiq8q.mybigcommerce.com\/product_images\/img_speedybee_f405_aio_40a\/F405-AIO-5-EN_08.jpg\" alt=\"SpeedyBee F405-AIO-40A\"><\/div>\n<div class=\"section section3\"><img decoding=\"async\" title=\"SpeedyBee F405-AIO-40A\" src=\"https:\/\/store-fhxxhuiq8q.mybigcommerce.com\/product_images\/img_speedybee_f405_aio_40a\/F405-AIO-5-EN_09.jpg\" alt=\"SpeedyBee F405-AIO-40A\"><\/div>\n<div class=\"section section3\"><img decoding=\"async\" title=\"SpeedyBee F405-AIO-40A\" src=\"https:\/\/store-fhxxhuiq8q.mybigcommerce.com\/product_images\/img_speedybee_f405_aio_40a\/F405-AIO-5-EN_10.jpg\" alt=\"SpeedyBee F405-AIO-40A\"><\/div>\n<div class=\"section section3\"><img decoding=\"async\" title=\"SpeedyBee F405-AIO-40A\" src=\"https:\/\/store-fhxxhuiq8q.mybigcommerce.com\/product_images\/img_speedybee_f405_aio_40a\/F405-AIO-5-EN_11.jpg\" alt=\"SpeedyBee F405-AIO-40A\"><\/div>\n<div class=\"section section3\"><img decoding=\"async\" title=\"SpeedyBee F405-AIO-40A\" src=\"https:\/\/store-fhxxhuiq8q.mybigcommerce.com\/product_images\/img_speedybee_f405_aio_40a\/F405-AIO-5-EN_12.jpg\" alt=\"SpeedyBee F405-AIO-40A\"><\/div>\n<div class=\"section-Specifications\">\n<div class=\"position-absolute\">\n<div id=\"Parameters\" class=\"Specifications\"><span>Controllore di volo<\/span><\/div>\n<\/div>\n<table class=\"speedybee-table\">\n<tbody>\n<tr>\n<td width=\"30%\"><span>Nome del prodotto<\/span><\/td>\n<td width=\"70%\"><span>AIO SpeedyBee F405<\/span><\/td>\n<\/tr>\n<tr>\n<td><span>MCU<\/span><\/td>\n<td><span>STM32F405<\/span><\/td>\n<\/tr>\n<tr>\n<td><span>Giroscopio<\/span><\/td>\n<td><span>ICM-42688P<\/span><\/td>\n<\/tr>\n<tr>\n<td><span>Tipo di porta USB<\/span><\/td>\n<td><span>Tipo C<\/span><\/td>\n<\/tr>\n<tr>\n<td><span>Barometro<\/span><\/td>\n<td><span>SPA06-003<\/span><\/td>\n<\/tr>\n<tr>\n<td><span>OSD<\/span><\/td>\n<td><span>Supportato<\/span><\/td>\n<\/tr>\n<tr>\n<td><span>Bluetooth BLE<\/span><\/td>\n<td><span>Supporta il miglioramento della velocit\u00e0 del Bluetooth 2.0<\/span><\/td>\n<\/tr>\n<tr>\n<td><span>Aggiornamento del firmware del controller di volo wireless<\/span><\/td>\n<td><span>Compatibile (non \u00e8 necessario premere il pulsante fisico START)<\/span><\/td>\n<\/tr>\n<tr>\n<td><span>Analisi dei download wireless e BlackBox<\/span><\/td>\n<td><span>Non supportato<\/span><\/td>\n<\/tr>\n<tr>\n<td><span>Metodo di connessione dell&#8217;unit\u00e0 DJI Air<\/span><\/td>\n<td><span>Supporta sia l&#8217;inserimento diretto a 6 pin che la saldatura.<\/span><\/td>\n<\/tr>\n<tr>\n<td><span>Inserimento diretto della porta Sky a 6 pin di DJI<\/span><\/td>\n<td><span>Compatibile, pu\u00f2 essere collegato direttamente a DJI O3\/RunCam Link\/Caddx Vista senza modificare l&#8217;ordine dei cavi<\/span><\/td>\n<\/tr>\n<tr>\n<td><span>Flash (per BlackBox)<\/span><\/td>\n<td><span>8 MB<\/span><\/td>\n<\/tr>\n<tr>\n<td><span>Pad Betaflight CC (impostazione dei parametri della telecamera)<\/span><\/td>\n<td><span>Supportato<\/span><\/td>\n<\/tr>\n<tr>\n<td><span>Tensione di ingresso<\/span><\/td>\n<td><span>Batteria ai polimeri di litio 3S-6S<\/span><\/td>\n<\/tr>\n<tr>\n<td><span>Uscita 4V5<\/span><\/td>\n<td><span>Due uscite 4V5; corrente totale 1A<\/span><\/td>\n<\/tr>\n<tr>\n<td><span>Uscita BEC da 5 V<\/span><\/td>\n<td><span>Tre uscite da 5 V; corrente totale 2 A; condivisa con 4 V5<\/span><\/td>\n<\/tr>\n<tr>\n<td><span>Uscita BEC a 9 V<\/span><\/td>\n<td><span>Nessuna (viene fornita con un modulo BEC esterno, pu\u00f2 passare da 5 V a 9 V); uscita di corrente totale 2 A<\/span><\/td>\n<\/tr>\n<tr>\n<td><span>MOTORE<\/span><\/td>\n<td><span>M1-M4<\/span><\/td>\n<\/tr>\n<tr>\n<td><span>Unit\u00e0 di controllo unidirezionale (UART)<\/span><\/td>\n<td><span>[R2]4 porte seriali complete (UART3, UART4, UART5, UART6 + SBUS)<\/span><\/td>\n<\/tr>\n<tr>\n<td><span>Telemetria ESC<\/span><\/td>\n<td><span>Nessuna<\/span><\/td>\n<\/tr>\n<tr>\n<td><span>I2C<\/span><\/td>\n<td><span>Supportato<\/span><\/td>\n<\/tr>\n<tr>\n<td><span>Tappetini LED<\/span><\/td>\n<td><span>Compatibile, utilizzato per controllare le luci LED WS2812<\/span><\/td>\n<\/tr>\n<tr>\n<td><span>Cuscinetti con cicalino<\/span><\/td>\n<td><span>Compatibile con i cuscinetti auricolari BZ+ e BZ-<\/span><\/td>\n<\/tr>\n<tr>\n<td><span>Pulsante BOOT<\/span><\/td>\n<td><span>In modo compatibile, tieni premuto il pulsante BOOT durante l&#8217;accensione per accedere alla modalit\u00e0 DFU per il ripristino del firmware.<\/span><\/td>\n<\/tr>\n<tr>\n<td><span>Tappetini RSSI<\/span><\/td>\n<td><span>Nessuno<\/span><\/td>\n<\/tr>\n<tr>\n<td><span>Porta intelligente<\/span><\/td>\n<td><span>Non supportata<\/span><\/td>\n<\/tr>\n<tr>\n<td><span>Firmware del controller di volo supportato<\/span><\/td>\n<td><span>BetaFlight (predefinito), INAV<\/span><\/td>\n<\/tr>\n<tr>\n<td><span>Nome del target del firmware<\/span><\/td>\n<td><span>Aereo da combattimento Speedy Bee F405AIO<\/span><\/td>\n<\/tr>\n<tr>\n<td><span>Montaggio<\/span><\/td>\n<td><span>25,5 x 25,5 mm, diametro del foro 2 mm<\/span><\/td>\n<\/tr>\n<tr>\n<td><span>Dimensioni<\/span><\/td>\n<td><span>33,0 mm (lunghezza) x 33,0 mm (larghezza) x 8 mm (altezza)<\/span><\/td>\n<\/tr>\n<tr>\n<td><span>Peso<\/span><\/td>\n<td><span>13,6 g (compreso il CNC)<\/span><\/td>\n<\/tr>\n<\/tbody>\n<\/table>\n<\/div>\n<\/div>\n<div class=\"section-Specifications\">\n<div class=\"position-absolute\">\n<div id=\"Parameters\" class=\"Specifications\"><span>CES<\/span><\/div>\n<\/div>\n<table class=\"speedybee-table\">\n<tbody>\n<tr>\n<td width=\"30%\"><span>Nome del prodotto<\/span><\/td>\n<td width=\"70%\"><span>AIO SpeedyBee F405<\/span><\/td>\n<\/tr>\n<tr>\n<td><span>Tensione di ingresso<\/span><\/td>\n<td><span>Batteria ai polimeri di litio 3-6S<\/span><\/td>\n<\/tr>\n<tr>\n<td><span>Corrente continua<\/span><\/td>\n<td><span>40A<\/span><\/td>\n<\/tr>\n<tr>\n<td><span>Corrente di scoppio<\/span><\/td>\n<td><span>45A (10 s)<\/span><\/td>\n<\/tr>\n<tr>\n<td><span>Protocollo ESC<\/span><\/td>\n<td><span>Supporta DSHOT600\/300; altri protocolli possono causare gravi errori, usare con cautela.<\/span><\/td>\n<\/tr>\n<tr>\n<td><span>Tensione di uscita<\/span><\/td>\n<td><span>Tensione della batteria VBAT (utilizzata per alimentare il controller di volo)<\/span><\/td>\n<\/tr>\n<tr>\n<td><span>Sensore di corrente<\/span><\/td>\n<td><span>Compatibile (Scala = 254, Offset = 0)<\/span><\/td>\n<\/tr>\n<tr>\n<td><span>Firmware<\/span><\/td>\n<td><span>Bluejay JH-40 48 kHz<\/span><\/td>\n<\/tr>\n<\/tbody>\n<\/table>\n<\/div>\n<div class=\"speedybee-section section8\">\n<div id=\"Manual\" class=\"manual\">\n<div class=\"Title\"><span>Manuale<\/span><\/div>\n<p><a href=\"http:\/\/support.speedybee.cn\/?d=SF40A0&amp;s=1000&amp;a=p\" target=\"_blank\" rel=\"noopener\"><img decoding=\"async\" src=\"https:\/\/www.runcam.com\/images\/HD\/PDF_icon.jpg\" alt=\"Manuale d'uso\"><span>Inglese<\/span><\/a> <a href=\"http:\/\/support.speedybee.cn\/?d=SF40A0&amp;s=1000&amp;a=p\" target=\"_blank\" rel=\"noopener\"><img decoding=\"async\" src=\"https:\/\/www.runcam.com\/images\/HD\/PDF_icon.jpg\" alt=\"Manuale d'uso\"><span>Cinese<\/span><\/a> <a href=\"https:\/\/store-fhxxhuiq8q.mybigcommerce.com\/product_images\/img_speedybee_f405_aio_40a\/SPEEDYBEEF405AIO_betaflight_4.5.1.hex\" target=\"_blank\" rel=\"noopener\"><img decoding=\"async\" src=\"https:\/\/store-fhxxhuiq8q.mybigcommerce.com\/product_images\/icon\/Firmware.png\" alt=\"Manuale d'uso\"><span>Firmware<\/span><\/a><\/div>\n<\/div>\n","protected":false},"excerpt":{"rendered":"<p>Controllore di volo SpeedyBee F405 AIO 40A Bluejay 25,5 x 25,5 3-6S Controllore di volo Nome del prodotto AIO SpeedyBee F405 MCU STM32F405 Giroscopio ICM-42688P Tipo di porta USB Tipo<\/p>\n","protected":false},"featured_media":252035,"comment_status":"open","ping_status":"closed","template":"","meta":{"_joinchat":[]},"pwb-brand":[4069],"product_cat":[2063],"product_tag":[],"class_list":{"0":"post-252051","1":"product","2":"type-product","3":"status-publish","4":"has-post-thumbnail","6":"pwb-brand-speedybee","7":"product_cat-schede-aio","9":"first","10":"instock","11":"taxable","12":"shipping-taxable","13":"purchasable","14":"product-type-simple"},"barcode":null,"atum_controlled":true,"out_stock_date":null,"out_stock_threshold":null,"inheritable":false,"stock_on_hold":0,"sold_today":0,"sales_last_days":0,"out_stock_days":0,"lost_sales":0,"update_date":"2026-04-27T19:43:52","atum_locations":[],"atum_stock_status":"instock","restock_status":false,"low_stock_amount":"","sales_update_date":"2026-04-27T19:43:52","calc_backorders":null,"yoast_head":"<!-- This site is optimized with the Yoast SEO plugin v27.3 - https:\/\/yoast.com\/product\/yoast-seo-wordpress\/ -->\n<title>Controllore di volo SpeedyBee F405 AIO 40A Bluejay 25,5 x 25,5 3-6S - Iha Race<\/title>\n<meta name=\"robots\" content=\"index, follow, max-snippet:-1, max-image-preview:large, max-video-preview:-1\" \/>\n<link rel=\"canonical\" href=\"https:\/\/iha-race.com\/it\/prodotto\/controllore-di-volo-speedybee-f405-aio-40a-bluejay-255-x-255-3-6s\/\" \/>\n<meta property=\"og:locale\" content=\"it_IT\" \/>\n<meta property=\"og:type\" content=\"article\" \/>\n<meta property=\"og:title\" content=\"Controllore di volo SpeedyBee F405 AIO 40A Bluejay 25,5 x 25,5 3-6S - Iha Race\" \/>\n<meta property=\"og:description\" content=\"Controllore di volo SpeedyBee F405 AIO 40A Bluejay 25,5 x 25,5 3-6S Controllore di volo Nome del prodotto AIO SpeedyBee F405 MCU STM32F405 Giroscopio ICM-42688P Tipo di porta USB Tipo\" \/>\n<meta property=\"og:url\" content=\"https:\/\/iha-race.com\/it\/prodotto\/controllore-di-volo-speedybee-f405-aio-40a-bluejay-255-x-255-3-6s\/\" \/>\n<meta property=\"og:site_name\" content=\"Iha Race\" \/>\n<meta property=\"og:image\" content=\"https:\/\/iha-race.com\/wp-content\/uploads\/2024\/11\/Controlador-de-vuelo-SpeedyBee-F405-AIO-40A.jpg\" \/>\n\t<meta property=\"og:image:width\" content=\"1280\" \/>\n\t<meta property=\"og:image:height\" content=\"1280\" \/>\n\t<meta property=\"og:image:type\" content=\"image\/jpeg\" \/>\n<meta name=\"twitter:card\" content=\"summary_large_image\" \/>\n<meta name=\"twitter:label1\" content=\"Tempo di lettura stimato\" \/>\n\t<meta name=\"twitter:data1\" content=\"2 minuti\" \/>\n<script type=\"application\/ld+json\" class=\"yoast-schema-graph\">{\"@context\":\"https:\\\/\\\/schema.org\",\"@graph\":[{\"@type\":\"WebPage\",\"@id\":\"https:\\\/\\\/iha-race.com\\\/it\\\/prodotto\\\/controllore-di-volo-speedybee-f405-aio-40a-bluejay-255-x-255-3-6s\\\/\",\"url\":\"https:\\\/\\\/iha-race.com\\\/it\\\/prodotto\\\/controllore-di-volo-speedybee-f405-aio-40a-bluejay-255-x-255-3-6s\\\/\",\"name\":\"Controllore di volo SpeedyBee F405 AIO 40A Bluejay 25,5 x 25,5 3-6S - Iha Race\",\"isPartOf\":{\"@id\":\"https:\\\/\\\/iha-race.com\\\/it\\\/#website\"},\"primaryImageOfPage\":{\"@id\":\"https:\\\/\\\/iha-race.com\\\/it\\\/prodotto\\\/controllore-di-volo-speedybee-f405-aio-40a-bluejay-255-x-255-3-6s\\\/#primaryimage\"},\"image\":{\"@id\":\"https:\\\/\\\/iha-race.com\\\/it\\\/prodotto\\\/controllore-di-volo-speedybee-f405-aio-40a-bluejay-255-x-255-3-6s\\\/#primaryimage\"},\"thumbnailUrl\":\"https:\\\/\\\/iha-race.com\\\/wp-content\\\/uploads\\\/2024\\\/11\\\/Controlador-de-vuelo-SpeedyBee-F405-AIO-40A.jpg\",\"datePublished\":\"2024-11-20T09:59:40+00:00\",\"breadcrumb\":{\"@id\":\"https:\\\/\\\/iha-race.com\\\/it\\\/prodotto\\\/controllore-di-volo-speedybee-f405-aio-40a-bluejay-255-x-255-3-6s\\\/#breadcrumb\"},\"inLanguage\":\"it-IT\",\"potentialAction\":[{\"@type\":\"ReadAction\",\"target\":[\"https:\\\/\\\/iha-race.com\\\/it\\\/prodotto\\\/controllore-di-volo-speedybee-f405-aio-40a-bluejay-255-x-255-3-6s\\\/\"]}]},{\"@type\":\"ImageObject\",\"inLanguage\":\"it-IT\",\"@id\":\"https:\\\/\\\/iha-race.com\\\/it\\\/prodotto\\\/controllore-di-volo-speedybee-f405-aio-40a-bluejay-255-x-255-3-6s\\\/#primaryimage\",\"url\":\"https:\\\/\\\/iha-race.com\\\/wp-content\\\/uploads\\\/2024\\\/11\\\/Controlador-de-vuelo-SpeedyBee-F405-AIO-40A.jpg\",\"contentUrl\":\"https:\\\/\\\/iha-race.com\\\/wp-content\\\/uploads\\\/2024\\\/11\\\/Controlador-de-vuelo-SpeedyBee-F405-AIO-40A.jpg\",\"width\":1280,\"height\":1280,\"caption\":\"Comprar Controlador de vuelo SpeedyBee F405 AIO 40A Bluejay\"},{\"@type\":\"BreadcrumbList\",\"@id\":\"https:\\\/\\\/iha-race.com\\\/it\\\/prodotto\\\/controllore-di-volo-speedybee-f405-aio-40a-bluejay-255-x-255-3-6s\\\/#breadcrumb\",\"itemListElement\":[{\"@type\":\"ListItem\",\"position\":1,\"name\":\"Portada\",\"item\":\"https:\\\/\\\/iha-race.com\\\/it\\\/\"},{\"@type\":\"ListItem\",\"position\":2,\"name\":\"Negozio\",\"item\":\"https:\\\/\\\/iha-race.com\\\/it\\\/negozio\\\/\"},{\"@type\":\"ListItem\",\"position\":3,\"name\":\"Controllore di volo SpeedyBee F405 AIO 40A Bluejay 25,5 x 25,5 3-6S\"}]},{\"@type\":\"WebSite\",\"@id\":\"https:\\\/\\\/iha-race.com\\\/it\\\/#website\",\"url\":\"https:\\\/\\\/iha-race.com\\\/it\\\/\",\"name\":\"Iha Race\",\"description\":\"Comprar drones de carreras FPV env\u00edos en un d\u00eda desde Espa\u00f1a\",\"publisher\":{\"@id\":\"https:\\\/\\\/iha-race.com\\\/it\\\/#organization\"},\"potentialAction\":[{\"@type\":\"SearchAction\",\"target\":{\"@type\":\"EntryPoint\",\"urlTemplate\":\"https:\\\/\\\/iha-race.com\\\/it\\\/?s={search_term_string}\"},\"query-input\":{\"@type\":\"PropertyValueSpecification\",\"valueRequired\":true,\"valueName\":\"search_term_string\"}}],\"inLanguage\":\"it-IT\"},{\"@type\":\"Organization\",\"@id\":\"https:\\\/\\\/iha-race.com\\\/it\\\/#organization\",\"name\":\"Iha Race\",\"url\":\"https:\\\/\\\/iha-race.com\\\/it\\\/\",\"logo\":{\"@type\":\"ImageObject\",\"inLanguage\":\"it-IT\",\"@id\":\"https:\\\/\\\/iha-race.com\\\/it\\\/#\\\/schema\\\/logo\\\/image\\\/\",\"url\":\"https:\\\/\\\/iha-race.com\\\/wp-content\\\/uploads\\\/2018\\\/07\\\/iha-race-drones-de-carreras-tienda-comprar-drones.png\",\"contentUrl\":\"https:\\\/\\\/iha-race.com\\\/wp-content\\\/uploads\\\/2018\\\/07\\\/iha-race-drones-de-carreras-tienda-comprar-drones.png\",\"width\":300,\"height\":100,\"caption\":\"Iha Race\"},\"image\":{\"@id\":\"https:\\\/\\\/iha-race.com\\\/it\\\/#\\\/schema\\\/logo\\\/image\\\/\"}}]}<\/script>\n<!-- \/ Yoast SEO plugin. -->","yoast_head_json":{"title":"Controllore di volo SpeedyBee F405 AIO 40A Bluejay 25,5 x 25,5 3-6S - Iha Race","robots":{"index":"index","follow":"follow","max-snippet":"max-snippet:-1","max-image-preview":"max-image-preview:large","max-video-preview":"max-video-preview:-1"},"canonical":"https:\/\/iha-race.com\/it\/prodotto\/controllore-di-volo-speedybee-f405-aio-40a-bluejay-255-x-255-3-6s\/","og_locale":"it_IT","og_type":"article","og_title":"Controllore di volo SpeedyBee F405 AIO 40A Bluejay 25,5 x 25,5 3-6S - Iha Race","og_description":"Controllore di volo SpeedyBee F405 AIO 40A Bluejay 25,5 x 25,5 3-6S Controllore di volo Nome del prodotto AIO SpeedyBee F405 MCU STM32F405 Giroscopio ICM-42688P Tipo di porta USB Tipo","og_url":"https:\/\/iha-race.com\/it\/prodotto\/controllore-di-volo-speedybee-f405-aio-40a-bluejay-255-x-255-3-6s\/","og_site_name":"Iha Race","og_image":[{"width":1280,"height":1280,"url":"https:\/\/iha-race.com\/wp-content\/uploads\/2024\/11\/Controlador-de-vuelo-SpeedyBee-F405-AIO-40A.jpg","type":"image\/jpeg"}],"twitter_card":"summary_large_image","twitter_misc":{"Tempo di lettura stimato":"2 minuti"},"schema":{"@context":"https:\/\/schema.org","@graph":[{"@type":"WebPage","@id":"https:\/\/iha-race.com\/it\/prodotto\/controllore-di-volo-speedybee-f405-aio-40a-bluejay-255-x-255-3-6s\/","url":"https:\/\/iha-race.com\/it\/prodotto\/controllore-di-volo-speedybee-f405-aio-40a-bluejay-255-x-255-3-6s\/","name":"Controllore di volo SpeedyBee F405 AIO 40A Bluejay 25,5 x 25,5 3-6S - Iha Race","isPartOf":{"@id":"https:\/\/iha-race.com\/it\/#website"},"primaryImageOfPage":{"@id":"https:\/\/iha-race.com\/it\/prodotto\/controllore-di-volo-speedybee-f405-aio-40a-bluejay-255-x-255-3-6s\/#primaryimage"},"image":{"@id":"https:\/\/iha-race.com\/it\/prodotto\/controllore-di-volo-speedybee-f405-aio-40a-bluejay-255-x-255-3-6s\/#primaryimage"},"thumbnailUrl":"https:\/\/iha-race.com\/wp-content\/uploads\/2024\/11\/Controlador-de-vuelo-SpeedyBee-F405-AIO-40A.jpg","datePublished":"2024-11-20T09:59:40+00:00","breadcrumb":{"@id":"https:\/\/iha-race.com\/it\/prodotto\/controllore-di-volo-speedybee-f405-aio-40a-bluejay-255-x-255-3-6s\/#breadcrumb"},"inLanguage":"it-IT","potentialAction":[{"@type":"ReadAction","target":["https:\/\/iha-race.com\/it\/prodotto\/controllore-di-volo-speedybee-f405-aio-40a-bluejay-255-x-255-3-6s\/"]}]},{"@type":"ImageObject","inLanguage":"it-IT","@id":"https:\/\/iha-race.com\/it\/prodotto\/controllore-di-volo-speedybee-f405-aio-40a-bluejay-255-x-255-3-6s\/#primaryimage","url":"https:\/\/iha-race.com\/wp-content\/uploads\/2024\/11\/Controlador-de-vuelo-SpeedyBee-F405-AIO-40A.jpg","contentUrl":"https:\/\/iha-race.com\/wp-content\/uploads\/2024\/11\/Controlador-de-vuelo-SpeedyBee-F405-AIO-40A.jpg","width":1280,"height":1280,"caption":"Comprar Controlador de vuelo SpeedyBee F405 AIO 40A Bluejay"},{"@type":"BreadcrumbList","@id":"https:\/\/iha-race.com\/it\/prodotto\/controllore-di-volo-speedybee-f405-aio-40a-bluejay-255-x-255-3-6s\/#breadcrumb","itemListElement":[{"@type":"ListItem","position":1,"name":"Portada","item":"https:\/\/iha-race.com\/it\/"},{"@type":"ListItem","position":2,"name":"Negozio","item":"https:\/\/iha-race.com\/it\/negozio\/"},{"@type":"ListItem","position":3,"name":"Controllore di volo SpeedyBee F405 AIO 40A Bluejay 25,5 x 25,5 3-6S"}]},{"@type":"WebSite","@id":"https:\/\/iha-race.com\/it\/#website","url":"https:\/\/iha-race.com\/it\/","name":"Iha Race","description":"Comprar drones de carreras FPV env\u00edos en un d\u00eda desde Espa\u00f1a","publisher":{"@id":"https:\/\/iha-race.com\/it\/#organization"},"potentialAction":[{"@type":"SearchAction","target":{"@type":"EntryPoint","urlTemplate":"https:\/\/iha-race.com\/it\/?s={search_term_string}"},"query-input":{"@type":"PropertyValueSpecification","valueRequired":true,"valueName":"search_term_string"}}],"inLanguage":"it-IT"},{"@type":"Organization","@id":"https:\/\/iha-race.com\/it\/#organization","name":"Iha Race","url":"https:\/\/iha-race.com\/it\/","logo":{"@type":"ImageObject","inLanguage":"it-IT","@id":"https:\/\/iha-race.com\/it\/#\/schema\/logo\/image\/","url":"https:\/\/iha-race.com\/wp-content\/uploads\/2018\/07\/iha-race-drones-de-carreras-tienda-comprar-drones.png","contentUrl":"https:\/\/iha-race.com\/wp-content\/uploads\/2018\/07\/iha-race-drones-de-carreras-tienda-comprar-drones.png","width":300,"height":100,"caption":"Iha Race"},"image":{"@id":"https:\/\/iha-race.com\/it\/#\/schema\/logo\/image\/"}}]}},"jetpack_sharing_enabled":true,"brands":[{"id":4069,"name":"SpeedyBee","slug":"speedybee"}],"_links":{"self":[{"href":"https:\/\/iha-race.com\/it\/wp-json\/wp\/v2\/product\/252051","targetHints":{"allow":["GET"]}}],"collection":[{"href":"https:\/\/iha-race.com\/it\/wp-json\/wp\/v2\/product"}],"about":[{"href":"https:\/\/iha-race.com\/it\/wp-json\/wp\/v2\/types\/product"}],"replies":[{"embeddable":true,"href":"https:\/\/iha-race.com\/it\/wp-json\/wp\/v2\/comments?post=252051"}],"version-history":[{"count":0,"href":"https:\/\/iha-race.com\/it\/wp-json\/wp\/v2\/product\/252051\/revisions"}],"wp:featuredmedia":[{"embeddable":true,"href":"https:\/\/iha-race.com\/it\/wp-json\/wp\/v2\/media\/252035"}],"wp:attachment":[{"href":"https:\/\/iha-race.com\/it\/wp-json\/wp\/v2\/media?parent=252051"}],"wp:term":[{"taxonomy":"pwb-brand","embeddable":true,"href":"https:\/\/iha-race.com\/it\/wp-json\/wp\/v2\/pwb-brand?post=252051"},{"taxonomy":"product_cat","embeddable":true,"href":"https:\/\/iha-race.com\/it\/wp-json\/wp\/v2\/product_cat?post=252051"},{"taxonomy":"product_tag","embeddable":true,"href":"https:\/\/iha-race.com\/it\/wp-json\/wp\/v2\/product_tag?post=252051"}],"curies":[{"name":"wp","href":"https:\/\/api.w.org\/{rel}","templated":true}]}}