{"id":251638,"date":"2024-10-17T10:42:36","date_gmt":"2024-10-17T08:42:36","guid":{"rendered":"https:\/\/iha-race.com\/producto\/batteria-bt3-0-450-mah-2s-2-pezzi\/"},"modified":"2024-10-22T10:27:56","modified_gmt":"2024-10-22T08:27:56","slug":"batteria-bt3-0-450-mah-2s-2-pezzi","status":"publish","type":"product","link":"https:\/\/iha-race.com\/it\/prodotto\/batteria-bt3-0-450-mah-2s-2-pezzi\/","title":{"rendered":"Batteria BT3.0 450 mAh 2S (2 pezzi)"},"content":{"rendered":"<h1 class=\"h2 product-single__title\">Batteria BT3.0 450 mAh 2S (2 pezzi)<\/h1>\n<p>&nbsp;<\/p>\n<p>La batteria BETAFPV BT3.0 450mAh 2S presenta un design all-in-one altamente integrato che elimina la necessit\u00e0 di un ingombrante connettore per il bilanciere. Questa caratteristica plug-and-play garantisce facilit\u00e0 d&#8217;uso e praticit\u00e0 di installazione, semplificando e migliorando il design complessivo dei droni 2S. Questo non solo aiuta i principianti a mettere in funzione rapidamente i droni 2S e a provare il brivido del volo, ma soddisfa anche gli esigenti standard dei piloti professionisti per l&#8217;assemblaggio dei droni, consentendo loro di esercitare un maggiore controllo e una maggiore flessibilit\u00e0 in volo.  <\/p>\n<p><img decoding=\"async\" src=\"https:\/\/cdn.shopifycdn.net\/s\/files\/1\/1778\/6615\/files\/83629e3e107b9b3191a560ef0655f61b_e8f91eda-8984-41de-9188-a5e5ecbe5741_1024x1024.jpg?v=1691561774\" alt=\"Batteria BT3.0 450 mAh 2S (2 pezzi)\"><\/p>\n<h2 class=\"p1\">Punto di forza<\/h2>\n<ul>\n<li>L&#8217;eliminazione di un connettore di bilanciamento sulla batteria 2S garantisce una ricarica e un&#8217;installazione senza sforzo.<\/li>\n<li>Il design altamente integrato della batteria 2S impedisce l&#8217;esposizione del cablaggio o della batteria, migliorando la sicurezza e la stabilit\u00e0 della potenza.<\/li>\n<li>I connettori BT3.0 e il design minimalista di questa batteria 2S consentono un design snello per il quadcopter 2S.<\/li>\n<\/ul>\n<p>L&#8217;immagine seguente mostra le dimensioni della batteria.<\/p>\n<p><img decoding=\"async\" src=\"https:\/\/cdn.shopifycdn.net\/s\/files\/1\/1778\/6615\/files\/f7d7c897f798fc44c391847188c3ac79_4ec6e2a4-d586-4a07-a102-b51481a71928_480x480.jpg?v=1691145120\" alt=\"Batteria BT3.0 450 mAh 2S (2 pezzi)\"><\/p>\n<h2 class=\"p1\">Specifiche<\/h2>\n<ul>\n<li>Connettore della batteria: connettore BT3.0<\/li>\n<li>Capacit\u00e0 della batteria: 450 mAh<\/li>\n<li>Tipo di batteria: Batteria al litio 2S HV<\/li>\n<li>Tensione nominale: 7,6 V<\/li>\n<li>Tensione a piena carica: 8,7 V<\/li>\n<li>Velocit\u00e0 di scarica: 30 \u00b0C<\/li>\n<li>Potenza di scarica: 3,42 Wh<\/li>\n<li>Peso della batteria: 27 \u00b1 0,5 g<\/li>\n<li>Dimensioni della batteria: 67*17,5*15 mm \/ 67*16*13,3 mm (dimensioni di installazione)<\/li>\n<li>Colore: nero<\/li>\n<li>Trattamento della superficie: etichettatura e tubi termoretraibili<\/li>\n<li>Curva di scarica della batteria:<\/li>\n<\/ul>\n<div style=\"text-align: left;\"><img decoding=\"async\" src=\"https:\/\/cdn.shopifycdn.net\/s\/files\/1\/1778\/6615\/files\/114a5c0012b06a7971f293f72efdece0_eb915754-b690-4132-8af5-617ac5830ebb_600x600.jpg?v=1691562102\" alt=\"\"><\/div>\n<h2 class=\"p1\">Note per l&#8217;uso<\/h2>\n<ul>\n<li>Lo spessore della batteria \u00e8 compreso tra 13,1 e 13,6 mm, adatto all&#8217;uso con il <a href=\"https:\/\/betafpv.com\/products\/pavo-pico-brushless-whoop\">Pavo Pico Brushless Whoop Quadcopter<\/a> e il <a href=\"https:\/\/betafpv.com\/collections\/cetus-series\/products\/cetus-x-brushless-quadcopter\">Cetus X Brushless Quadcopter<\/a>.<\/li>\n<li>Per caricare questa batteria \u00e8 necessario un caricabatterie BT3.0 2S.<\/li>\n<li>Per caricare completamente questa batteria ad alto voltaggio, un normale caricabatterie non sar\u00e0 sufficiente.<\/li>\n<li>Per caricare questa batteria al massimo della sua capacit\u00e0 occorrono circa 20 minuti utilizzando un caricabatterie BT3.0 2S.<\/li>\n<\/ul>\n<h2>Accessori serie BT3.0<\/h2>\n<p>Gli accessori della serie BT3.0 di BETAFPV rappresentano una linea di prodotti progettati esclusivamente per i droni Whoop 2S e comprendono tre categorie di articoli, i connettori, la batteria e il caricabatterie, che formano un insieme integrato di accessori in grado di lavorare in perfetta armonia. I connettori BT3.0 eliminano la necessit\u00e0 di utilizzare connettori di bilanciamento, semplificando la batteria BT3.0 450mAh 2S (2 pezzi) e consentendo una maggiore praticit\u00e0 e un aumento delle prestazioni dei droni 2S. Se utilizzati insieme al caricabatterie per batterie 2S, \u00e8 possibile ottenere una ricarica pi\u00f9 efficiente e stabile.  <\/p>\n<div style=\"text-align: left;\"><img decoding=\"async\" style=\"margin-bottom: 16px; float: none;\" src=\"https:\/\/cdn.shopifycdn.net\/s\/files\/1\/1778\/6615\/files\/d11071e3e22df0f10fe36afc311a694c_1024x1024.jpg?v=1690877425\" alt=\"Serie BT3.0 per il drone Whoop 2S\"><\/div>\n<p>Ti consigliamo vivamente di combinare i seguenti prodotti per potenziare il tuo drone Whoop 2S con una serie di accessori efficienti e facili da usare:<\/p>\n<ul>\n<li>Connettori BT3.0<\/li>\n<li><span data-type=\"text\">Batteria BT3.0 450 mAh 2S (2 pezzi)<\/span><\/li>\n<li>Caricabatterie e tester di tensione per batterie 2S<\/li>\n<\/ul>\n<h2 class=\"p1\">Parti consigliate<\/h2>\n<ul>\n<li>Quadcopter: quadcopter brushless Cetus X, quadcopter Whoop brushless Pavo Pico<\/li>\n<\/ul>\n<h2 class=\"p1\">Pacchetto<\/h2>\n<ul>\n<li>2 * Batteria BT3.0 450mAh 2S<\/li>\n<li>2 * Borsa a bolle d&#8217;aria<\/li>\n<li>1 * Scatola delle batterie<\/li>\n<\/ul>\n<p><img decoding=\"async\" src=\"https:\/\/cdn.shopifycdn.net\/s\/files\/1\/1778\/6615\/files\/3f89305fb1dabad87b9b93324e3c25cd_c2bf08d2-dc95-4436-9365-6463ae7da507_480x480.jpg?v=1691043348\" alt=\"Batteria BT3.0 450 mAh 2S (2 pezzi)\"><\/p>\n","protected":false},"excerpt":{"rendered":"<p>Batteria BT3.0 450 mAh 2S (2 pezzi) &nbsp; La batteria BETAFPV BT3.0 450mAh 2S presenta un design all-in-one altamente integrato che elimina la necessit\u00e0 di un ingombrante connettore per il<\/p>\n","protected":false},"featured_media":251622,"comment_status":"open","ping_status":"closed","template":"","meta":{"_joinchat":[]},"pwb-brand":[],"product_cat":[1065,1070],"product_tag":[],"class_list":{"0":"post-251638","1":"product","2":"type-product","3":"status-publish","4":"has-post-thumbnail","6":"product_cat-batterie-fpv","7":"product_cat-s2-it","9":"first","10":"instock","11":"taxable","12":"shipping-taxable","13":"purchasable","14":"product-type-simple"},"barcode":null,"atum_controlled":true,"out_stock_date":null,"out_stock_threshold":null,"inheritable":false,"stock_on_hold":0,"sold_today":0,"sales_last_days":0,"out_stock_days":0,"lost_sales":0,"update_date":"2026-04-18T09:21:43","atum_locations":[],"atum_stock_status":"instock","restock_status":false,"low_stock_amount":"","sales_update_date":"2026-04-18T09:21:43","calc_backorders":null,"yoast_head":"<!-- This site is optimized with the Yoast SEO plugin v27.3 - https:\/\/yoast.com\/product\/yoast-seo-wordpress\/ -->\n<title>Batteria BT3.0 450 mAh 2S (2 pezzi) - Iha Race<\/title>\n<meta name=\"robots\" content=\"index, follow, max-snippet:-1, max-image-preview:large, max-video-preview:-1\" \/>\n<link rel=\"canonical\" href=\"https:\/\/iha-race.com\/it\/prodotto\/batteria-bt3-0-450-mah-2s-2-pezzi\/\" \/>\n<meta property=\"og:locale\" content=\"it_IT\" \/>\n<meta property=\"og:type\" content=\"article\" \/>\n<meta property=\"og:title\" content=\"Batteria BT3.0 450 mAh 2S (2 pezzi) - Iha Race\" \/>\n<meta property=\"og:description\" content=\"Batteria BT3.0 450 mAh 2S (2 pezzi) &nbsp; La batteria BETAFPV BT3.0 450mAh 2S presenta un design all-in-one altamente integrato che elimina la necessit\u00e0 di un ingombrante connettore per il\" \/>\n<meta property=\"og:url\" content=\"https:\/\/iha-race.com\/it\/prodotto\/batteria-bt3-0-450-mah-2s-2-pezzi\/\" \/>\n<meta property=\"og:site_name\" content=\"Iha Race\" \/>\n<meta property=\"article:modified_time\" content=\"2024-10-22T08:27:56+00:00\" \/>\n<meta property=\"og:image\" content=\"https:\/\/iha-race.com\/wp-content\/uploads\/2024\/10\/Bateria-BT3.0-450-mAh-2S-2-piezas.webp\" \/>\n\t<meta property=\"og:image:width\" content=\"540\" \/>\n\t<meta property=\"og:image:height\" content=\"540\" \/>\n\t<meta property=\"og:image:type\" content=\"image\/webp\" \/>\n<meta name=\"twitter:card\" content=\"summary_large_image\" \/>\n<meta name=\"twitter:label1\" content=\"Tempo di lettura stimato\" \/>\n\t<meta name=\"twitter:data1\" content=\"2 minuti\" \/>\n<script type=\"application\/ld+json\" class=\"yoast-schema-graph\">{\"@context\":\"https:\\\/\\\/schema.org\",\"@graph\":[{\"@type\":\"WebPage\",\"@id\":\"https:\\\/\\\/iha-race.com\\\/it\\\/prodotto\\\/batteria-bt3-0-450-mah-2s-2-pezzi\\\/\",\"url\":\"https:\\\/\\\/iha-race.com\\\/it\\\/prodotto\\\/batteria-bt3-0-450-mah-2s-2-pezzi\\\/\",\"name\":\"Batteria BT3.0 450 mAh 2S (2 pezzi) - Iha Race\",\"isPartOf\":{\"@id\":\"https:\\\/\\\/iha-race.com\\\/it\\\/#website\"},\"primaryImageOfPage\":{\"@id\":\"https:\\\/\\\/iha-race.com\\\/it\\\/prodotto\\\/batteria-bt3-0-450-mah-2s-2-pezzi\\\/#primaryimage\"},\"image\":{\"@id\":\"https:\\\/\\\/iha-race.com\\\/it\\\/prodotto\\\/batteria-bt3-0-450-mah-2s-2-pezzi\\\/#primaryimage\"},\"thumbnailUrl\":\"https:\\\/\\\/iha-race.com\\\/wp-content\\\/uploads\\\/2024\\\/10\\\/Bateria-BT3.0-450-mAh-2S-2-piezas.webp\",\"datePublished\":\"2024-10-17T08:42:36+00:00\",\"dateModified\":\"2024-10-22T08:27:56+00:00\",\"breadcrumb\":{\"@id\":\"https:\\\/\\\/iha-race.com\\\/it\\\/prodotto\\\/batteria-bt3-0-450-mah-2s-2-pezzi\\\/#breadcrumb\"},\"inLanguage\":\"it-IT\",\"potentialAction\":[{\"@type\":\"ReadAction\",\"target\":[\"https:\\\/\\\/iha-race.com\\\/it\\\/prodotto\\\/batteria-bt3-0-450-mah-2s-2-pezzi\\\/\"]}]},{\"@type\":\"ImageObject\",\"inLanguage\":\"it-IT\",\"@id\":\"https:\\\/\\\/iha-race.com\\\/it\\\/prodotto\\\/batteria-bt3-0-450-mah-2s-2-pezzi\\\/#primaryimage\",\"url\":\"https:\\\/\\\/iha-race.com\\\/wp-content\\\/uploads\\\/2024\\\/10\\\/Bateria-BT3.0-450-mAh-2S-2-piezas.webp\",\"contentUrl\":\"https:\\\/\\\/iha-race.com\\\/wp-content\\\/uploads\\\/2024\\\/10\\\/Bateria-BT3.0-450-mAh-2S-2-piezas.webp\",\"width\":540,\"height\":540,\"caption\":\"Comprar Bater\u00eda BT3.0 450 mAh 2S (2 piezas)\"},{\"@type\":\"BreadcrumbList\",\"@id\":\"https:\\\/\\\/iha-race.com\\\/it\\\/prodotto\\\/batteria-bt3-0-450-mah-2s-2-pezzi\\\/#breadcrumb\",\"itemListElement\":[{\"@type\":\"ListItem\",\"position\":1,\"name\":\"Portada\",\"item\":\"https:\\\/\\\/iha-race.com\\\/it\\\/\"},{\"@type\":\"ListItem\",\"position\":2,\"name\":\"Negozio\",\"item\":\"https:\\\/\\\/iha-race.com\\\/it\\\/negozio\\\/\"},{\"@type\":\"ListItem\",\"position\":3,\"name\":\"Batteria BT3.0 450 mAh 2S (2 pezzi)\"}]},{\"@type\":\"WebSite\",\"@id\":\"https:\\\/\\\/iha-race.com\\\/it\\\/#website\",\"url\":\"https:\\\/\\\/iha-race.com\\\/it\\\/\",\"name\":\"Iha Race\",\"description\":\"Comprar drones de carreras FPV env\u00edos en un d\u00eda desde Espa\u00f1a\",\"publisher\":{\"@id\":\"https:\\\/\\\/iha-race.com\\\/it\\\/#organization\"},\"potentialAction\":[{\"@type\":\"SearchAction\",\"target\":{\"@type\":\"EntryPoint\",\"urlTemplate\":\"https:\\\/\\\/iha-race.com\\\/it\\\/?s={search_term_string}\"},\"query-input\":{\"@type\":\"PropertyValueSpecification\",\"valueRequired\":true,\"valueName\":\"search_term_string\"}}],\"inLanguage\":\"it-IT\"},{\"@type\":\"Organization\",\"@id\":\"https:\\\/\\\/iha-race.com\\\/it\\\/#organization\",\"name\":\"Iha Race\",\"url\":\"https:\\\/\\\/iha-race.com\\\/it\\\/\",\"logo\":{\"@type\":\"ImageObject\",\"inLanguage\":\"it-IT\",\"@id\":\"https:\\\/\\\/iha-race.com\\\/it\\\/#\\\/schema\\\/logo\\\/image\\\/\",\"url\":\"https:\\\/\\\/iha-race.com\\\/wp-content\\\/uploads\\\/2018\\\/07\\\/iha-race-drones-de-carreras-tienda-comprar-drones.png\",\"contentUrl\":\"https:\\\/\\\/iha-race.com\\\/wp-content\\\/uploads\\\/2018\\\/07\\\/iha-race-drones-de-carreras-tienda-comprar-drones.png\",\"width\":300,\"height\":100,\"caption\":\"Iha Race\"},\"image\":{\"@id\":\"https:\\\/\\\/iha-race.com\\\/it\\\/#\\\/schema\\\/logo\\\/image\\\/\"}}]}<\/script>\n<!-- \/ Yoast SEO plugin. -->","yoast_head_json":{"title":"Batteria BT3.0 450 mAh 2S (2 pezzi) - Iha Race","robots":{"index":"index","follow":"follow","max-snippet":"max-snippet:-1","max-image-preview":"max-image-preview:large","max-video-preview":"max-video-preview:-1"},"canonical":"https:\/\/iha-race.com\/it\/prodotto\/batteria-bt3-0-450-mah-2s-2-pezzi\/","og_locale":"it_IT","og_type":"article","og_title":"Batteria BT3.0 450 mAh 2S (2 pezzi) - Iha Race","og_description":"Batteria BT3.0 450 mAh 2S (2 pezzi) &nbsp; La batteria BETAFPV BT3.0 450mAh 2S presenta un design all-in-one altamente integrato che elimina la necessit\u00e0 di un ingombrante connettore per il","og_url":"https:\/\/iha-race.com\/it\/prodotto\/batteria-bt3-0-450-mah-2s-2-pezzi\/","og_site_name":"Iha Race","article_modified_time":"2024-10-22T08:27:56+00:00","og_image":[{"width":540,"height":540,"url":"https:\/\/iha-race.com\/wp-content\/uploads\/2024\/10\/Bateria-BT3.0-450-mAh-2S-2-piezas.webp","type":"image\/webp"}],"twitter_card":"summary_large_image","twitter_misc":{"Tempo di lettura stimato":"2 minuti"},"schema":{"@context":"https:\/\/schema.org","@graph":[{"@type":"WebPage","@id":"https:\/\/iha-race.com\/it\/prodotto\/batteria-bt3-0-450-mah-2s-2-pezzi\/","url":"https:\/\/iha-race.com\/it\/prodotto\/batteria-bt3-0-450-mah-2s-2-pezzi\/","name":"Batteria BT3.0 450 mAh 2S (2 pezzi) - Iha Race","isPartOf":{"@id":"https:\/\/iha-race.com\/it\/#website"},"primaryImageOfPage":{"@id":"https:\/\/iha-race.com\/it\/prodotto\/batteria-bt3-0-450-mah-2s-2-pezzi\/#primaryimage"},"image":{"@id":"https:\/\/iha-race.com\/it\/prodotto\/batteria-bt3-0-450-mah-2s-2-pezzi\/#primaryimage"},"thumbnailUrl":"https:\/\/iha-race.com\/wp-content\/uploads\/2024\/10\/Bateria-BT3.0-450-mAh-2S-2-piezas.webp","datePublished":"2024-10-17T08:42:36+00:00","dateModified":"2024-10-22T08:27:56+00:00","breadcrumb":{"@id":"https:\/\/iha-race.com\/it\/prodotto\/batteria-bt3-0-450-mah-2s-2-pezzi\/#breadcrumb"},"inLanguage":"it-IT","potentialAction":[{"@type":"ReadAction","target":["https:\/\/iha-race.com\/it\/prodotto\/batteria-bt3-0-450-mah-2s-2-pezzi\/"]}]},{"@type":"ImageObject","inLanguage":"it-IT","@id":"https:\/\/iha-race.com\/it\/prodotto\/batteria-bt3-0-450-mah-2s-2-pezzi\/#primaryimage","url":"https:\/\/iha-race.com\/wp-content\/uploads\/2024\/10\/Bateria-BT3.0-450-mAh-2S-2-piezas.webp","contentUrl":"https:\/\/iha-race.com\/wp-content\/uploads\/2024\/10\/Bateria-BT3.0-450-mAh-2S-2-piezas.webp","width":540,"height":540,"caption":"Comprar Bater\u00eda BT3.0 450 mAh 2S (2 piezas)"},{"@type":"BreadcrumbList","@id":"https:\/\/iha-race.com\/it\/prodotto\/batteria-bt3-0-450-mah-2s-2-pezzi\/#breadcrumb","itemListElement":[{"@type":"ListItem","position":1,"name":"Portada","item":"https:\/\/iha-race.com\/it\/"},{"@type":"ListItem","position":2,"name":"Negozio","item":"https:\/\/iha-race.com\/it\/negozio\/"},{"@type":"ListItem","position":3,"name":"Batteria BT3.0 450 mAh 2S (2 pezzi)"}]},{"@type":"WebSite","@id":"https:\/\/iha-race.com\/it\/#website","url":"https:\/\/iha-race.com\/it\/","name":"Iha Race","description":"Comprar drones de carreras FPV env\u00edos en un d\u00eda desde Espa\u00f1a","publisher":{"@id":"https:\/\/iha-race.com\/it\/#organization"},"potentialAction":[{"@type":"SearchAction","target":{"@type":"EntryPoint","urlTemplate":"https:\/\/iha-race.com\/it\/?s={search_term_string}"},"query-input":{"@type":"PropertyValueSpecification","valueRequired":true,"valueName":"search_term_string"}}],"inLanguage":"it-IT"},{"@type":"Organization","@id":"https:\/\/iha-race.com\/it\/#organization","name":"Iha Race","url":"https:\/\/iha-race.com\/it\/","logo":{"@type":"ImageObject","inLanguage":"it-IT","@id":"https:\/\/iha-race.com\/it\/#\/schema\/logo\/image\/","url":"https:\/\/iha-race.com\/wp-content\/uploads\/2018\/07\/iha-race-drones-de-carreras-tienda-comprar-drones.png","contentUrl":"https:\/\/iha-race.com\/wp-content\/uploads\/2018\/07\/iha-race-drones-de-carreras-tienda-comprar-drones.png","width":300,"height":100,"caption":"Iha Race"},"image":{"@id":"https:\/\/iha-race.com\/it\/#\/schema\/logo\/image\/"}}]}},"jetpack_sharing_enabled":true,"brands":[],"_links":{"self":[{"href":"https:\/\/iha-race.com\/it\/wp-json\/wp\/v2\/product\/251638","targetHints":{"allow":["GET"]}}],"collection":[{"href":"https:\/\/iha-race.com\/it\/wp-json\/wp\/v2\/product"}],"about":[{"href":"https:\/\/iha-race.com\/it\/wp-json\/wp\/v2\/types\/product"}],"replies":[{"embeddable":true,"href":"https:\/\/iha-race.com\/it\/wp-json\/wp\/v2\/comments?post=251638"}],"version-history":[{"count":1,"href":"https:\/\/iha-race.com\/it\/wp-json\/wp\/v2\/product\/251638\/revisions"}],"predecessor-version":[{"id":251691,"href":"https:\/\/iha-race.com\/it\/wp-json\/wp\/v2\/product\/251638\/revisions\/251691"}],"wp:featuredmedia":[{"embeddable":true,"href":"https:\/\/iha-race.com\/it\/wp-json\/wp\/v2\/media\/251622"}],"wp:attachment":[{"href":"https:\/\/iha-race.com\/it\/wp-json\/wp\/v2\/media?parent=251638"}],"wp:term":[{"taxonomy":"pwb-brand","embeddable":true,"href":"https:\/\/iha-race.com\/it\/wp-json\/wp\/v2\/pwb-brand?post=251638"},{"taxonomy":"product_cat","embeddable":true,"href":"https:\/\/iha-race.com\/it\/wp-json\/wp\/v2\/product_cat?post=251638"},{"taxonomy":"product_tag","embeddable":true,"href":"https:\/\/iha-race.com\/it\/wp-json\/wp\/v2\/product_tag?post=251638"}],"curies":[{"name":"wp","href":"https:\/\/api.w.org\/{rel}","templated":true}]}}