{"id":251618,"date":"2024-10-17T10:28:43","date_gmt":"2024-10-17T08:28:43","guid":{"rendered":"https:\/\/iha-race.com\/producto\/batteria-bt3-0-550-mah-2s-2-pezzi\/"},"modified":"2024-10-17T10:47:05","modified_gmt":"2024-10-17T08:47:05","slug":"batteria-bt3-0-550-mah-2s-2-pezzi","status":"publish","type":"product","link":"https:\/\/iha-race.com\/it\/prodotto\/batteria-bt3-0-550-mah-2s-2-pezzi\/","title":{"rendered":"Batteria BT3.0 550 mAh 2S (2 pezzi)"},"content":{"rendered":"<h2>Batteria BT3.0 550 mAh 2S (2 pezzi)<\/h2>\n<p>Quando i piloti cercano una maggiore potenza di volo, hanno bisogno di una batteria robusta per sprigionare tutto il potenziale del loro quadcopter. Questa formidabile batteria LiHV \u00e8 caratterizzata dall&#8217;innovativo processo di piegatura a Z, che supera i processi di avvolgimento tradizionali in termini di capacit\u00e0 e soglie di scarica. Con un&#8217;impressionante velocit\u00e0 di scarica di 75\u00b0C, le prestazioni salgono alle stelle. Il suo design innovativo incarna una potenza esplosiva, che ricorda la lava fusa, e la rende la scelta migliore per le batterie dei droni da corsa o da cinewhoop, consentendo una propulsione straordinaria. Dotato di un connettore BT3.0, combina le funzionalit\u00e0 del cavo di alimentazione di carica e scarica in un unico connettore, incarnando potenza ed efficienza.    <\/p>\n<div><img decoding=\"async\" src=\"https:\/\/cdn.shopify.com\/s\/files\/1\/1778\/6615\/files\/83629e3e107b9b3191a560ef0655f61b_ecfaa027-9ba6-4017-89b5-f2aa5d7161ea.jpg?v=1713869242\" alt=\"Batteria BT3.0 550 mAh 2S (2 pezzi)\"><\/div>\n<h2 class=\"p1\">Punto di forza<\/h2>\n<ul>\n<li>Con il processo di piegatura a Z, raggiunge un miglioramento del 5% nella densit\u00e0 di energia rispetto al processo di avvolgimento. Con una velocit\u00e0 di scarica migliorata di 75\u00b0C, offre una maggiore potenza di scarica per prestazioni di volo superiori e una manovrabilit\u00e0 per un controllo senza pari. <\/li>\n<li>I connettori BT3.0 offrono una comodit\u00e0 senza precedenti, combinando le funzionalit\u00e0 di ricarica e scarica del cavo di alimentazione in un unico connettore, liberandoti da cavi aggrovigliati e dal fastidio di dover gestire pi\u00f9 spine.<\/li>\n<li>Con un ciclo di vita della batteria esteso, garantisce un supporto energetico prolungato, offrendo agli utenti prestazioni sostenute e affidabili.<\/li>\n<li>Nuova batteria della serie LAVA, con un nuovo design che simboleggia una potenza esplosiva simile alla lava fusa.<\/li>\n<\/ul>\n<h2 class=\"p1\">Specifiche<\/h2>\n<ul>\n<li>Articoli: Batteria BT3.0 550mAh 2S (2 pezzi)<\/li>\n<li>Connettore: connettore BT3.0<\/li>\n<li>Capacit\u00e0: 550mAh<\/li>\n<li>Tipo: batteria 2S LiHv<\/li>\n<li>Tensione nominale: 7,6 V<\/li>\n<li>Tensione a piena carica: 8,7 V<\/li>\n<li>Velocit\u00e0 di scarica: 75 \u00b0C<\/li>\n<li>Potenza di scarica: 4,18 Wh<\/li>\n<li>Peso: 29 \u00b1 0,5 g<\/li>\n<li>Dimensioni: 71*17,5*17,5*15 mm \/ 71*15,5*15,5*13,8 mm (dimensioni di installazione)<\/li>\n<li>Trattamento della superficie: etichettatura e tubi termoretraibili<\/li>\n<\/ul>\n<h2 style=\"display: inline !important;\">Diagramma<\/h2>\n<p>L&#8217;immagine seguente mostra le dimensioni della batteria.<\/p>\n<div><img decoding=\"async\" src=\"https:\/\/cdn.shopify.com\/s\/files\/1\/1778\/6615\/files\/f7d7c897f798fc44c391847188c3ac79_0936568e-5b68-4d8b-8df4-9441870cf5cc_480x480.jpg?v=1713340196\" alt=\"Batteria BT3.0 550 mAh 2S (2 pezzi)\"><\/div>\n<p>L&#8217;immagine seguente mostra il rapporto di scarica della batteria.<\/p>\n<div style=\"text-align: left;\"><img decoding=\"async\" src=\"https:\/\/cdn.shopify.com\/s\/files\/1\/1778\/6615\/files\/1a2c3f8d1464e2ab7e53ff20e75082e3_5c870601-237e-41b3-a55f-d020e3f8262f_600x600.jpg?v=1713953290\" alt=\"Batteria BT3.0 550 mAh 2S (2 pezzi)\"><\/div>\n<div style=\"text-align: left;\"><\/div>\n<h2><\/h2>\n<h2 class=\"p1\">Processo di piegatura a Z<\/h2>\n<p>La batteria con processo Z-fold dimostra prestazioni notevoli e capacit\u00e0 versatili. Sfruttando la sua bassa resistenza interna, consente una scarica efficiente ad alta corrente in tempi pi\u00f9 brevi, ottenendo piattaforme di scarica elevate. Rispetto alla batteria con processo di avvolgimento, raggiunge una piattaforma di scarica superiore di 0,2 V a carichi equivalenti, garantendo un&#8217;erogazione di energia costante e robusta; vanta inoltre una densit\u00e0 energetica superiore del 5% a parit\u00e0 di volume, accompagnata da una maggiore durata. Il processo di piegatura a Z permette di personalizzare con precisione le dimensioni degli elettrodi in base alle dimensioni della batteria al litio, ottimizzando il controllo sulle dimensioni e sulla forma della batteria. Le prestazioni della batteria sono superiori, con una gamma pi\u00f9 ampia di opzioni di aspetto e forma, e anche la sua applicabilit\u00e0 \u00e8 pi\u00f9 ampia rispetto alla batteria con processo di avvolgimento.    <\/p>\n<div><img decoding=\"async\" src=\"https:\/\/cdn.shopify.com\/s\/files\/1\/1778\/6615\/files\/c87350369e899281d3c131bee258dcdb_9f24ca6e-81be-4cf5-99d2-4948e6a7e33e_1024x1024.jpg?v=1700822465\" alt=\"\"><\/div>\n<h2 class=\"p1\">Avvertenze<\/h2>\n<ul>\n<li>Carica completamente la nuova batteria prima di utilizzarla.<\/li>\n<li>Non lasciare mai che la temperatura delle batterie superi i 140\u00b0 F durante la scarica.<\/li>\n<li>Non scaricare mai la batteria sotto i 6 V sotto carico.<\/li>\n<li>Non sovraccaricare mai la batteria (4,35 V per cella).<\/li>\n<li>Interrompere l&#8217;uso se l&#8217;utente scopre che il voltaggio delle celle non \u00e8 bilanciato, le celle sono gonfie, rigonfie, trasudano, perdono o presentano altre anomalie.<\/li>\n<li>\n<article class=\"4ever-article\" data-identifier-application__slash__x-doc-key=\"jP2lR4XWjAvLq8g5\" data-identifier-application__slash__x-cangjie-fragment=\"JTdCJTIya2xhc3MlMjIlM0ElMjJkb2N1bWVudCUyMiUyQyUyMmRhdGElMjIlM0ElN0IlN0QlMkMlMjJub2RlcyUyMiUzQSU1QiU3QiUyMmtsYXNzJTIyJTNBJTIyYmxvY2slMjIlMkMlMjJ0eXBlJTIyJTNBJTIycGFyYWdyYXBoJTIyJTJDJTIyZGF0YSUyMiUzQSU3QiUyMnV1aWQlMjIlM0ElMjJsdXFuZDMzMXRhdWVnYzQzam5tJTIyJTJDJTIyc3BhY2luZyUyMiUzQSU3QiUyMmxpbmUlMjIlM0ExLjE1JTJDJTIybGluZVJ1bGUlMjIlM0ElMjJhdXRvJTIyJTdEJTdEJTJDJTIybm9kZXMlMjIlM0ElNUIlN0IlMjJrbGFzcyUyMiUzQSUyMnRleHQlMjIlMkMlMjJsZWF2ZXMlMjIlM0ElNUIlN0IlMjJrbGFzcyUyMiUzQSUyMmxlYWYlMjIlMkMlMjJ0ZXh0JTIyJTNBJTIyRnVsbHklMjBDaGFyZ2luZyUyMCUyMiUyQyUyMm1hcmtzJTIyJTNBJTVCJTdCJTIya2xhc3MlMjIlM0ElMjJtYXJrJTIyJTJDJTIydHlwZSUyMiUzQSUyMmJvbGQlMjIlMkMlMjJkYXRhJTIyJTNBJTdCJTIydmFsdWUlMjIlM0FmYWxzZSU3RCU3RCUyQyU3QiUyMmtsYXNzJTIyJTNBJTIybWFyayUyMiUyQyUyMnR5cGUlMjIlM0ElMjJjb2xvciUyMiUyQyUyMmRhdGElMjIlM0ElN0IlMjJ2YWx1ZSUyMiUzQSUyMiUyMzI1MjcyQSUyMiU3RCU3RCUyQyU3QiUyMmtsYXNzJTIyJTNBJTIybWFyayUyMiUyQyUyMnR5cGUlMjIlM0ElMjJzeiUyMiUyQyUyMmRhdGElMjIlM0ElN0IlMjJ2YWx1ZSUyMiUzQTExJTJDJTIyc3pVbml0JTIyJTNBJTIycHQlMjIlN0QlN0QlNUQlN0QlMkMlN0IlMjJrbGFzcyUyMiUzQSUyMmxlYWYlMjIlMkMlMjJ0ZXh0JTIyJTNBJTIyYSUyMGJhdHRlcnklMjB3aWxsJTIwJTIyJTJDJTIybWFya3MlMjIlM0ElNUIlNUQlN0QlMkMlN0IlMjJrbGFzcyUyMiUzQSUyMmxlYWYlMjIlMkMlMjJ0ZXh0JTIyJTNBJTIydGFrZSUyMGFwcHJveGltYXRlbHklMjAyNSUyMG1pbnV0ZXMlMjIlMkMlMjJtYXJrcyUyMiUzQSU1QiU3QiUyMmtsYXNzJTIyJTNBJTIybWFyayUyMiUyQyUyMnR5cGUlMjIlM0ElMjJib2xkJTIyJTJDJTIyZGF0YSUyMiUzQSU3QiUyMnZhbHVlJTIyJTNBZmFsc2UlN0QlN0QlMkMlN0IlMjJrbGFzcyUyMiUzQSUyMm1hcmslMjIlMkMlMjJ0eXBlJTIyJTNBJTIyY29sb3IlMjIlMkMlMjJkYXRhJTIyJTNBJTdCJTIydmFsdWUlMjIlM0ElMjIlMjMyNTI3MkElMjIlN0QlN0QlMkMlN0IlMjJrbGFzcyUyMiUzQSUyMm1hcmslMjIlMkMlMjJ0eXBlJTIyJTNBJTIyc3olMjIlMkMlMjJkYXRhJTIyJTNBJTdCJTIydmFsdWUlMjIlM0ExMSUyQyUyMnN6VW5pdCUyMiUzQSUyMnB0JTIyJTdEJTdEJTVEJTdEJTJDJTdCJTIya2xhc3MlMjIlM0ElMjJsZWFmJTIyJTJDJTIydGV4dCUyMiUzQSUyMi4lMjAlMjIlMkMlMjJtYXJrcyUyMiUzQSU1QiU3QiUyMmtsYXNzJTIyJTNBJTIybWFyayUyMiUyQyUyMnR5cGUlMjIlM0ElMjJjb2xvciUyMiUyQyUyMmRhdGElMjIlM0ElN0IlMjJ2YWx1ZSUyMiUzQSUyMiUyMzI1MjcyQSUyMiU3RCU3RCUyQyU3QiUyMmtsYXNzJTIyJTNBJTIybWFyayUyMiUyQyUyMnR5cGUlMjIlM0ElMjJzeiUyMiUyQyUyMmRhdGElMjIlM0ElN0IlMjJ2YWx1ZSUyMiUzQTExJTJDJTIyc3pVbml0JTIyJTNBJTIycHQlMjIlN0QlN0QlNUQlN0QlMkMlN0IlMjJrbGFzcyUyMiUzQSUyMmxlYWYlMjIlMkMlMjJ0ZXh0JTIyJTNBJTIyQ2hhcmdpbmclMjBzdGVwcyUyMGFyZSUyMHNob3duJTIwYmVsb3clMjIlMkMlMjJtYXJrcyUyMiUzQSU1QiU3QiUyMmtsYXNzJTIyJTNBJTIybWFyayUyMiUyQyUyMnR5cGUlMjIlM0ElMjJib2xkJTIyJTJDJTIyZGF0YSUyMiUzQSU3QiUyMnZhbHVlJTIyJTNBZmFsc2UlN0QlN0QlMkMlN0IlMjJrbGFzcyUyMiUzQSUyMm1hcmslMjIlMkMlMjJ0eXBlJTIyJTNBJTIyY29sb3IlMjIlMkMlMjJkYXRhJTIyJTNBJTdCJTIydmFsdWUlMjIlM0ElMjIlMjMyNTI3MkElMjIlN0QlN0QlMkMlN0IlMjJrbGFzcyUyMiUzQSUyMm1hcmslMjIlMkMlMjJ0eXBlJTIyJTNBJTIyc3olMjIlMkMlMjJkYXRhJTIyJTNBJTdCJTIydmFsdWUlMjIlM0ExMSUyQyUyMnN6VW5pdCUyMiUzQSUyMnB0JTIyJTdEJTdEJTVEJTdEJTVEJTdEJTVEJTdEJTVEJTdE\" data-clipboard-cangjie=\"[\"root\",{},[\"p\",{\"uuid\":\"luqnd331tauegc43jnm\",\"spacing\":{\"line\":1.15,\"lineRule\":\"auto\"}},[\"span\",{\"data-type\":\"text\"},[\"span\",{\"bold\":false,\"color\":\"#25272A\",\"sz\":11,\"szUnit\":\"pt\",\"data-type\":\"leaf\"},\"Fully Charging \"],[\"span\",{\"data-type\":\"leaf\"},\"a battery will \"],[\"span\",{\"bold\":false,\"color\":\"#25272A\",\"sz\":11,\"szUnit\":\"pt\",\"data-type\":\"leaf\"},\"take approximately 25 minutes\"],[\"span\",{\"color\":\"#25272A\",\"sz\":11,\"szUnit\":\"pt\",\"data-type\":\"leaf\"},\". \"],[\"span\",{\"bold\":false,\"color\":\"#25272A\",\"sz\":11,\"szUnit\":\"pt\",\"data-type\":\"leaf\"},\"Charging steps are shown below\"]]]]\"><span data-type=\"text\">La carica completa <\/span><span data-type=\"text\">di una batteria <\/span><span data-type=\"text\">richiede circa 25 minuti <\/span> <span data-type=\"text\">. Il  <\/span><span data-type=\"text\">Le fasi di caricamento sono illustrate di seguito.<\/span><\/p>\n<div><img decoding=\"async\" src=\"https:\/\/cdn.shopify.com\/s\/files\/1\/1778\/6615\/files\/1_98059cc5-6fb6-485b-8801-c66ad7c3b32c.png?v=1713426498\" alt=\"Batteria BT3.0 550 mAh 2S (2 pezzi)\"><\/div>\n<\/article>\n<\/li>\n<\/ul>\n<h2 class=\"p1\">Raccomandare le parti<\/h2>\n<ul>\n<li>Quadcopter<a href=\"https:\/\/betafpv.com\/products\/pavo20-pocket\">:Pocket Pavo20<\/a><\/li>\n<li>Caricabatterie<a href=\"https:\/\/betafpv.com\/products\/2s-battery-charger-and-voltage-tester\">: caricabatterie 2S e tester di tensione (versione BT3.0)<\/a><\/li>\n<\/ul>\n<h2 class=\"p1\">Pacchetto<\/h2>\n<ul>\n<li>2 * Batteria BT3.0 550mAh 2S (2 pezzi)<\/li>\n<\/ul>\n<div><img decoding=\"async\" src=\"https:\/\/cdn.shopify.com\/s\/files\/1\/1778\/6615\/files\/3f89305fb1dabad87b9b93324e3c25cd_0b04e8b1-a52c-4fde-a2d1-9041ccc91fd6_480x480.jpg?v=1713340132\" alt=\"Batteria BT3.0 550 mAh 2S (2 pezzi)\"><\/div>\n","protected":false},"excerpt":{"rendered":"<p>Batteria BT3.0 550 mAh 2S (2 pezzi) Quando i piloti cercano una maggiore potenza di volo, hanno bisogno di una batteria robusta per sprigionare tutto il potenziale del loro quadcopter.<\/p>\n","protected":false},"featured_media":251601,"comment_status":"open","ping_status":"closed","template":"","meta":{"_joinchat":[]},"pwb-brand":[],"product_cat":[1065,1070],"product_tag":[],"class_list":{"0":"post-251618","1":"product","2":"type-product","3":"status-publish","4":"has-post-thumbnail","6":"product_cat-batterie-fpv","7":"product_cat-s2-it","9":"first","10":"instock","11":"taxable","12":"shipping-taxable","13":"purchasable","14":"product-type-simple"},"barcode":null,"atum_controlled":true,"out_stock_date":null,"out_stock_threshold":null,"inheritable":false,"stock_on_hold":0,"sold_today":0,"sales_last_days":0,"out_stock_days":0,"lost_sales":0,"update_date":"2026-04-18T09:21:43","atum_locations":[],"atum_stock_status":"instock","restock_status":false,"low_stock_amount":"","sales_update_date":"2026-04-18T09:21:43","calc_backorders":null,"yoast_head":"<!-- This site is optimized with the Yoast SEO plugin v27.3 - https:\/\/yoast.com\/product\/yoast-seo-wordpress\/ -->\n<title>Batteria BT3.0 550 mAh 2S (2 pezzi) - Iha Race<\/title>\n<meta name=\"robots\" content=\"index, follow, max-snippet:-1, max-image-preview:large, max-video-preview:-1\" \/>\n<link rel=\"canonical\" href=\"https:\/\/iha-race.com\/it\/prodotto\/batteria-bt3-0-550-mah-2s-2-pezzi\/\" \/>\n<meta property=\"og:locale\" content=\"it_IT\" \/>\n<meta property=\"og:type\" content=\"article\" \/>\n<meta property=\"og:title\" content=\"Batteria BT3.0 550 mAh 2S (2 pezzi) - Iha Race\" \/>\n<meta property=\"og:description\" content=\"Batteria BT3.0 550 mAh 2S (2 pezzi) Quando i piloti cercano una maggiore potenza di volo, hanno bisogno di una batteria robusta per sprigionare tutto il potenziale del loro quadcopter.\" \/>\n<meta property=\"og:url\" content=\"https:\/\/iha-race.com\/it\/prodotto\/batteria-bt3-0-550-mah-2s-2-pezzi\/\" \/>\n<meta property=\"og:site_name\" content=\"Iha Race\" \/>\n<meta property=\"article:modified_time\" content=\"2024-10-17T08:47:05+00:00\" \/>\n<meta property=\"og:image\" content=\"https:\/\/iha-race.com\/wp-content\/uploads\/2024\/10\/Bateria-BT3.0-550-mAh-2S-2-piezas.webp\" \/>\n\t<meta property=\"og:image:width\" content=\"540\" \/>\n\t<meta property=\"og:image:height\" content=\"540\" \/>\n\t<meta property=\"og:image:type\" content=\"image\/webp\" \/>\n<meta name=\"twitter:card\" content=\"summary_large_image\" \/>\n<meta name=\"twitter:label1\" content=\"Tempo di lettura stimato\" \/>\n\t<meta name=\"twitter:data1\" content=\"3 minuti\" \/>\n<script type=\"application\/ld+json\" class=\"yoast-schema-graph\">{\"@context\":\"https:\\\/\\\/schema.org\",\"@graph\":[{\"@type\":\"WebPage\",\"@id\":\"https:\\\/\\\/iha-race.com\\\/it\\\/prodotto\\\/batteria-bt3-0-550-mah-2s-2-pezzi\\\/\",\"url\":\"https:\\\/\\\/iha-race.com\\\/it\\\/prodotto\\\/batteria-bt3-0-550-mah-2s-2-pezzi\\\/\",\"name\":\"Batteria BT3.0 550 mAh 2S (2 pezzi) - Iha Race\",\"isPartOf\":{\"@id\":\"https:\\\/\\\/iha-race.com\\\/it\\\/#website\"},\"primaryImageOfPage\":{\"@id\":\"https:\\\/\\\/iha-race.com\\\/it\\\/prodotto\\\/batteria-bt3-0-550-mah-2s-2-pezzi\\\/#primaryimage\"},\"image\":{\"@id\":\"https:\\\/\\\/iha-race.com\\\/it\\\/prodotto\\\/batteria-bt3-0-550-mah-2s-2-pezzi\\\/#primaryimage\"},\"thumbnailUrl\":\"https:\\\/\\\/iha-race.com\\\/wp-content\\\/uploads\\\/2024\\\/10\\\/Bateria-BT3.0-550-mAh-2S-2-piezas.webp\",\"datePublished\":\"2024-10-17T08:28:43+00:00\",\"dateModified\":\"2024-10-17T08:47:05+00:00\",\"breadcrumb\":{\"@id\":\"https:\\\/\\\/iha-race.com\\\/it\\\/prodotto\\\/batteria-bt3-0-550-mah-2s-2-pezzi\\\/#breadcrumb\"},\"inLanguage\":\"it-IT\",\"potentialAction\":[{\"@type\":\"ReadAction\",\"target\":[\"https:\\\/\\\/iha-race.com\\\/it\\\/prodotto\\\/batteria-bt3-0-550-mah-2s-2-pezzi\\\/\"]}]},{\"@type\":\"ImageObject\",\"inLanguage\":\"it-IT\",\"@id\":\"https:\\\/\\\/iha-race.com\\\/it\\\/prodotto\\\/batteria-bt3-0-550-mah-2s-2-pezzi\\\/#primaryimage\",\"url\":\"https:\\\/\\\/iha-race.com\\\/wp-content\\\/uploads\\\/2024\\\/10\\\/Bateria-BT3.0-550-mAh-2S-2-piezas.webp\",\"contentUrl\":\"https:\\\/\\\/iha-race.com\\\/wp-content\\\/uploads\\\/2024\\\/10\\\/Bateria-BT3.0-550-mAh-2S-2-piezas.webp\",\"width\":540,\"height\":540,\"caption\":\"Comprar Bater\u00eda BT3.0 550 mAh 2S (2 piezas)\"},{\"@type\":\"BreadcrumbList\",\"@id\":\"https:\\\/\\\/iha-race.com\\\/it\\\/prodotto\\\/batteria-bt3-0-550-mah-2s-2-pezzi\\\/#breadcrumb\",\"itemListElement\":[{\"@type\":\"ListItem\",\"position\":1,\"name\":\"Portada\",\"item\":\"https:\\\/\\\/iha-race.com\\\/it\\\/\"},{\"@type\":\"ListItem\",\"position\":2,\"name\":\"Negozio\",\"item\":\"https:\\\/\\\/iha-race.com\\\/it\\\/negozio\\\/\"},{\"@type\":\"ListItem\",\"position\":3,\"name\":\"Batteria BT3.0 550 mAh 2S (2 pezzi)\"}]},{\"@type\":\"WebSite\",\"@id\":\"https:\\\/\\\/iha-race.com\\\/it\\\/#website\",\"url\":\"https:\\\/\\\/iha-race.com\\\/it\\\/\",\"name\":\"Iha Race\",\"description\":\"Comprar drones de carreras FPV env\u00edos en un d\u00eda desde Espa\u00f1a\",\"publisher\":{\"@id\":\"https:\\\/\\\/iha-race.com\\\/it\\\/#organization\"},\"potentialAction\":[{\"@type\":\"SearchAction\",\"target\":{\"@type\":\"EntryPoint\",\"urlTemplate\":\"https:\\\/\\\/iha-race.com\\\/it\\\/?s={search_term_string}\"},\"query-input\":{\"@type\":\"PropertyValueSpecification\",\"valueRequired\":true,\"valueName\":\"search_term_string\"}}],\"inLanguage\":\"it-IT\"},{\"@type\":\"Organization\",\"@id\":\"https:\\\/\\\/iha-race.com\\\/it\\\/#organization\",\"name\":\"Iha Race\",\"url\":\"https:\\\/\\\/iha-race.com\\\/it\\\/\",\"logo\":{\"@type\":\"ImageObject\",\"inLanguage\":\"it-IT\",\"@id\":\"https:\\\/\\\/iha-race.com\\\/it\\\/#\\\/schema\\\/logo\\\/image\\\/\",\"url\":\"https:\\\/\\\/iha-race.com\\\/wp-content\\\/uploads\\\/2018\\\/07\\\/iha-race-drones-de-carreras-tienda-comprar-drones.png\",\"contentUrl\":\"https:\\\/\\\/iha-race.com\\\/wp-content\\\/uploads\\\/2018\\\/07\\\/iha-race-drones-de-carreras-tienda-comprar-drones.png\",\"width\":300,\"height\":100,\"caption\":\"Iha Race\"},\"image\":{\"@id\":\"https:\\\/\\\/iha-race.com\\\/it\\\/#\\\/schema\\\/logo\\\/image\\\/\"}}]}<\/script>\n<!-- \/ Yoast SEO plugin. -->","yoast_head_json":{"title":"Batteria BT3.0 550 mAh 2S (2 pezzi) - Iha Race","robots":{"index":"index","follow":"follow","max-snippet":"max-snippet:-1","max-image-preview":"max-image-preview:large","max-video-preview":"max-video-preview:-1"},"canonical":"https:\/\/iha-race.com\/it\/prodotto\/batteria-bt3-0-550-mah-2s-2-pezzi\/","og_locale":"it_IT","og_type":"article","og_title":"Batteria BT3.0 550 mAh 2S (2 pezzi) - Iha Race","og_description":"Batteria BT3.0 550 mAh 2S (2 pezzi) Quando i piloti cercano una maggiore potenza di volo, hanno bisogno di una batteria robusta per sprigionare tutto il potenziale del loro quadcopter.","og_url":"https:\/\/iha-race.com\/it\/prodotto\/batteria-bt3-0-550-mah-2s-2-pezzi\/","og_site_name":"Iha Race","article_modified_time":"2024-10-17T08:47:05+00:00","og_image":[{"width":540,"height":540,"url":"https:\/\/iha-race.com\/wp-content\/uploads\/2024\/10\/Bateria-BT3.0-550-mAh-2S-2-piezas.webp","type":"image\/webp"}],"twitter_card":"summary_large_image","twitter_misc":{"Tempo di lettura stimato":"3 minuti"},"schema":{"@context":"https:\/\/schema.org","@graph":[{"@type":"WebPage","@id":"https:\/\/iha-race.com\/it\/prodotto\/batteria-bt3-0-550-mah-2s-2-pezzi\/","url":"https:\/\/iha-race.com\/it\/prodotto\/batteria-bt3-0-550-mah-2s-2-pezzi\/","name":"Batteria BT3.0 550 mAh 2S (2 pezzi) - Iha Race","isPartOf":{"@id":"https:\/\/iha-race.com\/it\/#website"},"primaryImageOfPage":{"@id":"https:\/\/iha-race.com\/it\/prodotto\/batteria-bt3-0-550-mah-2s-2-pezzi\/#primaryimage"},"image":{"@id":"https:\/\/iha-race.com\/it\/prodotto\/batteria-bt3-0-550-mah-2s-2-pezzi\/#primaryimage"},"thumbnailUrl":"https:\/\/iha-race.com\/wp-content\/uploads\/2024\/10\/Bateria-BT3.0-550-mAh-2S-2-piezas.webp","datePublished":"2024-10-17T08:28:43+00:00","dateModified":"2024-10-17T08:47:05+00:00","breadcrumb":{"@id":"https:\/\/iha-race.com\/it\/prodotto\/batteria-bt3-0-550-mah-2s-2-pezzi\/#breadcrumb"},"inLanguage":"it-IT","potentialAction":[{"@type":"ReadAction","target":["https:\/\/iha-race.com\/it\/prodotto\/batteria-bt3-0-550-mah-2s-2-pezzi\/"]}]},{"@type":"ImageObject","inLanguage":"it-IT","@id":"https:\/\/iha-race.com\/it\/prodotto\/batteria-bt3-0-550-mah-2s-2-pezzi\/#primaryimage","url":"https:\/\/iha-race.com\/wp-content\/uploads\/2024\/10\/Bateria-BT3.0-550-mAh-2S-2-piezas.webp","contentUrl":"https:\/\/iha-race.com\/wp-content\/uploads\/2024\/10\/Bateria-BT3.0-550-mAh-2S-2-piezas.webp","width":540,"height":540,"caption":"Comprar Bater\u00eda BT3.0 550 mAh 2S (2 piezas)"},{"@type":"BreadcrumbList","@id":"https:\/\/iha-race.com\/it\/prodotto\/batteria-bt3-0-550-mah-2s-2-pezzi\/#breadcrumb","itemListElement":[{"@type":"ListItem","position":1,"name":"Portada","item":"https:\/\/iha-race.com\/it\/"},{"@type":"ListItem","position":2,"name":"Negozio","item":"https:\/\/iha-race.com\/it\/negozio\/"},{"@type":"ListItem","position":3,"name":"Batteria BT3.0 550 mAh 2S (2 pezzi)"}]},{"@type":"WebSite","@id":"https:\/\/iha-race.com\/it\/#website","url":"https:\/\/iha-race.com\/it\/","name":"Iha Race","description":"Comprar drones de carreras FPV env\u00edos en un d\u00eda desde Espa\u00f1a","publisher":{"@id":"https:\/\/iha-race.com\/it\/#organization"},"potentialAction":[{"@type":"SearchAction","target":{"@type":"EntryPoint","urlTemplate":"https:\/\/iha-race.com\/it\/?s={search_term_string}"},"query-input":{"@type":"PropertyValueSpecification","valueRequired":true,"valueName":"search_term_string"}}],"inLanguage":"it-IT"},{"@type":"Organization","@id":"https:\/\/iha-race.com\/it\/#organization","name":"Iha Race","url":"https:\/\/iha-race.com\/it\/","logo":{"@type":"ImageObject","inLanguage":"it-IT","@id":"https:\/\/iha-race.com\/it\/#\/schema\/logo\/image\/","url":"https:\/\/iha-race.com\/wp-content\/uploads\/2018\/07\/iha-race-drones-de-carreras-tienda-comprar-drones.png","contentUrl":"https:\/\/iha-race.com\/wp-content\/uploads\/2018\/07\/iha-race-drones-de-carreras-tienda-comprar-drones.png","width":300,"height":100,"caption":"Iha Race"},"image":{"@id":"https:\/\/iha-race.com\/it\/#\/schema\/logo\/image\/"}}]}},"jetpack_sharing_enabled":true,"brands":[],"_links":{"self":[{"href":"https:\/\/iha-race.com\/it\/wp-json\/wp\/v2\/product\/251618","targetHints":{"allow":["GET"]}}],"collection":[{"href":"https:\/\/iha-race.com\/it\/wp-json\/wp\/v2\/product"}],"about":[{"href":"https:\/\/iha-race.com\/it\/wp-json\/wp\/v2\/types\/product"}],"replies":[{"embeddable":true,"href":"https:\/\/iha-race.com\/it\/wp-json\/wp\/v2\/comments?post=251618"}],"version-history":[{"count":1,"href":"https:\/\/iha-race.com\/it\/wp-json\/wp\/v2\/product\/251618\/revisions"}],"predecessor-version":[{"id":251643,"href":"https:\/\/iha-race.com\/it\/wp-json\/wp\/v2\/product\/251618\/revisions\/251643"}],"wp:featuredmedia":[{"embeddable":true,"href":"https:\/\/iha-race.com\/it\/wp-json\/wp\/v2\/media\/251601"}],"wp:attachment":[{"href":"https:\/\/iha-race.com\/it\/wp-json\/wp\/v2\/media?parent=251618"}],"wp:term":[{"taxonomy":"pwb-brand","embeddable":true,"href":"https:\/\/iha-race.com\/it\/wp-json\/wp\/v2\/pwb-brand?post=251618"},{"taxonomy":"product_cat","embeddable":true,"href":"https:\/\/iha-race.com\/it\/wp-json\/wp\/v2\/product_cat?post=251618"},{"taxonomy":"product_tag","embeddable":true,"href":"https:\/\/iha-race.com\/it\/wp-json\/wp\/v2\/product_tag?post=251618"}],"curies":[{"name":"wp","href":"https:\/\/api.w.org\/{rel}","templated":true}]}}