{"id":251470,"date":"2024-10-09T17:05:28","date_gmt":"2024-10-09T15:05:28","guid":{"rendered":"https:\/\/iha-race.com\/producto\/tattu-r-line-versione-4-0-1300mah-14-8v-130c-4s1p\/"},"modified":"2024-10-10T18:20:04","modified_gmt":"2024-10-10T16:20:04","slug":"tattu-r-line-versione-4-0-1300mah-14-8v-130c-4s1p","status":"publish","type":"product","link":"https:\/\/iha-race.com\/it\/prodotto\/tattu-r-line-versione-4-0-1300mah-14-8v-130c-4s1p\/","title":{"rendered":"Tattu R-Line Versione 4.0 1300mAh 14.8V 130C 4S1P"},"content":{"rendered":"<h2>Tattu R-Line Versione 4.0 1300mAh 14.8V 130C 4S1P<\/h2>\n<p>&nbsp;<\/p>\n<p>La batteria LiPo Tattu R-Line versione 4.0 1300mAh 14.8V 130C 4S1P \u00e8 la versione aggiornata della serie R-Line nel 2022. Con pi\u00f9 potenza, meno resistenza interna e meno peso, Tattu R-line V4 domina sicuramente tutte le tue gare.<\/p>\n<p><strong>Che cos&#8217;\u00e8 la R-Line?<\/strong>  R-Line \u00e8 una nuova linea di prodotti progettati specificamente per le competizioni FPV professionali. Questa \u00e8 la versione commerciale delle batterie Toppilot. \u00c8 anche una filiale del marchio Tattu. Ha una maggiore capacit\u00e0, una minore resistenza interna e temperature di atterraggio pi\u00f9 basse. Sono pi\u00f9 potenti di qualsiasi batteria al grafene. In generale, le batterie R-Line hanno le stesse specifiche delle nostre popolari batterie Toppilot. Esistono diverse versioni di R-Line per le esigenze delle diverse competizioni FPV.<\/p>\n<p><strong>Caratteristiche<\/strong>:<\/p>\n<ul>\n<li>Energia affidabile e di alta qualit\u00e0<\/li>\n<li>La stabile tecnologia di impilamento automatico consente capacit\u00e0 di 1300 mAh per singola cella.<\/li>\n<li>Capacit\u00e0 maggiore rispetto alle confezioni di dimensioni analoghe<\/li>\n<li>Indice C molto alto. Progettato per le gare FPV professionali. <\/li>\n<li>Nessun effetto memoria.<\/li>\n<li>Assistenza post-vendita locale (con sede a Korschenbroich, DE)<\/li>\n<\/ul>\n<p><strong>Bilancio:<\/strong><\/p>\n<ul>\n<li>Capacit\u00e0 minima: 1300 mAh<\/li>\n<li>Configurazione: 4S1P \/ 14,8 V \/ 4 celle<\/li>\n<li>Velocit\u00e0 di scarico: 130 \u00b0C<\/li>\n<li>Peso netto (\u00b110 g): 143 g<\/li>\n<li>Dimensioni: 76 x 38 x 25 mm (lunghezza x larghezza x altezza)<\/li>\n<li>Presa di ricarica: JST-XHR<\/li>\n<li>Spina di scarico: XT60<\/li>\n<\/ul>\n","protected":false},"excerpt":{"rendered":"<p>Tattu R-Line Versione 4.0 1300mAh 14.8V 130C 4S1P &nbsp; La batteria LiPo Tattu R-Line versione 4.0 1300mAh 14.8V 130C 4S1P \u00e8 la versione aggiornata della serie R-Line nel 2022. Con<\/p>\n","protected":false},"featured_media":257923,"comment_status":"open","ping_status":"closed","template":"","meta":{"_joinchat":[]},"pwb-brand":[],"product_cat":[1065,1074],"product_tag":[],"class_list":{"0":"post-251470","1":"product","2":"type-product","3":"status-publish","4":"has-post-thumbnail","6":"product_cat-batterie-fpv","7":"product_cat-s4-it","9":"first","10":"instock","11":"taxable","12":"shipping-taxable","13":"purchasable","14":"product-type-simple"},"barcode":null,"atum_controlled":true,"out_stock_date":null,"out_stock_threshold":null,"inheritable":false,"stock_on_hold":0,"sold_today":0,"sales_last_days":0,"out_stock_days":0,"lost_sales":0,"update_date":"2026-04-18T09:21:43","atum_locations":[],"atum_stock_status":"instock","restock_status":false,"low_stock_amount":"","sales_update_date":"2026-04-18T09:21:43","calc_backorders":null,"yoast_head":"<!-- This site is optimized with the Yoast SEO plugin v27.3 - https:\/\/yoast.com\/product\/yoast-seo-wordpress\/ -->\n<title>Tattu R-Line Versione 4.0 1300mAh 14.8V 130C 4S1P - Iha Race<\/title>\n<meta name=\"robots\" content=\"index, follow, max-snippet:-1, max-image-preview:large, max-video-preview:-1\" \/>\n<link rel=\"canonical\" href=\"https:\/\/iha-race.com\/it\/prodotto\/tattu-r-line-versione-4-0-1300mah-14-8v-130c-4s1p\/\" \/>\n<meta property=\"og:locale\" content=\"it_IT\" \/>\n<meta property=\"og:type\" content=\"article\" \/>\n<meta property=\"og:title\" content=\"Tattu R-Line Versione 4.0 1300mAh 14.8V 130C 4S1P - Iha Race\" \/>\n<meta property=\"og:description\" content=\"Tattu R-Line Versione 4.0 1300mAh 14.8V 130C 4S1P &nbsp; La batteria LiPo Tattu R-Line versione 4.0 1300mAh 14.8V 130C 4S1P \u00e8 la versione aggiornata della serie R-Line nel 2022. Con\" \/>\n<meta property=\"og:url\" content=\"https:\/\/iha-race.com\/it\/prodotto\/tattu-r-line-versione-4-0-1300mah-14-8v-130c-4s1p\/\" \/>\n<meta property=\"og:site_name\" content=\"Iha Race\" \/>\n<meta property=\"article:modified_time\" content=\"2024-10-10T16:20:04+00:00\" \/>\n<meta property=\"og:image\" content=\"https:\/\/iha-race.com\/wp-content\/uploads\/2024\/10\/tattu-r-line-1300mAh-version-4.png\" \/>\n\t<meta property=\"og:image:width\" content=\"960\" \/>\n\t<meta property=\"og:image:height\" content=\"960\" \/>\n\t<meta property=\"og:image:type\" content=\"image\/png\" \/>\n<meta name=\"twitter:card\" content=\"summary_large_image\" \/>\n<meta name=\"twitter:label1\" content=\"Tempo di lettura stimato\" \/>\n\t<meta name=\"twitter:data1\" content=\"1 minuto\" \/>\n<script type=\"application\/ld+json\" class=\"yoast-schema-graph\">{\"@context\":\"https:\\\/\\\/schema.org\",\"@graph\":[{\"@type\":\"WebPage\",\"@id\":\"https:\\\/\\\/iha-race.com\\\/it\\\/prodotto\\\/tattu-r-line-versione-4-0-1300mah-14-8v-130c-4s1p\\\/\",\"url\":\"https:\\\/\\\/iha-race.com\\\/it\\\/prodotto\\\/tattu-r-line-versione-4-0-1300mah-14-8v-130c-4s1p\\\/\",\"name\":\"Tattu R-Line Versione 4.0 1300mAh 14.8V 130C 4S1P - Iha Race\",\"isPartOf\":{\"@id\":\"https:\\\/\\\/iha-race.com\\\/it\\\/#website\"},\"primaryImageOfPage\":{\"@id\":\"https:\\\/\\\/iha-race.com\\\/it\\\/prodotto\\\/tattu-r-line-versione-4-0-1300mah-14-8v-130c-4s1p\\\/#primaryimage\"},\"image\":{\"@id\":\"https:\\\/\\\/iha-race.com\\\/it\\\/prodotto\\\/tattu-r-line-versione-4-0-1300mah-14-8v-130c-4s1p\\\/#primaryimage\"},\"thumbnailUrl\":\"https:\\\/\\\/iha-race.com\\\/wp-content\\\/uploads\\\/2024\\\/10\\\/R-Line-1330-4S-130.jpg\",\"datePublished\":\"2024-10-09T15:05:28+00:00\",\"dateModified\":\"2024-10-10T16:20:04+00:00\",\"breadcrumb\":{\"@id\":\"https:\\\/\\\/iha-race.com\\\/it\\\/prodotto\\\/tattu-r-line-versione-4-0-1300mah-14-8v-130c-4s1p\\\/#breadcrumb\"},\"inLanguage\":\"it-IT\",\"potentialAction\":[{\"@type\":\"ReadAction\",\"target\":[\"https:\\\/\\\/iha-race.com\\\/it\\\/prodotto\\\/tattu-r-line-versione-4-0-1300mah-14-8v-130c-4s1p\\\/\"]}]},{\"@type\":\"ImageObject\",\"inLanguage\":\"it-IT\",\"@id\":\"https:\\\/\\\/iha-race.com\\\/it\\\/prodotto\\\/tattu-r-line-versione-4-0-1300mah-14-8v-130c-4s1p\\\/#primaryimage\",\"url\":\"https:\\\/\\\/iha-race.com\\\/wp-content\\\/uploads\\\/2024\\\/10\\\/R-Line-1330-4S-130.jpg\",\"contentUrl\":\"https:\\\/\\\/iha-race.com\\\/wp-content\\\/uploads\\\/2024\\\/10\\\/R-Line-1330-4S-130.jpg\",\"width\":1000,\"height\":1000,\"caption\":\"Comprar\"},{\"@type\":\"BreadcrumbList\",\"@id\":\"https:\\\/\\\/iha-race.com\\\/it\\\/prodotto\\\/tattu-r-line-versione-4-0-1300mah-14-8v-130c-4s1p\\\/#breadcrumb\",\"itemListElement\":[{\"@type\":\"ListItem\",\"position\":1,\"name\":\"Portada\",\"item\":\"https:\\\/\\\/iha-race.com\\\/it\\\/\"},{\"@type\":\"ListItem\",\"position\":2,\"name\":\"Negozio\",\"item\":\"https:\\\/\\\/iha-race.com\\\/it\\\/negozio\\\/\"},{\"@type\":\"ListItem\",\"position\":3,\"name\":\"Tattu R-Line Versione 4.0 1300mAh 14.8V 130C 4S1P\"}]},{\"@type\":\"WebSite\",\"@id\":\"https:\\\/\\\/iha-race.com\\\/it\\\/#website\",\"url\":\"https:\\\/\\\/iha-race.com\\\/it\\\/\",\"name\":\"Iha Race\",\"description\":\"Comprar drones de carreras FPV env\u00edos en un d\u00eda desde Espa\u00f1a\",\"publisher\":{\"@id\":\"https:\\\/\\\/iha-race.com\\\/it\\\/#organization\"},\"potentialAction\":[{\"@type\":\"SearchAction\",\"target\":{\"@type\":\"EntryPoint\",\"urlTemplate\":\"https:\\\/\\\/iha-race.com\\\/it\\\/?s={search_term_string}\"},\"query-input\":{\"@type\":\"PropertyValueSpecification\",\"valueRequired\":true,\"valueName\":\"search_term_string\"}}],\"inLanguage\":\"it-IT\"},{\"@type\":\"Organization\",\"@id\":\"https:\\\/\\\/iha-race.com\\\/it\\\/#organization\",\"name\":\"Iha Race\",\"url\":\"https:\\\/\\\/iha-race.com\\\/it\\\/\",\"logo\":{\"@type\":\"ImageObject\",\"inLanguage\":\"it-IT\",\"@id\":\"https:\\\/\\\/iha-race.com\\\/it\\\/#\\\/schema\\\/logo\\\/image\\\/\",\"url\":\"https:\\\/\\\/iha-race.com\\\/wp-content\\\/uploads\\\/2018\\\/07\\\/iha-race-drones-de-carreras-tienda-comprar-drones.png\",\"contentUrl\":\"https:\\\/\\\/iha-race.com\\\/wp-content\\\/uploads\\\/2018\\\/07\\\/iha-race-drones-de-carreras-tienda-comprar-drones.png\",\"width\":300,\"height\":100,\"caption\":\"Iha Race\"},\"image\":{\"@id\":\"https:\\\/\\\/iha-race.com\\\/it\\\/#\\\/schema\\\/logo\\\/image\\\/\"}}]}<\/script>\n<!-- \/ Yoast SEO plugin. -->","yoast_head_json":{"title":"Tattu R-Line Versione 4.0 1300mAh 14.8V 130C 4S1P - Iha Race","robots":{"index":"index","follow":"follow","max-snippet":"max-snippet:-1","max-image-preview":"max-image-preview:large","max-video-preview":"max-video-preview:-1"},"canonical":"https:\/\/iha-race.com\/it\/prodotto\/tattu-r-line-versione-4-0-1300mah-14-8v-130c-4s1p\/","og_locale":"it_IT","og_type":"article","og_title":"Tattu R-Line Versione 4.0 1300mAh 14.8V 130C 4S1P - Iha Race","og_description":"Tattu R-Line Versione 4.0 1300mAh 14.8V 130C 4S1P &nbsp; La batteria LiPo Tattu R-Line versione 4.0 1300mAh 14.8V 130C 4S1P \u00e8 la versione aggiornata della serie R-Line nel 2022. Con","og_url":"https:\/\/iha-race.com\/it\/prodotto\/tattu-r-line-versione-4-0-1300mah-14-8v-130c-4s1p\/","og_site_name":"Iha Race","article_modified_time":"2024-10-10T16:20:04+00:00","og_image":[{"width":960,"height":960,"url":"https:\/\/iha-race.com\/wp-content\/uploads\/2024\/10\/tattu-r-line-1300mAh-version-4.png","type":"image\/png"}],"twitter_card":"summary_large_image","twitter_misc":{"Tempo di lettura stimato":"1 minuto"},"schema":{"@context":"https:\/\/schema.org","@graph":[{"@type":"WebPage","@id":"https:\/\/iha-race.com\/it\/prodotto\/tattu-r-line-versione-4-0-1300mah-14-8v-130c-4s1p\/","url":"https:\/\/iha-race.com\/it\/prodotto\/tattu-r-line-versione-4-0-1300mah-14-8v-130c-4s1p\/","name":"Tattu R-Line Versione 4.0 1300mAh 14.8V 130C 4S1P - Iha Race","isPartOf":{"@id":"https:\/\/iha-race.com\/it\/#website"},"primaryImageOfPage":{"@id":"https:\/\/iha-race.com\/it\/prodotto\/tattu-r-line-versione-4-0-1300mah-14-8v-130c-4s1p\/#primaryimage"},"image":{"@id":"https:\/\/iha-race.com\/it\/prodotto\/tattu-r-line-versione-4-0-1300mah-14-8v-130c-4s1p\/#primaryimage"},"thumbnailUrl":"https:\/\/iha-race.com\/wp-content\/uploads\/2024\/10\/R-Line-1330-4S-130.jpg","datePublished":"2024-10-09T15:05:28+00:00","dateModified":"2024-10-10T16:20:04+00:00","breadcrumb":{"@id":"https:\/\/iha-race.com\/it\/prodotto\/tattu-r-line-versione-4-0-1300mah-14-8v-130c-4s1p\/#breadcrumb"},"inLanguage":"it-IT","potentialAction":[{"@type":"ReadAction","target":["https:\/\/iha-race.com\/it\/prodotto\/tattu-r-line-versione-4-0-1300mah-14-8v-130c-4s1p\/"]}]},{"@type":"ImageObject","inLanguage":"it-IT","@id":"https:\/\/iha-race.com\/it\/prodotto\/tattu-r-line-versione-4-0-1300mah-14-8v-130c-4s1p\/#primaryimage","url":"https:\/\/iha-race.com\/wp-content\/uploads\/2024\/10\/R-Line-1330-4S-130.jpg","contentUrl":"https:\/\/iha-race.com\/wp-content\/uploads\/2024\/10\/R-Line-1330-4S-130.jpg","width":1000,"height":1000,"caption":"Comprar"},{"@type":"BreadcrumbList","@id":"https:\/\/iha-race.com\/it\/prodotto\/tattu-r-line-versione-4-0-1300mah-14-8v-130c-4s1p\/#breadcrumb","itemListElement":[{"@type":"ListItem","position":1,"name":"Portada","item":"https:\/\/iha-race.com\/it\/"},{"@type":"ListItem","position":2,"name":"Negozio","item":"https:\/\/iha-race.com\/it\/negozio\/"},{"@type":"ListItem","position":3,"name":"Tattu R-Line Versione 4.0 1300mAh 14.8V 130C 4S1P"}]},{"@type":"WebSite","@id":"https:\/\/iha-race.com\/it\/#website","url":"https:\/\/iha-race.com\/it\/","name":"Iha Race","description":"Comprar drones de carreras FPV env\u00edos en un d\u00eda desde Espa\u00f1a","publisher":{"@id":"https:\/\/iha-race.com\/it\/#organization"},"potentialAction":[{"@type":"SearchAction","target":{"@type":"EntryPoint","urlTemplate":"https:\/\/iha-race.com\/it\/?s={search_term_string}"},"query-input":{"@type":"PropertyValueSpecification","valueRequired":true,"valueName":"search_term_string"}}],"inLanguage":"it-IT"},{"@type":"Organization","@id":"https:\/\/iha-race.com\/it\/#organization","name":"Iha Race","url":"https:\/\/iha-race.com\/it\/","logo":{"@type":"ImageObject","inLanguage":"it-IT","@id":"https:\/\/iha-race.com\/it\/#\/schema\/logo\/image\/","url":"https:\/\/iha-race.com\/wp-content\/uploads\/2018\/07\/iha-race-drones-de-carreras-tienda-comprar-drones.png","contentUrl":"https:\/\/iha-race.com\/wp-content\/uploads\/2018\/07\/iha-race-drones-de-carreras-tienda-comprar-drones.png","width":300,"height":100,"caption":"Iha Race"},"image":{"@id":"https:\/\/iha-race.com\/it\/#\/schema\/logo\/image\/"}}]}},"brands":[],"_links":{"self":[{"href":"https:\/\/iha-race.com\/it\/wp-json\/wp\/v2\/product\/251470","targetHints":{"allow":["GET"]}}],"collection":[{"href":"https:\/\/iha-race.com\/it\/wp-json\/wp\/v2\/product"}],"about":[{"href":"https:\/\/iha-race.com\/it\/wp-json\/wp\/v2\/types\/product"}],"replies":[{"embeddable":true,"href":"https:\/\/iha-race.com\/it\/wp-json\/wp\/v2\/comments?post=251470"}],"version-history":[{"count":1,"href":"https:\/\/iha-race.com\/it\/wp-json\/wp\/v2\/product\/251470\/revisions"}],"predecessor-version":[{"id":251506,"href":"https:\/\/iha-race.com\/it\/wp-json\/wp\/v2\/product\/251470\/revisions\/251506"}],"wp:featuredmedia":[{"embeddable":true,"href":"https:\/\/iha-race.com\/it\/wp-json\/wp\/v2\/media\/257923"}],"wp:attachment":[{"href":"https:\/\/iha-race.com\/it\/wp-json\/wp\/v2\/media?parent=251470"}],"wp:term":[{"taxonomy":"pwb-brand","embeddable":true,"href":"https:\/\/iha-race.com\/it\/wp-json\/wp\/v2\/pwb-brand?post=251470"},{"taxonomy":"product_cat","embeddable":true,"href":"https:\/\/iha-race.com\/it\/wp-json\/wp\/v2\/product_cat?post=251470"},{"taxonomy":"product_tag","embeddable":true,"href":"https:\/\/iha-race.com\/it\/wp-json\/wp\/v2\/product_tag?post=251470"}],"curies":[{"name":"wp","href":"https:\/\/api.w.org\/{rel}","templated":true}]}}