{"id":251452,"date":"2024-10-09T10:25:03","date_gmt":"2024-10-09T08:25:03","guid":{"rendered":"https:\/\/iha-race.com\/producto\/antenna-lumenier-axii-hd-stubby-58-ghz-per-occhiali-fpv-digitali-dji-hd\/"},"modified":"2024-10-09T10:25:03","modified_gmt":"2024-10-09T08:25:03","slug":"antenna-lumenier-axii-hd-stubby-58-ghz-per-occhiali-fpv-digitali-dji-hd","status":"publish","type":"product","link":"https:\/\/iha-race.com\/it\/prodotto\/antenna-lumenier-axii-hd-stubby-58-ghz-per-occhiali-fpv-digitali-dji-hd\/","title":{"rendered":"Antenna Lumenier AXII HD Stubby 5,8 GHz per occhiali FPV digitali DJI HD"},"content":{"rendered":"<h2 class=\"mb-3 text-3xl font-medium text-gray-900 title-font\"><span>Antenna Lumenier AXII HD Stubby a 5,8 GHz per occhiali FPV digitali DJI HD<\/span><\/h2>\n<p>&nbsp;<\/p>\n<h2 class=\"text-gray-900 text-2xl title-font font-base w-full pb-3\"><span>Informazioni su questo prodotto<\/span><\/h2>\n<div class=\"w-full\">\n<div class=\"prose max-w-none\">\n<p><span>Antenna Lumenier AXII HD Stubby da 5,8 GHz per i DJI Digital HD FPV Goggles. Antenna a polarizzazione circolare progettata appositamente per i DJI Digital HD FPV Goggles. Progettata per offrire una migliore ricezione video a 5,8 GHz in un formato compatto.  <\/span><\/p>\n<p><span>Finalmente un set di antenne di alta qualit\u00e0 progettate per sostituire e aggiornare direttamente le antenne DJI di serie per i DJI Digital HD FPV Goggles. Le antenne AXII HD sono state progettate da zero per essere perfettamente compatibili con i DJI Goggles. Le antenne AXII HD sono aderenti alla forma, a basso profilo, abbinate ai colori, con connessione diretta RP-SMA e con prestazioni migliorate.  <\/span><\/p>\n<p><img decoding=\"async\" src=\"https:\/\/cdn-v2.getfpv.com\/media\/wysiwyg\/lumenier\/axii-hd-product-detail-banner-main.jpg\" alt=\"Antenna AXII HD\"><\/p>\n<p><span>La Lumenier AXII HD Stubby si basa sulla famosa antenna AXII 2 Stubby, ma \u00e8 stata ulteriormente personalizzata per essere montata direttamente sui DJI HD Goggles. L&#8217;AXII HD Stubby \u00e8 dotata di un connettore RP-SMA personalizzato progettato per essere avvitato direttamente e in modo sicuro ai DJI Goggles.  Non sono necessari adattatori! Questo rende la configurazione ultra-compatta ed efficiente, in quanto non \u00e8 necessario sprecare dB con adattatori aggiuntivi.<\/span><\/p>\n<h3><strong><span>Design adatto per gli occhiali DJI HD FPV<\/span><\/strong><\/h3>\n<p><strong><img decoding=\"async\" src=\"https:\/\/cdn-v2.getfpv.com\/media\/wysiwyg\/lumenier\/axii-hd-product-detail-banner-precision-design.jpg\" alt=\"Antenna AXII HD\"><\/strong><\/p>\n<p><span>L&#8217;alloggiamento in policarbonato stampato a iniezione dello Stubby protegge completamente gli elementi dell&#8217;antenna al suo interno, consentendo di riporlo facilmente e senza preoccupazioni. L&#8217;alloggiamento \u00e8 sigillato con una saldatura a ultrasuoni ed \u00e8 resistente agli urti per proteggerlo da cadute accidentali. <\/span><\/p>\n<h3><\/h3>\n<h3><strong><span>Ingegneria di precisione con materiali di alta qualit\u00e0<\/span><\/strong><\/h3>\n<p><strong><img decoding=\"async\" src=\"https:\/\/cdn-v2.getfpv.com\/media\/wysiwyg\/lumenier\/axii-hd-product-detail-banner-molded.jpg\" alt=\"Antenna AXII HD\"><\/strong><\/p>\n<p><span>Il Lumenier AXII HD \u00e8 realizzato con materiali di alta qualit\u00e0 e a bassa perdita. Il materiale \u00e8 fondamentale per un&#8217;antenna di buona qualit\u00e0, e lo \u00e8 ancora di pi\u00f9 quando si tratta di prestazioni. Questa tecnologia, unita a una produzione di precisione, si traduce in un&#8217;antenna ricevente di altissimo livello. \u00c8 stata progettata per funzionare con i DJI HD FPV Goggles a 5,8 GHz ed \u00e8 in grado di ricevere segnali a molti chilometri di distanza. <\/span><\/p>\n<h2><strong><span>Caratteristiche<\/span><\/strong><\/h2>\n<ul type=\"disc\">\n<li><span>Polarizzato circolarmente<\/span><\/li>\n<li><span>Progettato per gli occhiali FPV digitali DJI HD, con forma aderente<\/span><\/li>\n<li><span>Design compatto e a basso profilo per gli occhiali, facile da riporre e da trasportare.<\/span><\/li>\n<li><span>Alta efficienza dell&#8217;antenna per un segnale migliore<\/span><\/li>\n<li><span>Copertura di ricezione a 360 gradi a Stubby<\/span><\/li>\n<\/ul>\n<h2><strong><span>Bilancio<\/span><\/strong><\/h2>\n<h3><strong><span>Antenna corta AXII HD<\/span><\/strong><\/h3>\n<ul type=\"disc\">\n<li><strong><span>Guadagno:<\/span><\/strong><span> 2.2dbic<\/span><\/li>\n<li><strong><br \/>\n  <span>Rapporto assiale:<\/span><br \/>\n<\/strong><span> 1.0 (quasi perfetto)<\/span><\/li>\n<li><strong><br \/>\n  <span>Larghezza di banda:<\/span><br \/>\n<\/strong><span> 5,3 GHz-6,2 GHz<\/span><\/li>\n<li><strong><br \/>\n  <span>Efficienza di radiazione:<\/span><br \/>\n<\/strong><span> 98%<\/span><\/li>\n<li><strong><span>Ampiezza del fascio:<\/span><\/strong><span> 360 gradi (omnidirezionale)<\/span><\/li>\n<li><strong><span>ROE:<\/span><\/strong><span>  &lt;=1,5:1<\/span><\/li>\n<li><strong><span>Peso:<\/span><\/strong><span> 6g<\/span><\/li>\n<li><strong><span>Dimensioni:<\/span><\/strong><span> 26 mm x 17,5 mm<\/span><\/li>\n<li><strong><span>Connettore:<\/span><\/strong><span> RP-SMA (lunghezza personalizzata)<\/span><\/li>\n<li><span>Funziona molto bene come antenna di trasmissione o ricezione.<\/span><\/li>\n<li><span>Compatibile con altri modelli di antenne RHCP da 5,8 GHz<\/span><\/li>\n<li><strong><span>Polarizzazione:<\/span><\/strong><span> (LHCP) Polarizzazione circolare sinistra.<\/span><\/li>\n<\/ul>\n<h2><strong><span>Include<\/span><\/strong><\/h2>\n<ul type=\"disc\">\n<li><span>1x Antenna corta Lumenier AXII HD (LHCP)<\/span><\/li>\n<\/ul>\n<p><em><span>Nota: venduti singolarmente. Ti consigliamo di acquistarne 2 o 4 per creare un set per i tuoi occhiali. Puoi visitare    <\/span><a href=\"https:\/\/www.getfpv.com\/lumenier-axii-hd-5-8ghz-antenna-combo-set-for-dji-digital-hd-fpv-goggles.html\"><span>acquista il set completo qui<\/span><\/a><span> se vuoi risparmiare e avere anche le antenne patch.<\/span><\/em><\/p>\n<\/div>\n<\/div>\n","protected":false},"excerpt":{"rendered":"<p>Antenna Lumenier AXII HD Stubby a 5,8 GHz per occhiali FPV digitali DJI HD &nbsp; Informazioni su questo prodotto Antenna Lumenier AXII HD Stubby da 5,8 GHz per i DJI<\/p>\n","protected":false},"featured_media":251424,"comment_status":"open","ping_status":"closed","template":"","meta":{"_joinchat":[]},"pwb-brand":[],"product_cat":[2459,1198],"product_tag":[],"class_list":{"0":"post-251452","1":"product","2":"type-product","3":"status-publish","4":"has-post-thumbnail","6":"product_cat-acessorios-pt-pt","7":"product_cat-antenas-fpv","9":"first","10":"instock","11":"taxable","12":"shipping-taxable","13":"purchasable","14":"product-type-simple"},"barcode":null,"atum_controlled":true,"out_stock_date":null,"out_stock_threshold":null,"inheritable":false,"stock_on_hold":0,"sold_today":0,"sales_last_days":0,"out_stock_days":0,"lost_sales":0,"update_date":"2026-04-18T09:21:43","atum_locations":[],"atum_stock_status":"instock","restock_status":false,"low_stock_amount":"","sales_update_date":"2026-04-18T09:21:43","calc_backorders":null,"yoast_head":"<!-- This site is optimized with the Yoast SEO plugin v27.3 - https:\/\/yoast.com\/product\/yoast-seo-wordpress\/ -->\n<title>Antenna Lumenier AXII HD Stubby 5,8 GHz per occhiali FPV digitali DJI HD - Iha Race<\/title>\n<meta name=\"robots\" content=\"index, follow, max-snippet:-1, max-image-preview:large, max-video-preview:-1\" \/>\n<link rel=\"canonical\" href=\"https:\/\/iha-race.com\/it\/prodotto\/antenna-lumenier-axii-hd-stubby-58-ghz-per-occhiali-fpv-digitali-dji-hd\/\" \/>\n<meta property=\"og:locale\" content=\"it_IT\" \/>\n<meta property=\"og:type\" content=\"article\" \/>\n<meta property=\"og:title\" content=\"Antenna Lumenier AXII HD Stubby 5,8 GHz per occhiali FPV digitali DJI HD - Iha Race\" \/>\n<meta property=\"og:description\" content=\"Antenna Lumenier AXII HD Stubby a 5,8 GHz per occhiali FPV digitali DJI HD &nbsp; Informazioni su questo prodotto Antenna Lumenier AXII HD Stubby da 5,8 GHz per i DJI\" \/>\n<meta property=\"og:url\" content=\"https:\/\/iha-race.com\/it\/prodotto\/antenna-lumenier-axii-hd-stubby-58-ghz-per-occhiali-fpv-digitali-dji-hd\/\" \/>\n<meta property=\"og:site_name\" content=\"Iha Race\" \/>\n<meta property=\"og:image\" content=\"https:\/\/iha-race.com\/wp-content\/uploads\/2024\/10\/Antena-Lumenier-AXII-HD-Stubby-de-58-GHz-para-gafas-FPV-digitales-HD-de-DJI.webp\" \/>\n\t<meta property=\"og:image:width\" content=\"1000\" \/>\n\t<meta property=\"og:image:height\" content=\"1000\" \/>\n\t<meta property=\"og:image:type\" content=\"image\/webp\" \/>\n<meta name=\"twitter:card\" content=\"summary_large_image\" \/>\n<meta name=\"twitter:label1\" content=\"Tempo di lettura stimato\" \/>\n\t<meta name=\"twitter:data1\" content=\"2 minuti\" \/>\n<script type=\"application\/ld+json\" class=\"yoast-schema-graph\">{\"@context\":\"https:\\\/\\\/schema.org\",\"@graph\":[{\"@type\":\"WebPage\",\"@id\":\"https:\\\/\\\/iha-race.com\\\/it\\\/prodotto\\\/antenna-lumenier-axii-hd-stubby-58-ghz-per-occhiali-fpv-digitali-dji-hd\\\/\",\"url\":\"https:\\\/\\\/iha-race.com\\\/it\\\/prodotto\\\/antenna-lumenier-axii-hd-stubby-58-ghz-per-occhiali-fpv-digitali-dji-hd\\\/\",\"name\":\"Antenna Lumenier AXII HD Stubby 5,8 GHz per occhiali FPV digitali DJI HD - Iha Race\",\"isPartOf\":{\"@id\":\"https:\\\/\\\/iha-race.com\\\/it\\\/#website\"},\"primaryImageOfPage\":{\"@id\":\"https:\\\/\\\/iha-race.com\\\/it\\\/prodotto\\\/antenna-lumenier-axii-hd-stubby-58-ghz-per-occhiali-fpv-digitali-dji-hd\\\/#primaryimage\"},\"image\":{\"@id\":\"https:\\\/\\\/iha-race.com\\\/it\\\/prodotto\\\/antenna-lumenier-axii-hd-stubby-58-ghz-per-occhiali-fpv-digitali-dji-hd\\\/#primaryimage\"},\"thumbnailUrl\":\"https:\\\/\\\/iha-race.com\\\/wp-content\\\/uploads\\\/2024\\\/10\\\/Antena-Lumenier-AXII-HD-Stubby-de-58-GHz-para-gafas-FPV-digitales-HD-de-DJI.webp\",\"datePublished\":\"2024-10-09T08:25:03+00:00\",\"breadcrumb\":{\"@id\":\"https:\\\/\\\/iha-race.com\\\/it\\\/prodotto\\\/antenna-lumenier-axii-hd-stubby-58-ghz-per-occhiali-fpv-digitali-dji-hd\\\/#breadcrumb\"},\"inLanguage\":\"it-IT\",\"potentialAction\":[{\"@type\":\"ReadAction\",\"target\":[\"https:\\\/\\\/iha-race.com\\\/it\\\/prodotto\\\/antenna-lumenier-axii-hd-stubby-58-ghz-per-occhiali-fpv-digitali-dji-hd\\\/\"]}]},{\"@type\":\"ImageObject\",\"inLanguage\":\"it-IT\",\"@id\":\"https:\\\/\\\/iha-race.com\\\/it\\\/prodotto\\\/antenna-lumenier-axii-hd-stubby-58-ghz-per-occhiali-fpv-digitali-dji-hd\\\/#primaryimage\",\"url\":\"https:\\\/\\\/iha-race.com\\\/wp-content\\\/uploads\\\/2024\\\/10\\\/Antena-Lumenier-AXII-HD-Stubby-de-58-GHz-para-gafas-FPV-digitales-HD-de-DJI.webp\",\"contentUrl\":\"https:\\\/\\\/iha-race.com\\\/wp-content\\\/uploads\\\/2024\\\/10\\\/Antena-Lumenier-AXII-HD-Stubby-de-58-GHz-para-gafas-FPV-digitales-HD-de-DJI.webp\",\"width\":1000,\"height\":1000,\"caption\":\"Comprar Antena Lumenier AXII HD Stubby de 5,8 GHz para gafas FPV digitales HD de DJI\"},{\"@type\":\"BreadcrumbList\",\"@id\":\"https:\\\/\\\/iha-race.com\\\/it\\\/prodotto\\\/antenna-lumenier-axii-hd-stubby-58-ghz-per-occhiali-fpv-digitali-dji-hd\\\/#breadcrumb\",\"itemListElement\":[{\"@type\":\"ListItem\",\"position\":1,\"name\":\"Portada\",\"item\":\"https:\\\/\\\/iha-race.com\\\/it\\\/\"},{\"@type\":\"ListItem\",\"position\":2,\"name\":\"Negozio\",\"item\":\"https:\\\/\\\/iha-race.com\\\/it\\\/negozio\\\/\"},{\"@type\":\"ListItem\",\"position\":3,\"name\":\"Antenna Lumenier AXII HD Stubby 5,8 GHz per occhiali FPV digitali DJI HD\"}]},{\"@type\":\"WebSite\",\"@id\":\"https:\\\/\\\/iha-race.com\\\/it\\\/#website\",\"url\":\"https:\\\/\\\/iha-race.com\\\/it\\\/\",\"name\":\"Iha Race\",\"description\":\"Comprar drones de carreras FPV env\u00edos en un d\u00eda desde Espa\u00f1a\",\"publisher\":{\"@id\":\"https:\\\/\\\/iha-race.com\\\/it\\\/#organization\"},\"potentialAction\":[{\"@type\":\"SearchAction\",\"target\":{\"@type\":\"EntryPoint\",\"urlTemplate\":\"https:\\\/\\\/iha-race.com\\\/it\\\/?s={search_term_string}\"},\"query-input\":{\"@type\":\"PropertyValueSpecification\",\"valueRequired\":true,\"valueName\":\"search_term_string\"}}],\"inLanguage\":\"it-IT\"},{\"@type\":\"Organization\",\"@id\":\"https:\\\/\\\/iha-race.com\\\/it\\\/#organization\",\"name\":\"Iha Race\",\"url\":\"https:\\\/\\\/iha-race.com\\\/it\\\/\",\"logo\":{\"@type\":\"ImageObject\",\"inLanguage\":\"it-IT\",\"@id\":\"https:\\\/\\\/iha-race.com\\\/it\\\/#\\\/schema\\\/logo\\\/image\\\/\",\"url\":\"https:\\\/\\\/iha-race.com\\\/wp-content\\\/uploads\\\/2018\\\/07\\\/iha-race-drones-de-carreras-tienda-comprar-drones.png\",\"contentUrl\":\"https:\\\/\\\/iha-race.com\\\/wp-content\\\/uploads\\\/2018\\\/07\\\/iha-race-drones-de-carreras-tienda-comprar-drones.png\",\"width\":300,\"height\":100,\"caption\":\"Iha Race\"},\"image\":{\"@id\":\"https:\\\/\\\/iha-race.com\\\/it\\\/#\\\/schema\\\/logo\\\/image\\\/\"}}]}<\/script>\n<!-- \/ Yoast SEO plugin. -->","yoast_head_json":{"title":"Antenna Lumenier AXII HD Stubby 5,8 GHz per occhiali FPV digitali DJI HD - Iha Race","robots":{"index":"index","follow":"follow","max-snippet":"max-snippet:-1","max-image-preview":"max-image-preview:large","max-video-preview":"max-video-preview:-1"},"canonical":"https:\/\/iha-race.com\/it\/prodotto\/antenna-lumenier-axii-hd-stubby-58-ghz-per-occhiali-fpv-digitali-dji-hd\/","og_locale":"it_IT","og_type":"article","og_title":"Antenna Lumenier AXII HD Stubby 5,8 GHz per occhiali FPV digitali DJI HD - Iha Race","og_description":"Antenna Lumenier AXII HD Stubby a 5,8 GHz per occhiali FPV digitali DJI HD &nbsp; Informazioni su questo prodotto Antenna Lumenier AXII HD Stubby da 5,8 GHz per i DJI","og_url":"https:\/\/iha-race.com\/it\/prodotto\/antenna-lumenier-axii-hd-stubby-58-ghz-per-occhiali-fpv-digitali-dji-hd\/","og_site_name":"Iha Race","og_image":[{"width":1000,"height":1000,"url":"https:\/\/iha-race.com\/wp-content\/uploads\/2024\/10\/Antena-Lumenier-AXII-HD-Stubby-de-58-GHz-para-gafas-FPV-digitales-HD-de-DJI.webp","type":"image\/webp"}],"twitter_card":"summary_large_image","twitter_misc":{"Tempo di lettura stimato":"2 minuti"},"schema":{"@context":"https:\/\/schema.org","@graph":[{"@type":"WebPage","@id":"https:\/\/iha-race.com\/it\/prodotto\/antenna-lumenier-axii-hd-stubby-58-ghz-per-occhiali-fpv-digitali-dji-hd\/","url":"https:\/\/iha-race.com\/it\/prodotto\/antenna-lumenier-axii-hd-stubby-58-ghz-per-occhiali-fpv-digitali-dji-hd\/","name":"Antenna Lumenier AXII HD Stubby 5,8 GHz per occhiali FPV digitali DJI HD - Iha Race","isPartOf":{"@id":"https:\/\/iha-race.com\/it\/#website"},"primaryImageOfPage":{"@id":"https:\/\/iha-race.com\/it\/prodotto\/antenna-lumenier-axii-hd-stubby-58-ghz-per-occhiali-fpv-digitali-dji-hd\/#primaryimage"},"image":{"@id":"https:\/\/iha-race.com\/it\/prodotto\/antenna-lumenier-axii-hd-stubby-58-ghz-per-occhiali-fpv-digitali-dji-hd\/#primaryimage"},"thumbnailUrl":"https:\/\/iha-race.com\/wp-content\/uploads\/2024\/10\/Antena-Lumenier-AXII-HD-Stubby-de-58-GHz-para-gafas-FPV-digitales-HD-de-DJI.webp","datePublished":"2024-10-09T08:25:03+00:00","breadcrumb":{"@id":"https:\/\/iha-race.com\/it\/prodotto\/antenna-lumenier-axii-hd-stubby-58-ghz-per-occhiali-fpv-digitali-dji-hd\/#breadcrumb"},"inLanguage":"it-IT","potentialAction":[{"@type":"ReadAction","target":["https:\/\/iha-race.com\/it\/prodotto\/antenna-lumenier-axii-hd-stubby-58-ghz-per-occhiali-fpv-digitali-dji-hd\/"]}]},{"@type":"ImageObject","inLanguage":"it-IT","@id":"https:\/\/iha-race.com\/it\/prodotto\/antenna-lumenier-axii-hd-stubby-58-ghz-per-occhiali-fpv-digitali-dji-hd\/#primaryimage","url":"https:\/\/iha-race.com\/wp-content\/uploads\/2024\/10\/Antena-Lumenier-AXII-HD-Stubby-de-58-GHz-para-gafas-FPV-digitales-HD-de-DJI.webp","contentUrl":"https:\/\/iha-race.com\/wp-content\/uploads\/2024\/10\/Antena-Lumenier-AXII-HD-Stubby-de-58-GHz-para-gafas-FPV-digitales-HD-de-DJI.webp","width":1000,"height":1000,"caption":"Comprar Antena Lumenier AXII HD Stubby de 5,8 GHz para gafas FPV digitales HD de DJI"},{"@type":"BreadcrumbList","@id":"https:\/\/iha-race.com\/it\/prodotto\/antenna-lumenier-axii-hd-stubby-58-ghz-per-occhiali-fpv-digitali-dji-hd\/#breadcrumb","itemListElement":[{"@type":"ListItem","position":1,"name":"Portada","item":"https:\/\/iha-race.com\/it\/"},{"@type":"ListItem","position":2,"name":"Negozio","item":"https:\/\/iha-race.com\/it\/negozio\/"},{"@type":"ListItem","position":3,"name":"Antenna Lumenier AXII HD Stubby 5,8 GHz per occhiali FPV digitali DJI HD"}]},{"@type":"WebSite","@id":"https:\/\/iha-race.com\/it\/#website","url":"https:\/\/iha-race.com\/it\/","name":"Iha Race","description":"Comprar drones de carreras FPV env\u00edos en un d\u00eda desde Espa\u00f1a","publisher":{"@id":"https:\/\/iha-race.com\/it\/#organization"},"potentialAction":[{"@type":"SearchAction","target":{"@type":"EntryPoint","urlTemplate":"https:\/\/iha-race.com\/it\/?s={search_term_string}"},"query-input":{"@type":"PropertyValueSpecification","valueRequired":true,"valueName":"search_term_string"}}],"inLanguage":"it-IT"},{"@type":"Organization","@id":"https:\/\/iha-race.com\/it\/#organization","name":"Iha Race","url":"https:\/\/iha-race.com\/it\/","logo":{"@type":"ImageObject","inLanguage":"it-IT","@id":"https:\/\/iha-race.com\/it\/#\/schema\/logo\/image\/","url":"https:\/\/iha-race.com\/wp-content\/uploads\/2018\/07\/iha-race-drones-de-carreras-tienda-comprar-drones.png","contentUrl":"https:\/\/iha-race.com\/wp-content\/uploads\/2018\/07\/iha-race-drones-de-carreras-tienda-comprar-drones.png","width":300,"height":100,"caption":"Iha Race"},"image":{"@id":"https:\/\/iha-race.com\/it\/#\/schema\/logo\/image\/"}}]}},"jetpack_sharing_enabled":true,"brands":[],"_links":{"self":[{"href":"https:\/\/iha-race.com\/it\/wp-json\/wp\/v2\/product\/251452","targetHints":{"allow":["GET"]}}],"collection":[{"href":"https:\/\/iha-race.com\/it\/wp-json\/wp\/v2\/product"}],"about":[{"href":"https:\/\/iha-race.com\/it\/wp-json\/wp\/v2\/types\/product"}],"replies":[{"embeddable":true,"href":"https:\/\/iha-race.com\/it\/wp-json\/wp\/v2\/comments?post=251452"}],"version-history":[{"count":0,"href":"https:\/\/iha-race.com\/it\/wp-json\/wp\/v2\/product\/251452\/revisions"}],"wp:featuredmedia":[{"embeddable":true,"href":"https:\/\/iha-race.com\/it\/wp-json\/wp\/v2\/media\/251424"}],"wp:attachment":[{"href":"https:\/\/iha-race.com\/it\/wp-json\/wp\/v2\/media?parent=251452"}],"wp:term":[{"taxonomy":"pwb-brand","embeddable":true,"href":"https:\/\/iha-race.com\/it\/wp-json\/wp\/v2\/pwb-brand?post=251452"},{"taxonomy":"product_cat","embeddable":true,"href":"https:\/\/iha-race.com\/it\/wp-json\/wp\/v2\/product_cat?post=251452"},{"taxonomy":"product_tag","embeddable":true,"href":"https:\/\/iha-race.com\/it\/wp-json\/wp\/v2\/product_tag?post=251452"}],"curies":[{"name":"wp","href":"https:\/\/api.w.org\/{rel}","templated":true}]}}