{"id":250746,"date":"2024-08-31T11:08:15","date_gmt":"2024-08-31T09:08:15","guid":{"rendered":"https:\/\/iha-race.com\/producto\/betafpv-brushless-quadcopter-air65-racing\/"},"modified":"2024-12-17T20:45:35","modified_gmt":"2024-12-17T19:45:35","slug":"betafpv-brushless-quadcopter-air65-racing","status":"publish","type":"product","link":"https:\/\/iha-race.com\/it\/prodotto\/betafpv-brushless-quadcopter-air65-racing\/","title":{"rendered":"BetaFPV Brushless quadcopter Air65 &#8220;Racing&#8221;."},"content":{"rendered":"<h2>BetaFPV Quadcopter senza spazzole (Air65 &#8220;Racing&#8221;)<\/h2>\n<p>&nbsp;  Sfida la gravit\u00e0 e intraprendi un viaggio indimenticabile con Air65!<br \/>\nPreparati a un modello esplosivamente migliorato e pi\u00f9 impressionante della serie Meteor.<br \/>\nPesa solo 17 g in meno, ma offre prestazioni di altissimo livello.<br \/>\nDotato di Air Canopy, Air65 Brushless Whoop Frame, Air Brushless Flight Controller (4 in 1) e la nuova batteria opzionale Lava 1S 260\/300 mAh Enhanced Ultralight.<br \/>\nLancio di due versioni del sistema di propulsione: Racing e Freestyle.<br \/>\nChe tu voglia un&#8217;agilit\u00e0 ad alta velocit\u00e0 o un volo morbido e fluido, Air65 soddisfa i desideri di tutti i piloti.<br \/>\nRegna come re degli ultraleggeri e gigante del jet!        <\/p>\n<div style=\"text-align: start;\"><img decoding=\"async\" style=\"margin-bottom: 16px; float: none;\" src=\"https:\/\/cdn.shopify.com\/s\/files\/1\/1778\/6615\/files\/74b96dbb2d19db9758ba306fc55ad040_88cddb43-9317-49ce-b523-d09f3122d112_1024x1024.jpg?v=1719543503\" alt=\"Quadcopter brushless Air65\"><\/div>\n<div style=\"text-align: start;\"><span style=\"color: #808080;\"><em>Nota: BETAFPV \u00e8 immensamente grata a questo team di test, tra cui &#8221;Don Johnson, Tokyo_Dom, BLACK KNIGHT, where, Travis,Coitti FPV,Dog t,Knight antonio,Isaac,Alberto,under 250g,Tyrant tfpv, Wk Breeze&#8221; per le loro preziose indicazioni sulla progettazione di questo Air65.<\/em><\/span><\/div>\n<h2>Punto di forza<\/h2>\n<ul>\n<li>\n<div>Prova un nuovo livello di volo leggero e freestyle con il nostro Whoop Indoor 1S da 65 mm.<br \/>\nCon un peso di soli 17,1 g, offre un&#8217;esperienza di volo agile ed emozionante. <\/div>\n<\/li>\n<li>\n<div><a href=\"https:\/\/betafpv.com\/products\/air-brushless-flight-controller\">Controllore di volo brushless Airborne (4-in-1)<\/a>, il primo FC 1S a utilizzare il processore G473 che ha una potenza di calcolo superiore ed \u00e8 dotato di un giroscopio ICM42688P, questa soluzione all-in-one integra perfettamente FC, ESC, OSD e VTX integrato da 25mw~400mw a 5,8G e offre anche un ricevitore ELRS opzionale, con un peso di soli 2,9g.<\/div>\n<\/li>\n<li>I sistemi di propulsione della versione Racing\/Freestyle sono stati progettati specificamente per il leggero motore da 65 mm, offrendo un&#8217;esperienza di volo emozionante e adatta alle esigenze di ogni pilota.<\/li>\n<li>Scopri l&#8217;Air65, abbinato alla batteria pieghevole LAVA Series Z, per un&#8217;esperienza di volo leggero senza precedenti.<br \/>\nVola in cielo con un&#8217;agilit\u00e0 e un&#8217;assenza di peso senza precedenti. <\/li>\n<li>Esprimi il tuo stile unico con un&#8217;ampia scelta di componenti.<br \/>\nDalle cellule da 65 mm ai tettucci e alle eliche, i piloti possono scegliere tra una vasta gamma di colori accattivanti.<br \/>\nCombinali con le decalcomanie BETAFPV per dare ai tuoi droni Whoop un tocco personalizzato e senza sforzo.  <\/li>\n<\/ul>\n<h2>Specifiche<\/h2>\n<ul>\n<li>Articolo: Quadcopter Air65 Brushless Whoop<\/li>\n<li>Peso: 17,1 g<\/li>\n<li>Passo: 65 mm<\/li>\n<li>Telaio:Aire65<\/li>\n<li>Padiglione:Tettoia ad aria compressa<\/li>\n<li>FC e ESC:Controllore di volo brushless Air (versione 4-in-1)<\/li>\n<li>VTX: VTX integrato 5,8 G da 25 mw a 400 mw<\/li>\n<li>Modello di macchina fotografica: Macchina fotografica C03<\/li>\n<li>Motore: 0702SE|27000KV(versione Racing),0702SE|23000KV(versione Freestyle)<\/li>\n<li>Accessori: GF1219S3B (versione Racing), Ultralight HQ 31 mm (versione Freestyle)<\/li>\n<li>Connettore della batteria: cavo BT2.0 U Flex<\/li>\n<li>Batteria consigliata: Lava 1S <a href=\"https:\/\/betafpv.com\/collections\/batt-1s\"> 260\/300<\/a>mAh<\/li>\n<li>Tempo di volo (4,35 V-3,3 V): 4 min (LAVA 260 mAh)<\/li>\n<li>Versione RX: ELRS 2.4G Lite esterno (incluso nel quad)<\/li>\n<\/ul>\n<div class=\"table-wrapper\" style=\"text-align: start;\">\n<p>&nbsp;<\/p>\n<p><img decoding=\"async\" style=\"float: none;\" src=\"https:\/\/cdn.shopify.com\/s\/files\/1\/1778\/6615\/files\/1_793cbc4e-344b-4212-a64d-df3c46a26406_1024x1024.jpg?v=1719543530\" alt=\"Quadcopter brushless Air65\"><\/p>\n<\/div>\n<h2>Controllore di volo ed ESC<\/h2>\n<p>  Il primo FC 1S a utilizzare il processore G473, Airborne Brushless Flight Controller (4-in-1)Prestazioni equilibrate e leggerezza, solo 2,9g.<br \/>\nGiroscopio ICM42688P leader del settore, che offre una potenza di calcolo superiore e tempi di risposta ultraveloci per prestazioni di volo precise rispetto all&#8217;F411.<br \/>\nCon diverse opzioni di porte UART, supporta diverse espansioni di funzioni.<br \/>\nQuesta soluzione all-in-one integra perfettamente FC, ESC, OSD e VTX e offre anche un ricevitore ELRS opzionale.<br \/>\nIl micro chip OSD \u00e8 personalizzato.<br \/>\nImmergiti senza sforzo nel mondo delle corse e del freestyle, dove ti aspettano la precisione e la reattivit\u00e0 senza pari dell&#8217;Air65.       <\/p>\n<div style=\"text-align: start;\"><img decoding=\"async\" style=\"margin-bottom: 16px; float: none;\" src=\"https:\/\/cdn.shopify.com\/s\/files\/1\/1778\/6615\/files\/4in1_a6ec1569-2727-4056-aabb-ee41eb880138_1024x1024.jpg?v=1719543559\" alt=\"Quadcopter brushless Air65\"><\/div>\n<h2>Tettuccio d&#8217;aria migliorato<\/h2>\n<p>  Prova immagini di alta qualit\u00e0, chiare e nitide con la leggera telecamera FPV Micro C03, che pesa solo 1,45 g.<br \/>\nTettuccio d&#8217;aria ridisegnatoStruttura pi\u00f9 flessibile, resistente agli urti e durevole.<br \/>\nL&#8217;effetto di piegatura migliorato migliora la flessibilit\u00e0, riduce la possibilit\u00e0 di rottura e migliora notevolmente la resistenza agli urti per un&#8217;installazione pi\u00f9 semplice.<br \/>\nSi adatta senza problemi a una serie di telecamere analogiche Micro e Nano.<br \/>\nSupporta la regolazione dell&#8217;angolo da 25\u00b0 a 50\u00b0.<br \/>\nCon questo sistema, Air65 pu\u00f2 raggiungere i limiti del freestyle e della vittoria in gara senza preoccupazioni.       <\/p>\n<div style=\"text-align: start;\"><img decoding=\"async\" style=\"margin-bottom: 16px; float: none;\" src=\"https:\/\/cdn.shopify.com\/s\/files\/1\/1778\/6615\/files\/6aea06196175391d80a25a4046b42177_43288d89-0750-40b1-997d-2d1c9ed49c7d_1024x1024.jpg?v=1719543585\" alt=\"Quadcopter brushless Air65\"><\/div>\n<h2>Sistema di propulsione<\/h2>\n<p>  Sia nella versione Freestyle che in quella Racing, l&#8217;Air65 \u00e8 in grado di mantenere un&#8217;agilit\u00e0 sufficiente per conquistare le piste da corsa senza sforzo, soddisfacendo le diverse esigenze dei piloti.<br \/>\nLa versione Racing si concentra sul volo ad alta velocit\u00e0 e sull&#8217;agilit\u00e0, utilizzando i motori 0702SE|27000KV e le eliche GF 1219S 3B per incredibili raffiche di velocit\u00e0 e agilit\u00e0 di guida.<br \/>\nPer un&#8217;esperienza di volo libero fluida ed elegante, la versione Freestyle \u00e8 dotata di motori 0702SE|23000KV ed eliche ultraleggere di alta qualit\u00e0 da 31 mm 3B, che consentono risposte tempestive e azioni di tracking precise.<br \/>\nQuesta combinazione vincente spinge l&#8217;Air65 ben oltre ogni limite in termini di velocit\u00e0 e manovrabilit\u00e0.     <\/p>\n<div style=\"text-align: start;\"><img decoding=\"async\" style=\"margin-bottom: 16px; float: none;\" src=\"https:\/\/cdn.shopify.com\/s\/files\/1\/1778\/6615\/files\/7a1c87b47989db0ed336da6fb3b4637d_fdfe2abb-de18-4ea0-a819-ef9fc41e5d3b_1024x1024.jpg?v=1719543603\" alt=\"Quadcopter brushless Air65\"><\/div>\n<p>  La batteria ultraleggeraLava 1S 260\/300 mAh \u00e8 la versione compatta di Air65.<br \/>\nCon un baricentro pi\u00f9 concentrato, offre una risposta pi\u00f9 precisa, una maggiore accelerazione e una migliore manovrabilit\u00e0.<br \/>\nGrazie all&#8217;innovativo processo di piegatura a Z, questa batteria LiHV supera le soglie di capacit\u00e0 e di scarica convenzionali.<br \/>\nInoltre, \u00e8 dotata del cavo flessibile BT2.0 U &#8211; senza pi\u00f9 cavi pieghevoli &#8211; per un collegamento pi\u00f9 semplice e una maggiore durata.<br \/>\nPeso ridotto grazie alla riduzione della lunghezza dei cavi.<br \/>\nOttieni la migliore opzione leggera per le gare di droni o per il freestyle.       <\/p>\n<div style=\"text-align: start;\"><img decoding=\"async\" style=\"margin-bottom: 16px; float: none;\" src=\"https:\/\/cdn.shopify.com\/s\/files\/1\/1778\/6615\/files\/7ecc40279fd871bac0e0d11e210a632b_471b894a-5c5c-44dc-bbcc-11e5723b24d6_1024x1024.jpg?v=1719543685\" alt=\"Quadcopter brushless Air65\"><\/div>\n<h2>Marco Air65<\/h2>\n<p>  Per migliorare l&#8217;esperienza di volo, gli appassionati del fai-da-te hanno lavorato diligentemente per ridurre il peso dei droni Whoop da 65 mm, in particolare i telai per ottenere una struttura ultraleggera.Dal microtelaio Meteor65 al telaio Air65, che consente di ottenere un peso notevolmente inferiore da 3,64 g a 2,67 g.<br \/>\nMantiene un&#8217;eccezionale resistenza e durata, introducendo un nuovo slot per il motore fisso e ottimizzando il design a basso profilo.<br \/>\nCon 6 opzioni di colore, emerge indiscutibilmente come la migliore opzione per i piloti che cercano un drone ultraleggero Sub18g 65mm 1S Whoop e una personalit\u00e0 senza pari.    <\/p>\n<div style=\"text-align: start;\"><img decoding=\"async\" style=\"margin-bottom: 16px; float: none;\" src=\"https:\/\/cdn.shopify.com\/s\/files\/1\/1778\/6615\/files\/d2e1b9aec379546f426ce88c187b9234_4ba5ebbc-958f-43a3-a456-ad3b28d1218f_1024x1024.jpg?v=1719543712\" alt=\"Quadcopter brushless Air65\"><\/div>\n<h2>Parti consigliate<\/h2>\n<ul>\n<li>Trasmettitore radio: LiteRadio 3 Pro, Radio Lite 3, LiteRadio 2 SE<\/li>\n<li>Occhiali: Occhiali FPV VR03, Occhiali FPV VR02<\/li>\n<li>Goalkeeper:Air controller di volo brushless (4 in 1)<\/li>\n<li>Ricevitore: Ricevitore ELRS Lite, Ricevitore ELRS nano<\/li>\n<li>Batteria: batteria LAVA 1S 260mAh 80C,batteria LAVA 1S 300mAh 75C<\/li>\n<li>Accessori:Eliche ultraleggere di alta qualit\u00e0 da 31 mm 3B,eliche GF 1219S 3B<\/li>\n<li>Telaio colorato: telaio Whoop brushless Air65<\/li>\n<li>Tettuccio colorato:Tettuccio ad aria<\/li>\n<li>Viti: confezione di viti di montaggio del motore serie Meteor (40 pezzi)<\/li>\n<li>Adesivo: Decalcomanie per scivoli d&#8217;acqua BETAFPV<\/li>\n<\/ul>\n<h2>Domande frequenti<\/h2>\n<ul>\n<li><a href=\"https:\/\/support.betafpv.com\/hc\/en-us\/articles\/32980449219865-CLI-and-Firmware-for-Air65-Racing\">Scarica la CLI e il firmware per Air65 (versione da corsa)<\/a><\/li>\n<li>\n<div><a href=\"https:\/\/support.betafpv.com\/hc\/en-us\/articles\/32979928476953-CLI-and-Firmware-for-Air65-Freestyle\">Scarica CLI e firmware per Air65 (versione Freestyle)<\/a><\/div>\n<\/li>\n<\/ul>\n<h2>Pacchetto<\/h2>\n<ul>\n<li>1 * Quadcopter Air65 Brushless Whoop<\/li>\n<li>1 * Tettuccio d&#8217;aria<\/li>\n<li>4 * eliche GF 1219S 3B (versione racing) \/ eliche ultraleggere 3B HQ da 31 mm (versione freestyle)<\/li>\n<li>1 * Pacchetto di viti<\/li>\n<li>1 * Cavo adattatore a 4 pin<\/li>\n<li>1 * Scheda adattatore USB Type-C<\/li>\n<\/ul>\n<div style=\"text-align: left;\"><img decoding=\"async\" style=\"margin-bottom: 16px; float: none;\" src=\"https:\/\/cdn.shopify.com\/s\/files\/1\/1778\/6615\/files\/3f89305fb1dabad87b9b93324e3c25cd_5f2d6001-8664-4372-ab1f-6674c43dd524_600x600.jpg?v=1719543747\" alt=\"Quadcopter brushless Air65\"><\/div>\n","protected":false},"excerpt":{"rendered":"<p>BetaFPV Quadcopter senza spazzole (Air65 &#8220;Racing&#8221;) &nbsp; Sfida la gravit\u00e0 e intraprendi un viaggio indimenticabile con Air65! Preparati a un modello esplosivamente migliorato e pi\u00f9 impressionante della serie Meteor. Pesa<\/p>\n","protected":false},"featured_media":258113,"comment_status":"open","ping_status":"closed","template":"","meta":{"_joinchat":[]},"pwb-brand":[],"product_cat":[1438,1505],"product_tag":[],"class_list":{"0":"post-250746","1":"product","2":"type-product","3":"status-publish","4":"has-post-thumbnail","6":"product_cat-droni-fpv","7":"product_cat-droni-starter","9":"first","10":"instock","11":"sale","12":"taxable","13":"shipping-taxable","14":"purchasable","15":"product-type-variable"},"barcode":null,"atum_controlled":true,"out_stock_date":"2026-02-03 09:46:15","out_stock_threshold":null,"inheritable":true,"stock_on_hold":0,"sold_today":1,"sales_last_days":1,"out_stock_days":72,"lost_sales":0,"update_date":"2026-04-16T12:43:16","atum_locations":[],"atum_stock_status":"instock","restock_status":false,"low_stock_amount":"","sales_update_date":"2026-04-16T06:28:53","calc_backorders":null,"yoast_head":"<!-- This site is optimized with the Yoast SEO plugin v27.3 - https:\/\/yoast.com\/product\/yoast-seo-wordpress\/ -->\n<title>BetaFPV Brushless quadcopter Air65 &quot;Racing&quot;. - Iha Race<\/title>\n<meta name=\"robots\" content=\"index, follow, max-snippet:-1, max-image-preview:large, max-video-preview:-1\" \/>\n<link rel=\"canonical\" href=\"https:\/\/iha-race.com\/it\/prodotto\/betafpv-brushless-quadcopter-air65-racing\/\" \/>\n<meta property=\"og:locale\" content=\"it_IT\" \/>\n<meta property=\"og:type\" content=\"article\" \/>\n<meta property=\"og:title\" content=\"BetaFPV Brushless quadcopter Air65 &quot;Racing&quot;. - Iha Race\" \/>\n<meta property=\"og:description\" content=\"BetaFPV Quadcopter senza spazzole (Air65 &#8220;Racing&#8221;) &nbsp; Sfida la gravit\u00e0 e intraprendi un viaggio indimenticabile con Air65! Preparati a un modello esplosivamente migliorato e pi\u00f9 impressionante della serie Meteor. Pesa\" \/>\n<meta property=\"og:url\" content=\"https:\/\/iha-race.com\/it\/prodotto\/betafpv-brushless-quadcopter-air65-racing\/\" \/>\n<meta property=\"og:site_name\" content=\"Iha Race\" \/>\n<meta property=\"article:modified_time\" content=\"2024-12-17T19:45:35+00:00\" \/>\n<meta property=\"og:image\" content=\"https:\/\/iha-race.com\/wp-content\/uploads\/2024\/08\/BetaFPV-Cuadricoptero-sin-escobillas-Air65.webp\" \/>\n\t<meta property=\"og:image:width\" content=\"540\" \/>\n\t<meta property=\"og:image:height\" content=\"540\" \/>\n\t<meta property=\"og:image:type\" content=\"image\/webp\" \/>\n<meta name=\"twitter:card\" content=\"summary_large_image\" \/>\n<meta name=\"twitter:label1\" content=\"Tempo di lettura stimato\" \/>\n\t<meta name=\"twitter:data1\" content=\"5 minuti\" \/>\n<script type=\"application\/ld+json\" class=\"yoast-schema-graph\">{\"@context\":\"https:\\\/\\\/schema.org\",\"@graph\":[{\"@type\":\"WebPage\",\"@id\":\"https:\\\/\\\/iha-race.com\\\/it\\\/prodotto\\\/betafpv-brushless-quadcopter-air65-racing\\\/\",\"url\":\"https:\\\/\\\/iha-race.com\\\/it\\\/prodotto\\\/betafpv-brushless-quadcopter-air65-racing\\\/\",\"name\":\"BetaFPV Brushless quadcopter Air65 \\\"Racing\\\". - Iha Race\",\"isPartOf\":{\"@id\":\"https:\\\/\\\/iha-race.com\\\/it\\\/#website\"},\"primaryImageOfPage\":{\"@id\":\"https:\\\/\\\/iha-race.com\\\/it\\\/prodotto\\\/betafpv-brushless-quadcopter-air65-racing\\\/#primaryimage\"},\"image\":{\"@id\":\"https:\\\/\\\/iha-race.com\\\/it\\\/prodotto\\\/betafpv-brushless-quadcopter-air65-racing\\\/#primaryimage\"},\"thumbnailUrl\":\"https:\\\/\\\/iha-race.com\\\/wp-content\\\/uploads\\\/2024\\\/08\\\/Cuadricoptero-Whoop-sin-escobillas-Air65-II4.webp\",\"datePublished\":\"2024-08-31T09:08:15+00:00\",\"dateModified\":\"2024-12-17T19:45:35+00:00\",\"breadcrumb\":{\"@id\":\"https:\\\/\\\/iha-race.com\\\/it\\\/prodotto\\\/betafpv-brushless-quadcopter-air65-racing\\\/#breadcrumb\"},\"inLanguage\":\"it-IT\",\"potentialAction\":[{\"@type\":\"ReadAction\",\"target\":[\"https:\\\/\\\/iha-race.com\\\/it\\\/prodotto\\\/betafpv-brushless-quadcopter-air65-racing\\\/\"]}]},{\"@type\":\"ImageObject\",\"inLanguage\":\"it-IT\",\"@id\":\"https:\\\/\\\/iha-race.com\\\/it\\\/prodotto\\\/betafpv-brushless-quadcopter-air65-racing\\\/#primaryimage\",\"url\":\"https:\\\/\\\/iha-race.com\\\/wp-content\\\/uploads\\\/2024\\\/08\\\/Cuadricoptero-Whoop-sin-escobillas-Air65-II4.webp\",\"contentUrl\":\"https:\\\/\\\/iha-race.com\\\/wp-content\\\/uploads\\\/2024\\\/08\\\/Cuadricoptero-Whoop-sin-escobillas-Air65-II4.webp\",\"width\":720,\"height\":720,\"caption\":\"Comprar Cuadric\u00f3ptero Whoop sin escobillas Air65 II\"},{\"@type\":\"BreadcrumbList\",\"@id\":\"https:\\\/\\\/iha-race.com\\\/it\\\/prodotto\\\/betafpv-brushless-quadcopter-air65-racing\\\/#breadcrumb\",\"itemListElement\":[{\"@type\":\"ListItem\",\"position\":1,\"name\":\"Portada\",\"item\":\"https:\\\/\\\/iha-race.com\\\/it\\\/\"},{\"@type\":\"ListItem\",\"position\":2,\"name\":\"Negozio\",\"item\":\"https:\\\/\\\/iha-race.com\\\/it\\\/negozio\\\/\"},{\"@type\":\"ListItem\",\"position\":3,\"name\":\"BetaFPV Brushless quadcopter Air65 &#8220;Racing&#8221;.\"}]},{\"@type\":\"WebSite\",\"@id\":\"https:\\\/\\\/iha-race.com\\\/it\\\/#website\",\"url\":\"https:\\\/\\\/iha-race.com\\\/it\\\/\",\"name\":\"Iha Race\",\"description\":\"Comprar drones de carreras FPV env\u00edos en un d\u00eda desde Espa\u00f1a\",\"publisher\":{\"@id\":\"https:\\\/\\\/iha-race.com\\\/it\\\/#organization\"},\"potentialAction\":[{\"@type\":\"SearchAction\",\"target\":{\"@type\":\"EntryPoint\",\"urlTemplate\":\"https:\\\/\\\/iha-race.com\\\/it\\\/?s={search_term_string}\"},\"query-input\":{\"@type\":\"PropertyValueSpecification\",\"valueRequired\":true,\"valueName\":\"search_term_string\"}}],\"inLanguage\":\"it-IT\"},{\"@type\":\"Organization\",\"@id\":\"https:\\\/\\\/iha-race.com\\\/it\\\/#organization\",\"name\":\"Iha Race\",\"url\":\"https:\\\/\\\/iha-race.com\\\/it\\\/\",\"logo\":{\"@type\":\"ImageObject\",\"inLanguage\":\"it-IT\",\"@id\":\"https:\\\/\\\/iha-race.com\\\/it\\\/#\\\/schema\\\/logo\\\/image\\\/\",\"url\":\"https:\\\/\\\/iha-race.com\\\/wp-content\\\/uploads\\\/2018\\\/07\\\/iha-race-drones-de-carreras-tienda-comprar-drones.png\",\"contentUrl\":\"https:\\\/\\\/iha-race.com\\\/wp-content\\\/uploads\\\/2018\\\/07\\\/iha-race-drones-de-carreras-tienda-comprar-drones.png\",\"width\":300,\"height\":100,\"caption\":\"Iha Race\"},\"image\":{\"@id\":\"https:\\\/\\\/iha-race.com\\\/it\\\/#\\\/schema\\\/logo\\\/image\\\/\"}}]}<\/script>\n<!-- \/ Yoast SEO plugin. -->","yoast_head_json":{"title":"BetaFPV Brushless quadcopter Air65 \"Racing\". - Iha Race","robots":{"index":"index","follow":"follow","max-snippet":"max-snippet:-1","max-image-preview":"max-image-preview:large","max-video-preview":"max-video-preview:-1"},"canonical":"https:\/\/iha-race.com\/it\/prodotto\/betafpv-brushless-quadcopter-air65-racing\/","og_locale":"it_IT","og_type":"article","og_title":"BetaFPV Brushless quadcopter Air65 \"Racing\". - Iha Race","og_description":"BetaFPV Quadcopter senza spazzole (Air65 &#8220;Racing&#8221;) &nbsp; Sfida la gravit\u00e0 e intraprendi un viaggio indimenticabile con Air65! Preparati a un modello esplosivamente migliorato e pi\u00f9 impressionante della serie Meteor. Pesa","og_url":"https:\/\/iha-race.com\/it\/prodotto\/betafpv-brushless-quadcopter-air65-racing\/","og_site_name":"Iha Race","article_modified_time":"2024-12-17T19:45:35+00:00","og_image":[{"width":540,"height":540,"url":"https:\/\/iha-race.com\/wp-content\/uploads\/2024\/08\/BetaFPV-Cuadricoptero-sin-escobillas-Air65.webp","type":"image\/webp"}],"twitter_card":"summary_large_image","twitter_misc":{"Tempo di lettura stimato":"5 minuti"},"schema":{"@context":"https:\/\/schema.org","@graph":[{"@type":"WebPage","@id":"https:\/\/iha-race.com\/it\/prodotto\/betafpv-brushless-quadcopter-air65-racing\/","url":"https:\/\/iha-race.com\/it\/prodotto\/betafpv-brushless-quadcopter-air65-racing\/","name":"BetaFPV Brushless quadcopter Air65 \"Racing\". - Iha Race","isPartOf":{"@id":"https:\/\/iha-race.com\/it\/#website"},"primaryImageOfPage":{"@id":"https:\/\/iha-race.com\/it\/prodotto\/betafpv-brushless-quadcopter-air65-racing\/#primaryimage"},"image":{"@id":"https:\/\/iha-race.com\/it\/prodotto\/betafpv-brushless-quadcopter-air65-racing\/#primaryimage"},"thumbnailUrl":"https:\/\/iha-race.com\/wp-content\/uploads\/2024\/08\/Cuadricoptero-Whoop-sin-escobillas-Air65-II4.webp","datePublished":"2024-08-31T09:08:15+00:00","dateModified":"2024-12-17T19:45:35+00:00","breadcrumb":{"@id":"https:\/\/iha-race.com\/it\/prodotto\/betafpv-brushless-quadcopter-air65-racing\/#breadcrumb"},"inLanguage":"it-IT","potentialAction":[{"@type":"ReadAction","target":["https:\/\/iha-race.com\/it\/prodotto\/betafpv-brushless-quadcopter-air65-racing\/"]}]},{"@type":"ImageObject","inLanguage":"it-IT","@id":"https:\/\/iha-race.com\/it\/prodotto\/betafpv-brushless-quadcopter-air65-racing\/#primaryimage","url":"https:\/\/iha-race.com\/wp-content\/uploads\/2024\/08\/Cuadricoptero-Whoop-sin-escobillas-Air65-II4.webp","contentUrl":"https:\/\/iha-race.com\/wp-content\/uploads\/2024\/08\/Cuadricoptero-Whoop-sin-escobillas-Air65-II4.webp","width":720,"height":720,"caption":"Comprar Cuadric\u00f3ptero Whoop sin escobillas Air65 II"},{"@type":"BreadcrumbList","@id":"https:\/\/iha-race.com\/it\/prodotto\/betafpv-brushless-quadcopter-air65-racing\/#breadcrumb","itemListElement":[{"@type":"ListItem","position":1,"name":"Portada","item":"https:\/\/iha-race.com\/it\/"},{"@type":"ListItem","position":2,"name":"Negozio","item":"https:\/\/iha-race.com\/it\/negozio\/"},{"@type":"ListItem","position":3,"name":"BetaFPV Brushless quadcopter Air65 &#8220;Racing&#8221;."}]},{"@type":"WebSite","@id":"https:\/\/iha-race.com\/it\/#website","url":"https:\/\/iha-race.com\/it\/","name":"Iha Race","description":"Comprar drones de carreras FPV env\u00edos en un d\u00eda desde Espa\u00f1a","publisher":{"@id":"https:\/\/iha-race.com\/it\/#organization"},"potentialAction":[{"@type":"SearchAction","target":{"@type":"EntryPoint","urlTemplate":"https:\/\/iha-race.com\/it\/?s={search_term_string}"},"query-input":{"@type":"PropertyValueSpecification","valueRequired":true,"valueName":"search_term_string"}}],"inLanguage":"it-IT"},{"@type":"Organization","@id":"https:\/\/iha-race.com\/it\/#organization","name":"Iha Race","url":"https:\/\/iha-race.com\/it\/","logo":{"@type":"ImageObject","inLanguage":"it-IT","@id":"https:\/\/iha-race.com\/it\/#\/schema\/logo\/image\/","url":"https:\/\/iha-race.com\/wp-content\/uploads\/2018\/07\/iha-race-drones-de-carreras-tienda-comprar-drones.png","contentUrl":"https:\/\/iha-race.com\/wp-content\/uploads\/2018\/07\/iha-race-drones-de-carreras-tienda-comprar-drones.png","width":300,"height":100,"caption":"Iha Race"},"image":{"@id":"https:\/\/iha-race.com\/it\/#\/schema\/logo\/image\/"}}]}},"brands":[],"_links":{"self":[{"href":"https:\/\/iha-race.com\/it\/wp-json\/wp\/v2\/product\/250746","targetHints":{"allow":["GET"]}}],"collection":[{"href":"https:\/\/iha-race.com\/it\/wp-json\/wp\/v2\/product"}],"about":[{"href":"https:\/\/iha-race.com\/it\/wp-json\/wp\/v2\/types\/product"}],"replies":[{"embeddable":true,"href":"https:\/\/iha-race.com\/it\/wp-json\/wp\/v2\/comments?post=250746"}],"version-history":[{"count":1,"href":"https:\/\/iha-race.com\/it\/wp-json\/wp\/v2\/product\/250746\/revisions"}],"predecessor-version":[{"id":251296,"href":"https:\/\/iha-race.com\/it\/wp-json\/wp\/v2\/product\/250746\/revisions\/251296"}],"wp:featuredmedia":[{"embeddable":true,"href":"https:\/\/iha-race.com\/it\/wp-json\/wp\/v2\/media\/258113"}],"wp:attachment":[{"href":"https:\/\/iha-race.com\/it\/wp-json\/wp\/v2\/media?parent=250746"}],"wp:term":[{"taxonomy":"pwb-brand","embeddable":true,"href":"https:\/\/iha-race.com\/it\/wp-json\/wp\/v2\/pwb-brand?post=250746"},{"taxonomy":"product_cat","embeddable":true,"href":"https:\/\/iha-race.com\/it\/wp-json\/wp\/v2\/product_cat?post=250746"},{"taxonomy":"product_tag","embeddable":true,"href":"https:\/\/iha-race.com\/it\/wp-json\/wp\/v2\/product_tag?post=250746"}],"curies":[{"name":"wp","href":"https:\/\/api.w.org\/{rel}","templated":true}]}}