{"id":250671,"date":"2024-08-30T12:27:31","date_gmt":"2024-08-30T10:27:31","guid":{"rendered":"https:\/\/iha-race.com\/producto\/eliche-gemfan-a-2-pale-da-40-mm-albero-da-10-mm-4-pezzi\/"},"modified":"2026-02-05T12:31:36","modified_gmt":"2026-02-05T11:31:36","slug":"eliche-gemfan-a-2-pale-da-40-mm-albero-da-10-mm-4-pezzi","status":"publish","type":"product","link":"https:\/\/iha-race.com\/it\/prodotto\/eliche-gemfan-a-2-pale-da-40-mm-albero-da-10-mm-4-pezzi\/","title":{"rendered":"Eliche Gemfan a 2 pale da 40 mm (albero da 1,0 mm, 4 pezzi)"},"content":{"rendered":"<h1 class=\"h2 product-single__title\">Eliche Gemfan a 2 pale da 40 mm (albero da 1,0 mm, 4 pezzi)<\/h1>\n<p>&nbsp;  Progettate per il drone Whoop da 40 mm, pi\u00f9 potenza, maggiore efficienza e migliore controllo.<br \/>\nQueste eliche da 40 mm, con pale ultraresistenti, sono realizzate in materiale PC di alta qualit\u00e0 con la migliore efficienza e durata.<br \/>\nLe eliche a 2 pale da 40 mm di Gemfan sono adatte a motori con albero da 1 mm come i motori brushless 08028 12000 kV o 0802SE.    <img decoding=\"async\" src=\"https:\/\/cdn.shopifycdn.net\/s\/files\/1\/1778\/6615\/files\/FB3-1_1024x1024.jpg?v=1636363402\" alt=\"\"><\/p>\n<h2>Parti consigliate<\/h2>\n<ul>\n<li>Telaio:Telaio Meteor75 Micro brushless<\/li>\n<li>Motore: Motori brushless 0702,Motori brushless 0702E,Motori brushless 0702SE,Motori brushless 0802SE<\/li>\n<li>Quadcopter: Meteor75, Meteor75 (HD), Air75<\/li>\n<\/ul>\n<h2>Specifiche<\/h2>\n<ul>\n<li>Colore: Bianco, Trasparente<\/li>\n<li>Materiale del prodotto: PC<\/li>\n<li>Diametro interno dell&#8217;albero: 1,0 mm<\/li>\n<li>Peso: 1,02 g\/set (bianco), 0,99 g\/set (trasparente)<\/li>\n<\/ul>\n<div><img decoding=\"async\" src=\"https:\/\/cdn.shopify.com\/s\/files\/1\/1778\/6615\/files\/f7d7c897f798fc44c391847188c3ac79_7e0c4bfc-a030-4807-8f14-c55ca72b87f0_480x480.jpg?v=1635931090\" alt=\"\"><\/div>\n<h2>Pacchetto<\/h2>\n<ul>\n<li>2 * eliche CW a 2 pale da 40 mm (albero da 1,0 mm)<\/li>\n<li>2 * eliche a 2 pale CCW da 40 mm (albero da 1,0 mm)<\/li>\n<\/ul>\n<div><img decoding=\"async\" src=\"https:\/\/cdn.shopify.com\/s\/files\/1\/1778\/6615\/files\/3f89305fb1dabad87b9b93324e3c25cd_7adb04ce-7fef-45d1-a5f7-bae483a10881_480x480.jpg?v=1717143709\" alt=\"Eliche Gemfan a 2 pale da 40 mm (albero da 1,0 mm, 4 pezzi)\"><\/div>\n","protected":false},"excerpt":{"rendered":"<p>Eliche Gemfan a 2 pale da 40 mm (albero da 1,0 mm, 4 pezzi) &nbsp; Progettate per il drone Whoop da 40 mm, pi\u00f9 potenza, maggiore efficienza e migliore controllo.<\/p>\n","protected":false},"featured_media":250663,"comment_status":"open","ping_status":"closed","template":"","meta":{"_joinchat":[]},"pwb-brand":[],"product_cat":[1433,1241,1238,1434],"product_tag":[],"class_list":{"0":"post-250671","1":"product","2":"type-product","3":"status-publish","4":"has-post-thumbnail","6":"product_cat-1433","7":"product_cat-bipala","8":"product_cat-eliche-fpv","9":"product_cat-pollici","11":"first","12":"outofstock","13":"taxable","14":"shipping-taxable","15":"purchasable","16":"product-type-simple"},"barcode":null,"atum_controlled":true,"out_stock_date":"2026-03-21 19:44:48","out_stock_threshold":null,"inheritable":false,"stock_on_hold":0,"sold_today":0,"sales_last_days":0,"out_stock_days":17,"lost_sales":6,"update_date":"2026-04-08T16:59:28","atum_locations":[],"atum_stock_status":"outofstock","restock_status":false,"low_stock_amount":"","sales_update_date":"2026-04-08T10:45:57","calc_backorders":null,"yoast_head":"<!-- This site is optimized with the Yoast SEO plugin v27.3 - https:\/\/yoast.com\/product\/yoast-seo-wordpress\/ -->\n<title>Eliche Gemfan a 2 pale da 40 mm (albero da 1,0 mm, 4 pezzi) - Iha Race<\/title>\n<meta name=\"robots\" content=\"index, follow, max-snippet:-1, max-image-preview:large, max-video-preview:-1\" \/>\n<link rel=\"canonical\" href=\"https:\/\/iha-race.com\/it\/prodotto\/eliche-gemfan-a-2-pale-da-40-mm-albero-da-10-mm-4-pezzi\/\" \/>\n<meta property=\"og:locale\" content=\"it_IT\" \/>\n<meta property=\"og:type\" content=\"article\" \/>\n<meta property=\"og:title\" content=\"Eliche Gemfan a 2 pale da 40 mm (albero da 1,0 mm, 4 pezzi) - Iha Race\" \/>\n<meta property=\"og:description\" content=\"Eliche Gemfan a 2 pale da 40 mm (albero da 1,0 mm, 4 pezzi) &nbsp; Progettate per il drone Whoop da 40 mm, pi\u00f9 potenza, maggiore efficienza e migliore controllo.\" \/>\n<meta property=\"og:url\" content=\"https:\/\/iha-race.com\/it\/prodotto\/eliche-gemfan-a-2-pale-da-40-mm-albero-da-10-mm-4-pezzi\/\" \/>\n<meta property=\"og:site_name\" content=\"Iha Race\" \/>\n<meta property=\"article:modified_time\" content=\"2026-02-05T11:31:36+00:00\" \/>\n<meta property=\"og:image\" content=\"https:\/\/iha-race.com\/wp-content\/uploads\/2024\/08\/Helices-Gemfan-de-2-palas-de-40-mm-eje-de-10-mm-4-piezas.webp\" \/>\n\t<meta property=\"og:image:width\" content=\"900\" \/>\n\t<meta property=\"og:image:height\" content=\"819\" \/>\n\t<meta property=\"og:image:type\" content=\"image\/webp\" \/>\n<meta name=\"twitter:card\" content=\"summary_large_image\" \/>\n<meta name=\"twitter:label1\" content=\"Tempo di lettura stimato\" \/>\n\t<meta name=\"twitter:data1\" content=\"1 minuto\" \/>\n<script type=\"application\/ld+json\" class=\"yoast-schema-graph\">{\"@context\":\"https:\\\/\\\/schema.org\",\"@graph\":[{\"@type\":\"WebPage\",\"@id\":\"https:\\\/\\\/iha-race.com\\\/it\\\/prodotto\\\/eliche-gemfan-a-2-pale-da-40-mm-albero-da-10-mm-4-pezzi\\\/\",\"url\":\"https:\\\/\\\/iha-race.com\\\/it\\\/prodotto\\\/eliche-gemfan-a-2-pale-da-40-mm-albero-da-10-mm-4-pezzi\\\/\",\"name\":\"Eliche Gemfan a 2 pale da 40 mm (albero da 1,0 mm, 4 pezzi) - Iha Race\",\"isPartOf\":{\"@id\":\"https:\\\/\\\/iha-race.com\\\/it\\\/#website\"},\"primaryImageOfPage\":{\"@id\":\"https:\\\/\\\/iha-race.com\\\/it\\\/prodotto\\\/eliche-gemfan-a-2-pale-da-40-mm-albero-da-10-mm-4-pezzi\\\/#primaryimage\"},\"image\":{\"@id\":\"https:\\\/\\\/iha-race.com\\\/it\\\/prodotto\\\/eliche-gemfan-a-2-pale-da-40-mm-albero-da-10-mm-4-pezzi\\\/#primaryimage\"},\"thumbnailUrl\":\"https:\\\/\\\/iha-race.com\\\/wp-content\\\/uploads\\\/2024\\\/08\\\/Helices-Gemfan-de-2-palas-de-40-mm-eje-de-10-mm-4-piezas.webp\",\"datePublished\":\"2024-08-30T10:27:31+00:00\",\"dateModified\":\"2026-02-05T11:31:36+00:00\",\"breadcrumb\":{\"@id\":\"https:\\\/\\\/iha-race.com\\\/it\\\/prodotto\\\/eliche-gemfan-a-2-pale-da-40-mm-albero-da-10-mm-4-pezzi\\\/#breadcrumb\"},\"inLanguage\":\"it-IT\",\"potentialAction\":[{\"@type\":\"ReadAction\",\"target\":[\"https:\\\/\\\/iha-race.com\\\/it\\\/prodotto\\\/eliche-gemfan-a-2-pale-da-40-mm-albero-da-10-mm-4-pezzi\\\/\"]}]},{\"@type\":\"ImageObject\",\"inLanguage\":\"it-IT\",\"@id\":\"https:\\\/\\\/iha-race.com\\\/it\\\/prodotto\\\/eliche-gemfan-a-2-pale-da-40-mm-albero-da-10-mm-4-pezzi\\\/#primaryimage\",\"url\":\"https:\\\/\\\/iha-race.com\\\/wp-content\\\/uploads\\\/2024\\\/08\\\/Helices-Gemfan-de-2-palas-de-40-mm-eje-de-10-mm-4-piezas.webp\",\"contentUrl\":\"https:\\\/\\\/iha-race.com\\\/wp-content\\\/uploads\\\/2024\\\/08\\\/Helices-Gemfan-de-2-palas-de-40-mm-eje-de-10-mm-4-piezas.webp\",\"width\":900,\"height\":819,\"caption\":\"Comprar H\u00e9lices Gemfan de 2 palas de 40 mm (eje de 1,0 mm, 4 piezas)\"},{\"@type\":\"BreadcrumbList\",\"@id\":\"https:\\\/\\\/iha-race.com\\\/it\\\/prodotto\\\/eliche-gemfan-a-2-pale-da-40-mm-albero-da-10-mm-4-pezzi\\\/#breadcrumb\",\"itemListElement\":[{\"@type\":\"ListItem\",\"position\":1,\"name\":\"Portada\",\"item\":\"https:\\\/\\\/iha-race.com\\\/it\\\/\"},{\"@type\":\"ListItem\",\"position\":2,\"name\":\"Negozio\",\"item\":\"https:\\\/\\\/iha-race.com\\\/it\\\/negozio\\\/\"},{\"@type\":\"ListItem\",\"position\":3,\"name\":\"Eliche Gemfan a 2 pale da 40 mm (albero da 1,0 mm, 4 pezzi)\"}]},{\"@type\":\"WebSite\",\"@id\":\"https:\\\/\\\/iha-race.com\\\/it\\\/#website\",\"url\":\"https:\\\/\\\/iha-race.com\\\/it\\\/\",\"name\":\"Iha Race\",\"description\":\"Comprar drones de carreras FPV env\u00edos en un d\u00eda desde Espa\u00f1a\",\"publisher\":{\"@id\":\"https:\\\/\\\/iha-race.com\\\/it\\\/#organization\"},\"potentialAction\":[{\"@type\":\"SearchAction\",\"target\":{\"@type\":\"EntryPoint\",\"urlTemplate\":\"https:\\\/\\\/iha-race.com\\\/it\\\/?s={search_term_string}\"},\"query-input\":{\"@type\":\"PropertyValueSpecification\",\"valueRequired\":true,\"valueName\":\"search_term_string\"}}],\"inLanguage\":\"it-IT\"},{\"@type\":\"Organization\",\"@id\":\"https:\\\/\\\/iha-race.com\\\/it\\\/#organization\",\"name\":\"Iha Race\",\"url\":\"https:\\\/\\\/iha-race.com\\\/it\\\/\",\"logo\":{\"@type\":\"ImageObject\",\"inLanguage\":\"it-IT\",\"@id\":\"https:\\\/\\\/iha-race.com\\\/it\\\/#\\\/schema\\\/logo\\\/image\\\/\",\"url\":\"https:\\\/\\\/iha-race.com\\\/wp-content\\\/uploads\\\/2018\\\/07\\\/iha-race-drones-de-carreras-tienda-comprar-drones.png\",\"contentUrl\":\"https:\\\/\\\/iha-race.com\\\/wp-content\\\/uploads\\\/2018\\\/07\\\/iha-race-drones-de-carreras-tienda-comprar-drones.png\",\"width\":300,\"height\":100,\"caption\":\"Iha Race\"},\"image\":{\"@id\":\"https:\\\/\\\/iha-race.com\\\/it\\\/#\\\/schema\\\/logo\\\/image\\\/\"}}]}<\/script>\n<!-- \/ Yoast SEO plugin. -->","yoast_head_json":{"title":"Eliche Gemfan a 2 pale da 40 mm (albero da 1,0 mm, 4 pezzi) - Iha Race","robots":{"index":"index","follow":"follow","max-snippet":"max-snippet:-1","max-image-preview":"max-image-preview:large","max-video-preview":"max-video-preview:-1"},"canonical":"https:\/\/iha-race.com\/it\/prodotto\/eliche-gemfan-a-2-pale-da-40-mm-albero-da-10-mm-4-pezzi\/","og_locale":"it_IT","og_type":"article","og_title":"Eliche Gemfan a 2 pale da 40 mm (albero da 1,0 mm, 4 pezzi) - Iha Race","og_description":"Eliche Gemfan a 2 pale da 40 mm (albero da 1,0 mm, 4 pezzi) &nbsp; Progettate per il drone Whoop da 40 mm, pi\u00f9 potenza, maggiore efficienza e migliore controllo.","og_url":"https:\/\/iha-race.com\/it\/prodotto\/eliche-gemfan-a-2-pale-da-40-mm-albero-da-10-mm-4-pezzi\/","og_site_name":"Iha Race","article_modified_time":"2026-02-05T11:31:36+00:00","og_image":[{"width":900,"height":819,"url":"https:\/\/iha-race.com\/wp-content\/uploads\/2024\/08\/Helices-Gemfan-de-2-palas-de-40-mm-eje-de-10-mm-4-piezas.webp","type":"image\/webp"}],"twitter_card":"summary_large_image","twitter_misc":{"Tempo di lettura stimato":"1 minuto"},"schema":{"@context":"https:\/\/schema.org","@graph":[{"@type":"WebPage","@id":"https:\/\/iha-race.com\/it\/prodotto\/eliche-gemfan-a-2-pale-da-40-mm-albero-da-10-mm-4-pezzi\/","url":"https:\/\/iha-race.com\/it\/prodotto\/eliche-gemfan-a-2-pale-da-40-mm-albero-da-10-mm-4-pezzi\/","name":"Eliche Gemfan a 2 pale da 40 mm (albero da 1,0 mm, 4 pezzi) - Iha Race","isPartOf":{"@id":"https:\/\/iha-race.com\/it\/#website"},"primaryImageOfPage":{"@id":"https:\/\/iha-race.com\/it\/prodotto\/eliche-gemfan-a-2-pale-da-40-mm-albero-da-10-mm-4-pezzi\/#primaryimage"},"image":{"@id":"https:\/\/iha-race.com\/it\/prodotto\/eliche-gemfan-a-2-pale-da-40-mm-albero-da-10-mm-4-pezzi\/#primaryimage"},"thumbnailUrl":"https:\/\/iha-race.com\/wp-content\/uploads\/2024\/08\/Helices-Gemfan-de-2-palas-de-40-mm-eje-de-10-mm-4-piezas.webp","datePublished":"2024-08-30T10:27:31+00:00","dateModified":"2026-02-05T11:31:36+00:00","breadcrumb":{"@id":"https:\/\/iha-race.com\/it\/prodotto\/eliche-gemfan-a-2-pale-da-40-mm-albero-da-10-mm-4-pezzi\/#breadcrumb"},"inLanguage":"it-IT","potentialAction":[{"@type":"ReadAction","target":["https:\/\/iha-race.com\/it\/prodotto\/eliche-gemfan-a-2-pale-da-40-mm-albero-da-10-mm-4-pezzi\/"]}]},{"@type":"ImageObject","inLanguage":"it-IT","@id":"https:\/\/iha-race.com\/it\/prodotto\/eliche-gemfan-a-2-pale-da-40-mm-albero-da-10-mm-4-pezzi\/#primaryimage","url":"https:\/\/iha-race.com\/wp-content\/uploads\/2024\/08\/Helices-Gemfan-de-2-palas-de-40-mm-eje-de-10-mm-4-piezas.webp","contentUrl":"https:\/\/iha-race.com\/wp-content\/uploads\/2024\/08\/Helices-Gemfan-de-2-palas-de-40-mm-eje-de-10-mm-4-piezas.webp","width":900,"height":819,"caption":"Comprar H\u00e9lices Gemfan de 2 palas de 40 mm (eje de 1,0 mm, 4 piezas)"},{"@type":"BreadcrumbList","@id":"https:\/\/iha-race.com\/it\/prodotto\/eliche-gemfan-a-2-pale-da-40-mm-albero-da-10-mm-4-pezzi\/#breadcrumb","itemListElement":[{"@type":"ListItem","position":1,"name":"Portada","item":"https:\/\/iha-race.com\/it\/"},{"@type":"ListItem","position":2,"name":"Negozio","item":"https:\/\/iha-race.com\/it\/negozio\/"},{"@type":"ListItem","position":3,"name":"Eliche Gemfan a 2 pale da 40 mm (albero da 1,0 mm, 4 pezzi)"}]},{"@type":"WebSite","@id":"https:\/\/iha-race.com\/it\/#website","url":"https:\/\/iha-race.com\/it\/","name":"Iha Race","description":"Comprar drones de carreras FPV env\u00edos en un d\u00eda desde Espa\u00f1a","publisher":{"@id":"https:\/\/iha-race.com\/it\/#organization"},"potentialAction":[{"@type":"SearchAction","target":{"@type":"EntryPoint","urlTemplate":"https:\/\/iha-race.com\/it\/?s={search_term_string}"},"query-input":{"@type":"PropertyValueSpecification","valueRequired":true,"valueName":"search_term_string"}}],"inLanguage":"it-IT"},{"@type":"Organization","@id":"https:\/\/iha-race.com\/it\/#organization","name":"Iha Race","url":"https:\/\/iha-race.com\/it\/","logo":{"@type":"ImageObject","inLanguage":"it-IT","@id":"https:\/\/iha-race.com\/it\/#\/schema\/logo\/image\/","url":"https:\/\/iha-race.com\/wp-content\/uploads\/2018\/07\/iha-race-drones-de-carreras-tienda-comprar-drones.png","contentUrl":"https:\/\/iha-race.com\/wp-content\/uploads\/2018\/07\/iha-race-drones-de-carreras-tienda-comprar-drones.png","width":300,"height":100,"caption":"Iha Race"},"image":{"@id":"https:\/\/iha-race.com\/it\/#\/schema\/logo\/image\/"}}]}},"brands":[],"_links":{"self":[{"href":"https:\/\/iha-race.com\/it\/wp-json\/wp\/v2\/product\/250671","targetHints":{"allow":["GET"]}}],"collection":[{"href":"https:\/\/iha-race.com\/it\/wp-json\/wp\/v2\/product"}],"about":[{"href":"https:\/\/iha-race.com\/it\/wp-json\/wp\/v2\/types\/product"}],"replies":[{"embeddable":true,"href":"https:\/\/iha-race.com\/it\/wp-json\/wp\/v2\/comments?post=250671"}],"version-history":[{"count":1,"href":"https:\/\/iha-race.com\/it\/wp-json\/wp\/v2\/product\/250671\/revisions"}],"predecessor-version":[{"id":250766,"href":"https:\/\/iha-race.com\/it\/wp-json\/wp\/v2\/product\/250671\/revisions\/250766"}],"wp:featuredmedia":[{"embeddable":true,"href":"https:\/\/iha-race.com\/it\/wp-json\/wp\/v2\/media\/250663"}],"wp:attachment":[{"href":"https:\/\/iha-race.com\/it\/wp-json\/wp\/v2\/media?parent=250671"}],"wp:term":[{"taxonomy":"pwb-brand","embeddable":true,"href":"https:\/\/iha-race.com\/it\/wp-json\/wp\/v2\/pwb-brand?post=250671"},{"taxonomy":"product_cat","embeddable":true,"href":"https:\/\/iha-race.com\/it\/wp-json\/wp\/v2\/product_cat?post=250671"},{"taxonomy":"product_tag","embeddable":true,"href":"https:\/\/iha-race.com\/it\/wp-json\/wp\/v2\/product_tag?post=250671"}],"curies":[{"name":"wp","href":"https:\/\/api.w.org\/{rel}","templated":true}]}}