{"id":248605,"date":"2023-04-14T17:18:21","date_gmt":"2023-04-14T15:18:21","guid":{"rendered":"https:\/\/iha-race.com\/producto\/kit-adattatore-antenna-universale-lumenier-per-dji-goggles-2\/"},"modified":"2025-02-07T17:03:53","modified_gmt":"2025-02-07T16:03:53","slug":"kit-adattatore-antenna-universale-lumenier-per-dji-goggles-2","status":"publish","type":"product","link":"https:\/\/iha-race.com\/it\/prodotto\/kit-adattatore-antenna-universale-lumenier-per-dji-goggles-2\/","title":{"rendered":"Kit adattatore antenna universale Lumenier per DJI Goggles 2"},"content":{"rendered":"<h2><span data-sheets-value=\"{\" de=\"\" adaptador=\"\" antena=\"\" universal=\"\" lumenier=\"\" para=\"\" dji=\"\" goggles=\"\" data-sheets-userformat=\"{\" ui=\"\" neue=\"\" arial=\"\" sans-serif=\"\">Kit adattatore antenna universale Lumenier per DJI Goggles 2<\/span><\/h2>\n<p>&nbsp;<\/p>\n<h2 class=\"text-gray-900 text-2xl title-font font-base w-full pb-3\"><span>Informazioni su questo prodotto<\/span><\/h2>\n<div class=\"w-full\">\n<div class=\"prose max-w-none\">\n<div data-content-type=\"row\" data-appearance=\"contained\" data-element=\"main\">\n<div data-enable-parallax=\"0\" data-parallax-speed=\"0.5\" data-background-images=\"{}\" data-background-type=\"image\" data-video-loop=\"true\" data-video-play-only-visible=\"true\" data-video-lazy-load=\"true\" data-video-fallback-src=\"\" data-element=\"inner\" data-pb-style=\"PAXGX1Y\">\n<div data-content-type=\"text\" data-appearance=\"default\" data-element=\"main\">\n<p><span>Das <\/span><strong><br \/>\n  <span>Kit adattatore universale per antenne Lumenier<\/span><br \/>\n<\/strong><span>  ti permette di collegare un&#8217;antenna RP-SMA o SMA, come ad esempio l&#8217;antenna Lumenier AXII, ai DJI Goggles 2. Basta collegare l&#8217;adattatore e il cavo e poi collegare l&#8217;antenna per ottenere prestazioni FPV di alta qualit\u00e0. Ora puoi collegare facilmente i tuoi Goggles a 2 antenne all&#8217;antenna perfetta per ogni tua attivit\u00e0. Scegli l&#8217;AXII Stubby per una solida regolazione del raggio a 360\u00b0 o l&#8217;AXII Patch per un alto grado di riposizionamento, oppure il meglio di entrambi i mondi con due antenne AXII! Con gli adattatori Lumenier puoi scegliere l&#8217;antenna migliore per le tue esigenze!    <\/span><\/p>\n<\/div>\n<\/div>\n<\/div>\n<div data-content-type=\"row\" data-appearance=\"contained\" data-element=\"main\">\n<div data-enable-parallax=\"0\" data-parallax-speed=\"0.5\" data-background-images=\"{}\" data-background-type=\"image\" data-video-loop=\"true\" data-video-play-only-visible=\"true\" data-video-lazy-load=\"true\" data-video-fallback-src=\"\" data-element=\"inner\" data-pb-style=\"AD36V8E\">\n<div data-content-type=\"text\" data-appearance=\"default\" data-element=\"main\">\n<p><strong><span>Acquista un adattatore:<\/span><\/strong><\/p>\n<ul>\n<li><strong><span>MCX zu RP-SMA<\/span><\/strong><\/li>\n<li><strong><span>MCX zu SMA<\/span><\/strong><\/li>\n<\/ul>\n<\/div>\n<\/div>\n<\/div>\n<div data-content-type=\"row\" data-appearance=\"contained\" data-element=\"main\">\n<div data-enable-parallax=\"0\" data-parallax-speed=\"0.5\" data-background-images=\"{}\" data-background-type=\"image\" data-video-loop=\"true\" data-video-play-only-visible=\"true\" data-video-lazy-load=\"true\" data-video-fallback-src=\"\" data-element=\"inner\" data-pb-style=\"FNA0EIV\">\n<div data-content-type=\"text\" data-appearance=\"default\" data-element=\"main\">\n<p><em><span>Nota: i tempi di consegna non includono i brillantini. Scegli un tipo di antenna e verifica se stai utilizzando SMA o RP-SMA per l&#8217;antenna che hai scelto. <\/span><\/em><\/p>\n<\/div>\n<\/div>\n<\/div>\n<div data-content-type=\"row\" data-appearance=\"contained\" data-element=\"main\">\n<div data-enable-parallax=\"0\" data-parallax-speed=\"0.5\" data-background-images=\"{}\" data-background-type=\"image\" data-video-loop=\"true\" data-video-play-only-visible=\"true\" data-video-lazy-load=\"true\" data-video-fallback-src=\"\" data-element=\"inner\" data-pb-style=\"YBCEH8T\">\n<h2 data-content-type=\"heading\" data-appearance=\"default\" data-element=\"main\"><span>Eigenschaften<\/span><\/h2>\n<div data-content-type=\"text\" data-appearance=\"default\" data-element=\"main\">\n<ul>\n<li><span>Passa i tuoi DJI Goggles a RP-SMA- o SMA-Antennen e<\/span><\/li>\n<li><span>\u00c8 facile da installare: inserisci le viti originali e premi l&#8217;adattatore MCX, in modo che si chiuda.<\/span><\/li>\n<li><span>Spritzgegossene linke und rechte kodierte Steckergeh\u00e4use<\/span><\/li>\n<li><span>Farblich an die Goggles 2 angepasst, OEM-Look und -Gef\u00fchl.<\/span><\/li>\n<\/ul>\n<\/div>\n<\/div>\n<\/div>\n<div data-content-type=\"row\" data-appearance=\"contained\" data-element=\"main\">\n<div data-enable-parallax=\"0\" data-parallax-speed=\"0.5\" data-background-images=\"{}\" data-background-type=\"image\" data-video-loop=\"true\" data-video-play-only-visible=\"true\" data-video-lazy-load=\"true\" data-video-fallback-src=\"\" data-element=\"inner\" data-pb-style=\"P920YL6\">\n<h2 data-content-type=\"heading\" data-appearance=\"default\" data-element=\"main\"><span>Spezifikationen<\/span><\/h2>\n<div data-content-type=\"text\" data-appearance=\"default\" data-element=\"main\">\n<ul>\n<li><span>Anschluss: wahlweise MCX auf RP-SMA oder MCX auf SMA<\/span><\/li>\n<li><span>Compatibilit\u00e0: Occhiali DJI 2<\/span><\/li>\n<li><span>Configurazione: Linker e adattatore posteriore<\/span><\/li>\n<li><span>Peso (kit completo): 6g<\/span><\/li>\n<\/ul>\n<\/div>\n<\/div>\n<\/div>\n<div data-content-type=\"row\" data-appearance=\"contained\" data-element=\"main\">\n<div data-enable-parallax=\"0\" data-parallax-speed=\"0.5\" data-background-images=\"{}\" data-background-type=\"image\" data-video-loop=\"true\" data-video-play-only-visible=\"true\" data-video-lazy-load=\"true\" data-video-fallback-src=\"\" data-element=\"inner\" data-pb-style=\"OPC2EU7\">\n<div data-content-type=\"text\" data-appearance=\"default\" data-element=\"main\">\n<p><em><span>ASPETTI FONDAMENTALI<\/span><\/em><\/p>\n<\/div>\n<div data-content-type=\"text\" data-appearance=\"default\" data-element=\"main\">\n<ul>\n<li id=\"PHHTXSE\"><span>Questi adattatori non funzionano con i DJI Goggles Integra, dato che le antenne non sono compatibili.  <\/span><\/li>\n<\/ul>\n<\/div>\n<\/div>\n<\/div>\n<div data-content-type=\"row\" data-appearance=\"contained\" data-element=\"main\">\n<div data-enable-parallax=\"0\" data-parallax-speed=\"0.5\" data-background-images=\"{}\" data-background-type=\"image\" data-video-loop=\"true\" data-video-play-only-visible=\"true\" data-video-lazy-load=\"true\" data-video-fallback-src=\"\" data-element=\"inner\" data-pb-style=\"YG7H1MH\">\n<h2 data-content-type=\"heading\" data-appearance=\"default\" data-element=\"main\"><span>Empfohlen (non incluso nella data di consegna)<\/span><\/h2>\n<div data-content-type=\"text\" data-appearance=\"default\" data-element=\"main\">\n<ul>\n<li><span>DJI 2 Schutzbrille<\/span><\/li>\n<\/ul>\n<\/div>\n<\/div>\n<\/div>\n<div data-content-type=\"row\" data-appearance=\"contained\" data-element=\"main\">\n<div data-enable-parallax=\"0\" data-parallax-speed=\"0.5\" data-background-images=\"{}\" data-background-type=\"image\" data-video-loop=\"true\" data-video-play-only-visible=\"true\" data-video-lazy-load=\"true\" data-video-fallback-src=\"\" data-element=\"inner\" data-pb-style=\"XOVY7TT\">\n<h2 data-content-type=\"heading\" data-appearance=\"default\" data-element=\"main\"><span>Enth\u00e4lt<\/span><\/h2>\n<div data-content-type=\"text\" data-appearance=\"default\" data-element=\"main\">\n<ul>\n<li><span>2 Stecker luminosi (in modo analogo a MCX su RP-SMA o MCX su SMA)<\/span><\/li>\n<li><span>1x Lumenier Adattatore universale per DJI Goggles 2 &#8211; Rechts (Schwarz)<\/span><\/li>\n<li><span>1x Adattatore universale Lumenier per DJI Goggles 2 &#8211; Link (nero)<\/span><\/li>\n<\/ul>\n<\/div>\n<\/div>\n<\/div>\n<div data-content-type=\"row\" data-appearance=\"contained\" data-element=\"main\">\n<div data-enable-parallax=\"0\" data-parallax-speed=\"0.5\" data-background-images=\"{}\" data-background-type=\"image\" data-video-loop=\"true\" data-video-play-only-visible=\"true\" data-video-lazy-load=\"true\" data-video-fallback-src=\"\" data-element=\"inner\" data-pb-style=\"MPIFNTO\">\n<figure data-content-type=\"image\" data-appearance=\"full-width\" data-element=\"main\" data-pb-style=\"GXY4JW3\"><img decoding=\"async\" class=\"pagebuilder-mobile-hidden\" title=\"\" src=\"https:\/\/cdn.getfpv.com\/media\/wysiwyg\/Web-Compatability-Chart-Antenna-Adapters-864-3_copy.webp\" alt=\"\" data-element=\"desktop_image\" data-pb-style=\"PRDL3AQ\"><\/figure>\n<\/div>\n<\/div>\n<\/div>\n<\/div>\n","protected":false},"excerpt":{"rendered":"<p>Kit adattatore antenna universale Lumenier per DJI Goggles 2 &nbsp; Informazioni su questo prodotto Das Kit adattatore universale per antenne Lumenier ti permette di collegare un&#8217;antenna RP-SMA o SMA, come<\/p>\n","protected":false},"featured_media":0,"comment_status":"open","ping_status":"closed","template":"","meta":{"_joinchat":[]},"pwb-brand":[],"product_cat":[166],"product_tag":[],"class_list":{"0":"post-248605","1":"product","2":"type-product","3":"status-publish","5":"product_cat-aviones-alas","7":"first","8":"instock","9":"taxable","10":"shipping-taxable","11":"product-type-simple"},"barcode":null,"atum_controlled":true,"out_stock_date":null,"out_stock_threshold":null,"inheritable":false,"stock_on_hold":0,"sold_today":0,"sales_last_days":0,"out_stock_days":0,"lost_sales":0,"update_date":"2026-04-18T22:03:26","atum_locations":[],"atum_stock_status":"instock","restock_status":false,"low_stock_amount":"","sales_update_date":"2026-04-18T22:03:26","calc_backorders":null,"yoast_head":"<!-- This site is optimized with the Yoast SEO plugin v27.3 - https:\/\/yoast.com\/product\/yoast-seo-wordpress\/ -->\n<title>Kit adattatore antenna universale Lumenier per DJI Goggles 2 - Iha Race<\/title>\n<meta name=\"robots\" content=\"index, follow, max-snippet:-1, max-image-preview:large, max-video-preview:-1\" \/>\n<link rel=\"canonical\" href=\"https:\/\/iha-race.com\/it\/prodotto\/kit-adattatore-antenna-universale-lumenier-per-dji-goggles-2\/\" \/>\n<meta property=\"og:locale\" content=\"it_IT\" \/>\n<meta property=\"og:type\" content=\"article\" \/>\n<meta property=\"og:title\" content=\"Kit adattatore antenna universale Lumenier per DJI Goggles 2 - Iha Race\" \/>\n<meta property=\"og:description\" content=\"Kit adattatore antenna universale Lumenier per DJI Goggles 2 &nbsp; Informazioni su questo prodotto Das Kit adattatore universale per antenne Lumenier ti permette di collegare un&#8217;antenna RP-SMA o SMA, come\" \/>\n<meta property=\"og:url\" content=\"https:\/\/iha-race.com\/it\/prodotto\/kit-adattatore-antenna-universale-lumenier-per-dji-goggles-2\/\" \/>\n<meta property=\"og:site_name\" content=\"Iha Race\" \/>\n<meta property=\"article:modified_time\" content=\"2025-02-07T16:03:53+00:00\" \/>\n<meta property=\"og:image\" content=\"https:\/\/cdn.getfpv.com\/media\/wysiwyg\/Web-Compatability-Chart-Antenna-Adapters-864-3_copy.webp\" \/>\n<meta name=\"twitter:card\" content=\"summary_large_image\" \/>\n<meta name=\"twitter:label1\" content=\"Tempo di lettura stimato\" \/>\n\t<meta name=\"twitter:data1\" content=\"1 minuto\" \/>\n<script type=\"application\/ld+json\" class=\"yoast-schema-graph\">{\"@context\":\"https:\\\/\\\/schema.org\",\"@graph\":[{\"@type\":\"WebPage\",\"@id\":\"https:\\\/\\\/iha-race.com\\\/it\\\/prodotto\\\/kit-adattatore-antenna-universale-lumenier-per-dji-goggles-2\\\/\",\"url\":\"https:\\\/\\\/iha-race.com\\\/it\\\/prodotto\\\/kit-adattatore-antenna-universale-lumenier-per-dji-goggles-2\\\/\",\"name\":\"Kit adattatore antenna universale Lumenier per DJI Goggles 2 - Iha Race\",\"isPartOf\":{\"@id\":\"https:\\\/\\\/iha-race.com\\\/it\\\/#website\"},\"primaryImageOfPage\":{\"@id\":\"https:\\\/\\\/iha-race.com\\\/it\\\/prodotto\\\/kit-adattatore-antenna-universale-lumenier-per-dji-goggles-2\\\/#primaryimage\"},\"image\":{\"@id\":\"https:\\\/\\\/iha-race.com\\\/it\\\/prodotto\\\/kit-adattatore-antenna-universale-lumenier-per-dji-goggles-2\\\/#primaryimage\"},\"thumbnailUrl\":\"https:\\\/\\\/cdn.getfpv.com\\\/media\\\/wysiwyg\\\/Web-Compatability-Chart-Antenna-Adapters-864-3_copy.webp\",\"datePublished\":\"2023-04-14T15:18:21+00:00\",\"dateModified\":\"2025-02-07T16:03:53+00:00\",\"breadcrumb\":{\"@id\":\"https:\\\/\\\/iha-race.com\\\/it\\\/prodotto\\\/kit-adattatore-antenna-universale-lumenier-per-dji-goggles-2\\\/#breadcrumb\"},\"inLanguage\":\"it-IT\",\"potentialAction\":[{\"@type\":\"ReadAction\",\"target\":[\"https:\\\/\\\/iha-race.com\\\/it\\\/prodotto\\\/kit-adattatore-antenna-universale-lumenier-per-dji-goggles-2\\\/\"]}]},{\"@type\":\"ImageObject\",\"inLanguage\":\"it-IT\",\"@id\":\"https:\\\/\\\/iha-race.com\\\/it\\\/prodotto\\\/kit-adattatore-antenna-universale-lumenier-per-dji-goggles-2\\\/#primaryimage\",\"url\":\"https:\\\/\\\/cdn.getfpv.com\\\/media\\\/wysiwyg\\\/Web-Compatability-Chart-Antenna-Adapters-864-3_copy.webp\",\"contentUrl\":\"https:\\\/\\\/cdn.getfpv.com\\\/media\\\/wysiwyg\\\/Web-Compatability-Chart-Antenna-Adapters-864-3_copy.webp\"},{\"@type\":\"BreadcrumbList\",\"@id\":\"https:\\\/\\\/iha-race.com\\\/it\\\/prodotto\\\/kit-adattatore-antenna-universale-lumenier-per-dji-goggles-2\\\/#breadcrumb\",\"itemListElement\":[{\"@type\":\"ListItem\",\"position\":1,\"name\":\"Portada\",\"item\":\"https:\\\/\\\/iha-race.com\\\/it\\\/\"},{\"@type\":\"ListItem\",\"position\":2,\"name\":\"Negozio\",\"item\":\"https:\\\/\\\/iha-race.com\\\/it\\\/negozio\\\/\"},{\"@type\":\"ListItem\",\"position\":3,\"name\":\"Kit adattatore antenna universale Lumenier per DJI Goggles 2\"}]},{\"@type\":\"WebSite\",\"@id\":\"https:\\\/\\\/iha-race.com\\\/it\\\/#website\",\"url\":\"https:\\\/\\\/iha-race.com\\\/it\\\/\",\"name\":\"Iha Race\",\"description\":\"Comprar drones de carreras FPV env\u00edos en un d\u00eda desde Espa\u00f1a\",\"publisher\":{\"@id\":\"https:\\\/\\\/iha-race.com\\\/it\\\/#organization\"},\"potentialAction\":[{\"@type\":\"SearchAction\",\"target\":{\"@type\":\"EntryPoint\",\"urlTemplate\":\"https:\\\/\\\/iha-race.com\\\/it\\\/?s={search_term_string}\"},\"query-input\":{\"@type\":\"PropertyValueSpecification\",\"valueRequired\":true,\"valueName\":\"search_term_string\"}}],\"inLanguage\":\"it-IT\"},{\"@type\":\"Organization\",\"@id\":\"https:\\\/\\\/iha-race.com\\\/it\\\/#organization\",\"name\":\"Iha Race\",\"url\":\"https:\\\/\\\/iha-race.com\\\/it\\\/\",\"logo\":{\"@type\":\"ImageObject\",\"inLanguage\":\"it-IT\",\"@id\":\"https:\\\/\\\/iha-race.com\\\/it\\\/#\\\/schema\\\/logo\\\/image\\\/\",\"url\":\"https:\\\/\\\/iha-race.com\\\/wp-content\\\/uploads\\\/2018\\\/07\\\/iha-race-drones-de-carreras-tienda-comprar-drones.png\",\"contentUrl\":\"https:\\\/\\\/iha-race.com\\\/wp-content\\\/uploads\\\/2018\\\/07\\\/iha-race-drones-de-carreras-tienda-comprar-drones.png\",\"width\":300,\"height\":100,\"caption\":\"Iha Race\"},\"image\":{\"@id\":\"https:\\\/\\\/iha-race.com\\\/it\\\/#\\\/schema\\\/logo\\\/image\\\/\"}}]}<\/script>\n<!-- \/ Yoast SEO plugin. -->","yoast_head_json":{"title":"Kit adattatore antenna universale Lumenier per DJI Goggles 2 - Iha Race","robots":{"index":"index","follow":"follow","max-snippet":"max-snippet:-1","max-image-preview":"max-image-preview:large","max-video-preview":"max-video-preview:-1"},"canonical":"https:\/\/iha-race.com\/it\/prodotto\/kit-adattatore-antenna-universale-lumenier-per-dji-goggles-2\/","og_locale":"it_IT","og_type":"article","og_title":"Kit adattatore antenna universale Lumenier per DJI Goggles 2 - Iha Race","og_description":"Kit adattatore antenna universale Lumenier per DJI Goggles 2 &nbsp; Informazioni su questo prodotto Das Kit adattatore universale per antenne Lumenier ti permette di collegare un&#8217;antenna RP-SMA o SMA, come","og_url":"https:\/\/iha-race.com\/it\/prodotto\/kit-adattatore-antenna-universale-lumenier-per-dji-goggles-2\/","og_site_name":"Iha Race","article_modified_time":"2025-02-07T16:03:53+00:00","og_image":[{"url":"https:\/\/cdn.getfpv.com\/media\/wysiwyg\/Web-Compatability-Chart-Antenna-Adapters-864-3_copy.webp","type":"","width":"","height":""}],"twitter_card":"summary_large_image","twitter_misc":{"Tempo di lettura stimato":"1 minuto"},"schema":{"@context":"https:\/\/schema.org","@graph":[{"@type":"WebPage","@id":"https:\/\/iha-race.com\/it\/prodotto\/kit-adattatore-antenna-universale-lumenier-per-dji-goggles-2\/","url":"https:\/\/iha-race.com\/it\/prodotto\/kit-adattatore-antenna-universale-lumenier-per-dji-goggles-2\/","name":"Kit adattatore antenna universale Lumenier per DJI Goggles 2 - Iha Race","isPartOf":{"@id":"https:\/\/iha-race.com\/it\/#website"},"primaryImageOfPage":{"@id":"https:\/\/iha-race.com\/it\/prodotto\/kit-adattatore-antenna-universale-lumenier-per-dji-goggles-2\/#primaryimage"},"image":{"@id":"https:\/\/iha-race.com\/it\/prodotto\/kit-adattatore-antenna-universale-lumenier-per-dji-goggles-2\/#primaryimage"},"thumbnailUrl":"https:\/\/cdn.getfpv.com\/media\/wysiwyg\/Web-Compatability-Chart-Antenna-Adapters-864-3_copy.webp","datePublished":"2023-04-14T15:18:21+00:00","dateModified":"2025-02-07T16:03:53+00:00","breadcrumb":{"@id":"https:\/\/iha-race.com\/it\/prodotto\/kit-adattatore-antenna-universale-lumenier-per-dji-goggles-2\/#breadcrumb"},"inLanguage":"it-IT","potentialAction":[{"@type":"ReadAction","target":["https:\/\/iha-race.com\/it\/prodotto\/kit-adattatore-antenna-universale-lumenier-per-dji-goggles-2\/"]}]},{"@type":"ImageObject","inLanguage":"it-IT","@id":"https:\/\/iha-race.com\/it\/prodotto\/kit-adattatore-antenna-universale-lumenier-per-dji-goggles-2\/#primaryimage","url":"https:\/\/cdn.getfpv.com\/media\/wysiwyg\/Web-Compatability-Chart-Antenna-Adapters-864-3_copy.webp","contentUrl":"https:\/\/cdn.getfpv.com\/media\/wysiwyg\/Web-Compatability-Chart-Antenna-Adapters-864-3_copy.webp"},{"@type":"BreadcrumbList","@id":"https:\/\/iha-race.com\/it\/prodotto\/kit-adattatore-antenna-universale-lumenier-per-dji-goggles-2\/#breadcrumb","itemListElement":[{"@type":"ListItem","position":1,"name":"Portada","item":"https:\/\/iha-race.com\/it\/"},{"@type":"ListItem","position":2,"name":"Negozio","item":"https:\/\/iha-race.com\/it\/negozio\/"},{"@type":"ListItem","position":3,"name":"Kit adattatore antenna universale Lumenier per DJI Goggles 2"}]},{"@type":"WebSite","@id":"https:\/\/iha-race.com\/it\/#website","url":"https:\/\/iha-race.com\/it\/","name":"Iha Race","description":"Comprar drones de carreras FPV env\u00edos en un d\u00eda desde Espa\u00f1a","publisher":{"@id":"https:\/\/iha-race.com\/it\/#organization"},"potentialAction":[{"@type":"SearchAction","target":{"@type":"EntryPoint","urlTemplate":"https:\/\/iha-race.com\/it\/?s={search_term_string}"},"query-input":{"@type":"PropertyValueSpecification","valueRequired":true,"valueName":"search_term_string"}}],"inLanguage":"it-IT"},{"@type":"Organization","@id":"https:\/\/iha-race.com\/it\/#organization","name":"Iha Race","url":"https:\/\/iha-race.com\/it\/","logo":{"@type":"ImageObject","inLanguage":"it-IT","@id":"https:\/\/iha-race.com\/it\/#\/schema\/logo\/image\/","url":"https:\/\/iha-race.com\/wp-content\/uploads\/2018\/07\/iha-race-drones-de-carreras-tienda-comprar-drones.png","contentUrl":"https:\/\/iha-race.com\/wp-content\/uploads\/2018\/07\/iha-race-drones-de-carreras-tienda-comprar-drones.png","width":300,"height":100,"caption":"Iha Race"},"image":{"@id":"https:\/\/iha-race.com\/it\/#\/schema\/logo\/image\/"}}]}},"jetpack_sharing_enabled":true,"brands":[],"_links":{"self":[{"href":"https:\/\/iha-race.com\/it\/wp-json\/wp\/v2\/product\/248605","targetHints":{"allow":["GET"]}}],"collection":[{"href":"https:\/\/iha-race.com\/it\/wp-json\/wp\/v2\/product"}],"about":[{"href":"https:\/\/iha-race.com\/it\/wp-json\/wp\/v2\/types\/product"}],"replies":[{"embeddable":true,"href":"https:\/\/iha-race.com\/it\/wp-json\/wp\/v2\/comments?post=248605"}],"version-history":[{"count":1,"href":"https:\/\/iha-race.com\/it\/wp-json\/wp\/v2\/product\/248605\/revisions"}],"predecessor-version":[{"id":253472,"href":"https:\/\/iha-race.com\/it\/wp-json\/wp\/v2\/product\/248605\/revisions\/253472"}],"wp:attachment":[{"href":"https:\/\/iha-race.com\/it\/wp-json\/wp\/v2\/media?parent=248605"}],"wp:term":[{"taxonomy":"pwb-brand","embeddable":true,"href":"https:\/\/iha-race.com\/it\/wp-json\/wp\/v2\/pwb-brand?post=248605"},{"taxonomy":"product_cat","embeddable":true,"href":"https:\/\/iha-race.com\/it\/wp-json\/wp\/v2\/product_cat?post=248605"},{"taxonomy":"product_tag","embeddable":true,"href":"https:\/\/iha-race.com\/it\/wp-json\/wp\/v2\/product_tag?post=248605"}],"curies":[{"name":"wp","href":"https:\/\/api.w.org\/{rel}","templated":true}]}}