{"id":247765,"date":"2024-07-22T19:23:59","date_gmt":"2024-07-22T17:23:59","guid":{"rendered":"https:\/\/iha-race.com\/producto\/radiomaster-2500mah-3-7v-li-ion-18650-2-pezzi\/"},"modified":"2026-02-10T15:02:35","modified_gmt":"2026-02-10T14:02:35","slug":"radiomaster-2500mah-3-7v-li-ion-18650-2-pezzi","status":"publish","type":"product","link":"https:\/\/iha-race.com\/it\/prodotto\/radiomaster-2500mah-3-7v-li-ion-18650-2-pezzi\/","title":{"rendered":"RadioMaster 3200mah 3.7v Li-ion 18650 (2 pezzi)"},"content":{"rendered":"<h2>RadioMaster 3200mah 3.7v Li-ion 18650 (2 pezzi)<\/h2>\n<p>&nbsp;<\/p>\n<div id=\"shopify-section-template--15373068697831__main\" class=\"shopify-section\">\n<div id=\"ProductSection-template--15373068697831__main-7475365740775\" class=\"product-section\" data-section-id=\"template--15373068697831__main\" data-product-id=\"7475365740775\" data-section-type=\"product\" data-product-handle=\"18650-3200mah-3-7v-battery-2pcs-for-tx16s-boxer-tx12-mt12-radios\" data-product-title=\"18650 3200mAh 3.7V Battery (2pcs) for TX16S \/ Boxer \/ TX12\/ Pocket \/ MT12 Radios\" data-product-url=\"\/products\/18650-3200mah-3-7v-battery-2pcs-for-tx16s-boxer-tx12-mt12-radios\" data-aspect-ratio=\"100.0\" data-img-url=\"\/\/www.radiomasterrc.com\/cdn\/shop\/files\/HP0157.18650-3200-1_&lt;wpml_curved wpml_value='width'&gt;&lt;\/wpml_curved&gt;x.jpg?v=1703575506\" data-history=\"true\" data-modal=\"false\">\n<div class=\"page-content page-content--product\">\n<div class=\"page-width\">\n<div class=\"grid\">\n<div class=\"grid__item medium-up--three-fifths\">\n<div class=\"product-single__meta\">\n<div data-product-blocks=\"\">\n<div class=\"product-block\">\n<div class=\"rte\">  La capacit\u00e0 della batteria 18650 \u00e8 stata portata a 3200 mAh per voli senza preoccupazioni e senza ansia da batteria. Compatibile con le radio TX16S, Boxer, TX12, Pocket e MT12.  <img decoding=\"async\" src=\"https:\/\/cdn.shopify.com\/s\/files\/1\/0609\/8324\/7079\/files\/HP0157.18650-3200-Detail-1_9be06509-347d-4d88-8069-336c847d1b17_1024x1024.jpg?v=1703648599\" alt=\"Batteria 18650 3200 mAh 3,7 V (2 pezzi) per radio TX16S\/Boxer\/TX12\/Pocket\/MT12\"><img decoding=\"async\" src=\"https:\/\/cdn.shopify.com\/s\/files\/1\/0609\/8324\/7079\/files\/HP0157.18650-3200-Detail-2_7ec33dda-5b84-4c1c-b042-f2d276d22658_1024x1024.jpg?v=1703648644\" alt=\"Batteria 18650 3200 mAh 3,7 V (2 pezzi) per radio TX16S\/Boxer\/TX12\/Pocket\/MT12\"><\/p>\n<h2 style=\"text-align: left;\">Specifiche<\/h2>\n<ul>\n<li>Articolo: batteria 18650 3200mAh 3.7V<\/li>\n<li>Tipo di cella: batteria 18650<\/li>\n<li>Capacit\u00e0: 3200mAh<\/li>\n<li>Tensione: 3,7 V<\/li>\n<li>Peso: 46,22 g<\/li>\n<\/ul>\n<h2>Prodotti associati<\/h2>\n<ul>\n<li>RadioMaster Serie TX16S MKII<\/li>\n<li>RadioMaster Serie TX12 MKII<\/li>\n<li>RadioMaster Serie Boxer<\/li>\n<li>Controller radio di superficie RadioMaster MT12<\/li>\n<li>RadioMaster Controller radio tascabile<\/li>\n<\/ul>\n<h2 style=\"text-align: left;\">Il pacchetto comprende<\/h2>\n<ul>\n<li>2 * Batteria 18650 3200 mAh 3,7 V<\/li>\n<\/ul>\n<\/div>\n<\/div>\n<\/div>\n<\/div>\n<\/div>\n<\/div>\n<\/div>\n<\/div>\n<\/div>\n<\/div>\n<div id=\"shopify-section-template--15373068697831__16366208004327cfa2\" class=\"shopify-section index-section\">\n<div class=\"page-width page-width--narrow\"><\/div>\n<\/div>\n","protected":false},"excerpt":{"rendered":"<p>RadioMaster 3200mah 3.7v Li-ion 18650 (2 pezzi) &nbsp; La capacit\u00e0 della batteria 18650 \u00e8 stata portata a 3200 mAh per voli senza preoccupazioni e senza ansia da batteria. Compatibile con<\/p>\n","protected":false},"featured_media":247811,"comment_status":"open","ping_status":"closed","template":"","meta":{"_joinchat":[]},"pwb-brand":[],"product_cat":[17,18],"product_tag":[],"class_list":{"0":"post-247765","1":"product","2":"type-product","3":"status-publish","4":"has-post-thumbnail","6":"product_cat-baterias-para-drones","7":"product_cat-s1","9":"first","10":"instock","11":"taxable","12":"shipping-taxable","13":"purchasable","14":"product-type-simple"},"barcode":null,"atum_controlled":true,"out_stock_date":null,"out_stock_threshold":null,"inheritable":false,"stock_on_hold":0,"sold_today":0,"sales_last_days":0,"out_stock_days":0,"lost_sales":0,"update_date":"2026-04-16T06:28:53","atum_locations":[],"atum_stock_status":"instock","restock_status":false,"low_stock_amount":"","sales_update_date":"2026-04-16T06:28:53","calc_backorders":null,"yoast_head":"<!-- This site is optimized with the Yoast SEO plugin v27.3 - https:\/\/yoast.com\/product\/yoast-seo-wordpress\/ -->\n<title>RadioMaster 3200mah 3.7v Li-ion 18650 (2 pezzi) - Iha Race<\/title>\n<meta name=\"robots\" content=\"index, follow, max-snippet:-1, max-image-preview:large, max-video-preview:-1\" \/>\n<link rel=\"canonical\" href=\"https:\/\/iha-race.com\/it\/prodotto\/radiomaster-2500mah-3-7v-li-ion-18650-2-pezzi\/\" \/>\n<meta property=\"og:locale\" content=\"it_IT\" \/>\n<meta property=\"og:type\" content=\"article\" \/>\n<meta property=\"og:title\" content=\"RadioMaster 3200mah 3.7v Li-ion 18650 (2 pezzi) - Iha Race\" \/>\n<meta property=\"og:description\" content=\"RadioMaster 3200mah 3.7v Li-ion 18650 (2 pezzi) &nbsp; La capacit\u00e0 della batteria 18650 \u00e8 stata portata a 3200 mAh per voli senza preoccupazioni e senza ansia da batteria. Compatibile con\" \/>\n<meta property=\"og:url\" content=\"https:\/\/iha-race.com\/it\/prodotto\/radiomaster-2500mah-3-7v-li-ion-18650-2-pezzi\/\" \/>\n<meta property=\"og:site_name\" content=\"Iha Race\" \/>\n<meta property=\"article:modified_time\" content=\"2026-02-10T14:02:35+00:00\" \/>\n<meta property=\"og:image\" content=\"https:\/\/iha-race.com\/wp-content\/uploads\/2024\/07\/RadioMaster-3200mah-3.7v-Li-ion-18650-2-piezas.webp\" \/>\n\t<meta property=\"og:image:width\" content=\"1000\" \/>\n\t<meta property=\"og:image:height\" content=\"1000\" \/>\n\t<meta property=\"og:image:type\" content=\"image\/webp\" \/>\n<meta name=\"twitter:card\" content=\"summary_large_image\" \/>\n<script type=\"application\/ld+json\" class=\"yoast-schema-graph\">{\"@context\":\"https:\\\/\\\/schema.org\",\"@graph\":[{\"@type\":\"WebPage\",\"@id\":\"https:\\\/\\\/iha-race.com\\\/it\\\/prodotto\\\/radiomaster-2500mah-3-7v-li-ion-18650-2-pezzi\\\/\",\"url\":\"https:\\\/\\\/iha-race.com\\\/it\\\/prodotto\\\/radiomaster-2500mah-3-7v-li-ion-18650-2-pezzi\\\/\",\"name\":\"RadioMaster 3200mah 3.7v Li-ion 18650 (2 pezzi) - Iha Race\",\"isPartOf\":{\"@id\":\"https:\\\/\\\/iha-race.com\\\/it\\\/#website\"},\"primaryImageOfPage\":{\"@id\":\"https:\\\/\\\/iha-race.com\\\/it\\\/prodotto\\\/radiomaster-2500mah-3-7v-li-ion-18650-2-pezzi\\\/#primaryimage\"},\"image\":{\"@id\":\"https:\\\/\\\/iha-race.com\\\/it\\\/prodotto\\\/radiomaster-2500mah-3-7v-li-ion-18650-2-pezzi\\\/#primaryimage\"},\"thumbnailUrl\":\"https:\\\/\\\/iha-race.com\\\/wp-content\\\/uploads\\\/2024\\\/07\\\/RadioMaster-3200mah-3.7v-Li-ion-18650-2-piezas.webp\",\"datePublished\":\"2024-07-22T17:23:59+00:00\",\"dateModified\":\"2026-02-10T14:02:35+00:00\",\"breadcrumb\":{\"@id\":\"https:\\\/\\\/iha-race.com\\\/it\\\/prodotto\\\/radiomaster-2500mah-3-7v-li-ion-18650-2-pezzi\\\/#breadcrumb\"},\"inLanguage\":\"it-IT\",\"potentialAction\":[{\"@type\":\"ReadAction\",\"target\":[\"https:\\\/\\\/iha-race.com\\\/it\\\/prodotto\\\/radiomaster-2500mah-3-7v-li-ion-18650-2-pezzi\\\/\"]}]},{\"@type\":\"ImageObject\",\"inLanguage\":\"it-IT\",\"@id\":\"https:\\\/\\\/iha-race.com\\\/it\\\/prodotto\\\/radiomaster-2500mah-3-7v-li-ion-18650-2-pezzi\\\/#primaryimage\",\"url\":\"https:\\\/\\\/iha-race.com\\\/wp-content\\\/uploads\\\/2024\\\/07\\\/RadioMaster-3200mah-3.7v-Li-ion-18650-2-piezas.webp\",\"contentUrl\":\"https:\\\/\\\/iha-race.com\\\/wp-content\\\/uploads\\\/2024\\\/07\\\/RadioMaster-3200mah-3.7v-Li-ion-18650-2-piezas.webp\",\"width\":1000,\"height\":1000,\"caption\":\"comprar La capacidad de la bater\u00eda 18650 se ha mejorado a 3200 mAh para vuelos sin preocupaciones y sin ansiedad por la bater\u00eda. Compatible conTX16S,Boxer,TX12,BolsilloyMT12radios. Bater\u00eda 18650 3200 mAh 3,7 V (2 piezas) para radios TX16S\\\/Boxer\\\/TX12\\\/Pocket\\\/MT12Bater\u00eda 18650 3200 mAh 3,7 V (2 piezas) para radios TX16S\\\/Boxer\\\/TX12\\\/Pocket\\\/MT12 Especificaci\u00f3n Art\u00edculo: Bater\u00eda 18650 3200mAh 3,7V Tipo de celda: Bater\u00eda 18650 Capacidad: 3200mAh Voltaje: 3,7 V Peso: 46,22 g Productos Asociados Radios de la serie TX16S MKII de RadioMaster Radios de la serie TX12 MKII de RadioMaster Radios de la serie Boxer de RadioMaster Controlador de radio de superficie RadioMaster MT12 Controlador de radio de bolsillo RadioMaster El paquete incluye 2 * Bater\u00eda 18650 3200 mAh 3,7 V\"},{\"@type\":\"BreadcrumbList\",\"@id\":\"https:\\\/\\\/iha-race.com\\\/it\\\/prodotto\\\/radiomaster-2500mah-3-7v-li-ion-18650-2-pezzi\\\/#breadcrumb\",\"itemListElement\":[{\"@type\":\"ListItem\",\"position\":1,\"name\":\"Portada\",\"item\":\"https:\\\/\\\/iha-race.com\\\/it\\\/\"},{\"@type\":\"ListItem\",\"position\":2,\"name\":\"Negozio\",\"item\":\"https:\\\/\\\/iha-race.com\\\/it\\\/negozio\\\/\"},{\"@type\":\"ListItem\",\"position\":3,\"name\":\"RadioMaster 3200mah 3.7v Li-ion 18650 (2 pezzi)\"}]},{\"@type\":\"WebSite\",\"@id\":\"https:\\\/\\\/iha-race.com\\\/it\\\/#website\",\"url\":\"https:\\\/\\\/iha-race.com\\\/it\\\/\",\"name\":\"Iha Race\",\"description\":\"Comprar drones de carreras FPV env\u00edos en un d\u00eda desde Espa\u00f1a\",\"publisher\":{\"@id\":\"https:\\\/\\\/iha-race.com\\\/it\\\/#organization\"},\"potentialAction\":[{\"@type\":\"SearchAction\",\"target\":{\"@type\":\"EntryPoint\",\"urlTemplate\":\"https:\\\/\\\/iha-race.com\\\/it\\\/?s={search_term_string}\"},\"query-input\":{\"@type\":\"PropertyValueSpecification\",\"valueRequired\":true,\"valueName\":\"search_term_string\"}}],\"inLanguage\":\"it-IT\"},{\"@type\":\"Organization\",\"@id\":\"https:\\\/\\\/iha-race.com\\\/it\\\/#organization\",\"name\":\"Iha Race\",\"url\":\"https:\\\/\\\/iha-race.com\\\/it\\\/\",\"logo\":{\"@type\":\"ImageObject\",\"inLanguage\":\"it-IT\",\"@id\":\"https:\\\/\\\/iha-race.com\\\/it\\\/#\\\/schema\\\/logo\\\/image\\\/\",\"url\":\"https:\\\/\\\/iha-race.com\\\/wp-content\\\/uploads\\\/2018\\\/07\\\/iha-race-drones-de-carreras-tienda-comprar-drones.png\",\"contentUrl\":\"https:\\\/\\\/iha-race.com\\\/wp-content\\\/uploads\\\/2018\\\/07\\\/iha-race-drones-de-carreras-tienda-comprar-drones.png\",\"width\":300,\"height\":100,\"caption\":\"Iha Race\"},\"image\":{\"@id\":\"https:\\\/\\\/iha-race.com\\\/it\\\/#\\\/schema\\\/logo\\\/image\\\/\"}}]}<\/script>\n<!-- \/ Yoast SEO plugin. -->","yoast_head_json":{"title":"RadioMaster 3200mah 3.7v Li-ion 18650 (2 pezzi) - Iha Race","robots":{"index":"index","follow":"follow","max-snippet":"max-snippet:-1","max-image-preview":"max-image-preview:large","max-video-preview":"max-video-preview:-1"},"canonical":"https:\/\/iha-race.com\/it\/prodotto\/radiomaster-2500mah-3-7v-li-ion-18650-2-pezzi\/","og_locale":"it_IT","og_type":"article","og_title":"RadioMaster 3200mah 3.7v Li-ion 18650 (2 pezzi) - Iha Race","og_description":"RadioMaster 3200mah 3.7v Li-ion 18650 (2 pezzi) &nbsp; La capacit\u00e0 della batteria 18650 \u00e8 stata portata a 3200 mAh per voli senza preoccupazioni e senza ansia da batteria. Compatibile con","og_url":"https:\/\/iha-race.com\/it\/prodotto\/radiomaster-2500mah-3-7v-li-ion-18650-2-pezzi\/","og_site_name":"Iha Race","article_modified_time":"2026-02-10T14:02:35+00:00","og_image":[{"width":1000,"height":1000,"url":"https:\/\/iha-race.com\/wp-content\/uploads\/2024\/07\/RadioMaster-3200mah-3.7v-Li-ion-18650-2-piezas.webp","type":"image\/webp"}],"twitter_card":"summary_large_image","schema":{"@context":"https:\/\/schema.org","@graph":[{"@type":"WebPage","@id":"https:\/\/iha-race.com\/it\/prodotto\/radiomaster-2500mah-3-7v-li-ion-18650-2-pezzi\/","url":"https:\/\/iha-race.com\/it\/prodotto\/radiomaster-2500mah-3-7v-li-ion-18650-2-pezzi\/","name":"RadioMaster 3200mah 3.7v Li-ion 18650 (2 pezzi) - Iha Race","isPartOf":{"@id":"https:\/\/iha-race.com\/it\/#website"},"primaryImageOfPage":{"@id":"https:\/\/iha-race.com\/it\/prodotto\/radiomaster-2500mah-3-7v-li-ion-18650-2-pezzi\/#primaryimage"},"image":{"@id":"https:\/\/iha-race.com\/it\/prodotto\/radiomaster-2500mah-3-7v-li-ion-18650-2-pezzi\/#primaryimage"},"thumbnailUrl":"https:\/\/iha-race.com\/wp-content\/uploads\/2024\/07\/RadioMaster-3200mah-3.7v-Li-ion-18650-2-piezas.webp","datePublished":"2024-07-22T17:23:59+00:00","dateModified":"2026-02-10T14:02:35+00:00","breadcrumb":{"@id":"https:\/\/iha-race.com\/it\/prodotto\/radiomaster-2500mah-3-7v-li-ion-18650-2-pezzi\/#breadcrumb"},"inLanguage":"it-IT","potentialAction":[{"@type":"ReadAction","target":["https:\/\/iha-race.com\/it\/prodotto\/radiomaster-2500mah-3-7v-li-ion-18650-2-pezzi\/"]}]},{"@type":"ImageObject","inLanguage":"it-IT","@id":"https:\/\/iha-race.com\/it\/prodotto\/radiomaster-2500mah-3-7v-li-ion-18650-2-pezzi\/#primaryimage","url":"https:\/\/iha-race.com\/wp-content\/uploads\/2024\/07\/RadioMaster-3200mah-3.7v-Li-ion-18650-2-piezas.webp","contentUrl":"https:\/\/iha-race.com\/wp-content\/uploads\/2024\/07\/RadioMaster-3200mah-3.7v-Li-ion-18650-2-piezas.webp","width":1000,"height":1000,"caption":"comprar La capacidad de la bater\u00eda 18650 se ha mejorado a 3200 mAh para vuelos sin preocupaciones y sin ansiedad por la bater\u00eda. Compatible conTX16S,Boxer,TX12,BolsilloyMT12radios. Bater\u00eda 18650 3200 mAh 3,7 V (2 piezas) para radios TX16S\/Boxer\/TX12\/Pocket\/MT12Bater\u00eda 18650 3200 mAh 3,7 V (2 piezas) para radios TX16S\/Boxer\/TX12\/Pocket\/MT12 Especificaci\u00f3n Art\u00edculo: Bater\u00eda 18650 3200mAh 3,7V Tipo de celda: Bater\u00eda 18650 Capacidad: 3200mAh Voltaje: 3,7 V Peso: 46,22 g Productos Asociados Radios de la serie TX16S MKII de RadioMaster Radios de la serie TX12 MKII de RadioMaster Radios de la serie Boxer de RadioMaster Controlador de radio de superficie RadioMaster MT12 Controlador de radio de bolsillo RadioMaster El paquete incluye 2 * Bater\u00eda 18650 3200 mAh 3,7 V"},{"@type":"BreadcrumbList","@id":"https:\/\/iha-race.com\/it\/prodotto\/radiomaster-2500mah-3-7v-li-ion-18650-2-pezzi\/#breadcrumb","itemListElement":[{"@type":"ListItem","position":1,"name":"Portada","item":"https:\/\/iha-race.com\/it\/"},{"@type":"ListItem","position":2,"name":"Negozio","item":"https:\/\/iha-race.com\/it\/negozio\/"},{"@type":"ListItem","position":3,"name":"RadioMaster 3200mah 3.7v Li-ion 18650 (2 pezzi)"}]},{"@type":"WebSite","@id":"https:\/\/iha-race.com\/it\/#website","url":"https:\/\/iha-race.com\/it\/","name":"Iha Race","description":"Comprar drones de carreras FPV env\u00edos en un d\u00eda desde Espa\u00f1a","publisher":{"@id":"https:\/\/iha-race.com\/it\/#organization"},"potentialAction":[{"@type":"SearchAction","target":{"@type":"EntryPoint","urlTemplate":"https:\/\/iha-race.com\/it\/?s={search_term_string}"},"query-input":{"@type":"PropertyValueSpecification","valueRequired":true,"valueName":"search_term_string"}}],"inLanguage":"it-IT"},{"@type":"Organization","@id":"https:\/\/iha-race.com\/it\/#organization","name":"Iha Race","url":"https:\/\/iha-race.com\/it\/","logo":{"@type":"ImageObject","inLanguage":"it-IT","@id":"https:\/\/iha-race.com\/it\/#\/schema\/logo\/image\/","url":"https:\/\/iha-race.com\/wp-content\/uploads\/2018\/07\/iha-race-drones-de-carreras-tienda-comprar-drones.png","contentUrl":"https:\/\/iha-race.com\/wp-content\/uploads\/2018\/07\/iha-race-drones-de-carreras-tienda-comprar-drones.png","width":300,"height":100,"caption":"Iha Race"},"image":{"@id":"https:\/\/iha-race.com\/it\/#\/schema\/logo\/image\/"}}]}},"brands":[],"_links":{"self":[{"href":"https:\/\/iha-race.com\/it\/wp-json\/wp\/v2\/product\/247765","targetHints":{"allow":["GET"]}}],"collection":[{"href":"https:\/\/iha-race.com\/it\/wp-json\/wp\/v2\/product"}],"about":[{"href":"https:\/\/iha-race.com\/it\/wp-json\/wp\/v2\/types\/product"}],"replies":[{"embeddable":true,"href":"https:\/\/iha-race.com\/it\/wp-json\/wp\/v2\/comments?post=247765"}],"version-history":[{"count":3,"href":"https:\/\/iha-race.com\/it\/wp-json\/wp\/v2\/product\/247765\/revisions"}],"predecessor-version":[{"id":247831,"href":"https:\/\/iha-race.com\/it\/wp-json\/wp\/v2\/product\/247765\/revisions\/247831"}],"wp:featuredmedia":[{"embeddable":true,"href":"https:\/\/iha-race.com\/it\/wp-json\/wp\/v2\/media\/247811"}],"wp:attachment":[{"href":"https:\/\/iha-race.com\/it\/wp-json\/wp\/v2\/media?parent=247765"}],"wp:term":[{"taxonomy":"pwb-brand","embeddable":true,"href":"https:\/\/iha-race.com\/it\/wp-json\/wp\/v2\/pwb-brand?post=247765"},{"taxonomy":"product_cat","embeddable":true,"href":"https:\/\/iha-race.com\/it\/wp-json\/wp\/v2\/product_cat?post=247765"},{"taxonomy":"product_tag","embeddable":true,"href":"https:\/\/iha-race.com\/it\/wp-json\/wp\/v2\/product_tag?post=247765"}],"curies":[{"name":"wp","href":"https:\/\/api.w.org\/{rel}","templated":true}]}}