{"id":247390,"date":"2024-06-30T12:45:36","date_gmt":"2024-06-30T10:45:36","guid":{"rendered":"https:\/\/iha-race.com\/producto\/nazgul-dc5-eco-6s-o3-hd-gps\/"},"modified":"2025-07-06T11:45:09","modified_gmt":"2025-07-06T09:45:09","slug":"nazgul-dc5-eco-6s-o3-hd-gps","status":"publish","type":"product","link":"https:\/\/iha-race.com\/it\/prodotto\/nazgul-dc5-eco-6s-o3-hd-gps\/","title":{"rendered":"Nazgul DC5 ECO 6S O3 HD"},"content":{"rendered":"<h2>Nazgul DC5 ECO 6S O3 HD<\/h2>\n<p>&nbsp;<\/p>\n<div class=\"title-product\">\n<h1><\/h1>\n<\/div>\n<p><span style=\"color: #ff0000;\"><em><strong>SPEDIZIONE DA 7 A 10 GIORNI DOPO L&#8217;ACQUISTO<\/strong><\/em><\/span><\/p>\n<p>&nbsp;<\/p>\n<p>&nbsp;<\/p>\n<p>&nbsp;<\/p>\n<div class=\"temp-specs-tr\">\n<h3 class=\"temp-specs-td name\"><span class=\"\">Descrizione<\/span><\/h3>\n<div class=\"temp-specs-td value\">\n<p data-sider-select-id=\"aac4036e-8313-487e-b6d5-9b05ade67a4d\"><span class=\"\">Ti presentiamo il Nazgul DC5 ECO: ridefinisce le prestazioni e il valore di un drone freestyle standard da 5 pollici. Dotato del nuovo sistema digitale HD O3 di DJI, il suo design unico garantisce l&#8217;assenza di eliche, consentendo l&#8217;utilizzo diretto del video dell&#8217;unit\u00e0 aerea O3. Con il controller di volo ATF435 e l&#8217;ESC BLITZ E55S 2-6S 55A, offre prestazioni e affidabilit\u00e0 senza pari. Il telaio in fibra di carbonio con supporto per la videocamera in alluminio \u00e8 leggero ma resistente, mentre il supporto GoPro incluso offre versatilit\u00e0 per immortalare i tuoi epici voli freestyle. Eleva la tua esperienza di volo a nuove vette con il Nazgul DC5 ECO.<\/span><\/p>\n<\/div>\n<\/div>\n<div class=\"temp-specs-tr\">\n<h3 class=\"temp-specs-td name\">it Reflejos<\/h3>\n<div class=\"temp-specs-td value\">\n<p data-sider-select-id=\"2c9b6bdc-28a5-4092-b260-42b093faf69b\"><b data-sider-select-id=\"04e34090-c4d7-42c1-88e2-b60addd61d60\">Leggero e resistente<\/b><\/p>\n<p>  La combinazione di fibra di carbonio e alluminio garantisce una struttura leggera ma robusta per la tua attrezzatura fotografica. Progettato per ottenere una resa video nitida senza ostruire le eliche, migliorando la qualit\u00e0 estetica delle tue riprese aeree.  <\/p>\n<p data-sider-select-id=\"8f67b1c2-7331-4a10-b742-4abd7688980a\"><b data-sider-select-id=\"a9979aad-aa6f-491d-b148-486c8ab7cc28\">Scaricatore di scintille<\/b><\/p>\n<p>  Quando si collega una batteria, si pu\u00f2 generare una forte scintilla sul connettore, che si verifica quando l&#8217;elevata corrente della batteria viene prima diretta al condensatore a bassa ESR e poi riempie la capacit\u00e0 dell&#8217;ESC. Abbiamo aggiunto un circuito di protezione per prolungare la vita dei connettori XT60 e prevenire picchi rapidi di tensione o di corrente, in modo da proteggere i tuoi dispositivi elettronici da eventuali danni.  <\/p>\n<p data-sider-select-id=\"fcb46b0c-e03b-47b5-9eb1-fe45469766f3\"><b data-sider-select-id=\"1310f33a-6359-423a-a04c-e1cc951aaf9d\">Trasmissione digitale a bassa latenza dell&#8217;unit\u00e0 DJI O3 HD Air<\/b><\/p>\n<p>  Portata di trasmissione video fino a 10 km: goditi una visione chiara e fluida in tempo reale sui tuoi occhiali, anche in ambienti soggetti a interferenze. (Fonte DJI) La versione HD consente l&#8217;installazione di filtri ND, offrendo un maggiore controllo sulle impostazioni di esposizione della fotocamera.  <\/p>\n<p data-sider-select-id=\"1c2476b2-5e6b-4cc1-b91b-0da95ed24383\"><b data-sider-select-id=\"93014075-3335-47fc-ae3b-992c66e91f7a\">Video 4K ultra-grandangolare con stabilizzazione a 155\u00b0<\/b><\/p>\n<p>  Grazie all&#8217;elevata qualit\u00e0 delle immagini, offre immagini eccezionali che terranno il tuo pubblico con il fiato sospeso. (Fonte DJI)  <\/p>\n<p data-sider-select-id=\"e6a5af15-ec79-4511-827b-73cca355e0ed\"><b data-sider-select-id=\"0bbd4cc0-f41f-4ac4-a4ac-dc4c516c022f\">Migliorare l&#8217;esperienza dell&#8217;utente e semplificare la manutenzione<\/b><\/p>\n<p data-sider-select-id=\"c57bd0dc-4003-4b12-9675-665ed42092fc\">Dotata di un cicalino e di una staffa per il ricevitore integrati, questa funzione facilita la manutenzione e la regolazione del ricevitore.<\/p>\n<p data-sider-select-id=\"b666b420-570e-430a-8113-8d6cf2286ce3\"><b data-sider-select-id=\"79c66ba0-e9aa-4184-91cb-ca6c86e1adf4\">Spazio personalizzato per il fai da te<\/b><\/p>\n<p>  Crea il tuo spazio personalizzato con la flessibilit\u00e0 dei fori di montaggio standard 20 x 20 e 30,5 x 30,5, garantendo la compatibilit\u00e0 con i sistemi VTX e le colonne di volo pi\u00f9 diffuse sul mercato. Personalizza la tua configurazione in base ai tuoi gusti e goditi un processo di integrazione senza problemi con queste versatili opzioni di montaggio.  <\/p><\/div>\n<\/div>\n<div class=\"temp-specs-tr\">\n<h3 class=\"temp-specs-td name\">Specifiche tecniche<\/h3>\n<div class=\"temp-specs-td value\">  Nome prodotto: Nazgul DC5 ECO 6S O3 HD Geometria: DC (DeadCat) FC: BLITZ ATF435 Flight Controller ESC: ESC BLITZ E55S 55A 4 IN 1 Trasmissione video: DJI O3 Air Unit Telaio: passo 240 mm Motore: XING-E Pro 2207 1800KV Motori Elica: Nazgul F5 Eliche  <\/p>\n<p data-sider-select-id=\"c4bf3871-b7da-43ba-bf98-5d0a290000fd\">Peso: 450g<\/p>\n<p data-sider-select-id=\"c4bf3871-b7da-43ba-bf98-5d0a290000fd\">Peso al decollo: circa. 675 g (con batteria 6S 1400 mAh)<\/p>\n<p>  Dimensioni (L\u00d7L\u00d7H): 193\u00d7144\u00d734 mm Velocit\u00e0 massima: 190 km\/h (modalit\u00e0 manuale) Altitudine massima di decollo: 7000 m  <\/p>\n<p data-sider-select-id=\"1627f023-2150-41ca-8c42-5ccde6ecee2b\">Tempo massimo di volo: circa. 7,5 minuti (senza carica con 6S 1400 mAh)<\/p>\n<p>  Resistenza massima alla velocit\u00e0 del vento: livello 7 Temperatura di funzionamento: da -10\u00b0 a 40\u00b0 C (da 14\u00b0 a 104\u00b0 F) Antenne: Doppia antenna GNSS: GPS+SBAS+Galileo+QZSS+Glonass (opzionale)  <\/p><\/div>\n<\/div>\n<div class=\"temp-specs-tr\">\n<div class=\"temp-specs-td name\">Trasmissione video<\/div>\n<div class=\"temp-specs-td value\">  Nome del prodotto: DJI O3 Air Unit Larghezza di banda di comunicazione: Max. 40 MHz Campo visivo (schermo singolo): 155\u00b0 Frequenza di comunicazione: 2,400-2,4835 GHz (solo RX) \/ 5,725-5,850 GHz (RX e TX) Latenza end-to-end Con DJI FPV Goggles V2: qualit\u00e0 di trasmissione video 810p\/120fps: Latenza inferiore a 28 ms. Qualit\u00e0 di trasmissione video 810p\/60fps: la latenza \u00e8 inferiore a 40 ms. Con DJI Goggles 2: qualit\u00e0 di streaming video a 1080p\/100 fps: la latenza \u00e8 di soli 30 ms. Qualit\u00e0 di streaming video 1080p\/60 fps: la latenza \u00e8 di soli 40 ms. Velocit\u00e0 massima di trasmissione video: 50 Mbps Portata massima di trasmissione video: 10 km (FCC), 2 km (CE), 6 km (SRRC) Temperatura di funzionamento: da -10\u00b0 a 40\u00b0 C (da 14\u00b0 a 104\u00b0 F) Alimentazione: 7,4-26,4 V Trasmissione audio: N\/A  <\/div>\n<\/div>\n<div class=\"temp-specs-tr\">\n<h3 class=\"temp-specs-td name\">Elenco degli imballaggi<\/h3>\n<div class=\"temp-specs-td value\">\n<p data-sider-select-id=\"9e23ee4c-9f7f-477d-bbdc-04bb1777af5e\"><span class=\"VIpgJd-yAWNEb-VIpgJd-fmcmS-sn54Q\">1 x Nazgul DC5 ECO 6S O3 HD BNF<\/span><\/p>\n<p>  2 x Antenne 2 x Batterie 2 x Puntelli (coppie)  <\/p><\/div>\n<\/div>\n","protected":false},"excerpt":{"rendered":"<p><span style=\"color: #ff0000;\"><strong>SPEDIZIONE ENTRO 7-10 GIORNI DALL&#8217;ACQUISTO<\/strong><\/span><strong><span style=\"color: #ff0000;\">IL MODELLO ELRS 2.4 GHZ \u00c8 DISPONIBILE IN MAGAZZINO 24 ORE SU 24<\/span><\/strong><\/p>\n","protected":false},"featured_media":254146,"comment_status":"open","ping_status":"closed","template":"","meta":{"_joinchat":[]},"pwb-brand":[3571],"product_cat":[1438,3673],"product_tag":[],"class_list":{"0":"post-247390","1":"product","2":"type-product","3":"status-publish","4":"has-post-thumbnail","6":"pwb-brand-iflight","7":"product_cat-droni-fpv","8":"product_cat-rtf-montato","10":"first","11":"instock","12":"taxable","13":"shipping-taxable","14":"purchasable","15":"product-type-variable"},"barcode":null,"atum_controlled":true,"out_stock_date":null,"out_stock_threshold":null,"inheritable":true,"stock_on_hold":0,"sold_today":0,"sales_last_days":1,"out_stock_days":null,"lost_sales":0,"update_date":"2026-04-18T09:21:43","atum_locations":[],"atum_stock_status":"instock","restock_status":false,"low_stock_amount":"","sales_update_date":"2026-04-18T09:21:43","calc_backorders":null,"yoast_head":"<!-- This site is optimized with the Yoast SEO plugin v27.3 - https:\/\/yoast.com\/product\/yoast-seo-wordpress\/ -->\n<title>Nazgul DC5 ECO 6S O3 HD - Iha Race<\/title>\n<meta name=\"robots\" content=\"index, follow, max-snippet:-1, max-image-preview:large, max-video-preview:-1\" \/>\n<link rel=\"canonical\" href=\"https:\/\/iha-race.com\/it\/prodotto\/nazgul-dc5-eco-6s-o3-hd-gps\/\" \/>\n<meta property=\"og:locale\" content=\"it_IT\" \/>\n<meta property=\"og:type\" content=\"article\" \/>\n<meta property=\"og:title\" content=\"Nazgul DC5 ECO 6S O3 HD - Iha Race\" \/>\n<meta property=\"og:description\" content=\"SPEDIZIONE ENTRO 7-10 GIORNI DALL&#039;ACQUISTOIL MODELLO ELRS 2.4 GHZ \u00c8 DISPONIBILE IN MAGAZZINO 24 ORE SU 24\" \/>\n<meta property=\"og:url\" content=\"https:\/\/iha-race.com\/it\/prodotto\/nazgul-dc5-eco-6s-o3-hd-gps\/\" \/>\n<meta property=\"og:site_name\" content=\"Iha Race\" \/>\n<meta property=\"article:modified_time\" content=\"2025-07-06T09:45:09+00:00\" \/>\n<meta property=\"og:image\" content=\"https:\/\/iha-race.com\/wp-content\/uploads\/2024\/06\/Nazgul-DC5-ECO-6S-O3-HD-GPS.png\" \/>\n\t<meta property=\"og:image:width\" content=\"1000\" \/>\n\t<meta property=\"og:image:height\" content=\"1000\" \/>\n\t<meta property=\"og:image:type\" content=\"image\/png\" \/>\n<meta name=\"twitter:card\" content=\"summary_large_image\" \/>\n<meta name=\"twitter:label1\" content=\"Tempo di lettura stimato\" \/>\n\t<meta name=\"twitter:data1\" content=\"3 minuti\" \/>\n<script type=\"application\/ld+json\" class=\"yoast-schema-graph\">{\"@context\":\"https:\\\/\\\/schema.org\",\"@graph\":[{\"@type\":\"WebPage\",\"@id\":\"https:\\\/\\\/iha-race.com\\\/it\\\/prodotto\\\/nazgul-dc5-eco-6s-o3-hd-gps\\\/\",\"url\":\"https:\\\/\\\/iha-race.com\\\/it\\\/prodotto\\\/nazgul-dc5-eco-6s-o3-hd-gps\\\/\",\"name\":\"Nazgul DC5 ECO 6S O3 HD - Iha Race\",\"isPartOf\":{\"@id\":\"https:\\\/\\\/iha-race.com\\\/it\\\/#website\"},\"primaryImageOfPage\":{\"@id\":\"https:\\\/\\\/iha-race.com\\\/it\\\/prodotto\\\/nazgul-dc5-eco-6s-o3-hd-gps\\\/#primaryimage\"},\"image\":{\"@id\":\"https:\\\/\\\/iha-race.com\\\/it\\\/prodotto\\\/nazgul-dc5-eco-6s-o3-hd-gps\\\/#primaryimage\"},\"thumbnailUrl\":\"https:\\\/\\\/iha-race.com\\\/wp-content\\\/uploads\\\/2024\\\/06\\\/Nazgul-DC5-ECO-O4-6S-HD.png\",\"datePublished\":\"2024-06-30T10:45:36+00:00\",\"dateModified\":\"2025-07-06T09:45:09+00:00\",\"breadcrumb\":{\"@id\":\"https:\\\/\\\/iha-race.com\\\/it\\\/prodotto\\\/nazgul-dc5-eco-6s-o3-hd-gps\\\/#breadcrumb\"},\"inLanguage\":\"it-IT\",\"potentialAction\":[{\"@type\":\"ReadAction\",\"target\":[\"https:\\\/\\\/iha-race.com\\\/it\\\/prodotto\\\/nazgul-dc5-eco-6s-o3-hd-gps\\\/\"]}]},{\"@type\":\"ImageObject\",\"inLanguage\":\"it-IT\",\"@id\":\"https:\\\/\\\/iha-race.com\\\/it\\\/prodotto\\\/nazgul-dc5-eco-6s-o3-hd-gps\\\/#primaryimage\",\"url\":\"https:\\\/\\\/iha-race.com\\\/wp-content\\\/uploads\\\/2024\\\/06\\\/Nazgul-DC5-ECO-O4-6S-HD.png\",\"contentUrl\":\"https:\\\/\\\/iha-race.com\\\/wp-content\\\/uploads\\\/2024\\\/06\\\/Nazgul-DC5-ECO-O4-6S-HD.png\",\"width\":1000,\"height\":1000,\"caption\":\"Comprar Nazgul DC5 ECO O4 6S HD\"},{\"@type\":\"BreadcrumbList\",\"@id\":\"https:\\\/\\\/iha-race.com\\\/it\\\/prodotto\\\/nazgul-dc5-eco-6s-o3-hd-gps\\\/#breadcrumb\",\"itemListElement\":[{\"@type\":\"ListItem\",\"position\":1,\"name\":\"Portada\",\"item\":\"https:\\\/\\\/iha-race.com\\\/it\\\/\"},{\"@type\":\"ListItem\",\"position\":2,\"name\":\"Negozio\",\"item\":\"https:\\\/\\\/iha-race.com\\\/it\\\/negozio\\\/\"},{\"@type\":\"ListItem\",\"position\":3,\"name\":\"Nazgul DC5 ECO 6S O3 HD\"}]},{\"@type\":\"WebSite\",\"@id\":\"https:\\\/\\\/iha-race.com\\\/it\\\/#website\",\"url\":\"https:\\\/\\\/iha-race.com\\\/it\\\/\",\"name\":\"Iha Race\",\"description\":\"Comprar drones de carreras FPV env\u00edos en un d\u00eda desde Espa\u00f1a\",\"publisher\":{\"@id\":\"https:\\\/\\\/iha-race.com\\\/it\\\/#organization\"},\"potentialAction\":[{\"@type\":\"SearchAction\",\"target\":{\"@type\":\"EntryPoint\",\"urlTemplate\":\"https:\\\/\\\/iha-race.com\\\/it\\\/?s={search_term_string}\"},\"query-input\":{\"@type\":\"PropertyValueSpecification\",\"valueRequired\":true,\"valueName\":\"search_term_string\"}}],\"inLanguage\":\"it-IT\"},{\"@type\":\"Organization\",\"@id\":\"https:\\\/\\\/iha-race.com\\\/it\\\/#organization\",\"name\":\"Iha Race\",\"url\":\"https:\\\/\\\/iha-race.com\\\/it\\\/\",\"logo\":{\"@type\":\"ImageObject\",\"inLanguage\":\"it-IT\",\"@id\":\"https:\\\/\\\/iha-race.com\\\/it\\\/#\\\/schema\\\/logo\\\/image\\\/\",\"url\":\"https:\\\/\\\/iha-race.com\\\/wp-content\\\/uploads\\\/2018\\\/07\\\/iha-race-drones-de-carreras-tienda-comprar-drones.png\",\"contentUrl\":\"https:\\\/\\\/iha-race.com\\\/wp-content\\\/uploads\\\/2018\\\/07\\\/iha-race-drones-de-carreras-tienda-comprar-drones.png\",\"width\":300,\"height\":100,\"caption\":\"Iha Race\"},\"image\":{\"@id\":\"https:\\\/\\\/iha-race.com\\\/it\\\/#\\\/schema\\\/logo\\\/image\\\/\"}}]}<\/script>\n<!-- \/ Yoast SEO plugin. -->","yoast_head_json":{"title":"Nazgul DC5 ECO 6S O3 HD - Iha Race","robots":{"index":"index","follow":"follow","max-snippet":"max-snippet:-1","max-image-preview":"max-image-preview:large","max-video-preview":"max-video-preview:-1"},"canonical":"https:\/\/iha-race.com\/it\/prodotto\/nazgul-dc5-eco-6s-o3-hd-gps\/","og_locale":"it_IT","og_type":"article","og_title":"Nazgul DC5 ECO 6S O3 HD - Iha Race","og_description":"SPEDIZIONE ENTRO 7-10 GIORNI DALL'ACQUISTOIL MODELLO ELRS 2.4 GHZ \u00c8 DISPONIBILE IN MAGAZZINO 24 ORE SU 24","og_url":"https:\/\/iha-race.com\/it\/prodotto\/nazgul-dc5-eco-6s-o3-hd-gps\/","og_site_name":"Iha Race","article_modified_time":"2025-07-06T09:45:09+00:00","og_image":[{"width":1000,"height":1000,"url":"https:\/\/iha-race.com\/wp-content\/uploads\/2024\/06\/Nazgul-DC5-ECO-6S-O3-HD-GPS.png","type":"image\/png"}],"twitter_card":"summary_large_image","twitter_misc":{"Tempo di lettura stimato":"3 minuti"},"schema":{"@context":"https:\/\/schema.org","@graph":[{"@type":"WebPage","@id":"https:\/\/iha-race.com\/it\/prodotto\/nazgul-dc5-eco-6s-o3-hd-gps\/","url":"https:\/\/iha-race.com\/it\/prodotto\/nazgul-dc5-eco-6s-o3-hd-gps\/","name":"Nazgul DC5 ECO 6S O3 HD - Iha Race","isPartOf":{"@id":"https:\/\/iha-race.com\/it\/#website"},"primaryImageOfPage":{"@id":"https:\/\/iha-race.com\/it\/prodotto\/nazgul-dc5-eco-6s-o3-hd-gps\/#primaryimage"},"image":{"@id":"https:\/\/iha-race.com\/it\/prodotto\/nazgul-dc5-eco-6s-o3-hd-gps\/#primaryimage"},"thumbnailUrl":"https:\/\/iha-race.com\/wp-content\/uploads\/2024\/06\/Nazgul-DC5-ECO-O4-6S-HD.png","datePublished":"2024-06-30T10:45:36+00:00","dateModified":"2025-07-06T09:45:09+00:00","breadcrumb":{"@id":"https:\/\/iha-race.com\/it\/prodotto\/nazgul-dc5-eco-6s-o3-hd-gps\/#breadcrumb"},"inLanguage":"it-IT","potentialAction":[{"@type":"ReadAction","target":["https:\/\/iha-race.com\/it\/prodotto\/nazgul-dc5-eco-6s-o3-hd-gps\/"]}]},{"@type":"ImageObject","inLanguage":"it-IT","@id":"https:\/\/iha-race.com\/it\/prodotto\/nazgul-dc5-eco-6s-o3-hd-gps\/#primaryimage","url":"https:\/\/iha-race.com\/wp-content\/uploads\/2024\/06\/Nazgul-DC5-ECO-O4-6S-HD.png","contentUrl":"https:\/\/iha-race.com\/wp-content\/uploads\/2024\/06\/Nazgul-DC5-ECO-O4-6S-HD.png","width":1000,"height":1000,"caption":"Comprar Nazgul DC5 ECO O4 6S HD"},{"@type":"BreadcrumbList","@id":"https:\/\/iha-race.com\/it\/prodotto\/nazgul-dc5-eco-6s-o3-hd-gps\/#breadcrumb","itemListElement":[{"@type":"ListItem","position":1,"name":"Portada","item":"https:\/\/iha-race.com\/it\/"},{"@type":"ListItem","position":2,"name":"Negozio","item":"https:\/\/iha-race.com\/it\/negozio\/"},{"@type":"ListItem","position":3,"name":"Nazgul DC5 ECO 6S O3 HD"}]},{"@type":"WebSite","@id":"https:\/\/iha-race.com\/it\/#website","url":"https:\/\/iha-race.com\/it\/","name":"Iha Race","description":"Comprar drones de carreras FPV env\u00edos en un d\u00eda desde Espa\u00f1a","publisher":{"@id":"https:\/\/iha-race.com\/it\/#organization"},"potentialAction":[{"@type":"SearchAction","target":{"@type":"EntryPoint","urlTemplate":"https:\/\/iha-race.com\/it\/?s={search_term_string}"},"query-input":{"@type":"PropertyValueSpecification","valueRequired":true,"valueName":"search_term_string"}}],"inLanguage":"it-IT"},{"@type":"Organization","@id":"https:\/\/iha-race.com\/it\/#organization","name":"Iha Race","url":"https:\/\/iha-race.com\/it\/","logo":{"@type":"ImageObject","inLanguage":"it-IT","@id":"https:\/\/iha-race.com\/it\/#\/schema\/logo\/image\/","url":"https:\/\/iha-race.com\/wp-content\/uploads\/2018\/07\/iha-race-drones-de-carreras-tienda-comprar-drones.png","contentUrl":"https:\/\/iha-race.com\/wp-content\/uploads\/2018\/07\/iha-race-drones-de-carreras-tienda-comprar-drones.png","width":300,"height":100,"caption":"Iha Race"},"image":{"@id":"https:\/\/iha-race.com\/it\/#\/schema\/logo\/image\/"}}]}},"jetpack_sharing_enabled":true,"brands":[{"id":3571,"name":"iFlight","slug":"iflight"}],"_links":{"self":[{"href":"https:\/\/iha-race.com\/it\/wp-json\/wp\/v2\/product\/247390","targetHints":{"allow":["GET"]}}],"collection":[{"href":"https:\/\/iha-race.com\/it\/wp-json\/wp\/v2\/product"}],"about":[{"href":"https:\/\/iha-race.com\/it\/wp-json\/wp\/v2\/types\/product"}],"replies":[{"embeddable":true,"href":"https:\/\/iha-race.com\/it\/wp-json\/wp\/v2\/comments?post=247390"}],"version-history":[{"count":4,"href":"https:\/\/iha-race.com\/it\/wp-json\/wp\/v2\/product\/247390\/revisions"}],"predecessor-version":[{"id":251346,"href":"https:\/\/iha-race.com\/it\/wp-json\/wp\/v2\/product\/247390\/revisions\/251346"}],"wp:featuredmedia":[{"embeddable":true,"href":"https:\/\/iha-race.com\/it\/wp-json\/wp\/v2\/media\/254146"}],"wp:attachment":[{"href":"https:\/\/iha-race.com\/it\/wp-json\/wp\/v2\/media?parent=247390"}],"wp:term":[{"taxonomy":"pwb-brand","embeddable":true,"href":"https:\/\/iha-race.com\/it\/wp-json\/wp\/v2\/pwb-brand?post=247390"},{"taxonomy":"product_cat","embeddable":true,"href":"https:\/\/iha-race.com\/it\/wp-json\/wp\/v2\/product_cat?post=247390"},{"taxonomy":"product_tag","embeddable":true,"href":"https:\/\/iha-race.com\/it\/wp-json\/wp\/v2\/product_tag?post=247390"}],"curies":[{"name":"wp","href":"https:\/\/api.w.org\/{rel}","templated":true}]}}