{"id":247320,"date":"2024-06-27T10:22:04","date_gmt":"2024-06-27T08:22:04","guid":{"rendered":"https:\/\/iha-race.com\/producto\/ricevitore-iflight-expresslrs-elrs-500mw\/"},"modified":"2024-11-21T09:43:55","modified_gmt":"2024-11-21T08:43:55","slug":"ricevitore-iflight-expresslrs-elrs-500mw","status":"publish","type":"product","link":"https:\/\/iha-race.com\/it\/prodotto\/ricevitore-iflight-expresslrs-elrs-500mw\/","title":{"rendered":"Ricevitore iFlight ExpressLRS ELRS 500mW"},"content":{"rendered":"<h2>Ricevitore iFlight ExpressLRS ELRS 500mW<\/h2>\n<p>&nbsp;<\/p>\n<div class=\"temp-specs-tr\">\n<h3 class=\"temp-specs-td name\">Descrizione<\/h3>\n<div class=\"temp-specs-td value\">\n<p>\u00c8 ora disponibile una nuova versione del ricevitore iFlight ELRS. Incorpora un oscillatore a cristallo compensato in temperatura per evitare le variazioni di frequenza causate dalle variazioni di temperatura, con una potenza di telemetria che raggiunge i 500 mW. Soddisfa i requisiti di affidabilit\u00e0 per i voli a lungo raggio, la fotografia aerea o le manovre FPV freestyle.<\/p>\n<\/div>\n<\/div>\n<div class=\"temp-specs-tr\">\n<h3 class=\"temp-specs-td name\">Caratteristiche<\/h3>\n<div class=\"temp-specs-td value\">\n<p>Componenti elettronici su un solo lato, per risparmiare spazio di montaggio Piastra di dissipazione del calore in alluminio per proteggere i componenti elettronici e migliorare la capacit\u00e0 anti-interferenza Oscillatore a cristallo con compensazione della temperatura di nuova concezione, perdita di pacchetti pi\u00f9 bassa, stabilit\u00e0 di frequenza elevata Connettore SH1.<\/p>\n<p>0 (Plug&amp;Play per una facile installazione con iFlight FC) Potenza telemetrica fino a 500 mW, che genera segnali telemetrici pi\u00f9 forti e riduce significativamente i casi di perdita telemetrica.<\/p>\n<\/div>\n<\/div>\n<div class=\"temp-specs-tr\">\n<div class=\"temp-specs-td name\">Prestazioni e compatibilit\u00e0<\/div>\n<div class=\"temp-specs-td value\">\n<p>Assicurati di installare l&#8217;antenna lontano da componenti conduttivi o magnetici (carbone, metallo, motori).<\/p>\n<p>Aggiorna il firmware pi\u00f9 recente e segui la Community ELRS per aggiornamenti, tutorial o contributi.<\/p>\n<p>Usa i ricevitori iFlight ELRS abbinati al nostro trasmettitore per ottenere le massime prestazioni. Abbiamo probabilmente raggiunto la migliore stabilit\u00e0 di frequenza del cristallo sul mercato con una deviazione di frequenza molto bassa. Per maggiori informazioni consulta questo articolo <a href=\"https:\/\/github.com\/ExpressLRS\/ExpressLRS\/wiki\/Crystal-Oscillator-(XO)-Frequency-Error\">https:\/\/github.com\/ExpressLRS\/ExpressLRS\/wiki\/Crystal-Oscillator-(XO)-Frequency-Error<\/a><\/p>\n<\/div>\n<\/div>\n<div class=\"temp-specs-tr\">\n<h3 class=\"temp-specs-td name\">Opzione banda<\/h3>\n<div class=\"temp-specs-td value\">\n<p>Entrambe le bande 900 MHz e 2400 MHz hanno prestazioni eccezionali e capacit\u00e0 di lunga portata. Se non sei sicuro di cosa acquistare, dai un&#8217;occhiata al concorso ufficiale ELRS Long Range Competition per vedere i risultati ottenuti. https:\/\/www.expresslrs.org\/2.0\/info\/long-range\/<\/p>\n<p data-sider-select-id=\"ab1b8e5c-bf52-48f0-8295-0febd5ca519f\">Cosa puoi aspettarti? A causa delle normative locali, la regione FCC 900 MHz sembra avere prestazioni migliori rispetto alla regione UE 868 MHz. La banda a 2400 MHz funziona molto bene in qualsiasi regione e ha una frequenza di pacchetti pi\u00f9 alta, fino a 500 Hz. Non si tratta di un protocollo comune a 2400 MHz e non pu\u00f2 essere paragonato a nulla di precedente sul mercato.<\/p>\n<\/div>\n<\/div>\n<div class=\"temp-specs-tr\">\n<h3 class=\"temp-specs-td name\">Specifiche tecniche<\/h3>\n<div class=\"temp-specs-td value\">\n<p>MCU: ESP8285<\/p>\n<p>Tipo di ricevitore: Antenna singola<\/p>\n<p data-sider-select-id=\"c0bce9d0-7cb3-466b-a1c3-1d757c621156\">Firmware: iFlight 900 MHz 500 mW RX (868 MHz\/900 MHz)<\/p>\n<p data-sider-select-id=\"c0bce9d0-7cb3-466b-a1c3-1d757c621156\">  Ricevitore iFlight 2,4 GHz 500 mW (2,4 G)<\/p>\n<p data-sider-select-id=\"c0bce9d0-7cb3-466b-a1c3-1d757c621156\"><span class=\"VIpgJd-yAWNEb-VIpgJd-fmcmS-sn54Q\">Script Lua: iF 900 500 mW RX (868 MHz\/900 MHz) \/ iF 2G4 500 mW RX (2,4 G)<\/span><\/p>\n<p data-sider-select-id=\"9ef9c2a7-563a-47df-aa3a-a5f66fc83220\">Bande di frequenza: 868 MHz EU\/900 MHz FCC e 2,4 GHz ISM<\/p>\n<p data-sider-select-id=\"390da907-30f6-4717-ba4b-0aeb8721bcac\">Potenza di telemetria: 100-500 mW (20-27 dBm) (868\/900 MHz)<\/p>\n<p>  50-500 mW (17-27 dBm) (2,4 G)<\/p>\n<p>Dimensioni: 14 x 25 x 4,3 mm<\/p>\n<p>Protocollo: CRSF<\/p>\n<p data-sider-select-id=\"9e079e45-c29b-4033-861d-f4200bcf9713\">LNA: N\/A (868\/900 MHz) \/ S\u00cc (2,4 G)<\/p>\n<p>Peso: 1,8 g<\/p>\n<\/div>\n<\/div>\n<div class=\"temp-specs-tr\">\n<h3 class=\"temp-specs-td name\">Elenco degli imballaggi<\/h3>\n<div class=\"temp-specs-td value\">\n<p>1 ricevitore ExpressLRS da 500 mW 1 antenna<\/p>\n<\/div>\n<\/div>\n","protected":false},"excerpt":{"rendered":"<p>Ricevitore iFlight ExpressLRS ELRS 500mW &nbsp; Descrizione \u00c8 ora disponibile una nuova versione del ricevitore iFlight ELRS. Incorpora un oscillatore a cristallo compensato in temperatura per evitare le variazioni di<\/p>\n","protected":false},"featured_media":247292,"comment_status":"open","ping_status":"closed","template":"","meta":{"_joinchat":[]},"pwb-brand":[],"product_cat":[58,2436],"product_tag":[],"class_list":{"0":"post-247320","1":"product","2":"type-product","3":"status-publish","4":"has-post-thumbnail","6":"product_cat-emisoras","7":"product_cat-receptores-rx","9":"first","10":"instock","11":"taxable","12":"shipping-taxable","13":"purchasable","14":"product-type-variable"},"barcode":null,"atum_controlled":true,"out_stock_date":null,"out_stock_threshold":null,"inheritable":true,"stock_on_hold":0,"sold_today":0,"sales_last_days":1,"out_stock_days":null,"lost_sales":0,"update_date":"2026-04-18T09:21:43","atum_locations":[],"atum_stock_status":"instock","restock_status":false,"low_stock_amount":"","sales_update_date":"2026-04-18T09:21:43","calc_backorders":null,"yoast_head":"<!-- This site is optimized with the Yoast SEO plugin v27.3 - https:\/\/yoast.com\/product\/yoast-seo-wordpress\/ -->\n<title>Ricevitore iFlight ExpressLRS ELRS 500mW - Iha Race<\/title>\n<meta name=\"robots\" content=\"index, follow, max-snippet:-1, max-image-preview:large, max-video-preview:-1\" \/>\n<link rel=\"canonical\" href=\"https:\/\/iha-race.com\/it\/prodotto\/ricevitore-iflight-expresslrs-elrs-500mw\/\" \/>\n<meta property=\"og:locale\" content=\"it_IT\" \/>\n<meta property=\"og:type\" content=\"article\" \/>\n<meta property=\"og:title\" content=\"Ricevitore iFlight ExpressLRS ELRS 500mW - Iha Race\" \/>\n<meta property=\"og:description\" content=\"Ricevitore iFlight ExpressLRS ELRS 500mW &nbsp; Descrizione \u00c8 ora disponibile una nuova versione del ricevitore iFlight ELRS. Incorpora un oscillatore a cristallo compensato in temperatura per evitare le variazioni di\" \/>\n<meta property=\"og:url\" content=\"https:\/\/iha-race.com\/it\/prodotto\/ricevitore-iflight-expresslrs-elrs-500mw\/\" \/>\n<meta property=\"og:site_name\" content=\"Iha Race\" \/>\n<meta property=\"article:modified_time\" content=\"2024-11-21T08:43:55+00:00\" \/>\n<meta property=\"og:image\" content=\"https:\/\/iha-race.com\/wp-content\/uploads\/2024\/06\/Receptor-iFlight-ExpressLRS-ELRS-500mW-3.png\" \/>\n\t<meta property=\"og:image:width\" content=\"1000\" \/>\n\t<meta property=\"og:image:height\" content=\"1000\" \/>\n\t<meta property=\"og:image:type\" content=\"image\/png\" \/>\n<meta name=\"twitter:card\" content=\"summary_large_image\" \/>\n<meta name=\"twitter:label1\" content=\"Tempo di lettura stimato\" \/>\n\t<meta name=\"twitter:data1\" content=\"2 minuti\" \/>\n<script type=\"application\/ld+json\" class=\"yoast-schema-graph\">{\"@context\":\"https:\\\/\\\/schema.org\",\"@graph\":[{\"@type\":\"WebPage\",\"@id\":\"https:\\\/\\\/iha-race.com\\\/it\\\/prodotto\\\/ricevitore-iflight-expresslrs-elrs-500mw\\\/\",\"url\":\"https:\\\/\\\/iha-race.com\\\/it\\\/prodotto\\\/ricevitore-iflight-expresslrs-elrs-500mw\\\/\",\"name\":\"Ricevitore iFlight ExpressLRS ELRS 500mW - Iha Race\",\"isPartOf\":{\"@id\":\"https:\\\/\\\/iha-race.com\\\/it\\\/#website\"},\"primaryImageOfPage\":{\"@id\":\"https:\\\/\\\/iha-race.com\\\/it\\\/prodotto\\\/ricevitore-iflight-expresslrs-elrs-500mw\\\/#primaryimage\"},\"image\":{\"@id\":\"https:\\\/\\\/iha-race.com\\\/it\\\/prodotto\\\/ricevitore-iflight-expresslrs-elrs-500mw\\\/#primaryimage\"},\"thumbnailUrl\":\"https:\\\/\\\/iha-race.com\\\/wp-content\\\/uploads\\\/2024\\\/06\\\/Receptor-iFlight-ExpressLRS-ELRS-500mW-3.png\",\"datePublished\":\"2024-06-27T08:22:04+00:00\",\"dateModified\":\"2024-11-21T08:43:55+00:00\",\"breadcrumb\":{\"@id\":\"https:\\\/\\\/iha-race.com\\\/it\\\/prodotto\\\/ricevitore-iflight-expresslrs-elrs-500mw\\\/#breadcrumb\"},\"inLanguage\":\"it-IT\",\"potentialAction\":[{\"@type\":\"ReadAction\",\"target\":[\"https:\\\/\\\/iha-race.com\\\/it\\\/prodotto\\\/ricevitore-iflight-expresslrs-elrs-500mw\\\/\"]}]},{\"@type\":\"ImageObject\",\"inLanguage\":\"it-IT\",\"@id\":\"https:\\\/\\\/iha-race.com\\\/it\\\/prodotto\\\/ricevitore-iflight-expresslrs-elrs-500mw\\\/#primaryimage\",\"url\":\"https:\\\/\\\/iha-race.com\\\/wp-content\\\/uploads\\\/2024\\\/06\\\/Receptor-iFlight-ExpressLRS-ELRS-500mW-3.png\",\"contentUrl\":\"https:\\\/\\\/iha-race.com\\\/wp-content\\\/uploads\\\/2024\\\/06\\\/Receptor-iFlight-ExpressLRS-ELRS-500mW-3.png\",\"width\":1000,\"height\":1000,\"caption\":\"Comprar Receptor iFlight ExpressLRS ELRS 500mW\"},{\"@type\":\"BreadcrumbList\",\"@id\":\"https:\\\/\\\/iha-race.com\\\/it\\\/prodotto\\\/ricevitore-iflight-expresslrs-elrs-500mw\\\/#breadcrumb\",\"itemListElement\":[{\"@type\":\"ListItem\",\"position\":1,\"name\":\"Portada\",\"item\":\"https:\\\/\\\/iha-race.com\\\/it\\\/\"},{\"@type\":\"ListItem\",\"position\":2,\"name\":\"Negozio\",\"item\":\"https:\\\/\\\/iha-race.com\\\/it\\\/negozio\\\/\"},{\"@type\":\"ListItem\",\"position\":3,\"name\":\"Ricevitore iFlight ExpressLRS ELRS 500mW\"}]},{\"@type\":\"WebSite\",\"@id\":\"https:\\\/\\\/iha-race.com\\\/it\\\/#website\",\"url\":\"https:\\\/\\\/iha-race.com\\\/it\\\/\",\"name\":\"Iha Race\",\"description\":\"Comprar drones de carreras FPV env\u00edos en un d\u00eda desde Espa\u00f1a\",\"publisher\":{\"@id\":\"https:\\\/\\\/iha-race.com\\\/it\\\/#organization\"},\"potentialAction\":[{\"@type\":\"SearchAction\",\"target\":{\"@type\":\"EntryPoint\",\"urlTemplate\":\"https:\\\/\\\/iha-race.com\\\/it\\\/?s={search_term_string}\"},\"query-input\":{\"@type\":\"PropertyValueSpecification\",\"valueRequired\":true,\"valueName\":\"search_term_string\"}}],\"inLanguage\":\"it-IT\"},{\"@type\":\"Organization\",\"@id\":\"https:\\\/\\\/iha-race.com\\\/it\\\/#organization\",\"name\":\"Iha Race\",\"url\":\"https:\\\/\\\/iha-race.com\\\/it\\\/\",\"logo\":{\"@type\":\"ImageObject\",\"inLanguage\":\"it-IT\",\"@id\":\"https:\\\/\\\/iha-race.com\\\/it\\\/#\\\/schema\\\/logo\\\/image\\\/\",\"url\":\"https:\\\/\\\/iha-race.com\\\/wp-content\\\/uploads\\\/2018\\\/07\\\/iha-race-drones-de-carreras-tienda-comprar-drones.png\",\"contentUrl\":\"https:\\\/\\\/iha-race.com\\\/wp-content\\\/uploads\\\/2018\\\/07\\\/iha-race-drones-de-carreras-tienda-comprar-drones.png\",\"width\":300,\"height\":100,\"caption\":\"Iha Race\"},\"image\":{\"@id\":\"https:\\\/\\\/iha-race.com\\\/it\\\/#\\\/schema\\\/logo\\\/image\\\/\"}}]}<\/script>\n<!-- \/ Yoast SEO plugin. -->","yoast_head_json":{"title":"Ricevitore iFlight ExpressLRS ELRS 500mW - Iha Race","robots":{"index":"index","follow":"follow","max-snippet":"max-snippet:-1","max-image-preview":"max-image-preview:large","max-video-preview":"max-video-preview:-1"},"canonical":"https:\/\/iha-race.com\/it\/prodotto\/ricevitore-iflight-expresslrs-elrs-500mw\/","og_locale":"it_IT","og_type":"article","og_title":"Ricevitore iFlight ExpressLRS ELRS 500mW - Iha Race","og_description":"Ricevitore iFlight ExpressLRS ELRS 500mW &nbsp; Descrizione \u00c8 ora disponibile una nuova versione del ricevitore iFlight ELRS. Incorpora un oscillatore a cristallo compensato in temperatura per evitare le variazioni di","og_url":"https:\/\/iha-race.com\/it\/prodotto\/ricevitore-iflight-expresslrs-elrs-500mw\/","og_site_name":"Iha Race","article_modified_time":"2024-11-21T08:43:55+00:00","og_image":[{"width":1000,"height":1000,"url":"https:\/\/iha-race.com\/wp-content\/uploads\/2024\/06\/Receptor-iFlight-ExpressLRS-ELRS-500mW-3.png","type":"image\/png"}],"twitter_card":"summary_large_image","twitter_misc":{"Tempo di lettura stimato":"2 minuti"},"schema":{"@context":"https:\/\/schema.org","@graph":[{"@type":"WebPage","@id":"https:\/\/iha-race.com\/it\/prodotto\/ricevitore-iflight-expresslrs-elrs-500mw\/","url":"https:\/\/iha-race.com\/it\/prodotto\/ricevitore-iflight-expresslrs-elrs-500mw\/","name":"Ricevitore iFlight ExpressLRS ELRS 500mW - Iha Race","isPartOf":{"@id":"https:\/\/iha-race.com\/it\/#website"},"primaryImageOfPage":{"@id":"https:\/\/iha-race.com\/it\/prodotto\/ricevitore-iflight-expresslrs-elrs-500mw\/#primaryimage"},"image":{"@id":"https:\/\/iha-race.com\/it\/prodotto\/ricevitore-iflight-expresslrs-elrs-500mw\/#primaryimage"},"thumbnailUrl":"https:\/\/iha-race.com\/wp-content\/uploads\/2024\/06\/Receptor-iFlight-ExpressLRS-ELRS-500mW-3.png","datePublished":"2024-06-27T08:22:04+00:00","dateModified":"2024-11-21T08:43:55+00:00","breadcrumb":{"@id":"https:\/\/iha-race.com\/it\/prodotto\/ricevitore-iflight-expresslrs-elrs-500mw\/#breadcrumb"},"inLanguage":"it-IT","potentialAction":[{"@type":"ReadAction","target":["https:\/\/iha-race.com\/it\/prodotto\/ricevitore-iflight-expresslrs-elrs-500mw\/"]}]},{"@type":"ImageObject","inLanguage":"it-IT","@id":"https:\/\/iha-race.com\/it\/prodotto\/ricevitore-iflight-expresslrs-elrs-500mw\/#primaryimage","url":"https:\/\/iha-race.com\/wp-content\/uploads\/2024\/06\/Receptor-iFlight-ExpressLRS-ELRS-500mW-3.png","contentUrl":"https:\/\/iha-race.com\/wp-content\/uploads\/2024\/06\/Receptor-iFlight-ExpressLRS-ELRS-500mW-3.png","width":1000,"height":1000,"caption":"Comprar Receptor iFlight ExpressLRS ELRS 500mW"},{"@type":"BreadcrumbList","@id":"https:\/\/iha-race.com\/it\/prodotto\/ricevitore-iflight-expresslrs-elrs-500mw\/#breadcrumb","itemListElement":[{"@type":"ListItem","position":1,"name":"Portada","item":"https:\/\/iha-race.com\/it\/"},{"@type":"ListItem","position":2,"name":"Negozio","item":"https:\/\/iha-race.com\/it\/negozio\/"},{"@type":"ListItem","position":3,"name":"Ricevitore iFlight ExpressLRS ELRS 500mW"}]},{"@type":"WebSite","@id":"https:\/\/iha-race.com\/it\/#website","url":"https:\/\/iha-race.com\/it\/","name":"Iha Race","description":"Comprar drones de carreras FPV env\u00edos en un d\u00eda desde Espa\u00f1a","publisher":{"@id":"https:\/\/iha-race.com\/it\/#organization"},"potentialAction":[{"@type":"SearchAction","target":{"@type":"EntryPoint","urlTemplate":"https:\/\/iha-race.com\/it\/?s={search_term_string}"},"query-input":{"@type":"PropertyValueSpecification","valueRequired":true,"valueName":"search_term_string"}}],"inLanguage":"it-IT"},{"@type":"Organization","@id":"https:\/\/iha-race.com\/it\/#organization","name":"Iha Race","url":"https:\/\/iha-race.com\/it\/","logo":{"@type":"ImageObject","inLanguage":"it-IT","@id":"https:\/\/iha-race.com\/it\/#\/schema\/logo\/image\/","url":"https:\/\/iha-race.com\/wp-content\/uploads\/2018\/07\/iha-race-drones-de-carreras-tienda-comprar-drones.png","contentUrl":"https:\/\/iha-race.com\/wp-content\/uploads\/2018\/07\/iha-race-drones-de-carreras-tienda-comprar-drones.png","width":300,"height":100,"caption":"Iha Race"},"image":{"@id":"https:\/\/iha-race.com\/it\/#\/schema\/logo\/image\/"}}]}},"jetpack_sharing_enabled":true,"brands":[],"_links":{"self":[{"href":"https:\/\/iha-race.com\/it\/wp-json\/wp\/v2\/product\/247320","targetHints":{"allow":["GET"]}}],"collection":[{"href":"https:\/\/iha-race.com\/it\/wp-json\/wp\/v2\/product"}],"about":[{"href":"https:\/\/iha-race.com\/it\/wp-json\/wp\/v2\/types\/product"}],"replies":[{"embeddable":true,"href":"https:\/\/iha-race.com\/it\/wp-json\/wp\/v2\/comments?post=247320"}],"version-history":[{"count":2,"href":"https:\/\/iha-race.com\/it\/wp-json\/wp\/v2\/product\/247320\/revisions"}],"predecessor-version":[{"id":252062,"href":"https:\/\/iha-race.com\/it\/wp-json\/wp\/v2\/product\/247320\/revisions\/252062"}],"wp:featuredmedia":[{"embeddable":true,"href":"https:\/\/iha-race.com\/it\/wp-json\/wp\/v2\/media\/247292"}],"wp:attachment":[{"href":"https:\/\/iha-race.com\/it\/wp-json\/wp\/v2\/media?parent=247320"}],"wp:term":[{"taxonomy":"pwb-brand","embeddable":true,"href":"https:\/\/iha-race.com\/it\/wp-json\/wp\/v2\/pwb-brand?post=247320"},{"taxonomy":"product_cat","embeddable":true,"href":"https:\/\/iha-race.com\/it\/wp-json\/wp\/v2\/product_cat?post=247320"},{"taxonomy":"product_tag","embeddable":true,"href":"https:\/\/iha-race.com\/it\/wp-json\/wp\/v2\/product_tag?post=247320"}],"curies":[{"name":"wp","href":"https:\/\/api.w.org\/{rel}","templated":true}]}}