{"id":246548,"date":"2024-05-15T19:05:39","date_gmt":"2024-05-15T17:05:39","guid":{"rendered":"https:\/\/iha-race.com\/producto\/caricabatterie-vifly-toothstor-4-porte-2s\/"},"modified":"2024-08-29T11:19:45","modified_gmt":"2024-08-29T09:19:45","slug":"caricabatterie-vifly-toothstor-4-porte-2s","status":"publish","type":"product","link":"https:\/\/iha-race.com\/it\/prodotto\/caricabatterie-vifly-toothstor-4-porte-2s\/","title":{"rendered":"Caricabatterie VIFLY ToothStor 4 porte 2S"},"content":{"rendered":"<h2>Caricabatterie VIFLY ToothStor 4 porte 2S<\/h2>\n<h2><strong><span>Caratteristiche:<\/span><\/strong><\/h2>\n<ul>\n<li><strong><span>Caricabatterie a 4 porte 2S Balance con modalit\u00e0 di stoccaggio<\/span><\/strong><span>  Pu\u00f2 bilanciare la carica di quattro batterie 2S contemporaneamente. Inoltre, grazie ai 4 canali di ricarica indipendenti, non \u00e8 necessario assicurarsi che le batterie abbiano tutte lo stesso voltaggio o la stessa dimensione. Oltre a caricare la batteria alla massima tensione, puoi caricarla o scaricarla alla tensione di stoccaggio per conservarla a lungo.  <\/span><span>.<\/span><\/li>\n<\/ul>\n<ul>\n<li><strong><span>Display LCD colorato, interfaccia intuitiva <\/span><\/strong><span>VIFLY ToothStor installa un display LCD di alta qualit\u00e0, lo stato di carica viene mostrato chiaramente e l&#8217;interfaccia intuitiva rende il funzionamento molto semplice.<\/span><\/li>\n<\/ul>\n<ul>\n<li><strong><span>Ricarica solo tramite il cavo di bilanciamento standard<\/span><\/strong><span> VIFLY ToothStor carica le batterie solo tramite il cavo di bilanciamento standard (JST-XH2.54), eliminando comodamente la necessit\u00e0 di collegare i cavi di alimentazione come XT30, T-plug, ecc.<\/span><\/li>\n<\/ul>\n<ul>\n<li><strong><span>Forte capacit\u00e0 di dissipazione del calore<\/span><\/strong><span>  La ventola e l&#8217;ampio dissipatore dissipano efficacemente il calore per evitare il surriscaldamento dell&#8217;unit\u00e0. Questo migliora notevolmente l&#8217;efficienza e la velocit\u00e0 del download.<\/span><\/li>\n<\/ul>\n<ul>\n<li><strong><span>Ingresso di potenza multiplo  <\/span><\/strong><span>Supporta l&#8217;alimentazione di tipo C, XT60 e DC. Il tipo C supporta il protocollo PD3.0 che richiede una potenza in ingresso superiore a 65W.<\/span><\/li>\n<\/ul>\n<ul>\n<li><strong><span>Funzione di memoria <\/span><\/strong><span>VIFLY ToothStor ha la funzione di memoria per ricordare l&#8217;ultima impostazione, non c&#8217;\u00e8 bisogno di impostare la corrente di carica ogni volta che lo accendi.<\/span><\/li>\n<\/ul>\n<ul>\n<li><strong><span>Indicazione del cicalino: <\/span><\/strong><span>VIFLY ToothStor ha aggiunto un cicalino che suona quando termina un ciclo di ricarica; se non ti piace il bip, puoi spegnere il cicalino manualmente.<\/span><\/li>\n<\/ul>\n<h2><strong><span>Specifiche:<\/span><\/strong><\/h2>\n<div class=\"rte__table-wrapper\">\n<table style=\"width: 715px; height: 486px;\">\n<tbody>\n<tr style=\"height: 55px;\">\n<td style=\"width: 190.525px; height: 55px;\"><span>Dimensioni<\/span><\/td>\n<td style=\"width: 312.875px; height: 55px;\"><span>109*56*30mm<\/span><\/td>\n<\/tr>\n<tr style=\"height: 19px;\">\n<td style=\"width: 190.525px; height: 19px;\"><span>Peso<\/span><\/td>\n<td style=\"width: 312.875px; height: 19px;\"><span>142g<\/span><\/td>\n<\/tr>\n<tr style=\"height: 5px;\">\n<td style=\"width: 190.525px; height: 5px;\"><span>Connettore di ingresso<\/span><\/td>\n<td style=\"width: 312.875px; height: 5px;\"><span>XT60, DC (5,5*2,1 mm), USB-C (PD3.0)<\/span><\/td>\n<\/tr>\n<tr style=\"height: 19px;\">\n<td style=\"width: 190.525px; height: 19px;\"><span>Intervallo di tensione d&#8217;ingresso<\/span><\/td>\n<td style=\"width: 312.875px; height: 19px;\"><span>10V-26V <\/span><\/td>\n<\/tr>\n<tr style=\"height: 19px;\">\n<td style=\"width: 190.525px; height: 19px;\"><span>Potenza minima in ingresso<\/span><\/td>\n<td style=\"width: 312.875px; height: 19px;\"><span>65W<\/span><\/td>\n<\/tr>\n<tr style=\"height: 19px;\">\n<td style=\"width: 190.525px; height: 19px;\"><span>Corrente di carico massima<\/span><\/td>\n<td style=\"width: 312.875px; height: 19px;\"><span>1,5 A\/porta<\/span><\/td>\n<\/tr>\n<tr style=\"height: 19px;\">\n<td style=\"width: 190.525px; height: 19px;\"><span>Supporto del connettore della batteria<\/span><\/td>\n<td style=\"width: 312.875px; height: 19px;\"><span>XH2.54 a 3 pin e BT3.0<\/span><\/td>\n<\/tr>\n<tr style=\"height: 19px;\">\n<td style=\"width: 190.525px; height: 19px;\"><span>Tipo di batteria<\/span><\/td>\n<td style=\"width: 312.875px; height: 19px;\"><span>LiHV\/LiPo<\/span><\/td>\n<\/tr>\n<tr style=\"height: 7.35001px;\">\n<td style=\"width: 190.525px; height: 7px;\"><span>tensione di stoccaggio<\/span><\/td>\n<td style=\"width: 312.875px; height: 7px;\"><span>3,80 V\/cella e 3,85 V\/cella<\/span><\/td>\n<\/tr>\n<tr style=\"height: 2px;\">\n<td style=\"width: 190.525px; height: 2px;\"><span>Corrente di scarica massima<\/span><\/td>\n<td style=\"width: 312.875px; height: 2px;\"><span>0,2 A\/porta<\/span><\/td>\n<\/tr>\n<tr style=\"height: 10px;\">\n<td style=\"width: 190.525px; height: 10px;\"><span>Bilancio di corrente<\/span><\/td>\n<td style=\"width: 312.875px; height: 10px;\"><span>0.2A<\/span><\/td>\n<\/tr>\n<\/tbody>\n<\/table>\n<\/div>\n<div class=\"product__section-details__inner product__section-details__inner--product_description\">\n<div class=\"product__section--desc rte\">\n<div class=\"rte\">\n<p>&nbsp;<\/p>\n<\/div>\n<\/div>\n<\/div>\n","protected":false},"excerpt":{"rendered":"<p>Caricabatterie VIFLY ToothStor 4 porte 2S Caratteristiche: Caricabatterie a 4 porte 2S Balance con modalit\u00e0 di stoccaggio Pu\u00f2 bilanciare la carica di quattro batterie 2S contemporaneamente. Inoltre, grazie ai 4<\/p>\n","protected":false},"featured_media":246544,"comment_status":"open","ping_status":"closed","template":"","meta":{"_joinchat":[]},"pwb-brand":[],"product_cat":[1067],"product_tag":[],"class_list":{"0":"post-246548","1":"product","2":"type-product","3":"status-publish","4":"has-post-thumbnail","6":"product_cat-caricatori","8":"first","9":"instock","10":"taxable","11":"shipping-taxable","12":"purchasable","13":"product-type-simple"},"barcode":null,"atum_controlled":true,"out_stock_date":null,"out_stock_threshold":null,"inheritable":false,"stock_on_hold":0,"sold_today":0,"sales_last_days":0,"out_stock_days":0,"lost_sales":0,"update_date":"2026-04-18T09:21:43","atum_locations":[],"atum_stock_status":"instock","restock_status":false,"low_stock_amount":"","sales_update_date":"2026-04-18T09:21:43","calc_backorders":null,"yoast_head":"<!-- This site is optimized with the Yoast SEO plugin v27.3 - https:\/\/yoast.com\/product\/yoast-seo-wordpress\/ -->\n<title>Caricabatterie VIFLY ToothStor 4 porte 2S - Iha Race<\/title>\n<meta name=\"robots\" content=\"index, follow, max-snippet:-1, max-image-preview:large, max-video-preview:-1\" \/>\n<link rel=\"canonical\" href=\"https:\/\/iha-race.com\/it\/prodotto\/caricabatterie-vifly-toothstor-4-porte-2s\/\" \/>\n<meta property=\"og:locale\" content=\"it_IT\" \/>\n<meta property=\"og:type\" content=\"article\" \/>\n<meta property=\"og:title\" content=\"Caricabatterie VIFLY ToothStor 4 porte 2S - Iha Race\" \/>\n<meta property=\"og:description\" content=\"Caricabatterie VIFLY ToothStor 4 porte 2S Caratteristiche: Caricabatterie a 4 porte 2S Balance con modalit\u00e0 di stoccaggio Pu\u00f2 bilanciare la carica di quattro batterie 2S contemporaneamente. Inoltre, grazie ai 4\" \/>\n<meta property=\"og:url\" content=\"https:\/\/iha-race.com\/it\/prodotto\/caricabatterie-vifly-toothstor-4-porte-2s\/\" \/>\n<meta property=\"og:site_name\" content=\"Iha Race\" \/>\n<meta property=\"article:modified_time\" content=\"2024-08-29T09:19:45+00:00\" \/>\n<meta property=\"og:image\" content=\"https:\/\/iha-race.com\/wp-content\/uploads\/2024\/05\/VIFLY-ToothStor-Cargador-de-equilibrio-2S-de-4-puertos-con-modo-de-almacenamiento-1.webp\" \/>\n\t<meta property=\"og:image:width\" content=\"1200\" \/>\n\t<meta property=\"og:image:height\" content=\"1200\" \/>\n\t<meta property=\"og:image:type\" content=\"image\/webp\" \/>\n<meta name=\"twitter:card\" content=\"summary_large_image\" \/>\n<meta name=\"twitter:label1\" content=\"Tempo di lettura stimato\" \/>\n\t<meta name=\"twitter:data1\" content=\"2 minuti\" \/>\n<script type=\"application\/ld+json\" class=\"yoast-schema-graph\">{\"@context\":\"https:\\\/\\\/schema.org\",\"@graph\":[{\"@type\":\"WebPage\",\"@id\":\"https:\\\/\\\/iha-race.com\\\/it\\\/prodotto\\\/caricabatterie-vifly-toothstor-4-porte-2s\\\/\",\"url\":\"https:\\\/\\\/iha-race.com\\\/it\\\/prodotto\\\/caricabatterie-vifly-toothstor-4-porte-2s\\\/\",\"name\":\"Caricabatterie VIFLY ToothStor 4 porte 2S - Iha Race\",\"isPartOf\":{\"@id\":\"https:\\\/\\\/iha-race.com\\\/it\\\/#website\"},\"primaryImageOfPage\":{\"@id\":\"https:\\\/\\\/iha-race.com\\\/it\\\/prodotto\\\/caricabatterie-vifly-toothstor-4-porte-2s\\\/#primaryimage\"},\"image\":{\"@id\":\"https:\\\/\\\/iha-race.com\\\/it\\\/prodotto\\\/caricabatterie-vifly-toothstor-4-porte-2s\\\/#primaryimage\"},\"thumbnailUrl\":\"https:\\\/\\\/iha-race.com\\\/wp-content\\\/uploads\\\/2024\\\/05\\\/VIFLY-ToothStor-Cargador-de-equilibrio-2S-de-4-puertos-con-modo-de-almacenamiento-1.webp\",\"datePublished\":\"2024-05-15T17:05:39+00:00\",\"dateModified\":\"2024-08-29T09:19:45+00:00\",\"breadcrumb\":{\"@id\":\"https:\\\/\\\/iha-race.com\\\/it\\\/prodotto\\\/caricabatterie-vifly-toothstor-4-porte-2s\\\/#breadcrumb\"},\"inLanguage\":\"it-IT\",\"potentialAction\":[{\"@type\":\"ReadAction\",\"target\":[\"https:\\\/\\\/iha-race.com\\\/it\\\/prodotto\\\/caricabatterie-vifly-toothstor-4-porte-2s\\\/\"]}]},{\"@type\":\"ImageObject\",\"inLanguage\":\"it-IT\",\"@id\":\"https:\\\/\\\/iha-race.com\\\/it\\\/prodotto\\\/caricabatterie-vifly-toothstor-4-porte-2s\\\/#primaryimage\",\"url\":\"https:\\\/\\\/iha-race.com\\\/wp-content\\\/uploads\\\/2024\\\/05\\\/VIFLY-ToothStor-Cargador-de-equilibrio-2S-de-4-puertos-con-modo-de-almacenamiento-1.webp\",\"contentUrl\":\"https:\\\/\\\/iha-race.com\\\/wp-content\\\/uploads\\\/2024\\\/05\\\/VIFLY-ToothStor-Cargador-de-equilibrio-2S-de-4-puertos-con-modo-de-almacenamiento-1.webp\",\"width\":1200,\"height\":1200},{\"@type\":\"BreadcrumbList\",\"@id\":\"https:\\\/\\\/iha-race.com\\\/it\\\/prodotto\\\/caricabatterie-vifly-toothstor-4-porte-2s\\\/#breadcrumb\",\"itemListElement\":[{\"@type\":\"ListItem\",\"position\":1,\"name\":\"Portada\",\"item\":\"https:\\\/\\\/iha-race.com\\\/it\\\/\"},{\"@type\":\"ListItem\",\"position\":2,\"name\":\"Negozio\",\"item\":\"https:\\\/\\\/iha-race.com\\\/it\\\/negozio\\\/\"},{\"@type\":\"ListItem\",\"position\":3,\"name\":\"Caricabatterie VIFLY ToothStor 4 porte 2S\"}]},{\"@type\":\"WebSite\",\"@id\":\"https:\\\/\\\/iha-race.com\\\/it\\\/#website\",\"url\":\"https:\\\/\\\/iha-race.com\\\/it\\\/\",\"name\":\"Iha Race\",\"description\":\"Comprar drones de carreras FPV env\u00edos en un d\u00eda desde Espa\u00f1a\",\"publisher\":{\"@id\":\"https:\\\/\\\/iha-race.com\\\/it\\\/#organization\"},\"potentialAction\":[{\"@type\":\"SearchAction\",\"target\":{\"@type\":\"EntryPoint\",\"urlTemplate\":\"https:\\\/\\\/iha-race.com\\\/it\\\/?s={search_term_string}\"},\"query-input\":{\"@type\":\"PropertyValueSpecification\",\"valueRequired\":true,\"valueName\":\"search_term_string\"}}],\"inLanguage\":\"it-IT\"},{\"@type\":\"Organization\",\"@id\":\"https:\\\/\\\/iha-race.com\\\/it\\\/#organization\",\"name\":\"Iha Race\",\"url\":\"https:\\\/\\\/iha-race.com\\\/it\\\/\",\"logo\":{\"@type\":\"ImageObject\",\"inLanguage\":\"it-IT\",\"@id\":\"https:\\\/\\\/iha-race.com\\\/it\\\/#\\\/schema\\\/logo\\\/image\\\/\",\"url\":\"https:\\\/\\\/iha-race.com\\\/wp-content\\\/uploads\\\/2018\\\/07\\\/iha-race-drones-de-carreras-tienda-comprar-drones.png\",\"contentUrl\":\"https:\\\/\\\/iha-race.com\\\/wp-content\\\/uploads\\\/2018\\\/07\\\/iha-race-drones-de-carreras-tienda-comprar-drones.png\",\"width\":300,\"height\":100,\"caption\":\"Iha Race\"},\"image\":{\"@id\":\"https:\\\/\\\/iha-race.com\\\/it\\\/#\\\/schema\\\/logo\\\/image\\\/\"}}]}<\/script>\n<!-- \/ Yoast SEO plugin. -->","yoast_head_json":{"title":"Caricabatterie VIFLY ToothStor 4 porte 2S - Iha Race","robots":{"index":"index","follow":"follow","max-snippet":"max-snippet:-1","max-image-preview":"max-image-preview:large","max-video-preview":"max-video-preview:-1"},"canonical":"https:\/\/iha-race.com\/it\/prodotto\/caricabatterie-vifly-toothstor-4-porte-2s\/","og_locale":"it_IT","og_type":"article","og_title":"Caricabatterie VIFLY ToothStor 4 porte 2S - Iha Race","og_description":"Caricabatterie VIFLY ToothStor 4 porte 2S Caratteristiche: Caricabatterie a 4 porte 2S Balance con modalit\u00e0 di stoccaggio Pu\u00f2 bilanciare la carica di quattro batterie 2S contemporaneamente. Inoltre, grazie ai 4","og_url":"https:\/\/iha-race.com\/it\/prodotto\/caricabatterie-vifly-toothstor-4-porte-2s\/","og_site_name":"Iha Race","article_modified_time":"2024-08-29T09:19:45+00:00","og_image":[{"width":1200,"height":1200,"url":"https:\/\/iha-race.com\/wp-content\/uploads\/2024\/05\/VIFLY-ToothStor-Cargador-de-equilibrio-2S-de-4-puertos-con-modo-de-almacenamiento-1.webp","type":"image\/webp"}],"twitter_card":"summary_large_image","twitter_misc":{"Tempo di lettura stimato":"2 minuti"},"schema":{"@context":"https:\/\/schema.org","@graph":[{"@type":"WebPage","@id":"https:\/\/iha-race.com\/it\/prodotto\/caricabatterie-vifly-toothstor-4-porte-2s\/","url":"https:\/\/iha-race.com\/it\/prodotto\/caricabatterie-vifly-toothstor-4-porte-2s\/","name":"Caricabatterie VIFLY ToothStor 4 porte 2S - Iha Race","isPartOf":{"@id":"https:\/\/iha-race.com\/it\/#website"},"primaryImageOfPage":{"@id":"https:\/\/iha-race.com\/it\/prodotto\/caricabatterie-vifly-toothstor-4-porte-2s\/#primaryimage"},"image":{"@id":"https:\/\/iha-race.com\/it\/prodotto\/caricabatterie-vifly-toothstor-4-porte-2s\/#primaryimage"},"thumbnailUrl":"https:\/\/iha-race.com\/wp-content\/uploads\/2024\/05\/VIFLY-ToothStor-Cargador-de-equilibrio-2S-de-4-puertos-con-modo-de-almacenamiento-1.webp","datePublished":"2024-05-15T17:05:39+00:00","dateModified":"2024-08-29T09:19:45+00:00","breadcrumb":{"@id":"https:\/\/iha-race.com\/it\/prodotto\/caricabatterie-vifly-toothstor-4-porte-2s\/#breadcrumb"},"inLanguage":"it-IT","potentialAction":[{"@type":"ReadAction","target":["https:\/\/iha-race.com\/it\/prodotto\/caricabatterie-vifly-toothstor-4-porte-2s\/"]}]},{"@type":"ImageObject","inLanguage":"it-IT","@id":"https:\/\/iha-race.com\/it\/prodotto\/caricabatterie-vifly-toothstor-4-porte-2s\/#primaryimage","url":"https:\/\/iha-race.com\/wp-content\/uploads\/2024\/05\/VIFLY-ToothStor-Cargador-de-equilibrio-2S-de-4-puertos-con-modo-de-almacenamiento-1.webp","contentUrl":"https:\/\/iha-race.com\/wp-content\/uploads\/2024\/05\/VIFLY-ToothStor-Cargador-de-equilibrio-2S-de-4-puertos-con-modo-de-almacenamiento-1.webp","width":1200,"height":1200},{"@type":"BreadcrumbList","@id":"https:\/\/iha-race.com\/it\/prodotto\/caricabatterie-vifly-toothstor-4-porte-2s\/#breadcrumb","itemListElement":[{"@type":"ListItem","position":1,"name":"Portada","item":"https:\/\/iha-race.com\/it\/"},{"@type":"ListItem","position":2,"name":"Negozio","item":"https:\/\/iha-race.com\/it\/negozio\/"},{"@type":"ListItem","position":3,"name":"Caricabatterie VIFLY ToothStor 4 porte 2S"}]},{"@type":"WebSite","@id":"https:\/\/iha-race.com\/it\/#website","url":"https:\/\/iha-race.com\/it\/","name":"Iha Race","description":"Comprar drones de carreras FPV env\u00edos en un d\u00eda desde Espa\u00f1a","publisher":{"@id":"https:\/\/iha-race.com\/it\/#organization"},"potentialAction":[{"@type":"SearchAction","target":{"@type":"EntryPoint","urlTemplate":"https:\/\/iha-race.com\/it\/?s={search_term_string}"},"query-input":{"@type":"PropertyValueSpecification","valueRequired":true,"valueName":"search_term_string"}}],"inLanguage":"it-IT"},{"@type":"Organization","@id":"https:\/\/iha-race.com\/it\/#organization","name":"Iha Race","url":"https:\/\/iha-race.com\/it\/","logo":{"@type":"ImageObject","inLanguage":"it-IT","@id":"https:\/\/iha-race.com\/it\/#\/schema\/logo\/image\/","url":"https:\/\/iha-race.com\/wp-content\/uploads\/2018\/07\/iha-race-drones-de-carreras-tienda-comprar-drones.png","contentUrl":"https:\/\/iha-race.com\/wp-content\/uploads\/2018\/07\/iha-race-drones-de-carreras-tienda-comprar-drones.png","width":300,"height":100,"caption":"Iha Race"},"image":{"@id":"https:\/\/iha-race.com\/it\/#\/schema\/logo\/image\/"}}]}},"jetpack_sharing_enabled":true,"brands":[],"_links":{"self":[{"href":"https:\/\/iha-race.com\/it\/wp-json\/wp\/v2\/product\/246548","targetHints":{"allow":["GET"]}}],"collection":[{"href":"https:\/\/iha-race.com\/it\/wp-json\/wp\/v2\/product"}],"about":[{"href":"https:\/\/iha-race.com\/it\/wp-json\/wp\/v2\/types\/product"}],"replies":[{"embeddable":true,"href":"https:\/\/iha-race.com\/it\/wp-json\/wp\/v2\/comments?post=246548"}],"version-history":[{"count":1,"href":"https:\/\/iha-race.com\/it\/wp-json\/wp\/v2\/product\/246548\/revisions"}],"predecessor-version":[{"id":248472,"href":"https:\/\/iha-race.com\/it\/wp-json\/wp\/v2\/product\/246548\/revisions\/248472"}],"wp:featuredmedia":[{"embeddable":true,"href":"https:\/\/iha-race.com\/it\/wp-json\/wp\/v2\/media\/246544"}],"wp:attachment":[{"href":"https:\/\/iha-race.com\/it\/wp-json\/wp\/v2\/media?parent=246548"}],"wp:term":[{"taxonomy":"pwb-brand","embeddable":true,"href":"https:\/\/iha-race.com\/it\/wp-json\/wp\/v2\/pwb-brand?post=246548"},{"taxonomy":"product_cat","embeddable":true,"href":"https:\/\/iha-race.com\/it\/wp-json\/wp\/v2\/product_cat?post=246548"},{"taxonomy":"product_tag","embeddable":true,"href":"https:\/\/iha-race.com\/it\/wp-json\/wp\/v2\/product_tag?post=246548"}],"curies":[{"name":"wp","href":"https:\/\/api.w.org\/{rel}","templated":true}]}}