{"id":246441,"date":"2024-05-10T16:01:30","date_gmt":"2024-05-10T14:01:30","guid":{"rendered":"https:\/\/iha-race.com\/producto\/occhiali-dji-3\/"},"modified":"2024-08-29T11:19:35","modified_gmt":"2024-08-29T09:19:35","slug":"occhiali-dji-3","status":"publish","type":"product","link":"https:\/\/iha-race.com\/it\/prodotto\/occhiali-dji-3\/","title":{"rendered":"Occhiali DJI 3"},"content":{"rendered":"<h1>Occhiali DJI 3<\/h1>\n<div class=\"default-link-style style__highlight___nYJxi\">\n<div class=\"style__body___hRZQQ layout-top-bottom section-container\">\n<article id=\"overview\" class=\"style__tab-content-item___feY-i style__overview-item___+Ra5W style__content-layout-show-hide___dH5fd style__active___z2rnN \">\n<div class=\"style__content-container___5Yesm\">\n<div class=\"product-detail-temp-specs\">\n<div class=\"temp-specs-table\">\n<div class=\"temp-specs-tbody\">\n<div class=\"temp-specs-tr\">\n<div class=\"temp-specs-td value\">\n<h3><b>Volo immersivo: allarga i tuoi orizzonti<\/b><\/h3>\n<p>  Combinali con il DJI RC Motion 3 per un&#8217;esperienza di controllo del movimento completamente coinvolgente, oppure usali con i telecomandi RC-N2 o RC 2 per pilotare un drone con telecamera stabilizzata su 3 assi. Tutto questo permette di ottenere feed live molto fluidi, in modo da poter godere appieno dell&#8217;esperienza di volo FPV.  <\/p>\n<h3><b>Streaming video O4, compatibile con Air 3 e Mini 4 Pro<\/b><\/h3>\n<p>  Con Avata 2, lo streaming video O4 offre una latenza bassissima di 24 ms e un&#8217;elevata velocit\u00e0 di trasmissione di 60 Mb\/s. Compatibile anche con Air 3 e Mini 4 Pro, l&#8217;affidabile streaming HD O4 offre una visione in prima persona nitida e fluida.  <\/p>\n<h3><b>Vista reale in PiP: sicurezza in vista<\/b><\/h3>\n<p>  Senza dover togliere gli occhiali, ora puoi osservare comodamente l&#8217;ambiente circostante per una maggiore sicurezza di volo.  <\/p>\n<h3><b>Comodo e pratico sotto tutti i punti di vista<\/b><\/h3>\n<p>  Miglioramenti abbaglianti: goditi un display micro-OLED da 1080p con una frequenza di aggiornamento fino a 100 Hz* e la certificazione Low Blue Light di T\u00fcV Rheinland. Regolazione diottrica da -6,0 D a +2,0 D per utenti miopi e ipermetropi. Batteria integrata nell&#8217;archetto: Il design leggero e confortevole dell&#8217;archetto integrato ti libera da cavi aggrovigliati e offre una lunga durata della batteria di 3 ore.  <\/p>\n<ul>\n<li>Sbrinamento one-touch: attivando lo sbrinamento, otterrai una soluzione pratica in caso di sbalzi di temperatura improvvisi o di condizioni di forte umidit\u00e0.<\/li>\n<\/ul>\n<h3><b>Pi\u00f9 divertimento con lo streaming wireless<\/b><\/h3>\n<p>  Trasmetti il tuo volo in tempo reale sull&#8217;app DJI Fly sul tuo smartphone tramite connessione Wi-Fi.*** Puoi anche importare video 3D e panoramici su una scheda SD e riprodurli sui Goggles 3 per un&#8217;esperienza coinvolgente che sembra quasi a portata di mano.  <\/p><\/div>\n<\/div>\n<div class=\"temp-specs-tr\">\n<h3 class=\"temp-specs-td name\"><strong>Il pacchetto comprende<\/strong><\/h3>\n<div class=\"temp-specs-td value\">\n<ul>\n<li>1 x Occhiali DJI 3<\/li>\n<li>1 x imbottitura in schiuma DJI Goggles 3<\/li>\n<li>1 x Cuscinetto aggiuntivo per la fronte DJI Goggles 3<\/li>\n<li>1 x -2.0D lenti correttive (coppia) Occhiali DJI 3<\/li>\n<li>1 cavo USB-C OTG<\/li>\n<\/ul>\n<\/div>\n<\/div>\n<div class=\"temp-specs-tr\">\n<h3 class=\"temp-specs-td name\"><strong>Compatibilit\u00e0<\/strong><\/h3>\n<div class=\"temp-specs-td value\">\n<ul>\n<li>DJI Avata 2<\/li>\n<li>DJI Mini 4 Pro<\/li>\n<li>DJI Air 3<\/li>\n<li>DJI RC Motion 3<\/li>\n<li>Telecomando FPV DJI 3<\/li>\n<li>DJI RC-N2<\/li>\n<li>DJI RC 2<\/li>\n<\/ul>\n<\/div>\n<\/div>\n<\/div>\n<\/div>\n<\/div>\n<\/div>\n<\/article>\n<\/div>\n<\/div>\n","protected":false},"excerpt":{"rendered":"<p>Goditi un controllo del movimento coinvolgente con il DJI RC Motion 3, oppure combinalo con i controller RC-N2 o RC 2 per goderti il volo FPV.<\/p>\n","protected":false},"featured_media":246421,"comment_status":"open","ping_status":"closed","template":"","meta":{"_joinchat":[]},"pwb-brand":[3567],"product_cat":[3329,3341,2455,1114],"product_tag":[],"class_list":{"0":"post-246441","1":"product","2":"type-product","3":"status-publish","4":"has-post-thumbnail","6":"pwb-brand-dji","7":"product_cat-dji-it","8":"product_cat-dji-fpv-it","9":"product_cat-occhiali-e-monitor","10":"product_cat-occhiali-fpv","12":"first","13":"onbackorder","14":"taxable","15":"shipping-taxable","16":"purchasable","17":"product-type-simple"},"barcode":null,"atum_controlled":true,"out_stock_date":null,"out_stock_threshold":null,"inheritable":false,"stock_on_hold":0,"sold_today":0,"sales_last_days":0,"out_stock_days":0,"lost_sales":0,"update_date":"2026-04-08T10:45:57","atum_locations":[],"atum_stock_status":"onbackorder","restock_status":false,"low_stock_amount":"","sales_update_date":"2026-04-08T10:45:57","calc_backorders":null,"yoast_head":"<!-- This site is optimized with the Yoast SEO plugin v27.3 - https:\/\/yoast.com\/product\/yoast-seo-wordpress\/ -->\n<title>Occhiali DJI 3 - Iha Race<\/title>\n<meta name=\"robots\" content=\"index, follow, max-snippet:-1, max-image-preview:large, max-video-preview:-1\" \/>\n<link rel=\"canonical\" href=\"https:\/\/iha-race.com\/it\/prodotto\/occhiali-dji-3\/\" \/>\n<meta property=\"og:locale\" content=\"it_IT\" \/>\n<meta property=\"og:type\" content=\"article\" \/>\n<meta property=\"og:title\" content=\"Occhiali DJI 3 - Iha Race\" \/>\n<meta property=\"og:description\" content=\"Goditi un controllo del movimento coinvolgente con il DJI RC Motion 3, oppure combinalo con i controller RC-N2 o RC 2 per goderti il volo FPV.\" \/>\n<meta property=\"og:url\" content=\"https:\/\/iha-race.com\/it\/prodotto\/occhiali-dji-3\/\" \/>\n<meta property=\"og:site_name\" content=\"Iha Race\" \/>\n<meta property=\"article:modified_time\" content=\"2024-08-29T09:19:35+00:00\" \/>\n<meta property=\"og:image\" content=\"https:\/\/iha-race.com\/wp-content\/uploads\/2024\/05\/DJI-Goggles-3-2.jpg\" \/>\n\t<meta property=\"og:image:width\" content=\"1200\" \/>\n\t<meta property=\"og:image:height\" content=\"800\" \/>\n\t<meta property=\"og:image:type\" content=\"image\/jpeg\" \/>\n<meta name=\"twitter:card\" content=\"summary_large_image\" \/>\n<meta name=\"twitter:label1\" content=\"Tempo di lettura stimato\" \/>\n\t<meta name=\"twitter:data1\" content=\"2 minuti\" \/>\n<script type=\"application\/ld+json\" class=\"yoast-schema-graph\">{\"@context\":\"https:\\\/\\\/schema.org\",\"@graph\":[{\"@type\":\"WebPage\",\"@id\":\"https:\\\/\\\/iha-race.com\\\/it\\\/prodotto\\\/occhiali-dji-3\\\/\",\"url\":\"https:\\\/\\\/iha-race.com\\\/it\\\/prodotto\\\/occhiali-dji-3\\\/\",\"name\":\"Occhiali DJI 3 - Iha Race\",\"isPartOf\":{\"@id\":\"https:\\\/\\\/iha-race.com\\\/it\\\/#website\"},\"primaryImageOfPage\":{\"@id\":\"https:\\\/\\\/iha-race.com\\\/it\\\/prodotto\\\/occhiali-dji-3\\\/#primaryimage\"},\"image\":{\"@id\":\"https:\\\/\\\/iha-race.com\\\/it\\\/prodotto\\\/occhiali-dji-3\\\/#primaryimage\"},\"thumbnailUrl\":\"https:\\\/\\\/iha-race.com\\\/wp-content\\\/uploads\\\/2024\\\/05\\\/DJI-Goggles-3-2.jpg\",\"datePublished\":\"2024-05-10T14:01:30+00:00\",\"dateModified\":\"2024-08-29T09:19:35+00:00\",\"breadcrumb\":{\"@id\":\"https:\\\/\\\/iha-race.com\\\/it\\\/prodotto\\\/occhiali-dji-3\\\/#breadcrumb\"},\"inLanguage\":\"it-IT\",\"potentialAction\":[{\"@type\":\"ReadAction\",\"target\":[\"https:\\\/\\\/iha-race.com\\\/it\\\/prodotto\\\/occhiali-dji-3\\\/\"]}]},{\"@type\":\"ImageObject\",\"inLanguage\":\"it-IT\",\"@id\":\"https:\\\/\\\/iha-race.com\\\/it\\\/prodotto\\\/occhiali-dji-3\\\/#primaryimage\",\"url\":\"https:\\\/\\\/iha-race.com\\\/wp-content\\\/uploads\\\/2024\\\/05\\\/DJI-Goggles-3-2.jpg\",\"contentUrl\":\"https:\\\/\\\/iha-race.com\\\/wp-content\\\/uploads\\\/2024\\\/05\\\/DJI-Goggles-3-2.jpg\",\"width\":1200,\"height\":800},{\"@type\":\"BreadcrumbList\",\"@id\":\"https:\\\/\\\/iha-race.com\\\/it\\\/prodotto\\\/occhiali-dji-3\\\/#breadcrumb\",\"itemListElement\":[{\"@type\":\"ListItem\",\"position\":1,\"name\":\"Portada\",\"item\":\"https:\\\/\\\/iha-race.com\\\/it\\\/\"},{\"@type\":\"ListItem\",\"position\":2,\"name\":\"Negozio\",\"item\":\"https:\\\/\\\/iha-race.com\\\/it\\\/negozio\\\/\"},{\"@type\":\"ListItem\",\"position\":3,\"name\":\"Occhiali DJI 3\"}]},{\"@type\":\"WebSite\",\"@id\":\"https:\\\/\\\/iha-race.com\\\/it\\\/#website\",\"url\":\"https:\\\/\\\/iha-race.com\\\/it\\\/\",\"name\":\"Iha Race\",\"description\":\"Comprar drones de carreras FPV env\u00edos en un d\u00eda desde Espa\u00f1a\",\"publisher\":{\"@id\":\"https:\\\/\\\/iha-race.com\\\/it\\\/#organization\"},\"potentialAction\":[{\"@type\":\"SearchAction\",\"target\":{\"@type\":\"EntryPoint\",\"urlTemplate\":\"https:\\\/\\\/iha-race.com\\\/it\\\/?s={search_term_string}\"},\"query-input\":{\"@type\":\"PropertyValueSpecification\",\"valueRequired\":true,\"valueName\":\"search_term_string\"}}],\"inLanguage\":\"it-IT\"},{\"@type\":\"Organization\",\"@id\":\"https:\\\/\\\/iha-race.com\\\/it\\\/#organization\",\"name\":\"Iha Race\",\"url\":\"https:\\\/\\\/iha-race.com\\\/it\\\/\",\"logo\":{\"@type\":\"ImageObject\",\"inLanguage\":\"it-IT\",\"@id\":\"https:\\\/\\\/iha-race.com\\\/it\\\/#\\\/schema\\\/logo\\\/image\\\/\",\"url\":\"https:\\\/\\\/iha-race.com\\\/wp-content\\\/uploads\\\/2018\\\/07\\\/iha-race-drones-de-carreras-tienda-comprar-drones.png\",\"contentUrl\":\"https:\\\/\\\/iha-race.com\\\/wp-content\\\/uploads\\\/2018\\\/07\\\/iha-race-drones-de-carreras-tienda-comprar-drones.png\",\"width\":300,\"height\":100,\"caption\":\"Iha Race\"},\"image\":{\"@id\":\"https:\\\/\\\/iha-race.com\\\/it\\\/#\\\/schema\\\/logo\\\/image\\\/\"}}]}<\/script>\n<!-- \/ Yoast SEO plugin. -->","yoast_head_json":{"title":"Occhiali DJI 3 - Iha Race","robots":{"index":"index","follow":"follow","max-snippet":"max-snippet:-1","max-image-preview":"max-image-preview:large","max-video-preview":"max-video-preview:-1"},"canonical":"https:\/\/iha-race.com\/it\/prodotto\/occhiali-dji-3\/","og_locale":"it_IT","og_type":"article","og_title":"Occhiali DJI 3 - Iha Race","og_description":"Goditi un controllo del movimento coinvolgente con il DJI RC Motion 3, oppure combinalo con i controller RC-N2 o RC 2 per goderti il volo FPV.","og_url":"https:\/\/iha-race.com\/it\/prodotto\/occhiali-dji-3\/","og_site_name":"Iha Race","article_modified_time":"2024-08-29T09:19:35+00:00","og_image":[{"width":1200,"height":800,"url":"https:\/\/iha-race.com\/wp-content\/uploads\/2024\/05\/DJI-Goggles-3-2.jpg","type":"image\/jpeg"}],"twitter_card":"summary_large_image","twitter_misc":{"Tempo di lettura stimato":"2 minuti"},"schema":{"@context":"https:\/\/schema.org","@graph":[{"@type":"WebPage","@id":"https:\/\/iha-race.com\/it\/prodotto\/occhiali-dji-3\/","url":"https:\/\/iha-race.com\/it\/prodotto\/occhiali-dji-3\/","name":"Occhiali DJI 3 - Iha Race","isPartOf":{"@id":"https:\/\/iha-race.com\/it\/#website"},"primaryImageOfPage":{"@id":"https:\/\/iha-race.com\/it\/prodotto\/occhiali-dji-3\/#primaryimage"},"image":{"@id":"https:\/\/iha-race.com\/it\/prodotto\/occhiali-dji-3\/#primaryimage"},"thumbnailUrl":"https:\/\/iha-race.com\/wp-content\/uploads\/2024\/05\/DJI-Goggles-3-2.jpg","datePublished":"2024-05-10T14:01:30+00:00","dateModified":"2024-08-29T09:19:35+00:00","breadcrumb":{"@id":"https:\/\/iha-race.com\/it\/prodotto\/occhiali-dji-3\/#breadcrumb"},"inLanguage":"it-IT","potentialAction":[{"@type":"ReadAction","target":["https:\/\/iha-race.com\/it\/prodotto\/occhiali-dji-3\/"]}]},{"@type":"ImageObject","inLanguage":"it-IT","@id":"https:\/\/iha-race.com\/it\/prodotto\/occhiali-dji-3\/#primaryimage","url":"https:\/\/iha-race.com\/wp-content\/uploads\/2024\/05\/DJI-Goggles-3-2.jpg","contentUrl":"https:\/\/iha-race.com\/wp-content\/uploads\/2024\/05\/DJI-Goggles-3-2.jpg","width":1200,"height":800},{"@type":"BreadcrumbList","@id":"https:\/\/iha-race.com\/it\/prodotto\/occhiali-dji-3\/#breadcrumb","itemListElement":[{"@type":"ListItem","position":1,"name":"Portada","item":"https:\/\/iha-race.com\/it\/"},{"@type":"ListItem","position":2,"name":"Negozio","item":"https:\/\/iha-race.com\/it\/negozio\/"},{"@type":"ListItem","position":3,"name":"Occhiali DJI 3"}]},{"@type":"WebSite","@id":"https:\/\/iha-race.com\/it\/#website","url":"https:\/\/iha-race.com\/it\/","name":"Iha Race","description":"Comprar drones de carreras FPV env\u00edos en un d\u00eda desde Espa\u00f1a","publisher":{"@id":"https:\/\/iha-race.com\/it\/#organization"},"potentialAction":[{"@type":"SearchAction","target":{"@type":"EntryPoint","urlTemplate":"https:\/\/iha-race.com\/it\/?s={search_term_string}"},"query-input":{"@type":"PropertyValueSpecification","valueRequired":true,"valueName":"search_term_string"}}],"inLanguage":"it-IT"},{"@type":"Organization","@id":"https:\/\/iha-race.com\/it\/#organization","name":"Iha Race","url":"https:\/\/iha-race.com\/it\/","logo":{"@type":"ImageObject","inLanguage":"it-IT","@id":"https:\/\/iha-race.com\/it\/#\/schema\/logo\/image\/","url":"https:\/\/iha-race.com\/wp-content\/uploads\/2018\/07\/iha-race-drones-de-carreras-tienda-comprar-drones.png","contentUrl":"https:\/\/iha-race.com\/wp-content\/uploads\/2018\/07\/iha-race-drones-de-carreras-tienda-comprar-drones.png","width":300,"height":100,"caption":"Iha Race"},"image":{"@id":"https:\/\/iha-race.com\/it\/#\/schema\/logo\/image\/"}}]}},"brands":[{"id":3567,"name":"DJI","slug":"dji"}],"_links":{"self":[{"href":"https:\/\/iha-race.com\/it\/wp-json\/wp\/v2\/product\/246441","targetHints":{"allow":["GET"]}}],"collection":[{"href":"https:\/\/iha-race.com\/it\/wp-json\/wp\/v2\/product"}],"about":[{"href":"https:\/\/iha-race.com\/it\/wp-json\/wp\/v2\/types\/product"}],"replies":[{"embeddable":true,"href":"https:\/\/iha-race.com\/it\/wp-json\/wp\/v2\/comments?post=246441"}],"version-history":[{"count":2,"href":"https:\/\/iha-race.com\/it\/wp-json\/wp\/v2\/product\/246441\/revisions"}],"predecessor-version":[{"id":248466,"href":"https:\/\/iha-race.com\/it\/wp-json\/wp\/v2\/product\/246441\/revisions\/248466"}],"wp:featuredmedia":[{"embeddable":true,"href":"https:\/\/iha-race.com\/it\/wp-json\/wp\/v2\/media\/246421"}],"wp:attachment":[{"href":"https:\/\/iha-race.com\/it\/wp-json\/wp\/v2\/media?parent=246441"}],"wp:term":[{"taxonomy":"pwb-brand","embeddable":true,"href":"https:\/\/iha-race.com\/it\/wp-json\/wp\/v2\/pwb-brand?post=246441"},{"taxonomy":"product_cat","embeddable":true,"href":"https:\/\/iha-race.com\/it\/wp-json\/wp\/v2\/product_cat?post=246441"},{"taxonomy":"product_tag","embeddable":true,"href":"https:\/\/iha-race.com\/it\/wp-json\/wp\/v2\/product_tag?post=246441"}],"curies":[{"name":"wp","href":"https:\/\/api.w.org\/{rel}","templated":true}]}}