{"id":246378,"date":"2024-05-09T16:56:44","date_gmt":"2024-05-09T14:56:44","guid":{"rendered":"https:\/\/iha-race.com\/producto\/batteria-tattu-4500mah-222v-25c-6s1p-con-xt90\/"},"modified":"2024-08-29T11:19:33","modified_gmt":"2024-08-29T09:19:33","slug":"batteria-tattu-4500mah-222v-25c-6s1p-con-xt90","status":"publish","type":"product","link":"https:\/\/iha-race.com\/it\/prodotto\/batteria-tattu-4500mah-222v-25c-6s1p-con-xt90\/","title":{"rendered":"Batteria Tattu 4500mAh 22,2V 25C 6S1P con XT90"},"content":{"rendered":"<h2>Batteria Tattu 4500mAh 22,2V 25C 6S1P con XT90<\/h2>\n<p>  Il pacco batteria Lipo Tattu 4500mAh 22.2V 6S 25C \u00e8 dotato di una straordinaria tecnologia di impilamento che consente di ottenere capacit\u00e0 di 4500mAh per singola cella. Grazie alle elevate prestazioni di scarica e all&#8217;alta densit\u00e0 di energia, \u00e8 adatto agli elicotteri di dimensioni pari a 600. Come Align Trex 600.  <\/p>\n<h3>Caratteristiche<\/h3>\n<ul>\n<li>La stabile tecnologia di impilamento automatico consente capacit\u00e0 di 4500 mAh per singola cella<\/li>\n<li>Capacit\u00e0 maggiore rispetto alle confezioni di dimensioni analoghe<\/li>\n<li>Buona capacit\u00e0 di offrire una soluzione professionale e personalizzata.<\/li>\n<\/ul>\n<h3>Specifiche tecniche<\/h3>\n<ul>\n<li>Capacit\u00e0: 4500 mAh.<\/li>\n<li>Tensione: 22,2 V (6 s)<\/li>\n<li>Scarico massimo continuo: 25C<\/li>\n<li>Peso: 610g<\/li>\n<li>Dimensioni: 138*44*50mm<\/li>\n<li>Velocit\u00e0 di ricarica: 1-3C consigliata, 5C massima.<\/li>\n<\/ul>\n<h3>A cosa serve<\/h3>\n<p>  La batteria lipo Tattu 4500mah 6s1p 25C \u00e8 adatta agli elicotteri di dimensioni 600, come l&#8217;Align Trex 600.  <\/p>\n<h3>Caricabatterie utilizzato<\/h3>\n<p>  Uso consigliato del caricabatterie Tattu corrispondente: <strong>TA1000<\/strong> Tattu TA1000 G-Tech Caricabatterie a doppio canale 25A*2 1000W Per batterie di droni 1S-7S Controlla altri caricabatterie Tattu per UAV\/Droni.  <\/p>\n<h3>Il pacchetto comprende<\/h3>\n<ul>\n<li>1 batteria Tattu 4500mAh 22,2V 25C 6S1P con XT90<\/li>\n<\/ul>\n","protected":false},"excerpt":{"rendered":"<p>Batteria Tattu 4500mAh 22,2V 25C 6S1P con XT90 Il pacco batteria Lipo Tattu 4500mAh 22.2V 6S 25C \u00e8 dotato di una straordinaria tecnologia di impilamento che consente di ottenere capacit\u00e0<\/p>\n","protected":false},"featured_media":246366,"comment_status":"open","ping_status":"closed","template":"","meta":{"_joinchat":[]},"pwb-brand":[],"product_cat":[1065,1335],"product_tag":[],"class_list":{"0":"post-246378","1":"product","2":"type-product","3":"status-publish","4":"has-post-thumbnail","6":"product_cat-batterie-fpv","7":"product_cat-s6-it","9":"first","10":"instock","11":"taxable","12":"shipping-taxable","13":"purchasable","14":"product-type-simple"},"barcode":null,"atum_controlled":true,"out_stock_date":null,"out_stock_threshold":null,"inheritable":false,"stock_on_hold":0,"sold_today":0,"sales_last_days":0,"out_stock_days":0,"lost_sales":0,"update_date":"2026-04-12T07:49:59","atum_locations":[],"atum_stock_status":"instock","restock_status":false,"low_stock_amount":"","sales_update_date":"2026-04-12T07:49:59","calc_backorders":null,"yoast_head":"<!-- This site is optimized with the Yoast SEO plugin v27.3 - https:\/\/yoast.com\/product\/yoast-seo-wordpress\/ -->\n<title>Batteria Tattu 4500mAh 22,2V 25C 6S1P con XT90 - Iha Race<\/title>\n<meta name=\"robots\" content=\"index, follow, max-snippet:-1, max-image-preview:large, max-video-preview:-1\" \/>\n<link rel=\"canonical\" href=\"https:\/\/iha-race.com\/it\/prodotto\/batteria-tattu-4500mah-222v-25c-6s1p-con-xt90\/\" \/>\n<meta property=\"og:locale\" content=\"it_IT\" \/>\n<meta property=\"og:type\" content=\"article\" \/>\n<meta property=\"og:title\" content=\"Batteria Tattu 4500mAh 22,2V 25C 6S1P con XT90 - Iha Race\" \/>\n<meta property=\"og:description\" content=\"Batteria Tattu 4500mAh 22,2V 25C 6S1P con XT90 Il pacco batteria Lipo Tattu 4500mAh 22.2V 6S 25C \u00e8 dotato di una straordinaria tecnologia di impilamento che consente di ottenere capacit\u00e0\" \/>\n<meta property=\"og:url\" content=\"https:\/\/iha-race.com\/it\/prodotto\/batteria-tattu-4500mah-222v-25c-6s1p-con-xt90\/\" \/>\n<meta property=\"og:site_name\" content=\"Iha Race\" \/>\n<meta property=\"article:modified_time\" content=\"2024-08-29T09:19:33+00:00\" \/>\n<meta property=\"og:image\" content=\"https:\/\/iha-race.com\/wp-content\/uploads\/2024\/05\/Paquete-de-baterias-Lipo-Tattu-4500mAh-222V-25C-6S1P-con-XT90.jpg\" \/>\n\t<meta property=\"og:image:width\" content=\"800\" \/>\n\t<meta property=\"og:image:height\" content=\"800\" \/>\n\t<meta property=\"og:image:type\" content=\"image\/jpeg\" \/>\n<meta name=\"twitter:card\" content=\"summary_large_image\" \/>\n<meta name=\"twitter:label1\" content=\"Tempo di lettura stimato\" \/>\n\t<meta name=\"twitter:data1\" content=\"1 minuto\" \/>\n<script type=\"application\/ld+json\" class=\"yoast-schema-graph\">{\"@context\":\"https:\\\/\\\/schema.org\",\"@graph\":[{\"@type\":\"WebPage\",\"@id\":\"https:\\\/\\\/iha-race.com\\\/it\\\/prodotto\\\/batteria-tattu-4500mah-222v-25c-6s1p-con-xt90\\\/\",\"url\":\"https:\\\/\\\/iha-race.com\\\/it\\\/prodotto\\\/batteria-tattu-4500mah-222v-25c-6s1p-con-xt90\\\/\",\"name\":\"Batteria Tattu 4500mAh 22,2V 25C 6S1P con XT90 - Iha Race\",\"isPartOf\":{\"@id\":\"https:\\\/\\\/iha-race.com\\\/it\\\/#website\"},\"primaryImageOfPage\":{\"@id\":\"https:\\\/\\\/iha-race.com\\\/it\\\/prodotto\\\/batteria-tattu-4500mah-222v-25c-6s1p-con-xt90\\\/#primaryimage\"},\"image\":{\"@id\":\"https:\\\/\\\/iha-race.com\\\/it\\\/prodotto\\\/batteria-tattu-4500mah-222v-25c-6s1p-con-xt90\\\/#primaryimage\"},\"thumbnailUrl\":\"https:\\\/\\\/iha-race.com\\\/wp-content\\\/uploads\\\/2024\\\/05\\\/Paquete-de-baterias-Lipo-Tattu-4500mAh-222V-25C-6S1P-con-XT90.jpg\",\"datePublished\":\"2024-05-09T14:56:44+00:00\",\"dateModified\":\"2024-08-29T09:19:33+00:00\",\"breadcrumb\":{\"@id\":\"https:\\\/\\\/iha-race.com\\\/it\\\/prodotto\\\/batteria-tattu-4500mah-222v-25c-6s1p-con-xt90\\\/#breadcrumb\"},\"inLanguage\":\"it-IT\",\"potentialAction\":[{\"@type\":\"ReadAction\",\"target\":[\"https:\\\/\\\/iha-race.com\\\/it\\\/prodotto\\\/batteria-tattu-4500mah-222v-25c-6s1p-con-xt90\\\/\"]}]},{\"@type\":\"ImageObject\",\"inLanguage\":\"it-IT\",\"@id\":\"https:\\\/\\\/iha-race.com\\\/it\\\/prodotto\\\/batteria-tattu-4500mah-222v-25c-6s1p-con-xt90\\\/#primaryimage\",\"url\":\"https:\\\/\\\/iha-race.com\\\/wp-content\\\/uploads\\\/2024\\\/05\\\/Paquete-de-baterias-Lipo-Tattu-4500mAh-222V-25C-6S1P-con-XT90.jpg\",\"contentUrl\":\"https:\\\/\\\/iha-race.com\\\/wp-content\\\/uploads\\\/2024\\\/05\\\/Paquete-de-baterias-Lipo-Tattu-4500mAh-222V-25C-6S1P-con-XT90.jpg\",\"width\":800,\"height\":800},{\"@type\":\"BreadcrumbList\",\"@id\":\"https:\\\/\\\/iha-race.com\\\/it\\\/prodotto\\\/batteria-tattu-4500mah-222v-25c-6s1p-con-xt90\\\/#breadcrumb\",\"itemListElement\":[{\"@type\":\"ListItem\",\"position\":1,\"name\":\"Portada\",\"item\":\"https:\\\/\\\/iha-race.com\\\/it\\\/\"},{\"@type\":\"ListItem\",\"position\":2,\"name\":\"Negozio\",\"item\":\"https:\\\/\\\/iha-race.com\\\/it\\\/negozio\\\/\"},{\"@type\":\"ListItem\",\"position\":3,\"name\":\"Batteria Tattu 4500mAh 22,2V 25C 6S1P con XT90\"}]},{\"@type\":\"WebSite\",\"@id\":\"https:\\\/\\\/iha-race.com\\\/it\\\/#website\",\"url\":\"https:\\\/\\\/iha-race.com\\\/it\\\/\",\"name\":\"Iha Race\",\"description\":\"Comprar drones de carreras FPV env\u00edos en un d\u00eda desde Espa\u00f1a\",\"publisher\":{\"@id\":\"https:\\\/\\\/iha-race.com\\\/it\\\/#organization\"},\"potentialAction\":[{\"@type\":\"SearchAction\",\"target\":{\"@type\":\"EntryPoint\",\"urlTemplate\":\"https:\\\/\\\/iha-race.com\\\/it\\\/?s={search_term_string}\"},\"query-input\":{\"@type\":\"PropertyValueSpecification\",\"valueRequired\":true,\"valueName\":\"search_term_string\"}}],\"inLanguage\":\"it-IT\"},{\"@type\":\"Organization\",\"@id\":\"https:\\\/\\\/iha-race.com\\\/it\\\/#organization\",\"name\":\"Iha Race\",\"url\":\"https:\\\/\\\/iha-race.com\\\/it\\\/\",\"logo\":{\"@type\":\"ImageObject\",\"inLanguage\":\"it-IT\",\"@id\":\"https:\\\/\\\/iha-race.com\\\/it\\\/#\\\/schema\\\/logo\\\/image\\\/\",\"url\":\"https:\\\/\\\/iha-race.com\\\/wp-content\\\/uploads\\\/2018\\\/07\\\/iha-race-drones-de-carreras-tienda-comprar-drones.png\",\"contentUrl\":\"https:\\\/\\\/iha-race.com\\\/wp-content\\\/uploads\\\/2018\\\/07\\\/iha-race-drones-de-carreras-tienda-comprar-drones.png\",\"width\":300,\"height\":100,\"caption\":\"Iha Race\"},\"image\":{\"@id\":\"https:\\\/\\\/iha-race.com\\\/it\\\/#\\\/schema\\\/logo\\\/image\\\/\"}}]}<\/script>\n<!-- \/ Yoast SEO plugin. -->","yoast_head_json":{"title":"Batteria Tattu 4500mAh 22,2V 25C 6S1P con XT90 - Iha Race","robots":{"index":"index","follow":"follow","max-snippet":"max-snippet:-1","max-image-preview":"max-image-preview:large","max-video-preview":"max-video-preview:-1"},"canonical":"https:\/\/iha-race.com\/it\/prodotto\/batteria-tattu-4500mah-222v-25c-6s1p-con-xt90\/","og_locale":"it_IT","og_type":"article","og_title":"Batteria Tattu 4500mAh 22,2V 25C 6S1P con XT90 - Iha Race","og_description":"Batteria Tattu 4500mAh 22,2V 25C 6S1P con XT90 Il pacco batteria Lipo Tattu 4500mAh 22.2V 6S 25C \u00e8 dotato di una straordinaria tecnologia di impilamento che consente di ottenere capacit\u00e0","og_url":"https:\/\/iha-race.com\/it\/prodotto\/batteria-tattu-4500mah-222v-25c-6s1p-con-xt90\/","og_site_name":"Iha Race","article_modified_time":"2024-08-29T09:19:33+00:00","og_image":[{"width":800,"height":800,"url":"https:\/\/iha-race.com\/wp-content\/uploads\/2024\/05\/Paquete-de-baterias-Lipo-Tattu-4500mAh-222V-25C-6S1P-con-XT90.jpg","type":"image\/jpeg"}],"twitter_card":"summary_large_image","twitter_misc":{"Tempo di lettura stimato":"1 minuto"},"schema":{"@context":"https:\/\/schema.org","@graph":[{"@type":"WebPage","@id":"https:\/\/iha-race.com\/it\/prodotto\/batteria-tattu-4500mah-222v-25c-6s1p-con-xt90\/","url":"https:\/\/iha-race.com\/it\/prodotto\/batteria-tattu-4500mah-222v-25c-6s1p-con-xt90\/","name":"Batteria Tattu 4500mAh 22,2V 25C 6S1P con XT90 - Iha Race","isPartOf":{"@id":"https:\/\/iha-race.com\/it\/#website"},"primaryImageOfPage":{"@id":"https:\/\/iha-race.com\/it\/prodotto\/batteria-tattu-4500mah-222v-25c-6s1p-con-xt90\/#primaryimage"},"image":{"@id":"https:\/\/iha-race.com\/it\/prodotto\/batteria-tattu-4500mah-222v-25c-6s1p-con-xt90\/#primaryimage"},"thumbnailUrl":"https:\/\/iha-race.com\/wp-content\/uploads\/2024\/05\/Paquete-de-baterias-Lipo-Tattu-4500mAh-222V-25C-6S1P-con-XT90.jpg","datePublished":"2024-05-09T14:56:44+00:00","dateModified":"2024-08-29T09:19:33+00:00","breadcrumb":{"@id":"https:\/\/iha-race.com\/it\/prodotto\/batteria-tattu-4500mah-222v-25c-6s1p-con-xt90\/#breadcrumb"},"inLanguage":"it-IT","potentialAction":[{"@type":"ReadAction","target":["https:\/\/iha-race.com\/it\/prodotto\/batteria-tattu-4500mah-222v-25c-6s1p-con-xt90\/"]}]},{"@type":"ImageObject","inLanguage":"it-IT","@id":"https:\/\/iha-race.com\/it\/prodotto\/batteria-tattu-4500mah-222v-25c-6s1p-con-xt90\/#primaryimage","url":"https:\/\/iha-race.com\/wp-content\/uploads\/2024\/05\/Paquete-de-baterias-Lipo-Tattu-4500mAh-222V-25C-6S1P-con-XT90.jpg","contentUrl":"https:\/\/iha-race.com\/wp-content\/uploads\/2024\/05\/Paquete-de-baterias-Lipo-Tattu-4500mAh-222V-25C-6S1P-con-XT90.jpg","width":800,"height":800},{"@type":"BreadcrumbList","@id":"https:\/\/iha-race.com\/it\/prodotto\/batteria-tattu-4500mah-222v-25c-6s1p-con-xt90\/#breadcrumb","itemListElement":[{"@type":"ListItem","position":1,"name":"Portada","item":"https:\/\/iha-race.com\/it\/"},{"@type":"ListItem","position":2,"name":"Negozio","item":"https:\/\/iha-race.com\/it\/negozio\/"},{"@type":"ListItem","position":3,"name":"Batteria Tattu 4500mAh 22,2V 25C 6S1P con XT90"}]},{"@type":"WebSite","@id":"https:\/\/iha-race.com\/it\/#website","url":"https:\/\/iha-race.com\/it\/","name":"Iha Race","description":"Comprar drones de carreras FPV env\u00edos en un d\u00eda desde Espa\u00f1a","publisher":{"@id":"https:\/\/iha-race.com\/it\/#organization"},"potentialAction":[{"@type":"SearchAction","target":{"@type":"EntryPoint","urlTemplate":"https:\/\/iha-race.com\/it\/?s={search_term_string}"},"query-input":{"@type":"PropertyValueSpecification","valueRequired":true,"valueName":"search_term_string"}}],"inLanguage":"it-IT"},{"@type":"Organization","@id":"https:\/\/iha-race.com\/it\/#organization","name":"Iha Race","url":"https:\/\/iha-race.com\/it\/","logo":{"@type":"ImageObject","inLanguage":"it-IT","@id":"https:\/\/iha-race.com\/it\/#\/schema\/logo\/image\/","url":"https:\/\/iha-race.com\/wp-content\/uploads\/2018\/07\/iha-race-drones-de-carreras-tienda-comprar-drones.png","contentUrl":"https:\/\/iha-race.com\/wp-content\/uploads\/2018\/07\/iha-race-drones-de-carreras-tienda-comprar-drones.png","width":300,"height":100,"caption":"Iha Race"},"image":{"@id":"https:\/\/iha-race.com\/it\/#\/schema\/logo\/image\/"}}]}},"brands":[],"_links":{"self":[{"href":"https:\/\/iha-race.com\/it\/wp-json\/wp\/v2\/product\/246378","targetHints":{"allow":["GET"]}}],"collection":[{"href":"https:\/\/iha-race.com\/it\/wp-json\/wp\/v2\/product"}],"about":[{"href":"https:\/\/iha-race.com\/it\/wp-json\/wp\/v2\/types\/product"}],"replies":[{"embeddable":true,"href":"https:\/\/iha-race.com\/it\/wp-json\/wp\/v2\/comments?post=246378"}],"version-history":[{"count":1,"href":"https:\/\/iha-race.com\/it\/wp-json\/wp\/v2\/product\/246378\/revisions"}],"predecessor-version":[{"id":248464,"href":"https:\/\/iha-race.com\/it\/wp-json\/wp\/v2\/product\/246378\/revisions\/248464"}],"wp:featuredmedia":[{"embeddable":true,"href":"https:\/\/iha-race.com\/it\/wp-json\/wp\/v2\/media\/246366"}],"wp:attachment":[{"href":"https:\/\/iha-race.com\/it\/wp-json\/wp\/v2\/media?parent=246378"}],"wp:term":[{"taxonomy":"pwb-brand","embeddable":true,"href":"https:\/\/iha-race.com\/it\/wp-json\/wp\/v2\/pwb-brand?post=246378"},{"taxonomy":"product_cat","embeddable":true,"href":"https:\/\/iha-race.com\/it\/wp-json\/wp\/v2\/product_cat?post=246378"},{"taxonomy":"product_tag","embeddable":true,"href":"https:\/\/iha-race.com\/it\/wp-json\/wp\/v2\/product_tag?post=246378"}],"curies":[{"name":"wp","href":"https:\/\/api.w.org\/{rel}","templated":true}]}}