{"id":246234,"date":"2024-04-19T18:55:36","date_gmt":"2024-04-19T16:55:36","guid":{"rendered":"https:\/\/iha-race.com\/producto\/quadcopter-brushless-aquila16\/"},"modified":"2024-08-29T11:19:18","modified_gmt":"2024-08-29T09:19:18","slug":"quadcopter-brushless-aquila16","status":"publish","type":"product","link":"https:\/\/iha-race.com\/it\/prodotto\/quadcopter-brushless-aquila16\/","title":{"rendered":"Quadcopter brushless Aquila16"},"content":{"rendered":"<h2>Quadcopter brushless Aquila16<\/h2>\n<p>  Il quadcopter a batteria Aquila16 \u00e8 un&#8217;opzione pi\u00f9 avanzata per i principianti. \u00c8 un quadcopter invertito con un design aerodinamico modulare. Vola fino a 8 minuti, coprendo una distanza massima di 200 metri. Godetevi l&#8217;hovering stabile e la protezione del telaio migliorata, per una pratica di volo costante e un controllo migliore. Accelera la tua curva di apprendimento FPV e diventa subito un professionista.  <img decoding=\"async\" src=\"https:\/\/cdn.shopifycdn.net\/s\/files\/1\/1778\/6615\/files\/e8c7a27fcd16eb3879f1b0132dc5c82f_1024x1024.jpg?v=1697616093\" alt=\"Quadcopter brushless Aquila16\"><\/p>\n<h2>Caratteristiche<\/h2>\n<ul>\n<li>Il quadcopter brushless Aquila16 eccelle per la sua capacit\u00e0 di librarsi in volo assistito, assicurando un volo sicuro e senza sforzo per un apprendimento spensierato.<\/li>\n<li>Costruito in materiale PA12 resistente, l&#8217;Aquila16 con condotto Ferina ha un&#8217;eccellente resistenza agli urti e alle cadute, garantendo una maggiore tranquillit\u00e0 nell&#8217;apprendimento.<\/li>\n<li>Con una batteria da 1100 mAh, offre un tempo di volo di 8 minuti e una distanza massima di volo di 200 metri. Per coloro che desiderano modalit\u00e0 di volo avanzate, come il freestyle o le gare, si consiglia di optare per una batteria 650.<\/li>\n<li>La porta di configurazione della batteria fissa e la batteria modulare riducono al minimo i progetti di ridondanza, rendendo l&#8217;installazione semplice e senza problemi.<\/li>\n<li>L&#8217;Aquila16 V1.0 FC, sviluppato in proprio e che utilizza la configurazione BETAFPV, \u00e8 dotato del firmware pi\u00f9 diffuso nella comunit\u00e0 FPV. I principianti possono imparare e comprendere meglio l&#8217;FPV, che \u00e8 un modo essenziale per acquisire esperienza con i droni.<\/li>\n<li>Offre 3 modalit\u00e0 di volo e velocit\u00e0, da principiante a professionista e sblocca gradualmente le abilit\u00e0 avanzate.<\/li>\n<\/ul>\n<h2>Specifiche tecniche<\/h2>\n<ul>\n<li>Batteria: Batteria esclusiva Aquila16|1100 mAh (predefinita), 650 mAh (opzionale)<\/li>\n<li>Telecamera: C02<\/li>\n<li>Regolazione dell&#8217;angolo della telecamera: 15\u00b0-30\u00b0 Regolazione dell&#8217;angolo della telecamera: 15\u00b0-30\u00b0 Regolazione dell&#8217;angolo della telecamera: 15\u00b0-30\u00b0 Regolazione dell&#8217;angolo della telecamera: 15\u00b0-30<\/li>\n<li>Caricabatterie utilizzato: caricabatterie BT2.0 e tester di tensione V2<\/li>\n<li>Controllore di volo: Aquila16 V1.0<\/li>\n<li>Modalit\u00e0 di volo: modalit\u00e0 N\/S\/M<\/li>\n<li>Tempo di volo (4,35V-3,4V): 8 minuti<\/li>\n<li>Materiale del telaio: PA12 nero<\/li>\n<li>Motori: 1102|18000KV<\/li>\n<li>Connettore di alimentazione: connettore BT2.0<\/li>\n<li>Eliche: eliche Beta-45 mm a 3 pale<\/li>\n<li>Ricevitore: serie ELRS versione 2.4G 3.0<\/li>\n<li>Collegamento del ricevitore: acceso 3 volte<\/li>\n<li>Trasmettitore video (VTX): Aquila 25-350mW VTX<\/li>\n<li>Potenza e portata VTX: 25 mW (portata: 80 m), 350 mW (portata: 200 m)<\/li>\n<li>Passo: 86 mm<\/li>\n<li>Peso (senza batteria): 47,1 g<\/li>\n<li>Peso al decollo (con batteria da 1100 mAh): 72,5 g<\/li>\n<\/ul>\n<h2>Volare pi\u00f9 lontano, volare pi\u00f9 a lungo<\/h2>\n<p>  Con un&#8217;impressionante durata di volo di 8 minuti, potrai goderti infinite sessioni di pratica e una distanza di volo fino a 200 m al chiuso o all&#8217;aperto. Godetevi i voli ininterrotti, per concentrarvi sul perfezionamento delle vostre abilit\u00e0 di pilotaggio. \u00c8 dotato di un sistema di trasmissione video ad alta potenza e bassa latenza da 350 mW, che garantisce una trasmissione video in tempo reale con segnali stabili fino a 200 metri. D\u00ec addio ai ritardi e immergiti nell&#8217;emozione del volo.  <img decoding=\"async\" src=\"https:\/\/cdn.shopifycdn.net\/s\/files\/1\/1778\/6615\/files\/6bf1a5e6a8fbcdb0cab6b737445c4e4b_831c9a10-1333-4e74-9769-d2f64b0d5975_1024x1024.jpg?v=1698030539\" alt=\"Quadcopter brushless Aquila16\"><\/p>\n<h2>Funzioni di volo ausiliarie<\/h2>\n<p>  Il quadcopter brushless Aquila16 eccelle per la sua capacit\u00e0 di librarsi in volo assistito, garantendo un volo sicuro e senza sforzo per un apprendimento senza preoccupazioni. Il barometro integrato ad alta precisione per il rilevamento dell&#8217;altitudine beneficia di un&#8217;elevata stabilit\u00e0 grazie alla modalit\u00e0 di mantenimento della posizione e allo spostamento automatico, che consente al drone di rimanere all&#8217;altitudine corrente. Questa funzione garantisce un atterraggio di emergenza in caso di perdita di controllo o di batteria scarica. Inoltre, le sue caratteristiche di volo stabili ti permettono di catturare immagini straordinarie con la massima precisione utilizzando gli occhiali FPV VR03. Provate un&#8217;immensa quantit\u00e0 di divertimento e facilit\u00e0 di volo.  <img decoding=\"async\" src=\"https:\/\/cdn.shopifycdn.net\/s\/files\/1\/1778\/6615\/files\/46576ea6225b0bf36a8d944cc9311f01_1024x1024.jpg?v=1697623010\" alt=\"Quadcopter Quila16 Brushless\"><\/p>\n<p><em>Nota: La funzione di mantenimento della posizione \u00e8 disponibile solo in modalit\u00e0 N.<\/em><\/p>\n<h2>Progettato per facilitare il volo<\/h2>\n<p>  Ogni aspetto del suo design incorpora la possibilit\u00e0 di facilitare il volo ai principianti. L&#8217;inclusione di un sistema di condotti invertiti migliora la spinta e la stabilit\u00e0, consentendo al drone di ottenere prestazioni di volo superiori con precisione. La porta a configurazione fissa e la batteria modulare riducono al minimo i progetti di ridondanza, rendendo l&#8217;installazione semplice e senza problemi. Il design della protezione del condotto garantisce voli sicuri proteggendo le eliche, che sono attrezzate per affrontare ostacoli imprevisti.  <img decoding=\"async\" src=\"https:\/\/cdn.shopifycdn.net\/s\/files\/1\/1778\/6615\/files\/83391da716f74a4ae6d1bd2edf808e47_1805eede-d888-45ee-9d88-5a6e26c4c9e9_1024x1024.jpg?v=1697716051\" alt=\"Quadcopter brushless Aquila16\">  La giunzione del ricevitore deve essere accesa 3 volte e la prima accensione della batteria pu\u00f2 risultare stretta, il che richiede una certa tecnica di inserimento e rimozione.  <a href=\"https:\/\/www.youtube.com\/watch?v=sVDAzZalURg\">Guarda questo video.<\/a><\/p>\n<h2>Volare all&#8217;interno e all&#8217;esterno<\/h2>\n<p>  Il quadcopter a batteria Aquila16 offre un&#8217;esperienza di volo entusiasmante per tutti, indipendentemente dall&#8217;et\u00e0 e dal livello di abilit\u00e0. La struttura resistente garantisce prestazioni di lunga durata, mentre i comandi intuitivi offrono una manovrabilit\u00e0 precisa, assicurando un&#8217;esperienza di volo in interni ed esterni senza preoccupazioni, mentre si catturano momenti mozzafiato con una telecamera di alta qualit\u00e0 e si gode del brivido dell&#8217;FPV in tempo reale. La semplice configurazione permette di immergersi completamente nella pura gioia del volo, liberando illimitate possibilit\u00e0 creative.  <img decoding=\"async\" src=\"https:\/\/cdn.shopifycdn.net\/s\/files\/1\/1778\/6615\/files\/6e98834b6b0690a23f244032178aa509_79e58564-5e37-48af-bada-26f1db7272b7_1024x1024.jpg?v=1697716079\" alt=\"Quadcopter brushless Aquila16\"><\/p>\n<h2>Varie modalit\u00e0, accessibili a tutti.<\/h2>\n<p>  Il quadcopter brushless Aquila16 offre 3 modalit\u00e0 di volo N\/S\/M e supporta 3 diverse velocit\u00e0: SLOW\/MEDIUM\/FAST. Con la modalit\u00e0 Turtle, non c&#8217;\u00e8 alcun carico per volare e non \u00e8 necessario allontanarsi per correggere manualmente la posizione per capovolgerlo e riprendere il volo quando il quadcopter colpisce il terreno e si capovolge. Che tu sia un pilota FPV esperto o un principiante, il quadcopter brushless Aquila16 permette a tutti di volare con sicurezza fin dal primo giorno.  <img decoding=\"async\" src=\"https:\/\/cdn.shopifycdn.net\/s\/files\/1\/1778\/6615\/files\/5f185f265528ba515aee8e5964d417a3_1a5cf005-0f9d-4a3f-9d00-98282e4ee3e9_1024x1024.jpg?v=1697616156\" alt=\"Quadcopter brushless Aquila16\">  La tabella seguente mostra la tabella per le diverse velocit\u00e0 nelle modalit\u00e0 N di accelerazione massima.  <\/p>\n<div class=\"table-wrapper\">\n<table style=\"height: 60px;\" width=\"1277\">\n<tbody>\n<tr>\n<td width=\"98\">LENTO<\/td>\n<td width=\"98\">MEDIO<\/td>\n<td width=\"98\">VELOCE<\/td>\n<\/tr>\n<tr>\n<td>1,25 m\/s<\/td>\n<td>3,33 m\/s<\/td>\n<td>5 m\/s<\/td>\n<\/tr>\n<\/tbody>\n<\/table>\n<\/div>\n<p><img decoding=\"async\" src=\"https:\/\/cdn.shopifycdn.net\/s\/files\/1\/1778\/6615\/files\/1_5f0a91e9-ef47-490b-97b0-89530958fe53_1024x1024.jpg?v=1698030755\" alt=\"Batteria esclusiva Aquila16 (2PCS)\">  Il kit Aquila16 FPV viene fornito con una batteria predefinita da 1100 mAh, ideale per i principianti che cercano un&#8217;esperienza di volo fluida in modalit\u00e0 N\/S. Tuttavia, per chi vuole migliorare le proprie abilit\u00e0 di volo freestyle e le gare in M-Mode, la versione con batteria da 650 mAh \u00e8 pi\u00f9 adatta e va acquistata separatamente.  <\/p>\n<h2>Parti consigliate<\/h2>\n<ul>\n<li>Trasmettitore radio: trasmettitore radio LiteRadio 2 SE<\/li>\n<li>Occhiali di protezione: Occhiali FPV VR03<\/li>\n<li>Batteria: Batteria esclusiva Aquila16 (2PCS)<\/li>\n<li>Motore: 1102|Motore 18000KV<\/li>\n<\/ul>\n<h2>Domande frequenti<\/h2>\n<ul>\n<li><a href=\"https:\/\/support.betafpv.com\/hc\/en-us\/articles\/24444068242329-Manual-for-Aquila16-Brushless-Quadcopter\">Scarica<\/a> il manuale del quadcopter Aquila16 Brushless.<\/li>\n<li><a href=\"https:\/\/support.betafpv.com\/hc\/en-us\/articles\/24620036614809-Firmware-for-Aquila16-FPV-Kit\">Scarica<\/a> il firmware del quadcopter brushless Aquila16.<\/li>\n<li><a href=\"https:\/\/support.betafpv.com\/hc\/en-us\/articles\/29941006696729-How-to-replace-the-VTX-of-Aquila-16\">Come sostituire il modulo VTX del quadcopter Aquila16 Brushless.<\/a><\/li>\n<li>C&#8217;\u00e8 il rischio che la batteria si stacchi in caso di incidenti gravi.<\/li>\n<li>Regolazione dell&#8217;angolo della telecamera: il coperchio \u00e8 fisso e l&#8217;angolo della telecamera pu\u00f2 essere regolato allentando o stringendo le viti su entrambi i lati.<\/li>\n<li>ExpressLRS \u00e8 il collegamento radio pi\u00f9 popolare del momento. Per saperne <a href=\"https:\/\/betafpv.com\/blogs\/blog\/expresslrs-the-best-rc-link-ever\">di pi\u00f9 su ExpressLRS, cliccate qui<\/a>.<\/li>\n<\/ul>\n<h2>Il pacchetto comprende<\/h2>\n<ul>\n<li>1 quadcopter brushless Aquila16<\/li>\n<li>4 accessori a 3 lame Beta-45mm (set di ricambio)<\/li>\n<li>2 x Batteria esclusiva Aquila16|1100mAh<\/li>\n<li>2 x cavo adattatore di ricarica<\/li>\n<li>1 caricabatterie BT2.0 e tester di tensione V2<\/li>\n<li>1 cavo adattatore a 4 pin.<\/li>\n<li>1 x cacciavite a croce<\/li>\n<li>1 x Set di viti esclusivo (di ricambio)<\/li>\n<li>1 x strumento di rimozione degli accessori<\/li>\n<li>1 scheda adattatore USB Type-C (da utilizzare insieme al cavo adattatore a 4 pin per la configurazione FC)<\/li>\n<\/ul>\n<p><img decoding=\"async\" src=\"https:\/\/cdn.shopifycdn.net\/s\/files\/1\/1778\/6615\/files\/8_b28342e7-4fed-4a3c-b5eb-85d366ae41cd_480x480.jpg?v=1697699525\" alt=\"Quadcopter brushless Aquila16\"><\/p>\n","protected":false},"excerpt":{"rendered":"<p>Quadcopter brushless Aquila16 Il quadcopter a batteria Aquila16 \u00e8 un&#8217;opzione pi\u00f9 avanzata per i principianti. \u00c8 un quadcopter invertito con un design aerodinamico modulare. Vola fino a 8 minuti, coprendo<\/p>\n","protected":false},"featured_media":245718,"comment_status":"open","ping_status":"closed","template":"","meta":{"_joinchat":[]},"pwb-brand":[],"product_cat":[1438,1505],"product_tag":[],"class_list":{"0":"post-246234","1":"product","2":"type-product","3":"status-publish","4":"has-post-thumbnail","6":"product_cat-droni-fpv","7":"product_cat-droni-starter","9":"first","10":"instock","11":"taxable","12":"shipping-taxable","13":"purchasable","14":"product-type-simple"},"barcode":null,"atum_controlled":true,"out_stock_date":null,"out_stock_threshold":null,"inheritable":false,"stock_on_hold":0,"sold_today":0,"sales_last_days":0,"out_stock_days":0,"lost_sales":0,"update_date":"2026-04-27T19:43:52","atum_locations":[],"atum_stock_status":"instock","restock_status":false,"low_stock_amount":"","sales_update_date":"2026-04-27T19:43:52","calc_backorders":null,"yoast_head":"<!-- This site is optimized with the Yoast SEO plugin v27.3 - https:\/\/yoast.com\/product\/yoast-seo-wordpress\/ -->\n<title>Quadcopter brushless Aquila16 - Iha Race<\/title>\n<meta name=\"robots\" content=\"index, follow, max-snippet:-1, max-image-preview:large, max-video-preview:-1\" \/>\n<link rel=\"canonical\" href=\"https:\/\/iha-race.com\/it\/prodotto\/quadcopter-brushless-aquila16\/\" \/>\n<meta property=\"og:locale\" content=\"it_IT\" \/>\n<meta property=\"og:type\" content=\"article\" \/>\n<meta property=\"og:title\" content=\"Quadcopter brushless Aquila16 - Iha Race\" \/>\n<meta property=\"og:description\" content=\"Quadcopter brushless Aquila16 Il quadcopter a batteria Aquila16 \u00e8 un&#8217;opzione pi\u00f9 avanzata per i principianti. \u00c8 un quadcopter invertito con un design aerodinamico modulare. Vola fino a 8 minuti, coprendo\" \/>\n<meta property=\"og:url\" content=\"https:\/\/iha-race.com\/it\/prodotto\/quadcopter-brushless-aquila16\/\" \/>\n<meta property=\"og:site_name\" content=\"Iha Race\" \/>\n<meta property=\"article:modified_time\" content=\"2024-08-29T09:19:18+00:00\" \/>\n<meta property=\"og:image\" content=\"https:\/\/iha-race.com\/wp-content\/uploads\/2024\/04\/Cuadricoptero-sin-escobillas-Aquila16.webp\" \/>\n\t<meta property=\"og:image:width\" content=\"720\" \/>\n\t<meta property=\"og:image:height\" content=\"720\" \/>\n\t<meta property=\"og:image:type\" content=\"image\/webp\" \/>\n<meta name=\"twitter:card\" content=\"summary_large_image\" \/>\n<meta name=\"twitter:label1\" content=\"Tempo di lettura stimato\" \/>\n\t<meta name=\"twitter:data1\" content=\"5 minuti\" \/>\n<script type=\"application\/ld+json\" class=\"yoast-schema-graph\">{\"@context\":\"https:\\\/\\\/schema.org\",\"@graph\":[{\"@type\":\"WebPage\",\"@id\":\"https:\\\/\\\/iha-race.com\\\/it\\\/prodotto\\\/quadcopter-brushless-aquila16\\\/\",\"url\":\"https:\\\/\\\/iha-race.com\\\/it\\\/prodotto\\\/quadcopter-brushless-aquila16\\\/\",\"name\":\"Quadcopter brushless Aquila16 - Iha Race\",\"isPartOf\":{\"@id\":\"https:\\\/\\\/iha-race.com\\\/it\\\/#website\"},\"primaryImageOfPage\":{\"@id\":\"https:\\\/\\\/iha-race.com\\\/it\\\/prodotto\\\/quadcopter-brushless-aquila16\\\/#primaryimage\"},\"image\":{\"@id\":\"https:\\\/\\\/iha-race.com\\\/it\\\/prodotto\\\/quadcopter-brushless-aquila16\\\/#primaryimage\"},\"thumbnailUrl\":\"https:\\\/\\\/iha-race.com\\\/wp-content\\\/uploads\\\/2024\\\/04\\\/Cuadricoptero-sin-escobillas-Aquila16.webp\",\"datePublished\":\"2024-04-19T16:55:36+00:00\",\"dateModified\":\"2024-08-29T09:19:18+00:00\",\"breadcrumb\":{\"@id\":\"https:\\\/\\\/iha-race.com\\\/it\\\/prodotto\\\/quadcopter-brushless-aquila16\\\/#breadcrumb\"},\"inLanguage\":\"it-IT\",\"potentialAction\":[{\"@type\":\"ReadAction\",\"target\":[\"https:\\\/\\\/iha-race.com\\\/it\\\/prodotto\\\/quadcopter-brushless-aquila16\\\/\"]}]},{\"@type\":\"ImageObject\",\"inLanguage\":\"it-IT\",\"@id\":\"https:\\\/\\\/iha-race.com\\\/it\\\/prodotto\\\/quadcopter-brushless-aquila16\\\/#primaryimage\",\"url\":\"https:\\\/\\\/iha-race.com\\\/wp-content\\\/uploads\\\/2024\\\/04\\\/Cuadricoptero-sin-escobillas-Aquila16.webp\",\"contentUrl\":\"https:\\\/\\\/iha-race.com\\\/wp-content\\\/uploads\\\/2024\\\/04\\\/Cuadricoptero-sin-escobillas-Aquila16.webp\",\"width\":720,\"height\":720},{\"@type\":\"BreadcrumbList\",\"@id\":\"https:\\\/\\\/iha-race.com\\\/it\\\/prodotto\\\/quadcopter-brushless-aquila16\\\/#breadcrumb\",\"itemListElement\":[{\"@type\":\"ListItem\",\"position\":1,\"name\":\"Portada\",\"item\":\"https:\\\/\\\/iha-race.com\\\/it\\\/\"},{\"@type\":\"ListItem\",\"position\":2,\"name\":\"Negozio\",\"item\":\"https:\\\/\\\/iha-race.com\\\/it\\\/negozio\\\/\"},{\"@type\":\"ListItem\",\"position\":3,\"name\":\"Quadcopter brushless Aquila16\"}]},{\"@type\":\"WebSite\",\"@id\":\"https:\\\/\\\/iha-race.com\\\/it\\\/#website\",\"url\":\"https:\\\/\\\/iha-race.com\\\/it\\\/\",\"name\":\"Iha Race\",\"description\":\"Comprar drones de carreras FPV env\u00edos en un d\u00eda desde Espa\u00f1a\",\"publisher\":{\"@id\":\"https:\\\/\\\/iha-race.com\\\/it\\\/#organization\"},\"potentialAction\":[{\"@type\":\"SearchAction\",\"target\":{\"@type\":\"EntryPoint\",\"urlTemplate\":\"https:\\\/\\\/iha-race.com\\\/it\\\/?s={search_term_string}\"},\"query-input\":{\"@type\":\"PropertyValueSpecification\",\"valueRequired\":true,\"valueName\":\"search_term_string\"}}],\"inLanguage\":\"it-IT\"},{\"@type\":\"Organization\",\"@id\":\"https:\\\/\\\/iha-race.com\\\/it\\\/#organization\",\"name\":\"Iha Race\",\"url\":\"https:\\\/\\\/iha-race.com\\\/it\\\/\",\"logo\":{\"@type\":\"ImageObject\",\"inLanguage\":\"it-IT\",\"@id\":\"https:\\\/\\\/iha-race.com\\\/it\\\/#\\\/schema\\\/logo\\\/image\\\/\",\"url\":\"https:\\\/\\\/iha-race.com\\\/wp-content\\\/uploads\\\/2018\\\/07\\\/iha-race-drones-de-carreras-tienda-comprar-drones.png\",\"contentUrl\":\"https:\\\/\\\/iha-race.com\\\/wp-content\\\/uploads\\\/2018\\\/07\\\/iha-race-drones-de-carreras-tienda-comprar-drones.png\",\"width\":300,\"height\":100,\"caption\":\"Iha Race\"},\"image\":{\"@id\":\"https:\\\/\\\/iha-race.com\\\/it\\\/#\\\/schema\\\/logo\\\/image\\\/\"}}]}<\/script>\n<!-- \/ Yoast SEO plugin. -->","yoast_head_json":{"title":"Quadcopter brushless Aquila16 - Iha Race","robots":{"index":"index","follow":"follow","max-snippet":"max-snippet:-1","max-image-preview":"max-image-preview:large","max-video-preview":"max-video-preview:-1"},"canonical":"https:\/\/iha-race.com\/it\/prodotto\/quadcopter-brushless-aquila16\/","og_locale":"it_IT","og_type":"article","og_title":"Quadcopter brushless Aquila16 - Iha Race","og_description":"Quadcopter brushless Aquila16 Il quadcopter a batteria Aquila16 \u00e8 un&#8217;opzione pi\u00f9 avanzata per i principianti. \u00c8 un quadcopter invertito con un design aerodinamico modulare. Vola fino a 8 minuti, coprendo","og_url":"https:\/\/iha-race.com\/it\/prodotto\/quadcopter-brushless-aquila16\/","og_site_name":"Iha Race","article_modified_time":"2024-08-29T09:19:18+00:00","og_image":[{"width":720,"height":720,"url":"https:\/\/iha-race.com\/wp-content\/uploads\/2024\/04\/Cuadricoptero-sin-escobillas-Aquila16.webp","type":"image\/webp"}],"twitter_card":"summary_large_image","twitter_misc":{"Tempo di lettura stimato":"5 minuti"},"schema":{"@context":"https:\/\/schema.org","@graph":[{"@type":"WebPage","@id":"https:\/\/iha-race.com\/it\/prodotto\/quadcopter-brushless-aquila16\/","url":"https:\/\/iha-race.com\/it\/prodotto\/quadcopter-brushless-aquila16\/","name":"Quadcopter brushless Aquila16 - Iha Race","isPartOf":{"@id":"https:\/\/iha-race.com\/it\/#website"},"primaryImageOfPage":{"@id":"https:\/\/iha-race.com\/it\/prodotto\/quadcopter-brushless-aquila16\/#primaryimage"},"image":{"@id":"https:\/\/iha-race.com\/it\/prodotto\/quadcopter-brushless-aquila16\/#primaryimage"},"thumbnailUrl":"https:\/\/iha-race.com\/wp-content\/uploads\/2024\/04\/Cuadricoptero-sin-escobillas-Aquila16.webp","datePublished":"2024-04-19T16:55:36+00:00","dateModified":"2024-08-29T09:19:18+00:00","breadcrumb":{"@id":"https:\/\/iha-race.com\/it\/prodotto\/quadcopter-brushless-aquila16\/#breadcrumb"},"inLanguage":"it-IT","potentialAction":[{"@type":"ReadAction","target":["https:\/\/iha-race.com\/it\/prodotto\/quadcopter-brushless-aquila16\/"]}]},{"@type":"ImageObject","inLanguage":"it-IT","@id":"https:\/\/iha-race.com\/it\/prodotto\/quadcopter-brushless-aquila16\/#primaryimage","url":"https:\/\/iha-race.com\/wp-content\/uploads\/2024\/04\/Cuadricoptero-sin-escobillas-Aquila16.webp","contentUrl":"https:\/\/iha-race.com\/wp-content\/uploads\/2024\/04\/Cuadricoptero-sin-escobillas-Aquila16.webp","width":720,"height":720},{"@type":"BreadcrumbList","@id":"https:\/\/iha-race.com\/it\/prodotto\/quadcopter-brushless-aquila16\/#breadcrumb","itemListElement":[{"@type":"ListItem","position":1,"name":"Portada","item":"https:\/\/iha-race.com\/it\/"},{"@type":"ListItem","position":2,"name":"Negozio","item":"https:\/\/iha-race.com\/it\/negozio\/"},{"@type":"ListItem","position":3,"name":"Quadcopter brushless Aquila16"}]},{"@type":"WebSite","@id":"https:\/\/iha-race.com\/it\/#website","url":"https:\/\/iha-race.com\/it\/","name":"Iha Race","description":"Comprar drones de carreras FPV env\u00edos en un d\u00eda desde Espa\u00f1a","publisher":{"@id":"https:\/\/iha-race.com\/it\/#organization"},"potentialAction":[{"@type":"SearchAction","target":{"@type":"EntryPoint","urlTemplate":"https:\/\/iha-race.com\/it\/?s={search_term_string}"},"query-input":{"@type":"PropertyValueSpecification","valueRequired":true,"valueName":"search_term_string"}}],"inLanguage":"it-IT"},{"@type":"Organization","@id":"https:\/\/iha-race.com\/it\/#organization","name":"Iha Race","url":"https:\/\/iha-race.com\/it\/","logo":{"@type":"ImageObject","inLanguage":"it-IT","@id":"https:\/\/iha-race.com\/it\/#\/schema\/logo\/image\/","url":"https:\/\/iha-race.com\/wp-content\/uploads\/2018\/07\/iha-race-drones-de-carreras-tienda-comprar-drones.png","contentUrl":"https:\/\/iha-race.com\/wp-content\/uploads\/2018\/07\/iha-race-drones-de-carreras-tienda-comprar-drones.png","width":300,"height":100,"caption":"Iha Race"},"image":{"@id":"https:\/\/iha-race.com\/it\/#\/schema\/logo\/image\/"}}]}},"jetpack_sharing_enabled":true,"brands":[],"_links":{"self":[{"href":"https:\/\/iha-race.com\/it\/wp-json\/wp\/v2\/product\/246234","targetHints":{"allow":["GET"]}}],"collection":[{"href":"https:\/\/iha-race.com\/it\/wp-json\/wp\/v2\/product"}],"about":[{"href":"https:\/\/iha-race.com\/it\/wp-json\/wp\/v2\/types\/product"}],"replies":[{"embeddable":true,"href":"https:\/\/iha-race.com\/it\/wp-json\/wp\/v2\/comments?post=246234"}],"version-history":[{"count":1,"href":"https:\/\/iha-race.com\/it\/wp-json\/wp\/v2\/product\/246234\/revisions"}],"predecessor-version":[{"id":248453,"href":"https:\/\/iha-race.com\/it\/wp-json\/wp\/v2\/product\/246234\/revisions\/248453"}],"wp:featuredmedia":[{"embeddable":true,"href":"https:\/\/iha-race.com\/it\/wp-json\/wp\/v2\/media\/245718"}],"wp:attachment":[{"href":"https:\/\/iha-race.com\/it\/wp-json\/wp\/v2\/media?parent=246234"}],"wp:term":[{"taxonomy":"pwb-brand","embeddable":true,"href":"https:\/\/iha-race.com\/it\/wp-json\/wp\/v2\/pwb-brand?post=246234"},{"taxonomy":"product_cat","embeddable":true,"href":"https:\/\/iha-race.com\/it\/wp-json\/wp\/v2\/product_cat?post=246234"},{"taxonomy":"product_tag","embeddable":true,"href":"https:\/\/iha-race.com\/it\/wp-json\/wp\/v2\/product_tag?post=246234"}],"curies":[{"name":"wp","href":"https:\/\/api.w.org\/{rel}","templated":true}]}}