{"id":246214,"date":"2024-04-03T18:24:48","date_gmt":"2024-04-03T16:24:48","guid":{"rendered":"https:\/\/iha-race.com\/producto\/marsupio-torvol-chest-rig\/"},"modified":"2024-08-29T11:18:25","modified_gmt":"2024-08-29T09:18:25","slug":"marsupio-torvol-chest-rig","status":"publish","type":"product","link":"https:\/\/iha-race.com\/it\/prodotto\/marsupio-torvol-chest-rig\/","title":{"rendered":"Marsupio Torvol Chest Rig"},"content":{"rendered":"<h2>Marsupio Torvol Chest Rig<\/h2>\n<p><span>Immagina di trovarti nel cuore di un&#8217;emozionante gara di droni FPV e di aver bisogno di un accesso rapido ai tuoi strumenti. Con la borsa Torvol FIVE33 Fast track, i tuoi strumenti sono a portata di mano. Indossato sui fianchi o sul busto, si adatta alla tua avventura FPV ad alta velocit\u00e0, mentre uno scomparto antigraffio mantiene intatta la tua attrezzatura.<\/span><\/p>\n<p><span>\u00c8 stato sviluppato in collaborazione con il campione di DRL Drone Evan Turner, due volte vincitore del campionato, 25 volte sul podio e il pi\u00f9 giovane campione DRL della storia.<\/span><\/p>\n<ul>\n<li><strong><span>Usabilit\u00e0 dinamica:<\/span><br \/>\n<\/strong><span>Usalo a modo tuo! La borsa FIVE33 Fast track offre una configurazione flessibile per la spalla e per il corpo, assicurando una vestibilit\u00e0 comoda per ogni occasione. Affronta le sfide della vita con facilit\u00e0 e stile.<\/span><\/li>\n<li><strong><span>Robusto e impermeabile:<\/span><br \/>\n<\/strong><span>Costruita per resistere a qualsiasi condizione atmosferica, la nostra borsa \u00e8 realizzata con materiali di alta qualit\u00e0 resistenti all&#8217;acqua. Che si tratti di pioggia inaspettata o di un&#8217;avventura, la tua attrezzatura rimane asciutta e protetta.<\/span><\/li>\n<li><strong><span>Porta per il passaggio del cavo:<\/span><\/strong><br \/>\n<span>Resta connesso mentre viaggi! La porta integrata per il passaggio dei cavi permette ai tuoi dispositivi di rimanere carichi e pronti all&#8217;azione e di essere organizzati in modo sicuro.<\/span><\/li>\n<li><strong><span>Attenzione alla tecnologia:<\/span><\/strong><span>  Proteggi i tuoi oggetti essenziali con una tasca in microfibra perfettamente dimensionata per i tuoi piccoli tablet, smartphone o occhiali da sole. I tuoi dispositivi meritano il meglio e noi li copriamo.<\/span><\/li>\n<li><strong><span>Efficienza scatenata:<\/span><\/strong><span>  Niente pi\u00f9 palpeggiamenti! Il pannello degli attrezzi rimovibile consente di organizzare e rendere accessibile la tua attrezzatura, facendoti risparmiare tempo prezioso nei momenti cruciali. Non dovrai pi\u00f9 cercare gli strumenti perduti.<\/span><\/li>\n<\/ul>\n<h3>Caratteristiche<\/h3>\n<ul class=\"productpagefeatures\">\n<li><span class=\"ui-provider ed baj bak bal bam ban bao bap baq bar bas bat bau bav baw bax bay baz bba bbb bbc bbd bbe bbf bbg bbh bbi bbj bbk bbl bbm bbn bbo bbp bbq\" dir=\"ltr\">Protezione per tutte le stagioni &#8211; Realizzato con materiali resistenti all&#8217;acqua.<\/span><\/li>\n<li><span class=\"ui-provider ed baj bak bal bam ban bao bap baq bar bas bat bau bav baw bax bay baz bba bbb bbc bbd bbe bbf bbg bbh bbi bbj bbk bbl bbm bbn bbo bbp bbq\" dir=\"ltr\">Comandare con sicurezza: sistema di controllo a gancio e a strappo<\/span><\/li>\n<li><span class=\"ui-provider ed baj bak bal bam ban bao bap baq bar bas bat bau bav baw bax bay baz bba bbb bbc bbd bbe bbf bbg bbh bbi bbj bbk bbl bbm bbn bbo bbp bbq\" dir=\"ltr\">Personalizzato in base alle tue esigenze: sistema MOLLE esterno<\/span><\/li>\n<li><span class=\"ui-provider ed baj bak bal bam ban bao bap baq bar bas bat bau bav baw bax bay baz bba bbb bbc bbd bbe bbf bbg bbh bbi bbj bbk bbl bbm bbn bbo bbp bbq\" dir=\"ltr\">Efficienza organizzata: scomparti multipli<\/span><\/li>\n<li><span class=\"ui-provider ed baj bak bal bam ban bao bap baq bar bas bat bau bav baw bax bay baz bba bbb bbc bbd bbe bbf bbg bbh bbi bbj bbk bbl bbm bbn bbo bbp bbq\" dir=\"ltr\">Confortevole: imbottitura posteriore a flusso d&#8217;aria<\/span><\/li>\n<li><span class=\"ui-provider ed baj bak bal bam ban bao bap baq bar bas bat bau bav baw bax bay baz bba bbb bbc bbd bbe bbf bbg bbh bbi bbj bbk bbl bbm bbn bbo bbp bbq\" dir=\"ltr\">Completamente regolabile &#8211; Sistema di cinghie ergonomiche e sicure<\/span><\/li>\n<li>Capacit\u00e0: 2,1L<\/li>\n<\/ul>\n<h3>Il pacchetto comprende<\/h3>\n<ul>\n<li>1 x pettorale\/abbeveratoio Torvol<\/li>\n<\/ul>\n","protected":false},"excerpt":{"rendered":"<p>Marsupio Torvol Chest Rig Immagina di trovarti nel cuore di un&#8217;emozionante gara di droni FPV e di aver bisogno di un accesso rapido ai tuoi strumenti. Con la borsa Torvol<\/p>\n","protected":false},"featured_media":245229,"comment_status":"open","ping_status":"closed","template":"","meta":{"_joinchat":[]},"pwb-brand":[],"product_cat":[1420],"product_tag":[],"class_list":{"0":"post-246214","1":"product","2":"type-product","3":"status-publish","4":"has-post-thumbnail","6":"product_cat-zaini-fpv","8":"first","9":"instock","10":"sale","11":"taxable","12":"shipping-taxable","13":"purchasable","14":"product-type-simple"},"barcode":null,"atum_controlled":true,"out_stock_date":null,"out_stock_threshold":null,"inheritable":false,"stock_on_hold":0,"sold_today":0,"sales_last_days":0,"out_stock_days":0,"lost_sales":0,"update_date":"2026-04-27T19:43:52","atum_locations":[],"atum_stock_status":"instock","restock_status":false,"low_stock_amount":"","sales_update_date":"2026-04-27T19:43:52","calc_backorders":null,"yoast_head":"<!-- This site is optimized with the Yoast SEO plugin v27.3 - https:\/\/yoast.com\/product\/yoast-seo-wordpress\/ -->\n<title>Marsupio Torvol Chest Rig - Iha Race<\/title>\n<meta name=\"robots\" content=\"index, follow, max-snippet:-1, max-image-preview:large, max-video-preview:-1\" \/>\n<link rel=\"canonical\" href=\"https:\/\/iha-race.com\/it\/prodotto\/marsupio-torvol-chest-rig\/\" \/>\n<meta property=\"og:locale\" content=\"it_IT\" \/>\n<meta property=\"og:type\" content=\"article\" \/>\n<meta property=\"og:title\" content=\"Marsupio Torvol Chest Rig - Iha Race\" \/>\n<meta property=\"og:description\" content=\"Marsupio Torvol Chest Rig Immagina di trovarti nel cuore di un&#8217;emozionante gara di droni FPV e di aver bisogno di un accesso rapido ai tuoi strumenti. Con la borsa Torvol\" \/>\n<meta property=\"og:url\" content=\"https:\/\/iha-race.com\/it\/prodotto\/marsupio-torvol-chest-rig\/\" \/>\n<meta property=\"og:site_name\" content=\"Iha Race\" \/>\n<meta property=\"article:modified_time\" content=\"2024-08-29T09:18:25+00:00\" \/>\n<meta property=\"og:image\" content=\"https:\/\/iha-race.com\/wp-content\/uploads\/2024\/04\/Torvol-rinonera-Chest-Rig.jpg\" \/>\n\t<meta property=\"og:image:width\" content=\"2160\" \/>\n\t<meta property=\"og:image:height\" content=\"2160\" \/>\n\t<meta property=\"og:image:type\" content=\"image\/jpeg\" \/>\n<meta name=\"twitter:card\" content=\"summary_large_image\" \/>\n<meta name=\"twitter:label1\" content=\"Tempo di lettura stimato\" \/>\n\t<meta name=\"twitter:data1\" content=\"2 minuti\" \/>\n<script type=\"application\/ld+json\" class=\"yoast-schema-graph\">{\"@context\":\"https:\\\/\\\/schema.org\",\"@graph\":[{\"@type\":\"WebPage\",\"@id\":\"https:\\\/\\\/iha-race.com\\\/it\\\/prodotto\\\/marsupio-torvol-chest-rig\\\/\",\"url\":\"https:\\\/\\\/iha-race.com\\\/it\\\/prodotto\\\/marsupio-torvol-chest-rig\\\/\",\"name\":\"Marsupio Torvol Chest Rig - Iha Race\",\"isPartOf\":{\"@id\":\"https:\\\/\\\/iha-race.com\\\/it\\\/#website\"},\"primaryImageOfPage\":{\"@id\":\"https:\\\/\\\/iha-race.com\\\/it\\\/prodotto\\\/marsupio-torvol-chest-rig\\\/#primaryimage\"},\"image\":{\"@id\":\"https:\\\/\\\/iha-race.com\\\/it\\\/prodotto\\\/marsupio-torvol-chest-rig\\\/#primaryimage\"},\"thumbnailUrl\":\"https:\\\/\\\/iha-race.com\\\/wp-content\\\/uploads\\\/2024\\\/04\\\/Torvol-rinonera-Chest-Rig.jpg\",\"datePublished\":\"2024-04-03T16:24:48+00:00\",\"dateModified\":\"2024-08-29T09:18:25+00:00\",\"breadcrumb\":{\"@id\":\"https:\\\/\\\/iha-race.com\\\/it\\\/prodotto\\\/marsupio-torvol-chest-rig\\\/#breadcrumb\"},\"inLanguage\":\"it-IT\",\"potentialAction\":[{\"@type\":\"ReadAction\",\"target\":[\"https:\\\/\\\/iha-race.com\\\/it\\\/prodotto\\\/marsupio-torvol-chest-rig\\\/\"]}]},{\"@type\":\"ImageObject\",\"inLanguage\":\"it-IT\",\"@id\":\"https:\\\/\\\/iha-race.com\\\/it\\\/prodotto\\\/marsupio-torvol-chest-rig\\\/#primaryimage\",\"url\":\"https:\\\/\\\/iha-race.com\\\/wp-content\\\/uploads\\\/2024\\\/04\\\/Torvol-rinonera-Chest-Rig.jpg\",\"contentUrl\":\"https:\\\/\\\/iha-race.com\\\/wp-content\\\/uploads\\\/2024\\\/04\\\/Torvol-rinonera-Chest-Rig.jpg\",\"width\":2160,\"height\":2160},{\"@type\":\"BreadcrumbList\",\"@id\":\"https:\\\/\\\/iha-race.com\\\/it\\\/prodotto\\\/marsupio-torvol-chest-rig\\\/#breadcrumb\",\"itemListElement\":[{\"@type\":\"ListItem\",\"position\":1,\"name\":\"Portada\",\"item\":\"https:\\\/\\\/iha-race.com\\\/it\\\/\"},{\"@type\":\"ListItem\",\"position\":2,\"name\":\"Negozio\",\"item\":\"https:\\\/\\\/iha-race.com\\\/it\\\/negozio\\\/\"},{\"@type\":\"ListItem\",\"position\":3,\"name\":\"Marsupio Torvol Chest Rig\"}]},{\"@type\":\"WebSite\",\"@id\":\"https:\\\/\\\/iha-race.com\\\/it\\\/#website\",\"url\":\"https:\\\/\\\/iha-race.com\\\/it\\\/\",\"name\":\"Iha Race\",\"description\":\"Comprar drones de carreras FPV env\u00edos en un d\u00eda desde Espa\u00f1a\",\"publisher\":{\"@id\":\"https:\\\/\\\/iha-race.com\\\/it\\\/#organization\"},\"potentialAction\":[{\"@type\":\"SearchAction\",\"target\":{\"@type\":\"EntryPoint\",\"urlTemplate\":\"https:\\\/\\\/iha-race.com\\\/it\\\/?s={search_term_string}\"},\"query-input\":{\"@type\":\"PropertyValueSpecification\",\"valueRequired\":true,\"valueName\":\"search_term_string\"}}],\"inLanguage\":\"it-IT\"},{\"@type\":\"Organization\",\"@id\":\"https:\\\/\\\/iha-race.com\\\/it\\\/#organization\",\"name\":\"Iha Race\",\"url\":\"https:\\\/\\\/iha-race.com\\\/it\\\/\",\"logo\":{\"@type\":\"ImageObject\",\"inLanguage\":\"it-IT\",\"@id\":\"https:\\\/\\\/iha-race.com\\\/it\\\/#\\\/schema\\\/logo\\\/image\\\/\",\"url\":\"https:\\\/\\\/iha-race.com\\\/wp-content\\\/uploads\\\/2018\\\/07\\\/iha-race-drones-de-carreras-tienda-comprar-drones.png\",\"contentUrl\":\"https:\\\/\\\/iha-race.com\\\/wp-content\\\/uploads\\\/2018\\\/07\\\/iha-race-drones-de-carreras-tienda-comprar-drones.png\",\"width\":300,\"height\":100,\"caption\":\"Iha Race\"},\"image\":{\"@id\":\"https:\\\/\\\/iha-race.com\\\/it\\\/#\\\/schema\\\/logo\\\/image\\\/\"}}]}<\/script>\n<!-- \/ Yoast SEO plugin. -->","yoast_head_json":{"title":"Marsupio Torvol Chest Rig - Iha Race","robots":{"index":"index","follow":"follow","max-snippet":"max-snippet:-1","max-image-preview":"max-image-preview:large","max-video-preview":"max-video-preview:-1"},"canonical":"https:\/\/iha-race.com\/it\/prodotto\/marsupio-torvol-chest-rig\/","og_locale":"it_IT","og_type":"article","og_title":"Marsupio Torvol Chest Rig - Iha Race","og_description":"Marsupio Torvol Chest Rig Immagina di trovarti nel cuore di un&#8217;emozionante gara di droni FPV e di aver bisogno di un accesso rapido ai tuoi strumenti. Con la borsa Torvol","og_url":"https:\/\/iha-race.com\/it\/prodotto\/marsupio-torvol-chest-rig\/","og_site_name":"Iha Race","article_modified_time":"2024-08-29T09:18:25+00:00","og_image":[{"width":2160,"height":2160,"url":"https:\/\/iha-race.com\/wp-content\/uploads\/2024\/04\/Torvol-rinonera-Chest-Rig.jpg","type":"image\/jpeg"}],"twitter_card":"summary_large_image","twitter_misc":{"Tempo di lettura stimato":"2 minuti"},"schema":{"@context":"https:\/\/schema.org","@graph":[{"@type":"WebPage","@id":"https:\/\/iha-race.com\/it\/prodotto\/marsupio-torvol-chest-rig\/","url":"https:\/\/iha-race.com\/it\/prodotto\/marsupio-torvol-chest-rig\/","name":"Marsupio Torvol Chest Rig - Iha Race","isPartOf":{"@id":"https:\/\/iha-race.com\/it\/#website"},"primaryImageOfPage":{"@id":"https:\/\/iha-race.com\/it\/prodotto\/marsupio-torvol-chest-rig\/#primaryimage"},"image":{"@id":"https:\/\/iha-race.com\/it\/prodotto\/marsupio-torvol-chest-rig\/#primaryimage"},"thumbnailUrl":"https:\/\/iha-race.com\/wp-content\/uploads\/2024\/04\/Torvol-rinonera-Chest-Rig.jpg","datePublished":"2024-04-03T16:24:48+00:00","dateModified":"2024-08-29T09:18:25+00:00","breadcrumb":{"@id":"https:\/\/iha-race.com\/it\/prodotto\/marsupio-torvol-chest-rig\/#breadcrumb"},"inLanguage":"it-IT","potentialAction":[{"@type":"ReadAction","target":["https:\/\/iha-race.com\/it\/prodotto\/marsupio-torvol-chest-rig\/"]}]},{"@type":"ImageObject","inLanguage":"it-IT","@id":"https:\/\/iha-race.com\/it\/prodotto\/marsupio-torvol-chest-rig\/#primaryimage","url":"https:\/\/iha-race.com\/wp-content\/uploads\/2024\/04\/Torvol-rinonera-Chest-Rig.jpg","contentUrl":"https:\/\/iha-race.com\/wp-content\/uploads\/2024\/04\/Torvol-rinonera-Chest-Rig.jpg","width":2160,"height":2160},{"@type":"BreadcrumbList","@id":"https:\/\/iha-race.com\/it\/prodotto\/marsupio-torvol-chest-rig\/#breadcrumb","itemListElement":[{"@type":"ListItem","position":1,"name":"Portada","item":"https:\/\/iha-race.com\/it\/"},{"@type":"ListItem","position":2,"name":"Negozio","item":"https:\/\/iha-race.com\/it\/negozio\/"},{"@type":"ListItem","position":3,"name":"Marsupio Torvol Chest Rig"}]},{"@type":"WebSite","@id":"https:\/\/iha-race.com\/it\/#website","url":"https:\/\/iha-race.com\/it\/","name":"Iha Race","description":"Comprar drones de carreras FPV env\u00edos en un d\u00eda desde Espa\u00f1a","publisher":{"@id":"https:\/\/iha-race.com\/it\/#organization"},"potentialAction":[{"@type":"SearchAction","target":{"@type":"EntryPoint","urlTemplate":"https:\/\/iha-race.com\/it\/?s={search_term_string}"},"query-input":{"@type":"PropertyValueSpecification","valueRequired":true,"valueName":"search_term_string"}}],"inLanguage":"it-IT"},{"@type":"Organization","@id":"https:\/\/iha-race.com\/it\/#organization","name":"Iha Race","url":"https:\/\/iha-race.com\/it\/","logo":{"@type":"ImageObject","inLanguage":"it-IT","@id":"https:\/\/iha-race.com\/it\/#\/schema\/logo\/image\/","url":"https:\/\/iha-race.com\/wp-content\/uploads\/2018\/07\/iha-race-drones-de-carreras-tienda-comprar-drones.png","contentUrl":"https:\/\/iha-race.com\/wp-content\/uploads\/2018\/07\/iha-race-drones-de-carreras-tienda-comprar-drones.png","width":300,"height":100,"caption":"Iha Race"},"image":{"@id":"https:\/\/iha-race.com\/it\/#\/schema\/logo\/image\/"}}]}},"jetpack_sharing_enabled":true,"brands":[],"_links":{"self":[{"href":"https:\/\/iha-race.com\/it\/wp-json\/wp\/v2\/product\/246214","targetHints":{"allow":["GET"]}}],"collection":[{"href":"https:\/\/iha-race.com\/it\/wp-json\/wp\/v2\/product"}],"about":[{"href":"https:\/\/iha-race.com\/it\/wp-json\/wp\/v2\/types\/product"}],"replies":[{"embeddable":true,"href":"https:\/\/iha-race.com\/it\/wp-json\/wp\/v2\/comments?post=246214"}],"version-history":[{"count":1,"href":"https:\/\/iha-race.com\/it\/wp-json\/wp\/v2\/product\/246214\/revisions"}],"predecessor-version":[{"id":248422,"href":"https:\/\/iha-race.com\/it\/wp-json\/wp\/v2\/product\/246214\/revisions\/248422"}],"wp:featuredmedia":[{"embeddable":true,"href":"https:\/\/iha-race.com\/it\/wp-json\/wp\/v2\/media\/245229"}],"wp:attachment":[{"href":"https:\/\/iha-race.com\/it\/wp-json\/wp\/v2\/media?parent=246214"}],"wp:term":[{"taxonomy":"pwb-brand","embeddable":true,"href":"https:\/\/iha-race.com\/it\/wp-json\/wp\/v2\/pwb-brand?post=246214"},{"taxonomy":"product_cat","embeddable":true,"href":"https:\/\/iha-race.com\/it\/wp-json\/wp\/v2\/product_cat?post=246214"},{"taxonomy":"product_tag","embeddable":true,"href":"https:\/\/iha-race.com\/it\/wp-json\/wp\/v2\/product_tag?post=246214"}],"curies":[{"name":"wp","href":"https:\/\/api.w.org\/{rel}","templated":true}]}}