{"id":246185,"date":"2024-04-11T17:06:25","date_gmt":"2024-04-11T15:06:25","guid":{"rendered":"https:\/\/iha-race.com\/producto\/gr-01-ricevitore-expresslrs-a-24-ghz-per-gimbal-con-telecamera-dji-rs\/"},"modified":"2024-08-29T11:18:55","modified_gmt":"2024-08-29T09:18:55","slug":"gr-01-ricevitore-expresslrs-a-24-ghz-per-gimbal-con-telecamera-dji-rs","status":"publish","type":"product","link":"https:\/\/iha-race.com\/it\/prodotto\/gr-01-ricevitore-expresslrs-a-24-ghz-per-gimbal-con-telecamera-dji-rs\/","title":{"rendered":"GR-01 Ricevitore ExpressLRS a 2,4 GHz per gimbal con telecamera DJI RS"},"content":{"rendered":"<h3>GR-01 Ricevitore ExpressLRS a 2,4 GHz per gimbal con telecamera DJI RS<\/h3>\n<p><span>Il ricevitore GR-01 ExpressLRS da 2,4 GHz \u00e8 stato sviluppato per le configurazioni Cinelifter che utilizzano le piattaforme cardaniche DJI RS2 e RS3 Pro. Progettato per un uso professionale e per una facile installazione, il GR-01 \u00e8 dotato di un robusto alloggiamento in alluminio e di un&#8217;interfaccia USB-C integrata per facilitare gli aggiornamenti del firmware. Sono incluse due antenne che aiutano a configurare il ricevitore per adattarlo al meglio alla tua soluzione personalizzata. Prendi il controllo del tuo gimbal RS come mai prima d&#8217;ora e migliora il tuo gioco cinematografico con RadioMaster GR-01.<\/span><\/p>\n<p style=\"text-align: start;\"><img decoding=\"async\" style=\"float: none;\" src=\"https:\/\/cdn.shopify.com\/s\/files\/1\/0609\/8324\/7079\/files\/GR01-Detail-PC_01_1024x1024.jpg?v=1704864033\" alt=\"GR-01 Ricevitore ExpressLRS a 2,4 GHz per gimbal con telecamera DJI RS\"><\/p>\n<h2 style=\"text-align: start;\"><span>Caratteristiche<\/span><\/h2>\n<ul>\n<li><span>Compatibile con i cardani per videocamere DJI RS2 e RS3 Pro<\/span><\/li>\n<li><span>Alloggiamento CNC professionale e resistente<\/span><\/li>\n<li><span>Comodo montaggio diretto sulla porta NATO<\/span><\/li>\n<li><span>Porta USB-C integrata per aggiornare facilmente il firmware<\/span><\/li>\n<li><span>Antenne sostituibili da 2,4 Ghz<\/span><\/li>\n<\/ul>\n<h2><span>Specifiche tecniche<\/span><\/h2>\n<ul>\n<li><span>Articolo: Ricevitore GR-01 ExpressLRS a 2,4 GHz<\/span><\/li>\n<li><span>Frequenza: ISM2400MHz (2,4 GHz)<\/span><\/li>\n<li><span>MCU: ESP8285<\/span><\/li>\n<li><span>Chip RF: SEMTECH SX1281<\/span><\/li>\n<li><span>Antenna: antenna omnidirezionale da 2,4 GHz<\/span><\/li>\n<li><span>Gamma di frequenza: da 2400 MHz a 2480 MHz<\/span><\/li>\n<li><span>Versione del firmware: ExpressLRS v3.3.0<\/span><\/li>\n<li><span>Obiettivo FW: RadioMaster RP1\/2 2400 RX<\/span><\/li>\n<li><span>Protocollo di uscita: DJI RS Pro<\/span><\/li>\n<li><span>Metodo di flashing del firmware: UART o Wifi<\/span><\/li>\n<li><span>Tipo di connettore: porta NATO<\/span><\/li>\n<li><span>Tensione: 5 V<\/span><\/li>\n<li><span>Peso: 18,80 g (senza antenna)<\/span><\/li>\n<li><span>Dimensioni: 43,00\u00d727,70\u00d727,50 mm<\/span><\/li>\n<\/ul>\n<p>&nbsp;<\/p>\n<p style=\"text-align: start;\"><img decoding=\"async\" style=\"float: none;\" src=\"https:\/\/cdn.shopify.com\/s\/files\/1\/0609\/8324\/7079\/files\/GR01-Detail-PC_02_1024x1024.jpg?v=1704864041\" alt=\"GR-01 Ricevitore ExpressLRS a 2,4 GHz per gimbal con telecamera DJI RS\"><img decoding=\"async\" style=\"float: none;\" src=\"https:\/\/cdn.shopify.com\/s\/files\/1\/0609\/8324\/7079\/files\/GR01-Detail-PC_03_1024x1024.jpg?v=1704864050\" alt=\"GR-01 Ricevitore ExpressLRS a 2,4 GHz per gimbal con telecamera DJI RS\"><img decoding=\"async\" style=\"float: none;\" src=\"https:\/\/cdn.shopify.com\/s\/files\/1\/0609\/8324\/7079\/files\/GR01-Detail-PC_04_1024x1024.jpg?v=1704864057\" alt=\"GR-01 Ricevitore ExpressLRS a 2,4 GHz per gimbal con telecamera DJI RS\"><img decoding=\"async\" style=\"float: none;\" src=\"https:\/\/cdn.shopify.com\/s\/files\/1\/0609\/8324\/7079\/files\/GR01-Detail-PC_05_1024x1024.jpg?v=1704864069\" alt=\"GR-01 Ricevitore ExpressLRS a 2,4 GHz per gimbal con telecamera DJI RS\"><img decoding=\"async\" style=\"float: none;\" src=\"https:\/\/cdn.shopify.com\/s\/files\/1\/0609\/8324\/7079\/files\/GR01-Detail-PC_08_1024x1024.jpg?v=1704864081\" alt=\"GR-01 Ricevitore ExpressLRS a 2,4 GHz per gimbal con telecamera DJI RS\"><\/p>\n<h2 style=\"text-align: start;\"><span>Come collegare il gimbal<\/span><\/h2>\n<p><strong><span>Accendi rapidamente l&#8217;Rx per 3 volte utilizzando la porta USB-C.<\/span><\/strong><br \/>\n<span>Il LED verde lampeggia due volte quando l&#8217;Rx \u00e8 in modalit\u00e0 binding.<\/span><br \/>\n<span>Inserisci lo script ExpressLRS LUA nella radio, premi [BIND]. Il LED si accende con una luce verde fissa &#8220;ON&#8221; se l&#8217;accoppiamento \u00e8 riuscito.<\/span><\/p>\n<p><strong><span>In alternativa, utilizza il metodo ExpressLRS link phrase per creare il collegamento.<\/span><\/strong><br \/>\n<span>Dopo aver eseguito correttamente la procedura di collegamento, assicurati che il protocollo di uscita sia &#8220;DJI RS Pro&#8221;. Torna al menu principale e rientra in ExpressLRS LUA. Vai su &#8220;Altri dispositivi&#8221; nella parte inferiore dello schermo, seleziona &#8220;RMRP1&#8221; e assicurati che sia selezionato &#8220;DJI RS Pro&#8221;.<\/span><\/p>\n<h2><span>Dimensioni<\/span><\/h2>\n<p style=\"text-align: start;\"><img decoding=\"async\" style=\"float: none;\" src=\"https:\/\/cdn.shopify.com\/s\/files\/1\/0609\/8324\/7079\/files\/GR01-Detail-PC_06_600x600.jpg?v=1704865478\" alt=\"GR-01 Ricevitore ExpressLRS a 2,4 GHz per gimbal con telecamera DJI RS\"><\/p>\n<h2><span>Il pacchetto comprende<\/span><\/h2>\n<ul>\n<li><span>1 ricevitore GR-01 ExpressLRS da 2,4 GHz<\/span><\/li>\n<li><span>1 cavo USB-C<\/span><\/li>\n<li><span>1 antenna corta da 2,4 GHz<\/span><\/li>\n<li><span>1 antenna pieghevole da 2,4 GHz<\/span><\/li>\n<\/ul>\n<p style=\"text-align: start;\"><img decoding=\"async\" style=\"float: none;\" src=\"https:\/\/cdn.shopify.com\/s\/files\/1\/0609\/8324\/7079\/files\/GR01-Detail-PC_07_1024x1024.jpg?v=1704865462\" alt=\"GR-01 Ricevitore ExpressLRS a 2,4 GHz per gimbal con telecamera DJI RS\"><\/p>\n","protected":false},"excerpt":{"rendered":"<p>GR-01 Ricevitore ExpressLRS a 2,4 GHz per gimbal con telecamera DJI RS Il ricevitore GR-01 ExpressLRS da 2,4 GHz \u00e8 stato sviluppato per le configurazioni Cinelifter che utilizzano le piattaforme<\/p>\n","protected":false},"featured_media":245466,"comment_status":"open","ping_status":"closed","template":"","meta":{"_joinchat":[]},"pwb-brand":[],"product_cat":[1278,2449],"product_tag":[],"class_list":{"0":"post-246185","1":"product","2":"type-product","3":"status-publish","4":"has-post-thumbnail","6":"product_cat-emittenti","7":"product_cat-parti-di-ricambio-it","9":"first","10":"instock","11":"taxable","12":"shipping-taxable","13":"purchasable","14":"product-type-simple"},"barcode":null,"atum_controlled":true,"out_stock_date":null,"out_stock_threshold":null,"inheritable":false,"stock_on_hold":0,"sold_today":0,"sales_last_days":0,"out_stock_days":0,"lost_sales":0,"update_date":"2026-04-17T08:30:59","atum_locations":[],"atum_stock_status":"instock","restock_status":false,"low_stock_amount":"","sales_update_date":"2026-04-17T08:30:59","calc_backorders":null,"yoast_head":"<!-- This site is optimized with the Yoast SEO plugin v27.3 - https:\/\/yoast.com\/product\/yoast-seo-wordpress\/ -->\n<title>GR-01 Ricevitore ExpressLRS a 2,4 GHz per gimbal con telecamera DJI RS - Iha Race<\/title>\n<meta name=\"robots\" content=\"index, follow, max-snippet:-1, max-image-preview:large, max-video-preview:-1\" \/>\n<link rel=\"canonical\" href=\"https:\/\/iha-race.com\/it\/prodotto\/gr-01-ricevitore-expresslrs-a-24-ghz-per-gimbal-con-telecamera-dji-rs\/\" \/>\n<meta property=\"og:locale\" content=\"it_IT\" \/>\n<meta property=\"og:type\" content=\"article\" \/>\n<meta property=\"og:title\" content=\"GR-01 Ricevitore ExpressLRS a 2,4 GHz per gimbal con telecamera DJI RS - Iha Race\" \/>\n<meta property=\"og:description\" content=\"GR-01 Ricevitore ExpressLRS a 2,4 GHz per gimbal con telecamera DJI RS Il ricevitore GR-01 ExpressLRS da 2,4 GHz \u00e8 stato sviluppato per le configurazioni Cinelifter che utilizzano le piattaforme\" \/>\n<meta property=\"og:url\" content=\"https:\/\/iha-race.com\/it\/prodotto\/gr-01-ricevitore-expresslrs-a-24-ghz-per-gimbal-con-telecamera-dji-rs\/\" \/>\n<meta property=\"og:site_name\" content=\"Iha Race\" \/>\n<meta property=\"article:modified_time\" content=\"2024-08-29T09:18:55+00:00\" \/>\n<meta property=\"og:image\" content=\"https:\/\/iha-race.com\/wp-content\/uploads\/2024\/04\/Receptor-GR-01-ExpressLRS-de-24-GHz-para-cardan-de-camara-DJI-RS.webp\" \/>\n\t<meta property=\"og:image:width\" content=\"1000\" \/>\n\t<meta property=\"og:image:height\" content=\"1000\" \/>\n\t<meta property=\"og:image:type\" content=\"image\/webp\" \/>\n<meta name=\"twitter:card\" content=\"summary_large_image\" \/>\n<meta name=\"twitter:label1\" content=\"Tempo di lettura stimato\" \/>\n\t<meta name=\"twitter:data1\" content=\"2 minuti\" \/>\n<script type=\"application\/ld+json\" class=\"yoast-schema-graph\">{\"@context\":\"https:\\\/\\\/schema.org\",\"@graph\":[{\"@type\":\"WebPage\",\"@id\":\"https:\\\/\\\/iha-race.com\\\/it\\\/prodotto\\\/gr-01-ricevitore-expresslrs-a-24-ghz-per-gimbal-con-telecamera-dji-rs\\\/\",\"url\":\"https:\\\/\\\/iha-race.com\\\/it\\\/prodotto\\\/gr-01-ricevitore-expresslrs-a-24-ghz-per-gimbal-con-telecamera-dji-rs\\\/\",\"name\":\"GR-01 Ricevitore ExpressLRS a 2,4 GHz per gimbal con telecamera DJI RS - Iha Race\",\"isPartOf\":{\"@id\":\"https:\\\/\\\/iha-race.com\\\/it\\\/#website\"},\"primaryImageOfPage\":{\"@id\":\"https:\\\/\\\/iha-race.com\\\/it\\\/prodotto\\\/gr-01-ricevitore-expresslrs-a-24-ghz-per-gimbal-con-telecamera-dji-rs\\\/#primaryimage\"},\"image\":{\"@id\":\"https:\\\/\\\/iha-race.com\\\/it\\\/prodotto\\\/gr-01-ricevitore-expresslrs-a-24-ghz-per-gimbal-con-telecamera-dji-rs\\\/#primaryimage\"},\"thumbnailUrl\":\"https:\\\/\\\/iha-race.com\\\/wp-content\\\/uploads\\\/2024\\\/04\\\/Receptor-GR-01-ExpressLRS-de-24-GHz-para-cardan-de-camara-DJI-RS.webp\",\"datePublished\":\"2024-04-11T15:06:25+00:00\",\"dateModified\":\"2024-08-29T09:18:55+00:00\",\"breadcrumb\":{\"@id\":\"https:\\\/\\\/iha-race.com\\\/it\\\/prodotto\\\/gr-01-ricevitore-expresslrs-a-24-ghz-per-gimbal-con-telecamera-dji-rs\\\/#breadcrumb\"},\"inLanguage\":\"it-IT\",\"potentialAction\":[{\"@type\":\"ReadAction\",\"target\":[\"https:\\\/\\\/iha-race.com\\\/it\\\/prodotto\\\/gr-01-ricevitore-expresslrs-a-24-ghz-per-gimbal-con-telecamera-dji-rs\\\/\"]}]},{\"@type\":\"ImageObject\",\"inLanguage\":\"it-IT\",\"@id\":\"https:\\\/\\\/iha-race.com\\\/it\\\/prodotto\\\/gr-01-ricevitore-expresslrs-a-24-ghz-per-gimbal-con-telecamera-dji-rs\\\/#primaryimage\",\"url\":\"https:\\\/\\\/iha-race.com\\\/wp-content\\\/uploads\\\/2024\\\/04\\\/Receptor-GR-01-ExpressLRS-de-24-GHz-para-cardan-de-camara-DJI-RS.webp\",\"contentUrl\":\"https:\\\/\\\/iha-race.com\\\/wp-content\\\/uploads\\\/2024\\\/04\\\/Receptor-GR-01-ExpressLRS-de-24-GHz-para-cardan-de-camara-DJI-RS.webp\",\"width\":1000,\"height\":1000},{\"@type\":\"BreadcrumbList\",\"@id\":\"https:\\\/\\\/iha-race.com\\\/it\\\/prodotto\\\/gr-01-ricevitore-expresslrs-a-24-ghz-per-gimbal-con-telecamera-dji-rs\\\/#breadcrumb\",\"itemListElement\":[{\"@type\":\"ListItem\",\"position\":1,\"name\":\"Portada\",\"item\":\"https:\\\/\\\/iha-race.com\\\/it\\\/\"},{\"@type\":\"ListItem\",\"position\":2,\"name\":\"Negozio\",\"item\":\"https:\\\/\\\/iha-race.com\\\/it\\\/negozio\\\/\"},{\"@type\":\"ListItem\",\"position\":3,\"name\":\"GR-01 Ricevitore ExpressLRS a 2,4 GHz per gimbal con telecamera DJI RS\"}]},{\"@type\":\"WebSite\",\"@id\":\"https:\\\/\\\/iha-race.com\\\/it\\\/#website\",\"url\":\"https:\\\/\\\/iha-race.com\\\/it\\\/\",\"name\":\"Iha Race\",\"description\":\"Comprar drones de carreras FPV env\u00edos en un d\u00eda desde Espa\u00f1a\",\"publisher\":{\"@id\":\"https:\\\/\\\/iha-race.com\\\/it\\\/#organization\"},\"potentialAction\":[{\"@type\":\"SearchAction\",\"target\":{\"@type\":\"EntryPoint\",\"urlTemplate\":\"https:\\\/\\\/iha-race.com\\\/it\\\/?s={search_term_string}\"},\"query-input\":{\"@type\":\"PropertyValueSpecification\",\"valueRequired\":true,\"valueName\":\"search_term_string\"}}],\"inLanguage\":\"it-IT\"},{\"@type\":\"Organization\",\"@id\":\"https:\\\/\\\/iha-race.com\\\/it\\\/#organization\",\"name\":\"Iha Race\",\"url\":\"https:\\\/\\\/iha-race.com\\\/it\\\/\",\"logo\":{\"@type\":\"ImageObject\",\"inLanguage\":\"it-IT\",\"@id\":\"https:\\\/\\\/iha-race.com\\\/it\\\/#\\\/schema\\\/logo\\\/image\\\/\",\"url\":\"https:\\\/\\\/iha-race.com\\\/wp-content\\\/uploads\\\/2018\\\/07\\\/iha-race-drones-de-carreras-tienda-comprar-drones.png\",\"contentUrl\":\"https:\\\/\\\/iha-race.com\\\/wp-content\\\/uploads\\\/2018\\\/07\\\/iha-race-drones-de-carreras-tienda-comprar-drones.png\",\"width\":300,\"height\":100,\"caption\":\"Iha Race\"},\"image\":{\"@id\":\"https:\\\/\\\/iha-race.com\\\/it\\\/#\\\/schema\\\/logo\\\/image\\\/\"}}]}<\/script>\n<!-- \/ Yoast SEO plugin. -->","yoast_head_json":{"title":"GR-01 Ricevitore ExpressLRS a 2,4 GHz per gimbal con telecamera DJI RS - Iha Race","robots":{"index":"index","follow":"follow","max-snippet":"max-snippet:-1","max-image-preview":"max-image-preview:large","max-video-preview":"max-video-preview:-1"},"canonical":"https:\/\/iha-race.com\/it\/prodotto\/gr-01-ricevitore-expresslrs-a-24-ghz-per-gimbal-con-telecamera-dji-rs\/","og_locale":"it_IT","og_type":"article","og_title":"GR-01 Ricevitore ExpressLRS a 2,4 GHz per gimbal con telecamera DJI RS - Iha Race","og_description":"GR-01 Ricevitore ExpressLRS a 2,4 GHz per gimbal con telecamera DJI RS Il ricevitore GR-01 ExpressLRS da 2,4 GHz \u00e8 stato sviluppato per le configurazioni Cinelifter che utilizzano le piattaforme","og_url":"https:\/\/iha-race.com\/it\/prodotto\/gr-01-ricevitore-expresslrs-a-24-ghz-per-gimbal-con-telecamera-dji-rs\/","og_site_name":"Iha Race","article_modified_time":"2024-08-29T09:18:55+00:00","og_image":[{"width":1000,"height":1000,"url":"https:\/\/iha-race.com\/wp-content\/uploads\/2024\/04\/Receptor-GR-01-ExpressLRS-de-24-GHz-para-cardan-de-camara-DJI-RS.webp","type":"image\/webp"}],"twitter_card":"summary_large_image","twitter_misc":{"Tempo di lettura stimato":"2 minuti"},"schema":{"@context":"https:\/\/schema.org","@graph":[{"@type":"WebPage","@id":"https:\/\/iha-race.com\/it\/prodotto\/gr-01-ricevitore-expresslrs-a-24-ghz-per-gimbal-con-telecamera-dji-rs\/","url":"https:\/\/iha-race.com\/it\/prodotto\/gr-01-ricevitore-expresslrs-a-24-ghz-per-gimbal-con-telecamera-dji-rs\/","name":"GR-01 Ricevitore ExpressLRS a 2,4 GHz per gimbal con telecamera DJI RS - Iha Race","isPartOf":{"@id":"https:\/\/iha-race.com\/it\/#website"},"primaryImageOfPage":{"@id":"https:\/\/iha-race.com\/it\/prodotto\/gr-01-ricevitore-expresslrs-a-24-ghz-per-gimbal-con-telecamera-dji-rs\/#primaryimage"},"image":{"@id":"https:\/\/iha-race.com\/it\/prodotto\/gr-01-ricevitore-expresslrs-a-24-ghz-per-gimbal-con-telecamera-dji-rs\/#primaryimage"},"thumbnailUrl":"https:\/\/iha-race.com\/wp-content\/uploads\/2024\/04\/Receptor-GR-01-ExpressLRS-de-24-GHz-para-cardan-de-camara-DJI-RS.webp","datePublished":"2024-04-11T15:06:25+00:00","dateModified":"2024-08-29T09:18:55+00:00","breadcrumb":{"@id":"https:\/\/iha-race.com\/it\/prodotto\/gr-01-ricevitore-expresslrs-a-24-ghz-per-gimbal-con-telecamera-dji-rs\/#breadcrumb"},"inLanguage":"it-IT","potentialAction":[{"@type":"ReadAction","target":["https:\/\/iha-race.com\/it\/prodotto\/gr-01-ricevitore-expresslrs-a-24-ghz-per-gimbal-con-telecamera-dji-rs\/"]}]},{"@type":"ImageObject","inLanguage":"it-IT","@id":"https:\/\/iha-race.com\/it\/prodotto\/gr-01-ricevitore-expresslrs-a-24-ghz-per-gimbal-con-telecamera-dji-rs\/#primaryimage","url":"https:\/\/iha-race.com\/wp-content\/uploads\/2024\/04\/Receptor-GR-01-ExpressLRS-de-24-GHz-para-cardan-de-camara-DJI-RS.webp","contentUrl":"https:\/\/iha-race.com\/wp-content\/uploads\/2024\/04\/Receptor-GR-01-ExpressLRS-de-24-GHz-para-cardan-de-camara-DJI-RS.webp","width":1000,"height":1000},{"@type":"BreadcrumbList","@id":"https:\/\/iha-race.com\/it\/prodotto\/gr-01-ricevitore-expresslrs-a-24-ghz-per-gimbal-con-telecamera-dji-rs\/#breadcrumb","itemListElement":[{"@type":"ListItem","position":1,"name":"Portada","item":"https:\/\/iha-race.com\/it\/"},{"@type":"ListItem","position":2,"name":"Negozio","item":"https:\/\/iha-race.com\/it\/negozio\/"},{"@type":"ListItem","position":3,"name":"GR-01 Ricevitore ExpressLRS a 2,4 GHz per gimbal con telecamera DJI RS"}]},{"@type":"WebSite","@id":"https:\/\/iha-race.com\/it\/#website","url":"https:\/\/iha-race.com\/it\/","name":"Iha Race","description":"Comprar drones de carreras FPV env\u00edos en un d\u00eda desde Espa\u00f1a","publisher":{"@id":"https:\/\/iha-race.com\/it\/#organization"},"potentialAction":[{"@type":"SearchAction","target":{"@type":"EntryPoint","urlTemplate":"https:\/\/iha-race.com\/it\/?s={search_term_string}"},"query-input":{"@type":"PropertyValueSpecification","valueRequired":true,"valueName":"search_term_string"}}],"inLanguage":"it-IT"},{"@type":"Organization","@id":"https:\/\/iha-race.com\/it\/#organization","name":"Iha Race","url":"https:\/\/iha-race.com\/it\/","logo":{"@type":"ImageObject","inLanguage":"it-IT","@id":"https:\/\/iha-race.com\/it\/#\/schema\/logo\/image\/","url":"https:\/\/iha-race.com\/wp-content\/uploads\/2018\/07\/iha-race-drones-de-carreras-tienda-comprar-drones.png","contentUrl":"https:\/\/iha-race.com\/wp-content\/uploads\/2018\/07\/iha-race-drones-de-carreras-tienda-comprar-drones.png","width":300,"height":100,"caption":"Iha Race"},"image":{"@id":"https:\/\/iha-race.com\/it\/#\/schema\/logo\/image\/"}}]}},"brands":[],"_links":{"self":[{"href":"https:\/\/iha-race.com\/it\/wp-json\/wp\/v2\/product\/246185","targetHints":{"allow":["GET"]}}],"collection":[{"href":"https:\/\/iha-race.com\/it\/wp-json\/wp\/v2\/product"}],"about":[{"href":"https:\/\/iha-race.com\/it\/wp-json\/wp\/v2\/types\/product"}],"replies":[{"embeddable":true,"href":"https:\/\/iha-race.com\/it\/wp-json\/wp\/v2\/comments?post=246185"}],"version-history":[{"count":1,"href":"https:\/\/iha-race.com\/it\/wp-json\/wp\/v2\/product\/246185\/revisions"}],"predecessor-version":[{"id":248440,"href":"https:\/\/iha-race.com\/it\/wp-json\/wp\/v2\/product\/246185\/revisions\/248440"}],"wp:featuredmedia":[{"embeddable":true,"href":"https:\/\/iha-race.com\/it\/wp-json\/wp\/v2\/media\/245466"}],"wp:attachment":[{"href":"https:\/\/iha-race.com\/it\/wp-json\/wp\/v2\/media?parent=246185"}],"wp:term":[{"taxonomy":"pwb-brand","embeddable":true,"href":"https:\/\/iha-race.com\/it\/wp-json\/wp\/v2\/pwb-brand?post=246185"},{"taxonomy":"product_cat","embeddable":true,"href":"https:\/\/iha-race.com\/it\/wp-json\/wp\/v2\/product_cat?post=246185"},{"taxonomy":"product_tag","embeddable":true,"href":"https:\/\/iha-race.com\/it\/wp-json\/wp\/v2\/product_tag?post=246185"}],"curies":[{"name":"wp","href":"https:\/\/api.w.org\/{rel}","templated":true}]}}