{"id":245981,"date":"2024-03-01T18:06:24","date_gmt":"2024-03-01T17:06:24","guid":{"rendered":"https:\/\/iha-race.com\/producto\/caricatore-ac-skyrc-s100-neo-lipo-1-6s-10a-100w\/"},"modified":"2024-08-29T11:17:40","modified_gmt":"2024-08-29T09:17:40","slug":"caricatore-ac-skyrc-s100-neo-lipo-1-6s-10a-100w","status":"publish","type":"product","link":"https:\/\/iha-race.com\/it\/prodotto\/caricatore-ac-skyrc-s100-neo-lipo-1-6s-10a-100w\/","title":{"rendered":"Caricatore AC SkyRC S100 Neo LiPo 1-6s 10A 100W"},"content":{"rendered":"<h2>Caricatore AC SkyRC S100 Neo LiPo 1-6s 10A 100W<\/h2>\n<p>  L&#8217;S100neo affascina con il suo design elegante e ultracompatto, offrendo una potenza massima di 200 W per diverse chimiche di batterie (LiPo\/LiFe\/Lilon\/LiHV\/NiMH\/NiCd\/Pb) come caricatore intelligente AC\/DC. Inoltre, pu\u00f2 essere utilizzato come dispositivo di alimentazione. Il voltaggio regolabile arriva fino a 30 V e la corrente pu\u00f2 arrivare fino a 12 A. Basato sull&#8217;amato caricabatterie e680, l&#8217;S100neo \u00e8 dotato di un&#8217;impressionante capacit\u00e0 di potenza e allo stesso tempo pu\u00f2 sfruttare appieno la sua versatilit\u00e0 e le sue potenti capacit\u00e0 di ricarica. Ma l&#8217;S100neo \u00e8 molto pi\u00f9 di un semplice caricabatterie: funziona anche come alimentatore digitale avanzato, offrendo una ricarica precisa ed efficiente con un&#8217;accuratezza senza pari sia in modalit\u00e0 corrente costante (DC) che in modalit\u00e0 tensione costante (CV). Inoltre, consente di misurare la tensione senza la necessit\u00e0 di un alimentatore attivo, semplificando notevolmente la valutazione della tensione della batteria. Il tutto mentre il vivace display LCD a colori migliora l&#8217;esperienza dell&#8217;utente attraverso una navigazione intuitiva e un facile monitoraggio.  <\/p>\n<h3>Caratteristiche<\/h3>\n<ul>\n<li>Efficiente successore del noto caricabatterie e680<\/li>\n<li>2 ingressi, 1 uscita<\/li>\n<li>Max. 100 W di potenza di carico AC<\/li>\n<li>Max. 200 W di potenza di carico DC<\/li>\n<li>Ricarica con risparmio di tempo fino a 12 A<\/li>\n<li>Comandi a 3 pulsanti facili da usare<\/li>\n<li>Leggero e compatto<\/li>\n<li>Con ricarica rapida PD\/QC3.0<\/li>\n<li>Compatibile con il caricatore master<\/li>\n<\/ul>\n<h3>Specifiche tecniche<\/h3>\n<table>\n<tbody>\n<tr>\n<td>Tensione di ingresso:<\/td>\n<td>AC: 100-240 V (50-60 Hz) DC: 6-30 V<\/td>\n<\/tr>\n<tr>\n<td>Potenza di carico DC:<\/td>\n<td>max. 200W (+-10%)<\/td>\n<\/tr>\n<tr>\n<td>Carico di potenza AC:<\/td>\n<td>max. 100W (+- 10%)<\/td>\n<\/tr>\n<tr>\n<td>Potenza di scarica:<\/td>\n<td>5W (Hauptanschluss) (+- 10%) max. 20W (porta di bilanciamento, LiPo\/6S).<\/td>\n<\/tr>\n<tr>\n<td>Corrente di carica:<\/td>\n<td>LiPo\/LiIon\/LiFe\/LiHV\/NiMH\/NiCd\/Pb: 0,1 A ~ 0,5 A (\u00b10,1 A) | 0,6 A ~ 12 A (+-10 %)<\/td>\n<\/tr>\n<tr>\n<td>Corrente di scarica:<\/td>\n<td>LiPo\/LiIon\/LiFe\/LiHV\/NiMH\/NiCd\/Pb: 0,1A-0,2A (\u00b10,1A) | 0,3A-2A (+-10%)<\/td>\n<\/tr>\n<tr>\n<td>Corrente di bilanciamento:<\/td>\n<td>max. 1.0A<\/td>\n<\/tr>\n<tr>\n<td>Corrente di carica lenta:<\/td>\n<td>50 ~ 300 mA e standard di spegnimento: 60 mA<\/td>\n<\/tr>\n<tr>\n<td>Tipi di batteria:<\/td>\n<td>LiXX: 1-6S NiXX: 1-15S Pb: 3S \/ 6S \/ 12S<\/td>\n<\/tr>\n<tr>\n<td>Peso:<\/td>\n<td>340g<\/td>\n<\/tr>\n<tr>\n<td>Dimensioni:<\/td>\n<td>105x105x62mm<\/td>\n<\/tr>\n<tr>\n<td colspan=\"2\"><strong>Alimentazione in c.c.<\/strong><\/td>\n<\/tr>\n<tr>\n<td>Tensione:<\/td>\n<td>2V ~ 30V<\/td>\n<\/tr>\n<tr>\n<td>Corrente:<\/td>\n<td>0,1 A ~ 10 A (tensione 2 V ~ 2,9 V) 0,1 A ~ 12 A (tensione 3 V ~ 30 V).<\/td>\n<\/tr>\n<tr>\n<td>Protezione da sovratensione:<\/td>\n<td>0,1 A (+- 0,1 A) 0,2 A ~ 4 A (+- 20 %) 4,1 A ~ 10 A (+- 10 %) 10,1 A ~ 12 A (+- 5 %)<\/td>\n<\/tr>\n<tr>\n<td>Forza:<\/td>\n<td>Ingresso AC: max. 100 W Ingresso DC: max. 200W<\/td>\n<\/tr>\n<tr>\n<td colspan=\"2\"><strong>Rodaggio del motore DC<\/strong><\/td>\n<\/tr>\n<tr>\n<td>Tensione:<\/td>\n<td>3-12V<\/td>\n<\/tr>\n<tr>\n<td>Corrente:<\/td>\n<td>1-5A<\/td>\n<\/tr>\n<tr>\n<td>Indirizzo:<\/td>\n<td>Avanti<\/td>\n<\/tr>\n<tr>\n<td>Tempo:<\/td>\n<td>1-60 minuti<\/td>\n<\/tr>\n<tr>\n<td>Protezioni:<\/td>\n<td>Protezione da stallo del motore Protezione da sovracorrente Protezione da sovraccarico<\/td>\n<\/tr>\n<\/tbody>\n<\/table>\n<h3>Il pacchetto comprende<\/h3>\n<ul>\n<li>1 caricatore SKYRC S100neo<\/li>\n<li>1 manuale<\/li>\n<\/ul>\n","protected":false},"excerpt":{"rendered":"<p>Caricatore AC SkyRC S100 Neo LiPo 1-6s 10A 100W L&#8217;S100neo affascina con il suo design elegante e ultracompatto, offrendo una potenza massima di 200 W per diverse chimiche di batterie<\/p>\n","protected":false},"featured_media":244397,"comment_status":"open","ping_status":"closed","template":"","meta":{"_joinchat":[]},"pwb-brand":[],"product_cat":[24],"product_tag":[],"class_list":{"0":"post-245981","1":"product","2":"type-product","3":"status-publish","4":"has-post-thumbnail","6":"product_cat-cargadores","8":"first","9":"outofstock","10":"taxable","11":"shipping-taxable","12":"purchasable","13":"product-type-simple"},"barcode":null,"atum_controlled":true,"out_stock_date":"2026-04-28 15:56:56","out_stock_threshold":null,"inheritable":false,"stock_on_hold":0,"sold_today":0,"sales_last_days":0,"out_stock_days":0,"lost_sales":0,"update_date":"2026-04-28T13:56:56","atum_locations":[],"atum_stock_status":"instock","restock_status":false,"low_stock_amount":"","sales_update_date":"2026-04-28T13:27:56","calc_backorders":null,"yoast_head":"<!-- This site is optimized with the Yoast SEO plugin v27.3 - https:\/\/yoast.com\/product\/yoast-seo-wordpress\/ -->\n<title>Caricatore AC SkyRC S100 Neo LiPo 1-6s 10A 100W - Iha Race<\/title>\n<meta name=\"robots\" content=\"index, follow, max-snippet:-1, max-image-preview:large, max-video-preview:-1\" \/>\n<link rel=\"canonical\" href=\"https:\/\/iha-race.com\/it\/prodotto\/caricatore-ac-skyrc-s100-neo-lipo-1-6s-10a-100w\/\" \/>\n<meta property=\"og:locale\" content=\"it_IT\" \/>\n<meta property=\"og:type\" content=\"article\" \/>\n<meta property=\"og:title\" content=\"Caricatore AC SkyRC S100 Neo LiPo 1-6s 10A 100W - Iha Race\" \/>\n<meta property=\"og:description\" content=\"Caricatore AC SkyRC S100 Neo LiPo 1-6s 10A 100W L&#8217;S100neo affascina con il suo design elegante e ultracompatto, offrendo una potenza massima di 200 W per diverse chimiche di batterie\" \/>\n<meta property=\"og:url\" content=\"https:\/\/iha-race.com\/it\/prodotto\/caricatore-ac-skyrc-s100-neo-lipo-1-6s-10a-100w\/\" \/>\n<meta property=\"og:site_name\" content=\"Iha Race\" \/>\n<meta property=\"article:modified_time\" content=\"2024-08-29T09:17:40+00:00\" \/>\n<meta property=\"og:image\" content=\"https:\/\/iha-race.com\/wp-content\/uploads\/2024\/03\/Cargador-de-CA-SkyRC-S100-Neo-LiPo-1-6s-10A-100W.jpg\" \/>\n\t<meta property=\"og:image:width\" content=\"1280\" \/>\n\t<meta property=\"og:image:height\" content=\"1280\" \/>\n\t<meta property=\"og:image:type\" content=\"image\/jpeg\" \/>\n<meta name=\"twitter:card\" content=\"summary_large_image\" \/>\n<meta name=\"twitter:label1\" content=\"Tempo di lettura stimato\" \/>\n\t<meta name=\"twitter:data1\" content=\"2 minuti\" \/>\n<script type=\"application\/ld+json\" class=\"yoast-schema-graph\">{\"@context\":\"https:\\\/\\\/schema.org\",\"@graph\":[{\"@type\":\"WebPage\",\"@id\":\"https:\\\/\\\/iha-race.com\\\/it\\\/prodotto\\\/caricatore-ac-skyrc-s100-neo-lipo-1-6s-10a-100w\\\/\",\"url\":\"https:\\\/\\\/iha-race.com\\\/it\\\/prodotto\\\/caricatore-ac-skyrc-s100-neo-lipo-1-6s-10a-100w\\\/\",\"name\":\"Caricatore AC SkyRC S100 Neo LiPo 1-6s 10A 100W - Iha Race\",\"isPartOf\":{\"@id\":\"https:\\\/\\\/iha-race.com\\\/it\\\/#website\"},\"primaryImageOfPage\":{\"@id\":\"https:\\\/\\\/iha-race.com\\\/it\\\/prodotto\\\/caricatore-ac-skyrc-s100-neo-lipo-1-6s-10a-100w\\\/#primaryimage\"},\"image\":{\"@id\":\"https:\\\/\\\/iha-race.com\\\/it\\\/prodotto\\\/caricatore-ac-skyrc-s100-neo-lipo-1-6s-10a-100w\\\/#primaryimage\"},\"thumbnailUrl\":\"https:\\\/\\\/iha-race.com\\\/wp-content\\\/uploads\\\/2024\\\/03\\\/Cargador-de-CA-SkyRC-S100-Neo-LiPo-1-6s-10A-100W.jpg\",\"datePublished\":\"2024-03-01T17:06:24+00:00\",\"dateModified\":\"2024-08-29T09:17:40+00:00\",\"breadcrumb\":{\"@id\":\"https:\\\/\\\/iha-race.com\\\/it\\\/prodotto\\\/caricatore-ac-skyrc-s100-neo-lipo-1-6s-10a-100w\\\/#breadcrumb\"},\"inLanguage\":\"it-IT\",\"potentialAction\":[{\"@type\":\"ReadAction\",\"target\":[\"https:\\\/\\\/iha-race.com\\\/it\\\/prodotto\\\/caricatore-ac-skyrc-s100-neo-lipo-1-6s-10a-100w\\\/\"]}]},{\"@type\":\"ImageObject\",\"inLanguage\":\"it-IT\",\"@id\":\"https:\\\/\\\/iha-race.com\\\/it\\\/prodotto\\\/caricatore-ac-skyrc-s100-neo-lipo-1-6s-10a-100w\\\/#primaryimage\",\"url\":\"https:\\\/\\\/iha-race.com\\\/wp-content\\\/uploads\\\/2024\\\/03\\\/Cargador-de-CA-SkyRC-S100-Neo-LiPo-1-6s-10A-100W.jpg\",\"contentUrl\":\"https:\\\/\\\/iha-race.com\\\/wp-content\\\/uploads\\\/2024\\\/03\\\/Cargador-de-CA-SkyRC-S100-Neo-LiPo-1-6s-10A-100W.jpg\",\"width\":1280,\"height\":1280},{\"@type\":\"BreadcrumbList\",\"@id\":\"https:\\\/\\\/iha-race.com\\\/it\\\/prodotto\\\/caricatore-ac-skyrc-s100-neo-lipo-1-6s-10a-100w\\\/#breadcrumb\",\"itemListElement\":[{\"@type\":\"ListItem\",\"position\":1,\"name\":\"Portada\",\"item\":\"https:\\\/\\\/iha-race.com\\\/it\\\/\"},{\"@type\":\"ListItem\",\"position\":2,\"name\":\"Negozio\",\"item\":\"https:\\\/\\\/iha-race.com\\\/it\\\/negozio\\\/\"},{\"@type\":\"ListItem\",\"position\":3,\"name\":\"Caricatore AC SkyRC S100 Neo LiPo 1-6s 10A 100W\"}]},{\"@type\":\"WebSite\",\"@id\":\"https:\\\/\\\/iha-race.com\\\/it\\\/#website\",\"url\":\"https:\\\/\\\/iha-race.com\\\/it\\\/\",\"name\":\"Iha Race\",\"description\":\"Comprar drones de carreras FPV env\u00edos en un d\u00eda desde Espa\u00f1a\",\"publisher\":{\"@id\":\"https:\\\/\\\/iha-race.com\\\/it\\\/#organization\"},\"potentialAction\":[{\"@type\":\"SearchAction\",\"target\":{\"@type\":\"EntryPoint\",\"urlTemplate\":\"https:\\\/\\\/iha-race.com\\\/it\\\/?s={search_term_string}\"},\"query-input\":{\"@type\":\"PropertyValueSpecification\",\"valueRequired\":true,\"valueName\":\"search_term_string\"}}],\"inLanguage\":\"it-IT\"},{\"@type\":\"Organization\",\"@id\":\"https:\\\/\\\/iha-race.com\\\/it\\\/#organization\",\"name\":\"Iha Race\",\"url\":\"https:\\\/\\\/iha-race.com\\\/it\\\/\",\"logo\":{\"@type\":\"ImageObject\",\"inLanguage\":\"it-IT\",\"@id\":\"https:\\\/\\\/iha-race.com\\\/it\\\/#\\\/schema\\\/logo\\\/image\\\/\",\"url\":\"https:\\\/\\\/iha-race.com\\\/wp-content\\\/uploads\\\/2018\\\/07\\\/iha-race-drones-de-carreras-tienda-comprar-drones.png\",\"contentUrl\":\"https:\\\/\\\/iha-race.com\\\/wp-content\\\/uploads\\\/2018\\\/07\\\/iha-race-drones-de-carreras-tienda-comprar-drones.png\",\"width\":300,\"height\":100,\"caption\":\"Iha Race\"},\"image\":{\"@id\":\"https:\\\/\\\/iha-race.com\\\/it\\\/#\\\/schema\\\/logo\\\/image\\\/\"}}]}<\/script>\n<!-- \/ Yoast SEO plugin. -->","yoast_head_json":{"title":"Caricatore AC SkyRC S100 Neo LiPo 1-6s 10A 100W - Iha Race","robots":{"index":"index","follow":"follow","max-snippet":"max-snippet:-1","max-image-preview":"max-image-preview:large","max-video-preview":"max-video-preview:-1"},"canonical":"https:\/\/iha-race.com\/it\/prodotto\/caricatore-ac-skyrc-s100-neo-lipo-1-6s-10a-100w\/","og_locale":"it_IT","og_type":"article","og_title":"Caricatore AC SkyRC S100 Neo LiPo 1-6s 10A 100W - Iha Race","og_description":"Caricatore AC SkyRC S100 Neo LiPo 1-6s 10A 100W L&#8217;S100neo affascina con il suo design elegante e ultracompatto, offrendo una potenza massima di 200 W per diverse chimiche di batterie","og_url":"https:\/\/iha-race.com\/it\/prodotto\/caricatore-ac-skyrc-s100-neo-lipo-1-6s-10a-100w\/","og_site_name":"Iha Race","article_modified_time":"2024-08-29T09:17:40+00:00","og_image":[{"width":1280,"height":1280,"url":"https:\/\/iha-race.com\/wp-content\/uploads\/2024\/03\/Cargador-de-CA-SkyRC-S100-Neo-LiPo-1-6s-10A-100W.jpg","type":"image\/jpeg"}],"twitter_card":"summary_large_image","twitter_misc":{"Tempo di lettura stimato":"2 minuti"},"schema":{"@context":"https:\/\/schema.org","@graph":[{"@type":"WebPage","@id":"https:\/\/iha-race.com\/it\/prodotto\/caricatore-ac-skyrc-s100-neo-lipo-1-6s-10a-100w\/","url":"https:\/\/iha-race.com\/it\/prodotto\/caricatore-ac-skyrc-s100-neo-lipo-1-6s-10a-100w\/","name":"Caricatore AC SkyRC S100 Neo LiPo 1-6s 10A 100W - Iha Race","isPartOf":{"@id":"https:\/\/iha-race.com\/it\/#website"},"primaryImageOfPage":{"@id":"https:\/\/iha-race.com\/it\/prodotto\/caricatore-ac-skyrc-s100-neo-lipo-1-6s-10a-100w\/#primaryimage"},"image":{"@id":"https:\/\/iha-race.com\/it\/prodotto\/caricatore-ac-skyrc-s100-neo-lipo-1-6s-10a-100w\/#primaryimage"},"thumbnailUrl":"https:\/\/iha-race.com\/wp-content\/uploads\/2024\/03\/Cargador-de-CA-SkyRC-S100-Neo-LiPo-1-6s-10A-100W.jpg","datePublished":"2024-03-01T17:06:24+00:00","dateModified":"2024-08-29T09:17:40+00:00","breadcrumb":{"@id":"https:\/\/iha-race.com\/it\/prodotto\/caricatore-ac-skyrc-s100-neo-lipo-1-6s-10a-100w\/#breadcrumb"},"inLanguage":"it-IT","potentialAction":[{"@type":"ReadAction","target":["https:\/\/iha-race.com\/it\/prodotto\/caricatore-ac-skyrc-s100-neo-lipo-1-6s-10a-100w\/"]}]},{"@type":"ImageObject","inLanguage":"it-IT","@id":"https:\/\/iha-race.com\/it\/prodotto\/caricatore-ac-skyrc-s100-neo-lipo-1-6s-10a-100w\/#primaryimage","url":"https:\/\/iha-race.com\/wp-content\/uploads\/2024\/03\/Cargador-de-CA-SkyRC-S100-Neo-LiPo-1-6s-10A-100W.jpg","contentUrl":"https:\/\/iha-race.com\/wp-content\/uploads\/2024\/03\/Cargador-de-CA-SkyRC-S100-Neo-LiPo-1-6s-10A-100W.jpg","width":1280,"height":1280},{"@type":"BreadcrumbList","@id":"https:\/\/iha-race.com\/it\/prodotto\/caricatore-ac-skyrc-s100-neo-lipo-1-6s-10a-100w\/#breadcrumb","itemListElement":[{"@type":"ListItem","position":1,"name":"Portada","item":"https:\/\/iha-race.com\/it\/"},{"@type":"ListItem","position":2,"name":"Negozio","item":"https:\/\/iha-race.com\/it\/negozio\/"},{"@type":"ListItem","position":3,"name":"Caricatore AC SkyRC S100 Neo LiPo 1-6s 10A 100W"}]},{"@type":"WebSite","@id":"https:\/\/iha-race.com\/it\/#website","url":"https:\/\/iha-race.com\/it\/","name":"Iha Race","description":"Comprar drones de carreras FPV env\u00edos en un d\u00eda desde Espa\u00f1a","publisher":{"@id":"https:\/\/iha-race.com\/it\/#organization"},"potentialAction":[{"@type":"SearchAction","target":{"@type":"EntryPoint","urlTemplate":"https:\/\/iha-race.com\/it\/?s={search_term_string}"},"query-input":{"@type":"PropertyValueSpecification","valueRequired":true,"valueName":"search_term_string"}}],"inLanguage":"it-IT"},{"@type":"Organization","@id":"https:\/\/iha-race.com\/it\/#organization","name":"Iha Race","url":"https:\/\/iha-race.com\/it\/","logo":{"@type":"ImageObject","inLanguage":"it-IT","@id":"https:\/\/iha-race.com\/it\/#\/schema\/logo\/image\/","url":"https:\/\/iha-race.com\/wp-content\/uploads\/2018\/07\/iha-race-drones-de-carreras-tienda-comprar-drones.png","contentUrl":"https:\/\/iha-race.com\/wp-content\/uploads\/2018\/07\/iha-race-drones-de-carreras-tienda-comprar-drones.png","width":300,"height":100,"caption":"Iha Race"},"image":{"@id":"https:\/\/iha-race.com\/it\/#\/schema\/logo\/image\/"}}]}},"jetpack_sharing_enabled":true,"brands":[],"_links":{"self":[{"href":"https:\/\/iha-race.com\/it\/wp-json\/wp\/v2\/product\/245981","targetHints":{"allow":["GET"]}}],"collection":[{"href":"https:\/\/iha-race.com\/it\/wp-json\/wp\/v2\/product"}],"about":[{"href":"https:\/\/iha-race.com\/it\/wp-json\/wp\/v2\/types\/product"}],"replies":[{"embeddable":true,"href":"https:\/\/iha-race.com\/it\/wp-json\/wp\/v2\/comments?post=245981"}],"version-history":[{"count":1,"href":"https:\/\/iha-race.com\/it\/wp-json\/wp\/v2\/product\/245981\/revisions"}],"predecessor-version":[{"id":248389,"href":"https:\/\/iha-race.com\/it\/wp-json\/wp\/v2\/product\/245981\/revisions\/248389"}],"wp:featuredmedia":[{"embeddable":true,"href":"https:\/\/iha-race.com\/it\/wp-json\/wp\/v2\/media\/244397"}],"wp:attachment":[{"href":"https:\/\/iha-race.com\/it\/wp-json\/wp\/v2\/media?parent=245981"}],"wp:term":[{"taxonomy":"pwb-brand","embeddable":true,"href":"https:\/\/iha-race.com\/it\/wp-json\/wp\/v2\/pwb-brand?post=245981"},{"taxonomy":"product_cat","embeddable":true,"href":"https:\/\/iha-race.com\/it\/wp-json\/wp\/v2\/product_cat?post=245981"},{"taxonomy":"product_tag","embeddable":true,"href":"https:\/\/iha-race.com\/it\/wp-json\/wp\/v2\/product_tag?post=245981"}],"curies":[{"name":"wp","href":"https:\/\/api.w.org\/{rel}","templated":true}]}}