{"id":244206,"date":"2024-02-07T18:24:25","date_gmt":"2024-02-07T17:24:25","guid":{"rendered":"https:\/\/iha-race.com\/producto\/iflight-nazgul-evoque-f5d-v2-6s-hd\/"},"modified":"2025-07-06T11:45:09","modified_gmt":"2025-07-06T09:45:09","slug":"iflight-nazgul-evoque-f5d-v2-6s-hd","status":"publish","type":"product","link":"https:\/\/iha-race.com\/it\/prodotto\/iflight-nazgul-evoque-f5d-v2-6s-hd\/","title":{"rendered":"Nazgul Evoque F5 V2 O4 6S HD"},"content":{"rendered":"<h1>Nazgul Evoque F5 V2 O4 6S HD<\/h1>\n<p><span style=\"color: #ff0000;\"><strong>SPEDIZIONE DA 7 A 10 GIORNI DOPO L&#8217;ACQUISTO<\/strong><\/span><\/p>\n<div class=\"temp-specs-tr\">\n<div class=\"temp-specs-td value\">\n<p>Prova la nuova generazione di droni FPV precostruiti con l&#8217;ultima proposta di iFlight, che stabilisce un nuovo standard di semplicit\u00e0 e prestazioni Bind-And-Fly. Questo drone integra l&#8217;ultima unit\u00e0 aerea O4 Pro di DJI, dotata di un avanzato sensore di immagine da 1,1\/1,3 pollici per catturare dettagli intricati anche in condizioni di scarsa illuminazione. Goditi lo streaming video in tempo reale fino a 1080p\/100 fps, garantendo un&#8217;esperienza di volo coinvolgente. Il telaio e l&#8217;elettronica aggiornati non solo migliorano la durata, ma offrono agli appassionati prestazioni di altissimo livello fin dall&#8217;inizio. Benvenuto nel futuro del volo FPV con iFlight, dove la configurazione \u00e8 semplice, ma l&#8217;emozione e le capacit\u00e0 sono impareggiabili.    <\/p>\n<p>&nbsp;<\/p>\n<\/div>\n<\/div>\n<div class=\"temp-specs-tr\">\n<div class=\"temp-specs-td name\"><strong>Riflessioni:<\/strong><\/div>\n<div class=\"temp-specs-td value\">\n<p><b>Motori XING2 fluidi e potenti<\/b><\/p>\n<p>L&#8217;ultimo aggiornamento dei nostri motori XING pi\u00f9 venduti: nessun compromesso! Tecnologia a campana unibell (campana in un unico pezzo), albero robusto in lega di titanio con guarnizione della campana rinforzata, campana in alluminio 7075 resistente agli urti, cuscinetti giapponesi NSK lisci e duraturi, magneti ad arco curvo N52H con scanalatura centrale e la nostra protezione XING O-ring per la fessura della boccola. <\/p>\n<p><b>Il telaio Nazgul definitivo per la massima protezione<\/b><\/p>\n<p>Sono finiti i vecchi tempi in cui i componenti elettronici si riempivano di sporcizia ed erba bagnata a ogni incidente. Il nostro nuovo telaio riduce la contaminazione che potrebbe accumularsi sul controller di volo o sugli ESC, evitando guasti o cortocircuiti. Il flusso d&#8217;aria strategico mantiene i componenti freschi e puliti senza sacrificare il peso o le prestazioni.   Pannelli laterali illuminati e protezioni in TPU a 360 gradi.<\/p>\n<p><b>Trasmissione video O4, percezione migliorata<\/b><\/p>\n<p>La maggiore stabilit\u00e0 della trasmissione video del DJI O4 ti permette di immergerti completamente in ogni volo e garantisce una maggiore sicurezza. Ha una distanza massima di trasmissione video di 13 km, una latenza di trasmissione di soli 24 ms, una qualit\u00e0 d&#8217;immagine ad alta definizione di 1080p\/100 fps e una velocit\u00e0 di trasmissione massima di 60 Mbps (Fonte: DJI).  <\/p>\n<p><b>Video 4K ultra-grandangolare con stabilizzazione a 155\u00b0<\/b><\/p>\n<p>Grazie all&#8217;alta qualit\u00e0 delle immagini, offre immagini eccezionali che terranno il tuo pubblico con il fiato sospeso. (Fonte DJI)<\/p>\n<p><b>Tappo della batteria con filtro antiscintilla<\/b><\/p>\n<p>Quando si collega una batteria, si pu\u00f2 generare una forte scintilla sul connettore, che si verifica quando l&#8217;alta corrente della batteria viene diretta prima al condensatore a bassa ESR e poi riempie la capacit\u00e0 dell&#8217;ESC. Abbiamo aggiunto un circuito di protezione per prolungare la vita dei connettori XT60 e prevenire picchi rapidi di tensione o di corrente, in modo da proteggere i tuoi dispositivi elettronici da eventuali danni.<\/p>\n<p>&nbsp;<\/p>\n<\/div>\n<\/div>\n<div class=\"temp-specs-tr\">\n<div class=\"temp-specs-td name\"><strong>Specifiche:<\/strong><\/div>\n<div class=\"temp-specs-td value\">\n<ul>\n<li>Nome prodotto: Evoque F5 V2 O4 HD BNF<\/li>\n<li>FC: Controllore di volo BLITZ Mini F722<\/li>\n<li>ESC: ESC BLITZ Mini E55 ESC 4 IN 1 2-6S 55A<\/li>\n<li>Trasmissione video: unit\u00e0 DJI O4 Air<\/li>\n<li>Interasse del telaio: 223 \u00b1 2 mm<\/li>\n<li>Motore: XING2 2207 1750KV<\/li>\n<li>Elica: Nazgul F5 Propellers<\/li>\n<li>Peso: 436 \u00b1 5 g<\/li>\n<li>Peso al decollo: circa. 712 \u00b1 10 g (con batteria da 1480 mAh)<\/li>\n<li>Dimensioni (L\u00d7L\u00d7H): 190*136*36*36\u00b12mm<\/li>\n<li>Velocit\u00e0 massima: 190 km\/h<\/li>\n<li>Altitudine massima di decollo: 3200 m<\/li>\n<li>Tempo massimo di volo: circa. 7,5 minuti (senza ricarica con 6S 1480 mAh)<\/li>\n<li>it Distancia m\u00e1xima de vuelo: 5 km<\/li>\n<li>Resistenza alla velocit\u00e0 massima del vento: livello 7<\/li>\n<li>it Rango de temperatura de funcionamiento: -10\u00b0 a 40\u00b0 C (14\u00b0 a 104\u00b0 F)<\/li>\n<li>Antenne: Doppie antenne<\/li>\n<li>GNSS: GPS+SBAS+Galileo+QZSS+Glonass (opzionale)<\/li>\n<\/ul>\n<\/div>\n<\/div>\n<div class=\"temp-specs-tr\">\n<div class=\"temp-specs-td name\"><strong>Trasmissione video:<\/strong><\/div>\n<div class=\"temp-specs-td value\">\n<ul>\n<li>Nome prodotto: DJI O4 Air Unit Pro<\/li>\n<li>Sensore di immagine: 1\/1,3 pollici<\/li>\n<li>Obiettivo: Campo visivo (FOV): 155\u00b0 (155\u00b0)<\/li>\n<li>Standard ISO: 100-25600<\/li>\n<li>Risoluzione video: 1080p\/100 fps H.265<\/li>\n<li>Formato video: MP4, velocit\u00e0 massima di trasmissione video: 130 Mbps<\/li>\n<li>Modalit\u00e0 colore: modalit\u00e0 normale\/D-Log M<\/li>\n<li>Stabilizzazione: RockSteady 3.0+; funzione di stabilizzazione disabilitata (quando RockSteady \u00e8 abilitato, l&#8217;angolo di ripresa supporta solo lo standard).<\/li>\n<li>Qualit\u00e0 della visualizzazione live: 1080P a 100 fps<\/li>\n<li>Frequenza operativa: 5.170-5.250 GHz e 5.725-5.850 GHz<\/li>\n<li>Potenza di trasmissione (EIRP): 5,1 GHz\uff1c23 dBm (CE)\/5,8 GHz\uff1c33 dBm (FCC)\/\uff1c14 dBm (CE)\/\uff1c30 dBm (SRRC)<\/li>\n<li>Portata massima di trasmissione video: con DJI Goggles 3\/DJI Goggles N3: 15 km (FCC), 8 km (CE), 8 km (SRRC)<\/li>\n<li>Larghezza di banda di comunicazione: massimo 60 MHz<\/li>\n<li>Antenna: doppia antenna<\/li>\n<li>Memoria integrata: 4 GB<\/li>\n<li>Schede SD supportate: microSD (fino a 512 GB)<\/li>\n<li>Temperatura di esercizio: da -10\u00b0 a 40\u00b0 C<\/li>\n<li>Peso: unit\u00e0 aria (modulo fotocamera incluso): Circa 32 g <\/li>\n<li>Dimensioni: Modulo di trasmissione: 33,5 \u00d7 33,5 \u00d7 13 mm (lunghezza \u00d7 larghezza \u00d7 altezza)<\/li>\n<\/ul>\n<\/div>\n<\/div>\n<div class=\"temp-specs-tr\">\n<div class=\"temp-specs-td name\"><strong>Lista di imballaggio:<\/strong><\/div>\n<div class=\"temp-specs-td value\">\n<ul>\n<li>1 x Evoque F5 6S O4 HD BNF<\/li>\n<li>2 antenne<\/li>\n<li>1 x cuscinetto per batteria<\/li>\n<li>1 x elica (coppie)<\/li>\n<li>1 x cinturino per batteria<\/li>\n<\/ul>\n<\/div>\n<\/div>\n<div class=\"temp-specs-tr\">\n<div><\/div>\n<div class=\"temp-specs-td name\"><strong>Importante:<\/strong><\/div>\n<div class=\"temp-specs-td value\">\n<p>Tutti i BNF iFlight sono testati prima della spedizione per garantire la massima qualit\u00e0. Se hai ancora problemi dopo aver ricevuto la spedizione, contatta immediatamente il nostro servizio clienti iFlight all&#8217;indirizzo www.iflightrc.freshdesk.com.<\/p>\n<\/div>\n<\/div>\n<div class=\"temp-specs-tr\">\n<div class=\"temp-specs-td name\"><strong>Nota:<\/strong><\/div>\n<div class=\"temp-specs-td value\">\n<p>1. I prodotti iFlight possono essere utilizzati solo per scopi civili ed \u00e8 vietato qualsiasi uso diretto o indiretto dei prodotti iFlight per o in connessione con quanto segue:<\/p>\n<p>(1) Qualsiasi scopo di guerra militare o uso correlato alla guerra militare;<\/p>\n<p>(2) Attivit\u00e0 terroristiche: l&#8217;acquirente dovr\u00e0 richiedere ai propri clienti o utenti finali di rispettare i requisiti di cui sopra.<\/p>\n<p>2. I partner di iFlight devono rispettare rigorosamente le leggi e le sanzioni applicabili in materia di controllo delle esportazioni, nonch\u00e9 qualsiasi requisito scritto di conformit\u00e0 a tali controlli emesso di volta in volta da iFlight.<\/p>\n<p>Se la Parte A ha violato le leggi e i regolamenti sul controllo delle esportazioni o le sanzioni economiche, la Parte B ha il diritto di sospendere immediatamente la consegna di merci alla Parte A o di interrompere la relativa cooperazione senza alcuna responsabilit\u00e0.<\/p>\n<p>Per contenuti pi\u00f9 specifici vedi: <a href=\"https:\/\/shop.iflight.com\/Export-Policy-info\">https:\/\/shop.iflight.com\/Export-Policy-info<\/a><\/p>\n<\/div>\n<\/div>\n<div class=\"temp-specs-tr\">\n<div class=\"temp-specs-td name\"><strong>Compatibilit\u00e0:<\/strong><\/div>\n<div class=\"temp-specs-td value\">\n<p>DJI Goggles 3 \/ DJI Goggles N3+ DJI FPV Remote Control 3 DJI Goggles 2 \/ DJI Goggles Integra+ DJI FPV Remote Control 2 (o un&#8217;altra radio che corrisponda alla RX del drone) Il firmware di controllo del volo deve essere configurato per supportare il protocollo SBUS per poter utilizzare il DJI FPV Remote Control.<\/p>\n<\/div>\n<\/div>\n","protected":false},"excerpt":{"rendered":"<div class=\"temp-specs-tr\">\n<div class=\"temp-specs-td value\">\n<div class=\"woocommerce-product-details__short-description\">\n<div class=\"short-description\">\n<p><span style=\"color: #ff0000;\"><em><strong>SPEDIZIONE DA 7 A 10 GIORNI DOPO L&#8217;ACQUISTO <\/strong><\/em><\/span><\/p>\n<\/div>\n<\/div>\n<\/div>\n<\/div>\n","protected":false},"featured_media":243790,"comment_status":"open","ping_status":"closed","template":"","meta":{"_joinchat":[]},"pwb-brand":[3571],"product_cat":[27,3668],"product_tag":[],"class_list":{"0":"post-244206","1":"product","2":"type-product","3":"status-publish","4":"has-post-thumbnail","6":"pwb-brand-iflight","7":"product_cat-drones-fpv","8":"product_cat-rtf-montados","10":"first","11":"instock","12":"taxable","13":"shipping-taxable","14":"purchasable","15":"product-type-variable"},"barcode":null,"atum_controlled":true,"out_stock_date":null,"out_stock_threshold":null,"inheritable":true,"stock_on_hold":0,"sold_today":0,"sales_last_days":0,"out_stock_days":null,"lost_sales":0,"update_date":"2026-04-27T19:43:53","atum_locations":[],"atum_stock_status":"instock","restock_status":false,"low_stock_amount":"","sales_update_date":"2026-04-27T19:43:53","calc_backorders":null,"yoast_head":"<!-- This site is optimized with the Yoast SEO plugin v27.3 - https:\/\/yoast.com\/product\/yoast-seo-wordpress\/ -->\n<title>Nazgul Evoque F5 V2 O4 6S HD - Iha Race<\/title>\n<meta name=\"robots\" content=\"index, follow, max-snippet:-1, max-image-preview:large, max-video-preview:-1\" \/>\n<link rel=\"canonical\" href=\"https:\/\/iha-race.com\/it\/prodotto\/iflight-nazgul-evoque-f5d-v2-6s-hd\/\" \/>\n<meta property=\"og:locale\" content=\"it_IT\" \/>\n<meta property=\"og:type\" content=\"article\" \/>\n<meta property=\"og:title\" content=\"Nazgul Evoque F5 V2 O4 6S HD - Iha Race\" \/>\n<meta property=\"og:description\" content=\"SPEDIZIONE DA 7 A 10 GIORNI DOPO L&#039;ACQUISTO\" \/>\n<meta property=\"og:url\" content=\"https:\/\/iha-race.com\/it\/prodotto\/iflight-nazgul-evoque-f5d-v2-6s-hd\/\" \/>\n<meta property=\"og:site_name\" content=\"Iha Race\" \/>\n<meta property=\"article:modified_time\" content=\"2025-07-06T09:45:09+00:00\" \/>\n<meta property=\"og:image\" content=\"https:\/\/iha-race.com\/wp-content\/uploads\/2024\/02\/Nazgul-Evoque-F5D-V2-6S-HD-deadcat.png\" \/>\n\t<meta property=\"og:image:width\" content=\"1000\" \/>\n\t<meta property=\"og:image:height\" content=\"1000\" \/>\n\t<meta property=\"og:image:type\" content=\"image\/png\" \/>\n<meta name=\"twitter:card\" content=\"summary_large_image\" \/>\n<meta name=\"twitter:label1\" content=\"Tempo di lettura stimato\" \/>\n\t<meta name=\"twitter:data1\" content=\"5 minuti\" \/>\n<script type=\"application\/ld+json\" class=\"yoast-schema-graph\">{\"@context\":\"https:\\\/\\\/schema.org\",\"@graph\":[{\"@type\":\"WebPage\",\"@id\":\"https:\\\/\\\/iha-race.com\\\/it\\\/prodotto\\\/iflight-nazgul-evoque-f5d-v2-6s-hd\\\/\",\"url\":\"https:\\\/\\\/iha-race.com\\\/it\\\/prodotto\\\/iflight-nazgul-evoque-f5d-v2-6s-hd\\\/\",\"name\":\"Nazgul Evoque F5 V2 O4 6S HD - Iha Race\",\"isPartOf\":{\"@id\":\"https:\\\/\\\/iha-race.com\\\/it\\\/#website\"},\"primaryImageOfPage\":{\"@id\":\"https:\\\/\\\/iha-race.com\\\/it\\\/prodotto\\\/iflight-nazgul-evoque-f5d-v2-6s-hd\\\/#primaryimage\"},\"image\":{\"@id\":\"https:\\\/\\\/iha-race.com\\\/it\\\/prodotto\\\/iflight-nazgul-evoque-f5d-v2-6s-hd\\\/#primaryimage\"},\"thumbnailUrl\":\"https:\\\/\\\/iha-race.com\\\/wp-content\\\/uploads\\\/2024\\\/02\\\/Nazgul-Evoque-F5D-V2-6S-HD-deadcat.png\",\"datePublished\":\"2024-02-07T17:24:25+00:00\",\"dateModified\":\"2025-07-06T09:45:09+00:00\",\"breadcrumb\":{\"@id\":\"https:\\\/\\\/iha-race.com\\\/it\\\/prodotto\\\/iflight-nazgul-evoque-f5d-v2-6s-hd\\\/#breadcrumb\"},\"inLanguage\":\"it-IT\",\"potentialAction\":[{\"@type\":\"ReadAction\",\"target\":[\"https:\\\/\\\/iha-race.com\\\/it\\\/prodotto\\\/iflight-nazgul-evoque-f5d-v2-6s-hd\\\/\"]}]},{\"@type\":\"ImageObject\",\"inLanguage\":\"it-IT\",\"@id\":\"https:\\\/\\\/iha-race.com\\\/it\\\/prodotto\\\/iflight-nazgul-evoque-f5d-v2-6s-hd\\\/#primaryimage\",\"url\":\"https:\\\/\\\/iha-race.com\\\/wp-content\\\/uploads\\\/2024\\\/02\\\/Nazgul-Evoque-F5D-V2-6S-HD-deadcat.png\",\"contentUrl\":\"https:\\\/\\\/iha-race.com\\\/wp-content\\\/uploads\\\/2024\\\/02\\\/Nazgul-Evoque-F5D-V2-6S-HD-deadcat.png\",\"width\":1000,\"height\":1000},{\"@type\":\"BreadcrumbList\",\"@id\":\"https:\\\/\\\/iha-race.com\\\/it\\\/prodotto\\\/iflight-nazgul-evoque-f5d-v2-6s-hd\\\/#breadcrumb\",\"itemListElement\":[{\"@type\":\"ListItem\",\"position\":1,\"name\":\"Portada\",\"item\":\"https:\\\/\\\/iha-race.com\\\/it\\\/\"},{\"@type\":\"ListItem\",\"position\":2,\"name\":\"Negozio\",\"item\":\"https:\\\/\\\/iha-race.com\\\/it\\\/negozio\\\/\"},{\"@type\":\"ListItem\",\"position\":3,\"name\":\"Nazgul Evoque F5 V2 O4 6S HD\"}]},{\"@type\":\"WebSite\",\"@id\":\"https:\\\/\\\/iha-race.com\\\/it\\\/#website\",\"url\":\"https:\\\/\\\/iha-race.com\\\/it\\\/\",\"name\":\"Iha Race\",\"description\":\"Comprar drones de carreras FPV env\u00edos en un d\u00eda desde Espa\u00f1a\",\"publisher\":{\"@id\":\"https:\\\/\\\/iha-race.com\\\/it\\\/#organization\"},\"potentialAction\":[{\"@type\":\"SearchAction\",\"target\":{\"@type\":\"EntryPoint\",\"urlTemplate\":\"https:\\\/\\\/iha-race.com\\\/it\\\/?s={search_term_string}\"},\"query-input\":{\"@type\":\"PropertyValueSpecification\",\"valueRequired\":true,\"valueName\":\"search_term_string\"}}],\"inLanguage\":\"it-IT\"},{\"@type\":\"Organization\",\"@id\":\"https:\\\/\\\/iha-race.com\\\/it\\\/#organization\",\"name\":\"Iha Race\",\"url\":\"https:\\\/\\\/iha-race.com\\\/it\\\/\",\"logo\":{\"@type\":\"ImageObject\",\"inLanguage\":\"it-IT\",\"@id\":\"https:\\\/\\\/iha-race.com\\\/it\\\/#\\\/schema\\\/logo\\\/image\\\/\",\"url\":\"https:\\\/\\\/iha-race.com\\\/wp-content\\\/uploads\\\/2018\\\/07\\\/iha-race-drones-de-carreras-tienda-comprar-drones.png\",\"contentUrl\":\"https:\\\/\\\/iha-race.com\\\/wp-content\\\/uploads\\\/2018\\\/07\\\/iha-race-drones-de-carreras-tienda-comprar-drones.png\",\"width\":300,\"height\":100,\"caption\":\"Iha Race\"},\"image\":{\"@id\":\"https:\\\/\\\/iha-race.com\\\/it\\\/#\\\/schema\\\/logo\\\/image\\\/\"}}]}<\/script>\n<!-- \/ Yoast SEO plugin. -->","yoast_head_json":{"title":"Nazgul Evoque F5 V2 O4 6S HD - Iha Race","robots":{"index":"index","follow":"follow","max-snippet":"max-snippet:-1","max-image-preview":"max-image-preview:large","max-video-preview":"max-video-preview:-1"},"canonical":"https:\/\/iha-race.com\/it\/prodotto\/iflight-nazgul-evoque-f5d-v2-6s-hd\/","og_locale":"it_IT","og_type":"article","og_title":"Nazgul Evoque F5 V2 O4 6S HD - Iha Race","og_description":"SPEDIZIONE DA 7 A 10 GIORNI DOPO L'ACQUISTO","og_url":"https:\/\/iha-race.com\/it\/prodotto\/iflight-nazgul-evoque-f5d-v2-6s-hd\/","og_site_name":"Iha Race","article_modified_time":"2025-07-06T09:45:09+00:00","og_image":[{"width":1000,"height":1000,"url":"https:\/\/iha-race.com\/wp-content\/uploads\/2024\/02\/Nazgul-Evoque-F5D-V2-6S-HD-deadcat.png","type":"image\/png"}],"twitter_card":"summary_large_image","twitter_misc":{"Tempo di lettura stimato":"5 minuti"},"schema":{"@context":"https:\/\/schema.org","@graph":[{"@type":"WebPage","@id":"https:\/\/iha-race.com\/it\/prodotto\/iflight-nazgul-evoque-f5d-v2-6s-hd\/","url":"https:\/\/iha-race.com\/it\/prodotto\/iflight-nazgul-evoque-f5d-v2-6s-hd\/","name":"Nazgul Evoque F5 V2 O4 6S HD - Iha Race","isPartOf":{"@id":"https:\/\/iha-race.com\/it\/#website"},"primaryImageOfPage":{"@id":"https:\/\/iha-race.com\/it\/prodotto\/iflight-nazgul-evoque-f5d-v2-6s-hd\/#primaryimage"},"image":{"@id":"https:\/\/iha-race.com\/it\/prodotto\/iflight-nazgul-evoque-f5d-v2-6s-hd\/#primaryimage"},"thumbnailUrl":"https:\/\/iha-race.com\/wp-content\/uploads\/2024\/02\/Nazgul-Evoque-F5D-V2-6S-HD-deadcat.png","datePublished":"2024-02-07T17:24:25+00:00","dateModified":"2025-07-06T09:45:09+00:00","breadcrumb":{"@id":"https:\/\/iha-race.com\/it\/prodotto\/iflight-nazgul-evoque-f5d-v2-6s-hd\/#breadcrumb"},"inLanguage":"it-IT","potentialAction":[{"@type":"ReadAction","target":["https:\/\/iha-race.com\/it\/prodotto\/iflight-nazgul-evoque-f5d-v2-6s-hd\/"]}]},{"@type":"ImageObject","inLanguage":"it-IT","@id":"https:\/\/iha-race.com\/it\/prodotto\/iflight-nazgul-evoque-f5d-v2-6s-hd\/#primaryimage","url":"https:\/\/iha-race.com\/wp-content\/uploads\/2024\/02\/Nazgul-Evoque-F5D-V2-6S-HD-deadcat.png","contentUrl":"https:\/\/iha-race.com\/wp-content\/uploads\/2024\/02\/Nazgul-Evoque-F5D-V2-6S-HD-deadcat.png","width":1000,"height":1000},{"@type":"BreadcrumbList","@id":"https:\/\/iha-race.com\/it\/prodotto\/iflight-nazgul-evoque-f5d-v2-6s-hd\/#breadcrumb","itemListElement":[{"@type":"ListItem","position":1,"name":"Portada","item":"https:\/\/iha-race.com\/it\/"},{"@type":"ListItem","position":2,"name":"Negozio","item":"https:\/\/iha-race.com\/it\/negozio\/"},{"@type":"ListItem","position":3,"name":"Nazgul Evoque F5 V2 O4 6S HD"}]},{"@type":"WebSite","@id":"https:\/\/iha-race.com\/it\/#website","url":"https:\/\/iha-race.com\/it\/","name":"Iha Race","description":"Comprar drones de carreras FPV env\u00edos en un d\u00eda desde Espa\u00f1a","publisher":{"@id":"https:\/\/iha-race.com\/it\/#organization"},"potentialAction":[{"@type":"SearchAction","target":{"@type":"EntryPoint","urlTemplate":"https:\/\/iha-race.com\/it\/?s={search_term_string}"},"query-input":{"@type":"PropertyValueSpecification","valueRequired":true,"valueName":"search_term_string"}}],"inLanguage":"it-IT"},{"@type":"Organization","@id":"https:\/\/iha-race.com\/it\/#organization","name":"Iha Race","url":"https:\/\/iha-race.com\/it\/","logo":{"@type":"ImageObject","inLanguage":"it-IT","@id":"https:\/\/iha-race.com\/it\/#\/schema\/logo\/image\/","url":"https:\/\/iha-race.com\/wp-content\/uploads\/2018\/07\/iha-race-drones-de-carreras-tienda-comprar-drones.png","contentUrl":"https:\/\/iha-race.com\/wp-content\/uploads\/2018\/07\/iha-race-drones-de-carreras-tienda-comprar-drones.png","width":300,"height":100,"caption":"Iha Race"},"image":{"@id":"https:\/\/iha-race.com\/it\/#\/schema\/logo\/image\/"}}]}},"jetpack_sharing_enabled":true,"brands":[{"id":3571,"name":"iFlight","slug":"iflight"}],"_links":{"self":[{"href":"https:\/\/iha-race.com\/it\/wp-json\/wp\/v2\/product\/244206","targetHints":{"allow":["GET"]}}],"collection":[{"href":"https:\/\/iha-race.com\/it\/wp-json\/wp\/v2\/product"}],"about":[{"href":"https:\/\/iha-race.com\/it\/wp-json\/wp\/v2\/types\/product"}],"replies":[{"embeddable":true,"href":"https:\/\/iha-race.com\/it\/wp-json\/wp\/v2\/comments?post=244206"}],"version-history":[{"count":3,"href":"https:\/\/iha-race.com\/it\/wp-json\/wp\/v2\/product\/244206\/revisions"}],"predecessor-version":[{"id":252929,"href":"https:\/\/iha-race.com\/it\/wp-json\/wp\/v2\/product\/244206\/revisions\/252929"}],"wp:featuredmedia":[{"embeddable":true,"href":"https:\/\/iha-race.com\/it\/wp-json\/wp\/v2\/media\/243790"}],"wp:attachment":[{"href":"https:\/\/iha-race.com\/it\/wp-json\/wp\/v2\/media?parent=244206"}],"wp:term":[{"taxonomy":"pwb-brand","embeddable":true,"href":"https:\/\/iha-race.com\/it\/wp-json\/wp\/v2\/pwb-brand?post=244206"},{"taxonomy":"product_cat","embeddable":true,"href":"https:\/\/iha-race.com\/it\/wp-json\/wp\/v2\/product_cat?post=244206"},{"taxonomy":"product_tag","embeddable":true,"href":"https:\/\/iha-race.com\/it\/wp-json\/wp\/v2\/product_tag?post=244206"}],"curies":[{"name":"wp","href":"https:\/\/api.w.org\/{rel}","templated":true}]}}