{"id":244181,"date":"2024-02-07T18:23:57","date_gmt":"2024-02-07T17:23:57","guid":{"rendered":"https:\/\/iha-race.com\/producto\/iflight-nazgul-evoque-f5x-v2-6s-hd\/"},"modified":"2025-07-06T11:45:08","modified_gmt":"2025-07-06T09:45:08","slug":"iflight-nazgul-evoque-f5x-v2-6s-hd","status":"publish","type":"product","link":"https:\/\/iha-race.com\/it\/prodotto\/iflight-nazgul-evoque-f5x-v2-6s-hd\/","title":{"rendered":"iFlight Nazgul Evoque F5X V2 6S HD"},"content":{"rendered":"<h2>iFlight Nazgul Evoque F5X V2 6S HD<\/h2>\n<p>  Il miglior drone prefabbricato \u00e8 appena diventato migliore! Un altro passo avanti nel campo delle immagini FPV da parte di DJI, grazie al miglioramento della struttura e dell&#8217;elettronica. Un nuovo standard di droni Bind-And-Fly, facile da usare per iniziare, ma con durata e prestazioni per gli appassionati. Benvenuto nell&#8217;esperienza iFlight!  <\/p>\n<div class=\"temp-specs-tr\">\n<div class=\"temp-specs-td value\">\n<h4><b>Motori XING2 fluidi e potenti<\/b><\/h4>\n<p>  L&#8217;ultimo aggiornamento dei nostri motori XING pi\u00f9 venduti: nessun compromesso! Tecnologia unibell (campana in un unico pezzo), albero robusto in lega di titanio con guarnizione della campana rinforzata, campana in alluminio 7075 resistente agli urti, cuscinetti giapponesi NSK lisci e duraturi, magneti ad arco curvo N52H con scanalatura centrale e il nostro XING O-ring di protezione della boccola.  <\/p>\n<h4><b>Il telaio Nazgul definitivo per la massima protezione<\/b><\/h4>\n<p>  Sono finiti i tempi in cui i tuoi dispositivi elettronici venivano ricoperti di sporcizia ed erba bagnata ad ogni incidente. Il nostro telaio di ultima generazione riduce la contaminazione che potrebbe accumularsi nel controller di volo o nell&#8217;ESC, evitando guasti o cortocircuiti. Flusso d&#8217;aria strategico per mantenere i componenti freschi e puliti senza rinunciare a peso e prestazioni. Pannelli laterali illuminati e protezioni in TPU a 360 gradi.  <\/p>\n<h4><b>Trasmissione digitale a bassa latenza dell&#8217;unit\u00e0 aerea DJI O3 HD<\/b><\/h4>\n<p>  La portata della trasmissione video arriva fino a 10 km: goditi una visione chiara e fluida in tempo reale sui tuoi occhiali, anche in ambienti soggetti a interferenze. (Fonte DJI)  <\/p>\n<h4><b>Video stabilizzato 4K con ultragrandangolo da 155\u00b0<\/b><\/h4>\n<p>  Unitamente a prestazioni di imaging di alta qualit\u00e0, offre immagini eccezionali che terranno il tuo pubblico con il fiato sospeso. (Fonte DJI)  <\/p>\n<h4><b>Presa di corrente sicura con filtro antiscintilla<\/b><\/h4>\n<p>  Il collegamento di una batteria pu\u00f2 creare una forte scintilla sul connettore, causata dall&#8217;elevata corrente della batteria che entra prima nel condensatore a bassa ESR e riempie la capacit\u00e0 dell&#8217;ESC. Abbiamo aggiunto un circuito di protezione per prolungare la vita dei connettori XT60 e prevenire rapidi picchi di tensione o di corrente che possono danneggiare i tuoi dispositivi elettronici.  <\/p>\n<h4><b>Dissipatore di calore appositamente progettato per l&#8217;unit\u00e0 aerea DJI O3 HD<\/b><\/h4>\n<p>  Migliori prestazioni di raffreddamento per l&#8217;elevato consumo energetico del trasmettitore video DJI O3. Abbiamo aggiunto un dissipatore di calore CNC personalizzato per un&#8217;eccellente dissipazione del calore senza surriscaldamento, anche a livelli di potenza elevati.  <\/p><\/div>\n<\/div>\n<div class=\"temp-specs-tr\">\n<h3 class=\"temp-specs-td name\">Registro delle modifiche<\/h3>\n<div class=\"temp-specs-td value\">\n<ul>\n<li><b>13 dicembre 2022<\/b>: sono stati progettati nuovi inserti in silicone per sostituire gli inserti in TPU che tengono la camma 03 sui pannelli laterali.<\/li>\n<li><b>20 ottobre 2023<\/b>: la capacit\u00e0 della flash di controllo del volo della Blackbox \u00e8 passata da 16 MB a 8 MB.<\/li>\n<\/ul>\n<\/div>\n<\/div>\n<div class=\"temp-specs-tr\">\n<h3 class=\"temp-specs-td name\">Specifiche tecniche<\/h3>\n<div class=\"temp-specs-td value\">\n<ul>\n<li>Nome prodotto: Evoque F5X V2<\/li>\n<li>FC: Controllore di volo BLITZ Mini F722<\/li>\n<li>ESC: BLITZ Mini E55 4-EN-1 2-6S 55A ESC<\/li>\n<li>Trasmissione video: Unit\u00e0 aerea DJI O3<\/li>\n<li>Interasse del telaio: 225 mm (Squashed X) \/ 223 mm (DeadCat)<\/li>\n<li>Motore: motori XING2 2207<\/li>\n<li>Elica: eliche Nazgul da 5 pollici<\/li>\n<li>Peso: 433g\/436g<\/li>\n<li>Peso al decollo: circa. 693 g\/695 g (con batteria da 1400 mAh)<\/li>\n<li>Dimensioni (L\u00d7L\u00d7L\u00d7A): 190\u00d7136\u00d736 mm<\/li>\n<li>Distanza diagonale: 225 mm<\/li>\n<li>Velocit\u00e0 massima: 190 km\/h (modalit\u00e0 manuale)<\/li>\n<li>it Altitud m\u00e1xima de despegue: 5000 m<\/li>\n<li>Tempo massimo di percorrenza: circa. it 8 minutos<\/li>\n<li>it Distancia m\u00e1xima de vuelo: 5 km<\/li>\n<li>Resistenza massima alla velocit\u00e0 del vento: livello 7<\/li>\n<li>it Rango de temperatura de funcionamiento: -10\u00b0 a 40\u00b0 C (14\u00b0 a 104\u00b0 F)<\/li>\n<li>Antenne: Doppie antenne<\/li>\n<li>GNSS: GPS+SBAS+Galileo+QZSS+Glonass (opzionale)<\/li>\n<\/ul>\n<\/div>\n<\/div>\n<div class=\"temp-specs-tr\">\n<h3 class=\"temp-specs-td name\">it Transmisi\u00f3n de v\u00eddeo<\/h3>\n<div class=\"temp-specs-td value\">\n<ul>\n<li>Nome del prodotto: Unit\u00e0 aerea DJI O3<\/li>\n<li>Peso approssimativo. 36,4 grammi (compreso l&#8217;archetto)<\/li>\n<li>Larghezza di banda di comunicazione: max. 40 MHz<\/li>\n<li>FOV (schermo singolo): 155<\/li>\n<li>Frequenza di comunicazione: 2,400-2,4835 GHz (solo RX) \/ 5,725-5,850 GHz (RX e TX)<\/li>\n<li>Latenza end-to-end<\/li>\n<li>Con occhiali DJI FPV V2:<\/li>\n<li>Qualit\u00e0 di trasmissione video 810p\/120 fps: la latenza \u00e8 inferiore a 28 ms.<\/li>\n<li>Qualit\u00e0 di trasmissione video 810p\/60 fps: la latenza \u00e8 inferiore a 40 ms.<\/li>\n<li>Con occhiali DJI 2:<\/li>\n<li>Qualit\u00e0 di trasmissione video 1080p\/100 fps: la latenza \u00e8 di soli 30 ms.<\/li>\n<li>Qualit\u00e0 di trasmissione video 1080p\/60 fps: la latenza \u00e8 di soli 40 ms.<\/li>\n<li>Velocit\u00e0 massima di trasmissione video: 50 Mbps<\/li>\n<li>Portata massima di trasmissione video: 10 km (FCC), 2 km (CE), 6 km (SRRC)<\/li>\n<li>Intervallo di temperatura operativa: da -10\u00b0 a 40\u00b0 C (da 14\u00b0 a 104\u00b0 F)<\/li>\n<li>Ingresso di alimentazione: 7,4-26,4 V<\/li>\n<li>Trasmissione audio: N\/A<\/li>\n<\/ul>\n<\/div>\n<\/div>\n<div class=\"temp-specs-tr\">\n<h3 class=\"temp-specs-td name\">Il pacchetto comprende<\/h3>\n<div class=\"temp-specs-td value\">\n<ul>\n<li>1 x Evoque F5X 6S HD BNF<\/li>\n<li>2 antenne<\/li>\n<li>1 x cuscinetto per batteria<\/li>\n<li>2 x elica (coppie)<\/li>\n<li>2 x cinghia per batteria<\/li>\n<\/ul>\n<\/div>\n<\/div>\n<p>&nbsp;<\/p>\n","protected":false},"excerpt":{"rendered":"<div class=\"temp-specs-tr\">\n<div class=\"temp-specs-td value\">\n<div class=\"woocommerce-product-details__short-description\">\n<div class=\"short-description\">\n<p><span style=\"color: #ff0000;\"><em><strong>SPEDIZIONE DA 7 A 10 GIORNI DOPO L&#8217;ACQUISTO <\/strong><\/em><\/span><\/p>\n<\/div>\n<\/div>\n<p>&nbsp;<\/p>\n<\/div>\n<\/div>\n","protected":false},"featured_media":243766,"comment_status":"open","ping_status":"closed","template":"","meta":{"_joinchat":[]},"pwb-brand":[3571],"product_cat":[1438,3673],"product_tag":[],"class_list":{"0":"post-244181","1":"product","2":"type-product","3":"status-publish","4":"has-post-thumbnail","6":"pwb-brand-iflight","7":"product_cat-droni-fpv","8":"product_cat-rtf-montato","10":"first","11":"instock","12":"taxable","13":"shipping-taxable","14":"purchasable","15":"product-type-variable"},"barcode":null,"atum_controlled":true,"out_stock_date":null,"out_stock_threshold":null,"inheritable":true,"stock_on_hold":0,"sold_today":0,"sales_last_days":0,"out_stock_days":null,"lost_sales":0,"update_date":"2026-04-16T06:28:54","atum_locations":[],"atum_stock_status":"instock","restock_status":false,"low_stock_amount":"","sales_update_date":"2026-04-16T06:28:54","calc_backorders":null,"yoast_head":"<!-- This site is optimized with the Yoast SEO plugin v27.3 - https:\/\/yoast.com\/product\/yoast-seo-wordpress\/ -->\n<title>iFlight Nazgul Evoque F5X V2 6S HD - Iha Race<\/title>\n<meta name=\"robots\" content=\"index, follow, max-snippet:-1, max-image-preview:large, max-video-preview:-1\" \/>\n<link rel=\"canonical\" href=\"https:\/\/iha-race.com\/it\/prodotto\/iflight-nazgul-evoque-f5x-v2-6s-hd\/\" \/>\n<meta property=\"og:locale\" content=\"it_IT\" \/>\n<meta property=\"og:type\" content=\"article\" \/>\n<meta property=\"og:title\" content=\"iFlight Nazgul Evoque F5X V2 6S HD - Iha Race\" \/>\n<meta property=\"og:description\" content=\"SPEDIZIONE DA 7 A 10 GIORNI DOPO L&#039;ACQUISTO   &nbsp;\" \/>\n<meta property=\"og:url\" content=\"https:\/\/iha-race.com\/it\/prodotto\/iflight-nazgul-evoque-f5x-v2-6s-hd\/\" \/>\n<meta property=\"og:site_name\" content=\"Iha Race\" \/>\n<meta property=\"article:modified_time\" content=\"2025-07-06T09:45:08+00:00\" \/>\n<meta property=\"og:image\" content=\"https:\/\/iha-race.com\/wp-content\/uploads\/2024\/02\/Nazgul-Evoque-F5-V2-6S-HD.png\" \/>\n\t<meta property=\"og:image:width\" content=\"1000\" \/>\n\t<meta property=\"og:image:height\" content=\"1000\" \/>\n\t<meta property=\"og:image:type\" content=\"image\/png\" \/>\n<meta name=\"twitter:card\" content=\"summary_large_image\" \/>\n<meta name=\"twitter:label1\" content=\"Tempo di lettura stimato\" \/>\n\t<meta name=\"twitter:data1\" content=\"3 minuti\" \/>\n<script type=\"application\/ld+json\" class=\"yoast-schema-graph\">{\"@context\":\"https:\\\/\\\/schema.org\",\"@graph\":[{\"@type\":\"WebPage\",\"@id\":\"https:\\\/\\\/iha-race.com\\\/it\\\/prodotto\\\/iflight-nazgul-evoque-f5x-v2-6s-hd\\\/\",\"url\":\"https:\\\/\\\/iha-race.com\\\/it\\\/prodotto\\\/iflight-nazgul-evoque-f5x-v2-6s-hd\\\/\",\"name\":\"iFlight Nazgul Evoque F5X V2 6S HD - Iha Race\",\"isPartOf\":{\"@id\":\"https:\\\/\\\/iha-race.com\\\/it\\\/#website\"},\"primaryImageOfPage\":{\"@id\":\"https:\\\/\\\/iha-race.com\\\/it\\\/prodotto\\\/iflight-nazgul-evoque-f5x-v2-6s-hd\\\/#primaryimage\"},\"image\":{\"@id\":\"https:\\\/\\\/iha-race.com\\\/it\\\/prodotto\\\/iflight-nazgul-evoque-f5x-v2-6s-hd\\\/#primaryimage\"},\"thumbnailUrl\":\"https:\\\/\\\/iha-race.com\\\/wp-content\\\/uploads\\\/2024\\\/02\\\/Nazgul-Evoque-F5-V2-6S-HD.png\",\"datePublished\":\"2024-02-07T17:23:57+00:00\",\"dateModified\":\"2025-07-06T09:45:08+00:00\",\"breadcrumb\":{\"@id\":\"https:\\\/\\\/iha-race.com\\\/it\\\/prodotto\\\/iflight-nazgul-evoque-f5x-v2-6s-hd\\\/#breadcrumb\"},\"inLanguage\":\"it-IT\",\"potentialAction\":[{\"@type\":\"ReadAction\",\"target\":[\"https:\\\/\\\/iha-race.com\\\/it\\\/prodotto\\\/iflight-nazgul-evoque-f5x-v2-6s-hd\\\/\"]}]},{\"@type\":\"ImageObject\",\"inLanguage\":\"it-IT\",\"@id\":\"https:\\\/\\\/iha-race.com\\\/it\\\/prodotto\\\/iflight-nazgul-evoque-f5x-v2-6s-hd\\\/#primaryimage\",\"url\":\"https:\\\/\\\/iha-race.com\\\/wp-content\\\/uploads\\\/2024\\\/02\\\/Nazgul-Evoque-F5-V2-6S-HD.png\",\"contentUrl\":\"https:\\\/\\\/iha-race.com\\\/wp-content\\\/uploads\\\/2024\\\/02\\\/Nazgul-Evoque-F5-V2-6S-HD.png\",\"width\":1000,\"height\":1000},{\"@type\":\"BreadcrumbList\",\"@id\":\"https:\\\/\\\/iha-race.com\\\/it\\\/prodotto\\\/iflight-nazgul-evoque-f5x-v2-6s-hd\\\/#breadcrumb\",\"itemListElement\":[{\"@type\":\"ListItem\",\"position\":1,\"name\":\"Portada\",\"item\":\"https:\\\/\\\/iha-race.com\\\/it\\\/\"},{\"@type\":\"ListItem\",\"position\":2,\"name\":\"Negozio\",\"item\":\"https:\\\/\\\/iha-race.com\\\/it\\\/negozio\\\/\"},{\"@type\":\"ListItem\",\"position\":3,\"name\":\"iFlight Nazgul Evoque F5X V2 6S HD\"}]},{\"@type\":\"WebSite\",\"@id\":\"https:\\\/\\\/iha-race.com\\\/it\\\/#website\",\"url\":\"https:\\\/\\\/iha-race.com\\\/it\\\/\",\"name\":\"Iha Race\",\"description\":\"Comprar drones de carreras FPV env\u00edos en un d\u00eda desde Espa\u00f1a\",\"publisher\":{\"@id\":\"https:\\\/\\\/iha-race.com\\\/it\\\/#organization\"},\"potentialAction\":[{\"@type\":\"SearchAction\",\"target\":{\"@type\":\"EntryPoint\",\"urlTemplate\":\"https:\\\/\\\/iha-race.com\\\/it\\\/?s={search_term_string}\"},\"query-input\":{\"@type\":\"PropertyValueSpecification\",\"valueRequired\":true,\"valueName\":\"search_term_string\"}}],\"inLanguage\":\"it-IT\"},{\"@type\":\"Organization\",\"@id\":\"https:\\\/\\\/iha-race.com\\\/it\\\/#organization\",\"name\":\"Iha Race\",\"url\":\"https:\\\/\\\/iha-race.com\\\/it\\\/\",\"logo\":{\"@type\":\"ImageObject\",\"inLanguage\":\"it-IT\",\"@id\":\"https:\\\/\\\/iha-race.com\\\/it\\\/#\\\/schema\\\/logo\\\/image\\\/\",\"url\":\"https:\\\/\\\/iha-race.com\\\/wp-content\\\/uploads\\\/2018\\\/07\\\/iha-race-drones-de-carreras-tienda-comprar-drones.png\",\"contentUrl\":\"https:\\\/\\\/iha-race.com\\\/wp-content\\\/uploads\\\/2018\\\/07\\\/iha-race-drones-de-carreras-tienda-comprar-drones.png\",\"width\":300,\"height\":100,\"caption\":\"Iha Race\"},\"image\":{\"@id\":\"https:\\\/\\\/iha-race.com\\\/it\\\/#\\\/schema\\\/logo\\\/image\\\/\"}}]}<\/script>\n<!-- \/ Yoast SEO plugin. -->","yoast_head_json":{"title":"iFlight Nazgul Evoque F5X V2 6S HD - Iha Race","robots":{"index":"index","follow":"follow","max-snippet":"max-snippet:-1","max-image-preview":"max-image-preview:large","max-video-preview":"max-video-preview:-1"},"canonical":"https:\/\/iha-race.com\/it\/prodotto\/iflight-nazgul-evoque-f5x-v2-6s-hd\/","og_locale":"it_IT","og_type":"article","og_title":"iFlight Nazgul Evoque F5X V2 6S HD - Iha Race","og_description":"SPEDIZIONE DA 7 A 10 GIORNI DOPO L'ACQUISTO   &nbsp;","og_url":"https:\/\/iha-race.com\/it\/prodotto\/iflight-nazgul-evoque-f5x-v2-6s-hd\/","og_site_name":"Iha Race","article_modified_time":"2025-07-06T09:45:08+00:00","og_image":[{"width":1000,"height":1000,"url":"https:\/\/iha-race.com\/wp-content\/uploads\/2024\/02\/Nazgul-Evoque-F5-V2-6S-HD.png","type":"image\/png"}],"twitter_card":"summary_large_image","twitter_misc":{"Tempo di lettura stimato":"3 minuti"},"schema":{"@context":"https:\/\/schema.org","@graph":[{"@type":"WebPage","@id":"https:\/\/iha-race.com\/it\/prodotto\/iflight-nazgul-evoque-f5x-v2-6s-hd\/","url":"https:\/\/iha-race.com\/it\/prodotto\/iflight-nazgul-evoque-f5x-v2-6s-hd\/","name":"iFlight Nazgul Evoque F5X V2 6S HD - Iha Race","isPartOf":{"@id":"https:\/\/iha-race.com\/it\/#website"},"primaryImageOfPage":{"@id":"https:\/\/iha-race.com\/it\/prodotto\/iflight-nazgul-evoque-f5x-v2-6s-hd\/#primaryimage"},"image":{"@id":"https:\/\/iha-race.com\/it\/prodotto\/iflight-nazgul-evoque-f5x-v2-6s-hd\/#primaryimage"},"thumbnailUrl":"https:\/\/iha-race.com\/wp-content\/uploads\/2024\/02\/Nazgul-Evoque-F5-V2-6S-HD.png","datePublished":"2024-02-07T17:23:57+00:00","dateModified":"2025-07-06T09:45:08+00:00","breadcrumb":{"@id":"https:\/\/iha-race.com\/it\/prodotto\/iflight-nazgul-evoque-f5x-v2-6s-hd\/#breadcrumb"},"inLanguage":"it-IT","potentialAction":[{"@type":"ReadAction","target":["https:\/\/iha-race.com\/it\/prodotto\/iflight-nazgul-evoque-f5x-v2-6s-hd\/"]}]},{"@type":"ImageObject","inLanguage":"it-IT","@id":"https:\/\/iha-race.com\/it\/prodotto\/iflight-nazgul-evoque-f5x-v2-6s-hd\/#primaryimage","url":"https:\/\/iha-race.com\/wp-content\/uploads\/2024\/02\/Nazgul-Evoque-F5-V2-6S-HD.png","contentUrl":"https:\/\/iha-race.com\/wp-content\/uploads\/2024\/02\/Nazgul-Evoque-F5-V2-6S-HD.png","width":1000,"height":1000},{"@type":"BreadcrumbList","@id":"https:\/\/iha-race.com\/it\/prodotto\/iflight-nazgul-evoque-f5x-v2-6s-hd\/#breadcrumb","itemListElement":[{"@type":"ListItem","position":1,"name":"Portada","item":"https:\/\/iha-race.com\/it\/"},{"@type":"ListItem","position":2,"name":"Negozio","item":"https:\/\/iha-race.com\/it\/negozio\/"},{"@type":"ListItem","position":3,"name":"iFlight Nazgul Evoque F5X V2 6S HD"}]},{"@type":"WebSite","@id":"https:\/\/iha-race.com\/it\/#website","url":"https:\/\/iha-race.com\/it\/","name":"Iha Race","description":"Comprar drones de carreras FPV env\u00edos en un d\u00eda desde Espa\u00f1a","publisher":{"@id":"https:\/\/iha-race.com\/it\/#organization"},"potentialAction":[{"@type":"SearchAction","target":{"@type":"EntryPoint","urlTemplate":"https:\/\/iha-race.com\/it\/?s={search_term_string}"},"query-input":{"@type":"PropertyValueSpecification","valueRequired":true,"valueName":"search_term_string"}}],"inLanguage":"it-IT"},{"@type":"Organization","@id":"https:\/\/iha-race.com\/it\/#organization","name":"Iha Race","url":"https:\/\/iha-race.com\/it\/","logo":{"@type":"ImageObject","inLanguage":"it-IT","@id":"https:\/\/iha-race.com\/it\/#\/schema\/logo\/image\/","url":"https:\/\/iha-race.com\/wp-content\/uploads\/2018\/07\/iha-race-drones-de-carreras-tienda-comprar-drones.png","contentUrl":"https:\/\/iha-race.com\/wp-content\/uploads\/2018\/07\/iha-race-drones-de-carreras-tienda-comprar-drones.png","width":300,"height":100,"caption":"Iha Race"},"image":{"@id":"https:\/\/iha-race.com\/it\/#\/schema\/logo\/image\/"}}]}},"brands":[{"id":3571,"name":"iFlight","slug":"iflight"}],"_links":{"self":[{"href":"https:\/\/iha-race.com\/it\/wp-json\/wp\/v2\/product\/244181","targetHints":{"allow":["GET"]}}],"collection":[{"href":"https:\/\/iha-race.com\/it\/wp-json\/wp\/v2\/product"}],"about":[{"href":"https:\/\/iha-race.com\/it\/wp-json\/wp\/v2\/types\/product"}],"replies":[{"embeddable":true,"href":"https:\/\/iha-race.com\/it\/wp-json\/wp\/v2\/comments?post=244181"}],"version-history":[{"count":1,"href":"https:\/\/iha-race.com\/it\/wp-json\/wp\/v2\/product\/244181\/revisions"}],"predecessor-version":[{"id":248370,"href":"https:\/\/iha-race.com\/it\/wp-json\/wp\/v2\/product\/244181\/revisions\/248370"}],"wp:featuredmedia":[{"embeddable":true,"href":"https:\/\/iha-race.com\/it\/wp-json\/wp\/v2\/media\/243766"}],"wp:attachment":[{"href":"https:\/\/iha-race.com\/it\/wp-json\/wp\/v2\/media?parent=244181"}],"wp:term":[{"taxonomy":"pwb-brand","embeddable":true,"href":"https:\/\/iha-race.com\/it\/wp-json\/wp\/v2\/pwb-brand?post=244181"},{"taxonomy":"product_cat","embeddable":true,"href":"https:\/\/iha-race.com\/it\/wp-json\/wp\/v2\/product_cat?post=244181"},{"taxonomy":"product_tag","embeddable":true,"href":"https:\/\/iha-race.com\/it\/wp-json\/wp\/v2\/product_tag?post=244181"}],"curies":[{"name":"wp","href":"https:\/\/api.w.org\/{rel}","templated":true}]}}