{"id":244169,"date":"2024-02-08T17:19:44","date_gmt":"2024-02-08T16:19:44","guid":{"rendered":"https:\/\/iha-race.com\/producto\/dji-terra-electricity-overseas-1-anno-1-dispositivo\/"},"modified":"2024-08-29T11:16:30","modified_gmt":"2024-08-29T09:16:30","slug":"dji-terra-electricity-overseas-1-anno-1-dispositivo","status":"publish","type":"product","link":"https:\/\/iha-race.com\/it\/prodotto\/dji-terra-electricity-overseas-1-anno-1-dispositivo\/","title":{"rendered":"DJI Terra Electricity Overseas 1 anno (1 dispositivo)"},"content":{"rendered":"<h2>DJI Terra Electricity Overseas 1 anno (1 dispositivo)<\/h2>\n<p>  DJI Terra \u00e8 un nuovo strumento software. La sua caratteristica principale \u00e8 quella di trasformare i dati dei droni in modelli digitali e mappe 3D per facilitare l&#8217;analisi e il processo decisionale. DJI Terra consente alle aziende e alle organizzazioni che utilizzano la tecnologia dei droni DJI di acquisire, visualizzare e analizzare le immagini aeree per un&#8217;ampia gamma di applicazioni nei settori della sicurezza pubblica, dell&#8217;edilizia, delle infrastrutture, dell&#8217;agricoltura e del cinema.  <em>&#8220;In qualit\u00e0 di leader nel settore dei droni commerciali, DJI continua a sviluppare soluzioni hardware e software accessibili e facili da usare che aiutano le organizzazioni a trasformare le loro attivit\u00e0 con la tecnologia dei droni e a ottenere un vantaggio competitivo nei loro settori&#8221;,<\/em> ha dichiarato Sunny Liao, Chief Enterprise Officer di DJI.  <em>&#8220;Come soluzione all-in-one per la mappatura e la modellazione, DJI Terra rende semplice ed efficiente l&#8217;estrazione di valore dai dati dei droni, generando conclusioni e raccomandazioni in diversi casi d&#8217;uso, dalla ricostruzione di incidenti alle ispezioni di infrastrutture critiche, passando per la mappatura di campi agricoli e la modellazione di cantieri&#8221;, ha<\/em> aggiunto Sunny Liao<em>.<\/em> <\/p>\n<h3>DJI Terra: pianificazione automatica del volo e acquisizione dei dati<\/h3>\n<p>  DJI Terra aiuta i piloti di droni commerciali a pianificare rapidamente voli automatizzati con diverse opzioni facili da usare, basate sull&#8217;area o sugli oggetti che si vogliono catturare e sul tipo di mappa o modello 3D che si vuole creare. Sono disponibili tre tipi di pianificazione della missione: Area: cattura un&#8217;area specifica in modo semplice e veloce disegnando una zona di volo poligonale personalizzata su una mappa. DJI Terra genera automaticamente opzioni di traiettoria di volo efficienti in base all&#8217;area selezionata. Waypoint: creare traiettorie di volo dinamiche e personalizzate attraverso un&#8217;area o intorno ad oggetti, utilizzando waypoint e parametri regolabili come l&#8217;altitudine, la velocit\u00e0, la direzione, il beccheggio e l&#8217;angolo di inclinazione del velivolo. Per le missioni pi\u00f9 complesse che richiedono una grande attenzione ai dettagli, la funzione di visualizzazione del volo 3D permette di progettare e simulare le missioni su modelli 3D esistenti. Obliquo: acquisire una serie di dati ricchi volando automaticamente pi\u00f9 volte sullo stesso percorso. Ogni volo regola automaticamente l&#8217;angolo della telecamera per catturare nuovi dettagli, fornendo un ulteriore modello 3D nitido dell&#8217;oggetto o della risorsa da pi\u00f9 angolazioni. DJI Terra: mappatura in tempo reale e modelli 3D dettagliati Grazie alle funzionalit\u00e0 di mappatura in tempo reale, DJI Terra consente ai piloti di droni di generare rapidamente mappe orto-mosaico 2D con il drone, ideali per le missioni sensibili al tempo in cui la consapevolezza della situazione \u00e8 fondamentale e le decisioni devono essere prese in pochi minuti. La rapida capacit\u00e0 di elaborazione di DJI Terra crea inoltre rappresentazioni nitide e realistiche di qualsiasi ambiente attraverso ortomosaici 2D dettagliati e ricostruzioni di modelli 3D utilizzati per applicazioni industriali come la ricostruzione di incidenti automobilistici, il monitoraggio dei progressi nei progetti di costruzione o l&#8217;esecuzione di ispezioni su larga scala di infrastrutture critiche su ponti e autostrade. Compatibilit\u00e0 con i velivoli  <\/p>\n<ul>\n<li>DJI Terra \u00e8 compatibile con i droni della serie Phantom 4: Phantom 4 RTK, Phantom 4 Pro V2.0, Phantom 4 Pro + V2.0, Phantom 4 Pro, Phantom 4 Advanced e Phantom 4<\/li>\n<\/ul>\n<p><img decoding=\"async\" src=\"https:\/\/tienda.stockrc.com\/WebRoot\/StoreES2\/Shops\/eb0140\/MediaGallery\/DJI_Terra\/DJI_Terra_1_djiarsmadrid.jpg\" alt=\"DJI_Terra_1_djiarsmadrid\"><img decoding=\"async\" src=\"https:\/\/tienda.stockrc.com\/WebRoot\/StoreES2\/Shops\/eb0140\/MediaGallery\/DJI_Terra\/DJI_Terra_2_djiarsmadrid.jpg\" alt=\"DJI_Terra_2_djiarsmadrid\"><img decoding=\"async\" src=\"https:\/\/tienda.stockrc.com\/WebRoot\/StoreES2\/Shops\/eb0140\/MediaGallery\/DJI_Terra\/DJI_Terra_3_djiarsmadrid.jpg\" alt=\"DJI_Terra_3_djiarsmadrid\"><img decoding=\"async\" src=\"https:\/\/tienda.stockrc.com\/WebRoot\/StoreES2\/Shops\/eb0140\/MediaGallery\/DJI_Terra\/DJI_Terra_4_djiarsmadrid.jpg\" alt=\"DJI_Terra_4_djiarsmadrid\"><img decoding=\"async\" src=\"https:\/\/tienda.stockrc.com\/WebRoot\/StoreES2\/Shops\/eb0140\/MediaGallery\/DJI_Terra\/DJI_Terra_5_djiarsmadrid.jpg\" alt=\"DJI_Terra_5_djiarsmadrid\"><img decoding=\"async\" src=\"https:\/\/tienda.stockrc.com\/WebRoot\/StoreES2\/Shops\/eb0140\/MediaGallery\/DJI_Terra\/DJI_Terra_6_djiarsmadrid.jpg\" alt=\"DJI_Terra_6_djiarsmadrid\"><img decoding=\"async\" src=\"https:\/\/tienda.stockrc.com\/WebRoot\/StoreES2\/Shops\/eb0140\/MediaGallery\/DJI_Terra\/DJI_Terra_7_djiarsmadrid.jpg\" alt=\"DJI_Terra_7_djiarsmadrid\"><img decoding=\"async\" src=\"https:\/\/tienda.stockrc.com\/WebRoot\/StoreES2\/Shops\/eb0140\/MediaGallery\/DJI_Terra\/DJI_Terra_8_djiarsmadrid.jpg\" alt=\"DJI_Terra_8_djiarsmadrid\"><img decoding=\"async\" src=\"https:\/\/tienda.stockrc.com\/WebRoot\/StoreES2\/Shops\/eb0140\/MediaGallery\/DJI_Terra\/DJI_Terra_9_djiarsmadrid.jpg\" alt=\"DJI_Terra_9_djiarsmadrid\"><img decoding=\"async\" src=\"https:\/\/tienda.stockrc.com\/WebRoot\/StoreES2\/Shops\/eb0140\/MediaGallery\/DJI_Terra\/DJI_Terra_10_djiarsmadrid.jpg\" alt=\"DJI_Terra_10_djiarsmadrid\"><img decoding=\"async\" src=\"https:\/\/tienda.stockrc.com\/WebRoot\/StoreES2\/Shops\/eb0140\/MediaGallery\/DJI_Terra\/DJI_Terra_11_djiarsmadrid.jpg\" alt=\"DJI_Terra_11_djiarsmadrid\"><img decoding=\"async\" src=\"https:\/\/tienda.stockrc.com\/WebRoot\/StoreES2\/Shops\/eb0140\/MediaGallery\/DJI_Terra\/DJI_Terra_12_djiarsmadrid.jpg\" alt=\"DJI_Terra_12_djiarsmadrid\"><img decoding=\"async\" src=\"https:\/\/tienda.stockrc.com\/WebRoot\/StoreES2\/Shops\/eb0140\/MediaGallery\/DJI_Terra\/DJI_Terra_13_djiarsmadrid.jpg\" alt=\"DJI_Terra_13_djiarsmadrid\"><img decoding=\"async\" src=\"https:\/\/tienda.stockrc.com\/WebRoot\/StoreES2\/Shops\/eb0140\/MediaGallery\/DJI_Terra\/DJI_Terra_14_djiarsmadrid.jpg\" alt=\"DJI_Terra_14_djiarsmadrid\"><img decoding=\"async\" src=\"https:\/\/tienda.stockrc.com\/WebRoot\/StoreES2\/Shops\/eb0140\/MediaGallery\/DJI_Terra\/DJI_Terra_16_djiarsmadrid.jpg\" alt=\"DJI_Terra_16_djiarsmadrid\"><img decoding=\"async\" src=\"https:\/\/tienda.stockrc.com\/WebRoot\/StoreES2\/Shops\/eb0140\/MediaGallery\/DJI_Terra\/DJI_Terra_17_djiarsmadrid.jpg\" alt=\"DJI_Terra_17_djiarsmadrid\"><img decoding=\"async\" src=\"https:\/\/tienda.stockrc.com\/WebRoot\/StoreES2\/Shops\/eb0140\/MediaGallery\/DJI_Terra\/DJI_Terra_18_djiarsmadrid.jpg\" alt=\"DJI_Terra_18_djiarsmadrid\"><img decoding=\"async\" src=\"https:\/\/tienda.stockrc.com\/WebRoot\/StoreES2\/Shops\/eb0140\/MediaGallery\/DJI_Terra\/DJI_Terra_19_djiarsmadrid.jpg\" alt=\"DJI_Terra_19_djiarsmadrid\"><img decoding=\"async\" src=\"https:\/\/tienda.stockrc.com\/WebRoot\/StoreES2\/Shops\/eb0140\/MediaGallery\/DJI_Terra\/DJI_Terra_21_djiarsmadrid.jpg\" alt=\"DJI_Terra_21_djiarsmadrid\"><img decoding=\"async\" src=\"https:\/\/tienda.stockrc.com\/WebRoot\/StoreES2\/Shops\/eb0140\/MediaGallery\/DJI_Terra\/DJI_Terra_22_djiarsmadrid.jpg\" alt=\"DJI_Terra_22_djiarsmadrid\"><img decoding=\"async\" src=\"https:\/\/tienda.stockrc.com\/WebRoot\/StoreES2\/Shops\/eb0140\/MediaGallery\/DJI_Terra\/DJI_Terra_23_djiarsmadrid.jpg\" alt=\"DJI_Terra_23_djiarsmadrid\"><img decoding=\"async\" src=\"https:\/\/tienda.stockrc.com\/WebRoot\/StoreES2\/Shops\/eb0140\/MediaGallery\/DJI_Terra\/DJI_Terra_24_djiarsmadrid.jpg\" alt=\"DJI_Terra_24_djiarsmadrid\"><img decoding=\"async\" src=\"https:\/\/tienda.stockrc.com\/WebRoot\/StoreES2\/Shops\/eb0140\/MediaGallery\/DJI_Terra\/DJI_Terra_25_djiarsmadrid.jpg\" alt=\"DJI_Terra_25_djiarsmadrid\"><img decoding=\"async\" src=\"https:\/\/tienda.stockrc.com\/WebRoot\/StoreES2\/Shops\/eb0140\/MediaGallery\/DJI_Terra\/DJI_Terra_26_djiarsmadrid.jpg\" alt=\"DJI_Terra_26_djiarsmadrid\"><\/p>\n","protected":false},"excerpt":{"rendered":"<p>DJI Terra Electricity Overseas 1 anno (1 dispositivo) DJI Terra \u00e8 un nuovo strumento software. La sua caratteristica principale \u00e8 quella di trasformare i dati dei droni in modelli digitali<\/p>\n","protected":false},"featured_media":243826,"comment_status":"open","ping_status":"closed","template":"","meta":{"_joinchat":[]},"pwb-brand":[3567],"product_cat":[3329,3373],"product_tag":[],"class_list":{"0":"post-244169","1":"product","2":"type-product","3":"status-publish","4":"has-post-thumbnail","6":"pwb-brand-dji","7":"product_cat-dji-it","8":"product_cat-dji-professionale","10":"first","11":"instock","12":"taxable","13":"shipping-taxable","14":"purchasable","15":"product-type-simple"},"barcode":null,"atum_controlled":true,"out_stock_date":null,"out_stock_threshold":null,"inheritable":false,"stock_on_hold":0,"sold_today":0,"sales_last_days":0,"out_stock_days":0,"lost_sales":0,"update_date":"2026-04-12T07:50:00","atum_locations":[],"atum_stock_status":"instock","restock_status":false,"low_stock_amount":"","sales_update_date":"2026-04-12T07:50:00","calc_backorders":null,"yoast_head":"<!-- This site is optimized with the Yoast SEO plugin v27.3 - https:\/\/yoast.com\/product\/yoast-seo-wordpress\/ -->\n<title>DJI Terra Electricity Overseas 1 anno (1 dispositivo) - Iha Race<\/title>\n<meta name=\"robots\" content=\"index, follow, max-snippet:-1, max-image-preview:large, max-video-preview:-1\" \/>\n<link rel=\"canonical\" href=\"https:\/\/iha-race.com\/it\/prodotto\/dji-terra-electricity-overseas-1-anno-1-dispositivo\/\" \/>\n<meta property=\"og:locale\" content=\"it_IT\" \/>\n<meta property=\"og:type\" content=\"article\" \/>\n<meta property=\"og:title\" content=\"DJI Terra Electricity Overseas 1 anno (1 dispositivo) - Iha Race\" \/>\n<meta property=\"og:description\" content=\"DJI Terra Electricity Overseas 1 anno (1 dispositivo) DJI Terra \u00e8 un nuovo strumento software. La sua caratteristica principale \u00e8 quella di trasformare i dati dei droni in modelli digitali\" \/>\n<meta property=\"og:url\" content=\"https:\/\/iha-race.com\/it\/prodotto\/dji-terra-electricity-overseas-1-anno-1-dispositivo\/\" \/>\n<meta property=\"og:site_name\" content=\"Iha Race\" \/>\n<meta property=\"article:modified_time\" content=\"2024-08-29T09:16:30+00:00\" \/>\n<meta property=\"og:image\" content=\"https:\/\/iha-race.com\/wp-content\/uploads\/2024\/02\/DJI_Terra_software_stockrc.png\" \/>\n\t<meta property=\"og:image:width\" content=\"738\" \/>\n\t<meta property=\"og:image:height\" content=\"545\" \/>\n\t<meta property=\"og:image:type\" content=\"image\/png\" \/>\n<meta name=\"twitter:card\" content=\"summary_large_image\" \/>\n<meta name=\"twitter:label1\" content=\"Tempo di lettura stimato\" \/>\n\t<meta name=\"twitter:data1\" content=\"3 minuti\" \/>\n<script type=\"application\/ld+json\" class=\"yoast-schema-graph\">{\"@context\":\"https:\\\/\\\/schema.org\",\"@graph\":[{\"@type\":\"WebPage\",\"@id\":\"https:\\\/\\\/iha-race.com\\\/it\\\/prodotto\\\/dji-terra-electricity-overseas-1-anno-1-dispositivo\\\/\",\"url\":\"https:\\\/\\\/iha-race.com\\\/it\\\/prodotto\\\/dji-terra-electricity-overseas-1-anno-1-dispositivo\\\/\",\"name\":\"DJI Terra Electricity Overseas 1 anno (1 dispositivo) - Iha Race\",\"isPartOf\":{\"@id\":\"https:\\\/\\\/iha-race.com\\\/it\\\/#website\"},\"primaryImageOfPage\":{\"@id\":\"https:\\\/\\\/iha-race.com\\\/it\\\/prodotto\\\/dji-terra-electricity-overseas-1-anno-1-dispositivo\\\/#primaryimage\"},\"image\":{\"@id\":\"https:\\\/\\\/iha-race.com\\\/it\\\/prodotto\\\/dji-terra-electricity-overseas-1-anno-1-dispositivo\\\/#primaryimage\"},\"thumbnailUrl\":\"https:\\\/\\\/iha-race.com\\\/wp-content\\\/uploads\\\/2024\\\/02\\\/DJI_Terra_software_stockrc.png\",\"datePublished\":\"2024-02-08T16:19:44+00:00\",\"dateModified\":\"2024-08-29T09:16:30+00:00\",\"breadcrumb\":{\"@id\":\"https:\\\/\\\/iha-race.com\\\/it\\\/prodotto\\\/dji-terra-electricity-overseas-1-anno-1-dispositivo\\\/#breadcrumb\"},\"inLanguage\":\"it-IT\",\"potentialAction\":[{\"@type\":\"ReadAction\",\"target\":[\"https:\\\/\\\/iha-race.com\\\/it\\\/prodotto\\\/dji-terra-electricity-overseas-1-anno-1-dispositivo\\\/\"]}]},{\"@type\":\"ImageObject\",\"inLanguage\":\"it-IT\",\"@id\":\"https:\\\/\\\/iha-race.com\\\/it\\\/prodotto\\\/dji-terra-electricity-overseas-1-anno-1-dispositivo\\\/#primaryimage\",\"url\":\"https:\\\/\\\/iha-race.com\\\/wp-content\\\/uploads\\\/2024\\\/02\\\/DJI_Terra_software_stockrc.png\",\"contentUrl\":\"https:\\\/\\\/iha-race.com\\\/wp-content\\\/uploads\\\/2024\\\/02\\\/DJI_Terra_software_stockrc.png\",\"width\":738,\"height\":545},{\"@type\":\"BreadcrumbList\",\"@id\":\"https:\\\/\\\/iha-race.com\\\/it\\\/prodotto\\\/dji-terra-electricity-overseas-1-anno-1-dispositivo\\\/#breadcrumb\",\"itemListElement\":[{\"@type\":\"ListItem\",\"position\":1,\"name\":\"Portada\",\"item\":\"https:\\\/\\\/iha-race.com\\\/it\\\/\"},{\"@type\":\"ListItem\",\"position\":2,\"name\":\"Negozio\",\"item\":\"https:\\\/\\\/iha-race.com\\\/it\\\/negozio\\\/\"},{\"@type\":\"ListItem\",\"position\":3,\"name\":\"DJI Terra Electricity Overseas 1 anno (1 dispositivo)\"}]},{\"@type\":\"WebSite\",\"@id\":\"https:\\\/\\\/iha-race.com\\\/it\\\/#website\",\"url\":\"https:\\\/\\\/iha-race.com\\\/it\\\/\",\"name\":\"Iha Race\",\"description\":\"Comprar drones de carreras FPV env\u00edos en un d\u00eda desde Espa\u00f1a\",\"publisher\":{\"@id\":\"https:\\\/\\\/iha-race.com\\\/it\\\/#organization\"},\"potentialAction\":[{\"@type\":\"SearchAction\",\"target\":{\"@type\":\"EntryPoint\",\"urlTemplate\":\"https:\\\/\\\/iha-race.com\\\/it\\\/?s={search_term_string}\"},\"query-input\":{\"@type\":\"PropertyValueSpecification\",\"valueRequired\":true,\"valueName\":\"search_term_string\"}}],\"inLanguage\":\"it-IT\"},{\"@type\":\"Organization\",\"@id\":\"https:\\\/\\\/iha-race.com\\\/it\\\/#organization\",\"name\":\"Iha Race\",\"url\":\"https:\\\/\\\/iha-race.com\\\/it\\\/\",\"logo\":{\"@type\":\"ImageObject\",\"inLanguage\":\"it-IT\",\"@id\":\"https:\\\/\\\/iha-race.com\\\/it\\\/#\\\/schema\\\/logo\\\/image\\\/\",\"url\":\"https:\\\/\\\/iha-race.com\\\/wp-content\\\/uploads\\\/2018\\\/07\\\/iha-race-drones-de-carreras-tienda-comprar-drones.png\",\"contentUrl\":\"https:\\\/\\\/iha-race.com\\\/wp-content\\\/uploads\\\/2018\\\/07\\\/iha-race-drones-de-carreras-tienda-comprar-drones.png\",\"width\":300,\"height\":100,\"caption\":\"Iha Race\"},\"image\":{\"@id\":\"https:\\\/\\\/iha-race.com\\\/it\\\/#\\\/schema\\\/logo\\\/image\\\/\"}}]}<\/script>\n<!-- \/ Yoast SEO plugin. -->","yoast_head_json":{"title":"DJI Terra Electricity Overseas 1 anno (1 dispositivo) - Iha Race","robots":{"index":"index","follow":"follow","max-snippet":"max-snippet:-1","max-image-preview":"max-image-preview:large","max-video-preview":"max-video-preview:-1"},"canonical":"https:\/\/iha-race.com\/it\/prodotto\/dji-terra-electricity-overseas-1-anno-1-dispositivo\/","og_locale":"it_IT","og_type":"article","og_title":"DJI Terra Electricity Overseas 1 anno (1 dispositivo) - Iha Race","og_description":"DJI Terra Electricity Overseas 1 anno (1 dispositivo) DJI Terra \u00e8 un nuovo strumento software. La sua caratteristica principale \u00e8 quella di trasformare i dati dei droni in modelli digitali","og_url":"https:\/\/iha-race.com\/it\/prodotto\/dji-terra-electricity-overseas-1-anno-1-dispositivo\/","og_site_name":"Iha Race","article_modified_time":"2024-08-29T09:16:30+00:00","og_image":[{"width":738,"height":545,"url":"https:\/\/iha-race.com\/wp-content\/uploads\/2024\/02\/DJI_Terra_software_stockrc.png","type":"image\/png"}],"twitter_card":"summary_large_image","twitter_misc":{"Tempo di lettura stimato":"3 minuti"},"schema":{"@context":"https:\/\/schema.org","@graph":[{"@type":"WebPage","@id":"https:\/\/iha-race.com\/it\/prodotto\/dji-terra-electricity-overseas-1-anno-1-dispositivo\/","url":"https:\/\/iha-race.com\/it\/prodotto\/dji-terra-electricity-overseas-1-anno-1-dispositivo\/","name":"DJI Terra Electricity Overseas 1 anno (1 dispositivo) - Iha Race","isPartOf":{"@id":"https:\/\/iha-race.com\/it\/#website"},"primaryImageOfPage":{"@id":"https:\/\/iha-race.com\/it\/prodotto\/dji-terra-electricity-overseas-1-anno-1-dispositivo\/#primaryimage"},"image":{"@id":"https:\/\/iha-race.com\/it\/prodotto\/dji-terra-electricity-overseas-1-anno-1-dispositivo\/#primaryimage"},"thumbnailUrl":"https:\/\/iha-race.com\/wp-content\/uploads\/2024\/02\/DJI_Terra_software_stockrc.png","datePublished":"2024-02-08T16:19:44+00:00","dateModified":"2024-08-29T09:16:30+00:00","breadcrumb":{"@id":"https:\/\/iha-race.com\/it\/prodotto\/dji-terra-electricity-overseas-1-anno-1-dispositivo\/#breadcrumb"},"inLanguage":"it-IT","potentialAction":[{"@type":"ReadAction","target":["https:\/\/iha-race.com\/it\/prodotto\/dji-terra-electricity-overseas-1-anno-1-dispositivo\/"]}]},{"@type":"ImageObject","inLanguage":"it-IT","@id":"https:\/\/iha-race.com\/it\/prodotto\/dji-terra-electricity-overseas-1-anno-1-dispositivo\/#primaryimage","url":"https:\/\/iha-race.com\/wp-content\/uploads\/2024\/02\/DJI_Terra_software_stockrc.png","contentUrl":"https:\/\/iha-race.com\/wp-content\/uploads\/2024\/02\/DJI_Terra_software_stockrc.png","width":738,"height":545},{"@type":"BreadcrumbList","@id":"https:\/\/iha-race.com\/it\/prodotto\/dji-terra-electricity-overseas-1-anno-1-dispositivo\/#breadcrumb","itemListElement":[{"@type":"ListItem","position":1,"name":"Portada","item":"https:\/\/iha-race.com\/it\/"},{"@type":"ListItem","position":2,"name":"Negozio","item":"https:\/\/iha-race.com\/it\/negozio\/"},{"@type":"ListItem","position":3,"name":"DJI Terra Electricity Overseas 1 anno (1 dispositivo)"}]},{"@type":"WebSite","@id":"https:\/\/iha-race.com\/it\/#website","url":"https:\/\/iha-race.com\/it\/","name":"Iha Race","description":"Comprar drones de carreras FPV env\u00edos en un d\u00eda desde Espa\u00f1a","publisher":{"@id":"https:\/\/iha-race.com\/it\/#organization"},"potentialAction":[{"@type":"SearchAction","target":{"@type":"EntryPoint","urlTemplate":"https:\/\/iha-race.com\/it\/?s={search_term_string}"},"query-input":{"@type":"PropertyValueSpecification","valueRequired":true,"valueName":"search_term_string"}}],"inLanguage":"it-IT"},{"@type":"Organization","@id":"https:\/\/iha-race.com\/it\/#organization","name":"Iha Race","url":"https:\/\/iha-race.com\/it\/","logo":{"@type":"ImageObject","inLanguage":"it-IT","@id":"https:\/\/iha-race.com\/it\/#\/schema\/logo\/image\/","url":"https:\/\/iha-race.com\/wp-content\/uploads\/2018\/07\/iha-race-drones-de-carreras-tienda-comprar-drones.png","contentUrl":"https:\/\/iha-race.com\/wp-content\/uploads\/2018\/07\/iha-race-drones-de-carreras-tienda-comprar-drones.png","width":300,"height":100,"caption":"Iha Race"},"image":{"@id":"https:\/\/iha-race.com\/it\/#\/schema\/logo\/image\/"}}]}},"brands":[{"id":3567,"name":"DJI","slug":"dji"}],"_links":{"self":[{"href":"https:\/\/iha-race.com\/it\/wp-json\/wp\/v2\/product\/244169","targetHints":{"allow":["GET"]}}],"collection":[{"href":"https:\/\/iha-race.com\/it\/wp-json\/wp\/v2\/product"}],"about":[{"href":"https:\/\/iha-race.com\/it\/wp-json\/wp\/v2\/types\/product"}],"replies":[{"embeddable":true,"href":"https:\/\/iha-race.com\/it\/wp-json\/wp\/v2\/comments?post=244169"}],"version-history":[{"count":2,"href":"https:\/\/iha-race.com\/it\/wp-json\/wp\/v2\/product\/244169\/revisions"}],"predecessor-version":[{"id":248373,"href":"https:\/\/iha-race.com\/it\/wp-json\/wp\/v2\/product\/244169\/revisions\/248373"}],"wp:featuredmedia":[{"embeddable":true,"href":"https:\/\/iha-race.com\/it\/wp-json\/wp\/v2\/media\/243826"}],"wp:attachment":[{"href":"https:\/\/iha-race.com\/it\/wp-json\/wp\/v2\/media?parent=244169"}],"wp:term":[{"taxonomy":"pwb-brand","embeddable":true,"href":"https:\/\/iha-race.com\/it\/wp-json\/wp\/v2\/pwb-brand?post=244169"},{"taxonomy":"product_cat","embeddable":true,"href":"https:\/\/iha-race.com\/it\/wp-json\/wp\/v2\/product_cat?post=244169"},{"taxonomy":"product_tag","embeddable":true,"href":"https:\/\/iha-race.com\/it\/wp-json\/wp\/v2\/product_tag?post=244169"}],"curies":[{"name":"wp","href":"https:\/\/api.w.org\/{rel}","templated":true}]}}