{"id":243654,"date":"2024-01-10T16:57:53","date_gmt":"2024-01-10T15:57:53","guid":{"rendered":"https:\/\/iha-race.com\/producto\/piastra-di-esplosione-vtx-tbs\/"},"modified":"2024-08-29T11:14:19","modified_gmt":"2024-08-29T09:14:19","slug":"piastra-di-esplosione-vtx-tbs","status":"publish","type":"product","link":"https:\/\/iha-race.com\/it\/prodotto\/piastra-di-esplosione-vtx-tbs\/","title":{"rendered":"Piastra di esplosione VTX Tbs"},"content":{"rendered":"<h2>Piastra di esplosione VTX Tbs<\/h2>\n<p>  La piastra TBS VTX RX \u00e8 progettata per essere montata su divisori di pila con uno schema di montaggio di 30&#215;30 mm. Viene fornito con spine e cavi per facilitare la costruzione e la manutenzione.  <em>*CRSF TX \/ RX tra VTX e RX sono cablati internamente se si collegano tutti i pin.  <\/em><\/p>\n<p><em>Creato da TimoFPV<\/em><\/p>\n<h3 class=\"h1\">Specifiche tecniche<\/h3>\n<table border=\"1\" cellspacing=\"1\" cellpadding=\"1\">\n<tbody>\n<tr>\n<td><strong>Peso<\/strong><\/td>\n<td>1,7g<\/td>\n<\/tr>\n<tr>\n<td><strong>Fori di montaggio<\/strong><\/td>\n<td>M3<\/td>\n<\/tr>\n<tr>\n<td><strong>Spaziatura dei fori di montaggio<\/strong><\/td>\n<td>30 mm<\/td>\n<\/tr>\n<tr>\n<td><strong>Compatibilit\u00e0<\/strong><\/td>\n<td>TBS Unify Pro32 Nano, TBS Crossfire Nano RX<\/td>\n<\/tr>\n<\/tbody>\n<\/table>\n<h3>Schemi di connessione<\/h3>\n<p><img fetchpriority=\"high\" decoding=\"async\" class=\"alignnone wp-image-243175 size-full\" src=\"https:\/\/iha-race.com\/wp-content\/uploads\/2024\/01\/TBS-VTX-RX-PLATE-BLOWOUT-instruccion.jpg\" alt=\"\" width=\"800\" height=\"800\" srcset=\"https:\/\/iha-race.com\/wp-content\/uploads\/2024\/01\/TBS-VTX-RX-PLATE-BLOWOUT-instruccion.jpg 800w, https:\/\/iha-race.com\/wp-content\/uploads\/2024\/01\/TBS-VTX-RX-PLATE-BLOWOUT-instruccion-300x300.jpg 300w, https:\/\/iha-race.com\/wp-content\/uploads\/2024\/01\/TBS-VTX-RX-PLATE-BLOWOUT-instruccion-150x150.jpg 150w, https:\/\/iha-race.com\/wp-content\/uploads\/2024\/01\/TBS-VTX-RX-PLATE-BLOWOUT-instruccion-600x600.jpg 600w, https:\/\/iha-race.com\/wp-content\/uploads\/2024\/01\/TBS-VTX-RX-PLATE-BLOWOUT-instruccion-768x768.jpg 768w, https:\/\/iha-race.com\/wp-content\/uploads\/2024\/01\/TBS-VTX-RX-PLATE-BLOWOUT-instruccion-50x50.jpg 50w, https:\/\/iha-race.com\/wp-content\/uploads\/2024\/01\/TBS-VTX-RX-PLATE-BLOWOUT-instruccion-100x100.jpg 100w, https:\/\/iha-race.com\/wp-content\/uploads\/2024\/01\/TBS-VTX-RX-PLATE-BLOWOUT-instruccion-135x135.jpg 135w\" sizes=\"(max-width: 800px) 100vw, 800px\" \/> <img decoding=\"async\" class=\"alignnone wp-image-243179 size-full\" src=\"https:\/\/iha-race.com\/wp-content\/uploads\/2024\/01\/TBS-VTX-RX-PLATE-BLOWOUT-diagrama.jpg\" alt=\"\" width=\"800\" height=\"800\" srcset=\"https:\/\/iha-race.com\/wp-content\/uploads\/2024\/01\/TBS-VTX-RX-PLATE-BLOWOUT-diagrama.jpg 800w, https:\/\/iha-race.com\/wp-content\/uploads\/2024\/01\/TBS-VTX-RX-PLATE-BLOWOUT-diagrama-300x300.jpg 300w, https:\/\/iha-race.com\/wp-content\/uploads\/2024\/01\/TBS-VTX-RX-PLATE-BLOWOUT-diagrama-150x150.jpg 150w, https:\/\/iha-race.com\/wp-content\/uploads\/2024\/01\/TBS-VTX-RX-PLATE-BLOWOUT-diagrama-600x600.jpg 600w, https:\/\/iha-race.com\/wp-content\/uploads\/2024\/01\/TBS-VTX-RX-PLATE-BLOWOUT-diagrama-768x768.jpg 768w, https:\/\/iha-race.com\/wp-content\/uploads\/2024\/01\/TBS-VTX-RX-PLATE-BLOWOUT-diagrama-50x50.jpg 50w, https:\/\/iha-race.com\/wp-content\/uploads\/2024\/01\/TBS-VTX-RX-PLATE-BLOWOUT-diagrama-100x100.jpg 100w, https:\/\/iha-race.com\/wp-content\/uploads\/2024\/01\/TBS-VTX-RX-PLATE-BLOWOUT-diagrama-135x135.jpg 135w\" sizes=\"(max-width: 800px) 100vw, 800px\" \/><\/p>\n<h3><\/h3>\n<h3><\/h3>\n<h3 class=\"h1\">Il pacchetto comprende<\/h3>\n<ul>\n<li>1 x piastra di montaggio.<\/li>\n<li>3 x pin header.<\/li>\n<li>1 spina a 3 pin con cavi in silicone<\/li>\n<li>1 spina a 6 pin con cavi in silicone<\/li>\n<\/ul>\n","protected":false},"excerpt":{"rendered":"<div>  La piastra TBS VTX RX \u00e8 progettata per essere montata su divisori di pila con uno schema di montaggio di 30&#215;30 mm.  <\/div>\n","protected":false},"featured_media":243161,"comment_status":"open","ping_status":"closed","template":"","meta":{"_joinchat":[]},"pwb-brand":[],"product_cat":[1228],"product_tag":[],"class_list":{"0":"post-243654","1":"product","2":"type-product","3":"status-publish","4":"has-post-thumbnail","6":"product_cat-vtx-vrx","8":"first","9":"instock","10":"taxable","11":"shipping-taxable","12":"purchasable","13":"product-type-simple"},"barcode":null,"atum_controlled":true,"out_stock_date":null,"out_stock_threshold":null,"inheritable":false,"stock_on_hold":0,"sold_today":0,"sales_last_days":0,"out_stock_days":0,"lost_sales":0,"update_date":"2026-04-18T09:21:44","atum_locations":[],"atum_stock_status":"instock","restock_status":false,"low_stock_amount":"","sales_update_date":"2026-04-18T09:21:44","calc_backorders":null,"yoast_head":"<!-- This site is optimized with the Yoast SEO plugin v27.3 - https:\/\/yoast.com\/product\/yoast-seo-wordpress\/ -->\n<title>Piastra di esplosione VTX Tbs - Iha Race<\/title>\n<meta name=\"robots\" content=\"index, follow, max-snippet:-1, max-image-preview:large, max-video-preview:-1\" \/>\n<link rel=\"canonical\" href=\"https:\/\/iha-race.com\/it\/prodotto\/piastra-di-esplosione-vtx-tbs\/\" \/>\n<meta property=\"og:locale\" content=\"it_IT\" \/>\n<meta property=\"og:type\" content=\"article\" \/>\n<meta property=\"og:title\" content=\"Piastra di esplosione VTX Tbs - Iha Race\" \/>\n<meta property=\"og:description\" content=\"La piastra TBS VTX RX \u00e8 progettata per essere montata su divisori di pila con uno schema di montaggio di 30x30 mm.\" \/>\n<meta property=\"og:url\" content=\"https:\/\/iha-race.com\/it\/prodotto\/piastra-di-esplosione-vtx-tbs\/\" \/>\n<meta property=\"og:site_name\" content=\"Iha Race\" \/>\n<meta property=\"article:modified_time\" content=\"2024-08-29T09:14:19+00:00\" \/>\n<meta property=\"og:image\" content=\"https:\/\/iha-race.com\/wp-content\/uploads\/2024\/01\/TBS-VTX-RX-PLATE-BLOWOUT.jpg\" \/>\n\t<meta property=\"og:image:width\" content=\"800\" \/>\n\t<meta property=\"og:image:height\" content=\"800\" \/>\n\t<meta property=\"og:image:type\" content=\"image\/jpeg\" \/>\n<meta name=\"twitter:card\" content=\"summary_large_image\" \/>\n<meta name=\"twitter:label1\" content=\"Tempo di lettura stimato\" \/>\n\t<meta name=\"twitter:data1\" content=\"1 minuto\" \/>\n<script type=\"application\/ld+json\" class=\"yoast-schema-graph\">{\"@context\":\"https:\\\/\\\/schema.org\",\"@graph\":[{\"@type\":\"WebPage\",\"@id\":\"https:\\\/\\\/iha-race.com\\\/it\\\/prodotto\\\/piastra-di-esplosione-vtx-tbs\\\/\",\"url\":\"https:\\\/\\\/iha-race.com\\\/it\\\/prodotto\\\/piastra-di-esplosione-vtx-tbs\\\/\",\"name\":\"Piastra di esplosione VTX Tbs - Iha Race\",\"isPartOf\":{\"@id\":\"https:\\\/\\\/iha-race.com\\\/it\\\/#website\"},\"primaryImageOfPage\":{\"@id\":\"https:\\\/\\\/iha-race.com\\\/it\\\/prodotto\\\/piastra-di-esplosione-vtx-tbs\\\/#primaryimage\"},\"image\":{\"@id\":\"https:\\\/\\\/iha-race.com\\\/it\\\/prodotto\\\/piastra-di-esplosione-vtx-tbs\\\/#primaryimage\"},\"thumbnailUrl\":\"https:\\\/\\\/iha-race.com\\\/wp-content\\\/uploads\\\/2024\\\/01\\\/TBS-VTX-RX-PLATE-BLOWOUT.jpg\",\"datePublished\":\"2024-01-10T15:57:53+00:00\",\"dateModified\":\"2024-08-29T09:14:19+00:00\",\"breadcrumb\":{\"@id\":\"https:\\\/\\\/iha-race.com\\\/it\\\/prodotto\\\/piastra-di-esplosione-vtx-tbs\\\/#breadcrumb\"},\"inLanguage\":\"it-IT\",\"potentialAction\":[{\"@type\":\"ReadAction\",\"target\":[\"https:\\\/\\\/iha-race.com\\\/it\\\/prodotto\\\/piastra-di-esplosione-vtx-tbs\\\/\"]}]},{\"@type\":\"ImageObject\",\"inLanguage\":\"it-IT\",\"@id\":\"https:\\\/\\\/iha-race.com\\\/it\\\/prodotto\\\/piastra-di-esplosione-vtx-tbs\\\/#primaryimage\",\"url\":\"https:\\\/\\\/iha-race.com\\\/wp-content\\\/uploads\\\/2024\\\/01\\\/TBS-VTX-RX-PLATE-BLOWOUT.jpg\",\"contentUrl\":\"https:\\\/\\\/iha-race.com\\\/wp-content\\\/uploads\\\/2024\\\/01\\\/TBS-VTX-RX-PLATE-BLOWOUT.jpg\",\"width\":800,\"height\":800},{\"@type\":\"BreadcrumbList\",\"@id\":\"https:\\\/\\\/iha-race.com\\\/it\\\/prodotto\\\/piastra-di-esplosione-vtx-tbs\\\/#breadcrumb\",\"itemListElement\":[{\"@type\":\"ListItem\",\"position\":1,\"name\":\"Portada\",\"item\":\"https:\\\/\\\/iha-race.com\\\/it\\\/\"},{\"@type\":\"ListItem\",\"position\":2,\"name\":\"Negozio\",\"item\":\"https:\\\/\\\/iha-race.com\\\/it\\\/negozio\\\/\"},{\"@type\":\"ListItem\",\"position\":3,\"name\":\"Piastra di esplosione VTX Tbs\"}]},{\"@type\":\"WebSite\",\"@id\":\"https:\\\/\\\/iha-race.com\\\/it\\\/#website\",\"url\":\"https:\\\/\\\/iha-race.com\\\/it\\\/\",\"name\":\"Iha Race\",\"description\":\"Comprar drones de carreras FPV env\u00edos en un d\u00eda desde Espa\u00f1a\",\"publisher\":{\"@id\":\"https:\\\/\\\/iha-race.com\\\/it\\\/#organization\"},\"potentialAction\":[{\"@type\":\"SearchAction\",\"target\":{\"@type\":\"EntryPoint\",\"urlTemplate\":\"https:\\\/\\\/iha-race.com\\\/it\\\/?s={search_term_string}\"},\"query-input\":{\"@type\":\"PropertyValueSpecification\",\"valueRequired\":true,\"valueName\":\"search_term_string\"}}],\"inLanguage\":\"it-IT\"},{\"@type\":\"Organization\",\"@id\":\"https:\\\/\\\/iha-race.com\\\/it\\\/#organization\",\"name\":\"Iha Race\",\"url\":\"https:\\\/\\\/iha-race.com\\\/it\\\/\",\"logo\":{\"@type\":\"ImageObject\",\"inLanguage\":\"it-IT\",\"@id\":\"https:\\\/\\\/iha-race.com\\\/it\\\/#\\\/schema\\\/logo\\\/image\\\/\",\"url\":\"https:\\\/\\\/iha-race.com\\\/wp-content\\\/uploads\\\/2018\\\/07\\\/iha-race-drones-de-carreras-tienda-comprar-drones.png\",\"contentUrl\":\"https:\\\/\\\/iha-race.com\\\/wp-content\\\/uploads\\\/2018\\\/07\\\/iha-race-drones-de-carreras-tienda-comprar-drones.png\",\"width\":300,\"height\":100,\"caption\":\"Iha Race\"},\"image\":{\"@id\":\"https:\\\/\\\/iha-race.com\\\/it\\\/#\\\/schema\\\/logo\\\/image\\\/\"}}]}<\/script>\n<!-- \/ Yoast SEO plugin. -->","yoast_head_json":{"title":"Piastra di esplosione VTX Tbs - Iha Race","robots":{"index":"index","follow":"follow","max-snippet":"max-snippet:-1","max-image-preview":"max-image-preview:large","max-video-preview":"max-video-preview:-1"},"canonical":"https:\/\/iha-race.com\/it\/prodotto\/piastra-di-esplosione-vtx-tbs\/","og_locale":"it_IT","og_type":"article","og_title":"Piastra di esplosione VTX Tbs - Iha Race","og_description":"La piastra TBS VTX RX \u00e8 progettata per essere montata su divisori di pila con uno schema di montaggio di 30x30 mm.","og_url":"https:\/\/iha-race.com\/it\/prodotto\/piastra-di-esplosione-vtx-tbs\/","og_site_name":"Iha Race","article_modified_time":"2024-08-29T09:14:19+00:00","og_image":[{"width":800,"height":800,"url":"https:\/\/iha-race.com\/wp-content\/uploads\/2024\/01\/TBS-VTX-RX-PLATE-BLOWOUT.jpg","type":"image\/jpeg"}],"twitter_card":"summary_large_image","twitter_misc":{"Tempo di lettura stimato":"1 minuto"},"schema":{"@context":"https:\/\/schema.org","@graph":[{"@type":"WebPage","@id":"https:\/\/iha-race.com\/it\/prodotto\/piastra-di-esplosione-vtx-tbs\/","url":"https:\/\/iha-race.com\/it\/prodotto\/piastra-di-esplosione-vtx-tbs\/","name":"Piastra di esplosione VTX Tbs - Iha Race","isPartOf":{"@id":"https:\/\/iha-race.com\/it\/#website"},"primaryImageOfPage":{"@id":"https:\/\/iha-race.com\/it\/prodotto\/piastra-di-esplosione-vtx-tbs\/#primaryimage"},"image":{"@id":"https:\/\/iha-race.com\/it\/prodotto\/piastra-di-esplosione-vtx-tbs\/#primaryimage"},"thumbnailUrl":"https:\/\/iha-race.com\/wp-content\/uploads\/2024\/01\/TBS-VTX-RX-PLATE-BLOWOUT.jpg","datePublished":"2024-01-10T15:57:53+00:00","dateModified":"2024-08-29T09:14:19+00:00","breadcrumb":{"@id":"https:\/\/iha-race.com\/it\/prodotto\/piastra-di-esplosione-vtx-tbs\/#breadcrumb"},"inLanguage":"it-IT","potentialAction":[{"@type":"ReadAction","target":["https:\/\/iha-race.com\/it\/prodotto\/piastra-di-esplosione-vtx-tbs\/"]}]},{"@type":"ImageObject","inLanguage":"it-IT","@id":"https:\/\/iha-race.com\/it\/prodotto\/piastra-di-esplosione-vtx-tbs\/#primaryimage","url":"https:\/\/iha-race.com\/wp-content\/uploads\/2024\/01\/TBS-VTX-RX-PLATE-BLOWOUT.jpg","contentUrl":"https:\/\/iha-race.com\/wp-content\/uploads\/2024\/01\/TBS-VTX-RX-PLATE-BLOWOUT.jpg","width":800,"height":800},{"@type":"BreadcrumbList","@id":"https:\/\/iha-race.com\/it\/prodotto\/piastra-di-esplosione-vtx-tbs\/#breadcrumb","itemListElement":[{"@type":"ListItem","position":1,"name":"Portada","item":"https:\/\/iha-race.com\/it\/"},{"@type":"ListItem","position":2,"name":"Negozio","item":"https:\/\/iha-race.com\/it\/negozio\/"},{"@type":"ListItem","position":3,"name":"Piastra di esplosione VTX Tbs"}]},{"@type":"WebSite","@id":"https:\/\/iha-race.com\/it\/#website","url":"https:\/\/iha-race.com\/it\/","name":"Iha Race","description":"Comprar drones de carreras FPV env\u00edos en un d\u00eda desde Espa\u00f1a","publisher":{"@id":"https:\/\/iha-race.com\/it\/#organization"},"potentialAction":[{"@type":"SearchAction","target":{"@type":"EntryPoint","urlTemplate":"https:\/\/iha-race.com\/it\/?s={search_term_string}"},"query-input":{"@type":"PropertyValueSpecification","valueRequired":true,"valueName":"search_term_string"}}],"inLanguage":"it-IT"},{"@type":"Organization","@id":"https:\/\/iha-race.com\/it\/#organization","name":"Iha Race","url":"https:\/\/iha-race.com\/it\/","logo":{"@type":"ImageObject","inLanguage":"it-IT","@id":"https:\/\/iha-race.com\/it\/#\/schema\/logo\/image\/","url":"https:\/\/iha-race.com\/wp-content\/uploads\/2018\/07\/iha-race-drones-de-carreras-tienda-comprar-drones.png","contentUrl":"https:\/\/iha-race.com\/wp-content\/uploads\/2018\/07\/iha-race-drones-de-carreras-tienda-comprar-drones.png","width":300,"height":100,"caption":"Iha Race"},"image":{"@id":"https:\/\/iha-race.com\/it\/#\/schema\/logo\/image\/"}}]}},"jetpack_sharing_enabled":true,"brands":[],"_links":{"self":[{"href":"https:\/\/iha-race.com\/it\/wp-json\/wp\/v2\/product\/243654","targetHints":{"allow":["GET"]}}],"collection":[{"href":"https:\/\/iha-race.com\/it\/wp-json\/wp\/v2\/product"}],"about":[{"href":"https:\/\/iha-race.com\/it\/wp-json\/wp\/v2\/types\/product"}],"replies":[{"embeddable":true,"href":"https:\/\/iha-race.com\/it\/wp-json\/wp\/v2\/comments?post=243654"}],"version-history":[{"count":1,"href":"https:\/\/iha-race.com\/it\/wp-json\/wp\/v2\/product\/243654\/revisions"}],"predecessor-version":[{"id":248354,"href":"https:\/\/iha-race.com\/it\/wp-json\/wp\/v2\/product\/243654\/revisions\/248354"}],"wp:featuredmedia":[{"embeddable":true,"href":"https:\/\/iha-race.com\/it\/wp-json\/wp\/v2\/media\/243161"}],"wp:attachment":[{"href":"https:\/\/iha-race.com\/it\/wp-json\/wp\/v2\/media?parent=243654"}],"wp:term":[{"taxonomy":"pwb-brand","embeddable":true,"href":"https:\/\/iha-race.com\/it\/wp-json\/wp\/v2\/pwb-brand?post=243654"},{"taxonomy":"product_cat","embeddable":true,"href":"https:\/\/iha-race.com\/it\/wp-json\/wp\/v2\/product_cat?post=243654"},{"taxonomy":"product_tag","embeddable":true,"href":"https:\/\/iha-race.com\/it\/wp-json\/wp\/v2\/product_tag?post=243654"}],"curies":[{"name":"wp","href":"https:\/\/api.w.org\/{rel}","templated":true}]}}