{"id":243637,"date":"2024-01-10T16:46:25","date_gmt":"2024-01-10T15:46:25","guid":{"rendered":"https:\/\/iha-race.com\/producto\/cavo-dongle-syk-cavo-viola\/"},"modified":"2024-08-29T11:14:15","modified_gmt":"2024-08-29T09:14:15","slug":"cavo-dongle-syk-cavo-viola","status":"publish","type":"product","link":"https:\/\/iha-race.com\/it\/prodotto\/cavo-dongle-syk-cavo-viola\/","title":{"rendered":"Cavo dongle SYK + cavo viola"},"content":{"rendered":"<h2>Cavo dongle SYK + cavo viola<\/h2>\n<p>  Ti presentiamo Syk Dongle, una soluzione intelligente per gli appassionati di FPV che cercano una connessione elettrica facile e veloce per i loro occhiali e la possibilit\u00e0 di ricarica quotidiana. Il dongle Syk \u00e8 un adattatore da XT60 a USB-C progettato per occhiali HD e dispositivi tecnologici di nuova generazione. Se abbinato al cavo USB-C intrecciato in dotazione, il dongle genera una tensione stabilizzata di 8,4 V, in grado di alimentare qualsiasi maschera FPV moderna. Grazie alla clip aggiunta, non \u00e8 pi\u00f9 necessario girarsi, consentendo di concentrarsi sull&#8217;esperienza FPV senza distrazioni. Una delle caratteristiche principali del dongle Syk \u00e8 l&#8217;uscita USB-C, che supporta QC3.0, PD e altro ancora. Ci\u00f2 significa che ora \u00e8 possibile sfruttare al meglio le lipo rimaste, utilizzandole per caricare altri dispositivi tecnologici. D\u00ec addio agli sprechi di energia e approfitta della comodit\u00e0 di riutilizzare le lipo per alimentare i tuoi dispositivi, godendo di velocit\u00e0 di ricarica elevate.  <\/p>\n<h3 class=\"h1\">Specifiche tecniche<\/h3>\n<ul>\n<li><strong>Potenza in ingresso:<\/strong> 2-6S. (Per la ricarica PD, si consiglia di utilizzare 4-6S Lipo)<\/li>\n<li><strong>Potenza di uscita del cavo:<\/strong> 8,4 V stabilizzati.<\/li>\n<li><strong>Protocollo di ricarica:<\/strong> PD 5V, 9V, 12V, Apple, BC1.2, QC 2.0, QC 3.0, Huawei FCP, Samsung: AFC<\/li>\n<li><strong>Peso (senza cavo):<\/strong> 21 g<\/li>\n<\/ul>\n","protected":false},"excerpt":{"rendered":"<p>Cavo dongle SYK + cavo viola Ti presentiamo Syk Dongle, una soluzione intelligente per gli appassionati di FPV che cercano una connessione elettrica facile e veloce per i loro occhiali<\/p>\n","protected":false},"featured_media":243143,"comment_status":"open","ping_status":"closed","template":"","meta":{"_joinchat":[]},"pwb-brand":[],"product_cat":[2453,40],"product_tag":[],"class_list":{"0":"post-243637","1":"product","2":"type-product","3":"status-publish","4":"has-post-thumbnail","6":"product_cat-accesorios-2","7":"product_cat-gafas","9":"first","10":"outofstock","11":"taxable","12":"shipping-taxable","13":"purchasable","14":"product-type-simple"},"barcode":null,"atum_controlled":true,"out_stock_date":"2026-01-13 21:46:23","out_stock_threshold":null,"inheritable":false,"stock_on_hold":0,"sold_today":0,"sales_last_days":0,"out_stock_days":94,"lost_sales":226,"update_date":"2026-04-18T20:30:55","atum_locations":[],"atum_stock_status":"outofstock","restock_status":false,"low_stock_amount":"","sales_update_date":"2026-04-18T20:30:55","calc_backorders":null,"yoast_head":"<!-- This site is optimized with the Yoast SEO plugin v27.3 - https:\/\/yoast.com\/product\/yoast-seo-wordpress\/ -->\n<title>Cavo dongle SYK + cavo viola - Iha Race<\/title>\n<meta name=\"robots\" content=\"index, follow, max-snippet:-1, max-image-preview:large, max-video-preview:-1\" \/>\n<link rel=\"canonical\" href=\"https:\/\/iha-race.com\/it\/prodotto\/cavo-dongle-syk-cavo-viola\/\" \/>\n<meta property=\"og:locale\" content=\"it_IT\" \/>\n<meta property=\"og:type\" content=\"article\" \/>\n<meta property=\"og:title\" content=\"Cavo dongle SYK + cavo viola - Iha Race\" \/>\n<meta property=\"og:description\" content=\"Cavo dongle SYK + cavo viola Ti presentiamo Syk Dongle, una soluzione intelligente per gli appassionati di FPV che cercano una connessione elettrica facile e veloce per i loro occhiali\" \/>\n<meta property=\"og:url\" content=\"https:\/\/iha-race.com\/it\/prodotto\/cavo-dongle-syk-cavo-viola\/\" \/>\n<meta property=\"og:site_name\" content=\"Iha Race\" \/>\n<meta property=\"article:modified_time\" content=\"2024-08-29T09:14:15+00:00\" \/>\n<meta property=\"og:image\" content=\"https:\/\/iha-race.com\/wp-content\/uploads\/2024\/01\/Cable-SYK-dongle-morado.jpg\" \/>\n\t<meta property=\"og:image:width\" content=\"800\" \/>\n\t<meta property=\"og:image:height\" content=\"800\" \/>\n\t<meta property=\"og:image:type\" content=\"image\/jpeg\" \/>\n<meta name=\"twitter:card\" content=\"summary_large_image\" \/>\n<meta name=\"twitter:label1\" content=\"Tempo di lettura stimato\" \/>\n\t<meta name=\"twitter:data1\" content=\"1 minuto\" \/>\n<script type=\"application\/ld+json\" class=\"yoast-schema-graph\">{\"@context\":\"https:\\\/\\\/schema.org\",\"@graph\":[{\"@type\":\"WebPage\",\"@id\":\"https:\\\/\\\/iha-race.com\\\/it\\\/prodotto\\\/cavo-dongle-syk-cavo-viola\\\/\",\"url\":\"https:\\\/\\\/iha-race.com\\\/it\\\/prodotto\\\/cavo-dongle-syk-cavo-viola\\\/\",\"name\":\"Cavo dongle SYK + cavo viola - Iha Race\",\"isPartOf\":{\"@id\":\"https:\\\/\\\/iha-race.com\\\/it\\\/#website\"},\"primaryImageOfPage\":{\"@id\":\"https:\\\/\\\/iha-race.com\\\/it\\\/prodotto\\\/cavo-dongle-syk-cavo-viola\\\/#primaryimage\"},\"image\":{\"@id\":\"https:\\\/\\\/iha-race.com\\\/it\\\/prodotto\\\/cavo-dongle-syk-cavo-viola\\\/#primaryimage\"},\"thumbnailUrl\":\"https:\\\/\\\/iha-race.com\\\/wp-content\\\/uploads\\\/2024\\\/01\\\/Cable-SYK-dongle-morado.jpg\",\"datePublished\":\"2024-01-10T15:46:25+00:00\",\"dateModified\":\"2024-08-29T09:14:15+00:00\",\"breadcrumb\":{\"@id\":\"https:\\\/\\\/iha-race.com\\\/it\\\/prodotto\\\/cavo-dongle-syk-cavo-viola\\\/#breadcrumb\"},\"inLanguage\":\"it-IT\",\"potentialAction\":[{\"@type\":\"ReadAction\",\"target\":[\"https:\\\/\\\/iha-race.com\\\/it\\\/prodotto\\\/cavo-dongle-syk-cavo-viola\\\/\"]}]},{\"@type\":\"ImageObject\",\"inLanguage\":\"it-IT\",\"@id\":\"https:\\\/\\\/iha-race.com\\\/it\\\/prodotto\\\/cavo-dongle-syk-cavo-viola\\\/#primaryimage\",\"url\":\"https:\\\/\\\/iha-race.com\\\/wp-content\\\/uploads\\\/2024\\\/01\\\/Cable-SYK-dongle-morado.jpg\",\"contentUrl\":\"https:\\\/\\\/iha-race.com\\\/wp-content\\\/uploads\\\/2024\\\/01\\\/Cable-SYK-dongle-morado.jpg\",\"width\":800,\"height\":800},{\"@type\":\"BreadcrumbList\",\"@id\":\"https:\\\/\\\/iha-race.com\\\/it\\\/prodotto\\\/cavo-dongle-syk-cavo-viola\\\/#breadcrumb\",\"itemListElement\":[{\"@type\":\"ListItem\",\"position\":1,\"name\":\"Portada\",\"item\":\"https:\\\/\\\/iha-race.com\\\/it\\\/\"},{\"@type\":\"ListItem\",\"position\":2,\"name\":\"Negozio\",\"item\":\"https:\\\/\\\/iha-race.com\\\/it\\\/negozio\\\/\"},{\"@type\":\"ListItem\",\"position\":3,\"name\":\"Cavo dongle SYK + cavo viola\"}]},{\"@type\":\"WebSite\",\"@id\":\"https:\\\/\\\/iha-race.com\\\/it\\\/#website\",\"url\":\"https:\\\/\\\/iha-race.com\\\/it\\\/\",\"name\":\"Iha Race\",\"description\":\"Comprar drones de carreras FPV env\u00edos en un d\u00eda desde Espa\u00f1a\",\"publisher\":{\"@id\":\"https:\\\/\\\/iha-race.com\\\/it\\\/#organization\"},\"potentialAction\":[{\"@type\":\"SearchAction\",\"target\":{\"@type\":\"EntryPoint\",\"urlTemplate\":\"https:\\\/\\\/iha-race.com\\\/it\\\/?s={search_term_string}\"},\"query-input\":{\"@type\":\"PropertyValueSpecification\",\"valueRequired\":true,\"valueName\":\"search_term_string\"}}],\"inLanguage\":\"it-IT\"},{\"@type\":\"Organization\",\"@id\":\"https:\\\/\\\/iha-race.com\\\/it\\\/#organization\",\"name\":\"Iha Race\",\"url\":\"https:\\\/\\\/iha-race.com\\\/it\\\/\",\"logo\":{\"@type\":\"ImageObject\",\"inLanguage\":\"it-IT\",\"@id\":\"https:\\\/\\\/iha-race.com\\\/it\\\/#\\\/schema\\\/logo\\\/image\\\/\",\"url\":\"https:\\\/\\\/iha-race.com\\\/wp-content\\\/uploads\\\/2018\\\/07\\\/iha-race-drones-de-carreras-tienda-comprar-drones.png\",\"contentUrl\":\"https:\\\/\\\/iha-race.com\\\/wp-content\\\/uploads\\\/2018\\\/07\\\/iha-race-drones-de-carreras-tienda-comprar-drones.png\",\"width\":300,\"height\":100,\"caption\":\"Iha Race\"},\"image\":{\"@id\":\"https:\\\/\\\/iha-race.com\\\/it\\\/#\\\/schema\\\/logo\\\/image\\\/\"}}]}<\/script>\n<!-- \/ Yoast SEO plugin. -->","yoast_head_json":{"title":"Cavo dongle SYK + cavo viola - Iha Race","robots":{"index":"index","follow":"follow","max-snippet":"max-snippet:-1","max-image-preview":"max-image-preview:large","max-video-preview":"max-video-preview:-1"},"canonical":"https:\/\/iha-race.com\/it\/prodotto\/cavo-dongle-syk-cavo-viola\/","og_locale":"it_IT","og_type":"article","og_title":"Cavo dongle SYK + cavo viola - Iha Race","og_description":"Cavo dongle SYK + cavo viola Ti presentiamo Syk Dongle, una soluzione intelligente per gli appassionati di FPV che cercano una connessione elettrica facile e veloce per i loro occhiali","og_url":"https:\/\/iha-race.com\/it\/prodotto\/cavo-dongle-syk-cavo-viola\/","og_site_name":"Iha Race","article_modified_time":"2024-08-29T09:14:15+00:00","og_image":[{"width":800,"height":800,"url":"https:\/\/iha-race.com\/wp-content\/uploads\/2024\/01\/Cable-SYK-dongle-morado.jpg","type":"image\/jpeg"}],"twitter_card":"summary_large_image","twitter_misc":{"Tempo di lettura stimato":"1 minuto"},"schema":{"@context":"https:\/\/schema.org","@graph":[{"@type":"WebPage","@id":"https:\/\/iha-race.com\/it\/prodotto\/cavo-dongle-syk-cavo-viola\/","url":"https:\/\/iha-race.com\/it\/prodotto\/cavo-dongle-syk-cavo-viola\/","name":"Cavo dongle SYK + cavo viola - Iha Race","isPartOf":{"@id":"https:\/\/iha-race.com\/it\/#website"},"primaryImageOfPage":{"@id":"https:\/\/iha-race.com\/it\/prodotto\/cavo-dongle-syk-cavo-viola\/#primaryimage"},"image":{"@id":"https:\/\/iha-race.com\/it\/prodotto\/cavo-dongle-syk-cavo-viola\/#primaryimage"},"thumbnailUrl":"https:\/\/iha-race.com\/wp-content\/uploads\/2024\/01\/Cable-SYK-dongle-morado.jpg","datePublished":"2024-01-10T15:46:25+00:00","dateModified":"2024-08-29T09:14:15+00:00","breadcrumb":{"@id":"https:\/\/iha-race.com\/it\/prodotto\/cavo-dongle-syk-cavo-viola\/#breadcrumb"},"inLanguage":"it-IT","potentialAction":[{"@type":"ReadAction","target":["https:\/\/iha-race.com\/it\/prodotto\/cavo-dongle-syk-cavo-viola\/"]}]},{"@type":"ImageObject","inLanguage":"it-IT","@id":"https:\/\/iha-race.com\/it\/prodotto\/cavo-dongle-syk-cavo-viola\/#primaryimage","url":"https:\/\/iha-race.com\/wp-content\/uploads\/2024\/01\/Cable-SYK-dongle-morado.jpg","contentUrl":"https:\/\/iha-race.com\/wp-content\/uploads\/2024\/01\/Cable-SYK-dongle-morado.jpg","width":800,"height":800},{"@type":"BreadcrumbList","@id":"https:\/\/iha-race.com\/it\/prodotto\/cavo-dongle-syk-cavo-viola\/#breadcrumb","itemListElement":[{"@type":"ListItem","position":1,"name":"Portada","item":"https:\/\/iha-race.com\/it\/"},{"@type":"ListItem","position":2,"name":"Negozio","item":"https:\/\/iha-race.com\/it\/negozio\/"},{"@type":"ListItem","position":3,"name":"Cavo dongle SYK + cavo viola"}]},{"@type":"WebSite","@id":"https:\/\/iha-race.com\/it\/#website","url":"https:\/\/iha-race.com\/it\/","name":"Iha Race","description":"Comprar drones de carreras FPV env\u00edos en un d\u00eda desde Espa\u00f1a","publisher":{"@id":"https:\/\/iha-race.com\/it\/#organization"},"potentialAction":[{"@type":"SearchAction","target":{"@type":"EntryPoint","urlTemplate":"https:\/\/iha-race.com\/it\/?s={search_term_string}"},"query-input":{"@type":"PropertyValueSpecification","valueRequired":true,"valueName":"search_term_string"}}],"inLanguage":"it-IT"},{"@type":"Organization","@id":"https:\/\/iha-race.com\/it\/#organization","name":"Iha Race","url":"https:\/\/iha-race.com\/it\/","logo":{"@type":"ImageObject","inLanguage":"it-IT","@id":"https:\/\/iha-race.com\/it\/#\/schema\/logo\/image\/","url":"https:\/\/iha-race.com\/wp-content\/uploads\/2018\/07\/iha-race-drones-de-carreras-tienda-comprar-drones.png","contentUrl":"https:\/\/iha-race.com\/wp-content\/uploads\/2018\/07\/iha-race-drones-de-carreras-tienda-comprar-drones.png","width":300,"height":100,"caption":"Iha Race"},"image":{"@id":"https:\/\/iha-race.com\/it\/#\/schema\/logo\/image\/"}}]}},"jetpack_sharing_enabled":true,"brands":[],"_links":{"self":[{"href":"https:\/\/iha-race.com\/it\/wp-json\/wp\/v2\/product\/243637","targetHints":{"allow":["GET"]}}],"collection":[{"href":"https:\/\/iha-race.com\/it\/wp-json\/wp\/v2\/product"}],"about":[{"href":"https:\/\/iha-race.com\/it\/wp-json\/wp\/v2\/types\/product"}],"replies":[{"embeddable":true,"href":"https:\/\/iha-race.com\/it\/wp-json\/wp\/v2\/comments?post=243637"}],"version-history":[{"count":1,"href":"https:\/\/iha-race.com\/it\/wp-json\/wp\/v2\/product\/243637\/revisions"}],"predecessor-version":[{"id":248348,"href":"https:\/\/iha-race.com\/it\/wp-json\/wp\/v2\/product\/243637\/revisions\/248348"}],"wp:featuredmedia":[{"embeddable":true,"href":"https:\/\/iha-race.com\/it\/wp-json\/wp\/v2\/media\/243143"}],"wp:attachment":[{"href":"https:\/\/iha-race.com\/it\/wp-json\/wp\/v2\/media?parent=243637"}],"wp:term":[{"taxonomy":"pwb-brand","embeddable":true,"href":"https:\/\/iha-race.com\/it\/wp-json\/wp\/v2\/pwb-brand?post=243637"},{"taxonomy":"product_cat","embeddable":true,"href":"https:\/\/iha-race.com\/it\/wp-json\/wp\/v2\/product_cat?post=243637"},{"taxonomy":"product_tag","embeddable":true,"href":"https:\/\/iha-race.com\/it\/wp-json\/wp\/v2\/product_tag?post=243637"}],"curies":[{"name":"wp","href":"https:\/\/api.w.org\/{rel}","templated":true}]}}