{"id":239317,"date":"2023-12-04T18:58:14","date_gmt":"2023-12-04T17:58:14","guid":{"rendered":"https:\/\/iha-race.com\/producto\/custodia-per-drone-compatta-torvol\/"},"modified":"2026-04-20T19:13:40","modified_gmt":"2026-04-20T17:13:40","slug":"torvol-compact-drone-case","status":"publish","type":"product","link":"https:\/\/iha-race.com\/it\/prodotto\/torvol-compact-drone-case\/","title":{"rendered":"Custodia per drone compatta Torvol"},"content":{"rendered":"<h2 class=\"product-name\"><span class=\"h1\">TORVOL CUSTODIA COMPATTA PER DRONE<\/span><\/h2>\n<p><strong>Trasportate in sicurezza il vostro drone compatto.<\/strong>  La custodia Drone Compact Case \u00e8 una soluzione di trasporto protettiva per tutti i tuoi apparecchi drone della serie DJI Mavic (o qualsiasi altro drone simile). Lo scomparto principale contiene tutte le attrezzature del drone. Con un facile accesso al drone, al controller e alle batterie di ricambio, sarete pronti a volare in pochi secondi. Lo scomparto superiore contiene tutti gli accessori necessari per prepararsi al volo. Caricabatterie, cavi e altro ancora. L&#8217;ampia tasca a manicotto \u00e8 perfetta per le schede SD e le eliche di ricambio. 3 divisori imbottiti rimovibili e cinghie elastiche assicurano le vostre preziose attrezzature durante il trasferimento nella prossima sede. E cosa c&#8217;\u00e8 di pi\u00f9? La custodia compatta per drone si adatta perfettamente allo zaino Torvol Drone Explorer, rendendo ancora pi\u00f9 comodo un lungo weekend di volo con il drone.  <\/p>\n<h3>Caratteristiche<\/h3>\n<ul>\n<li>Involucro protettivo in schiuma rigida sulla parte anteriore.<\/li>\n<li>Scomparto principale progettato specificamente per i droni compatti.<\/li>\n<li>Scomparto superiore per cavi di ricarica e parti di ricambio.<\/li>\n<li>Set di divisori interni regolabili.<\/li>\n<li>Protezione cardanica e regolatore dedicato.<\/li>\n<li>Progettato per adattarsi perfettamente allo zaino Torvol Drone Explorer.<\/li>\n<li>Tasca interna per schede SD.<\/li>\n<li>Cinghie di sicurezza per il drone e il controller.<\/li>\n<li>Maniglia di trasporto sulla parte superiore.<\/li>\n<\/ul>\n<h3>Specifiche tecniche<\/h3>\n<ul>\n<li><strong>Peso<\/strong>: 0,6 kg<\/li>\n<li><strong>Dimensioni<\/strong>: 30 \u00d7 18 \u00d7 16,5 cm<\/li>\n<li><strong>Colore<\/strong>: Grigio grafite Torvol \/ Giallo<\/li>\n<li><strong>Dimensioni interne<\/strong>: 28 x 16 x 10 cm<\/li>\n<\/ul>\n<div class=\"price-info\"><\/div>\n","protected":false},"excerpt":{"rendered":"<p>TORVOL CUSTODIA COMPATTA PER DRONE Trasportate in sicurezza il vostro drone compatto. La custodia Drone Compact Case \u00e8 una soluzione di trasporto protettiva per tutti i tuoi apparecchi drone della<\/p>\n","protected":false},"featured_media":239312,"comment_status":"open","ping_status":"closed","template":"","meta":{"_joinchat":[]},"pwb-brand":[],"product_cat":[1106],"product_tag":[],"class_list":{"0":"post-239317","1":"product","2":"type-product","3":"status-publish","4":"has-post-thumbnail","6":"product_cat-accessori","8":"first","9":"instock","10":"taxable","11":"shipping-taxable","12":"purchasable","13":"product-type-simple"},"barcode":null,"atum_controlled":true,"out_stock_date":null,"out_stock_threshold":null,"inheritable":false,"stock_on_hold":0,"sold_today":0,"sales_last_days":0,"out_stock_days":0,"lost_sales":0,"update_date":"2026-04-25T01:01:50","atum_locations":[],"atum_stock_status":"instock","restock_status":false,"low_stock_amount":"","sales_update_date":"2026-04-25T01:01:50","calc_backorders":null,"yoast_head":"<!-- This site is optimized with the Yoast SEO plugin v27.3 - https:\/\/yoast.com\/product\/yoast-seo-wordpress\/ -->\n<title>Custodia per drone compatta Torvol - Iha Race<\/title>\n<meta name=\"robots\" content=\"index, follow, max-snippet:-1, max-image-preview:large, max-video-preview:-1\" \/>\n<link rel=\"canonical\" href=\"https:\/\/iha-race.com\/it\/prodotto\/torvol-compact-drone-case\/\" \/>\n<meta property=\"og:locale\" content=\"it_IT\" \/>\n<meta property=\"og:type\" content=\"article\" \/>\n<meta property=\"og:title\" content=\"Custodia per drone compatta Torvol - Iha Race\" \/>\n<meta property=\"og:description\" content=\"TORVOL CUSTODIA COMPATTA PER DRONE Trasportate in sicurezza il vostro drone compatto. La custodia Drone Compact Case \u00e8 una soluzione di trasporto protettiva per tutti i tuoi apparecchi drone della\" \/>\n<meta property=\"og:url\" content=\"https:\/\/iha-race.com\/it\/prodotto\/torvol-compact-drone-case\/\" \/>\n<meta property=\"og:site_name\" content=\"Iha Race\" \/>\n<meta property=\"article:modified_time\" content=\"2026-04-20T17:13:40+00:00\" \/>\n<meta property=\"og:image\" content=\"https:\/\/iha-race.com\/wp-content\/uploads\/2023\/12\/ESTUCHE-COMPACTO-DRONES-TORVOL.jpg\" \/>\n\t<meta property=\"og:image:width\" content=\"600\" \/>\n\t<meta property=\"og:image:height\" content=\"600\" \/>\n\t<meta property=\"og:image:type\" content=\"image\/jpeg\" \/>\n<meta name=\"twitter:card\" content=\"summary_large_image\" \/>\n<meta name=\"twitter:label1\" content=\"Tempo di lettura stimato\" \/>\n\t<meta name=\"twitter:data1\" content=\"1 minuto\" \/>\n<script type=\"application\/ld+json\" class=\"yoast-schema-graph\">{\"@context\":\"https:\\\/\\\/schema.org\",\"@graph\":[{\"@type\":\"WebPage\",\"@id\":\"https:\\\/\\\/iha-race.com\\\/it\\\/prodotto\\\/torvol-compact-drone-case\\\/\",\"url\":\"https:\\\/\\\/iha-race.com\\\/it\\\/prodotto\\\/torvol-compact-drone-case\\\/\",\"name\":\"Custodia per drone compatta Torvol - Iha Race\",\"isPartOf\":{\"@id\":\"https:\\\/\\\/iha-race.com\\\/it\\\/#website\"},\"primaryImageOfPage\":{\"@id\":\"https:\\\/\\\/iha-race.com\\\/it\\\/prodotto\\\/torvol-compact-drone-case\\\/#primaryimage\"},\"image\":{\"@id\":\"https:\\\/\\\/iha-race.com\\\/it\\\/prodotto\\\/torvol-compact-drone-case\\\/#primaryimage\"},\"thumbnailUrl\":\"https:\\\/\\\/iha-race.com\\\/wp-content\\\/uploads\\\/2023\\\/12\\\/ESTUCHE-COMPACTO-DRONES-TORVOL.jpg\",\"datePublished\":\"2023-12-04T17:58:14+00:00\",\"dateModified\":\"2026-04-20T17:13:40+00:00\",\"breadcrumb\":{\"@id\":\"https:\\\/\\\/iha-race.com\\\/it\\\/prodotto\\\/torvol-compact-drone-case\\\/#breadcrumb\"},\"inLanguage\":\"it-IT\",\"potentialAction\":[{\"@type\":\"ReadAction\",\"target\":[\"https:\\\/\\\/iha-race.com\\\/it\\\/prodotto\\\/torvol-compact-drone-case\\\/\"]}]},{\"@type\":\"ImageObject\",\"inLanguage\":\"it-IT\",\"@id\":\"https:\\\/\\\/iha-race.com\\\/it\\\/prodotto\\\/torvol-compact-drone-case\\\/#primaryimage\",\"url\":\"https:\\\/\\\/iha-race.com\\\/wp-content\\\/uploads\\\/2023\\\/12\\\/ESTUCHE-COMPACTO-DRONES-TORVOL.jpg\",\"contentUrl\":\"https:\\\/\\\/iha-race.com\\\/wp-content\\\/uploads\\\/2023\\\/12\\\/ESTUCHE-COMPACTO-DRONES-TORVOL.jpg\",\"width\":600,\"height\":600},{\"@type\":\"BreadcrumbList\",\"@id\":\"https:\\\/\\\/iha-race.com\\\/it\\\/prodotto\\\/torvol-compact-drone-case\\\/#breadcrumb\",\"itemListElement\":[{\"@type\":\"ListItem\",\"position\":1,\"name\":\"Portada\",\"item\":\"https:\\\/\\\/iha-race.com\\\/it\\\/\"},{\"@type\":\"ListItem\",\"position\":2,\"name\":\"Negozio\",\"item\":\"https:\\\/\\\/iha-race.com\\\/it\\\/negozio\\\/\"},{\"@type\":\"ListItem\",\"position\":3,\"name\":\"Custodia per drone compatta Torvol\"}]},{\"@type\":\"WebSite\",\"@id\":\"https:\\\/\\\/iha-race.com\\\/it\\\/#website\",\"url\":\"https:\\\/\\\/iha-race.com\\\/it\\\/\",\"name\":\"Iha Race\",\"description\":\"Comprar drones de carreras FPV env\u00edos en un d\u00eda desde Espa\u00f1a\",\"publisher\":{\"@id\":\"https:\\\/\\\/iha-race.com\\\/it\\\/#organization\"},\"potentialAction\":[{\"@type\":\"SearchAction\",\"target\":{\"@type\":\"EntryPoint\",\"urlTemplate\":\"https:\\\/\\\/iha-race.com\\\/it\\\/?s={search_term_string}\"},\"query-input\":{\"@type\":\"PropertyValueSpecification\",\"valueRequired\":true,\"valueName\":\"search_term_string\"}}],\"inLanguage\":\"it-IT\"},{\"@type\":\"Organization\",\"@id\":\"https:\\\/\\\/iha-race.com\\\/it\\\/#organization\",\"name\":\"Iha Race\",\"url\":\"https:\\\/\\\/iha-race.com\\\/it\\\/\",\"logo\":{\"@type\":\"ImageObject\",\"inLanguage\":\"it-IT\",\"@id\":\"https:\\\/\\\/iha-race.com\\\/it\\\/#\\\/schema\\\/logo\\\/image\\\/\",\"url\":\"https:\\\/\\\/iha-race.com\\\/wp-content\\\/uploads\\\/2018\\\/07\\\/iha-race-drones-de-carreras-tienda-comprar-drones.png\",\"contentUrl\":\"https:\\\/\\\/iha-race.com\\\/wp-content\\\/uploads\\\/2018\\\/07\\\/iha-race-drones-de-carreras-tienda-comprar-drones.png\",\"width\":300,\"height\":100,\"caption\":\"Iha Race\"},\"image\":{\"@id\":\"https:\\\/\\\/iha-race.com\\\/it\\\/#\\\/schema\\\/logo\\\/image\\\/\"}}]}<\/script>\n<!-- \/ Yoast SEO plugin. -->","yoast_head_json":{"title":"Custodia per drone compatta Torvol - Iha Race","robots":{"index":"index","follow":"follow","max-snippet":"max-snippet:-1","max-image-preview":"max-image-preview:large","max-video-preview":"max-video-preview:-1"},"canonical":"https:\/\/iha-race.com\/it\/prodotto\/torvol-compact-drone-case\/","og_locale":"it_IT","og_type":"article","og_title":"Custodia per drone compatta Torvol - Iha Race","og_description":"TORVOL CUSTODIA COMPATTA PER DRONE Trasportate in sicurezza il vostro drone compatto. La custodia Drone Compact Case \u00e8 una soluzione di trasporto protettiva per tutti i tuoi apparecchi drone della","og_url":"https:\/\/iha-race.com\/it\/prodotto\/torvol-compact-drone-case\/","og_site_name":"Iha Race","article_modified_time":"2026-04-20T17:13:40+00:00","og_image":[{"width":600,"height":600,"url":"https:\/\/iha-race.com\/wp-content\/uploads\/2023\/12\/ESTUCHE-COMPACTO-DRONES-TORVOL.jpg","type":"image\/jpeg"}],"twitter_card":"summary_large_image","twitter_misc":{"Tempo di lettura stimato":"1 minuto"},"schema":{"@context":"https:\/\/schema.org","@graph":[{"@type":"WebPage","@id":"https:\/\/iha-race.com\/it\/prodotto\/torvol-compact-drone-case\/","url":"https:\/\/iha-race.com\/it\/prodotto\/torvol-compact-drone-case\/","name":"Custodia per drone compatta Torvol - Iha Race","isPartOf":{"@id":"https:\/\/iha-race.com\/it\/#website"},"primaryImageOfPage":{"@id":"https:\/\/iha-race.com\/it\/prodotto\/torvol-compact-drone-case\/#primaryimage"},"image":{"@id":"https:\/\/iha-race.com\/it\/prodotto\/torvol-compact-drone-case\/#primaryimage"},"thumbnailUrl":"https:\/\/iha-race.com\/wp-content\/uploads\/2023\/12\/ESTUCHE-COMPACTO-DRONES-TORVOL.jpg","datePublished":"2023-12-04T17:58:14+00:00","dateModified":"2026-04-20T17:13:40+00:00","breadcrumb":{"@id":"https:\/\/iha-race.com\/it\/prodotto\/torvol-compact-drone-case\/#breadcrumb"},"inLanguage":"it-IT","potentialAction":[{"@type":"ReadAction","target":["https:\/\/iha-race.com\/it\/prodotto\/torvol-compact-drone-case\/"]}]},{"@type":"ImageObject","inLanguage":"it-IT","@id":"https:\/\/iha-race.com\/it\/prodotto\/torvol-compact-drone-case\/#primaryimage","url":"https:\/\/iha-race.com\/wp-content\/uploads\/2023\/12\/ESTUCHE-COMPACTO-DRONES-TORVOL.jpg","contentUrl":"https:\/\/iha-race.com\/wp-content\/uploads\/2023\/12\/ESTUCHE-COMPACTO-DRONES-TORVOL.jpg","width":600,"height":600},{"@type":"BreadcrumbList","@id":"https:\/\/iha-race.com\/it\/prodotto\/torvol-compact-drone-case\/#breadcrumb","itemListElement":[{"@type":"ListItem","position":1,"name":"Portada","item":"https:\/\/iha-race.com\/it\/"},{"@type":"ListItem","position":2,"name":"Negozio","item":"https:\/\/iha-race.com\/it\/negozio\/"},{"@type":"ListItem","position":3,"name":"Custodia per drone compatta Torvol"}]},{"@type":"WebSite","@id":"https:\/\/iha-race.com\/it\/#website","url":"https:\/\/iha-race.com\/it\/","name":"Iha Race","description":"Comprar drones de carreras FPV env\u00edos en un d\u00eda desde Espa\u00f1a","publisher":{"@id":"https:\/\/iha-race.com\/it\/#organization"},"potentialAction":[{"@type":"SearchAction","target":{"@type":"EntryPoint","urlTemplate":"https:\/\/iha-race.com\/it\/?s={search_term_string}"},"query-input":{"@type":"PropertyValueSpecification","valueRequired":true,"valueName":"search_term_string"}}],"inLanguage":"it-IT"},{"@type":"Organization","@id":"https:\/\/iha-race.com\/it\/#organization","name":"Iha Race","url":"https:\/\/iha-race.com\/it\/","logo":{"@type":"ImageObject","inLanguage":"it-IT","@id":"https:\/\/iha-race.com\/it\/#\/schema\/logo\/image\/","url":"https:\/\/iha-race.com\/wp-content\/uploads\/2018\/07\/iha-race-drones-de-carreras-tienda-comprar-drones.png","contentUrl":"https:\/\/iha-race.com\/wp-content\/uploads\/2018\/07\/iha-race-drones-de-carreras-tienda-comprar-drones.png","width":300,"height":100,"caption":"Iha Race"},"image":{"@id":"https:\/\/iha-race.com\/it\/#\/schema\/logo\/image\/"}}]}},"brands":[],"_links":{"self":[{"href":"https:\/\/iha-race.com\/it\/wp-json\/wp\/v2\/product\/239317","targetHints":{"allow":["GET"]}}],"collection":[{"href":"https:\/\/iha-race.com\/it\/wp-json\/wp\/v2\/product"}],"about":[{"href":"https:\/\/iha-race.com\/it\/wp-json\/wp\/v2\/types\/product"}],"replies":[{"embeddable":true,"href":"https:\/\/iha-race.com\/it\/wp-json\/wp\/v2\/comments?post=239317"}],"version-history":[{"count":2,"href":"https:\/\/iha-race.com\/it\/wp-json\/wp\/v2\/product\/239317\/revisions"}],"predecessor-version":[{"id":248332,"href":"https:\/\/iha-race.com\/it\/wp-json\/wp\/v2\/product\/239317\/revisions\/248332"}],"wp:featuredmedia":[{"embeddable":true,"href":"https:\/\/iha-race.com\/it\/wp-json\/wp\/v2\/media\/239312"}],"wp:attachment":[{"href":"https:\/\/iha-race.com\/it\/wp-json\/wp\/v2\/media?parent=239317"}],"wp:term":[{"taxonomy":"pwb-brand","embeddable":true,"href":"https:\/\/iha-race.com\/it\/wp-json\/wp\/v2\/pwb-brand?post=239317"},{"taxonomy":"product_cat","embeddable":true,"href":"https:\/\/iha-race.com\/it\/wp-json\/wp\/v2\/product_cat?post=239317"},{"taxonomy":"product_tag","embeddable":true,"href":"https:\/\/iha-race.com\/it\/wp-json\/wp\/v2\/product_tag?post=239317"}],"curies":[{"name":"wp","href":"https:\/\/api.w.org\/{rel}","templated":true}]}}